{"id":12362,"date":"2024-11-12T10:11:17","date_gmt":"2024-11-12T10:11:17","guid":{"rendered":"https:\/\/www.supeinnihonto.com\/product\/marugata-bronce-items\/"},"modified":"2025-12-20T10:28:54","modified_gmt":"2025-12-20T10:28:54","slug":"marugata-bronzo-items","status":"publish","type":"product","link":"https:\/\/www.supeinnihonto.com\/it\/prodotto\/marugata-bronzo-items\/","title":{"rendered":"Marugata bronzo items"},"content":{"rendered":"<p data-start=\"3802\" data-end=\"3817\"><strong data-start=\"3802\" data-end=\"3815\">ARTICOLO:<\/strong><\/p>\n<p data-start=\"3819\" data-end=\"3889\">Fornito con certificato di Supein Nihonto. Include scatola in legno.<\/p>\n<p data-start=\"3891\" data-end=\"4163\">Tsuba in bronzo con bordo in argento, decorato con motivi culturali di uso quotidiano come un vaso per ikebana, una teiera, vasi in legno e conchiglie. Intarsiato con bronzo, argento e oro. Un lavoro molto elaborato per un tsuba estremamente originale. Spesso e pesante.<\/p>\n<p data-start=\"4165\" data-end=\"4177\">7,1 \u00d7 7 cm<\/p>\n<p data-start=\"4179\" data-end=\"4195\"><strong data-start=\"4179\" data-end=\"4193\">CHI SIAMO:<\/strong><\/p>\n<p data-start=\"4197\" data-end=\"5557\">In Supein Nihonto ci impegniamo a offrire spade e armature samurai di alta qualit\u00e0 a prezzi nettamente inferiori rispetto alla concorrenza. Siamo probabilmente il maggiore esportatore in Europa e siamo orgogliosi di annunciare di essere il <strong data-start=\"4437\" data-end=\"4461\">venditore numero uno<\/strong> nelle aste Samurai e giapponesi su Catawiki.<br data-start=\"4506\" data-end=\"4509\" \/>Questo \u00e8 particolarmente importante per evitare tasse e lunghi tempi di attesa, che con i venditori giapponesi possono superare i quattro mesi, oltre a procedure complesse e talvolta problematiche che allungano ulteriormente le consegne, arrivando persino alla restituzione del pacco al mittente, con un aumento di oltre il 35 % sul prezzo finale dovuto a dogane, dazi e commissioni, che incidono sul costo ma non sulla qualit\u00e0 n\u00e9 sul valore di rivendita futura.<br data-start=\"4971\" data-end=\"4974\" \/>Siamo venditori professionali e, pertanto, offriamo una garanzia di soddisfazione, competenza e standard superiori rispetto ai venditori privati, con un servizio post-vendita pi\u00f9 solido. Grazie a ci\u00f2, ai nostri prezzi professionali tra i pi\u00f9 bassi del settore e al nostro metodo di spedizione rapido ed efficiente \u2014 raramente oltre tre giorni in Europa \u2014 siamo certi che apprezzerete questa straordinaria opportunit\u00e0 di possedere un\u2019opera d\u2019arte destinata ad aumentare di valore negli anni e a rappresentare un eccellente investimento. Affidatevi a noi per vivere l\u2019arte dei samurai.<\/p>\n","protected":false},"excerpt":{"rendered":"<p>ARTICOLO: Fornito con certificato di Supein Nihonto. Include scatola in legno. Tsuba in bronzo con bordo in argento, decorato con motivi culturali di uso quotidiano come un vaso per ikebana, una teiera, vasi in legno e conchiglie. Intarsiato con bronzo, argento e oro. Un lavoro molto elaborato per un tsuba [&hellip;]<\/p>\n","protected":false},"featured_media":12363,"template":"","meta":{"jetpack_post_was_ever_published":false},"product_brand":[],"product_cat":[737,733],"product_tag":[772,754,775,765],"class_list":{"0":"post-12362","1":"product","2":"type-product","3":"status-publish","4":"has-post-thumbnail","6":"product_cat-tosogu","7":"product_cat-tsuba","8":"product_tag-hozon","9":"product_tag-katana","10":"product_tag-nbthk","11":"product_tag-tsuba","12":"product_shipping_class-tosogu","14":"first","15":"instock","16":"featured","17":"sold-individually","18":"shipping-taxable","19":"purchasable","20":"product-type-simple"},"yoast_head":"<!-- This site is optimized with the Yoast SEO plugin v27.4 - https:\/\/yoast.com\/product\/yoast-seo-wordpress\/ -->\n<title>Marugata bronzo items - Supein Nihonto<\/title>\n<meta name=\"description\" content=\"Tsuba in bronzo con bordo in argento, decorato con motivi culturali di uso quotidiano come un vaso per ikebana, una teiera, vasi in legno e conchiglie. Intarsiato con bronzo, argento e oro. Un lavoro molto elaborato per un tsuba estremamente originale. Spesso e pesante.7,1 \u00d7 7 cm\" \/>\n<meta name=\"robots\" content=\"index, follow, max-snippet:-1, max-image-preview:large, max-video-preview:-1\" \/>\n<link rel=\"canonical\" href=\"https:\/\/www.supeinnihonto.com\/it\/prodotto\/marugata-bronzo-items\/\" \/>\n<meta property=\"og:locale\" content=\"it_IT\" \/>\n<meta property=\"og:type\" content=\"article\" \/>\n<meta property=\"og:title\" content=\"Marugata bronzo items - Supein Nihonto\" \/>\n<meta property=\"og:description\" content=\"Tsuba in bronzo con bordo in argento, decorato con motivi culturali di uso quotidiano come un vaso per ikebana, una teiera, vasi in legno e conchiglie. Intarsiato con bronzo, argento e oro. Un lavoro molto elaborato per un tsuba estremamente originale. Spesso e pesante.7,1 \u00d7 7 cm\" \/>\n<meta property=\"og:url\" content=\"https:\/\/www.supeinnihonto.com\/it\/prodotto\/marugata-bronzo-items\/\" \/>\n<meta property=\"og:site_name\" content=\"Supein Nihonto\" \/>\n<meta property=\"article:modified_time\" content=\"2025-12-20T10:28:54+00:00\" \/>\n<meta property=\"og:image\" content=\"https:\/\/www.supeinnihonto.com\/wp-content\/uploads\/2024\/11\/DSC1977-scaled.jpg\" \/>\n\t<meta property=\"og:image:width\" content=\"2560\" \/>\n\t<meta property=\"og:image:height\" content=\"1707\" \/>\n\t<meta property=\"og:image:type\" content=\"image\/jpeg\" \/>\n<meta name=\"twitter:card\" content=\"summary_large_image\" \/>\n<meta name=\"twitter:label1\" content=\"Tempo di lettura stimato\" \/>\n\t<meta name=\"twitter:data1\" content=\"2 minuto\" \/>\n<script type=\"application\/ld+json\" class=\"yoast-schema-graph\">{\"@context\":\"https:\\\/\\\/schema.org\",\"@graph\":[{\"@type\":\"WebPage\",\"@id\":\"https:\\\/\\\/www.supeinnihonto.com\\\/it\\\/prodotto\\\/marugata-bronzo-items\\\/\",\"url\":\"https:\\\/\\\/www.supeinnihonto.com\\\/it\\\/prodotto\\\/marugata-bronzo-items\\\/\",\"name\":\"Marugata bronzo items - Supein Nihonto\",\"isPartOf\":{\"@id\":\"https:\\\/\\\/www.supeinnihonto.com\\\/it\\\/#website\"},\"primaryImageOfPage\":{\"@id\":\"https:\\\/\\\/www.supeinnihonto.com\\\/it\\\/prodotto\\\/marugata-bronzo-items\\\/#primaryimage\"},\"image\":{\"@id\":\"https:\\\/\\\/www.supeinnihonto.com\\\/it\\\/prodotto\\\/marugata-bronzo-items\\\/#primaryimage\"},\"thumbnailUrl\":\"https:\\\/\\\/i0.wp.com\\\/www.supeinnihonto.com\\\/wp-content\\\/uploads\\\/2024\\\/11\\\/DSC1977-scaled.jpg?fit=2560%2C1707&ssl=1\",\"datePublished\":\"2024-11-12T10:11:17+00:00\",\"dateModified\":\"2025-12-20T10:28:54+00:00\",\"description\":\"Tsuba in bronzo con bordo in argento, decorato con motivi culturali di uso quotidiano come un vaso per ikebana, una teiera, vasi in legno e conchiglie. Intarsiato con bronzo, argento e oro. Un lavoro molto elaborato per un tsuba estremamente originale. Spesso e pesante.7,1 \u00d7 7 cm\",\"breadcrumb\":{\"@id\":\"https:\\\/\\\/www.supeinnihonto.com\\\/it\\\/prodotto\\\/marugata-bronzo-items\\\/#breadcrumb\"},\"inLanguage\":\"it-IT\",\"potentialAction\":[{\"@type\":\"ReadAction\",\"target\":[\"https:\\\/\\\/www.supeinnihonto.com\\\/it\\\/prodotto\\\/marugata-bronzo-items\\\/\"]}]},{\"@type\":\"ImageObject\",\"inLanguage\":\"it-IT\",\"@id\":\"https:\\\/\\\/www.supeinnihonto.com\\\/it\\\/prodotto\\\/marugata-bronzo-items\\\/#primaryimage\",\"url\":\"https:\\\/\\\/i0.wp.com\\\/www.supeinnihonto.com\\\/wp-content\\\/uploads\\\/2024\\\/11\\\/DSC1977-scaled.jpg?fit=2560%2C1707&ssl=1\",\"contentUrl\":\"https:\\\/\\\/i0.wp.com\\\/www.supeinnihonto.com\\\/wp-content\\\/uploads\\\/2024\\\/11\\\/DSC1977-scaled.jpg?fit=2560%2C1707&ssl=1\",\"width\":2560,\"height\":1707},{\"@type\":\"BreadcrumbList\",\"@id\":\"https:\\\/\\\/www.supeinnihonto.com\\\/it\\\/prodotto\\\/marugata-bronzo-items\\\/#breadcrumb\",\"itemListElement\":[{\"@type\":\"ListItem\",\"position\":1,\"name\":\"Portada\",\"item\":\"https:\\\/\\\/www.supeinnihonto.com\\\/it\\\/\"},{\"@type\":\"ListItem\",\"position\":2,\"name\":\"Shop\",\"item\":\"https:\\\/\\\/www.supeinnihonto.com\\\/it\\\/shop\\\/\"},{\"@type\":\"ListItem\",\"position\":3,\"name\":\"Marugata bronzo items\"}]},{\"@type\":\"WebSite\",\"@id\":\"https:\\\/\\\/www.supeinnihonto.com\\\/it\\\/#website\",\"url\":\"https:\\\/\\\/www.supeinnihonto.com\\\/it\\\/\",\"name\":\"Supein Nihonto\",\"description\":\"Authentic japanese Nihonto katana \",\"publisher\":{\"@id\":\"https:\\\/\\\/www.supeinnihonto.com\\\/it\\\/#organization\"},\"potentialAction\":[{\"@type\":\"SearchAction\",\"target\":{\"@type\":\"EntryPoint\",\"urlTemplate\":\"https:\\\/\\\/www.supeinnihonto.com\\\/it\\\/?s={search_term_string}\"},\"query-input\":{\"@type\":\"PropertyValueSpecification\",\"valueRequired\":true,\"valueName\":\"search_term_string\"}}],\"inLanguage\":\"it-IT\"},{\"@type\":\"Organization\",\"@id\":\"https:\\\/\\\/www.supeinnihonto.com\\\/it\\\/#organization\",\"name\":\"SupeinNihonto\",\"url\":\"https:\\\/\\\/www.supeinnihonto.com\\\/it\\\/\",\"logo\":{\"@type\":\"ImageObject\",\"inLanguage\":\"it-IT\",\"@id\":\"https:\\\/\\\/www.supeinnihonto.com\\\/it\\\/#\\\/schema\\\/logo\\\/image\\\/\",\"url\":\"https:\\\/\\\/www.supeinnihonto.com\\\/wp-content\\\/uploads\\\/2021\\\/11\\\/animation_Default_3szk0jcenoloop.gif\",\"contentUrl\":\"https:\\\/\\\/www.supeinnihonto.com\\\/wp-content\\\/uploads\\\/2021\\\/11\\\/animation_Default_3szk0jcenoloop.gif\",\"width\":750,\"height\":641,\"caption\":\"SupeinNihonto\"},\"image\":{\"@id\":\"https:\\\/\\\/www.supeinnihonto.com\\\/it\\\/#\\\/schema\\\/logo\\\/image\\\/\"}}]}<\/script>\n<!-- \/ Yoast SEO plugin. -->","yoast_head_json":{"title":"Marugata bronzo items - Supein Nihonto","description":"Tsuba in bronzo con bordo in argento, decorato con motivi culturali di uso quotidiano come un vaso per ikebana, una teiera, vasi in legno e conchiglie. Intarsiato con bronzo, argento e oro. Un lavoro molto elaborato per un tsuba estremamente originale. Spesso e pesante.7,1 \u00d7 7 cm","robots":{"index":"index","follow":"follow","max-snippet":"max-snippet:-1","max-image-preview":"max-image-preview:large","max-video-preview":"max-video-preview:-1"},"canonical":"https:\/\/www.supeinnihonto.com\/it\/prodotto\/marugata-bronzo-items\/","og_locale":"it_IT","og_type":"article","og_title":"Marugata bronzo items - Supein Nihonto","og_description":"Tsuba in bronzo con bordo in argento, decorato con motivi culturali di uso quotidiano come un vaso per ikebana, una teiera, vasi in legno e conchiglie. Intarsiato con bronzo, argento e oro. Un lavoro molto elaborato per un tsuba estremamente originale. Spesso e pesante.7,1 \u00d7 7 cm","og_url":"https:\/\/www.supeinnihonto.com\/it\/prodotto\/marugata-bronzo-items\/","og_site_name":"Supein Nihonto","article_modified_time":"2025-12-20T10:28:54+00:00","og_image":[{"width":2560,"height":1707,"url":"https:\/\/www.supeinnihonto.com\/wp-content\/uploads\/2024\/11\/DSC1977-scaled.jpg","type":"image\/jpeg"}],"twitter_card":"summary_large_image","twitter_misc":{"Tempo di lettura stimato":"2 minuto"},"schema":{"@context":"https:\/\/schema.org","@graph":[{"@type":"WebPage","@id":"https:\/\/www.supeinnihonto.com\/it\/prodotto\/marugata-bronzo-items\/","url":"https:\/\/www.supeinnihonto.com\/it\/prodotto\/marugata-bronzo-items\/","name":"Marugata bronzo items - Supein Nihonto","isPartOf":{"@id":"https:\/\/www.supeinnihonto.com\/it\/#website"},"primaryImageOfPage":{"@id":"https:\/\/www.supeinnihonto.com\/it\/prodotto\/marugata-bronzo-items\/#primaryimage"},"image":{"@id":"https:\/\/www.supeinnihonto.com\/it\/prodotto\/marugata-bronzo-items\/#primaryimage"},"thumbnailUrl":"https:\/\/i0.wp.com\/www.supeinnihonto.com\/wp-content\/uploads\/2024\/11\/DSC1977-scaled.jpg?fit=2560%2C1707&ssl=1","datePublished":"2024-11-12T10:11:17+00:00","dateModified":"2025-12-20T10:28:54+00:00","description":"Tsuba in bronzo con bordo in argento, decorato con motivi culturali di uso quotidiano come un vaso per ikebana, una teiera, vasi in legno e conchiglie. Intarsiato con bronzo, argento e oro. Un lavoro molto elaborato per un tsuba estremamente originale. Spesso e pesante.7,1 \u00d7 7 cm","breadcrumb":{"@id":"https:\/\/www.supeinnihonto.com\/it\/prodotto\/marugata-bronzo-items\/#breadcrumb"},"inLanguage":"it-IT","potentialAction":[{"@type":"ReadAction","target":["https:\/\/www.supeinnihonto.com\/it\/prodotto\/marugata-bronzo-items\/"]}]},{"@type":"ImageObject","inLanguage":"it-IT","@id":"https:\/\/www.supeinnihonto.com\/it\/prodotto\/marugata-bronzo-items\/#primaryimage","url":"https:\/\/i0.wp.com\/www.supeinnihonto.com\/wp-content\/uploads\/2024\/11\/DSC1977-scaled.jpg?fit=2560%2C1707&ssl=1","contentUrl":"https:\/\/i0.wp.com\/www.supeinnihonto.com\/wp-content\/uploads\/2024\/11\/DSC1977-scaled.jpg?fit=2560%2C1707&ssl=1","width":2560,"height":1707},{"@type":"BreadcrumbList","@id":"https:\/\/www.supeinnihonto.com\/it\/prodotto\/marugata-bronzo-items\/#breadcrumb","itemListElement":[{"@type":"ListItem","position":1,"name":"Portada","item":"https:\/\/www.supeinnihonto.com\/it\/"},{"@type":"ListItem","position":2,"name":"Shop","item":"https:\/\/www.supeinnihonto.com\/it\/shop\/"},{"@type":"ListItem","position":3,"name":"Marugata bronzo items"}]},{"@type":"WebSite","@id":"https:\/\/www.supeinnihonto.com\/it\/#website","url":"https:\/\/www.supeinnihonto.com\/it\/","name":"Supein Nihonto","description":"Authentic japanese Nihonto katana ","publisher":{"@id":"https:\/\/www.supeinnihonto.com\/it\/#organization"},"potentialAction":[{"@type":"SearchAction","target":{"@type":"EntryPoint","urlTemplate":"https:\/\/www.supeinnihonto.com\/it\/?s={search_term_string}"},"query-input":{"@type":"PropertyValueSpecification","valueRequired":true,"valueName":"search_term_string"}}],"inLanguage":"it-IT"},{"@type":"Organization","@id":"https:\/\/www.supeinnihonto.com\/it\/#organization","name":"SupeinNihonto","url":"https:\/\/www.supeinnihonto.com\/it\/","logo":{"@type":"ImageObject","inLanguage":"it-IT","@id":"https:\/\/www.supeinnihonto.com\/it\/#\/schema\/logo\/image\/","url":"https:\/\/www.supeinnihonto.com\/wp-content\/uploads\/2021\/11\/animation_Default_3szk0jcenoloop.gif","contentUrl":"https:\/\/www.supeinnihonto.com\/wp-content\/uploads\/2021\/11\/animation_Default_3szk0jcenoloop.gif","width":750,"height":641,"caption":"SupeinNihonto"},"image":{"@id":"https:\/\/www.supeinnihonto.com\/it\/#\/schema\/logo\/image\/"}}]}},"jetpack-related-posts":[{"id":12386,"url":"https:\/\/www.supeinnihonto.com\/it\/prodotto\/marugata-iron-tsuba-deity-nbthk-hozon\/","url_meta":{"origin":12362,"position":0},"title":"Marugata iron tsuba deity NBTHK hozon","author":"Eric Majo","date":"11 de Novembre de 2024","format":false,"excerpt":"ARTICOLO: Fornito con certificato di Supein Nihonto. Fornito con certificato NBTHK Hozon. Include scatola in legno. Accompagnato da certificato NBTHK Hozon che lo cataloga come opera di particolare importanza artistica. Firmato Aizu j\u016b Matsumura Minamoto Shichir\u014d Takamura. Un pezzo di qualit\u00e0 insuperabile, degno dei migliori musei del mondo. Straordinario tsuba\u2026","rel":"","context":"Articolo simile","block_context":{"text":"Articolo simile","link":""},"img":{"alt_text":"Marugata iron tsuba deity NBTHK hozon","src":"https:\/\/i0.wp.com\/www.supeinnihonto.com\/wp-content\/uploads\/2024\/11\/DSC1927-scaled.jpg?fit=1200%2C800&ssl=1&resize=350%2C200","width":350,"height":200,"srcset":"https:\/\/i0.wp.com\/www.supeinnihonto.com\/wp-content\/uploads\/2024\/11\/DSC1927-scaled.jpg?fit=1200%2C800&ssl=1&resize=350%2C200 1x, https:\/\/i0.wp.com\/www.supeinnihonto.com\/wp-content\/uploads\/2024\/11\/DSC1927-scaled.jpg?fit=1200%2C800&ssl=1&resize=525%2C300 1.5x, https:\/\/i0.wp.com\/www.supeinnihonto.com\/wp-content\/uploads\/2024\/11\/DSC1927-scaled.jpg?fit=1200%2C800&ssl=1&resize=700%2C400 2x, https:\/\/i0.wp.com\/www.supeinnihonto.com\/wp-content\/uploads\/2024\/11\/DSC1927-scaled.jpg?fit=1200%2C800&ssl=1&resize=1050%2C600 3x"},"classes":[]},{"id":12346,"url":"https:\/\/www.supeinnihonto.com\/it\/prodotto\/marugata-shakudo-samurai\/","url_meta":{"origin":12362,"position":1},"title":"Marugata shakudo tsuba samurai","author":"Eric Majo","date":"12 de Novembre de 2024","format":false,"excerpt":"ARTICOLO: Fornito con certificato di Supein Nihonto. Include scatola in legno. Firmato \u201cNara Naoyoshi\u201d, tsuba marugata in shakud\u014d k\u0101\u014d (lega di oro e rame). Un pezzo di qualit\u00e0 insuperabile, degno dei migliori musei del mondo. \u00c8 facile apprezzare l\u2019eccezionale livello di dettaglio e incisione di questa magnifica opera che raffigura\u2026","rel":"","context":"Articolo simile","block_context":{"text":"Articolo simile","link":""},"img":{"alt_text":"Marugata shakudo tsuba samurai","src":"https:\/\/i0.wp.com\/www.supeinnihonto.com\/wp-content\/uploads\/2024\/11\/DSC1956-scaled.jpg?fit=1200%2C800&ssl=1&resize=350%2C200","width":350,"height":200,"srcset":"https:\/\/i0.wp.com\/www.supeinnihonto.com\/wp-content\/uploads\/2024\/11\/DSC1956-scaled.jpg?fit=1200%2C800&ssl=1&resize=350%2C200 1x, https:\/\/i0.wp.com\/www.supeinnihonto.com\/wp-content\/uploads\/2024\/11\/DSC1956-scaled.jpg?fit=1200%2C800&ssl=1&resize=525%2C300 1.5x, https:\/\/i0.wp.com\/www.supeinnihonto.com\/wp-content\/uploads\/2024\/11\/DSC1956-scaled.jpg?fit=1200%2C800&ssl=1&resize=700%2C400 2x, https:\/\/i0.wp.com\/www.supeinnihonto.com\/wp-content\/uploads\/2024\/11\/DSC1956-scaled.jpg?fit=1200%2C800&ssl=1&resize=1050%2C600 3x"},"classes":[]},{"id":12402,"url":"https:\/\/www.supeinnihonto.com\/it\/prodotto\/tsuba-marugata-in-ferro-con-motivo-di-capodanno-certificata-nbthk-hozon\/","url_meta":{"origin":12362,"position":2},"title":"Tsuba marugata in ferro con motivo di Capodanno, certificata NBTHK Hozon.","author":"Eric Majo","date":"11 de Novembre de 2024","format":false,"excerpt":"ARTICOLO: Fornito con certificato di Supein Nihonto. Fornito con certificato NBTHK Hozon. Include scatola in legno. Splendido tsuba firmato Unrinsai Naomori, risalente alla met\u00e0 del periodo Edo (circa 1700), raffigurante due uomini in festa che celebrano il Capodanno. Bellissimo tsuba in ferro, intarsiato con oro e argento e ricco di\u2026","rel":"","context":"Articolo simile","block_context":{"text":"Articolo simile","link":""},"img":{"alt_text":"Marugata iron tsuba new year NBTHK hozon","src":"https:\/\/i0.wp.com\/www.supeinnihonto.com\/wp-content\/uploads\/2024\/11\/DSC1858-scaled.jpg?fit=1200%2C800&ssl=1&resize=350%2C200","width":350,"height":200,"srcset":"https:\/\/i0.wp.com\/www.supeinnihonto.com\/wp-content\/uploads\/2024\/11\/DSC1858-scaled.jpg?fit=1200%2C800&ssl=1&resize=350%2C200 1x, https:\/\/i0.wp.com\/www.supeinnihonto.com\/wp-content\/uploads\/2024\/11\/DSC1858-scaled.jpg?fit=1200%2C800&ssl=1&resize=525%2C300 1.5x, https:\/\/i0.wp.com\/www.supeinnihonto.com\/wp-content\/uploads\/2024\/11\/DSC1858-scaled.jpg?fit=1200%2C800&ssl=1&resize=700%2C400 2x, https:\/\/i0.wp.com\/www.supeinnihonto.com\/wp-content\/uploads\/2024\/11\/DSC1858-scaled.jpg?fit=1200%2C800&ssl=1&resize=1050%2C600 3x"},"classes":[]},{"id":14759,"url":"https:\/\/www.supeinnihonto.com\/it\/prodotto\/tsuba-aorigata-in-shakudo-con-tigre\/","url_meta":{"origin":12362,"position":3},"title":"Tsuba aorigata in shakud\u014d con tigre","author":"Supein Nihonto","date":"8 de Maggio de 2024","format":false,"excerpt":"OGGETTO: Fornito con certificato di SupeinNihonto. Tsuba aorigata in shakud\u014d con tigre. Tsuba non comune di alta qualit\u00e0, degna di un museo, realizzata in shakud\u014d (lega di oro e rame) con un tigre finemente intagliato, intarsiato nella tsuba e realizzato in shibuichi (lega di argento e rame) o in argento.\u2026","rel":"","context":"Articolo simile","block_context":{"text":"Articolo simile","link":""},"img":{"alt_text":"Aorigata shakudo tiger tsuba","src":"https:\/\/i0.wp.com\/www.supeinnihonto.com\/wp-content\/uploads\/2024\/05\/DSC_3519-scaled.jpg?fit=1200%2C800&ssl=1&resize=350%2C200","width":350,"height":200,"srcset":"https:\/\/i0.wp.com\/www.supeinnihonto.com\/wp-content\/uploads\/2024\/05\/DSC_3519-scaled.jpg?fit=1200%2C800&ssl=1&resize=350%2C200 1x, https:\/\/i0.wp.com\/www.supeinnihonto.com\/wp-content\/uploads\/2024\/05\/DSC_3519-scaled.jpg?fit=1200%2C800&ssl=1&resize=525%2C300 1.5x, https:\/\/i0.wp.com\/www.supeinnihonto.com\/wp-content\/uploads\/2024\/05\/DSC_3519-scaled.jpg?fit=1200%2C800&ssl=1&resize=700%2C400 2x, https:\/\/i0.wp.com\/www.supeinnihonto.com\/wp-content\/uploads\/2024\/05\/DSC_3519-scaled.jpg?fit=1200%2C800&ssl=1&resize=1050%2C600 3x"},"classes":[]},{"id":12426,"url":"https:\/\/www.supeinnihonto.com\/it\/prodotto\/tsuba-marugata-in-shakudo-con-soggetto-folkloristico\/","url_meta":{"origin":12362,"position":4},"title":"Tsuba marugata in shakud\u014d con soggetto folkloristico","author":"Eric Majo","date":"11 de Novembre de 2024","format":false,"excerpt":"ARTICOLO: Fornito con certificato di Supein Nihonto. Magnifico tsuba marugata in shakud\u014d del XVIII\u2013XIX secolo, con splendida incisione a soggetto di folklore giapponese e intarsi in oro, rame e argento. Un pezzo di grande bellezza. 8,2 \u00d7 7,8 cm CHI SIAMO: In Supein Nihonto ci impegniamo a offrire spade e\u2026","rel":"","context":"Articolo simile","block_context":{"text":"Articolo simile","link":""},"img":{"alt_text":"Marugata shakudo folklore tsuba","src":"https:\/\/i0.wp.com\/www.supeinnihonto.com\/wp-content\/uploads\/2024\/11\/DSC1790-scaled.jpg?fit=1200%2C800&ssl=1&resize=350%2C200","width":350,"height":200,"srcset":"https:\/\/i0.wp.com\/www.supeinnihonto.com\/wp-content\/uploads\/2024\/11\/DSC1790-scaled.jpg?fit=1200%2C800&ssl=1&resize=350%2C200 1x, https:\/\/i0.wp.com\/www.supeinnihonto.com\/wp-content\/uploads\/2024\/11\/DSC1790-scaled.jpg?fit=1200%2C800&ssl=1&resize=525%2C300 1.5x, https:\/\/i0.wp.com\/www.supeinnihonto.com\/wp-content\/uploads\/2024\/11\/DSC1790-scaled.jpg?fit=1200%2C800&ssl=1&resize=700%2C400 2x, https:\/\/i0.wp.com\/www.supeinnihonto.com\/wp-content\/uploads\/2024\/11\/DSC1790-scaled.jpg?fit=1200%2C800&ssl=1&resize=1050%2C600 3x"},"classes":[]},{"id":12410,"url":"https:\/\/www.supeinnihonto.com\/it\/prodotto\/tsuba-marugata-in-rame-con-motivo-di-carpa-koi-certificata-nbthk-hozon\/","url_meta":{"origin":12362,"position":5},"title":"Tsuba marugata in rame con motivo di carpa (koi), certificata NBTHK Hozon","author":"Eric Majo","date":"11 de Novembre de 2024","format":false,"excerpt":"ARTICOLO: Fornito con certificato di Supein Nihonto. Fornito con certificato NBTHK Hozon. Include scatola in legno. Splendido tsuba in rame del XIX secolo, firmato, con bordo e rilievi in shakud\u014d (lega di oro e rame), raffigurante una carpa con occhi incastonati in oro. Un\u2019opera d\u2019arte unica.La carpa koi \u00e8 molto\u2026","rel":"","context":"Articolo simile","block_context":{"text":"Articolo simile","link":""},"img":{"alt_text":"Marugata copper koi tsuba NBTHK hozon","src":"https:\/\/i0.wp.com\/www.supeinnihonto.com\/wp-content\/uploads\/2024\/11\/DSC1819-scaled.jpg?fit=1200%2C800&ssl=1&resize=350%2C200","width":350,"height":200,"srcset":"https:\/\/i0.wp.com\/www.supeinnihonto.com\/wp-content\/uploads\/2024\/11\/DSC1819-scaled.jpg?fit=1200%2C800&ssl=1&resize=350%2C200 1x, https:\/\/i0.wp.com\/www.supeinnihonto.com\/wp-content\/uploads\/2024\/11\/DSC1819-scaled.jpg?fit=1200%2C800&ssl=1&resize=525%2C300 1.5x, https:\/\/i0.wp.com\/www.supeinnihonto.com\/wp-content\/uploads\/2024\/11\/DSC1819-scaled.jpg?fit=1200%2C800&ssl=1&resize=700%2C400 2x, https:\/\/i0.wp.com\/www.supeinnihonto.com\/wp-content\/uploads\/2024\/11\/DSC1819-scaled.jpg?fit=1200%2C800&ssl=1&resize=1050%2C600 3x"},"classes":[]}],"jetpack_sharing_enabled":true,"_links":{"self":[{"href":"https:\/\/www.supeinnihonto.com\/it\/wp-json\/wp\/v2\/product\/12362","targetHints":{"allow":["GET"]}}],"collection":[{"href":"https:\/\/www.supeinnihonto.com\/it\/wp-json\/wp\/v2\/product"}],"about":[{"href":"https:\/\/www.supeinnihonto.com\/it\/wp-json\/wp\/v2\/types\/product"}],"wp:featuredmedia":[{"embeddable":true,"href":"https:\/\/www.supeinnihonto.com\/it\/wp-json\/wp\/v2\/media\/12363"}],"wp:attachment":[{"href":"https:\/\/www.supeinnihonto.com\/it\/wp-json\/wp\/v2\/media?parent=12362"}],"wp:term":[{"taxonomy":"product_brand","embeddable":true,"href":"https:\/\/www.supeinnihonto.com\/it\/wp-json\/wp\/v2\/product_brand?post=12362"},{"taxonomy":"product_cat","embeddable":true,"href":"https:\/\/www.supeinnihonto.com\/it\/wp-json\/wp\/v2\/product_cat?post=12362"},{"taxonomy":"product_tag","embeddable":true,"href":"https:\/\/www.supeinnihonto.com\/it\/wp-json\/wp\/v2\/product_tag?post=12362"}],"curies":[{"name":"wp","href":"https:\/\/api.w.org\/{rel}","templated":true}]}}