{"id":15303,"date":"2021-11-10T12:43:03","date_gmt":"2021-11-10T12:43:03","guid":{"rendered":"https:\/\/www.supeinnihonto.com\/privacy-policy\/"},"modified":"2025-12-15T17:54:40","modified_gmt":"2025-12-15T17:54:40","slug":"informativa-sulla-privacy","status":"publish","type":"page","link":"https:\/\/www.supeinnihonto.com\/it\/informativa-sulla-privacy\/","title":{"rendered":"INFORMATIVA SULLA PRIVACY"},"content":{"rendered":"\t\t<div data-elementor-type=\"wp-page\" data-elementor-id=\"15303\" class=\"elementor elementor-15303 elementor-221\">\n\t\t\t\t\t\t<section class=\"elementor-section elementor-top-section elementor-element elementor-element-b1ef322 elementor-section-boxed elementor-section-height-default elementor-section-height-default\" data-id=\"b1ef322\" data-element_type=\"section\" data-settings=\"{&quot;shape_divider_top&quot;:&quot;wave-brush&quot;}\">\n\t\t\t\t\t<div class=\"elementor-shape elementor-shape-top\" aria-hidden=\"true\" data-negative=\"false\">\n\t\t\t<svg xmlns=\"http:\/\/www.w3.org\/2000\/svg\" viewBox=\"0 0 283.5 27.8\" preserveAspectRatio=\"none\">\n\t<path class=\"elementor-shape-fill\" d=\"M283.5,9.7c0,0-7.3,4.3-14,4.6c-6.8,0.3-12.6,0-20.9-1.5c-11.3-2-33.1-10.1-44.7-5.7\ts-12.1,4.6-18,7.4c-6.6,3.2-20,9.6-36.6,9.3C131.6,23.5,99.5,7.2,86.3,8c-1.4,0.1-6.6,0.8-10.5,2c-3.8,1.2-9.4,3.8-17,4.7\tc-3.2,0.4-8.3,1.1-14.2,0.9c-1.5-0.1-6.3-0.4-12-1.6c-5.7-1.2-11-3.1-15.8-3.7C6.5,9.2,0,10.8,0,10.8V0h283.5V9.7z M260.8,11.3\tc-0.7-1-2-0.4-4.3-0.4c-2.3,0-6.1-1.2-5.8-1.1c0.3,0.1,3.1,1.5,6,1.9C259.7,12.2,261.4,12.3,260.8,11.3z M242.4,8.6\tc0,0-2.4-0.2-5.6-0.9c-3.2-0.8-10.3-2.8-15.1-3.5c-8.2-1.1-15.8,0-15.1,0.1c0.8,0.1,9.6-0.6,17.6,1.1c3.3,0.7,9.3,2.2,12.4,2.7\tC239.9,8.7,242.4,8.6,242.4,8.6z M185.2,8.5c1.7-0.7-13.3,4.7-18.5,6.1c-2.1,0.6-6.2,1.6-10,2c-3.9,0.4-8.9,0.4-8.8,0.5\tc0,0.2,5.8,0.8,11.2,0c5.4-0.8,5.2-1.1,7.6-1.6C170.5,14.7,183.5,9.2,185.2,8.5z M199.1,6.9c0.2,0-0.8-0.4-4.8,1.1\tc-4,1.5-6.7,3.5-6.9,3.7c-0.2,0.1,3.5-1.8,6.6-3C197,7.5,199,6.9,199.1,6.9z M283,6c-0.1,0.1-1.9,1.1-4.8,2.5s-6.9,2.8-6.7,2.7\tc0.2,0,3.5-0.6,7.4-2.5C282.8,6.8,283.1,5.9,283,6z M31.3,11.6c0.1-0.2-1.9-0.2-4.5-1.2s-5.4-1.6-7.8-2C15,7.6,7.3,8.5,7.7,8.6\tC8,8.7,15.9,8.3,20.2,9.3c2.2,0.5,2.4,0.5,5.7,1.6S31.2,11.9,31.3,11.6z M73,9.2c0.4-0.1,3.5-1.6,8.4-2.6c4.9-1.1,8.9-0.5,8.9-0.8\tc0-0.3-1-0.9-6.2-0.3S72.6,9.3,73,9.2z M71.6,6.7C71.8,6.8,75,5.4,77.3,5c2.3-0.3,1.9-0.5,1.9-0.6c0-0.1-1.1-0.2-2.7,0.2\tC74.8,5.1,71.4,6.6,71.6,6.7z M93.6,4.4c0.1,0.2,3.5,0.8,5.6,1.8c2.1,1,1.8,0.6,1.9,0.5c0.1-0.1-0.8-0.8-2.4-1.3\tC97.1,4.8,93.5,4.2,93.6,4.4z M65.4,11.1c-0.1,0.3,0.3,0.5,1.9-0.2s2.6-1.3,2.2-1.2s-0.9,0.4-2.5,0.8C65.3,10.9,65.5,10.8,65.4,11.1\tz M34.5,12.4c-0.2,0,2.1,0.8,3.3,0.9c1.2,0.1,2,0.1,2-0.2c0-0.3-0.1-0.5-1.6-0.4C36.6,12.8,34.7,12.4,34.5,12.4z M152.2,21.1\tc-0.1,0.1-2.4-0.3-7.5-0.3c-5,0-13.6-2.4-17.2-3.5c-3.6-1.1,10,3.9,16.5,4.1C150.5,21.6,152.3,21,152.2,21.1z\"\/>\n\t<path class=\"elementor-shape-fill\" d=\"M269.6,18c-0.1-0.1-4.6,0.3-7.2,0c-7.3-0.7-17-3.2-16.6-2.9c0.4,0.3,13.7,3.1,17,3.3\tC267.7,18.8,269.7,18,269.6,18z\"\/>\n\t<path class=\"elementor-shape-fill\" d=\"M227.4,9.8c-0.2-0.1-4.5-1-9.5-1.2c-5-0.2-12.7,0.6-12.3,0.5c0.3-0.1,5.9-1.8,13.3-1.2\tS227.6,9.9,227.4,9.8z\"\/>\n\t<path class=\"elementor-shape-fill\" d=\"M204.5,13.4c-0.1-0.1,2-1,3.2-1.1c1.2-0.1,2,0,2,0.3c0,0.3-0.1,0.5-1.6,0.4\tC206.4,12.9,204.6,13.5,204.5,13.4z\"\/>\n\t<path class=\"elementor-shape-fill\" d=\"M201,10.6c0-0.1-4.4,1.2-6.3,2.2c-1.9,0.9-6.2,3.1-6.1,3.1c0.1,0.1,4.2-1.6,6.3-2.6\tS201,10.7,201,10.6z\"\/>\n\t<path class=\"elementor-shape-fill\" d=\"M154.5,26.7c-0.1-0.1-4.6,0.3-7.2,0c-7.3-0.7-17-3.2-16.6-2.9c0.4,0.3,13.7,3.1,17,3.3\tC152.6,27.5,154.6,26.8,154.5,26.7z\"\/>\n\t<path class=\"elementor-shape-fill\" d=\"M41.9,19.3c0,0,1.2-0.3,2.9-0.1c1.7,0.2,5.8,0.9,8.2,0.7c4.2-0.4,7.4-2.7,7-2.6\tc-0.4,0-4.3,2.2-8.6,1.9c-1.8-0.1-5.1-0.5-6.7-0.4S41.9,19.3,41.9,19.3z\"\/>\n\t<path class=\"elementor-shape-fill\" d=\"M75.5,12.6c0.2,0.1,2-0.8,4.3-1.1c2.3-0.2,2.1-0.3,2.1-0.5c0-0.1-1.8-0.4-3.4,0\tC76.9,11.5,75.3,12.5,75.5,12.6z\"\/>\n\t<path class=\"elementor-shape-fill\" d=\"M15.6,13.2c0-0.1,4.3,0,6.7,0.5c2.4,0.5,5,1.9,5,2c0,0.1-2.7-0.8-5.1-1.4\tC19.9,13.7,15.7,13.3,15.6,13.2z\"\/>\n<\/svg>\t\t<\/div>\n\t\t\t\t\t<div class=\"elementor-container elementor-column-gap-default\">\n\t\t\t\t\t<div class=\"elementor-column elementor-col-100 elementor-top-column elementor-element elementor-element-06e11e7\" data-id=\"06e11e7\" data-element_type=\"column\">\n\t\t\t<div class=\"elementor-widget-wrap elementor-element-populated\">\n\t\t\t\t\t\t<div class=\"elementor-element elementor-element-8912b69 elementor-widget elementor-widget-heading\" data-id=\"8912b69\" data-element_type=\"widget\" data-widget_type=\"heading.default\">\n\t\t\t\t<div class=\"elementor-widget-container\">\n\t\t\t\t\t<h2 class=\"elementor-heading-title elementor-size-default\">INFORMATIVA SULLA PRIVACY<\/h2>\t\t\t\t<\/div>\n\t\t\t\t<\/div>\n\t\t\t\t\t<\/div>\n\t\t<\/div>\n\t\t\t\t\t<\/div>\n\t\t<\/section>\n\t\t\t\t<section class=\"elementor-section elementor-top-section elementor-element elementor-element-8df1cb5 elementor-section-boxed elementor-section-height-default elementor-section-height-default\" data-id=\"8df1cb5\" data-element_type=\"section\">\n\t\t\t\t\t\t<div class=\"elementor-container elementor-column-gap-default\">\n\t\t\t\t\t<div class=\"elementor-column elementor-col-100 elementor-top-column elementor-element elementor-element-eb609a0\" data-id=\"eb609a0\" data-element_type=\"column\">\n\t\t\t<div class=\"elementor-widget-wrap elementor-element-populated\">\n\t\t\t\t\t\t<div class=\"elementor-element elementor-element-2cef589 elementor-widget elementor-widget-text-editor\" data-id=\"2cef589\" data-element_type=\"widget\" data-widget_type=\"text-editor.default\">\n\t\t\t\t<div class=\"elementor-widget-container\">\n\t\t\t\t\t\t\t\t\t<h2 class=\"n\">Nota importante sul trattamento dei dati e su Google Analytics<\/h2><p class=\"n\">Questo sito web utilizza Google Analytics, un servizio di analisi web di Google Ireland Limited. Qualora il soggetto responsabile del trattamento dei dati su questo sito web risieda in un Paese al di fuori dello Spazio Economico Europeo o della Svizzera, il trattamento dei dati di Google Analytics viene effettuato tramite Google LLC. Google LLC e Google Ireland Limited sono di seguito denominati \u201cGoogle\u201d.<\/p><p>Google Analytics utilizza i cosiddetti \u201ccookie\u201d, file di testo che vengono memorizzati sul dispositivo del visitatore del sito e che consentono un\u2019analisi dell\u2019utilizzo del sito web da parte del visitatore. Le informazioni generate dal cookie sull\u2019utilizzo di questo sito web (compreso l\u2019indirizzo IP abbreviato) vengono normalmente trasmesse a Google e da quest\u2019ultima memorizzate.<\/p><p>Google Analytics \u00e8 utilizzato su questo sito web esclusivamente con l\u2019estensione \u201c_anonymizeIp()\u201d. Tale estensione garantisce l\u2019anonimizzazione dell\u2019indirizzo IP tramite abbreviazione ed esclude qualsiasi riferimento personale diretto. Mediante questa estensione, l\u2019indirizzo IP del visitatore viene preventivamente abbreviato da Google all\u2019interno degli Stati membri dell\u2019Unione Europea o in altri Paesi aderenti all\u2019accordo sullo Spazio Economico Europeo. Solo in casi eccezionali l\u2019indirizzo IP completo viene trasmesso a un server di Google negli Stati Uniti e l\u00ec abbreviato. L\u2019indirizzo IP trasmesso dal browser dell\u2019utente nell\u2019ambito delle attivit\u00e0 di Google Analytics non viene combinato con altri dati di Google.<\/p><p>Per conto del proprietario del sito, Google utilizzer\u00e0 le informazioni generate per analizzare l\u2019utilizzo del sito, redigere report sulle attivit\u00e0 del sito web e fornire altri servizi correlati all\u2019utilizzo di Internet o del sito web per il proprietario dello stesso (art. 6, par. 1, lett. f RGPD). Il legittimo interesse al trattamento dei dati risiede nell\u2019ottimizzazione del sito web, nell\u2019analisi del suo utilizzo e nell\u2019adattamento dei contenuti. Gli interessi degli utenti sono adeguatamente tutelati attraverso la pseudonimizzazione dei dati.<\/p><p>Google LLC garantisce il mantenimento di un livello adeguato di protezione dei dati sulla base delle clausole contrattuali standard europee. Le informazioni inviate e collegate ai cookie di Google Analytics, come ad esempio ID utente o identificatori pubblicitari, vengono eliminate automaticamente dopo 50 mesi. La cancellazione dei dati al raggiungimento del periodo di conservazione avviene automaticamente una volta al mese.<\/p><p>Il visitatore del sito web pu\u00f2 rifiutare l\u2019uso dei cookie configurando le relative impostazioni nel proprio browser. Inoltre, il visitatore pu\u00f2 impedire la raccolta delle informazioni generate dai cookie (compreso il proprio indirizzo IP) e il loro trattamento scaricando e installando il seguente plugin per il browser:<span> <\/span><a href=\"http:\/\/tools.google.com\/dlpage\/gaoptout\" target=\"_blank\" rel=\"noopener\">http:\/\/tools.google.com\/dlpage\/gaoptout<\/a><\/p><p>Ulteriori informazioni sull\u2019utilizzo dei dati da parte di Google, sulle opzioni di configurazione e di opposizione sono disponibili nell\u2019Informativa sulla privacy di Google (<a href=\"https:\/\/policies.google.com\/privacy\" target=\"_blank\" rel=\"noopener\">https:\/\/policies.google.com\/privacy?hl=es<\/a>), nonch\u00e9 nelle Impostazioni annunci di Google (<a href=\"https:\/\/adssettings.google.com\/authenticated\" target=\"_blank\" rel=\"noopener\">https:\/\/adssettings.google.com\/authenticated<\/a>).<\/p>\t\t\t\t\t\t\t\t<\/div>\n\t\t\t\t<\/div>\n\t\t\t\t\t<\/div>\n\t\t<\/div>\n\t\t\t\t\t<\/div>\n\t\t<\/section>\n\t\t\t\t<\/div>\n\t\t","protected":false},"excerpt":{"rendered":"<p>INFORMATIVA SULLA PRIVACY Nota importante sul trattamento dei dati e su Google Analytics Questo sito web utilizza Google Analytics, un servizio di analisi web di Google Ireland Limited. Qualora il soggetto responsabile del trattamento dei dati su questo sito web risieda in un Paese al di fuori dello Spazio Economico [&hellip;]<\/p>\n","protected":false},"author":1,"featured_media":0,"parent":0,"menu_order":0,"comment_status":"closed","ping_status":"closed","template":"page-templates\/template-pagebuilder-full-width.php","meta":{"jetpack_post_was_ever_published":false,"footnotes":""},"class_list":["post-15303","page","type-page","status-publish","hentry"],"yoast_head":"<!-- This site is optimized with the Yoast SEO plugin v27.6 - https:\/\/yoast.com\/product\/yoast-seo-wordpress\/ -->\n<title>INFORMATIVA SULLA PRIVACY - Supein Nihonto<\/title>\n<meta name=\"robots\" content=\"index, follow, max-snippet:-1, max-image-preview:large, max-video-preview:-1\" \/>\n<link rel=\"canonical\" href=\"https:\/\/www.supeinnihonto.com\/it\/informativa-sulla-privacy\/\" \/>\n<meta property=\"og:locale\" content=\"it_IT\" \/>\n<meta property=\"og:type\" content=\"article\" \/>\n<meta property=\"og:title\" content=\"INFORMATIVA SULLA PRIVACY - Supein Nihonto\" \/>\n<meta property=\"og:description\" content=\"INFORMATIVA SULLA PRIVACY Nota importante sul trattamento dei dati e su Google Analytics Questo sito web utilizza Google Analytics, un servizio di analisi web di Google Ireland Limited. Qualora il soggetto responsabile del trattamento dei dati su questo sito web risieda in un Paese al di fuori dello Spazio Economico [&hellip;]\" \/>\n<meta property=\"og:url\" content=\"https:\/\/www.supeinnihonto.com\/it\/informativa-sulla-privacy\/\" \/>\n<meta property=\"og:site_name\" content=\"Supein Nihonto\" \/>\n<meta property=\"article:modified_time\" content=\"2025-12-15T17:54:40+00:00\" \/>\n<meta name=\"twitter:card\" content=\"summary_large_image\" \/>\n<meta name=\"twitter:label1\" content=\"Tempo di lettura stimato\" \/>\n\t<meta name=\"twitter:data1\" content=\"3 minuto\" \/>\n<script type=\"application\/ld+json\" class=\"yoast-schema-graph\">{\"@context\":\"https:\\\/\\\/schema.org\",\"@graph\":[{\"@type\":\"WebPage\",\"@id\":\"https:\\\/\\\/www.supeinnihonto.com\\\/it\\\/informativa-sulla-privacy\\\/\",\"url\":\"https:\\\/\\\/www.supeinnihonto.com\\\/it\\\/informativa-sulla-privacy\\\/\",\"name\":\"INFORMATIVA SULLA PRIVACY - Supein Nihonto\",\"isPartOf\":{\"@id\":\"https:\\\/\\\/www.supeinnihonto.com\\\/it\\\/#website\"},\"datePublished\":\"2021-11-10T12:43:03+00:00\",\"dateModified\":\"2025-12-15T17:54:40+00:00\",\"breadcrumb\":{\"@id\":\"https:\\\/\\\/www.supeinnihonto.com\\\/it\\\/informativa-sulla-privacy\\\/#breadcrumb\"},\"inLanguage\":\"it-IT\",\"potentialAction\":[{\"@type\":\"ReadAction\",\"target\":[\"https:\\\/\\\/www.supeinnihonto.com\\\/it\\\/informativa-sulla-privacy\\\/\"]}]},{\"@type\":\"BreadcrumbList\",\"@id\":\"https:\\\/\\\/www.supeinnihonto.com\\\/it\\\/informativa-sulla-privacy\\\/#breadcrumb\",\"itemListElement\":[{\"@type\":\"ListItem\",\"position\":1,\"name\":\"Portada\",\"item\":\"https:\\\/\\\/www.supeinnihonto.com\\\/it\\\/\"},{\"@type\":\"ListItem\",\"position\":2,\"name\":\"INFORMATIVA SULLA PRIVACY\"}]},{\"@type\":\"WebSite\",\"@id\":\"https:\\\/\\\/www.supeinnihonto.com\\\/it\\\/#website\",\"url\":\"https:\\\/\\\/www.supeinnihonto.com\\\/it\\\/\",\"name\":\"Supein Nihonto\",\"description\":\"Authentic japanese Nihonto katana \",\"publisher\":{\"@id\":\"https:\\\/\\\/www.supeinnihonto.com\\\/it\\\/#organization\"},\"potentialAction\":[{\"@type\":\"SearchAction\",\"target\":{\"@type\":\"EntryPoint\",\"urlTemplate\":\"https:\\\/\\\/www.supeinnihonto.com\\\/it\\\/?s={search_term_string}\"},\"query-input\":{\"@type\":\"PropertyValueSpecification\",\"valueRequired\":true,\"valueName\":\"search_term_string\"}}],\"inLanguage\":\"it-IT\"},{\"@type\":\"Organization\",\"@id\":\"https:\\\/\\\/www.supeinnihonto.com\\\/it\\\/#organization\",\"name\":\"SupeinNihonto\",\"url\":\"https:\\\/\\\/www.supeinnihonto.com\\\/it\\\/\",\"logo\":{\"@type\":\"ImageObject\",\"inLanguage\":\"it-IT\",\"@id\":\"https:\\\/\\\/www.supeinnihonto.com\\\/it\\\/#\\\/schema\\\/logo\\\/image\\\/\",\"url\":\"https:\\\/\\\/www.supeinnihonto.com\\\/wp-content\\\/uploads\\\/2021\\\/11\\\/animation_Default_3szk0jcenoloop.gif\",\"contentUrl\":\"https:\\\/\\\/www.supeinnihonto.com\\\/wp-content\\\/uploads\\\/2021\\\/11\\\/animation_Default_3szk0jcenoloop.gif\",\"width\":750,\"height\":641,\"caption\":\"SupeinNihonto\"},\"image\":{\"@id\":\"https:\\\/\\\/www.supeinnihonto.com\\\/it\\\/#\\\/schema\\\/logo\\\/image\\\/\"}}]}<\/script>\n<!-- \/ Yoast SEO plugin. -->","yoast_head_json":{"title":"INFORMATIVA SULLA PRIVACY - Supein Nihonto","robots":{"index":"index","follow":"follow","max-snippet":"max-snippet:-1","max-image-preview":"max-image-preview:large","max-video-preview":"max-video-preview:-1"},"canonical":"https:\/\/www.supeinnihonto.com\/it\/informativa-sulla-privacy\/","og_locale":"it_IT","og_type":"article","og_title":"INFORMATIVA SULLA PRIVACY - Supein Nihonto","og_description":"INFORMATIVA SULLA PRIVACY Nota importante sul trattamento dei dati e su Google Analytics Questo sito web utilizza Google Analytics, un servizio di analisi web di Google Ireland Limited. Qualora il soggetto responsabile del trattamento dei dati su questo sito web risieda in un Paese al di fuori dello Spazio Economico [&hellip;]","og_url":"https:\/\/www.supeinnihonto.com\/it\/informativa-sulla-privacy\/","og_site_name":"Supein Nihonto","article_modified_time":"2025-12-15T17:54:40+00:00","twitter_card":"summary_large_image","twitter_misc":{"Tempo di lettura stimato":"3 minuto"},"schema":{"@context":"https:\/\/schema.org","@graph":[{"@type":"WebPage","@id":"https:\/\/www.supeinnihonto.com\/it\/informativa-sulla-privacy\/","url":"https:\/\/www.supeinnihonto.com\/it\/informativa-sulla-privacy\/","name":"INFORMATIVA SULLA PRIVACY - Supein Nihonto","isPartOf":{"@id":"https:\/\/www.supeinnihonto.com\/it\/#website"},"datePublished":"2021-11-10T12:43:03+00:00","dateModified":"2025-12-15T17:54:40+00:00","breadcrumb":{"@id":"https:\/\/www.supeinnihonto.com\/it\/informativa-sulla-privacy\/#breadcrumb"},"inLanguage":"it-IT","potentialAction":[{"@type":"ReadAction","target":["https:\/\/www.supeinnihonto.com\/it\/informativa-sulla-privacy\/"]}]},{"@type":"BreadcrumbList","@id":"https:\/\/www.supeinnihonto.com\/it\/informativa-sulla-privacy\/#breadcrumb","itemListElement":[{"@type":"ListItem","position":1,"name":"Portada","item":"https:\/\/www.supeinnihonto.com\/it\/"},{"@type":"ListItem","position":2,"name":"INFORMATIVA SULLA PRIVACY"}]},{"@type":"WebSite","@id":"https:\/\/www.supeinnihonto.com\/it\/#website","url":"https:\/\/www.supeinnihonto.com\/it\/","name":"Supein Nihonto","description":"Authentic japanese Nihonto katana ","publisher":{"@id":"https:\/\/www.supeinnihonto.com\/it\/#organization"},"potentialAction":[{"@type":"SearchAction","target":{"@type":"EntryPoint","urlTemplate":"https:\/\/www.supeinnihonto.com\/it\/?s={search_term_string}"},"query-input":{"@type":"PropertyValueSpecification","valueRequired":true,"valueName":"search_term_string"}}],"inLanguage":"it-IT"},{"@type":"Organization","@id":"https:\/\/www.supeinnihonto.com\/it\/#organization","name":"SupeinNihonto","url":"https:\/\/www.supeinnihonto.com\/it\/","logo":{"@type":"ImageObject","inLanguage":"it-IT","@id":"https:\/\/www.supeinnihonto.com\/it\/#\/schema\/logo\/image\/","url":"https:\/\/www.supeinnihonto.com\/wp-content\/uploads\/2021\/11\/animation_Default_3szk0jcenoloop.gif","contentUrl":"https:\/\/www.supeinnihonto.com\/wp-content\/uploads\/2021\/11\/animation_Default_3szk0jcenoloop.gif","width":750,"height":641,"caption":"SupeinNihonto"},"image":{"@id":"https:\/\/www.supeinnihonto.com\/it\/#\/schema\/logo\/image\/"}}]}},"jetpack-related-posts":[{"id":15299,"url":"https:\/\/www.supeinnihonto.com\/it\/politica-dei-cookie\/","url_meta":{"origin":15303,"position":0},"title":"POLITICA DEI COOKIE","author":"Supein Nihonto","date":"10 de Novembre de 2021","format":false,"excerpt":"POLITICA DEI COOKIE Un cookie \u00e8 un piccolo file di testo che viene memorizzato nel tuo browser quando visiti quasi qualsiasi pagina web. La sua utilit\u00e0 consiste nel fatto che il sito \u00e8 in grado di ricordare la tua visita quando torni a navigare su quella pagina. I cookie solitamente\u2026","rel":"","context":"Articolo simile","block_context":{"text":"Articolo simile","link":""},"img":{"alt_text":"","src":"","width":0,"height":0},"classes":[]},{"id":15295,"url":"https:\/\/www.supeinnihonto.com\/it\/avviso-legale\/","url_meta":{"origin":15303,"position":1},"title":"AVVISO LEGALE","author":"Supein Nihonto","date":"10 de Novembre de 2021","format":false,"excerpt":"AVVISO LEGALE Supein Nihonto non pu\u00f2 assumersi alcuna responsabilit\u00e0 derivante dall\u2019uso scorretto, inappropriato o illecito delle informazioni che appaiono nelle pagine Internet di Supein Nihonto. I contenuti e le informazioni non vincolano Supein Nihonto n\u00e9 costituiscono opinioni, consigli o consulenza legale di alcun tipo, trattandosi esclusivamente di un servizio offerto\u2026","rel":"","context":"Articolo simile","block_context":{"text":"Articolo simile","link":""},"img":{"alt_text":"","src":"","width":0,"height":0},"classes":[]},{"id":15274,"url":"https:\/\/www.supeinnihonto.com\/it\/sorteggio-delle-carte-collezionabili-warrior\/","url_meta":{"origin":15303,"position":2},"title":"Sorteggio delle carte collezionabili Warrior","author":"Supein Nihonto","date":"28 de Gennaio de 2022","format":false,"excerpt":"Carte collezionabili Warrior In Supein Nihonto siamo entusiasti di partecipare all\u2019innovativo progetto NFT di carte collezionabili che ci \u00e8 stato proposto da www.warriorcollectiblecards.com. L\u2019obiettivo di questo progetto \u00e8 diffondere la cultura samurai al maggior numero di persone possibile e siamo lieti di collaborare certificando la spada che verr\u00e0 sorteggiata in\u2026","rel":"","context":"Articolo simile","block_context":{"text":"Articolo simile","link":""},"img":{"alt_text":"","src":"","width":0,"height":0},"classes":[]},{"id":15265,"url":"https:\/\/www.supeinnihonto.com\/it\/media\/","url_meta":{"origin":15303,"position":3},"title":"Media","author":"Supein Nihonto","date":"9 de Maggio de 2024","format":false,"excerpt":"MEDIA Asta semestrale dei commercianti di Tokyo Sebbene gli inviti per gli stranieri siano molto limitati (eravamo solo tre stranieri su oltre 150 partecipanti), siamo stati invitati a questo evento che si svolge due volte all\u2019anno nel centro di Tokyo, il che \u00e8 stato per noi un grande piacere e\u2026","rel":"","context":"Articolo simile","block_context":{"text":"Articolo simile","link":""},"img":{"alt_text":"","src":"https:\/\/i0.wp.com\/www.supeinnihonto.com\/wp-content\/uploads\/2024\/05\/IMG20240420045848-768x1024.jpg?resize=350%2C200&ssl=1","width":350,"height":200,"srcset":"https:\/\/i0.wp.com\/www.supeinnihonto.com\/wp-content\/uploads\/2024\/05\/IMG20240420045848-768x1024.jpg?resize=350%2C200&ssl=1 1x, https:\/\/i0.wp.com\/www.supeinnihonto.com\/wp-content\/uploads\/2024\/05\/IMG20240420045848-768x1024.jpg?resize=525%2C300&ssl=1 1.5x, https:\/\/i0.wp.com\/www.supeinnihonto.com\/wp-content\/uploads\/2024\/05\/IMG20240420045848-768x1024.jpg?resize=700%2C400&ssl=1 2x"},"classes":[]},{"id":9369,"url":"https:\/\/www.supeinnihonto.com\/es\/politica-de-privacidad\/","url_meta":{"origin":15303,"position":4},"title":"POL\u00cdTICA DE PRIVACIDAD","author":"Supein Nihonto","date":"10 de Novembre de 2021","format":false,"excerpt":"POL\u00cdTICA DE PRIVACIDAD Nota importante sobre el procesamiento de datos y Google AnalyticsEste sitio web utiliza Google Analytics, un servicio de an\u00e1lisis web de Google Ireland Limited. En caso de que el responsable del procesamiento de datos en este sitio web resida en un pa\u00eds fuera del Espacio Econ\u00f3mico Europeo\u2026","rel":"","context":"Articolo simile","block_context":{"text":"Articolo simile","link":""},"img":{"alt_text":"","src":"","width":0,"height":0},"classes":[]},{"id":15285,"url":"https:\/\/www.supeinnihonto.com\/it\/chi-siamo\/","url_meta":{"origin":15303,"position":5},"title":"Chi siamo","author":"Supein Nihonto","date":"10 de Novembre de 2021","format":false,"excerpt":"Chi siamo SupeinNihonto \u00e8 un progetto che si \u00e8 concretizzato dopo diversi anni dedicati alle arti marziali classiche dell\u2019Aikido, del Kendo e dello Iaido, ma soprattutto affascinati dal collezionismo di armi e armature giapponesi, opere d\u2019arte di un periodo cos\u00ec straordinario da affascinare milioni di persone in tutto il mondo.\u2026","rel":"","context":"Articolo simile","block_context":{"text":"Articolo simile","link":""},"img":{"alt_text":"","src":"https:\/\/i0.wp.com\/www.supeinnihonto.com\/wp-content\/uploads\/2021\/12\/Aitor-Solana.jpeg?resize=350%2C200&ssl=1","width":350,"height":200,"srcset":"https:\/\/i0.wp.com\/www.supeinnihonto.com\/wp-content\/uploads\/2021\/12\/Aitor-Solana.jpeg?resize=350%2C200&ssl=1 1x, https:\/\/i0.wp.com\/www.supeinnihonto.com\/wp-content\/uploads\/2021\/12\/Aitor-Solana.jpeg?resize=525%2C300&ssl=1 1.5x, https:\/\/i0.wp.com\/www.supeinnihonto.com\/wp-content\/uploads\/2021\/12\/Aitor-Solana.jpeg?resize=700%2C400&ssl=1 2x, https:\/\/i0.wp.com\/www.supeinnihonto.com\/wp-content\/uploads\/2021\/12\/Aitor-Solana.jpeg?resize=1050%2C600&ssl=1 3x"},"classes":[]}],"jetpack_sharing_enabled":true,"_links":{"self":[{"href":"https:\/\/www.supeinnihonto.com\/it\/wp-json\/wp\/v2\/pages\/15303","targetHints":{"allow":["GET"]}}],"collection":[{"href":"https:\/\/www.supeinnihonto.com\/it\/wp-json\/wp\/v2\/pages"}],"about":[{"href":"https:\/\/www.supeinnihonto.com\/it\/wp-json\/wp\/v2\/types\/page"}],"author":[{"embeddable":true,"href":"https:\/\/www.supeinnihonto.com\/it\/wp-json\/wp\/v2\/users\/1"}],"replies":[{"embeddable":true,"href":"https:\/\/www.supeinnihonto.com\/it\/wp-json\/wp\/v2\/comments?post=15303"}],"version-history":[{"count":4,"href":"https:\/\/www.supeinnihonto.com\/it\/wp-json\/wp\/v2\/pages\/15303\/revisions"}],"predecessor-version":[{"id":36728,"href":"https:\/\/www.supeinnihonto.com\/it\/wp-json\/wp\/v2\/pages\/15303\/revisions\/36728"}],"wp:attachment":[{"href":"https:\/\/www.supeinnihonto.com\/it\/wp-json\/wp\/v2\/media?parent=15303"}],"curies":[{"name":"wp","href":"https:\/\/api.w.org\/{rel}","templated":true}]}}