{"id":15299,"date":"2021-11-10T12:43:03","date_gmt":"2021-11-10T12:43:03","guid":{"rendered":"https:\/\/www.supeinnihonto.com\/cookies-policy\/"},"modified":"2025-12-15T18:16:58","modified_gmt":"2025-12-15T18:16:58","slug":"politica-dei-cookie","status":"publish","type":"page","link":"https:\/\/www.supeinnihonto.com\/it\/politica-dei-cookie\/","title":{"rendered":"POLITICA DEI COOKIE"},"content":{"rendered":"\t\t<div data-elementor-type=\"wp-page\" data-elementor-id=\"15299\" class=\"elementor elementor-15299 elementor-220\">\n\t\t\t\t\t\t<section class=\"elementor-section elementor-top-section elementor-element elementor-element-4214fcb elementor-section-boxed elementor-section-height-default elementor-section-height-default\" data-id=\"4214fcb\" data-element_type=\"section\" data-settings=\"{&quot;shape_divider_top&quot;:&quot;wave-brush&quot;}\">\n\t\t\t\t\t<div class=\"elementor-shape elementor-shape-top\" aria-hidden=\"true\" data-negative=\"false\">\n\t\t\t<svg xmlns=\"http:\/\/www.w3.org\/2000\/svg\" viewBox=\"0 0 283.5 27.8\" preserveAspectRatio=\"none\">\n\t<path class=\"elementor-shape-fill\" d=\"M283.5,9.7c0,0-7.3,4.3-14,4.6c-6.8,0.3-12.6,0-20.9-1.5c-11.3-2-33.1-10.1-44.7-5.7\ts-12.1,4.6-18,7.4c-6.6,3.2-20,9.6-36.6,9.3C131.6,23.5,99.5,7.2,86.3,8c-1.4,0.1-6.6,0.8-10.5,2c-3.8,1.2-9.4,3.8-17,4.7\tc-3.2,0.4-8.3,1.1-14.2,0.9c-1.5-0.1-6.3-0.4-12-1.6c-5.7-1.2-11-3.1-15.8-3.7C6.5,9.2,0,10.8,0,10.8V0h283.5V9.7z M260.8,11.3\tc-0.7-1-2-0.4-4.3-0.4c-2.3,0-6.1-1.2-5.8-1.1c0.3,0.1,3.1,1.5,6,1.9C259.7,12.2,261.4,12.3,260.8,11.3z M242.4,8.6\tc0,0-2.4-0.2-5.6-0.9c-3.2-0.8-10.3-2.8-15.1-3.5c-8.2-1.1-15.8,0-15.1,0.1c0.8,0.1,9.6-0.6,17.6,1.1c3.3,0.7,9.3,2.2,12.4,2.7\tC239.9,8.7,242.4,8.6,242.4,8.6z M185.2,8.5c1.7-0.7-13.3,4.7-18.5,6.1c-2.1,0.6-6.2,1.6-10,2c-3.9,0.4-8.9,0.4-8.8,0.5\tc0,0.2,5.8,0.8,11.2,0c5.4-0.8,5.2-1.1,7.6-1.6C170.5,14.7,183.5,9.2,185.2,8.5z M199.1,6.9c0.2,0-0.8-0.4-4.8,1.1\tc-4,1.5-6.7,3.5-6.9,3.7c-0.2,0.1,3.5-1.8,6.6-3C197,7.5,199,6.9,199.1,6.9z M283,6c-0.1,0.1-1.9,1.1-4.8,2.5s-6.9,2.8-6.7,2.7\tc0.2,0,3.5-0.6,7.4-2.5C282.8,6.8,283.1,5.9,283,6z M31.3,11.6c0.1-0.2-1.9-0.2-4.5-1.2s-5.4-1.6-7.8-2C15,7.6,7.3,8.5,7.7,8.6\tC8,8.7,15.9,8.3,20.2,9.3c2.2,0.5,2.4,0.5,5.7,1.6S31.2,11.9,31.3,11.6z M73,9.2c0.4-0.1,3.5-1.6,8.4-2.6c4.9-1.1,8.9-0.5,8.9-0.8\tc0-0.3-1-0.9-6.2-0.3S72.6,9.3,73,9.2z M71.6,6.7C71.8,6.8,75,5.4,77.3,5c2.3-0.3,1.9-0.5,1.9-0.6c0-0.1-1.1-0.2-2.7,0.2\tC74.8,5.1,71.4,6.6,71.6,6.7z M93.6,4.4c0.1,0.2,3.5,0.8,5.6,1.8c2.1,1,1.8,0.6,1.9,0.5c0.1-0.1-0.8-0.8-2.4-1.3\tC97.1,4.8,93.5,4.2,93.6,4.4z M65.4,11.1c-0.1,0.3,0.3,0.5,1.9-0.2s2.6-1.3,2.2-1.2s-0.9,0.4-2.5,0.8C65.3,10.9,65.5,10.8,65.4,11.1\tz M34.5,12.4c-0.2,0,2.1,0.8,3.3,0.9c1.2,0.1,2,0.1,2-0.2c0-0.3-0.1-0.5-1.6-0.4C36.6,12.8,34.7,12.4,34.5,12.4z M152.2,21.1\tc-0.1,0.1-2.4-0.3-7.5-0.3c-5,0-13.6-2.4-17.2-3.5c-3.6-1.1,10,3.9,16.5,4.1C150.5,21.6,152.3,21,152.2,21.1z\"\/>\n\t<path class=\"elementor-shape-fill\" d=\"M269.6,18c-0.1-0.1-4.6,0.3-7.2,0c-7.3-0.7-17-3.2-16.6-2.9c0.4,0.3,13.7,3.1,17,3.3\tC267.7,18.8,269.7,18,269.6,18z\"\/>\n\t<path class=\"elementor-shape-fill\" d=\"M227.4,9.8c-0.2-0.1-4.5-1-9.5-1.2c-5-0.2-12.7,0.6-12.3,0.5c0.3-0.1,5.9-1.8,13.3-1.2\tS227.6,9.9,227.4,9.8z\"\/>\n\t<path class=\"elementor-shape-fill\" d=\"M204.5,13.4c-0.1-0.1,2-1,3.2-1.1c1.2-0.1,2,0,2,0.3c0,0.3-0.1,0.5-1.6,0.4\tC206.4,12.9,204.6,13.5,204.5,13.4z\"\/>\n\t<path class=\"elementor-shape-fill\" d=\"M201,10.6c0-0.1-4.4,1.2-6.3,2.2c-1.9,0.9-6.2,3.1-6.1,3.1c0.1,0.1,4.2-1.6,6.3-2.6\tS201,10.7,201,10.6z\"\/>\n\t<path class=\"elementor-shape-fill\" d=\"M154.5,26.7c-0.1-0.1-4.6,0.3-7.2,0c-7.3-0.7-17-3.2-16.6-2.9c0.4,0.3,13.7,3.1,17,3.3\tC152.6,27.5,154.6,26.8,154.5,26.7z\"\/>\n\t<path class=\"elementor-shape-fill\" d=\"M41.9,19.3c0,0,1.2-0.3,2.9-0.1c1.7,0.2,5.8,0.9,8.2,0.7c4.2-0.4,7.4-2.7,7-2.6\tc-0.4,0-4.3,2.2-8.6,1.9c-1.8-0.1-5.1-0.5-6.7-0.4S41.9,19.3,41.9,19.3z\"\/>\n\t<path class=\"elementor-shape-fill\" d=\"M75.5,12.6c0.2,0.1,2-0.8,4.3-1.1c2.3-0.2,2.1-0.3,2.1-0.5c0-0.1-1.8-0.4-3.4,0\tC76.9,11.5,75.3,12.5,75.5,12.6z\"\/>\n\t<path class=\"elementor-shape-fill\" d=\"M15.6,13.2c0-0.1,4.3,0,6.7,0.5c2.4,0.5,5,1.9,5,2c0,0.1-2.7-0.8-5.1-1.4\tC19.9,13.7,15.7,13.3,15.6,13.2z\"\/>\n<\/svg>\t\t<\/div>\n\t\t\t\t\t<div class=\"elementor-container elementor-column-gap-default\">\n\t\t\t\t\t<div class=\"elementor-column elementor-col-100 elementor-top-column elementor-element elementor-element-fac15aa\" data-id=\"fac15aa\" data-element_type=\"column\">\n\t\t\t<div class=\"elementor-widget-wrap elementor-element-populated\">\n\t\t\t\t\t\t<div class=\"elementor-element elementor-element-f5b4806 elementor-widget elementor-widget-heading\" data-id=\"f5b4806\" data-element_type=\"widget\" data-widget_type=\"heading.default\">\n\t\t\t\t<div class=\"elementor-widget-container\">\n\t\t\t\t\t<h1 class=\"elementor-heading-title elementor-size-default\">POLITICA DEI COOKIE<\/h1>\t\t\t\t<\/div>\n\t\t\t\t<\/div>\n\t\t\t\t\t<\/div>\n\t\t<\/div>\n\t\t\t\t\t<\/div>\n\t\t<\/section>\n\t\t\t\t<section class=\"elementor-section elementor-top-section elementor-element elementor-element-affd7f1 elementor-section-boxed elementor-section-height-default elementor-section-height-default\" data-id=\"affd7f1\" data-element_type=\"section\">\n\t\t\t\t\t\t<div class=\"elementor-container elementor-column-gap-default\">\n\t\t\t\t\t<div class=\"elementor-column elementor-col-100 elementor-top-column elementor-element elementor-element-1ba15e2\" data-id=\"1ba15e2\" data-element_type=\"column\">\n\t\t\t<div class=\"elementor-widget-wrap elementor-element-populated\">\n\t\t\t\t\t\t<div class=\"elementor-element elementor-element-5f302dd elementor-widget elementor-widget-text-editor\" data-id=\"5f302dd\" data-element_type=\"widget\" data-widget_type=\"text-editor.default\">\n\t\t\t\t<div class=\"elementor-widget-container\">\n\t\t\t\t\t\t\t\t\t<p><span>Un cookie \u00e8 un piccolo file di testo che viene memorizzato nel tuo browser quando visiti quasi qualsiasi pagina web. La sua utilit\u00e0 consiste nel fatto che il sito \u00e8 in grado di ricordare la tua visita quando torni a navigare su quella pagina. I cookie solitamente memorizzano informazioni di natura tecnica, preferenze personali, personalizzazione dei contenuti, statistiche di utilizzo, collegamenti ai social network, accesso agli account utente, ecc. Lo scopo del cookie \u00e8 adattare i contenuti del sito al tuo profilo e alle tue esigenze; senza i cookie, i servizi offerti da qualsiasi sito web risulterebbero notevolmente ridotti.<\/span><\/p>\t\t\t\t\t\t\t\t<\/div>\n\t\t\t\t<\/div>\n\t\t\t\t<div class=\"elementor-element elementor-element-5abfb7c elementor-widget elementor-widget-heading\" data-id=\"5abfb7c\" data-element_type=\"widget\" data-widget_type=\"heading.default\">\n\t\t\t\t<div class=\"elementor-widget-container\">\n\t\t\t\t\t<h6 class=\"elementor-heading-title elementor-size-default\">MAGGIORI INFORMAZIONI SUI COOKIE<\/h6>\t\t\t\t<\/div>\n\t\t\t\t<\/div>\n\t\t\t\t<div class=\"elementor-element elementor-element-fd2b59c elementor-widget elementor-widget-text-editor\" data-id=\"fd2b59c\" data-element_type=\"widget\" data-widget_type=\"text-editor.default\">\n\t\t\t\t<div class=\"elementor-widget-container\">\n\t\t\t\t\t\t\t\t\t<p><strong>Che cos\u2019\u00e8 un cookie?<\/strong><br \/><span><\/span><\/p><p><span>Un cookie \u00e8 un file di testo innocuo che viene memorizzato nel tuo browser quando visiti quasi qualsiasi pagina web. L\u2019utilit\u00e0 del cookie consiste nel fatto che il sito web \u00e8 in grado di ricordare la tua visita quando torni a navigare su quella pagina. Sebbene molte persone non lo sappiano, i cookie vengono utilizzati da oltre 20 anni, sin dalla comparsa dei primi browser per il World Wide Web.<\/span><br \/><strong><\/strong><\/p><p><strong>Che cos\u2019\u00e8 che non \u00e8 un cookie?<\/strong><br \/><span><\/span><\/p><p><span>Non \u00e8 un virus, n\u00e9 un cavallo di Troia, n\u00e9 un worm, n\u00e9 spam, n\u00e9 spyware, n\u00e9 apre finestre pop-up.<\/span><br \/><strong><\/strong><\/p><p><strong>Quali informazioni memorizza un cookie?<\/strong><br \/><span><\/span><\/p><p><span>I cookie solitamente non memorizzano informazioni sensibili su di te, come carte di credito o dati bancari, fotografie, documenti di identit\u00e0 o informazioni personali, ecc. I dati che memorizzano sono di natura tecnica, preferenze personali, personalizzazione dei contenuti, ecc.<\/span><br \/><span>Il server web non associa l\u2019utente come persona, ma il suo browser web. Infatti, se navighi abitualmente con Internet Explorer e provi a visitare lo stesso sito con Firefox o Chrome, noterai che il sito non riconosce che si tratta della stessa persona, poich\u00e9 associa il browser e non l\u2019individuo.<\/span><br \/><strong><\/strong><\/p><p><strong>Quali tipi di cookie esistono?<\/strong><\/p><ul><li><span>Cookie tecnici: sono i pi\u00f9 basilari e consentono, tra le altre cose, di sapere quando sta navigando una persona o un\u2019applicazione automatizzata, quando navigano un utente anonimo e uno registrato, e di svolgere operazioni fondamentali per il funzionamento di qualsiasi sito web dinamico.<\/span><\/li><li><span>Cookie di analisi: raccolgono informazioni sul tipo di navigazione che stai effettuando, sulle sezioni pi\u00f9 utilizzate, sui prodotti consultati, sugli orari di utilizzo, sulla lingua, ecc.<\/span><\/li><li><span>Cookie pubblicitari: mostrano pubblicit\u00e0 in base alla tua navigazione, al Paese di provenienza, alla lingua, ecc.<\/span><\/li><\/ul><p><strong>Che cosa sono i cookie propri e di terze parti?<\/strong><br \/><span><\/span><\/p><p><span>I cookie propri sono quelli generati dalla pagina che stai visitando, mentre i cookie di terze parti sono quelli generati da servizi o fornitori esterni come Facebook, Twitter, Google, ecc.<\/span><br \/><strong>Che cosa succede se disabilito i cookie?<\/strong><br \/><span><\/span><\/p><p><span>Per aiutarti a comprendere la portata della disattivazione dei cookie, riportiamo alcuni esempi:<\/span><\/p><ul><li>Non potrai condividere i contenuti di quel sito web su Facebook, Twitter o altri social network.<\/li><li><span>Il sito web non potr\u00e0 adattare i contenuti alle tue preferenze personali, come spesso accade nei negozi online.<\/span><\/li><li><span>Non potrai accedere all\u2019area personale del sito, come Il mio account, Il mio profilo o I miei ordini.<\/span><\/li><li><span>Negozi online: non sar\u00e0 possibile effettuare acquisti online; dovranno essere effettuati telefonicamente o recandosi presso il negozio fisico, se presente.<\/span><\/li><li><span>Non sar\u00e0 possibile personalizzare preferenze geografiche come fuso orario, valuta o lingua.<\/span><\/li><li><span>Il sito web non potr\u00e0 effettuare analisi statistiche sui visitatori e sul traffico, rendendo pi\u00f9 difficile mantenerne la competitivit\u00e0.<\/span><\/li><li><span>Non potrai scrivere sul blog, caricare foto, pubblicare commenti, valutare o recensire contenuti. Inoltre, il sito non potr\u00e0 distinguere se sei una persona o un\u2019applicazione automatizzata che pubblica spam.<\/span><\/li><li><span>Non sar\u00e0 possibile mostrare pubblicit\u00e0 mirata, riducendo le entrate pubblicitarie del sito.<\/span><\/li><li><span>Tutti i social network utilizzano cookie; se li disattivi non potrai utilizzare alcun social network.<\/span><\/li><\/ul><p><strong>I cookie possono essere eliminati e\/o bloccati?<\/strong><br \/><span><\/span><\/p><p><span>S\u00ec, i cookie possono essere eliminati e bloccati. Di seguito forniamo i link alle impostazioni dei browser pi\u00f9 utilizzati, affinch\u00e9 tu possa procedere secondo le tue preferenze:<\/span><br \/><span>Google Chrome: https:\/\/support.google.com\/chrome\/answer\/95647?hl=es-419<\/span><br \/><span>Mozilla Firefox: https:\/\/support.mozilla.org\/es\/kb\/improved-tracking-protection-in-firefox-for-esc<\/span><br \/><span>Safari: https:\/\/support.apple.com\/es-es\/HT201265<\/span><br \/><span>Microsoft Edge: https:\/\/support.microsoft.com\/es-es\/microsoft-edge\/eliminar-las-cookies-en-microsoft-edge-63947406-40ac-c3b8-57b9-2a946a29ae09<\/span><br \/><span>Internet Explorer: https:\/\/support.microsoft.com\/es-es\/topic\/eliminar-y-manage-cookies-168dab11-0753-043d-7c16-ede5947fc64d<\/span><\/p>\t\t\t\t\t\t\t\t<\/div>\n\t\t\t\t<\/div>\n\t\t\t\t\t<\/div>\n\t\t<\/div>\n\t\t\t\t\t<\/div>\n\t\t<\/section>\n\t\t\t\t<\/div>\n\t\t","protected":false},"excerpt":{"rendered":"<p>POLITICA DEI COOKIE Un cookie \u00e8 un piccolo file di testo che viene memorizzato nel tuo browser quando visiti quasi qualsiasi pagina web. La sua utilit\u00e0 consiste nel fatto che il sito \u00e8 in grado di ricordare la tua visita quando torni a navigare su quella pagina. I cookie solitamente [&hellip;]<\/p>\n","protected":false},"author":1,"featured_media":0,"parent":0,"menu_order":0,"comment_status":"closed","ping_status":"closed","template":"page-templates\/template-pagebuilder-full-width.php","meta":{"jetpack_post_was_ever_published":false,"footnotes":""},"class_list":["post-15299","page","type-page","status-publish","hentry"],"yoast_head":"<!-- This site is optimized with the Yoast SEO plugin v27.5 - https:\/\/yoast.com\/product\/yoast-seo-wordpress\/ -->\n<title>POLITICA DEI COOKIE - Supein Nihonto<\/title>\n<meta name=\"robots\" content=\"index, follow, max-snippet:-1, max-image-preview:large, max-video-preview:-1\" \/>\n<link rel=\"canonical\" href=\"https:\/\/www.supeinnihonto.com\/it\/politica-dei-cookie\/\" \/>\n<meta property=\"og:locale\" content=\"it_IT\" \/>\n<meta property=\"og:type\" content=\"article\" \/>\n<meta property=\"og:title\" content=\"POLITICA DEI COOKIE - Supein Nihonto\" \/>\n<meta property=\"og:description\" content=\"POLITICA DEI COOKIE Un cookie \u00e8 un piccolo file di testo che viene memorizzato nel tuo browser quando visiti quasi qualsiasi pagina web. La sua utilit\u00e0 consiste nel fatto che il sito \u00e8 in grado di ricordare la tua visita quando torni a navigare su quella pagina. I cookie solitamente [&hellip;]\" \/>\n<meta property=\"og:url\" content=\"https:\/\/www.supeinnihonto.com\/it\/politica-dei-cookie\/\" \/>\n<meta property=\"og:site_name\" content=\"Supein Nihonto\" \/>\n<meta property=\"article:modified_time\" content=\"2025-12-15T18:16:58+00:00\" \/>\n<meta name=\"twitter:card\" content=\"summary_large_image\" \/>\n<meta name=\"twitter:label1\" content=\"Tempo di lettura stimato\" \/>\n\t<meta name=\"twitter:data1\" content=\"4 minuto\" \/>\n<script type=\"application\/ld+json\" class=\"yoast-schema-graph\">{\"@context\":\"https:\\\/\\\/schema.org\",\"@graph\":[{\"@type\":\"WebPage\",\"@id\":\"https:\\\/\\\/www.supeinnihonto.com\\\/it\\\/politica-dei-cookie\\\/\",\"url\":\"https:\\\/\\\/www.supeinnihonto.com\\\/it\\\/politica-dei-cookie\\\/\",\"name\":\"POLITICA DEI COOKIE - Supein Nihonto\",\"isPartOf\":{\"@id\":\"https:\\\/\\\/www.supeinnihonto.com\\\/it\\\/#website\"},\"datePublished\":\"2021-11-10T12:43:03+00:00\",\"dateModified\":\"2025-12-15T18:16:58+00:00\",\"breadcrumb\":{\"@id\":\"https:\\\/\\\/www.supeinnihonto.com\\\/it\\\/politica-dei-cookie\\\/#breadcrumb\"},\"inLanguage\":\"it-IT\",\"potentialAction\":[{\"@type\":\"ReadAction\",\"target\":[\"https:\\\/\\\/www.supeinnihonto.com\\\/it\\\/politica-dei-cookie\\\/\"]}]},{\"@type\":\"BreadcrumbList\",\"@id\":\"https:\\\/\\\/www.supeinnihonto.com\\\/it\\\/politica-dei-cookie\\\/#breadcrumb\",\"itemListElement\":[{\"@type\":\"ListItem\",\"position\":1,\"name\":\"Portada\",\"item\":\"https:\\\/\\\/www.supeinnihonto.com\\\/it\\\/\"},{\"@type\":\"ListItem\",\"position\":2,\"name\":\"POLITICA DEI COOKIE\"}]},{\"@type\":\"WebSite\",\"@id\":\"https:\\\/\\\/www.supeinnihonto.com\\\/it\\\/#website\",\"url\":\"https:\\\/\\\/www.supeinnihonto.com\\\/it\\\/\",\"name\":\"Supein Nihonto\",\"description\":\"Authentic japanese Nihonto katana \",\"publisher\":{\"@id\":\"https:\\\/\\\/www.supeinnihonto.com\\\/it\\\/#organization\"},\"potentialAction\":[{\"@type\":\"SearchAction\",\"target\":{\"@type\":\"EntryPoint\",\"urlTemplate\":\"https:\\\/\\\/www.supeinnihonto.com\\\/it\\\/?s={search_term_string}\"},\"query-input\":{\"@type\":\"PropertyValueSpecification\",\"valueRequired\":true,\"valueName\":\"search_term_string\"}}],\"inLanguage\":\"it-IT\"},{\"@type\":\"Organization\",\"@id\":\"https:\\\/\\\/www.supeinnihonto.com\\\/it\\\/#organization\",\"name\":\"SupeinNihonto\",\"url\":\"https:\\\/\\\/www.supeinnihonto.com\\\/it\\\/\",\"logo\":{\"@type\":\"ImageObject\",\"inLanguage\":\"it-IT\",\"@id\":\"https:\\\/\\\/www.supeinnihonto.com\\\/it\\\/#\\\/schema\\\/logo\\\/image\\\/\",\"url\":\"https:\\\/\\\/www.supeinnihonto.com\\\/wp-content\\\/uploads\\\/2021\\\/11\\\/animation_Default_3szk0jcenoloop.gif\",\"contentUrl\":\"https:\\\/\\\/www.supeinnihonto.com\\\/wp-content\\\/uploads\\\/2021\\\/11\\\/animation_Default_3szk0jcenoloop.gif\",\"width\":750,\"height\":641,\"caption\":\"SupeinNihonto\"},\"image\":{\"@id\":\"https:\\\/\\\/www.supeinnihonto.com\\\/it\\\/#\\\/schema\\\/logo\\\/image\\\/\"}}]}<\/script>\n<!-- \/ Yoast SEO plugin. -->","yoast_head_json":{"title":"POLITICA DEI COOKIE - Supein Nihonto","robots":{"index":"index","follow":"follow","max-snippet":"max-snippet:-1","max-image-preview":"max-image-preview:large","max-video-preview":"max-video-preview:-1"},"canonical":"https:\/\/www.supeinnihonto.com\/it\/politica-dei-cookie\/","og_locale":"it_IT","og_type":"article","og_title":"POLITICA DEI COOKIE - Supein Nihonto","og_description":"POLITICA DEI COOKIE Un cookie \u00e8 un piccolo file di testo che viene memorizzato nel tuo browser quando visiti quasi qualsiasi pagina web. La sua utilit\u00e0 consiste nel fatto che il sito \u00e8 in grado di ricordare la tua visita quando torni a navigare su quella pagina. I cookie solitamente [&hellip;]","og_url":"https:\/\/www.supeinnihonto.com\/it\/politica-dei-cookie\/","og_site_name":"Supein Nihonto","article_modified_time":"2025-12-15T18:16:58+00:00","twitter_card":"summary_large_image","twitter_misc":{"Tempo di lettura stimato":"4 minuto"},"schema":{"@context":"https:\/\/schema.org","@graph":[{"@type":"WebPage","@id":"https:\/\/www.supeinnihonto.com\/it\/politica-dei-cookie\/","url":"https:\/\/www.supeinnihonto.com\/it\/politica-dei-cookie\/","name":"POLITICA DEI COOKIE - Supein Nihonto","isPartOf":{"@id":"https:\/\/www.supeinnihonto.com\/it\/#website"},"datePublished":"2021-11-10T12:43:03+00:00","dateModified":"2025-12-15T18:16:58+00:00","breadcrumb":{"@id":"https:\/\/www.supeinnihonto.com\/it\/politica-dei-cookie\/#breadcrumb"},"inLanguage":"it-IT","potentialAction":[{"@type":"ReadAction","target":["https:\/\/www.supeinnihonto.com\/it\/politica-dei-cookie\/"]}]},{"@type":"BreadcrumbList","@id":"https:\/\/www.supeinnihonto.com\/it\/politica-dei-cookie\/#breadcrumb","itemListElement":[{"@type":"ListItem","position":1,"name":"Portada","item":"https:\/\/www.supeinnihonto.com\/it\/"},{"@type":"ListItem","position":2,"name":"POLITICA DEI COOKIE"}]},{"@type":"WebSite","@id":"https:\/\/www.supeinnihonto.com\/it\/#website","url":"https:\/\/www.supeinnihonto.com\/it\/","name":"Supein Nihonto","description":"Authentic japanese Nihonto katana ","publisher":{"@id":"https:\/\/www.supeinnihonto.com\/it\/#organization"},"potentialAction":[{"@type":"SearchAction","target":{"@type":"EntryPoint","urlTemplate":"https:\/\/www.supeinnihonto.com\/it\/?s={search_term_string}"},"query-input":{"@type":"PropertyValueSpecification","valueRequired":true,"valueName":"search_term_string"}}],"inLanguage":"it-IT"},{"@type":"Organization","@id":"https:\/\/www.supeinnihonto.com\/it\/#organization","name":"SupeinNihonto","url":"https:\/\/www.supeinnihonto.com\/it\/","logo":{"@type":"ImageObject","inLanguage":"it-IT","@id":"https:\/\/www.supeinnihonto.com\/it\/#\/schema\/logo\/image\/","url":"https:\/\/www.supeinnihonto.com\/wp-content\/uploads\/2021\/11\/animation_Default_3szk0jcenoloop.gif","contentUrl":"https:\/\/www.supeinnihonto.com\/wp-content\/uploads\/2021\/11\/animation_Default_3szk0jcenoloop.gif","width":750,"height":641,"caption":"SupeinNihonto"},"image":{"@id":"https:\/\/www.supeinnihonto.com\/it\/#\/schema\/logo\/image\/"}}]}},"jetpack-related-posts":[{"id":15303,"url":"https:\/\/www.supeinnihonto.com\/it\/informativa-sulla-privacy\/","url_meta":{"origin":15299,"position":0},"title":"INFORMATIVA SULLA PRIVACY","author":"Supein Nihonto","date":"10 de Novembre de 2021","format":false,"excerpt":"INFORMATIVA SULLA PRIVACY Nota importante sul trattamento dei dati e su Google AnalyticsQuesto sito web utilizza Google Analytics, un servizio di analisi web di Google Ireland Limited. Qualora il soggetto responsabile del trattamento dei dati su questo sito web risieda in un Paese al di fuori dello Spazio Economico Europeo\u2026","rel":"","context":"Articolo simile","block_context":{"text":"Articolo simile","link":""},"img":{"alt_text":"","src":"","width":0,"height":0},"classes":[]},{"id":15295,"url":"https:\/\/www.supeinnihonto.com\/it\/avviso-legale\/","url_meta":{"origin":15299,"position":1},"title":"AVVISO LEGALE","author":"Supein Nihonto","date":"10 de Novembre de 2021","format":false,"excerpt":"AVVISO LEGALE Supein Nihonto non pu\u00f2 assumersi alcuna responsabilit\u00e0 derivante dall\u2019uso scorretto, inappropriato o illecito delle informazioni che appaiono nelle pagine Internet di Supein Nihonto. I contenuti e le informazioni non vincolano Supein Nihonto n\u00e9 costituiscono opinioni, consigli o consulenza legale di alcun tipo, trattandosi esclusivamente di un servizio offerto\u2026","rel":"","context":"Articolo simile","block_context":{"text":"Articolo simile","link":""},"img":{"alt_text":"","src":"","width":0,"height":0},"classes":[]},{"id":15274,"url":"https:\/\/www.supeinnihonto.com\/it\/sorteggio-delle-carte-collezionabili-warrior\/","url_meta":{"origin":15299,"position":2},"title":"Sorteggio delle carte collezionabili Warrior","author":"Supein Nihonto","date":"28 de Gennaio de 2022","format":false,"excerpt":"Carte collezionabili Warrior In Supein Nihonto siamo entusiasti di partecipare all\u2019innovativo progetto NFT di carte collezionabili che ci \u00e8 stato proposto da www.warriorcollectiblecards.com. L\u2019obiettivo di questo progetto \u00e8 diffondere la cultura samurai al maggior numero di persone possibile e siamo lieti di collaborare certificando la spada che verr\u00e0 sorteggiata in\u2026","rel":"","context":"Articolo simile","block_context":{"text":"Articolo simile","link":""},"img":{"alt_text":"","src":"","width":0,"height":0},"classes":[]},{"id":15234,"url":"https:\/\/www.supeinnihonto.com\/it\/politica-di-reso-e-rimborso\/","url_meta":{"origin":15299,"position":3},"title":"Politica di reso e rimborso","author":"Supein Nihonto","date":"29 de Luglio de 2024","format":false,"excerpt":"Panoramica Il consumatore dispone di un periodo di 14 giorni per annullare l\u2019acquisto di uno qualsiasi dei prodotti nel caso in cui vi sia un problema non descritto o qualora il prodotto non arrivi nelle condizioni previste al momento dell\u2019acquisto. Il consumatore dovr\u00e0 sostenere i costi di reso, nonch\u00e9 le\u2026","rel":"","context":"Articolo simile","block_context":{"text":"Articolo simile","link":""},"img":{"alt_text":"","src":"","width":0,"height":0},"classes":[]},{"id":15265,"url":"https:\/\/www.supeinnihonto.com\/it\/media\/","url_meta":{"origin":15299,"position":4},"title":"Media","author":"Supein Nihonto","date":"9 de Maggio de 2024","format":false,"excerpt":"MEDIA Asta semestrale dei commercianti di Tokyo Sebbene gli inviti per gli stranieri siano molto limitati (eravamo solo tre stranieri su oltre 150 partecipanti), siamo stati invitati a questo evento che si svolge due volte all\u2019anno nel centro di Tokyo, il che \u00e8 stato per noi un grande piacere e\u2026","rel":"","context":"Articolo simile","block_context":{"text":"Articolo simile","link":""},"img":{"alt_text":"","src":"https:\/\/i0.wp.com\/www.supeinnihonto.com\/wp-content\/uploads\/2024\/05\/IMG20240420045848-768x1024.jpg?resize=350%2C200&ssl=1","width":350,"height":200,"srcset":"https:\/\/i0.wp.com\/www.supeinnihonto.com\/wp-content\/uploads\/2024\/05\/IMG20240420045848-768x1024.jpg?resize=350%2C200&ssl=1 1x, https:\/\/i0.wp.com\/www.supeinnihonto.com\/wp-content\/uploads\/2024\/05\/IMG20240420045848-768x1024.jpg?resize=525%2C300&ssl=1 1.5x, https:\/\/i0.wp.com\/www.supeinnihonto.com\/wp-content\/uploads\/2024\/05\/IMG20240420045848-768x1024.jpg?resize=700%2C400&ssl=1 2x"},"classes":[]},{"id":15285,"url":"https:\/\/www.supeinnihonto.com\/it\/chi-siamo\/","url_meta":{"origin":15299,"position":5},"title":"Chi siamo","author":"Supein Nihonto","date":"10 de Novembre de 2021","format":false,"excerpt":"Chi siamo SupeinNihonto \u00e8 un progetto che si \u00e8 concretizzato dopo diversi anni dedicati alle arti marziali classiche dell\u2019Aikido, del Kendo e dello Iaido, ma soprattutto affascinati dal collezionismo di armi e armature giapponesi, opere d\u2019arte di un periodo cos\u00ec straordinario da affascinare milioni di persone in tutto il mondo.\u2026","rel":"","context":"Articolo simile","block_context":{"text":"Articolo simile","link":""},"img":{"alt_text":"","src":"https:\/\/i0.wp.com\/www.supeinnihonto.com\/wp-content\/uploads\/2021\/12\/Aitor-Solana.jpeg?resize=350%2C200&ssl=1","width":350,"height":200,"srcset":"https:\/\/i0.wp.com\/www.supeinnihonto.com\/wp-content\/uploads\/2021\/12\/Aitor-Solana.jpeg?resize=350%2C200&ssl=1 1x, https:\/\/i0.wp.com\/www.supeinnihonto.com\/wp-content\/uploads\/2021\/12\/Aitor-Solana.jpeg?resize=525%2C300&ssl=1 1.5x, https:\/\/i0.wp.com\/www.supeinnihonto.com\/wp-content\/uploads\/2021\/12\/Aitor-Solana.jpeg?resize=700%2C400&ssl=1 2x, https:\/\/i0.wp.com\/www.supeinnihonto.com\/wp-content\/uploads\/2021\/12\/Aitor-Solana.jpeg?resize=1050%2C600&ssl=1 3x"},"classes":[]}],"jetpack_sharing_enabled":true,"_links":{"self":[{"href":"https:\/\/www.supeinnihonto.com\/it\/wp-json\/wp\/v2\/pages\/15299","targetHints":{"allow":["GET"]}}],"collection":[{"href":"https:\/\/www.supeinnihonto.com\/it\/wp-json\/wp\/v2\/pages"}],"about":[{"href":"https:\/\/www.supeinnihonto.com\/it\/wp-json\/wp\/v2\/types\/page"}],"author":[{"embeddable":true,"href":"https:\/\/www.supeinnihonto.com\/it\/wp-json\/wp\/v2\/users\/1"}],"replies":[{"embeddable":true,"href":"https:\/\/www.supeinnihonto.com\/it\/wp-json\/wp\/v2\/comments?post=15299"}],"version-history":[{"count":4,"href":"https:\/\/www.supeinnihonto.com\/it\/wp-json\/wp\/v2\/pages\/15299\/revisions"}],"predecessor-version":[{"id":36777,"href":"https:\/\/www.supeinnihonto.com\/it\/wp-json\/wp\/v2\/pages\/15299\/revisions\/36777"}],"wp:attachment":[{"href":"https:\/\/www.supeinnihonto.com\/it\/wp-json\/wp\/v2\/media?parent=15299"}],"curies":[{"name":"wp","href":"https:\/\/api.w.org\/{rel}","templated":true}]}}