{"id":15234,"date":"2024-07-29T15:47:27","date_gmt":"2024-07-29T15:47:27","guid":{"rendered":"https:\/\/www.supeinnihonto.com\/returnspolicy\/"},"modified":"2025-12-15T17:52:50","modified_gmt":"2025-12-15T17:52:50","slug":"politica-di-reso-e-rimborso","status":"publish","type":"page","link":"https:\/\/www.supeinnihonto.com\/it\/politica-di-reso-e-rimborso\/","title":{"rendered":"Politica di reso e rimborso"},"content":{"rendered":"\n<p><\/p>\n\n\n\n<p><h3>Panoramica<\/h3><\/p>\n\n\n\n<p>Il consumatore dispone di un periodo di <strong>14 giorni<\/strong> per annullare l\u2019acquisto di uno qualsiasi dei prodotti nel caso in cui vi sia un problema non descritto o qualora il prodotto non arrivi nelle condizioni previste al momento dell\u2019acquisto.<\/p>\n\n\n\n<p>Il consumatore dovr\u00e0 sostenere i costi di reso, nonch\u00e9 le spese di spedizione e il costo dell\u2019assicurazione pagata per la consegna dell\u2019oggetto. Il prodotto dovr\u00e0 inoltre rientrare nelle <strong>medesime condizioni in cui \u00e8 stato venduto<\/strong>, completo di tutti gli accessori originali e del relativo imballaggio.<\/p>\n\n\n\n<p>Alcuni articoli, come le <strong>armature antiche<\/strong>, sono particolarmente sensibili alle operazioni di montaggio e smontaggio e, pertanto, <strong>non possono essere restituiti<\/strong>, trattandosi di oggetti delicati per i quali non \u00e8 possibile garantire la sicurezza dell\u2019assemblaggio da parte del cliente. Tutti gli altri articoli sono soggetti a un periodo di reso di 14 giorni.<\/p>\n\n\n\n<p>Si ricorda che si tratta di <strong>oggetti d\u2019arte risalenti a secoli fa<\/strong>; \u00e8 quindi naturale che presentino segni di usura dovuti al trascorrere del tempo e, in alcuni casi, all\u2019uso in combattimento. Si prega di tenerne conto prima di effettuare l\u2019acquisto.<\/p>\n\n\n\n<p><h2>Rimborsi<\/h2><\/p>\n\n\n\n<p>Una volta ricevuto e ispezionato il tuo reso, ti invieremo un\u2019email per informarti che abbiamo ricevuto l\u2019articolo restituito. Ti comunicheremo inoltre l\u2019approvazione o il rifiuto del rimborso.<\/p>\n\n\n\n<p>Se il rimborso viene approvato, verr\u00e0 elaborato e l\u2019importo sar\u00e0 automaticamente riaccreditato sulla tua carta di credito o sul metodo di pagamento originale entro un determinato numero di giorni.<\/p>\n\n\n\n<p><strong>Rimborsi in ritardo o mancanti<\/strong><\/p>\n\n\n\n<p>Se non hai ancora ricevuto il rimborso, controlla innanzitutto nuovamente il tuo conto bancario.<\/p>\n\n\n\n<p>Successivamente contatta la societ\u00e0 della tua carta di credito: potrebbe essere necessario del tempo prima che il rimborso venga registrato ufficialmente.<\/p>\n\n\n\n<p>Poi contatta la tua banca. Spesso \u00e8 previsto un tempo di elaborazione prima che il rimborso venga accreditato.<\/p>\n\n\n\n<p>Se dopo aver effettuato tutti questi passaggi non hai ancora ricevuto il rimborso, ti preghiamo di contattarci all\u2019indirizzo {email address}.<\/p>\n\n\n\n<p><strong>Articoli in saldo<\/strong><\/p>\n\n\n\n<p>Solo gli articoli a prezzo pieno possono essere rimborsati. Gli articoli in saldo non sono rimborsabili.<\/p>\n\n\n\n<p><\/p>\n\n\n\n<p><h2>Resi di spedizione<\/h2><\/p>\n\n\n\n<p>Sarai responsabile del pagamento delle spese di spedizione per la restituzione dell\u2019articolo. <strong>Le spese di spedizione non sono rimborsabili<\/strong>. In caso di rimborso, il costo della spedizione di reso verr\u00e0 detratto dall\u2019importo rimborsato.<\/p>\n\n\n\n<p>A seconda del luogo in cui vivi, i tempi necessari affinch\u00e9 il prodotto sostitutivo ti raggiunga possono variare.<\/p>\n\n\n\n<p>Se restituisci articoli di valore elevato, ti consigliamo di utilizzare un servizio di spedizione tracciabile o di acquistare un\u2019assicurazione sulla spedizione.<\/p>\n\n\n\n<p><h2>Hai bisogno di aiuto?<\/h2><\/p>\n\n\n\n<p>Contattaci all\u2019indirizzo <strong><a>info@supeinnihonto.com<\/a><\/strong> per domande relative a rimborsi e resi.<\/p>\n","protected":false},"excerpt":{"rendered":"<p>Panoramica Il consumatore dispone di un periodo di 14 giorni per annullare l\u2019acquisto di uno qualsiasi dei prodotti nel caso in cui vi sia un problema non descritto o qualora il prodotto non arrivi nelle condizioni previste al momento dell\u2019acquisto. Il consumatore dovr\u00e0 sostenere i costi di reso, nonch\u00e9 le [&hellip;]<\/p>\n","protected":false},"author":1,"featured_media":0,"parent":0,"menu_order":0,"comment_status":"closed","ping_status":"closed","template":"","meta":{"jetpack_post_was_ever_published":false,"footnotes":""},"class_list":["post-15234","page","type-page","status-publish","hentry"],"yoast_head":"<!-- This site is optimized with the Yoast SEO plugin v27.5 - https:\/\/yoast.com\/product\/yoast-seo-wordpress\/ -->\n<title>Politica di reso e rimborso - Supein Nihonto<\/title>\n<meta name=\"robots\" content=\"index, follow, max-snippet:-1, max-image-preview:large, max-video-preview:-1\" \/>\n<link rel=\"canonical\" href=\"https:\/\/www.supeinnihonto.com\/it\/politica-di-reso-e-rimborso\/\" \/>\n<meta property=\"og:locale\" content=\"it_IT\" \/>\n<meta property=\"og:type\" content=\"article\" \/>\n<meta property=\"og:title\" content=\"Politica di reso e rimborso - Supein Nihonto\" \/>\n<meta property=\"og:description\" content=\"Panoramica Il consumatore dispone di un periodo di 14 giorni per annullare l\u2019acquisto di uno qualsiasi dei prodotti nel caso in cui vi sia un problema non descritto o qualora il prodotto non arrivi nelle condizioni previste al momento dell\u2019acquisto. Il consumatore dovr\u00e0 sostenere i costi di reso, nonch\u00e9 le [&hellip;]\" \/>\n<meta property=\"og:url\" content=\"https:\/\/www.supeinnihonto.com\/it\/politica-di-reso-e-rimborso\/\" \/>\n<meta property=\"og:site_name\" content=\"Supein Nihonto\" \/>\n<meta property=\"article:modified_time\" content=\"2025-12-15T17:52:50+00:00\" \/>\n<meta name=\"twitter:card\" content=\"summary_large_image\" \/>\n<meta name=\"twitter:label1\" content=\"Tempo di lettura stimato\" \/>\n\t<meta name=\"twitter:data1\" content=\"2 minuto\" \/>\n<script type=\"application\/ld+json\" class=\"yoast-schema-graph\">{\"@context\":\"https:\\\/\\\/schema.org\",\"@graph\":[{\"@type\":\"WebPage\",\"@id\":\"https:\\\/\\\/www.supeinnihonto.com\\\/it\\\/politica-di-reso-e-rimborso\\\/\",\"url\":\"https:\\\/\\\/www.supeinnihonto.com\\\/it\\\/politica-di-reso-e-rimborso\\\/\",\"name\":\"Politica di reso e rimborso - Supein Nihonto\",\"isPartOf\":{\"@id\":\"https:\\\/\\\/www.supeinnihonto.com\\\/it\\\/#website\"},\"datePublished\":\"2024-07-29T15:47:27+00:00\",\"dateModified\":\"2025-12-15T17:52:50+00:00\",\"breadcrumb\":{\"@id\":\"https:\\\/\\\/www.supeinnihonto.com\\\/it\\\/politica-di-reso-e-rimborso\\\/#breadcrumb\"},\"inLanguage\":\"it-IT\",\"potentialAction\":[{\"@type\":\"ReadAction\",\"target\":[\"https:\\\/\\\/www.supeinnihonto.com\\\/it\\\/politica-di-reso-e-rimborso\\\/\"]}]},{\"@type\":\"BreadcrumbList\",\"@id\":\"https:\\\/\\\/www.supeinnihonto.com\\\/it\\\/politica-di-reso-e-rimborso\\\/#breadcrumb\",\"itemListElement\":[{\"@type\":\"ListItem\",\"position\":1,\"name\":\"Portada\",\"item\":\"https:\\\/\\\/www.supeinnihonto.com\\\/it\\\/\"},{\"@type\":\"ListItem\",\"position\":2,\"name\":\"Politica di reso e rimborso\"}]},{\"@type\":\"WebSite\",\"@id\":\"https:\\\/\\\/www.supeinnihonto.com\\\/it\\\/#website\",\"url\":\"https:\\\/\\\/www.supeinnihonto.com\\\/it\\\/\",\"name\":\"Supein Nihonto\",\"description\":\"Authentic japanese Nihonto katana \",\"publisher\":{\"@id\":\"https:\\\/\\\/www.supeinnihonto.com\\\/it\\\/#organization\"},\"potentialAction\":[{\"@type\":\"SearchAction\",\"target\":{\"@type\":\"EntryPoint\",\"urlTemplate\":\"https:\\\/\\\/www.supeinnihonto.com\\\/it\\\/?s={search_term_string}\"},\"query-input\":{\"@type\":\"PropertyValueSpecification\",\"valueRequired\":true,\"valueName\":\"search_term_string\"}}],\"inLanguage\":\"it-IT\"},{\"@type\":\"Organization\",\"@id\":\"https:\\\/\\\/www.supeinnihonto.com\\\/it\\\/#organization\",\"name\":\"SupeinNihonto\",\"url\":\"https:\\\/\\\/www.supeinnihonto.com\\\/it\\\/\",\"logo\":{\"@type\":\"ImageObject\",\"inLanguage\":\"it-IT\",\"@id\":\"https:\\\/\\\/www.supeinnihonto.com\\\/it\\\/#\\\/schema\\\/logo\\\/image\\\/\",\"url\":\"https:\\\/\\\/www.supeinnihonto.com\\\/wp-content\\\/uploads\\\/2021\\\/11\\\/animation_Default_3szk0jcenoloop.gif\",\"contentUrl\":\"https:\\\/\\\/www.supeinnihonto.com\\\/wp-content\\\/uploads\\\/2021\\\/11\\\/animation_Default_3szk0jcenoloop.gif\",\"width\":750,\"height\":641,\"caption\":\"SupeinNihonto\"},\"image\":{\"@id\":\"https:\\\/\\\/www.supeinnihonto.com\\\/it\\\/#\\\/schema\\\/logo\\\/image\\\/\"}}]}<\/script>\n<!-- \/ Yoast SEO plugin. -->","yoast_head_json":{"title":"Politica di reso e rimborso - Supein Nihonto","robots":{"index":"index","follow":"follow","max-snippet":"max-snippet:-1","max-image-preview":"max-image-preview:large","max-video-preview":"max-video-preview:-1"},"canonical":"https:\/\/www.supeinnihonto.com\/it\/politica-di-reso-e-rimborso\/","og_locale":"it_IT","og_type":"article","og_title":"Politica di reso e rimborso - Supein Nihonto","og_description":"Panoramica Il consumatore dispone di un periodo di 14 giorni per annullare l\u2019acquisto di uno qualsiasi dei prodotti nel caso in cui vi sia un problema non descritto o qualora il prodotto non arrivi nelle condizioni previste al momento dell\u2019acquisto. Il consumatore dovr\u00e0 sostenere i costi di reso, nonch\u00e9 le [&hellip;]","og_url":"https:\/\/www.supeinnihonto.com\/it\/politica-di-reso-e-rimborso\/","og_site_name":"Supein Nihonto","article_modified_time":"2025-12-15T17:52:50+00:00","twitter_card":"summary_large_image","twitter_misc":{"Tempo di lettura stimato":"2 minuto"},"schema":{"@context":"https:\/\/schema.org","@graph":[{"@type":"WebPage","@id":"https:\/\/www.supeinnihonto.com\/it\/politica-di-reso-e-rimborso\/","url":"https:\/\/www.supeinnihonto.com\/it\/politica-di-reso-e-rimborso\/","name":"Politica di reso e rimborso - Supein Nihonto","isPartOf":{"@id":"https:\/\/www.supeinnihonto.com\/it\/#website"},"datePublished":"2024-07-29T15:47:27+00:00","dateModified":"2025-12-15T17:52:50+00:00","breadcrumb":{"@id":"https:\/\/www.supeinnihonto.com\/it\/politica-di-reso-e-rimborso\/#breadcrumb"},"inLanguage":"it-IT","potentialAction":[{"@type":"ReadAction","target":["https:\/\/www.supeinnihonto.com\/it\/politica-di-reso-e-rimborso\/"]}]},{"@type":"BreadcrumbList","@id":"https:\/\/www.supeinnihonto.com\/it\/politica-di-reso-e-rimborso\/#breadcrumb","itemListElement":[{"@type":"ListItem","position":1,"name":"Portada","item":"https:\/\/www.supeinnihonto.com\/it\/"},{"@type":"ListItem","position":2,"name":"Politica di reso e rimborso"}]},{"@type":"WebSite","@id":"https:\/\/www.supeinnihonto.com\/it\/#website","url":"https:\/\/www.supeinnihonto.com\/it\/","name":"Supein Nihonto","description":"Authentic japanese Nihonto katana ","publisher":{"@id":"https:\/\/www.supeinnihonto.com\/it\/#organization"},"potentialAction":[{"@type":"SearchAction","target":{"@type":"EntryPoint","urlTemplate":"https:\/\/www.supeinnihonto.com\/it\/?s={search_term_string}"},"query-input":{"@type":"PropertyValueSpecification","valueRequired":true,"valueName":"search_term_string"}}],"inLanguage":"it-IT"},{"@type":"Organization","@id":"https:\/\/www.supeinnihonto.com\/it\/#organization","name":"SupeinNihonto","url":"https:\/\/www.supeinnihonto.com\/it\/","logo":{"@type":"ImageObject","inLanguage":"it-IT","@id":"https:\/\/www.supeinnihonto.com\/it\/#\/schema\/logo\/image\/","url":"https:\/\/www.supeinnihonto.com\/wp-content\/uploads\/2021\/11\/animation_Default_3szk0jcenoloop.gif","contentUrl":"https:\/\/www.supeinnihonto.com\/wp-content\/uploads\/2021\/11\/animation_Default_3szk0jcenoloop.gif","width":750,"height":641,"caption":"SupeinNihonto"},"image":{"@id":"https:\/\/www.supeinnihonto.com\/it\/#\/schema\/logo\/image\/"}}]}},"jetpack-related-posts":[{"id":15265,"url":"https:\/\/www.supeinnihonto.com\/it\/media\/","url_meta":{"origin":15234,"position":0},"title":"Media","author":"Supein Nihonto","date":"9 de Maggio de 2024","format":false,"excerpt":"MEDIA Asta semestrale dei commercianti di Tokyo Sebbene gli inviti per gli stranieri siano molto limitati (eravamo solo tre stranieri su oltre 150 partecipanti), siamo stati invitati a questo evento che si svolge due volte all\u2019anno nel centro di Tokyo, il che \u00e8 stato per noi un grande piacere e\u2026","rel":"","context":"Articolo simile","block_context":{"text":"Articolo simile","link":""},"img":{"alt_text":"","src":"https:\/\/i0.wp.com\/www.supeinnihonto.com\/wp-content\/uploads\/2024\/05\/IMG20240420045848-768x1024.jpg?resize=350%2C200&ssl=1","width":350,"height":200,"srcset":"https:\/\/i0.wp.com\/www.supeinnihonto.com\/wp-content\/uploads\/2024\/05\/IMG20240420045848-768x1024.jpg?resize=350%2C200&ssl=1 1x, https:\/\/i0.wp.com\/www.supeinnihonto.com\/wp-content\/uploads\/2024\/05\/IMG20240420045848-768x1024.jpg?resize=525%2C300&ssl=1 1.5x, https:\/\/i0.wp.com\/www.supeinnihonto.com\/wp-content\/uploads\/2024\/05\/IMG20240420045848-768x1024.jpg?resize=700%2C400&ssl=1 2x"},"classes":[]},{"id":15274,"url":"https:\/\/www.supeinnihonto.com\/it\/sorteggio-delle-carte-collezionabili-warrior\/","url_meta":{"origin":15234,"position":1},"title":"Sorteggio delle carte collezionabili Warrior","author":"Supein Nihonto","date":"28 de Gennaio de 2022","format":false,"excerpt":"Carte collezionabili Warrior In Supein Nihonto siamo entusiasti di partecipare all\u2019innovativo progetto NFT di carte collezionabili che ci \u00e8 stato proposto da www.warriorcollectiblecards.com. L\u2019obiettivo di questo progetto \u00e8 diffondere la cultura samurai al maggior numero di persone possibile e siamo lieti di collaborare certificando la spada che verr\u00e0 sorteggiata in\u2026","rel":"","context":"Articolo simile","block_context":{"text":"Articolo simile","link":""},"img":{"alt_text":"","src":"","width":0,"height":0},"classes":[]},{"id":15285,"url":"https:\/\/www.supeinnihonto.com\/it\/chi-siamo\/","url_meta":{"origin":15234,"position":2},"title":"Chi siamo","author":"Supein Nihonto","date":"10 de Novembre de 2021","format":false,"excerpt":"Chi siamo SupeinNihonto \u00e8 un progetto che si \u00e8 concretizzato dopo diversi anni dedicati alle arti marziali classiche dell\u2019Aikido, del Kendo e dello Iaido, ma soprattutto affascinati dal collezionismo di armi e armature giapponesi, opere d\u2019arte di un periodo cos\u00ec straordinario da affascinare milioni di persone in tutto il mondo.\u2026","rel":"","context":"Articolo simile","block_context":{"text":"Articolo simile","link":""},"img":{"alt_text":"","src":"https:\/\/i0.wp.com\/www.supeinnihonto.com\/wp-content\/uploads\/2021\/12\/Aitor-Solana.jpeg?resize=350%2C200&ssl=1","width":350,"height":200,"srcset":"https:\/\/i0.wp.com\/www.supeinnihonto.com\/wp-content\/uploads\/2021\/12\/Aitor-Solana.jpeg?resize=350%2C200&ssl=1 1x, https:\/\/i0.wp.com\/www.supeinnihonto.com\/wp-content\/uploads\/2021\/12\/Aitor-Solana.jpeg?resize=525%2C300&ssl=1 1.5x, https:\/\/i0.wp.com\/www.supeinnihonto.com\/wp-content\/uploads\/2021\/12\/Aitor-Solana.jpeg?resize=700%2C400&ssl=1 2x, https:\/\/i0.wp.com\/www.supeinnihonto.com\/wp-content\/uploads\/2021\/12\/Aitor-Solana.jpeg?resize=1050%2C600&ssl=1 3x"},"classes":[]},{"id":15303,"url":"https:\/\/www.supeinnihonto.com\/it\/informativa-sulla-privacy\/","url_meta":{"origin":15234,"position":3},"title":"INFORMATIVA SULLA PRIVACY","author":"Supein Nihonto","date":"10 de Novembre de 2021","format":false,"excerpt":"INFORMATIVA SULLA PRIVACY Nota importante sul trattamento dei dati e su Google AnalyticsQuesto sito web utilizza Google Analytics, un servizio di analisi web di Google Ireland Limited. Qualora il soggetto responsabile del trattamento dei dati su questo sito web risieda in un Paese al di fuori dello Spazio Economico Europeo\u2026","rel":"","context":"Articolo simile","block_context":{"text":"Articolo simile","link":""},"img":{"alt_text":"","src":"","width":0,"height":0},"classes":[]},{"id":15295,"url":"https:\/\/www.supeinnihonto.com\/it\/avviso-legale\/","url_meta":{"origin":15234,"position":4},"title":"AVVISO LEGALE","author":"Supein Nihonto","date":"10 de Novembre de 2021","format":false,"excerpt":"AVVISO LEGALE Supein Nihonto non pu\u00f2 assumersi alcuna responsabilit\u00e0 derivante dall\u2019uso scorretto, inappropriato o illecito delle informazioni che appaiono nelle pagine Internet di Supein Nihonto. I contenuti e le informazioni non vincolano Supein Nihonto n\u00e9 costituiscono opinioni, consigli o consulenza legale di alcun tipo, trattandosi esclusivamente di un servizio offerto\u2026","rel":"","context":"Articolo simile","block_context":{"text":"Articolo simile","link":""},"img":{"alt_text":"","src":"","width":0,"height":0},"classes":[]},{"id":15299,"url":"https:\/\/www.supeinnihonto.com\/it\/politica-dei-cookie\/","url_meta":{"origin":15234,"position":5},"title":"POLITICA DEI COOKIE","author":"Supein Nihonto","date":"10 de Novembre de 2021","format":false,"excerpt":"POLITICA DEI COOKIE Un cookie \u00e8 un piccolo file di testo che viene memorizzato nel tuo browser quando visiti quasi qualsiasi pagina web. La sua utilit\u00e0 consiste nel fatto che il sito \u00e8 in grado di ricordare la tua visita quando torni a navigare su quella pagina. I cookie solitamente\u2026","rel":"","context":"Articolo simile","block_context":{"text":"Articolo simile","link":""},"img":{"alt_text":"","src":"","width":0,"height":0},"classes":[]}],"jetpack_sharing_enabled":true,"_links":{"self":[{"href":"https:\/\/www.supeinnihonto.com\/it\/wp-json\/wp\/v2\/pages\/15234","targetHints":{"allow":["GET"]}}],"collection":[{"href":"https:\/\/www.supeinnihonto.com\/it\/wp-json\/wp\/v2\/pages"}],"about":[{"href":"https:\/\/www.supeinnihonto.com\/it\/wp-json\/wp\/v2\/types\/page"}],"author":[{"embeddable":true,"href":"https:\/\/www.supeinnihonto.com\/it\/wp-json\/wp\/v2\/users\/1"}],"replies":[{"embeddable":true,"href":"https:\/\/www.supeinnihonto.com\/it\/wp-json\/wp\/v2\/comments?post=15234"}],"version-history":[{"count":1,"href":"https:\/\/www.supeinnihonto.com\/it\/wp-json\/wp\/v2\/pages\/15234\/revisions"}],"predecessor-version":[{"id":36724,"href":"https:\/\/www.supeinnihonto.com\/it\/wp-json\/wp\/v2\/pages\/15234\/revisions\/36724"}],"wp:attachment":[{"href":"https:\/\/www.supeinnihonto.com\/it\/wp-json\/wp\/v2\/media?parent=15234"}],"curies":[{"name":"wp","href":"https:\/\/api.w.org\/{rel}","templated":true}]}}