{"id":45250,"date":"2026-03-01T18:58:49","date_gmt":"2026-03-01T18:58:49","guid":{"rendered":"https:\/\/www.supeinnihonto.com\/?post_type=product&#038;p=45250"},"modified":"2026-03-04T11:28:17","modified_gmt":"2026-03-04T11:28:17","slug":"tsuba-marugata-en-cuivre-a-motif-de-carpe-koi-certifiee-nbthk-hozon-3","status":"publish","type":"product","link":"https:\/\/www.supeinnihonto.com\/fr\/produit\/tsuba-marugata-en-cuivre-a-motif-de-carpe-koi-certifiee-nbthk-hozon-3\/","title":{"rendered":"Tsuba marugata en cuivre \u00e0 motif de carpe (koi), certifi\u00e9e NBTHK Hozon."},"content":{"rendered":"<p data-start=\"199\" data-end=\"214\"><strong data-start=\"199\" data-end=\"212\">ARTICLE :<\/strong><\/p>\n<p data-start=\"216\" data-end=\"324\">Livr\u00e9 avec certificat de Supein Nihonto. Livr\u00e9 avec certificat NBTHK Hozon. Fourni avec une bo\u00eete en bois.<\/p>\n<p data-start=\"326\" data-end=\"1036\">Magnifique tsuba en cuivre du XIX\u1d49 si\u00e8cle, sign\u00e9e, avec bordure et reliefs en shakud\u014d (alliage d\u2019or et de cuivre), repr\u00e9sentant une carpe dont les yeux sont sertis d\u2019or. Une \u0153uvre d\u2019art unique.<br data-start=\"519\" data-end=\"522\" \/>La carpe koi est tr\u00e8s appr\u00e9ci\u00e9e dans la culture japonaise et constitue l\u2019un des motifs favoris de nombreux arts ; cependant, les tsuba orn\u00e9es de ce th\u00e8me sont tr\u00e8s rares et peu communes, ce qui les rend particuli\u00e8rement recherch\u00e9es par les collectionneurs. De plus, cette pi\u00e8ce est d\u2019une qualit\u00e9 exceptionnelle et est accompagn\u00e9e d\u2019un certificat NBTHK \u2014 la plus importante association mondiale pour la pr\u00e9servation du sabre japonais \u2014 qui la classe comme une \u0153uvre d\u2019int\u00e9r\u00eat culturel et de conservation sp\u00e9ciale.<\/p>\n<p data-start=\"1038\" data-end=\"1052\">7,4 \u00d7 7,2 cm<\/p>\n<p data-start=\"1054\" data-end=\"1078\"><strong data-start=\"1054\" data-end=\"1076\">\u00c0 PROPOS DE NOUS :<\/strong><\/p>\n<p data-start=\"1080\" data-end=\"2517\">Chez Supein Nihonto, nous nous effor\u00e7ons de vous proposer des sabres et armures de samoura\u00ef de haute qualit\u00e9 \u00e0 des prix bien inf\u00e9rieurs \u00e0 ceux de la concurrence. Nous sommes probablement le plus grand exportateur d\u2019Europe et nous sommes fiers d\u2019annoncer que nous sommes le <strong data-start=\"1353\" data-end=\"1372\">premier vendeur<\/strong> dans les ventes Samurai et japonaises sur Catawiki.<br data-start=\"1424\" data-end=\"1427\" \/>Cela est particuli\u00e8rement important pour \u00e9conomiser sur les taxes et les d\u00e9lais d\u2019attente, qui peuvent d\u00e9passer quatre mois avec des vendeurs japonais, ainsi que sur les proc\u00e9dures longues et parfois probl\u00e9matiques qui prolongent encore les livraisons, allant jusqu\u2019au retour du colis \u00e0 l\u2019exp\u00e9diteur, sans compter plus de 35 % de frais suppl\u00e9mentaires sur le prix final dus aux douanes, droits et taxes, lesquels augmentent le co\u00fbt mais non la qualit\u00e9 ni la valeur de revente future.<br data-start=\"1910\" data-end=\"1913\" \/>En tant que vendeurs professionnels, nous offrons une garantie de satisfaction, une expertise et des standards sup\u00e9rieurs \u00e0 ceux des vendeurs priv\u00e9s, ainsi qu\u2019un service apr\u00e8s-vente renforc\u00e9. Gr\u00e2ce \u00e0 cela, \u00e0 nos prix professionnels parmi les plus bas du secteur et \u00e0 notre m\u00e9thode d\u2019exp\u00e9dition rapide et efficace \u2014 rarement plus de trois jours en Europe \u2014 nous sommes convaincus que vous appr\u00e9cierez cette opportunit\u00e9 exceptionnelle d\u2019acqu\u00e9rir une \u0153uvre d\u2019art qui prendra de la valeur au fil des ann\u00e9es et constituera un excellent investissement. Faites-nous confiance pour appr\u00e9cier l\u2019art des samoura\u00efs.<\/p>\n","protected":false},"excerpt":{"rendered":"<p>ARTICLE : Livr\u00e9 avec certificat de Supein Nihonto. Livr\u00e9 avec certificat NBTHK Hozon. Fourni avec une bo\u00eete en bois. Magnifique tsuba en cuivre du XIX\u1d49 si\u00e8cle, sign\u00e9e, avec bordure et reliefs en shakud\u014d (alliage d\u2019or et de cuivre), repr\u00e9sentant une carpe dont les yeux sont sertis d\u2019or. Une \u0153uvre d\u2019art [&hellip;]<\/p>\n","protected":false},"featured_media":45265,"template":"","meta":{"jetpack_post_was_ever_published":false},"product_brand":[],"product_cat":[552,556],"product_tag":[452,456,468,622],"class_list":{"0":"post-45250","1":"product","2":"type-product","3":"status-publish","4":"has-post-thumbnail","6":"product_cat-tosogu","7":"product_cat-tsuba","8":"product_tag-hozon","9":"product_tag-katana","10":"product_tag-nbthk","11":"product_tag-tsuba","12":"product_shipping_class-light","14":"first","15":"instock","16":"featured","17":"sold-individually","18":"shipping-taxable","19":"purchasable","20":"product-type-simple"},"yoast_head":"<!-- This site is optimized with the Yoast SEO plugin v27.4 - https:\/\/yoast.com\/product\/yoast-seo-wordpress\/ -->\n<title>Tsuba marugata en cuivre \u00e0 motif de carpe (koi), certifi\u00e9e NBTHK Hozon. - Supein Nihonto<\/title>\n<meta name=\"description\" content=\"Magnifique tsuba en cuivre du XIX\u1d49 si\u00e8cle, avec bordure et reliefs en shakud\u014d (alliage d\u2019or et de cuivre), repr\u00e9sentant une carpe aux yeux sertis d\u2019or. Une \u0153uvre d\u2019art unique.\" \/>\n<meta name=\"robots\" content=\"index, follow, max-snippet:-1, max-image-preview:large, max-video-preview:-1\" \/>\n<link rel=\"canonical\" href=\"https:\/\/www.supeinnihonto.com\/fr\/produit\/tsuba-marugata-en-cuivre-a-motif-de-carpe-koi-certifiee-nbthk-hozon-3\/\" \/>\n<meta property=\"og:locale\" content=\"fr_FR\" \/>\n<meta property=\"og:type\" content=\"article\" \/>\n<meta property=\"og:title\" content=\"Tsuba marugata en cuivre \u00e0 motif de carpe (koi), certifi\u00e9e NBTHK Hozon. - Supein Nihonto\" \/>\n<meta property=\"og:description\" content=\"Magnifique tsuba en cuivre du XIX\u1d49 si\u00e8cle, avec bordure et reliefs en shakud\u014d (alliage d\u2019or et de cuivre), repr\u00e9sentant une carpe aux yeux sertis d\u2019or. Une \u0153uvre d\u2019art unique.\" \/>\n<meta property=\"og:url\" content=\"https:\/\/www.supeinnihonto.com\/fr\/produit\/tsuba-marugata-en-cuivre-a-motif-de-carpe-koi-certifiee-nbthk-hozon-3\/\" \/>\n<meta property=\"og:site_name\" content=\"Supein Nihonto\" \/>\n<meta property=\"article:modified_time\" content=\"2026-03-04T11:28:17+00:00\" \/>\n<meta property=\"og:image\" content=\"https:\/\/www.supeinnihonto.com\/wp-content\/uploads\/2026\/03\/DSC_6545-scaled.jpg\" \/>\n\t<meta property=\"og:image:width\" content=\"2560\" \/>\n\t<meta property=\"og:image:height\" content=\"1707\" \/>\n\t<meta property=\"og:image:type\" content=\"image\/jpeg\" \/>\n<meta name=\"twitter:card\" content=\"summary_large_image\" \/>\n<meta name=\"twitter:label1\" content=\"Dur\u00e9e de lecture estim\u00e9e\" \/>\n\t<meta name=\"twitter:data1\" content=\"2 minutes\" \/>\n<script type=\"application\/ld+json\" class=\"yoast-schema-graph\">{\"@context\":\"https:\\\/\\\/schema.org\",\"@graph\":[{\"@type\":\"WebPage\",\"@id\":\"https:\\\/\\\/www.supeinnihonto.com\\\/fr\\\/produit\\\/tsuba-marugata-en-cuivre-a-motif-de-carpe-koi-certifiee-nbthk-hozon-3\\\/\",\"url\":\"https:\\\/\\\/www.supeinnihonto.com\\\/fr\\\/produit\\\/tsuba-marugata-en-cuivre-a-motif-de-carpe-koi-certifiee-nbthk-hozon-3\\\/\",\"name\":\"Tsuba marugata en cuivre \u00e0 motif de carpe (koi), certifi\u00e9e NBTHK Hozon. - Supein Nihonto\",\"isPartOf\":{\"@id\":\"https:\\\/\\\/www.supeinnihonto.com\\\/fr\\\/#website\"},\"primaryImageOfPage\":{\"@id\":\"https:\\\/\\\/www.supeinnihonto.com\\\/fr\\\/produit\\\/tsuba-marugata-en-cuivre-a-motif-de-carpe-koi-certifiee-nbthk-hozon-3\\\/#primaryimage\"},\"image\":{\"@id\":\"https:\\\/\\\/www.supeinnihonto.com\\\/fr\\\/produit\\\/tsuba-marugata-en-cuivre-a-motif-de-carpe-koi-certifiee-nbthk-hozon-3\\\/#primaryimage\"},\"thumbnailUrl\":\"https:\\\/\\\/i0.wp.com\\\/www.supeinnihonto.com\\\/wp-content\\\/uploads\\\/2026\\\/03\\\/DSC_6545-scaled.jpg?fit=2560%2C1707&ssl=1\",\"datePublished\":\"2026-03-01T18:58:49+00:00\",\"dateModified\":\"2026-03-04T11:28:17+00:00\",\"description\":\"Magnifique tsuba en cuivre du XIX\u1d49 si\u00e8cle, avec bordure et reliefs en shakud\u014d (alliage d\u2019or et de cuivre), repr\u00e9sentant une carpe aux yeux sertis d\u2019or. Une \u0153uvre d\u2019art unique.\",\"breadcrumb\":{\"@id\":\"https:\\\/\\\/www.supeinnihonto.com\\\/fr\\\/produit\\\/tsuba-marugata-en-cuivre-a-motif-de-carpe-koi-certifiee-nbthk-hozon-3\\\/#breadcrumb\"},\"inLanguage\":\"fr-FR\",\"potentialAction\":[{\"@type\":\"ReadAction\",\"target\":[\"https:\\\/\\\/www.supeinnihonto.com\\\/fr\\\/produit\\\/tsuba-marugata-en-cuivre-a-motif-de-carpe-koi-certifiee-nbthk-hozon-3\\\/\"]}]},{\"@type\":\"ImageObject\",\"inLanguage\":\"fr-FR\",\"@id\":\"https:\\\/\\\/www.supeinnihonto.com\\\/fr\\\/produit\\\/tsuba-marugata-en-cuivre-a-motif-de-carpe-koi-certifiee-nbthk-hozon-3\\\/#primaryimage\",\"url\":\"https:\\\/\\\/i0.wp.com\\\/www.supeinnihonto.com\\\/wp-content\\\/uploads\\\/2026\\\/03\\\/DSC_6545-scaled.jpg?fit=2560%2C1707&ssl=1\",\"contentUrl\":\"https:\\\/\\\/i0.wp.com\\\/www.supeinnihonto.com\\\/wp-content\\\/uploads\\\/2026\\\/03\\\/DSC_6545-scaled.jpg?fit=2560%2C1707&ssl=1\",\"width\":2560,\"height\":1707,\"caption\":\"Tsuba koi Meiji period\"},{\"@type\":\"BreadcrumbList\",\"@id\":\"https:\\\/\\\/www.supeinnihonto.com\\\/fr\\\/produit\\\/tsuba-marugata-en-cuivre-a-motif-de-carpe-koi-certifiee-nbthk-hozon-3\\\/#breadcrumb\",\"itemListElement\":[{\"@type\":\"ListItem\",\"position\":1,\"name\":\"Portada\",\"item\":\"https:\\\/\\\/www.supeinnihonto.com\\\/fr\\\/\"},{\"@type\":\"ListItem\",\"position\":2,\"name\":\"Shop\",\"item\":\"https:\\\/\\\/www.supeinnihonto.com\\\/fr\\\/shop\\\/\"},{\"@type\":\"ListItem\",\"position\":3,\"name\":\"Tsuba marugata en cuivre \u00e0 motif de carpe (koi), certifi\u00e9e NBTHK Hozon.\"}]},{\"@type\":\"WebSite\",\"@id\":\"https:\\\/\\\/www.supeinnihonto.com\\\/fr\\\/#website\",\"url\":\"https:\\\/\\\/www.supeinnihonto.com\\\/fr\\\/\",\"name\":\"Supein Nihonto\",\"description\":\"Authentic japanese Nihonto katana \",\"publisher\":{\"@id\":\"https:\\\/\\\/www.supeinnihonto.com\\\/fr\\\/#organization\"},\"potentialAction\":[{\"@type\":\"SearchAction\",\"target\":{\"@type\":\"EntryPoint\",\"urlTemplate\":\"https:\\\/\\\/www.supeinnihonto.com\\\/fr\\\/?s={search_term_string}\"},\"query-input\":{\"@type\":\"PropertyValueSpecification\",\"valueRequired\":true,\"valueName\":\"search_term_string\"}}],\"inLanguage\":\"fr-FR\"},{\"@type\":\"Organization\",\"@id\":\"https:\\\/\\\/www.supeinnihonto.com\\\/fr\\\/#organization\",\"name\":\"SupeinNihonto\",\"url\":\"https:\\\/\\\/www.supeinnihonto.com\\\/fr\\\/\",\"logo\":{\"@type\":\"ImageObject\",\"inLanguage\":\"fr-FR\",\"@id\":\"https:\\\/\\\/www.supeinnihonto.com\\\/fr\\\/#\\\/schema\\\/logo\\\/image\\\/\",\"url\":\"https:\\\/\\\/www.supeinnihonto.com\\\/wp-content\\\/uploads\\\/2021\\\/11\\\/animation_Default_3szk0jcenoloop.gif\",\"contentUrl\":\"https:\\\/\\\/www.supeinnihonto.com\\\/wp-content\\\/uploads\\\/2021\\\/11\\\/animation_Default_3szk0jcenoloop.gif\",\"width\":750,\"height\":641,\"caption\":\"SupeinNihonto\"},\"image\":{\"@id\":\"https:\\\/\\\/www.supeinnihonto.com\\\/fr\\\/#\\\/schema\\\/logo\\\/image\\\/\"}}]}<\/script>\n<!-- \/ Yoast SEO plugin. -->","yoast_head_json":{"title":"Tsuba marugata en cuivre \u00e0 motif de carpe (koi), certifi\u00e9e NBTHK Hozon. - Supein Nihonto","description":"Magnifique tsuba en cuivre du XIX\u1d49 si\u00e8cle, avec bordure et reliefs en shakud\u014d (alliage d\u2019or et de cuivre), repr\u00e9sentant une carpe aux yeux sertis d\u2019or. Une \u0153uvre d\u2019art unique.","robots":{"index":"index","follow":"follow","max-snippet":"max-snippet:-1","max-image-preview":"max-image-preview:large","max-video-preview":"max-video-preview:-1"},"canonical":"https:\/\/www.supeinnihonto.com\/fr\/produit\/tsuba-marugata-en-cuivre-a-motif-de-carpe-koi-certifiee-nbthk-hozon-3\/","og_locale":"fr_FR","og_type":"article","og_title":"Tsuba marugata en cuivre \u00e0 motif de carpe (koi), certifi\u00e9e NBTHK Hozon. - Supein Nihonto","og_description":"Magnifique tsuba en cuivre du XIX\u1d49 si\u00e8cle, avec bordure et reliefs en shakud\u014d (alliage d\u2019or et de cuivre), repr\u00e9sentant une carpe aux yeux sertis d\u2019or. Une \u0153uvre d\u2019art unique.","og_url":"https:\/\/www.supeinnihonto.com\/fr\/produit\/tsuba-marugata-en-cuivre-a-motif-de-carpe-koi-certifiee-nbthk-hozon-3\/","og_site_name":"Supein Nihonto","article_modified_time":"2026-03-04T11:28:17+00:00","og_image":[{"width":2560,"height":1707,"url":"https:\/\/www.supeinnihonto.com\/wp-content\/uploads\/2026\/03\/DSC_6545-scaled.jpg","type":"image\/jpeg"}],"twitter_card":"summary_large_image","twitter_misc":{"Dur\u00e9e de lecture estim\u00e9e":"2 minutes"},"schema":{"@context":"https:\/\/schema.org","@graph":[{"@type":"WebPage","@id":"https:\/\/www.supeinnihonto.com\/fr\/produit\/tsuba-marugata-en-cuivre-a-motif-de-carpe-koi-certifiee-nbthk-hozon-3\/","url":"https:\/\/www.supeinnihonto.com\/fr\/produit\/tsuba-marugata-en-cuivre-a-motif-de-carpe-koi-certifiee-nbthk-hozon-3\/","name":"Tsuba marugata en cuivre \u00e0 motif de carpe (koi), certifi\u00e9e NBTHK Hozon. - Supein Nihonto","isPartOf":{"@id":"https:\/\/www.supeinnihonto.com\/fr\/#website"},"primaryImageOfPage":{"@id":"https:\/\/www.supeinnihonto.com\/fr\/produit\/tsuba-marugata-en-cuivre-a-motif-de-carpe-koi-certifiee-nbthk-hozon-3\/#primaryimage"},"image":{"@id":"https:\/\/www.supeinnihonto.com\/fr\/produit\/tsuba-marugata-en-cuivre-a-motif-de-carpe-koi-certifiee-nbthk-hozon-3\/#primaryimage"},"thumbnailUrl":"https:\/\/i0.wp.com\/www.supeinnihonto.com\/wp-content\/uploads\/2026\/03\/DSC_6545-scaled.jpg?fit=2560%2C1707&ssl=1","datePublished":"2026-03-01T18:58:49+00:00","dateModified":"2026-03-04T11:28:17+00:00","description":"Magnifique tsuba en cuivre du XIX\u1d49 si\u00e8cle, avec bordure et reliefs en shakud\u014d (alliage d\u2019or et de cuivre), repr\u00e9sentant une carpe aux yeux sertis d\u2019or. Une \u0153uvre d\u2019art unique.","breadcrumb":{"@id":"https:\/\/www.supeinnihonto.com\/fr\/produit\/tsuba-marugata-en-cuivre-a-motif-de-carpe-koi-certifiee-nbthk-hozon-3\/#breadcrumb"},"inLanguage":"fr-FR","potentialAction":[{"@type":"ReadAction","target":["https:\/\/www.supeinnihonto.com\/fr\/produit\/tsuba-marugata-en-cuivre-a-motif-de-carpe-koi-certifiee-nbthk-hozon-3\/"]}]},{"@type":"ImageObject","inLanguage":"fr-FR","@id":"https:\/\/www.supeinnihonto.com\/fr\/produit\/tsuba-marugata-en-cuivre-a-motif-de-carpe-koi-certifiee-nbthk-hozon-3\/#primaryimage","url":"https:\/\/i0.wp.com\/www.supeinnihonto.com\/wp-content\/uploads\/2026\/03\/DSC_6545-scaled.jpg?fit=2560%2C1707&ssl=1","contentUrl":"https:\/\/i0.wp.com\/www.supeinnihonto.com\/wp-content\/uploads\/2026\/03\/DSC_6545-scaled.jpg?fit=2560%2C1707&ssl=1","width":2560,"height":1707,"caption":"Tsuba koi Meiji period"},{"@type":"BreadcrumbList","@id":"https:\/\/www.supeinnihonto.com\/fr\/produit\/tsuba-marugata-en-cuivre-a-motif-de-carpe-koi-certifiee-nbthk-hozon-3\/#breadcrumb","itemListElement":[{"@type":"ListItem","position":1,"name":"Portada","item":"https:\/\/www.supeinnihonto.com\/fr\/"},{"@type":"ListItem","position":2,"name":"Shop","item":"https:\/\/www.supeinnihonto.com\/fr\/shop\/"},{"@type":"ListItem","position":3,"name":"Tsuba marugata en cuivre \u00e0 motif de carpe (koi), certifi\u00e9e NBTHK Hozon."}]},{"@type":"WebSite","@id":"https:\/\/www.supeinnihonto.com\/fr\/#website","url":"https:\/\/www.supeinnihonto.com\/fr\/","name":"Supein Nihonto","description":"Authentic japanese Nihonto katana ","publisher":{"@id":"https:\/\/www.supeinnihonto.com\/fr\/#organization"},"potentialAction":[{"@type":"SearchAction","target":{"@type":"EntryPoint","urlTemplate":"https:\/\/www.supeinnihonto.com\/fr\/?s={search_term_string}"},"query-input":{"@type":"PropertyValueSpecification","valueRequired":true,"valueName":"search_term_string"}}],"inLanguage":"fr-FR"},{"@type":"Organization","@id":"https:\/\/www.supeinnihonto.com\/fr\/#organization","name":"SupeinNihonto","url":"https:\/\/www.supeinnihonto.com\/fr\/","logo":{"@type":"ImageObject","inLanguage":"fr-FR","@id":"https:\/\/www.supeinnihonto.com\/fr\/#\/schema\/logo\/image\/","url":"https:\/\/www.supeinnihonto.com\/wp-content\/uploads\/2021\/11\/animation_Default_3szk0jcenoloop.gif","contentUrl":"https:\/\/www.supeinnihonto.com\/wp-content\/uploads\/2021\/11\/animation_Default_3szk0jcenoloop.gif","width":750,"height":641,"caption":"SupeinNihonto"},"image":{"@id":"https:\/\/www.supeinnihonto.com\/fr\/#\/schema\/logo\/image\/"}}]}},"jetpack-related-posts":[{"id":45167,"url":"https:\/\/www.supeinnihonto.com\/fr\/produit\/tsuba-marugata-en-cuivre-a-motif-de-carpe-koi-certifiee-nbthk-hozon-7\/","url_meta":{"origin":45250,"position":0},"title":"Tsuba marugata en cuivre \u00e0 motif de carpe (koi), certifi\u00e9e NBTHK Hozon.","author":"Eric Majo","date":"1 de mars de 2026","format":false,"excerpt":"ARTICLE : Livr\u00e9 avec certificat de Supein Nihonto. Livr\u00e9 avec certificat NBTHK Hozon. Fourni avec une bo\u00eete en bois. Magnifique tsuba en cuivre du XIX\u1d49 si\u00e8cle, sign\u00e9e, avec bordure et reliefs en shakud\u014d (alliage d\u2019or et de cuivre), repr\u00e9sentant une carpe dont les yeux sont sertis d\u2019or. Une \u0153uvre d\u2019art\u2026","rel":"","context":"Article similaire","block_context":{"text":"Article similaire","link":""},"img":{"alt_text":"","src":"https:\/\/i0.wp.com\/www.supeinnihonto.com\/wp-content\/uploads\/2026\/03\/DSC_6492-scaled.jpg?fit=1200%2C800&ssl=1&resize=350%2C200","width":350,"height":200,"srcset":"https:\/\/i0.wp.com\/www.supeinnihonto.com\/wp-content\/uploads\/2026\/03\/DSC_6492-scaled.jpg?fit=1200%2C800&ssl=1&resize=350%2C200 1x, https:\/\/i0.wp.com\/www.supeinnihonto.com\/wp-content\/uploads\/2026\/03\/DSC_6492-scaled.jpg?fit=1200%2C800&ssl=1&resize=525%2C300 1.5x, https:\/\/i0.wp.com\/www.supeinnihonto.com\/wp-content\/uploads\/2026\/03\/DSC_6492-scaled.jpg?fit=1200%2C800&ssl=1&resize=700%2C400 2x, https:\/\/i0.wp.com\/www.supeinnihonto.com\/wp-content\/uploads\/2026\/03\/DSC_6492-scaled.jpg?fit=1200%2C800&ssl=1&resize=1050%2C600 3x"},"classes":[]},{"id":45120,"url":"https:\/\/www.supeinnihonto.com\/fr\/produit\/tsuba-marugata-en-cuivre-a-motif-de-carpe-koi-certifiee-nbthk-hozon-9\/","url_meta":{"origin":45250,"position":1},"title":"Tsuba marugata en cuivre \u00e0 motif de carpe (koi), certifi\u00e9e NBTHK Hozon.","author":"Eric Majo","date":"1 de mars de 2026","format":false,"excerpt":"ARTICLE : Livr\u00e9 avec certificat de Supein Nihonto. Livr\u00e9 avec certificat NBTHK Hozon. Fourni avec une bo\u00eete en bois. Magnifique tsuba en cuivre du XIX\u1d49 si\u00e8cle, sign\u00e9e, avec bordure et reliefs en shakud\u014d (alliage d\u2019or et de cuivre), repr\u00e9sentant une carpe dont les yeux sont sertis d\u2019or. Une \u0153uvre d\u2019art\u2026","rel":"","context":"Article similaire","block_context":{"text":"Article similaire","link":""},"img":{"alt_text":"","src":"https:\/\/i0.wp.com\/www.supeinnihonto.com\/wp-content\/uploads\/2026\/03\/DSC_6430-scaled.jpg?fit=1200%2C800&ssl=1&resize=350%2C200","width":350,"height":200,"srcset":"https:\/\/i0.wp.com\/www.supeinnihonto.com\/wp-content\/uploads\/2026\/03\/DSC_6430-scaled.jpg?fit=1200%2C800&ssl=1&resize=350%2C200 1x, https:\/\/i0.wp.com\/www.supeinnihonto.com\/wp-content\/uploads\/2026\/03\/DSC_6430-scaled.jpg?fit=1200%2C800&ssl=1&resize=525%2C300 1.5x, https:\/\/i0.wp.com\/www.supeinnihonto.com\/wp-content\/uploads\/2026\/03\/DSC_6430-scaled.jpg?fit=1200%2C800&ssl=1&resize=700%2C400 2x, https:\/\/i0.wp.com\/www.supeinnihonto.com\/wp-content\/uploads\/2026\/03\/DSC_6430-scaled.jpg?fit=1200%2C800&ssl=1&resize=1050%2C600 3x"},"classes":[]},{"id":12406,"url":"https:\/\/www.supeinnihonto.com\/fr\/produit\/tsuba-marugata-en-cuivre-a-motif-de-carpe-koi-certifiee-nbthk-hozon\/","url_meta":{"origin":45250,"position":2},"title":"Tsuba marugata en cuivre \u00e0 motif de carpe (koi), certifi\u00e9e NBTHK Hozon.","author":"Eric Majo","date":"11 de novembre de 2024","format":false,"excerpt":"ARTICLE : Livr\u00e9 avec certificat de Supein Nihonto. Livr\u00e9 avec certificat NBTHK Hozon. Fourni avec une bo\u00eete en bois. Magnifique tsuba en cuivre du XIX\u1d49 si\u00e8cle, sign\u00e9e, avec bordure et reliefs en shakud\u014d (alliage d\u2019or et de cuivre), repr\u00e9sentant une carpe dont les yeux sont sertis d\u2019or. Une \u0153uvre d\u2019art\u2026","rel":"","context":"Article similaire","block_context":{"text":"Article similaire","link":""},"img":{"alt_text":"Marugata copper koi tsuba NBTHK hozon","src":"https:\/\/i0.wp.com\/www.supeinnihonto.com\/wp-content\/uploads\/2024\/11\/DSC1819-scaled.jpg?fit=1200%2C800&ssl=1&resize=350%2C200","width":350,"height":200,"srcset":"https:\/\/i0.wp.com\/www.supeinnihonto.com\/wp-content\/uploads\/2024\/11\/DSC1819-scaled.jpg?fit=1200%2C800&ssl=1&resize=350%2C200 1x, https:\/\/i0.wp.com\/www.supeinnihonto.com\/wp-content\/uploads\/2024\/11\/DSC1819-scaled.jpg?fit=1200%2C800&ssl=1&resize=525%2C300 1.5x, https:\/\/i0.wp.com\/www.supeinnihonto.com\/wp-content\/uploads\/2024\/11\/DSC1819-scaled.jpg?fit=1200%2C800&ssl=1&resize=700%2C400 2x, https:\/\/i0.wp.com\/www.supeinnihonto.com\/wp-content\/uploads\/2024\/11\/DSC1819-scaled.jpg?fit=1200%2C800&ssl=1&resize=1050%2C600 3x"},"classes":[]},{"id":45204,"url":"https:\/\/www.supeinnihonto.com\/fr\/produit\/tsuba-marugata-en-cuivre-a-motif-de-carpe-koi-certifiee-nbthk-hozon-6\/","url_meta":{"origin":45250,"position":3},"title":"Tsuba marugata en cuivre \u00e0 motif de carpe (koi), certifi\u00e9e NBTHK Hozon.","author":"Eric Majo","date":"1 de mars de 2026","format":false,"excerpt":"ARTICLE : Livr\u00e9 avec certificat de Supein Nihonto. Livr\u00e9 avec certificat NBTHK Hozon. Fourni avec une bo\u00eete en bois. Magnifique tsuba en cuivre du XIX\u1d49 si\u00e8cle, sign\u00e9e, avec bordure et reliefs en shakud\u014d (alliage d\u2019or et de cuivre), repr\u00e9sentant une carpe dont les yeux sont sertis d\u2019or. Une \u0153uvre d\u2019art\u2026","rel":"","context":"Article similaire","block_context":{"text":"Article similaire","link":""},"img":{"alt_text":"Dragon tsuba a vendre","src":"https:\/\/i0.wp.com\/www.supeinnihonto.com\/wp-content\/uploads\/2026\/03\/DSC_6473-scaled.jpg?fit=1200%2C800&ssl=1&resize=350%2C200","width":350,"height":200,"srcset":"https:\/\/i0.wp.com\/www.supeinnihonto.com\/wp-content\/uploads\/2026\/03\/DSC_6473-scaled.jpg?fit=1200%2C800&ssl=1&resize=350%2C200 1x, https:\/\/i0.wp.com\/www.supeinnihonto.com\/wp-content\/uploads\/2026\/03\/DSC_6473-scaled.jpg?fit=1200%2C800&ssl=1&resize=525%2C300 1.5x, https:\/\/i0.wp.com\/www.supeinnihonto.com\/wp-content\/uploads\/2026\/03\/DSC_6473-scaled.jpg?fit=1200%2C800&ssl=1&resize=700%2C400 2x, https:\/\/i0.wp.com\/www.supeinnihonto.com\/wp-content\/uploads\/2026\/03\/DSC_6473-scaled.jpg?fit=1200%2C800&ssl=1&resize=1050%2C600 3x"},"classes":[]},{"id":45069,"url":"https:\/\/www.supeinnihonto.com\/fr\/produit\/tsuba-marugata-en-cuivre-a-motif-de-carpe-koi-certifiee-nbthk-hozon-12\/","url_meta":{"origin":45250,"position":4},"title":"Tsuba marugata en cuivre \u00e0 motif de carpe (koi), certifi\u00e9e NBTHK Hozon.","author":"Eric Majo","date":"1 de mars de 2026","format":false,"excerpt":"ARTICLE : Livr\u00e9 avec certificat de Supein Nihonto. Livr\u00e9 avec certificat NBTHK Hozon. Fourni avec une bo\u00eete en bois. Magnifique tsuba en cuivre du XIX\u1d49 si\u00e8cle, sign\u00e9e, avec bordure et reliefs en shakud\u014d (alliage d\u2019or et de cuivre), repr\u00e9sentant une carpe dont les yeux sont sertis d\u2019or. Une \u0153uvre d\u2019art\u2026","rel":"","context":"Article similaire","block_context":{"text":"Article similaire","link":""},"img":{"alt_text":"Silver tsuba for sale","src":"https:\/\/i0.wp.com\/www.supeinnihonto.com\/wp-content\/uploads\/2026\/03\/DSC_6396-scaled.jpg?fit=1200%2C800&ssl=1&resize=350%2C200","width":350,"height":200,"srcset":"https:\/\/i0.wp.com\/www.supeinnihonto.com\/wp-content\/uploads\/2026\/03\/DSC_6396-scaled.jpg?fit=1200%2C800&ssl=1&resize=350%2C200 1x, https:\/\/i0.wp.com\/www.supeinnihonto.com\/wp-content\/uploads\/2026\/03\/DSC_6396-scaled.jpg?fit=1200%2C800&ssl=1&resize=525%2C300 1.5x, https:\/\/i0.wp.com\/www.supeinnihonto.com\/wp-content\/uploads\/2026\/03\/DSC_6396-scaled.jpg?fit=1200%2C800&ssl=1&resize=700%2C400 2x, https:\/\/i0.wp.com\/www.supeinnihonto.com\/wp-content\/uploads\/2026\/03\/DSC_6396-scaled.jpg?fit=1200%2C800&ssl=1&resize=1050%2C600 3x"},"classes":[]},{"id":45137,"url":"https:\/\/www.supeinnihonto.com\/fr\/produit\/tsuba-marugata-en-cuivre-a-motif-de-carpe-koi-certifiee-nbthk-hozon-8\/","url_meta":{"origin":45250,"position":5},"title":"Tsuba marugata en cuivre \u00e0 motif de carpe (koi), certifi\u00e9e NBTHK Hozon.","author":"Eric Majo","date":"1 de mars de 2026","format":false,"excerpt":"ARTICLE : Livr\u00e9 avec certificat de Supein Nihonto. Livr\u00e9 avec certificat NBTHK Hozon. Fourni avec une bo\u00eete en bois. Magnifique tsuba en cuivre du XIX\u1d49 si\u00e8cle, sign\u00e9e, avec bordure et reliefs en shakud\u014d (alliage d\u2019or et de cuivre), repr\u00e9sentant une carpe dont les yeux sont sertis d\u2019or. Une \u0153uvre d\u2019art\u2026","rel":"","context":"Article similaire","block_context":{"text":"Article similaire","link":""},"img":{"alt_text":"Daisho tsuba for sale","src":"https:\/\/i0.wp.com\/www.supeinnihonto.com\/wp-content\/uploads\/2026\/03\/DSC_6444-scaled.jpg?fit=1200%2C800&ssl=1&resize=350%2C200","width":350,"height":200,"srcset":"https:\/\/i0.wp.com\/www.supeinnihonto.com\/wp-content\/uploads\/2026\/03\/DSC_6444-scaled.jpg?fit=1200%2C800&ssl=1&resize=350%2C200 1x, https:\/\/i0.wp.com\/www.supeinnihonto.com\/wp-content\/uploads\/2026\/03\/DSC_6444-scaled.jpg?fit=1200%2C800&ssl=1&resize=525%2C300 1.5x, https:\/\/i0.wp.com\/www.supeinnihonto.com\/wp-content\/uploads\/2026\/03\/DSC_6444-scaled.jpg?fit=1200%2C800&ssl=1&resize=700%2C400 2x, https:\/\/i0.wp.com\/www.supeinnihonto.com\/wp-content\/uploads\/2026\/03\/DSC_6444-scaled.jpg?fit=1200%2C800&ssl=1&resize=1050%2C600 3x"},"classes":[]}],"jetpack_sharing_enabled":true,"_links":{"self":[{"href":"https:\/\/www.supeinnihonto.com\/fr\/wp-json\/wp\/v2\/product\/45250","targetHints":{"allow":["GET"]}}],"collection":[{"href":"https:\/\/www.supeinnihonto.com\/fr\/wp-json\/wp\/v2\/product"}],"about":[{"href":"https:\/\/www.supeinnihonto.com\/fr\/wp-json\/wp\/v2\/types\/product"}],"wp:featuredmedia":[{"embeddable":true,"href":"https:\/\/www.supeinnihonto.com\/fr\/wp-json\/wp\/v2\/media\/45265"}],"wp:attachment":[{"href":"https:\/\/www.supeinnihonto.com\/fr\/wp-json\/wp\/v2\/media?parent=45250"}],"wp:term":[{"taxonomy":"product_brand","embeddable":true,"href":"https:\/\/www.supeinnihonto.com\/fr\/wp-json\/wp\/v2\/product_brand?post=45250"},{"taxonomy":"product_cat","embeddable":true,"href":"https:\/\/www.supeinnihonto.com\/fr\/wp-json\/wp\/v2\/product_cat?post=45250"},{"taxonomy":"product_tag","embeddable":true,"href":"https:\/\/www.supeinnihonto.com\/fr\/wp-json\/wp\/v2\/product_tag?post=45250"}],"curies":[{"name":"wp","href":"https:\/\/api.w.org\/{rel}","templated":true}]}}