{"id":41311,"date":"2026-01-17T19:07:06","date_gmt":"2026-01-17T19:07:06","guid":{"rendered":"https:\/\/www.supeinnihonto.com\/?post_type=product&#038;p=41311"},"modified":"2026-03-04T11:38:47","modified_gmt":"2026-03-04T11:38:47","slug":"suji-bachi-kabuto-2","status":"publish","type":"product","link":"https:\/\/www.supeinnihonto.com\/fr\/produit\/suji-bachi-kabuto-2\/","title":{"rendered":"Suji Bachi Kabuto"},"content":{"rendered":"<p><em><strong>\u00c0 propos de nous :<\/strong><\/em><\/p>\n<p>Nos photographies sont prises sans retouche ni photoshop afin de garantir que le client puisse juger de la r\u00e9alit\u00e9 de l\u2019objet.<\/p>\n<p>Gr\u00e2ce \u00e0 un travail constant directement avec les meilleurs collectionneurs, mus\u00e9es et galeries au Japon et \u00e0 notre amiti\u00e9 avec eux, ainsi qu\u2019\u00e0 une marge b\u00e9n\u00e9ficiaire bien inf\u00e9rieure \u00e0 celle de la concurrence europ\u00e9enne, nous pouvons proposer des objets afin que de nombreuses personnes puissent choisir d\u2019avoir des pi\u00e8ces authentiques vieilles de plusieurs centaines d\u2019ann\u00e9es \u00e0 des prix plus que comp\u00e9titifs. Apr\u00e8s tout, l\u2019art samoura\u00ef est notre passion et nous souhaitons la partager avec le monde.<\/p>\n<p><span>DESCRIPTION DE L\u2019OBJET :<\/span><\/p>\n<p><span>Livr\u00e9 avec certificat de supein Nihonto.<\/span><\/p>\n<p><span>P\u00e9riode Edo (1615-1868)<\/span><\/p>\n<p><span>Description du Kabuto<\/span><\/p>\n<p><span>Type de casque :<\/span><\/p>\n<p><span>Magnifique kabuto japonais des XVIIIe-XIXe si\u00e8cles, r\u00e9alis\u00e9 en fer forg\u00e9 avec un travail de laque exquis sur le shikoro. Ce casque est un bel exemple du type suji bachi \u00e0 62 plaques, compos\u00e9 de multiples plaques verticales rivet\u00e9es ensemble, convergeant au sommet sur le tehen no kanamono, d\u00e9licatement d\u00e9cor\u00e9 en m\u00e9tal dor\u00e9. Le forgeage t\u00e9moigne d\u2019un savoir-faire exceptionnel, avec un alignement pr\u00e9cis des rivets renfor\u00e7ant \u00e0 la fois la solidit\u00e9 et la sym\u00e9trie.<\/span><\/p>\n<p><span>Le shikoro (prot\u00e8ge-nuque) pr\u00e9sente une riche laque noire avec un la\u00e7age en soie bleu fonc\u00e9, parfaitement conserv\u00e9 et visuellement saisissant. Les grands fukigaeshi de chaque c\u00f4t\u00e9 sont orn\u00e9s d\u2019un mon m\u00e9tallique (blason familial) repr\u00e9sentant un motif floral stylis\u00e9, encadr\u00e9 par des vestiges de dorure et de subtiles d\u00e9corations v\u00e9g\u00e9tales sur la surface laqu\u00e9e.<\/span><\/p>\n<p><span>Un grand maedate en forme de bois de cerf (kuwagata) domine l\u2019avant, r\u00e9alis\u00e9 en cuir durci ou en bois (nerikawa) et fini en laque brun-rouge et or. Ce motif symbolise la force, la r\u00e9silience et l\u2019harmonie avec la nature \u2014 et servait \u00e0 la fois d\u2019identifiant sur le champ de bataille et de signe de prestige.<\/span><\/p>\n<p><span>Le tehen no kanamono, coiffant le sommet, affiche une ornementation florale concentrique complexe en m\u00e9tal dor\u00e9, typique des casques de haute qualit\u00e9 de la p\u00e9riode Edo.<\/span><\/p>\n<p><span>Dans l\u2019ensemble, ce kabuto illustre la ma\u00eetrise japonaise de la combinaison entre fonctionnalit\u00e9 et beaut\u00e9 \u2014 un m\u00e9lange harmonieux d\u2019utilit\u00e9 martiale, d\u2019art raffin\u00e9 et de signification symbolique profond\u00e9ment ancr\u00e9e dans l\u2019\u00e9thique samoura\u00ef.<\/span><\/p>\n","protected":false},"excerpt":{"rendered":"<p>\u00c0 propos de nous : Nos photographies sont prises sans retouche ni photoshop afin de garantir que le client puisse juger de la r\u00e9alit\u00e9 de l\u2019objet. Gr\u00e2ce \u00e0 un travail constant directement avec les meilleurs collectionneurs, mus\u00e9es et galeries au Japon et \u00e0 notre amiti\u00e9 avec eux, ainsi qu\u2019\u00e0 une [&hellip;]<\/p>\n","protected":false},"featured_media":41340,"template":"","meta":{"jetpack_post_was_ever_published":false},"product_brand":[],"product_cat":[543],"product_tag":[444,635,588],"class_list":{"0":"post-41311","1":"product","2":"type-product","3":"status-publish","4":"has-post-thumbnail","6":"product_cat-kabuto","7":"product_tag-edo","8":"product_tag-kabuto","9":"product_tag-yoroi","10":"product_shipping_class-light","12":"first","13":"instock","14":"featured","15":"shipping-taxable","16":"purchasable","17":"product-type-simple"},"yoast_head":"<!-- This site is optimized with the Yoast SEO plugin v27.4 - https:\/\/yoast.com\/product\/yoast-seo-wordpress\/ -->\n<title>Suji Bachi Kabuto - Supein Nihonto<\/title>\n<meta name=\"description\" content=\"Magnifique kabuto japonais des XVIIIe\u2013XIXe si\u00e8cles, r\u00e9alis\u00e9 en fer forg\u00e9 avec un remarquable travail de laque sur le shikoro.\" \/>\n<meta name=\"robots\" content=\"index, follow, max-snippet:-1, max-image-preview:large, max-video-preview:-1\" \/>\n<link rel=\"canonical\" href=\"https:\/\/www.supeinnihonto.com\/fr\/produit\/suji-bachi-kabuto-2\/\" \/>\n<meta property=\"og:locale\" content=\"fr_FR\" \/>\n<meta property=\"og:type\" content=\"article\" \/>\n<meta property=\"og:title\" content=\"Suji Bachi Kabuto - Supein Nihonto\" \/>\n<meta property=\"og:description\" content=\"Magnifique kabuto japonais des XVIIIe\u2013XIXe si\u00e8cles, r\u00e9alis\u00e9 en fer forg\u00e9 avec un remarquable travail de laque sur le shikoro.\" \/>\n<meta property=\"og:url\" content=\"https:\/\/www.supeinnihonto.com\/fr\/produit\/suji-bachi-kabuto-2\/\" \/>\n<meta property=\"og:site_name\" content=\"Supein Nihonto\" \/>\n<meta property=\"article:modified_time\" content=\"2026-03-04T11:38:47+00:00\" \/>\n<meta property=\"og:image\" content=\"https:\/\/www.supeinnihonto.com\/wp-content\/uploads\/2026\/01\/GEO0522-scaled.jpg\" \/>\n\t<meta property=\"og:image:width\" content=\"2560\" \/>\n\t<meta property=\"og:image:height\" content=\"2003\" \/>\n\t<meta property=\"og:image:type\" content=\"image\/jpeg\" \/>\n<meta name=\"twitter:card\" content=\"summary_large_image\" \/>\n<meta name=\"twitter:label1\" content=\"Dur\u00e9e de lecture estim\u00e9e\" \/>\n\t<meta name=\"twitter:data1\" content=\"2 minutes\" \/>\n<script type=\"application\/ld+json\" class=\"yoast-schema-graph\">{\"@context\":\"https:\\\/\\\/schema.org\",\"@graph\":[{\"@type\":\"WebPage\",\"@id\":\"https:\\\/\\\/www.supeinnihonto.com\\\/fr\\\/produit\\\/suji-bachi-kabuto-2\\\/\",\"url\":\"https:\\\/\\\/www.supeinnihonto.com\\\/fr\\\/produit\\\/suji-bachi-kabuto-2\\\/\",\"name\":\"Suji Bachi Kabuto - Supein Nihonto\",\"isPartOf\":{\"@id\":\"https:\\\/\\\/www.supeinnihonto.com\\\/fr\\\/#website\"},\"primaryImageOfPage\":{\"@id\":\"https:\\\/\\\/www.supeinnihonto.com\\\/fr\\\/produit\\\/suji-bachi-kabuto-2\\\/#primaryimage\"},\"image\":{\"@id\":\"https:\\\/\\\/www.supeinnihonto.com\\\/fr\\\/produit\\\/suji-bachi-kabuto-2\\\/#primaryimage\"},\"thumbnailUrl\":\"https:\\\/\\\/i0.wp.com\\\/www.supeinnihonto.com\\\/wp-content\\\/uploads\\\/2026\\\/01\\\/GEO0522-scaled.jpg?fit=2560%2C2003&ssl=1\",\"datePublished\":\"2026-01-17T19:07:06+00:00\",\"dateModified\":\"2026-03-04T11:38:47+00:00\",\"description\":\"Magnifique kabuto japonais des XVIIIe\u2013XIXe si\u00e8cles, r\u00e9alis\u00e9 en fer forg\u00e9 avec un remarquable travail de laque sur le shikoro.\",\"breadcrumb\":{\"@id\":\"https:\\\/\\\/www.supeinnihonto.com\\\/fr\\\/produit\\\/suji-bachi-kabuto-2\\\/#breadcrumb\"},\"inLanguage\":\"fr-FR\",\"potentialAction\":[{\"@type\":\"ReadAction\",\"target\":[\"https:\\\/\\\/www.supeinnihonto.com\\\/fr\\\/produit\\\/suji-bachi-kabuto-2\\\/\"]}]},{\"@type\":\"ImageObject\",\"inLanguage\":\"fr-FR\",\"@id\":\"https:\\\/\\\/www.supeinnihonto.com\\\/fr\\\/produit\\\/suji-bachi-kabuto-2\\\/#primaryimage\",\"url\":\"https:\\\/\\\/i0.wp.com\\\/www.supeinnihonto.com\\\/wp-content\\\/uploads\\\/2026\\\/01\\\/GEO0522-scaled.jpg?fit=2560%2C2003&ssl=1\",\"contentUrl\":\"https:\\\/\\\/i0.wp.com\\\/www.supeinnihonto.com\\\/wp-content\\\/uploads\\\/2026\\\/01\\\/GEO0522-scaled.jpg?fit=2560%2C2003&ssl=1\",\"width\":2560,\"height\":2003,\"caption\":\"Samurai armor yoroi gusoku for sale \\\/ Samurai armor yoroi gusoku a katana Samurai armor yoroi gusoku zu verkaufen \\\/ Samurai armor yoroi gusoku kaufen Samurai armor yoroi gusoku in vendita \\\/ Acquistare Samurai armor yoroi gusoku Samurai armor yoroi gusoku \u00e0 venda \\\/ Comprar Samurai armor yoroi gusoku Samurai armor yoroi gusoku \u00e0 vendre \\\/ Acheter un Samurai armor yoroi gusoku Samurai armor yoroi gusoku te koop \\\/ Samurai armor yoroi gusoku katana kopen Samurai armor yoroi gusoku na predaj \\\/ K\u00fapi\u0165 Samurai armor yoroi gusoku Samurai armor yoroi gusoku za prodajo \\\/ Kupite Samurai armor yoroi gusoku Samurai armor yoroi gusoku zum Verkaf \\\/ Kaaft eng Samurai armor yoroi gusoku Samurai armor yoroi gusoku na sprzeda\u017c \\\/ Kup Samurai armor yoroi gusoku Kabuto samurai helmet\"},{\"@type\":\"BreadcrumbList\",\"@id\":\"https:\\\/\\\/www.supeinnihonto.com\\\/fr\\\/produit\\\/suji-bachi-kabuto-2\\\/#breadcrumb\",\"itemListElement\":[{\"@type\":\"ListItem\",\"position\":1,\"name\":\"Portada\",\"item\":\"https:\\\/\\\/www.supeinnihonto.com\\\/fr\\\/\"},{\"@type\":\"ListItem\",\"position\":2,\"name\":\"Shop\",\"item\":\"https:\\\/\\\/www.supeinnihonto.com\\\/fr\\\/shop\\\/\"},{\"@type\":\"ListItem\",\"position\":3,\"name\":\"Suji Bachi Kabuto\"}]},{\"@type\":\"WebSite\",\"@id\":\"https:\\\/\\\/www.supeinnihonto.com\\\/fr\\\/#website\",\"url\":\"https:\\\/\\\/www.supeinnihonto.com\\\/fr\\\/\",\"name\":\"Supein Nihonto\",\"description\":\"Authentic japanese Nihonto katana \",\"publisher\":{\"@id\":\"https:\\\/\\\/www.supeinnihonto.com\\\/fr\\\/#organization\"},\"potentialAction\":[{\"@type\":\"SearchAction\",\"target\":{\"@type\":\"EntryPoint\",\"urlTemplate\":\"https:\\\/\\\/www.supeinnihonto.com\\\/fr\\\/?s={search_term_string}\"},\"query-input\":{\"@type\":\"PropertyValueSpecification\",\"valueRequired\":true,\"valueName\":\"search_term_string\"}}],\"inLanguage\":\"fr-FR\"},{\"@type\":\"Organization\",\"@id\":\"https:\\\/\\\/www.supeinnihonto.com\\\/fr\\\/#organization\",\"name\":\"SupeinNihonto\",\"url\":\"https:\\\/\\\/www.supeinnihonto.com\\\/fr\\\/\",\"logo\":{\"@type\":\"ImageObject\",\"inLanguage\":\"fr-FR\",\"@id\":\"https:\\\/\\\/www.supeinnihonto.com\\\/fr\\\/#\\\/schema\\\/logo\\\/image\\\/\",\"url\":\"https:\\\/\\\/www.supeinnihonto.com\\\/wp-content\\\/uploads\\\/2021\\\/11\\\/animation_Default_3szk0jcenoloop.gif\",\"contentUrl\":\"https:\\\/\\\/www.supeinnihonto.com\\\/wp-content\\\/uploads\\\/2021\\\/11\\\/animation_Default_3szk0jcenoloop.gif\",\"width\":750,\"height\":641,\"caption\":\"SupeinNihonto\"},\"image\":{\"@id\":\"https:\\\/\\\/www.supeinnihonto.com\\\/fr\\\/#\\\/schema\\\/logo\\\/image\\\/\"}}]}<\/script>\n<!-- \/ Yoast SEO plugin. -->","yoast_head_json":{"title":"Suji Bachi Kabuto - Supein Nihonto","description":"Magnifique kabuto japonais des XVIIIe\u2013XIXe si\u00e8cles, r\u00e9alis\u00e9 en fer forg\u00e9 avec un remarquable travail de laque sur le shikoro.","robots":{"index":"index","follow":"follow","max-snippet":"max-snippet:-1","max-image-preview":"max-image-preview:large","max-video-preview":"max-video-preview:-1"},"canonical":"https:\/\/www.supeinnihonto.com\/fr\/produit\/suji-bachi-kabuto-2\/","og_locale":"fr_FR","og_type":"article","og_title":"Suji Bachi Kabuto - Supein Nihonto","og_description":"Magnifique kabuto japonais des XVIIIe\u2013XIXe si\u00e8cles, r\u00e9alis\u00e9 en fer forg\u00e9 avec un remarquable travail de laque sur le shikoro.","og_url":"https:\/\/www.supeinnihonto.com\/fr\/produit\/suji-bachi-kabuto-2\/","og_site_name":"Supein Nihonto","article_modified_time":"2026-03-04T11:38:47+00:00","og_image":[{"width":2560,"height":2003,"url":"https:\/\/www.supeinnihonto.com\/wp-content\/uploads\/2026\/01\/GEO0522-scaled.jpg","type":"image\/jpeg"}],"twitter_card":"summary_large_image","twitter_misc":{"Dur\u00e9e de lecture estim\u00e9e":"2 minutes"},"schema":{"@context":"https:\/\/schema.org","@graph":[{"@type":"WebPage","@id":"https:\/\/www.supeinnihonto.com\/fr\/produit\/suji-bachi-kabuto-2\/","url":"https:\/\/www.supeinnihonto.com\/fr\/produit\/suji-bachi-kabuto-2\/","name":"Suji Bachi Kabuto - Supein Nihonto","isPartOf":{"@id":"https:\/\/www.supeinnihonto.com\/fr\/#website"},"primaryImageOfPage":{"@id":"https:\/\/www.supeinnihonto.com\/fr\/produit\/suji-bachi-kabuto-2\/#primaryimage"},"image":{"@id":"https:\/\/www.supeinnihonto.com\/fr\/produit\/suji-bachi-kabuto-2\/#primaryimage"},"thumbnailUrl":"https:\/\/i0.wp.com\/www.supeinnihonto.com\/wp-content\/uploads\/2026\/01\/GEO0522-scaled.jpg?fit=2560%2C2003&ssl=1","datePublished":"2026-01-17T19:07:06+00:00","dateModified":"2026-03-04T11:38:47+00:00","description":"Magnifique kabuto japonais des XVIIIe\u2013XIXe si\u00e8cles, r\u00e9alis\u00e9 en fer forg\u00e9 avec un remarquable travail de laque sur le shikoro.","breadcrumb":{"@id":"https:\/\/www.supeinnihonto.com\/fr\/produit\/suji-bachi-kabuto-2\/#breadcrumb"},"inLanguage":"fr-FR","potentialAction":[{"@type":"ReadAction","target":["https:\/\/www.supeinnihonto.com\/fr\/produit\/suji-bachi-kabuto-2\/"]}]},{"@type":"ImageObject","inLanguage":"fr-FR","@id":"https:\/\/www.supeinnihonto.com\/fr\/produit\/suji-bachi-kabuto-2\/#primaryimage","url":"https:\/\/i0.wp.com\/www.supeinnihonto.com\/wp-content\/uploads\/2026\/01\/GEO0522-scaled.jpg?fit=2560%2C2003&ssl=1","contentUrl":"https:\/\/i0.wp.com\/www.supeinnihonto.com\/wp-content\/uploads\/2026\/01\/GEO0522-scaled.jpg?fit=2560%2C2003&ssl=1","width":2560,"height":2003,"caption":"Samurai armor yoroi gusoku for sale \/ Samurai armor yoroi gusoku a katana Samurai armor yoroi gusoku zu verkaufen \/ Samurai armor yoroi gusoku kaufen Samurai armor yoroi gusoku in vendita \/ Acquistare Samurai armor yoroi gusoku Samurai armor yoroi gusoku \u00e0 venda \/ Comprar Samurai armor yoroi gusoku Samurai armor yoroi gusoku \u00e0 vendre \/ Acheter un Samurai armor yoroi gusoku Samurai armor yoroi gusoku te koop \/ Samurai armor yoroi gusoku katana kopen Samurai armor yoroi gusoku na predaj \/ K\u00fapi\u0165 Samurai armor yoroi gusoku Samurai armor yoroi gusoku za prodajo \/ Kupite Samurai armor yoroi gusoku Samurai armor yoroi gusoku zum Verkaf \/ Kaaft eng Samurai armor yoroi gusoku Samurai armor yoroi gusoku na sprzeda\u017c \/ Kup Samurai armor yoroi gusoku Kabuto samurai helmet"},{"@type":"BreadcrumbList","@id":"https:\/\/www.supeinnihonto.com\/fr\/produit\/suji-bachi-kabuto-2\/#breadcrumb","itemListElement":[{"@type":"ListItem","position":1,"name":"Portada","item":"https:\/\/www.supeinnihonto.com\/fr\/"},{"@type":"ListItem","position":2,"name":"Shop","item":"https:\/\/www.supeinnihonto.com\/fr\/shop\/"},{"@type":"ListItem","position":3,"name":"Suji Bachi Kabuto"}]},{"@type":"WebSite","@id":"https:\/\/www.supeinnihonto.com\/fr\/#website","url":"https:\/\/www.supeinnihonto.com\/fr\/","name":"Supein Nihonto","description":"Authentic japanese Nihonto katana ","publisher":{"@id":"https:\/\/www.supeinnihonto.com\/fr\/#organization"},"potentialAction":[{"@type":"SearchAction","target":{"@type":"EntryPoint","urlTemplate":"https:\/\/www.supeinnihonto.com\/fr\/?s={search_term_string}"},"query-input":{"@type":"PropertyValueSpecification","valueRequired":true,"valueName":"search_term_string"}}],"inLanguage":"fr-FR"},{"@type":"Organization","@id":"https:\/\/www.supeinnihonto.com\/fr\/#organization","name":"SupeinNihonto","url":"https:\/\/www.supeinnihonto.com\/fr\/","logo":{"@type":"ImageObject","inLanguage":"fr-FR","@id":"https:\/\/www.supeinnihonto.com\/fr\/#\/schema\/logo\/image\/","url":"https:\/\/www.supeinnihonto.com\/wp-content\/uploads\/2021\/11\/animation_Default_3szk0jcenoloop.gif","contentUrl":"https:\/\/www.supeinnihonto.com\/wp-content\/uploads\/2021\/11\/animation_Default_3szk0jcenoloop.gif","width":750,"height":641,"caption":"SupeinNihonto"},"image":{"@id":"https:\/\/www.supeinnihonto.com\/fr\/#\/schema\/logo\/image\/"}}]}},"jetpack-related-posts":[{"id":10966,"url":"https:\/\/www.supeinnihonto.com\/fr\/produit\/tengu-kawari-kabuto\/","url_meta":{"origin":41311,"position":0},"title":"Tengu Kawari Kabuto","author":"Eric Majo","date":"29 de novembre de 2025","format":false,"excerpt":"\u00c0 propos de nous : Nos photographies sont prises sans retouche ni photoshop afin de garantir que le client puisse juger de la r\u00e9alit\u00e9 de l\u2019objet. Gr\u00e2ce \u00e0 un travail constant directement avec les meilleurs collectionneurs, mus\u00e9es et galeries au Japon et \u00e0 notre amiti\u00e9 avec eux, ainsi qu\u2019\u00e0 une\u2026","rel":"","context":"Article similaire","block_context":{"text":"Article similaire","link":""},"img":{"alt_text":"Tengu kabuto for sale","src":"https:\/\/i0.wp.com\/www.supeinnihonto.com\/wp-content\/uploads\/2025\/11\/DSC_4003-scaled.jpg?fit=1200%2C959&ssl=1&resize=350%2C200","width":350,"height":200,"srcset":"https:\/\/i0.wp.com\/www.supeinnihonto.com\/wp-content\/uploads\/2025\/11\/DSC_4003-scaled.jpg?fit=1200%2C959&ssl=1&resize=350%2C200 1x, https:\/\/i0.wp.com\/www.supeinnihonto.com\/wp-content\/uploads\/2025\/11\/DSC_4003-scaled.jpg?fit=1200%2C959&ssl=1&resize=525%2C300 1.5x, https:\/\/i0.wp.com\/www.supeinnihonto.com\/wp-content\/uploads\/2025\/11\/DSC_4003-scaled.jpg?fit=1200%2C959&ssl=1&resize=700%2C400 2x, https:\/\/i0.wp.com\/www.supeinnihonto.com\/wp-content\/uploads\/2025\/11\/DSC_4003-scaled.jpg?fit=1200%2C959&ssl=1&resize=1050%2C600 3x"},"classes":[]},{"id":39175,"url":"https:\/\/www.supeinnihonto.com\/fr\/produit\/suji-bachi-kabuto-4\/","url_meta":{"origin":41311,"position":1},"title":"Suji Bachi Kabuto","author":"Eric Majo","date":"26 de d\u00e9cembre de 2025","format":false,"excerpt":"\u00c0 propos de nous : Nos photographies sont prises sans retouche ni photoshop afin de garantir que le client puisse juger de la r\u00e9alit\u00e9 de l\u2019objet. Gr\u00e2ce \u00e0 un travail constant directement avec les meilleurs collectionneurs, mus\u00e9es et galeries au Japon et \u00e0 notre amiti\u00e9 avec eux, ainsi qu\u2019\u00e0 une\u2026","rel":"","context":"Article similaire","block_context":{"text":"Article similaire","link":""},"img":{"alt_text":"Sold","src":"https:\/\/i0.wp.com\/www.supeinnihonto.com\/wp-content\/uploads\/2024\/01\/logo-sold-scaled.png?fit=1200%2C720&ssl=1&resize=350%2C200","width":350,"height":200,"srcset":"https:\/\/i0.wp.com\/www.supeinnihonto.com\/wp-content\/uploads\/2024\/01\/logo-sold-scaled.png?fit=1200%2C720&ssl=1&resize=350%2C200 1x, https:\/\/i0.wp.com\/www.supeinnihonto.com\/wp-content\/uploads\/2024\/01\/logo-sold-scaled.png?fit=1200%2C720&ssl=1&resize=525%2C300 1.5x, https:\/\/i0.wp.com\/www.supeinnihonto.com\/wp-content\/uploads\/2024\/01\/logo-sold-scaled.png?fit=1200%2C720&ssl=1&resize=700%2C400 2x, https:\/\/i0.wp.com\/www.supeinnihonto.com\/wp-content\/uploads\/2024\/01\/logo-sold-scaled.png?fit=1200%2C720&ssl=1&resize=1050%2C600 3x"},"classes":[]},{"id":13515,"url":"https:\/\/www.supeinnihonto.com\/fr\/produit\/kawari-kabuto-shachihoko\/","url_meta":{"origin":41311,"position":2},"title":"Kawari Kabuto Shachihoko","author":"Supein Nihonto","date":"30 de mai de 2024","format":false,"excerpt":"\u00c0 propos de nous : Nos photographies sont prises sans retouche ni photoshop afin de garantir que le client puisse juger de la r\u00e9alit\u00e9 de l'objet. Gr\u00e2ce \u00e0 un travail constant directement avec les meilleurs collectionneurs, mus\u00e9es et galeries au Japon et \u00e0 notre amiti\u00e9 avec eux, ainsi qu'\u00e0 une\u2026","rel":"","context":"Article similaire","block_context":{"text":"Article similaire","link":""},"img":{"alt_text":"Kawari Kabuto Shachihoko","src":"https:\/\/i0.wp.com\/www.supeinnihonto.com\/wp-content\/uploads\/2024\/05\/DSC_4575-scaled.jpg?fit=800%2C1200&ssl=1&resize=350%2C200","width":350,"height":200,"srcset":"https:\/\/i0.wp.com\/www.supeinnihonto.com\/wp-content\/uploads\/2024\/05\/DSC_4575-scaled.jpg?fit=800%2C1200&ssl=1&resize=350%2C200 1x, https:\/\/i0.wp.com\/www.supeinnihonto.com\/wp-content\/uploads\/2024\/05\/DSC_4575-scaled.jpg?fit=800%2C1200&ssl=1&resize=525%2C300 1.5x, https:\/\/i0.wp.com\/www.supeinnihonto.com\/wp-content\/uploads\/2024\/05\/DSC_4575-scaled.jpg?fit=800%2C1200&ssl=1&resize=700%2C400 2x"},"classes":[]},{"id":11243,"url":"https:\/\/www.supeinnihonto.com\/fr\/produit\/usagi-kabuto\/","url_meta":{"origin":41311,"position":3},"title":"Usagi Kabuto","author":"Eric Majo","date":"22 de juillet de 2025","format":false,"excerpt":"About US: Nos photographies sont prises sans retouche ni Photoshop afin de garantir que le client puisse juger fid\u00e8lement de la r\u00e9alit\u00e9 de l\u2019objet. Gr\u00e2ce \u00e0 un travail constant men\u00e9 directement avec les meilleurs collectionneurs, mus\u00e9es et galeries du Japon, ainsi qu\u2019\u00e0 des relations d\u2019amiti\u00e9 avec eux, et \u00e0 une\u2026","rel":"","context":"Article similaire","block_context":{"text":"Article similaire","link":""},"img":{"alt_text":"","src":"https:\/\/i0.wp.com\/www.supeinnihonto.com\/wp-content\/uploads\/2025\/07\/DSC_9977-scaled-1.webp?fit=1200%2C1103&ssl=1&resize=350%2C200","width":350,"height":200,"srcset":"https:\/\/i0.wp.com\/www.supeinnihonto.com\/wp-content\/uploads\/2025\/07\/DSC_9977-scaled-1.webp?fit=1200%2C1103&ssl=1&resize=350%2C200 1x, https:\/\/i0.wp.com\/www.supeinnihonto.com\/wp-content\/uploads\/2025\/07\/DSC_9977-scaled-1.webp?fit=1200%2C1103&ssl=1&resize=525%2C300 1.5x, https:\/\/i0.wp.com\/www.supeinnihonto.com\/wp-content\/uploads\/2025\/07\/DSC_9977-scaled-1.webp?fit=1200%2C1103&ssl=1&resize=700%2C400 2x, https:\/\/i0.wp.com\/www.supeinnihonto.com\/wp-content\/uploads\/2025\/07\/DSC_9977-scaled-1.webp?fit=1200%2C1103&ssl=1&resize=1050%2C600 3x"},"classes":[]},{"id":11284,"url":"https:\/\/www.supeinnihonto.com\/fr\/produit\/snake-maedate-kabuto\/","url_meta":{"origin":41311,"position":4},"title":"Snake Maedate Kabuto","author":"Eric Majo","date":"22 de juillet de 2025","format":false,"excerpt":"About US: Nos photographies sont prises sans retouche ni Photoshop afin de garantir que le client puisse juger fid\u00e8lement de la r\u00e9alit\u00e9 de l\u2019objet. Gr\u00e2ce \u00e0 un travail constant men\u00e9 directement avec les meilleurs collectionneurs, mus\u00e9es et galeries du Japon, ainsi qu\u2019\u00e0 des relations d\u2019amiti\u00e9 avec eux, combin\u00e9s \u00e0 une\u2026","rel":"","context":"Article similaire","block_context":{"text":"Article similaire","link":""},"img":{"alt_text":"Snake Maedate Kabuto","src":"https:\/\/i0.wp.com\/www.supeinnihonto.com\/wp-content\/uploads\/2025\/07\/DSC_9960-scaled-1.webp?fit=1200%2C966&ssl=1&resize=350%2C200","width":350,"height":200,"srcset":"https:\/\/i0.wp.com\/www.supeinnihonto.com\/wp-content\/uploads\/2025\/07\/DSC_9960-scaled-1.webp?fit=1200%2C966&ssl=1&resize=350%2C200 1x, https:\/\/i0.wp.com\/www.supeinnihonto.com\/wp-content\/uploads\/2025\/07\/DSC_9960-scaled-1.webp?fit=1200%2C966&ssl=1&resize=525%2C300 1.5x, https:\/\/i0.wp.com\/www.supeinnihonto.com\/wp-content\/uploads\/2025\/07\/DSC_9960-scaled-1.webp?fit=1200%2C966&ssl=1&resize=700%2C400 2x, https:\/\/i0.wp.com\/www.supeinnihonto.com\/wp-content\/uploads\/2025\/07\/DSC_9960-scaled-1.webp?fit=1200%2C966&ssl=1&resize=1050%2C600 3x"},"classes":[]},{"id":10987,"url":"https:\/\/www.supeinnihonto.com\/fr\/produit\/kawari-kabuto\/","url_meta":{"origin":41311,"position":5},"title":"Kawari Kabuto","author":"Eric Majo","date":"25 de novembre de 2025","format":false,"excerpt":"\u00c0 propos de nous : Nos photographies sont prises sans retouche ni photoshop afin de garantir que le client puisse juger de la r\u00e9alit\u00e9 de l\u2019objet. Gr\u00e2ce \u00e0 un travail constant directement avec les meilleurs collectionneurs, mus\u00e9es et galeries au Japon et \u00e0 notre amiti\u00e9 avec eux, ainsi qu\u2019\u00e0 une\u2026","rel":"","context":"Article similaire","block_context":{"text":"Article similaire","link":""},"img":{"alt_text":"Kabuto for sale","src":"https:\/\/i0.wp.com\/www.supeinnihonto.com\/wp-content\/uploads\/2025\/11\/DSC_3872-scaled.jpg?fit=975%2C1200&ssl=1&resize=350%2C200","width":350,"height":200,"srcset":"https:\/\/i0.wp.com\/www.supeinnihonto.com\/wp-content\/uploads\/2025\/11\/DSC_3872-scaled.jpg?fit=975%2C1200&ssl=1&resize=350%2C200 1x, https:\/\/i0.wp.com\/www.supeinnihonto.com\/wp-content\/uploads\/2025\/11\/DSC_3872-scaled.jpg?fit=975%2C1200&ssl=1&resize=525%2C300 1.5x, https:\/\/i0.wp.com\/www.supeinnihonto.com\/wp-content\/uploads\/2025\/11\/DSC_3872-scaled.jpg?fit=975%2C1200&ssl=1&resize=700%2C400 2x"},"classes":[]}],"jetpack_sharing_enabled":true,"_links":{"self":[{"href":"https:\/\/www.supeinnihonto.com\/fr\/wp-json\/wp\/v2\/product\/41311","targetHints":{"allow":["GET"]}}],"collection":[{"href":"https:\/\/www.supeinnihonto.com\/fr\/wp-json\/wp\/v2\/product"}],"about":[{"href":"https:\/\/www.supeinnihonto.com\/fr\/wp-json\/wp\/v2\/types\/product"}],"wp:featuredmedia":[{"embeddable":true,"href":"https:\/\/www.supeinnihonto.com\/fr\/wp-json\/wp\/v2\/media\/41340"}],"wp:attachment":[{"href":"https:\/\/www.supeinnihonto.com\/fr\/wp-json\/wp\/v2\/media?parent=41311"}],"wp:term":[{"taxonomy":"product_brand","embeddable":true,"href":"https:\/\/www.supeinnihonto.com\/fr\/wp-json\/wp\/v2\/product_brand?post=41311"},{"taxonomy":"product_cat","embeddable":true,"href":"https:\/\/www.supeinnihonto.com\/fr\/wp-json\/wp\/v2\/product_cat?post=41311"},{"taxonomy":"product_tag","embeddable":true,"href":"https:\/\/www.supeinnihonto.com\/fr\/wp-json\/wp\/v2\/product_tag?post=41311"}],"curies":[{"name":"wp","href":"https:\/\/api.w.org\/{rel}","templated":true}]}}