{"id":14995,"date":"2024-02-04T12:41:03","date_gmt":"2024-02-04T12:41:03","guid":{"rendered":"https:\/\/www.supeinnihonto.com\/product\/wakizashi-nihonto-bo-hi\/"},"modified":"2026-04-28T08:54:47","modified_gmt":"2026-04-28T08:54:47","slug":"wakizashi-nihonto-bo-hi","status":"publish","type":"product","link":"https:\/\/www.supeinnihonto.com\/fr\/produit\/wakizashi-nihonto-bo-hi\/","title":{"rendered":"Wakizashi Nihonto Bo-Hi"},"content":{"rendered":"<p>Wakizashi Nihonto Bo-Hi.<br \/>\nAt Supein Nihonto we strive to bring you high quality samurai swords at prices far below the competition. We are probably the largest exporter in Europe. This is especially important to save on taxes and waiting times that can exceed three months with Japanese sellers and more than 30% extra on the final price. Thanks to this and the lowest professional prices in the industry plus our fast and efficient shipping method, we are sure you will enjoy this great opportunity to own a piece of art that will appreciate in value for years to come.<\/p>\n<p>Comes with kimono or cotton bag.<\/p>\n<p>Beautiful wakizashi in sayagaki. Elegant thanks to its groove (Bo-hi) and its magnificent and perfect hamon. A great piece to start collecting thanks to its great quality-price ratio. The polish is in a fantastic state of preservation and the blade is magnificent to admire and study with no defects.<\/p>\n<p>The blade is in old japanese polish remaining in good condition, the jihada of the steel is detailed and full of details to appreciate. A masterpiece Worthly a museum and a great addition to any private collection.<\/p>\n<p>Blade is in very good condition due to aging. Not hagire and not fatal damage, of course. This is a japanese weapon so have a real historical value. This is a weapon with centuries, not machine crafted so can be minor movements of saya, tsuka, tsuba, etc. Because of dilatation, humidity, etc. and little damages propers of his age like small rust, scratches, etc.. Sold as is.<\/p>\n<p>All my swords are originals, imported from japan and Europe from the best dealers and collectors during many years of collection and passion.<\/p>\n<p>Wakizashi Nihonto Bo-Hi.<\/p>\n<p>Size: Koshirae Full length: 77 cm<br \/>\nBlade length: 52,5 cm Sori: 1,2 cm<\/p>\n","protected":false},"excerpt":{"rendered":"<p>Wakizashi Nihonto Bo-Hi. At Supein Nihonto we strive to bring you high quality samurai swords at prices far below the competition. We are probably the largest exporter in Europe. This is especially important to save on taxes and waiting times that can exceed three months with Japanese sellers and more [&hellip;]<\/p>\n","protected":false},"featured_media":10954,"template":"","meta":{"jetpack_post_was_ever_published":false},"product_brand":[],"product_cat":[546,549],"product_tag":[456,438,428],"class_list":{"0":"post-14995","1":"product","2":"type-product","3":"status-publish","4":"has-post-thumbnail","6":"product_cat-nihonto","7":"product_cat-wakizashi","8":"product_tag-katana","9":"product_tag-nihonto","10":"product_tag-wakizashi","11":"product_shipping_class-swords","13":"first","14":"outofstock","15":"shipping-taxable","16":"purchasable","17":"product-type-simple"},"yoast_head":"<!-- This site is optimized with the Yoast SEO plugin v27.5 - https:\/\/yoast.com\/product\/yoast-seo-wordpress\/ -->\n<title>Wakizashi Nihonto Bo-Hi - Supein Nihonto<\/title>\n<meta name=\"description\" content=\"Wakizashi Nihonto Bo-Hi. eautiful wakizashi in sayagaki. Elegant thanks to its groove (Bo-hi) and its magnificent and perfect hamon. A great piece to...\" \/>\n<meta name=\"robots\" content=\"index, follow, max-snippet:-1, max-image-preview:large, max-video-preview:-1\" \/>\n<link rel=\"canonical\" href=\"https:\/\/www.supeinnihonto.com\/fr\/produit\/wakizashi-nihonto-bo-hi\/\" \/>\n<meta property=\"og:locale\" content=\"fr_FR\" \/>\n<meta property=\"og:type\" content=\"article\" \/>\n<meta property=\"og:title\" content=\"Wakizashi Nihonto Bo-Hi - Supein Nihonto\" \/>\n<meta property=\"og:description\" content=\"Wakizashi Nihonto Bo-Hi. eautiful wakizashi in sayagaki. Elegant thanks to its groove (Bo-hi) and its magnificent and perfect hamon. A great piece to...\" \/>\n<meta property=\"og:url\" content=\"https:\/\/www.supeinnihonto.com\/fr\/produit\/wakizashi-nihonto-bo-hi\/\" \/>\n<meta property=\"og:site_name\" content=\"Supein Nihonto\" \/>\n<meta property=\"article:modified_time\" content=\"2026-04-28T08:54:47+00:00\" \/>\n<meta name=\"twitter:card\" content=\"summary_large_image\" \/>\n<meta name=\"twitter:label1\" content=\"Dur\u00e9e de lecture estim\u00e9e\" \/>\n\t<meta name=\"twitter:data1\" content=\"1 minute\" \/>\n<script type=\"application\/ld+json\" class=\"yoast-schema-graph\">{\"@context\":\"https:\\\/\\\/schema.org\",\"@graph\":[{\"@type\":\"WebPage\",\"@id\":\"https:\\\/\\\/www.supeinnihonto.com\\\/fr\\\/produit\\\/wakizashi-nihonto-bo-hi\\\/\",\"url\":\"https:\\\/\\\/www.supeinnihonto.com\\\/fr\\\/produit\\\/wakizashi-nihonto-bo-hi\\\/\",\"name\":\"Wakizashi Nihonto Bo-Hi - Supein Nihonto\",\"isPartOf\":{\"@id\":\"https:\\\/\\\/www.supeinnihonto.com\\\/fr\\\/#website\"},\"primaryImageOfPage\":{\"@id\":\"https:\\\/\\\/www.supeinnihonto.com\\\/fr\\\/produit\\\/wakizashi-nihonto-bo-hi\\\/#primaryimage\"},\"image\":{\"@id\":\"https:\\\/\\\/www.supeinnihonto.com\\\/fr\\\/produit\\\/wakizashi-nihonto-bo-hi\\\/#primaryimage\"},\"thumbnailUrl\":\"https:\\\/\\\/i0.wp.com\\\/www.supeinnihonto.com\\\/wp-content\\\/uploads\\\/2024\\\/02\\\/logo-sold-scaled.png?fit=3125%2C1875&ssl=1\",\"datePublished\":\"2024-02-04T12:41:03+00:00\",\"dateModified\":\"2026-04-28T08:54:47+00:00\",\"description\":\"Wakizashi Nihonto Bo-Hi. eautiful wakizashi in sayagaki. Elegant thanks to its groove (Bo-hi) and its magnificent and perfect hamon. A great piece to...\",\"breadcrumb\":{\"@id\":\"https:\\\/\\\/www.supeinnihonto.com\\\/fr\\\/produit\\\/wakizashi-nihonto-bo-hi\\\/#breadcrumb\"},\"inLanguage\":\"fr-FR\",\"potentialAction\":[{\"@type\":\"ReadAction\",\"target\":[\"https:\\\/\\\/www.supeinnihonto.com\\\/fr\\\/produit\\\/wakizashi-nihonto-bo-hi\\\/\"]}]},{\"@type\":\"ImageObject\",\"inLanguage\":\"fr-FR\",\"@id\":\"https:\\\/\\\/www.supeinnihonto.com\\\/fr\\\/produit\\\/wakizashi-nihonto-bo-hi\\\/#primaryimage\",\"url\":\"https:\\\/\\\/i0.wp.com\\\/www.supeinnihonto.com\\\/wp-content\\\/uploads\\\/2024\\\/02\\\/logo-sold-scaled.png?fit=3125%2C1875&ssl=1\",\"contentUrl\":\"https:\\\/\\\/i0.wp.com\\\/www.supeinnihonto.com\\\/wp-content\\\/uploads\\\/2024\\\/02\\\/logo-sold-scaled.png?fit=3125%2C1875&ssl=1\",\"width\":3125,\"height\":1875,\"caption\":\"sold\"},{\"@type\":\"BreadcrumbList\",\"@id\":\"https:\\\/\\\/www.supeinnihonto.com\\\/fr\\\/produit\\\/wakizashi-nihonto-bo-hi\\\/#breadcrumb\",\"itemListElement\":[{\"@type\":\"ListItem\",\"position\":1,\"name\":\"Portada\",\"item\":\"https:\\\/\\\/www.supeinnihonto.com\\\/fr\\\/\"},{\"@type\":\"ListItem\",\"position\":2,\"name\":\"Shop\",\"item\":\"https:\\\/\\\/www.supeinnihonto.com\\\/fr\\\/shop\\\/\"},{\"@type\":\"ListItem\",\"position\":3,\"name\":\"Wakizashi Nihonto Bo-Hi\"}]},{\"@type\":\"WebSite\",\"@id\":\"https:\\\/\\\/www.supeinnihonto.com\\\/fr\\\/#website\",\"url\":\"https:\\\/\\\/www.supeinnihonto.com\\\/fr\\\/\",\"name\":\"Supein Nihonto\",\"description\":\"Authentic japanese Nihonto katana \",\"publisher\":{\"@id\":\"https:\\\/\\\/www.supeinnihonto.com\\\/fr\\\/#organization\"},\"potentialAction\":[{\"@type\":\"SearchAction\",\"target\":{\"@type\":\"EntryPoint\",\"urlTemplate\":\"https:\\\/\\\/www.supeinnihonto.com\\\/fr\\\/?s={search_term_string}\"},\"query-input\":{\"@type\":\"PropertyValueSpecification\",\"valueRequired\":true,\"valueName\":\"search_term_string\"}}],\"inLanguage\":\"fr-FR\"},{\"@type\":\"Organization\",\"@id\":\"https:\\\/\\\/www.supeinnihonto.com\\\/fr\\\/#organization\",\"name\":\"SupeinNihonto\",\"url\":\"https:\\\/\\\/www.supeinnihonto.com\\\/fr\\\/\",\"logo\":{\"@type\":\"ImageObject\",\"inLanguage\":\"fr-FR\",\"@id\":\"https:\\\/\\\/www.supeinnihonto.com\\\/fr\\\/#\\\/schema\\\/logo\\\/image\\\/\",\"url\":\"https:\\\/\\\/www.supeinnihonto.com\\\/wp-content\\\/uploads\\\/2021\\\/11\\\/animation_Default_3szk0jcenoloop.gif\",\"contentUrl\":\"https:\\\/\\\/www.supeinnihonto.com\\\/wp-content\\\/uploads\\\/2021\\\/11\\\/animation_Default_3szk0jcenoloop.gif\",\"width\":750,\"height\":641,\"caption\":\"SupeinNihonto\"},\"image\":{\"@id\":\"https:\\\/\\\/www.supeinnihonto.com\\\/fr\\\/#\\\/schema\\\/logo\\\/image\\\/\"}}]}<\/script>\n<!-- \/ Yoast SEO plugin. -->","yoast_head_json":{"title":"Wakizashi Nihonto Bo-Hi - Supein Nihonto","description":"Wakizashi Nihonto Bo-Hi. eautiful wakizashi in sayagaki. Elegant thanks to its groove (Bo-hi) and its magnificent and perfect hamon. A great piece to...","robots":{"index":"index","follow":"follow","max-snippet":"max-snippet:-1","max-image-preview":"max-image-preview:large","max-video-preview":"max-video-preview:-1"},"canonical":"https:\/\/www.supeinnihonto.com\/fr\/produit\/wakizashi-nihonto-bo-hi\/","og_locale":"fr_FR","og_type":"article","og_title":"Wakizashi Nihonto Bo-Hi - Supein Nihonto","og_description":"Wakizashi Nihonto Bo-Hi. eautiful wakizashi in sayagaki. Elegant thanks to its groove (Bo-hi) and its magnificent and perfect hamon. A great piece to...","og_url":"https:\/\/www.supeinnihonto.com\/fr\/produit\/wakizashi-nihonto-bo-hi\/","og_site_name":"Supein Nihonto","article_modified_time":"2026-04-28T08:54:47+00:00","twitter_card":"summary_large_image","twitter_misc":{"Dur\u00e9e de lecture estim\u00e9e":"1 minute"},"schema":{"@context":"https:\/\/schema.org","@graph":[{"@type":"WebPage","@id":"https:\/\/www.supeinnihonto.com\/fr\/produit\/wakizashi-nihonto-bo-hi\/","url":"https:\/\/www.supeinnihonto.com\/fr\/produit\/wakizashi-nihonto-bo-hi\/","name":"Wakizashi Nihonto Bo-Hi - Supein Nihonto","isPartOf":{"@id":"https:\/\/www.supeinnihonto.com\/fr\/#website"},"primaryImageOfPage":{"@id":"https:\/\/www.supeinnihonto.com\/fr\/produit\/wakizashi-nihonto-bo-hi\/#primaryimage"},"image":{"@id":"https:\/\/www.supeinnihonto.com\/fr\/produit\/wakizashi-nihonto-bo-hi\/#primaryimage"},"thumbnailUrl":"https:\/\/i0.wp.com\/www.supeinnihonto.com\/wp-content\/uploads\/2024\/02\/logo-sold-scaled.png?fit=3125%2C1875&ssl=1","datePublished":"2024-02-04T12:41:03+00:00","dateModified":"2026-04-28T08:54:47+00:00","description":"Wakizashi Nihonto Bo-Hi. eautiful wakizashi in sayagaki. Elegant thanks to its groove (Bo-hi) and its magnificent and perfect hamon. A great piece to...","breadcrumb":{"@id":"https:\/\/www.supeinnihonto.com\/fr\/produit\/wakizashi-nihonto-bo-hi\/#breadcrumb"},"inLanguage":"fr-FR","potentialAction":[{"@type":"ReadAction","target":["https:\/\/www.supeinnihonto.com\/fr\/produit\/wakizashi-nihonto-bo-hi\/"]}]},{"@type":"ImageObject","inLanguage":"fr-FR","@id":"https:\/\/www.supeinnihonto.com\/fr\/produit\/wakizashi-nihonto-bo-hi\/#primaryimage","url":"https:\/\/i0.wp.com\/www.supeinnihonto.com\/wp-content\/uploads\/2024\/02\/logo-sold-scaled.png?fit=3125%2C1875&ssl=1","contentUrl":"https:\/\/i0.wp.com\/www.supeinnihonto.com\/wp-content\/uploads\/2024\/02\/logo-sold-scaled.png?fit=3125%2C1875&ssl=1","width":3125,"height":1875,"caption":"sold"},{"@type":"BreadcrumbList","@id":"https:\/\/www.supeinnihonto.com\/fr\/produit\/wakizashi-nihonto-bo-hi\/#breadcrumb","itemListElement":[{"@type":"ListItem","position":1,"name":"Portada","item":"https:\/\/www.supeinnihonto.com\/fr\/"},{"@type":"ListItem","position":2,"name":"Shop","item":"https:\/\/www.supeinnihonto.com\/fr\/shop\/"},{"@type":"ListItem","position":3,"name":"Wakizashi Nihonto Bo-Hi"}]},{"@type":"WebSite","@id":"https:\/\/www.supeinnihonto.com\/fr\/#website","url":"https:\/\/www.supeinnihonto.com\/fr\/","name":"Supein Nihonto","description":"Authentic japanese Nihonto katana ","publisher":{"@id":"https:\/\/www.supeinnihonto.com\/fr\/#organization"},"potentialAction":[{"@type":"SearchAction","target":{"@type":"EntryPoint","urlTemplate":"https:\/\/www.supeinnihonto.com\/fr\/?s={search_term_string}"},"query-input":{"@type":"PropertyValueSpecification","valueRequired":true,"valueName":"search_term_string"}}],"inLanguage":"fr-FR"},{"@type":"Organization","@id":"https:\/\/www.supeinnihonto.com\/fr\/#organization","name":"SupeinNihonto","url":"https:\/\/www.supeinnihonto.com\/fr\/","logo":{"@type":"ImageObject","inLanguage":"fr-FR","@id":"https:\/\/www.supeinnihonto.com\/fr\/#\/schema\/logo\/image\/","url":"https:\/\/www.supeinnihonto.com\/wp-content\/uploads\/2021\/11\/animation_Default_3szk0jcenoloop.gif","contentUrl":"https:\/\/www.supeinnihonto.com\/wp-content\/uploads\/2021\/11\/animation_Default_3szk0jcenoloop.gif","width":750,"height":641,"caption":"SupeinNihonto"},"image":{"@id":"https:\/\/www.supeinnihonto.com\/fr\/#\/schema\/logo\/image\/"}}]}},"jetpack-related-posts":[{"id":2343,"url":"https:\/\/www.supeinnihonto.com\/produit\/wakizashi-nihonto-bo-hi\/","url_meta":{"origin":14995,"position":0},"title":"Wakizashi Nihonto Bo-Hi","author":"Supein Nihonto","date":"4 de f\u00e9vrier de 2024","format":false,"excerpt":"Wakizashi Nihonto Bo-Hi. At Supein Nihonto we strive to bring you high quality samurai swords at prices far below the competition. We are probably the largest exporter in Europe. This is especially important to save on taxes and waiting times that can exceed three months with Japanese sellers and more\u2026","rel":"","context":"Article similaire","block_context":{"text":"Article similaire","link":""},"img":{"alt_text":"sold","src":"https:\/\/i0.wp.com\/www.supeinnihonto.com\/wp-content\/uploads\/2024\/02\/logo-sold-scaled.png?fit=1200%2C720&ssl=1&resize=350%2C200","width":350,"height":200,"srcset":"https:\/\/i0.wp.com\/www.supeinnihonto.com\/wp-content\/uploads\/2024\/02\/logo-sold-scaled.png?fit=1200%2C720&ssl=1&resize=350%2C200 1x, https:\/\/i0.wp.com\/www.supeinnihonto.com\/wp-content\/uploads\/2024\/02\/logo-sold-scaled.png?fit=1200%2C720&ssl=1&resize=525%2C300 1.5x, https:\/\/i0.wp.com\/www.supeinnihonto.com\/wp-content\/uploads\/2024\/02\/logo-sold-scaled.png?fit=1200%2C720&ssl=1&resize=700%2C400 2x, https:\/\/i0.wp.com\/www.supeinnihonto.com\/wp-content\/uploads\/2024\/02\/logo-sold-scaled.png?fit=1200%2C720&ssl=1&resize=1050%2C600 3x"},"classes":[]},{"id":14997,"url":"https:\/\/www.supeinnihonto.com\/de\/produkt\/wakizashi-nihonto-bo-hi\/","url_meta":{"origin":14995,"position":1},"title":"Wakizashi Nihonto Bo-Hi","author":"Supein Nihonto","date":"4 de f\u00e9vrier de 2024","format":false,"excerpt":"Wakizashi Nihonto Bo-Hi. At Supein Nihonto we strive to bring you high quality samurai swords at prices far below the competition. We are probably the largest exporter in Europe. This is especially important to save on taxes and waiting times that can exceed three months with Japanese sellers and more\u2026","rel":"","context":"Article similaire","block_context":{"text":"Article similaire","link":""},"img":{"alt_text":"sold","src":"https:\/\/i0.wp.com\/www.supeinnihonto.com\/wp-content\/uploads\/2024\/02\/logo-sold-scaled.png?fit=1200%2C720&ssl=1&resize=350%2C200","width":350,"height":200,"srcset":"https:\/\/i0.wp.com\/www.supeinnihonto.com\/wp-content\/uploads\/2024\/02\/logo-sold-scaled.png?fit=1200%2C720&ssl=1&resize=350%2C200 1x, https:\/\/i0.wp.com\/www.supeinnihonto.com\/wp-content\/uploads\/2024\/02\/logo-sold-scaled.png?fit=1200%2C720&ssl=1&resize=525%2C300 1.5x, https:\/\/i0.wp.com\/www.supeinnihonto.com\/wp-content\/uploads\/2024\/02\/logo-sold-scaled.png?fit=1200%2C720&ssl=1&resize=700%2C400 2x, https:\/\/i0.wp.com\/www.supeinnihonto.com\/wp-content\/uploads\/2024\/02\/logo-sold-scaled.png?fit=1200%2C720&ssl=1&resize=1050%2C600 3x"},"classes":[]},{"id":14999,"url":"https:\/\/www.supeinnihonto.com\/it\/prodotto\/wakizashi-nihonto-bo-hi\/","url_meta":{"origin":14995,"position":2},"title":"Wakizashi Nihonto Bo-Hi","author":"Supein Nihonto","date":"4 de f\u00e9vrier de 2024","format":false,"excerpt":"Wakizashi Nihonto Bo-Hi. At Supein Nihonto we strive to bring you high quality samurai swords at prices far below the competition. We are probably the largest exporter in Europe. This is especially important to save on taxes and waiting times that can exceed three months with Japanese sellers and more\u2026","rel":"","context":"Article similaire","block_context":{"text":"Article similaire","link":""},"img":{"alt_text":"sold","src":"https:\/\/i0.wp.com\/www.supeinnihonto.com\/wp-content\/uploads\/2024\/02\/logo-sold-scaled.png?fit=1200%2C720&ssl=1&resize=350%2C200","width":350,"height":200,"srcset":"https:\/\/i0.wp.com\/www.supeinnihonto.com\/wp-content\/uploads\/2024\/02\/logo-sold-scaled.png?fit=1200%2C720&ssl=1&resize=350%2C200 1x, https:\/\/i0.wp.com\/www.supeinnihonto.com\/wp-content\/uploads\/2024\/02\/logo-sold-scaled.png?fit=1200%2C720&ssl=1&resize=525%2C300 1.5x, https:\/\/i0.wp.com\/www.supeinnihonto.com\/wp-content\/uploads\/2024\/02\/logo-sold-scaled.png?fit=1200%2C720&ssl=1&resize=700%2C400 2x, https:\/\/i0.wp.com\/www.supeinnihonto.com\/wp-content\/uploads\/2024\/02\/logo-sold-scaled.png?fit=1200%2C720&ssl=1&resize=1050%2C600 3x"},"classes":[]},{"id":14993,"url":"https:\/\/www.supeinnihonto.com\/nl\/product\/wakizashi-nihonto-bo-hi\/","url_meta":{"origin":14995,"position":3},"title":"Wakizashi Nihonto Bo-Hi","author":"ericmontero","date":"4 de f\u00e9vrier de 2024","format":false,"excerpt":"Wakizashi Nihonto Bo-Hi. Bij Supein Nihonto streven we ernaar om u hoogwaardige samoerai-zwaarden aan te bieden tegen prijzen die ver onder die van de concurrentie liggen. Wij zijn waarschijnlijk de grootste exporteur in Europa. Dit is vooral belangrijk om te besparen op belastingen en wachttijden die bij Japanse verkopers meer\u2026","rel":"","context":"Article similaire","block_context":{"text":"Article similaire","link":""},"img":{"alt_text":"sold","src":"https:\/\/i0.wp.com\/www.supeinnihonto.com\/wp-content\/uploads\/2024\/02\/logo-sold-scaled.png?fit=1200%2C720&ssl=1&resize=350%2C200","width":350,"height":200,"srcset":"https:\/\/i0.wp.com\/www.supeinnihonto.com\/wp-content\/uploads\/2024\/02\/logo-sold-scaled.png?fit=1200%2C720&ssl=1&resize=350%2C200 1x, https:\/\/i0.wp.com\/www.supeinnihonto.com\/wp-content\/uploads\/2024\/02\/logo-sold-scaled.png?fit=1200%2C720&ssl=1&resize=525%2C300 1.5x, https:\/\/i0.wp.com\/www.supeinnihonto.com\/wp-content\/uploads\/2024\/02\/logo-sold-scaled.png?fit=1200%2C720&ssl=1&resize=700%2C400 2x, https:\/\/i0.wp.com\/www.supeinnihonto.com\/wp-content\/uploads\/2024\/02\/logo-sold-scaled.png?fit=1200%2C720&ssl=1&resize=1050%2C600 3x"},"classes":[]},{"id":2355,"url":"https:\/\/www.supeinnihonto.com\/produit\/nihonto-wakizashi-in-shirasaya\/","url_meta":{"origin":14995,"position":4},"title":"Nihonto Wakizashi in Shirasaya","author":"Supein Nihonto","date":"4 de f\u00e9vrier de 2024","format":false,"excerpt":"Nihonto Wakizashi in Shirasaya. At Supein Nihonto we strive to bring you high quality samurai swords at prices far below the competition. We are probably the largest exporter in Europe. This is especially important to save on taxes and waiting times that can exceed three months with Japanese sellers and\u2026","rel":"","context":"Article similaire","block_context":{"text":"Article similaire","link":""},"img":{"alt_text":"Nihonto Wakizashi shirasaya","src":"https:\/\/i0.wp.com\/www.supeinnihonto.com\/wp-content\/uploads\/2024\/02\/DSC_0212-scaled.jpg?fit=1200%2C801&ssl=1&resize=350%2C200","width":350,"height":200,"srcset":"https:\/\/i0.wp.com\/www.supeinnihonto.com\/wp-content\/uploads\/2024\/02\/DSC_0212-scaled.jpg?fit=1200%2C801&ssl=1&resize=350%2C200 1x, https:\/\/i0.wp.com\/www.supeinnihonto.com\/wp-content\/uploads\/2024\/02\/DSC_0212-scaled.jpg?fit=1200%2C801&ssl=1&resize=525%2C300 1.5x, https:\/\/i0.wp.com\/www.supeinnihonto.com\/wp-content\/uploads\/2024\/02\/DSC_0212-scaled.jpg?fit=1200%2C801&ssl=1&resize=700%2C400 2x, https:\/\/i0.wp.com\/www.supeinnihonto.com\/wp-content\/uploads\/2024\/02\/DSC_0212-scaled.jpg?fit=1200%2C801&ssl=1&resize=1050%2C600 3x"},"classes":[]},{"id":14992,"url":"https:\/\/www.supeinnihonto.com\/it\/prodotto\/nihonto-wakizashi-in-shirasaya\/","url_meta":{"origin":14995,"position":5},"title":"Nihonto Wakizashi in Shirasaya","author":"Supein Nihonto","date":"4 de f\u00e9vrier de 2024","format":false,"excerpt":"Nihonto Wakizashi in Shirasaya. Presso Supein Nihonto ci impegniamo a offrirvi spade samurai di alta qualit\u00e0 a prezzi molto inferiori rispetto alla concorrenza. Siamo probabilmente il pi\u00f9 grande esportatore in Europa. Questo \u00e8 particolarmente importante per risparmiare su tasse e tempi di attesa che possono superare i tre mesi con\u2026","rel":"","context":"Article similaire","block_context":{"text":"Article similaire","link":""},"img":{"alt_text":"Nihonto Wakizashi shirasaya","src":"https:\/\/i0.wp.com\/www.supeinnihonto.com\/wp-content\/uploads\/2024\/02\/DSC_0212-scaled.jpg?fit=1200%2C801&ssl=1&resize=350%2C200","width":350,"height":200,"srcset":"https:\/\/i0.wp.com\/www.supeinnihonto.com\/wp-content\/uploads\/2024\/02\/DSC_0212-scaled.jpg?fit=1200%2C801&ssl=1&resize=350%2C200 1x, https:\/\/i0.wp.com\/www.supeinnihonto.com\/wp-content\/uploads\/2024\/02\/DSC_0212-scaled.jpg?fit=1200%2C801&ssl=1&resize=525%2C300 1.5x, https:\/\/i0.wp.com\/www.supeinnihonto.com\/wp-content\/uploads\/2024\/02\/DSC_0212-scaled.jpg?fit=1200%2C801&ssl=1&resize=700%2C400 2x, https:\/\/i0.wp.com\/www.supeinnihonto.com\/wp-content\/uploads\/2024\/02\/DSC_0212-scaled.jpg?fit=1200%2C801&ssl=1&resize=1050%2C600 3x"},"classes":[]}],"jetpack_sharing_enabled":true,"_links":{"self":[{"href":"https:\/\/www.supeinnihonto.com\/fr\/wp-json\/wp\/v2\/product\/14995","targetHints":{"allow":["GET"]}}],"collection":[{"href":"https:\/\/www.supeinnihonto.com\/fr\/wp-json\/wp\/v2\/product"}],"about":[{"href":"https:\/\/www.supeinnihonto.com\/fr\/wp-json\/wp\/v2\/types\/product"}],"wp:featuredmedia":[{"embeddable":true,"href":"https:\/\/www.supeinnihonto.com\/fr\/wp-json\/wp\/v2\/media\/10954"}],"wp:attachment":[{"href":"https:\/\/www.supeinnihonto.com\/fr\/wp-json\/wp\/v2\/media?parent=14995"}],"wp:term":[{"taxonomy":"product_brand","embeddable":true,"href":"https:\/\/www.supeinnihonto.com\/fr\/wp-json\/wp\/v2\/product_brand?post=14995"},{"taxonomy":"product_cat","embeddable":true,"href":"https:\/\/www.supeinnihonto.com\/fr\/wp-json\/wp\/v2\/product_cat?post=14995"},{"taxonomy":"product_tag","embeddable":true,"href":"https:\/\/www.supeinnihonto.com\/fr\/wp-json\/wp\/v2\/product_tag?post=14995"}],"curies":[{"name":"wp","href":"https:\/\/api.w.org\/{rel}","templated":true}]}}