{"id":14990,"date":"2024-02-04T16:14:13","date_gmt":"2024-02-04T16:14:13","guid":{"rendered":"https:\/\/www.supeinnihonto.com\/product\/nihonto-wakizashi-in-shirasaya\/"},"modified":"2025-12-14T22:46:45","modified_gmt":"2025-12-14T22:46:45","slug":"nihonto-wakizashi-in-shirasaya","status":"publish","type":"product","link":"https:\/\/www.supeinnihonto.com\/fr\/produit\/nihonto-wakizashi-in-shirasaya\/","title":{"rendered":"Nihonto Wakizashi en Shirasaya"},"content":{"rendered":"<p>Nihonto Wakizashi en Shirasaya.<\/p>\n<p>Chez Supein Nihonto, nous nous effor\u00e7ons de vous proposer des sabres samoura\u00efs de haute qualit\u00e9 \u00e0 des prix bien inf\u00e9rieurs \u00e0 ceux de la concurrence. Nous sommes probablement le plus grand exportateur en Europe. Cela est particuli\u00e8rement important pour \u00e9conomiser sur les taxes et les d\u00e9lais d&rsquo;attente qui peuvent d\u00e9passer trois mois avec les vendeurs japonais, ainsi que plus de 30 % de suppl\u00e9ment sur le prix final. Gr\u00e2ce \u00e0 cela, aux prix professionnels les plus bas du secteur ainsi qu&rsquo;\u00e0 notre m\u00e9thode d&rsquo;exp\u00e9dition rapide et efficace, nous sommes s\u00fbrs que vous appr\u00e9cierez cette excellente opportunit\u00e9 de poss\u00e9der une \u0153uvre d&rsquo;art qui prendra de la valeur au fil des ann\u00e9es.<\/p>\n<p>Livr\u00e9 avec un kimono ou un sac en coton.<\/p>\n<p>Fabuleux wakizashi en shirasaya sign\u00e9, en \u00e9tat quasi neuf malgr\u00e9 ses si\u00e8cles d&rsquo;existence. Pi\u00e8ce du XVIIIe si\u00e8cle dans un \u00e9tat de conservation fantastique avec un hamon vivant et plein de d\u00e9tails ainsi qu&rsquo;un Jihada ou peau d&rsquo;acier d&rsquo;une grande valeur artistique. Un authentique Nihonto avec des si\u00e8cles d&rsquo;histoire et d&rsquo;antiquit\u00e9 disponible \u00e0 un prix bien inf\u00e9rieur \u00e0 celui de toute boutique physique ou site web en Europe. Parfait pour commencer une collection sans trop d\u00e9penser mais sans compromettre la qualit\u00e9. Le forgeage et le polissage sont exquis et d&rsquo;un grand niveau de d\u00e9tail.<\/p>\n<p>La lame est en ancien polissage japonais, restant en bon \u00e9tat, le jihada de l&rsquo;acier est d\u00e9taill\u00e9 et plein de d\u00e9tails \u00e0 appr\u00e9cier. Un chef-d&rsquo;\u0153uvre digne d&rsquo;un mus\u00e9e et un excellent ajout \u00e0 toute collection priv\u00e9e.<\/p>\n<p>La lame est en tr\u00e8s bon \u00e9tat gr\u00e2ce au vieillissement. Pas de hagire ni de dommage fatal, bien s\u00fbr. C&rsquo;est une arme japonaise avec une v\u00e9ritable valeur historique. C&rsquo;est une arme vieille de plusieurs si\u00e8cles, non fabriqu\u00e9e \u00e0 la machine, donc il peut y avoir de l\u00e9gers mouvements du saya, tsuka, tsuba, etc. En raison de la dilatation, de l&rsquo;humidit\u00e9, etc., et de petits dommages propres \u00e0 son \u00e2ge comme de petites traces de rouille, des rayures, etc. Vendue en l&rsquo;\u00e9tat.<\/p>\n<p>Toutes mes \u00e9p\u00e9es sont originales, import\u00e9es du Japon et d&rsquo;Europe aupr\u00e8s des meilleurs marchands et collectionneurs au cours de nombreuses ann\u00e9es de collection et de passion.<\/p>\n<p>Nihonto Wakizashi en Shirasaya.<\/p>\n<p>Dimensions : Koshirae Longueur totale : 80 cm<br \/>\nLongueur de la lame : 53,1 cm Sori : 1,2 cm<\/p>\n","protected":false},"excerpt":{"rendered":"<p>Nihonto Wakizashi en Shirasaya. Chez Supein Nihonto, nous nous effor\u00e7ons de vous proposer des sabres samoura\u00efs de haute qualit\u00e9 \u00e0 des prix bien inf\u00e9rieurs \u00e0 ceux de la concurrence. Nous sommes probablement le plus grand exportateur en Europe. Cela est particuli\u00e8rement important pour \u00e9conomiser sur les taxes et les d\u00e9lais [&hellip;]<\/p>\n","protected":false},"featured_media":13968,"template":"","meta":{"jetpack_post_was_ever_published":false},"product_brand":[],"product_cat":[546,549],"product_tag":[456,438,428],"class_list":{"0":"post-14990","1":"product","2":"type-product","3":"status-publish","4":"has-post-thumbnail","6":"product_cat-nihonto","7":"product_cat-wakizashi","8":"product_tag-katana","9":"product_tag-nihonto","10":"product_tag-wakizashi","11":"product_shipping_class-epees","13":"first","14":"instock","15":"featured","16":"shipping-taxable","17":"purchasable","18":"product-type-simple"},"yoast_head":"<!-- This site is optimized with the Yoast SEO plugin v27.5 - https:\/\/yoast.com\/product\/yoast-seo-wordpress\/ -->\n<title>Nihonto Wakizashi en Shirasaya - Supein Nihonto<\/title>\n<meta name=\"description\" content=\"Nihonto Wakizashi in Shirasaya. Fabulous wakizashi in shirasaya in near mint condition despite its centuries of age. Piece of the 18th century in...\" \/>\n<meta name=\"robots\" content=\"index, follow, max-snippet:-1, max-image-preview:large, max-video-preview:-1\" \/>\n<link rel=\"canonical\" href=\"https:\/\/www.supeinnihonto.com\/fr\/produit\/nihonto-wakizashi-in-shirasaya\/\" \/>\n<meta property=\"og:locale\" content=\"fr_FR\" \/>\n<meta property=\"og:type\" content=\"article\" \/>\n<meta property=\"og:title\" content=\"Nihonto Wakizashi en Shirasaya - Supein Nihonto\" \/>\n<meta property=\"og:description\" content=\"Nihonto Wakizashi in Shirasaya. Fabulous wakizashi in shirasaya in near mint condition despite its centuries of age. Piece of the 18th century in...\" \/>\n<meta property=\"og:url\" content=\"https:\/\/www.supeinnihonto.com\/fr\/produit\/nihonto-wakizashi-in-shirasaya\/\" \/>\n<meta property=\"og:site_name\" content=\"Supein Nihonto\" \/>\n<meta property=\"article:modified_time\" content=\"2025-12-14T22:46:45+00:00\" \/>\n<meta property=\"og:image\" content=\"https:\/\/www.supeinnihonto.com\/wp-content\/uploads\/2024\/02\/DSC_0212-scaled.jpg\" \/>\n\t<meta property=\"og:image:width\" content=\"2560\" \/>\n\t<meta property=\"og:image:height\" content=\"1708\" \/>\n\t<meta property=\"og:image:type\" content=\"image\/jpeg\" \/>\n<meta name=\"twitter:card\" content=\"summary_large_image\" \/>\n<meta name=\"twitter:label1\" content=\"Dur\u00e9e de lecture estim\u00e9e\" \/>\n\t<meta name=\"twitter:data1\" content=\"2 minutes\" \/>\n<script type=\"application\/ld+json\" class=\"yoast-schema-graph\">{\"@context\":\"https:\\\/\\\/schema.org\",\"@graph\":[{\"@type\":\"WebPage\",\"@id\":\"https:\\\/\\\/www.supeinnihonto.com\\\/fr\\\/produit\\\/nihonto-wakizashi-in-shirasaya\\\/\",\"url\":\"https:\\\/\\\/www.supeinnihonto.com\\\/fr\\\/produit\\\/nihonto-wakizashi-in-shirasaya\\\/\",\"name\":\"Nihonto Wakizashi en Shirasaya - Supein Nihonto\",\"isPartOf\":{\"@id\":\"https:\\\/\\\/www.supeinnihonto.com\\\/fr\\\/#website\"},\"primaryImageOfPage\":{\"@id\":\"https:\\\/\\\/www.supeinnihonto.com\\\/fr\\\/produit\\\/nihonto-wakizashi-in-shirasaya\\\/#primaryimage\"},\"image\":{\"@id\":\"https:\\\/\\\/www.supeinnihonto.com\\\/fr\\\/produit\\\/nihonto-wakizashi-in-shirasaya\\\/#primaryimage\"},\"thumbnailUrl\":\"https:\\\/\\\/i0.wp.com\\\/www.supeinnihonto.com\\\/wp-content\\\/uploads\\\/2024\\\/02\\\/DSC_0212-scaled.jpg?fit=2560%2C1708&ssl=1\",\"datePublished\":\"2024-02-04T16:14:13+00:00\",\"dateModified\":\"2025-12-14T22:46:45+00:00\",\"description\":\"Nihonto Wakizashi in Shirasaya. Fabulous wakizashi in shirasaya in near mint condition despite its centuries of age. Piece of the 18th century in...\",\"breadcrumb\":{\"@id\":\"https:\\\/\\\/www.supeinnihonto.com\\\/fr\\\/produit\\\/nihonto-wakizashi-in-shirasaya\\\/#breadcrumb\"},\"inLanguage\":\"fr-FR\",\"potentialAction\":[{\"@type\":\"ReadAction\",\"target\":[\"https:\\\/\\\/www.supeinnihonto.com\\\/fr\\\/produit\\\/nihonto-wakizashi-in-shirasaya\\\/\"]}]},{\"@type\":\"ImageObject\",\"inLanguage\":\"fr-FR\",\"@id\":\"https:\\\/\\\/www.supeinnihonto.com\\\/fr\\\/produit\\\/nihonto-wakizashi-in-shirasaya\\\/#primaryimage\",\"url\":\"https:\\\/\\\/i0.wp.com\\\/www.supeinnihonto.com\\\/wp-content\\\/uploads\\\/2024\\\/02\\\/DSC_0212-scaled.jpg?fit=2560%2C1708&ssl=1\",\"contentUrl\":\"https:\\\/\\\/i0.wp.com\\\/www.supeinnihonto.com\\\/wp-content\\\/uploads\\\/2024\\\/02\\\/DSC_0212-scaled.jpg?fit=2560%2C1708&ssl=1\",\"width\":2560,\"height\":1708,\"caption\":\"Nihonto Wakizashi shirasaya\"},{\"@type\":\"BreadcrumbList\",\"@id\":\"https:\\\/\\\/www.supeinnihonto.com\\\/fr\\\/produit\\\/nihonto-wakizashi-in-shirasaya\\\/#breadcrumb\",\"itemListElement\":[{\"@type\":\"ListItem\",\"position\":1,\"name\":\"Portada\",\"item\":\"https:\\\/\\\/www.supeinnihonto.com\\\/fr\\\/\"},{\"@type\":\"ListItem\",\"position\":2,\"name\":\"Shop\",\"item\":\"https:\\\/\\\/www.supeinnihonto.com\\\/fr\\\/shop\\\/\"},{\"@type\":\"ListItem\",\"position\":3,\"name\":\"Nihonto Wakizashi en Shirasaya\"}]},{\"@type\":\"WebSite\",\"@id\":\"https:\\\/\\\/www.supeinnihonto.com\\\/fr\\\/#website\",\"url\":\"https:\\\/\\\/www.supeinnihonto.com\\\/fr\\\/\",\"name\":\"Supein Nihonto\",\"description\":\"Authentic japanese Nihonto katana \",\"publisher\":{\"@id\":\"https:\\\/\\\/www.supeinnihonto.com\\\/fr\\\/#organization\"},\"potentialAction\":[{\"@type\":\"SearchAction\",\"target\":{\"@type\":\"EntryPoint\",\"urlTemplate\":\"https:\\\/\\\/www.supeinnihonto.com\\\/fr\\\/?s={search_term_string}\"},\"query-input\":{\"@type\":\"PropertyValueSpecification\",\"valueRequired\":true,\"valueName\":\"search_term_string\"}}],\"inLanguage\":\"fr-FR\"},{\"@type\":\"Organization\",\"@id\":\"https:\\\/\\\/www.supeinnihonto.com\\\/fr\\\/#organization\",\"name\":\"SupeinNihonto\",\"url\":\"https:\\\/\\\/www.supeinnihonto.com\\\/fr\\\/\",\"logo\":{\"@type\":\"ImageObject\",\"inLanguage\":\"fr-FR\",\"@id\":\"https:\\\/\\\/www.supeinnihonto.com\\\/fr\\\/#\\\/schema\\\/logo\\\/image\\\/\",\"url\":\"https:\\\/\\\/www.supeinnihonto.com\\\/wp-content\\\/uploads\\\/2021\\\/11\\\/animation_Default_3szk0jcenoloop.gif\",\"contentUrl\":\"https:\\\/\\\/www.supeinnihonto.com\\\/wp-content\\\/uploads\\\/2021\\\/11\\\/animation_Default_3szk0jcenoloop.gif\",\"width\":750,\"height\":641,\"caption\":\"SupeinNihonto\"},\"image\":{\"@id\":\"https:\\\/\\\/www.supeinnihonto.com\\\/fr\\\/#\\\/schema\\\/logo\\\/image\\\/\"}}]}<\/script>\n<!-- \/ Yoast SEO plugin. -->","yoast_head_json":{"title":"Nihonto Wakizashi en Shirasaya - Supein Nihonto","description":"Nihonto Wakizashi in Shirasaya. Fabulous wakizashi in shirasaya in near mint condition despite its centuries of age. Piece of the 18th century in...","robots":{"index":"index","follow":"follow","max-snippet":"max-snippet:-1","max-image-preview":"max-image-preview:large","max-video-preview":"max-video-preview:-1"},"canonical":"https:\/\/www.supeinnihonto.com\/fr\/produit\/nihonto-wakizashi-in-shirasaya\/","og_locale":"fr_FR","og_type":"article","og_title":"Nihonto Wakizashi en Shirasaya - Supein Nihonto","og_description":"Nihonto Wakizashi in Shirasaya. Fabulous wakizashi in shirasaya in near mint condition despite its centuries of age. Piece of the 18th century in...","og_url":"https:\/\/www.supeinnihonto.com\/fr\/produit\/nihonto-wakizashi-in-shirasaya\/","og_site_name":"Supein Nihonto","article_modified_time":"2025-12-14T22:46:45+00:00","og_image":[{"width":2560,"height":1708,"url":"https:\/\/www.supeinnihonto.com\/wp-content\/uploads\/2024\/02\/DSC_0212-scaled.jpg","type":"image\/jpeg"}],"twitter_card":"summary_large_image","twitter_misc":{"Dur\u00e9e de lecture estim\u00e9e":"2 minutes"},"schema":{"@context":"https:\/\/schema.org","@graph":[{"@type":"WebPage","@id":"https:\/\/www.supeinnihonto.com\/fr\/produit\/nihonto-wakizashi-in-shirasaya\/","url":"https:\/\/www.supeinnihonto.com\/fr\/produit\/nihonto-wakizashi-in-shirasaya\/","name":"Nihonto Wakizashi en Shirasaya - Supein Nihonto","isPartOf":{"@id":"https:\/\/www.supeinnihonto.com\/fr\/#website"},"primaryImageOfPage":{"@id":"https:\/\/www.supeinnihonto.com\/fr\/produit\/nihonto-wakizashi-in-shirasaya\/#primaryimage"},"image":{"@id":"https:\/\/www.supeinnihonto.com\/fr\/produit\/nihonto-wakizashi-in-shirasaya\/#primaryimage"},"thumbnailUrl":"https:\/\/i0.wp.com\/www.supeinnihonto.com\/wp-content\/uploads\/2024\/02\/DSC_0212-scaled.jpg?fit=2560%2C1708&ssl=1","datePublished":"2024-02-04T16:14:13+00:00","dateModified":"2025-12-14T22:46:45+00:00","description":"Nihonto Wakizashi in Shirasaya. Fabulous wakizashi in shirasaya in near mint condition despite its centuries of age. Piece of the 18th century in...","breadcrumb":{"@id":"https:\/\/www.supeinnihonto.com\/fr\/produit\/nihonto-wakizashi-in-shirasaya\/#breadcrumb"},"inLanguage":"fr-FR","potentialAction":[{"@type":"ReadAction","target":["https:\/\/www.supeinnihonto.com\/fr\/produit\/nihonto-wakizashi-in-shirasaya\/"]}]},{"@type":"ImageObject","inLanguage":"fr-FR","@id":"https:\/\/www.supeinnihonto.com\/fr\/produit\/nihonto-wakizashi-in-shirasaya\/#primaryimage","url":"https:\/\/i0.wp.com\/www.supeinnihonto.com\/wp-content\/uploads\/2024\/02\/DSC_0212-scaled.jpg?fit=2560%2C1708&ssl=1","contentUrl":"https:\/\/i0.wp.com\/www.supeinnihonto.com\/wp-content\/uploads\/2024\/02\/DSC_0212-scaled.jpg?fit=2560%2C1708&ssl=1","width":2560,"height":1708,"caption":"Nihonto Wakizashi shirasaya"},{"@type":"BreadcrumbList","@id":"https:\/\/www.supeinnihonto.com\/fr\/produit\/nihonto-wakizashi-in-shirasaya\/#breadcrumb","itemListElement":[{"@type":"ListItem","position":1,"name":"Portada","item":"https:\/\/www.supeinnihonto.com\/fr\/"},{"@type":"ListItem","position":2,"name":"Shop","item":"https:\/\/www.supeinnihonto.com\/fr\/shop\/"},{"@type":"ListItem","position":3,"name":"Nihonto Wakizashi en Shirasaya"}]},{"@type":"WebSite","@id":"https:\/\/www.supeinnihonto.com\/fr\/#website","url":"https:\/\/www.supeinnihonto.com\/fr\/","name":"Supein Nihonto","description":"Authentic japanese Nihonto katana ","publisher":{"@id":"https:\/\/www.supeinnihonto.com\/fr\/#organization"},"potentialAction":[{"@type":"SearchAction","target":{"@type":"EntryPoint","urlTemplate":"https:\/\/www.supeinnihonto.com\/fr\/?s={search_term_string}"},"query-input":{"@type":"PropertyValueSpecification","valueRequired":true,"valueName":"search_term_string"}}],"inLanguage":"fr-FR"},{"@type":"Organization","@id":"https:\/\/www.supeinnihonto.com\/fr\/#organization","name":"SupeinNihonto","url":"https:\/\/www.supeinnihonto.com\/fr\/","logo":{"@type":"ImageObject","inLanguage":"fr-FR","@id":"https:\/\/www.supeinnihonto.com\/fr\/#\/schema\/logo\/image\/","url":"https:\/\/www.supeinnihonto.com\/wp-content\/uploads\/2021\/11\/animation_Default_3szk0jcenoloop.gif","contentUrl":"https:\/\/www.supeinnihonto.com\/wp-content\/uploads\/2021\/11\/animation_Default_3szk0jcenoloop.gif","width":750,"height":641,"caption":"SupeinNihonto"},"image":{"@id":"https:\/\/www.supeinnihonto.com\/fr\/#\/schema\/logo\/image\/"}}]}},"jetpack-related-posts":[{"id":15027,"url":"https:\/\/www.supeinnihonto.com\/fr\/produit\/nihonto-wakizashi-horimono-in-shirasaya\/","url_meta":{"origin":14990,"position":0},"title":"Nihonto Wakizashi Horimono en Shirasaya","author":"Supein Nihonto","date":"4 de f\u00e9vrier de 2024","format":false,"excerpt":"Nihonto Wakizashi Horimono en Shirasaya. Chez Supein Nihonto, nous nous effor\u00e7ons de vous proposer des sabres samoura\u00efs de haute qualit\u00e9 \u00e0 des prix bien inf\u00e9rieurs \u00e0 ceux de la concurrence. Nous sommes probablement le plus grand exportateur en Europe. Cela est particuli\u00e8rement important pour \u00e9conomiser sur les taxes et les\u2026","rel":"","context":"Article similaire","block_context":{"text":"Article similaire","link":""},"img":{"alt_text":"Wakizashi Horimono in Shirasaya","src":"https:\/\/i0.wp.com\/www.supeinnihonto.com\/wp-content\/uploads\/2024\/02\/DSC_0007-scaled.jpg?fit=1200%2C801&ssl=1&resize=350%2C200","width":350,"height":200,"srcset":"https:\/\/i0.wp.com\/www.supeinnihonto.com\/wp-content\/uploads\/2024\/02\/DSC_0007-scaled.jpg?fit=1200%2C801&ssl=1&resize=350%2C200 1x, https:\/\/i0.wp.com\/www.supeinnihonto.com\/wp-content\/uploads\/2024\/02\/DSC_0007-scaled.jpg?fit=1200%2C801&ssl=1&resize=525%2C300 1.5x, https:\/\/i0.wp.com\/www.supeinnihonto.com\/wp-content\/uploads\/2024\/02\/DSC_0007-scaled.jpg?fit=1200%2C801&ssl=1&resize=700%2C400 2x, https:\/\/i0.wp.com\/www.supeinnihonto.com\/wp-content\/uploads\/2024\/02\/DSC_0007-scaled.jpg?fit=1200%2C801&ssl=1&resize=1050%2C600 3x"},"classes":[]},{"id":15003,"url":"https:\/\/www.supeinnihonto.com\/fr\/produit\/wakizashi-nihonto-red-saya\/","url_meta":{"origin":14990,"position":1},"title":"Wakizashi Nihonto Saya Rouge","author":"Supein Nihonto","date":"4 de f\u00e9vrier de 2024","format":false,"excerpt":"Wakizashi Nihonto Saya Rouge. Chez Supein Nihonto, nous nous effor\u00e7ons de vous proposer des sabres samoura\u00efs de haute qualit\u00e9 \u00e0 des prix bien inf\u00e9rieurs \u00e0 ceux de la concurrence. Nous sommes probablement le plus grand exportateur en Europe. Cela est particuli\u00e8rement important pour \u00e9conomiser sur les taxes et les d\u00e9lais\u2026","rel":"","context":"Article similaire","block_context":{"text":"Article similaire","link":""},"img":{"alt_text":"Wakizashi Red saya","src":"https:\/\/i0.wp.com\/www.supeinnihonto.com\/wp-content\/uploads\/2024\/02\/DSC_0137-scaled.jpg?fit=1200%2C801&ssl=1&resize=350%2C200","width":350,"height":200,"srcset":"https:\/\/i0.wp.com\/www.supeinnihonto.com\/wp-content\/uploads\/2024\/02\/DSC_0137-scaled.jpg?fit=1200%2C801&ssl=1&resize=350%2C200 1x, https:\/\/i0.wp.com\/www.supeinnihonto.com\/wp-content\/uploads\/2024\/02\/DSC_0137-scaled.jpg?fit=1200%2C801&ssl=1&resize=525%2C300 1.5x, https:\/\/i0.wp.com\/www.supeinnihonto.com\/wp-content\/uploads\/2024\/02\/DSC_0137-scaled.jpg?fit=1200%2C801&ssl=1&resize=700%2C400 2x, https:\/\/i0.wp.com\/www.supeinnihonto.com\/wp-content\/uploads\/2024\/02\/DSC_0137-scaled.jpg?fit=1200%2C801&ssl=1&resize=1050%2C600 3x"},"classes":[]},{"id":14983,"url":"https:\/\/www.supeinnihonto.com\/fr\/produit\/nihonto-katana-in-shirasaya\/","url_meta":{"origin":14990,"position":2},"title":"Nihonto Katana en Shirasaya","author":"Supein Nihonto","date":"4 de f\u00e9vrier de 2024","format":false,"excerpt":"Nihonto Katana en Shirasaya. Chez Supein Nihonto, nous nous effor\u00e7ons de vous proposer des sabres samoura\u00efs de haute qualit\u00e9 \u00e0 des prix bien inf\u00e9rieurs \u00e0 ceux de la concurrence. Nous sommes probablement le plus grand exportateur en Europe. Cela est particuli\u00e8rement important pour \u00e9conomiser sur les taxes et les d\u00e9lais\u2026","rel":"","context":"Article similaire","block_context":{"text":"Article similaire","link":""},"img":{"alt_text":"Nihonto Katana en shirasaya I","src":"https:\/\/i0.wp.com\/www.supeinnihonto.com\/wp-content\/uploads\/2024\/02\/DSC_0241-1-scaled.jpg?fit=1200%2C801&ssl=1&resize=350%2C200","width":350,"height":200,"srcset":"https:\/\/i0.wp.com\/www.supeinnihonto.com\/wp-content\/uploads\/2024\/02\/DSC_0241-1-scaled.jpg?fit=1200%2C801&ssl=1&resize=350%2C200 1x, https:\/\/i0.wp.com\/www.supeinnihonto.com\/wp-content\/uploads\/2024\/02\/DSC_0241-1-scaled.jpg?fit=1200%2C801&ssl=1&resize=525%2C300 1.5x, https:\/\/i0.wp.com\/www.supeinnihonto.com\/wp-content\/uploads\/2024\/02\/DSC_0241-1-scaled.jpg?fit=1200%2C801&ssl=1&resize=700%2C400 2x, https:\/\/i0.wp.com\/www.supeinnihonto.com\/wp-content\/uploads\/2024\/02\/DSC_0241-1-scaled.jpg?fit=1200%2C801&ssl=1&resize=1050%2C600 3x"},"classes":[]},{"id":12422,"url":"https:\/\/www.supeinnihonto.com\/fr\/produit\/tsuba-marugata-en-shakudo-a-decor-folklorique\/","url_meta":{"origin":14990,"position":3},"title":"Tsuba marugata en shakud\u014d \u00e0 d\u00e9cor folklorique.","author":"Eric Majo","date":"11 de novembre de 2024","format":false,"excerpt":"ARTICLE : Livr\u00e9 avec certificat de Supein Nihonto. Magnifique tsuba marugata en shakud\u014d des XVIII\u1d49\u2013XIX\u1d49 si\u00e8cles, pr\u00e9sentant une superbe gravure \u00e0 motif de folklore japonais, avec incrustations d\u2019or, de cuivre et d\u2019argent. Une tr\u00e8s belle pi\u00e8ce. 8,2 \u00d7 7,8 cm \u00c0 PROPOS DE NOUS : Chez Supein Nihonto, nous nous\u2026","rel":"","context":"Article similaire","block_context":{"text":"Article similaire","link":""},"img":{"alt_text":"Marugata shakudo folklore tsuba","src":"https:\/\/i0.wp.com\/www.supeinnihonto.com\/wp-content\/uploads\/2024\/11\/DSC1790-scaled.jpg?fit=1200%2C800&ssl=1&resize=350%2C200","width":350,"height":200,"srcset":"https:\/\/i0.wp.com\/www.supeinnihonto.com\/wp-content\/uploads\/2024\/11\/DSC1790-scaled.jpg?fit=1200%2C800&ssl=1&resize=350%2C200 1x, https:\/\/i0.wp.com\/www.supeinnihonto.com\/wp-content\/uploads\/2024\/11\/DSC1790-scaled.jpg?fit=1200%2C800&ssl=1&resize=525%2C300 1.5x, https:\/\/i0.wp.com\/www.supeinnihonto.com\/wp-content\/uploads\/2024\/11\/DSC1790-scaled.jpg?fit=1200%2C800&ssl=1&resize=700%2C400 2x, https:\/\/i0.wp.com\/www.supeinnihonto.com\/wp-content\/uploads\/2024\/11\/DSC1790-scaled.jpg?fit=1200%2C800&ssl=1&resize=1050%2C600 3x"},"classes":[]},{"id":45167,"url":"https:\/\/www.supeinnihonto.com\/fr\/produit\/tsuba-marugata-en-cuivre-a-motif-de-carpe-koi-certifiee-nbthk-hozon-7\/","url_meta":{"origin":14990,"position":4},"title":"Tsuba marugata en cuivre \u00e0 motif de carpe (koi), certifi\u00e9e NBTHK Hozon.","author":"Eric Majo","date":"1 de mars de 2026","format":false,"excerpt":"ARTICLE : Livr\u00e9 avec certificat de Supein Nihonto. Livr\u00e9 avec certificat NBTHK Hozon. Fourni avec une bo\u00eete en bois. Magnifique tsuba en cuivre du XIX\u1d49 si\u00e8cle, sign\u00e9e, avec bordure et reliefs en shakud\u014d (alliage d\u2019or et de cuivre), repr\u00e9sentant une carpe dont les yeux sont sertis d\u2019or. Une \u0153uvre d\u2019art\u2026","rel":"","context":"Article similaire","block_context":{"text":"Article similaire","link":""},"img":{"alt_text":"","src":"https:\/\/i0.wp.com\/www.supeinnihonto.com\/wp-content\/uploads\/2026\/03\/DSC_6492-scaled.jpg?fit=1200%2C800&ssl=1&resize=350%2C200","width":350,"height":200,"srcset":"https:\/\/i0.wp.com\/www.supeinnihonto.com\/wp-content\/uploads\/2026\/03\/DSC_6492-scaled.jpg?fit=1200%2C800&ssl=1&resize=350%2C200 1x, https:\/\/i0.wp.com\/www.supeinnihonto.com\/wp-content\/uploads\/2026\/03\/DSC_6492-scaled.jpg?fit=1200%2C800&ssl=1&resize=525%2C300 1.5x, https:\/\/i0.wp.com\/www.supeinnihonto.com\/wp-content\/uploads\/2026\/03\/DSC_6492-scaled.jpg?fit=1200%2C800&ssl=1&resize=700%2C400 2x, https:\/\/i0.wp.com\/www.supeinnihonto.com\/wp-content\/uploads\/2026\/03\/DSC_6492-scaled.jpg?fit=1200%2C800&ssl=1&resize=1050%2C600 3x"},"classes":[]},{"id":45120,"url":"https:\/\/www.supeinnihonto.com\/fr\/produit\/tsuba-marugata-en-cuivre-a-motif-de-carpe-koi-certifiee-nbthk-hozon-9\/","url_meta":{"origin":14990,"position":5},"title":"Tsuba marugata en cuivre \u00e0 motif de carpe (koi), certifi\u00e9e NBTHK Hozon.","author":"Eric Majo","date":"1 de mars de 2026","format":false,"excerpt":"ARTICLE : Livr\u00e9 avec certificat de Supein Nihonto. Livr\u00e9 avec certificat NBTHK Hozon. Fourni avec une bo\u00eete en bois. Magnifique tsuba en cuivre du XIX\u1d49 si\u00e8cle, sign\u00e9e, avec bordure et reliefs en shakud\u014d (alliage d\u2019or et de cuivre), repr\u00e9sentant une carpe dont les yeux sont sertis d\u2019or. Une \u0153uvre d\u2019art\u2026","rel":"","context":"Article similaire","block_context":{"text":"Article similaire","link":""},"img":{"alt_text":"","src":"https:\/\/i0.wp.com\/www.supeinnihonto.com\/wp-content\/uploads\/2026\/03\/DSC_6430-scaled.jpg?fit=1200%2C800&ssl=1&resize=350%2C200","width":350,"height":200,"srcset":"https:\/\/i0.wp.com\/www.supeinnihonto.com\/wp-content\/uploads\/2026\/03\/DSC_6430-scaled.jpg?fit=1200%2C800&ssl=1&resize=350%2C200 1x, https:\/\/i0.wp.com\/www.supeinnihonto.com\/wp-content\/uploads\/2026\/03\/DSC_6430-scaled.jpg?fit=1200%2C800&ssl=1&resize=525%2C300 1.5x, https:\/\/i0.wp.com\/www.supeinnihonto.com\/wp-content\/uploads\/2026\/03\/DSC_6430-scaled.jpg?fit=1200%2C800&ssl=1&resize=700%2C400 2x, https:\/\/i0.wp.com\/www.supeinnihonto.com\/wp-content\/uploads\/2026\/03\/DSC_6430-scaled.jpg?fit=1200%2C800&ssl=1&resize=1050%2C600 3x"},"classes":[]}],"jetpack_sharing_enabled":true,"_links":{"self":[{"href":"https:\/\/www.supeinnihonto.com\/fr\/wp-json\/wp\/v2\/product\/14990","targetHints":{"allow":["GET"]}}],"collection":[{"href":"https:\/\/www.supeinnihonto.com\/fr\/wp-json\/wp\/v2\/product"}],"about":[{"href":"https:\/\/www.supeinnihonto.com\/fr\/wp-json\/wp\/v2\/types\/product"}],"wp:featuredmedia":[{"embeddable":true,"href":"https:\/\/www.supeinnihonto.com\/fr\/wp-json\/wp\/v2\/media\/13968"}],"wp:attachment":[{"href":"https:\/\/www.supeinnihonto.com\/fr\/wp-json\/wp\/v2\/media?parent=14990"}],"wp:term":[{"taxonomy":"product_brand","embeddable":true,"href":"https:\/\/www.supeinnihonto.com\/fr\/wp-json\/wp\/v2\/product_brand?post=14990"},{"taxonomy":"product_cat","embeddable":true,"href":"https:\/\/www.supeinnihonto.com\/fr\/wp-json\/wp\/v2\/product_cat?post=14990"},{"taxonomy":"product_tag","embeddable":true,"href":"https:\/\/www.supeinnihonto.com\/fr\/wp-json\/wp\/v2\/product_tag?post=14990"}],"curies":[{"name":"wp","href":"https:\/\/api.w.org\/{rel}","templated":true}]}}