{"id":14875,"date":"2024-05-09T08:30:37","date_gmt":"2024-05-09T08:30:37","guid":{"rendered":"https:\/\/www.supeinnihonto.com\/product\/inro-makie-horses-and-oxen\/"},"modified":"2026-01-02T10:42:24","modified_gmt":"2026-01-02T10:42:24","slug":"inro-maki-e-aux-chevaux-et-boeufs","status":"publish","type":"product","link":"https:\/\/www.supeinnihonto.com\/fr\/produit\/inro-maki-e-aux-chevaux-et-boeufs\/","title":{"rendered":"Inro maki-e aux chevaux et b\u0153ufs"},"content":{"rendered":"<p><em><strong>Objet : <\/strong><\/em><\/p>\n<p>Inro maki-e aux chevaux et b\u0153ufs. Sign\u00e9 \u00ab Kajikawa Tomohide \u00bb. Superbe inro en \u00e9tat exceptionnel, r\u00e9alis\u00e9 avec une technique de maki-e remarquable, repr\u00e9sentant des chevaux sur une face et des b\u0153ufs sur l\u2019autre. La pi\u00e8ce est dans un \u00e9tat presque immacul\u00e9 et conserve tous ses \u00e9l\u00e9ments, tels que le netsuke manju \u00e9galement laqu\u00e9 en maki-e ou le double ojime en corail rouge et m\u00e9tal. Une v\u00e9ritable pi\u00e8ce de mus\u00e9e. XIXe si\u00e8cle.<\/p>\n<p>5,5 x 3,5 cm<\/p>\n<p><em><strong><span style=\"color: #000000;\">Qu\u2019est-ce qu\u2019un Inro ?<\/span><\/strong><\/em><\/p>\n<p><span style=\"color: #000000;\">Un <i><b>inro<\/b><\/i> est un \u00e9tui japonais traditionnel destin\u00e9 \u00e0 contenir de petits objets, suspendu \u00e0 l\u2019<span title=\"Japanese-language romanization\"><i lang=\"ja-Latn\"><a href=\"https:\/\/en.wikipedia.org\/wiki\/Obi_(sash)\" title=\"Obi (sash)\" style=\"color: #000000;\">obi<\/a><\/i><\/span> (ceinture) port\u00e9 autour de la taille avec un <a href=\"https:\/\/en.wikipedia.org\/wiki\/Kimono\" title=\"Kimono\" style=\"color: #000000;\">kimono<\/a>. Ils sont souvent richement d\u00e9cor\u00e9s avec divers mat\u00e9riaux tels que la <a href=\"https:\/\/en.wikipedia.org\/wiki\/Lacquer\" title=\"Lacquer\" style=\"color: #000000;\">laque<\/a> et diff\u00e9rentes techniques comme le <span title=\"Japanese-language romanization\"><i lang=\"ja-Latn\"><a href=\"https:\/\/en.wikipedia.org\/wiki\/Maki-e\" title=\"Maki-e\" style=\"color: #000000;\">maki-e<\/a><\/i><\/span>, et sont plus d\u00e9coratifs que d\u2019autres <a href=\"https:\/\/en.wikipedia.org\/wiki\/Japanese_lacquerware\" title=\"Japanese lacquerware\" style=\"color: #000000;\">objets en laque japonaise<\/a>.<\/span><\/p>\n<p><span style=\"color: #000000;\">Comme les v\u00eatements traditionnels japonais ne comportaient pas de poches, les objets \u00e9taient souvent transport\u00e9s en les suspendant \u00e0 l\u2019<span title=\"Japanese-language romanization\"><i lang=\"ja-Latn\">obi<\/i><\/span> dans des contenants appel\u00e9s <span title=\"Japanese-language romanization\"><i lang=\"ja-Latn\"><a href=\"https:\/\/en.wiktionary.org\/wiki\/sagemono\" class=\"extiw\" title=\"wikt:sagemono\" style=\"color: #000000;\">sagemono<\/a><\/i><\/span>. La plupart des <span title=\"Japanese-language romanization\"><i lang=\"ja-Latn\">sagemono<\/i><\/span> \u00e9taient con\u00e7us pour des contenus sp\u00e9cifiques, tels que le tabac, les pipes, les pinceaux et l\u2019encre, mais le type appel\u00e9 <span title=\"Japanese-language romanization\"><i lang=\"ja-Latn\">inro<\/i><\/span> est adapt\u00e9 au transport de petits objets et fut cr\u00e9\u00e9 durant la <a href=\"https:\/\/en.wikipedia.org\/wiki\/Sengoku_period\" title=\"Sengoku period\" style=\"color: #000000;\">p\u00e9riode Sengoku<\/a> (1467\u20131615) comme sceau d\u2019identit\u00e9 portable et contenant \u00e0 m\u00e9dicaments pour les voyages.<\/span><\/p>\n","protected":false},"excerpt":{"rendered":"<p>Objet : Inro maki-e aux chevaux et b\u0153ufs. Sign\u00e9 \u00ab Kajikawa Tomohide \u00bb. Superbe inro en \u00e9tat exceptionnel, r\u00e9alis\u00e9 avec une technique de maki-e remarquable, repr\u00e9sentant des chevaux sur une face et des b\u0153ufs sur l\u2019autre. La pi\u00e8ce est dans un \u00e9tat presque immacul\u00e9 et conserve tous ses \u00e9l\u00e9ments, tels [&hellip;]<\/p>\n","protected":false},"featured_media":14876,"template":"","meta":{"jetpack_post_was_ever_published":false},"product_brand":[],"product_cat":[544],"product_tag":[],"class_list":{"0":"post-14875","1":"product","2":"type-product","3":"status-publish","4":"has-post-thumbnail","6":"product_cat-inro","7":"product_shipping_class-light","9":"first","10":"instock","11":"featured","12":"sold-individually","13":"shipping-taxable","14":"purchasable","15":"product-type-simple"},"yoast_head":"<!-- This site is optimized with the Yoast SEO plugin v27.4 - https:\/\/yoast.com\/product\/yoast-seo-wordpress\/ -->\n<title>Inro maki-e aux chevaux et b\u0153ufs - Supein Nihonto<\/title>\n<meta name=\"description\" content=\"Inro maki-e aux fleurs de chrysanth\u00e8me. Rare inro miniature d\u2019une ex\u00e9cution exquise, avec de nombreux d\u00e9tails et quelques incrustations shibayama en nacre.\" \/>\n<meta name=\"robots\" content=\"index, follow, max-snippet:-1, max-image-preview:large, max-video-preview:-1\" \/>\n<link rel=\"canonical\" href=\"https:\/\/www.supeinnihonto.com\/fr\/produit\/inro-maki-e-aux-chevaux-et-boeufs\/\" \/>\n<meta property=\"og:locale\" content=\"fr_FR\" \/>\n<meta property=\"og:type\" content=\"article\" \/>\n<meta property=\"og:title\" content=\"Inro maki-e aux chevaux et b\u0153ufs - Supein Nihonto\" \/>\n<meta property=\"og:description\" content=\"Inro maki-e aux fleurs de chrysanth\u00e8me. Rare inro miniature d\u2019une ex\u00e9cution exquise, avec de nombreux d\u00e9tails et quelques incrustations shibayama en nacre.\" \/>\n<meta property=\"og:url\" content=\"https:\/\/www.supeinnihonto.com\/fr\/produit\/inro-maki-e-aux-chevaux-et-boeufs\/\" \/>\n<meta property=\"og:site_name\" content=\"Supein Nihonto\" \/>\n<meta property=\"article:modified_time\" content=\"2026-01-02T10:42:24+00:00\" \/>\n<meta property=\"og:image\" content=\"https:\/\/www.supeinnihonto.com\/wp-content\/uploads\/2024\/05\/DSC_3581-scaled.jpg\" \/>\n\t<meta property=\"og:image:width\" content=\"2560\" \/>\n\t<meta property=\"og:image:height\" content=\"1707\" \/>\n\t<meta property=\"og:image:type\" content=\"image\/jpeg\" \/>\n<meta name=\"twitter:card\" content=\"summary_large_image\" \/>\n<meta name=\"twitter:label1\" content=\"Dur\u00e9e de lecture estim\u00e9e\" \/>\n\t<meta name=\"twitter:data1\" content=\"2 minutes\" \/>\n<script type=\"application\/ld+json\" class=\"yoast-schema-graph\">{\"@context\":\"https:\\\/\\\/schema.org\",\"@graph\":[{\"@type\":\"WebPage\",\"@id\":\"https:\\\/\\\/www.supeinnihonto.com\\\/fr\\\/produit\\\/inro-maki-e-aux-chevaux-et-boeufs\\\/\",\"url\":\"https:\\\/\\\/www.supeinnihonto.com\\\/fr\\\/produit\\\/inro-maki-e-aux-chevaux-et-boeufs\\\/\",\"name\":\"Inro maki-e aux chevaux et b\u0153ufs - Supein Nihonto\",\"isPartOf\":{\"@id\":\"https:\\\/\\\/www.supeinnihonto.com\\\/fr\\\/#website\"},\"primaryImageOfPage\":{\"@id\":\"https:\\\/\\\/www.supeinnihonto.com\\\/fr\\\/produit\\\/inro-maki-e-aux-chevaux-et-boeufs\\\/#primaryimage\"},\"image\":{\"@id\":\"https:\\\/\\\/www.supeinnihonto.com\\\/fr\\\/produit\\\/inro-maki-e-aux-chevaux-et-boeufs\\\/#primaryimage\"},\"thumbnailUrl\":\"https:\\\/\\\/i0.wp.com\\\/www.supeinnihonto.com\\\/wp-content\\\/uploads\\\/2024\\\/05\\\/DSC_3581-scaled.jpg?fit=2560%2C1707&ssl=1\",\"datePublished\":\"2024-05-09T08:30:37+00:00\",\"dateModified\":\"2026-01-02T10:42:24+00:00\",\"description\":\"Inro maki-e aux fleurs de chrysanth\u00e8me. Rare inro miniature d\u2019une ex\u00e9cution exquise, avec de nombreux d\u00e9tails et quelques incrustations shibayama en nacre.\",\"breadcrumb\":{\"@id\":\"https:\\\/\\\/www.supeinnihonto.com\\\/fr\\\/produit\\\/inro-maki-e-aux-chevaux-et-boeufs\\\/#breadcrumb\"},\"inLanguage\":\"fr-FR\",\"potentialAction\":[{\"@type\":\"ReadAction\",\"target\":[\"https:\\\/\\\/www.supeinnihonto.com\\\/fr\\\/produit\\\/inro-maki-e-aux-chevaux-et-boeufs\\\/\"]}]},{\"@type\":\"ImageObject\",\"inLanguage\":\"fr-FR\",\"@id\":\"https:\\\/\\\/www.supeinnihonto.com\\\/fr\\\/produit\\\/inro-maki-e-aux-chevaux-et-boeufs\\\/#primaryimage\",\"url\":\"https:\\\/\\\/i0.wp.com\\\/www.supeinnihonto.com\\\/wp-content\\\/uploads\\\/2024\\\/05\\\/DSC_3581-scaled.jpg?fit=2560%2C1707&ssl=1\",\"contentUrl\":\"https:\\\/\\\/i0.wp.com\\\/www.supeinnihonto.com\\\/wp-content\\\/uploads\\\/2024\\\/05\\\/DSC_3581-scaled.jpg?fit=2560%2C1707&ssl=1\",\"width\":2560,\"height\":1707,\"caption\":\"Inro Makie horses and oxen\"},{\"@type\":\"BreadcrumbList\",\"@id\":\"https:\\\/\\\/www.supeinnihonto.com\\\/fr\\\/produit\\\/inro-maki-e-aux-chevaux-et-boeufs\\\/#breadcrumb\",\"itemListElement\":[{\"@type\":\"ListItem\",\"position\":1,\"name\":\"Portada\",\"item\":\"https:\\\/\\\/www.supeinnihonto.com\\\/fr\\\/\"},{\"@type\":\"ListItem\",\"position\":2,\"name\":\"Shop\",\"item\":\"https:\\\/\\\/www.supeinnihonto.com\\\/fr\\\/shop\\\/\"},{\"@type\":\"ListItem\",\"position\":3,\"name\":\"Inro maki-e aux chevaux et b\u0153ufs\"}]},{\"@type\":\"WebSite\",\"@id\":\"https:\\\/\\\/www.supeinnihonto.com\\\/fr\\\/#website\",\"url\":\"https:\\\/\\\/www.supeinnihonto.com\\\/fr\\\/\",\"name\":\"Supein Nihonto\",\"description\":\"Authentic japanese Nihonto katana \",\"publisher\":{\"@id\":\"https:\\\/\\\/www.supeinnihonto.com\\\/fr\\\/#organization\"},\"potentialAction\":[{\"@type\":\"SearchAction\",\"target\":{\"@type\":\"EntryPoint\",\"urlTemplate\":\"https:\\\/\\\/www.supeinnihonto.com\\\/fr\\\/?s={search_term_string}\"},\"query-input\":{\"@type\":\"PropertyValueSpecification\",\"valueRequired\":true,\"valueName\":\"search_term_string\"}}],\"inLanguage\":\"fr-FR\"},{\"@type\":\"Organization\",\"@id\":\"https:\\\/\\\/www.supeinnihonto.com\\\/fr\\\/#organization\",\"name\":\"SupeinNihonto\",\"url\":\"https:\\\/\\\/www.supeinnihonto.com\\\/fr\\\/\",\"logo\":{\"@type\":\"ImageObject\",\"inLanguage\":\"fr-FR\",\"@id\":\"https:\\\/\\\/www.supeinnihonto.com\\\/fr\\\/#\\\/schema\\\/logo\\\/image\\\/\",\"url\":\"https:\\\/\\\/www.supeinnihonto.com\\\/wp-content\\\/uploads\\\/2021\\\/11\\\/animation_Default_3szk0jcenoloop.gif\",\"contentUrl\":\"https:\\\/\\\/www.supeinnihonto.com\\\/wp-content\\\/uploads\\\/2021\\\/11\\\/animation_Default_3szk0jcenoloop.gif\",\"width\":750,\"height\":641,\"caption\":\"SupeinNihonto\"},\"image\":{\"@id\":\"https:\\\/\\\/www.supeinnihonto.com\\\/fr\\\/#\\\/schema\\\/logo\\\/image\\\/\"}}]}<\/script>\n<!-- \/ Yoast SEO plugin. -->","yoast_head_json":{"title":"Inro maki-e aux chevaux et b\u0153ufs - Supein Nihonto","description":"Inro maki-e aux fleurs de chrysanth\u00e8me. Rare inro miniature d\u2019une ex\u00e9cution exquise, avec de nombreux d\u00e9tails et quelques incrustations shibayama en nacre.","robots":{"index":"index","follow":"follow","max-snippet":"max-snippet:-1","max-image-preview":"max-image-preview:large","max-video-preview":"max-video-preview:-1"},"canonical":"https:\/\/www.supeinnihonto.com\/fr\/produit\/inro-maki-e-aux-chevaux-et-boeufs\/","og_locale":"fr_FR","og_type":"article","og_title":"Inro maki-e aux chevaux et b\u0153ufs - Supein Nihonto","og_description":"Inro maki-e aux fleurs de chrysanth\u00e8me. Rare inro miniature d\u2019une ex\u00e9cution exquise, avec de nombreux d\u00e9tails et quelques incrustations shibayama en nacre.","og_url":"https:\/\/www.supeinnihonto.com\/fr\/produit\/inro-maki-e-aux-chevaux-et-boeufs\/","og_site_name":"Supein Nihonto","article_modified_time":"2026-01-02T10:42:24+00:00","og_image":[{"width":2560,"height":1707,"url":"https:\/\/www.supeinnihonto.com\/wp-content\/uploads\/2024\/05\/DSC_3581-scaled.jpg","type":"image\/jpeg"}],"twitter_card":"summary_large_image","twitter_misc":{"Dur\u00e9e de lecture estim\u00e9e":"2 minutes"},"schema":{"@context":"https:\/\/schema.org","@graph":[{"@type":"WebPage","@id":"https:\/\/www.supeinnihonto.com\/fr\/produit\/inro-maki-e-aux-chevaux-et-boeufs\/","url":"https:\/\/www.supeinnihonto.com\/fr\/produit\/inro-maki-e-aux-chevaux-et-boeufs\/","name":"Inro maki-e aux chevaux et b\u0153ufs - Supein Nihonto","isPartOf":{"@id":"https:\/\/www.supeinnihonto.com\/fr\/#website"},"primaryImageOfPage":{"@id":"https:\/\/www.supeinnihonto.com\/fr\/produit\/inro-maki-e-aux-chevaux-et-boeufs\/#primaryimage"},"image":{"@id":"https:\/\/www.supeinnihonto.com\/fr\/produit\/inro-maki-e-aux-chevaux-et-boeufs\/#primaryimage"},"thumbnailUrl":"https:\/\/i0.wp.com\/www.supeinnihonto.com\/wp-content\/uploads\/2024\/05\/DSC_3581-scaled.jpg?fit=2560%2C1707&ssl=1","datePublished":"2024-05-09T08:30:37+00:00","dateModified":"2026-01-02T10:42:24+00:00","description":"Inro maki-e aux fleurs de chrysanth\u00e8me. Rare inro miniature d\u2019une ex\u00e9cution exquise, avec de nombreux d\u00e9tails et quelques incrustations shibayama en nacre.","breadcrumb":{"@id":"https:\/\/www.supeinnihonto.com\/fr\/produit\/inro-maki-e-aux-chevaux-et-boeufs\/#breadcrumb"},"inLanguage":"fr-FR","potentialAction":[{"@type":"ReadAction","target":["https:\/\/www.supeinnihonto.com\/fr\/produit\/inro-maki-e-aux-chevaux-et-boeufs\/"]}]},{"@type":"ImageObject","inLanguage":"fr-FR","@id":"https:\/\/www.supeinnihonto.com\/fr\/produit\/inro-maki-e-aux-chevaux-et-boeufs\/#primaryimage","url":"https:\/\/i0.wp.com\/www.supeinnihonto.com\/wp-content\/uploads\/2024\/05\/DSC_3581-scaled.jpg?fit=2560%2C1707&ssl=1","contentUrl":"https:\/\/i0.wp.com\/www.supeinnihonto.com\/wp-content\/uploads\/2024\/05\/DSC_3581-scaled.jpg?fit=2560%2C1707&ssl=1","width":2560,"height":1707,"caption":"Inro Makie horses and oxen"},{"@type":"BreadcrumbList","@id":"https:\/\/www.supeinnihonto.com\/fr\/produit\/inro-maki-e-aux-chevaux-et-boeufs\/#breadcrumb","itemListElement":[{"@type":"ListItem","position":1,"name":"Portada","item":"https:\/\/www.supeinnihonto.com\/fr\/"},{"@type":"ListItem","position":2,"name":"Shop","item":"https:\/\/www.supeinnihonto.com\/fr\/shop\/"},{"@type":"ListItem","position":3,"name":"Inro maki-e aux chevaux et b\u0153ufs"}]},{"@type":"WebSite","@id":"https:\/\/www.supeinnihonto.com\/fr\/#website","url":"https:\/\/www.supeinnihonto.com\/fr\/","name":"Supein Nihonto","description":"Authentic japanese Nihonto katana ","publisher":{"@id":"https:\/\/www.supeinnihonto.com\/fr\/#organization"},"potentialAction":[{"@type":"SearchAction","target":{"@type":"EntryPoint","urlTemplate":"https:\/\/www.supeinnihonto.com\/fr\/?s={search_term_string}"},"query-input":{"@type":"PropertyValueSpecification","valueRequired":true,"valueName":"search_term_string"}}],"inLanguage":"fr-FR"},{"@type":"Organization","@id":"https:\/\/www.supeinnihonto.com\/fr\/#organization","name":"SupeinNihonto","url":"https:\/\/www.supeinnihonto.com\/fr\/","logo":{"@type":"ImageObject","inLanguage":"fr-FR","@id":"https:\/\/www.supeinnihonto.com\/fr\/#\/schema\/logo\/image\/","url":"https:\/\/www.supeinnihonto.com\/wp-content\/uploads\/2021\/11\/animation_Default_3szk0jcenoloop.gif","contentUrl":"https:\/\/www.supeinnihonto.com\/wp-content\/uploads\/2021\/11\/animation_Default_3szk0jcenoloop.gif","width":750,"height":641,"caption":"SupeinNihonto"},"image":{"@id":"https:\/\/www.supeinnihonto.com\/fr\/#\/schema\/logo\/image\/"}}]}},"jetpack-related-posts":[{"id":14776,"url":"https:\/\/www.supeinnihonto.com\/fr\/produit\/inro-maki-e-aux-fleurs-de-chrysantheme\/","url_meta":{"origin":14875,"position":0},"title":"Inro maki-e aux fleurs de chrysanth\u00e8me","author":"Supein Nihonto","date":"9 de mai de 2024","format":false,"excerpt":"Objet : Inro maki-e aux fleurs de chrysanth\u00e8me. Inro rare de taille miniature d\u2019une ex\u00e9cution exquise, avec de nombreux d\u00e9tails et quelques incrustations shibayama en nacre. Netsuke manju en bronze et os. Ojime en corail rouge. L\u2019inro et le netsuke sont tous deux en tr\u00e8s bon \u00e9tat, ce qui est\u2026","rel":"","context":"Article similaire","block_context":{"text":"Article similaire","link":""},"img":{"alt_text":"Inro Makie Chrisantemum flowers","src":"https:\/\/i0.wp.com\/www.supeinnihonto.com\/wp-content\/uploads\/2024\/05\/Inro-Makie-Chrisantemum-flowers.webp?fit=1200%2C800&ssl=1&resize=350%2C200","width":350,"height":200,"srcset":"https:\/\/i0.wp.com\/www.supeinnihonto.com\/wp-content\/uploads\/2024\/05\/Inro-Makie-Chrisantemum-flowers.webp?fit=1200%2C800&ssl=1&resize=350%2C200 1x, https:\/\/i0.wp.com\/www.supeinnihonto.com\/wp-content\/uploads\/2024\/05\/Inro-Makie-Chrisantemum-flowers.webp?fit=1200%2C800&ssl=1&resize=525%2C300 1.5x, https:\/\/i0.wp.com\/www.supeinnihonto.com\/wp-content\/uploads\/2024\/05\/Inro-Makie-Chrisantemum-flowers.webp?fit=1200%2C800&ssl=1&resize=700%2C400 2x, https:\/\/i0.wp.com\/www.supeinnihonto.com\/wp-content\/uploads\/2024\/05\/Inro-Makie-Chrisantemum-flowers.webp?fit=1200%2C800&ssl=1&resize=1050%2C600 3x"},"classes":[]},{"id":14787,"url":"https:\/\/www.supeinnihonto.com\/fr\/produit\/inro-en-laque-rouge-au-cheval\/","url_meta":{"origin":14875,"position":1},"title":"Inro en laque rouge au cheval","author":"Supein Nihonto","date":"9 de mai de 2024","format":false,"excerpt":"Objet : Superbe inro laqu\u00e9 \u00e0 l\u2019urushi rouge, avec une figure en maki-e sur chaque face, un cheval d\u2019un c\u00f4t\u00e9 et un b\u0153uf de l\u2019autre. Sign\u00e9 \u00ab J\u014dsen saku \u00bb \u5e38\u5ddd\u4f5c, sceau rouge : Seisan \u6e05\u4e09. Le bo\u00eetier est divis\u00e9 en cinq parties avec quatre compartiments. Il est \u00e9galement accompagn\u00e9\u2026","rel":"","context":"Article similaire","block_context":{"text":"Article similaire","link":""},"img":{"alt_text":"Inro Red lacquer horse","src":"https:\/\/i0.wp.com\/www.supeinnihonto.com\/wp-content\/uploads\/2024\/05\/DSC_3560-scaled.jpg?fit=800%2C1200&ssl=1&resize=350%2C200","width":350,"height":200,"srcset":"https:\/\/i0.wp.com\/www.supeinnihonto.com\/wp-content\/uploads\/2024\/05\/DSC_3560-scaled.jpg?fit=800%2C1200&ssl=1&resize=350%2C200 1x, https:\/\/i0.wp.com\/www.supeinnihonto.com\/wp-content\/uploads\/2024\/05\/DSC_3560-scaled.jpg?fit=800%2C1200&ssl=1&resize=525%2C300 1.5x, https:\/\/i0.wp.com\/www.supeinnihonto.com\/wp-content\/uploads\/2024\/05\/DSC_3560-scaled.jpg?fit=800%2C1200&ssl=1&resize=700%2C400 2x"},"classes":[]},{"id":14859,"url":"https:\/\/www.supeinnihonto.com\/fr\/produit\/inro-en-maki-e-shibayama-aux-champignons-kinoko\/","url_meta":{"origin":14875,"position":2},"title":"Inr\u014d en maki-e Shibayama aux champignons (kinoko)","author":"Supein Nihonto","date":"9 de mai de 2024","format":false,"excerpt":"Article : Magnifique inro avec maki-e et shibayama incrust\u00e9 de nacre. Sign\u00e9. L'inro est en \u00e9tat fantastique tout comme le netsuke sculpt\u00e9 en bois en forme de champignons de l'\u00e9poque Edo. Ojime en verre. XIXe si\u00e8cle. 8,7 x 6 cm Qu'est-ce qu'un Inro ? Un inro est un \u00e9tui traditionnel\u2026","rel":"","context":"Article similaire","block_context":{"text":"Article similaire","link":""},"img":{"alt_text":"Inro makie shibayama kinoko","src":"https:\/\/i0.wp.com\/www.supeinnihonto.com\/wp-content\/uploads\/2024\/05\/DSC_3604-scaled.jpg?fit=800%2C1200&ssl=1&resize=350%2C200","width":350,"height":200,"srcset":"https:\/\/i0.wp.com\/www.supeinnihonto.com\/wp-content\/uploads\/2024\/05\/DSC_3604-scaled.jpg?fit=800%2C1200&ssl=1&resize=350%2C200 1x, https:\/\/i0.wp.com\/www.supeinnihonto.com\/wp-content\/uploads\/2024\/05\/DSC_3604-scaled.jpg?fit=800%2C1200&ssl=1&resize=525%2C300 1.5x, https:\/\/i0.wp.com\/www.supeinnihonto.com\/wp-content\/uploads\/2024\/05\/DSC_3604-scaled.jpg?fit=800%2C1200&ssl=1&resize=700%2C400 2x"},"classes":[]},{"id":14843,"url":"https:\/\/www.supeinnihonto.com\/fr\/produit\/inro-en-maki-e-aux-oiseaux-et-prunier\/","url_meta":{"origin":14875,"position":3},"title":"Inr\u014d en maki-e aux oiseaux et prunier","author":"Supein Nihonto","date":"10 de mai de 2024","format":false,"excerpt":"Objet : Inr\u014d en maki-e aux oiseaux et prunier. Grand et remarquable inr\u014d \u00e0 cinq compartiments, pr\u00e9sentant un travail pr\u00e9cieux combinant diff\u00e9rentes techniques, en excellent \u00e9tat de conservation. De l\u2019\u00e8re Meiji, fin du XIXe si\u00e8cle. L\u2019inr\u014d comprend \u00e9galement un ojime en m\u00e9tal avec d\u00e9cor cloisonn\u00e9 ainsi qu\u2019un netsuke ancien en\u2026","rel":"","context":"Article similaire","block_context":{"text":"Article similaire","link":""},"img":{"alt_text":"Inro makie birds","src":"https:\/\/i0.wp.com\/www.supeinnihonto.com\/wp-content\/uploads\/2024\/05\/DSC_3629-scaled.jpg?fit=800%2C1200&ssl=1&resize=350%2C200","width":350,"height":200,"srcset":"https:\/\/i0.wp.com\/www.supeinnihonto.com\/wp-content\/uploads\/2024\/05\/DSC_3629-scaled.jpg?fit=800%2C1200&ssl=1&resize=350%2C200 1x, https:\/\/i0.wp.com\/www.supeinnihonto.com\/wp-content\/uploads\/2024\/05\/DSC_3629-scaled.jpg?fit=800%2C1200&ssl=1&resize=525%2C300 1.5x, https:\/\/i0.wp.com\/www.supeinnihonto.com\/wp-content\/uploads\/2024\/05\/DSC_3629-scaled.jpg?fit=800%2C1200&ssl=1&resize=700%2C400 2x"},"classes":[]},{"id":14675,"url":"https:\/\/www.supeinnihonto.com\/fr\/produit\/inro-makie-chicken-and-hen\/","url_meta":{"origin":14875,"position":4},"title":"Inr\u014d en maki-e aux coqs et poules","author":"Supein Nihonto","date":"10 de mai de 2024","format":false,"excerpt":"Objet : Inr\u014d en maki-e aux poules et coq. Grand et bel inr\u014d en maki-e, avec un remarquable travail repr\u00e9sentant les oiseaux et leur mouvement. Inr\u014d en superbe \u00e9tat de conservation et sign\u00e9. Netsuke kagamibuta pr\u00e9sentant quelques anciennes restaurations. Utilisation d\u2019argent, d\u2019or et de laque rouge pour les armoiries. Excellent\u2026","rel":"","context":"Article similaire","block_context":{"text":"Article similaire","link":""},"img":{"alt_text":"Inro makie chicken and hen","src":"https:\/\/i0.wp.com\/www.supeinnihonto.com\/wp-content\/uploads\/2024\/05\/DSC_3680-scaled.jpg?fit=1200%2C800&ssl=1&resize=350%2C200","width":350,"height":200,"srcset":"https:\/\/i0.wp.com\/www.supeinnihonto.com\/wp-content\/uploads\/2024\/05\/DSC_3680-scaled.jpg?fit=1200%2C800&ssl=1&resize=350%2C200 1x, https:\/\/i0.wp.com\/www.supeinnihonto.com\/wp-content\/uploads\/2024\/05\/DSC_3680-scaled.jpg?fit=1200%2C800&ssl=1&resize=525%2C300 1.5x, https:\/\/i0.wp.com\/www.supeinnihonto.com\/wp-content\/uploads\/2024\/05\/DSC_3680-scaled.jpg?fit=1200%2C800&ssl=1&resize=700%2C400 2x, https:\/\/i0.wp.com\/www.supeinnihonto.com\/wp-content\/uploads\/2024\/05\/DSC_3680-scaled.jpg?fit=1200%2C800&ssl=1&resize=1050%2C600 3x"},"classes":[]},{"id":14691,"url":"https:\/\/www.supeinnihonto.com\/fr\/produit\/inro-makie-shibayama-lady\/","url_meta":{"origin":14875,"position":5},"title":"Inro Makie Shibayama Dame","author":"Supein Nihonto","date":"10 de mai de 2024","format":false,"excerpt":"Article : P\u00e9riode Edo ou d\u00e9but de l\u2019\u00e8re Meiji. XIXe si\u00e8cle. Inro Makie Shibayama Dame. Un magnifique inro d\u2019une qualit\u00e9 exceptionnelle repr\u00e9sentant une femme en train de nettoyer ses v\u00eatements. Petits incrustations de nacre sur le tronc de l\u2019arbre et d\u00e9tails en argent sur la robe et les accessoires de\u2026","rel":"","context":"Article similaire","block_context":{"text":"Article similaire","link":""},"img":{"alt_text":"Inro Makie Shibayama Lady","src":"https:\/\/i0.wp.com\/www.supeinnihonto.com\/wp-content\/uploads\/2024\/05\/DSC_3655-scaled.jpg?fit=800%2C1200&ssl=1&resize=350%2C200","width":350,"height":200,"srcset":"https:\/\/i0.wp.com\/www.supeinnihonto.com\/wp-content\/uploads\/2024\/05\/DSC_3655-scaled.jpg?fit=800%2C1200&ssl=1&resize=350%2C200 1x, https:\/\/i0.wp.com\/www.supeinnihonto.com\/wp-content\/uploads\/2024\/05\/DSC_3655-scaled.jpg?fit=800%2C1200&ssl=1&resize=525%2C300 1.5x, https:\/\/i0.wp.com\/www.supeinnihonto.com\/wp-content\/uploads\/2024\/05\/DSC_3655-scaled.jpg?fit=800%2C1200&ssl=1&resize=700%2C400 2x"},"classes":[]}],"jetpack_sharing_enabled":true,"_links":{"self":[{"href":"https:\/\/www.supeinnihonto.com\/fr\/wp-json\/wp\/v2\/product\/14875","targetHints":{"allow":["GET"]}}],"collection":[{"href":"https:\/\/www.supeinnihonto.com\/fr\/wp-json\/wp\/v2\/product"}],"about":[{"href":"https:\/\/www.supeinnihonto.com\/fr\/wp-json\/wp\/v2\/types\/product"}],"wp:featuredmedia":[{"embeddable":true,"href":"https:\/\/www.supeinnihonto.com\/fr\/wp-json\/wp\/v2\/media\/14876"}],"wp:attachment":[{"href":"https:\/\/www.supeinnihonto.com\/fr\/wp-json\/wp\/v2\/media?parent=14875"}],"wp:term":[{"taxonomy":"product_brand","embeddable":true,"href":"https:\/\/www.supeinnihonto.com\/fr\/wp-json\/wp\/v2\/product_brand?post=14875"},{"taxonomy":"product_cat","embeddable":true,"href":"https:\/\/www.supeinnihonto.com\/fr\/wp-json\/wp\/v2\/product_cat?post=14875"},{"taxonomy":"product_tag","embeddable":true,"href":"https:\/\/www.supeinnihonto.com\/fr\/wp-json\/wp\/v2\/product_tag?post=14875"}],"curies":[{"name":"wp","href":"https:\/\/api.w.org\/{rel}","templated":true}]}}