{"id":14867,"date":"2024-05-09T08:41:40","date_gmt":"2024-05-09T08:41:40","guid":{"rendered":"https:\/\/www.supeinnihonto.com\/product\/inro-makie-shibayama-dragon\/"},"modified":"2025-12-27T19:18:48","modified_gmt":"2025-12-27T19:18:48","slug":"inro-en-maki-e-shibayama-au-dragon","status":"publish","type":"product","link":"https:\/\/www.supeinnihonto.com\/fr\/produit\/inro-en-maki-e-shibayama-au-dragon\/","title":{"rendered":"Inr\u014d en maki-e Shibayama au dragon"},"content":{"rendered":"<p><em><strong>Objet : <\/strong><\/em><\/p>\n<p><span>Inr\u014d \u00e0 quatre compartiments incrust\u00e9 et laqu\u00e9 \u00e0 l\u2019or. <\/span><i>Inr\u014d. <\/i><span>\u00c9poque Meiji (1868-1912). <\/span><br \/>\n<span>Fond lenticulaire en <\/span><i>kinji<\/i><span> d\u00e9cor\u00e9 en or et en <\/span><i>takamaki-e<\/i><span> l\u00e9g\u00e8rement polychrome, <\/span><i>hiramaki-e<\/i><span> en or, <\/span><i>kirikane<\/i><span>, et style Shibayama repr\u00e9sentant Kosekik\u014d (chinois : Huangshigong) agenouill\u00e9 sur des rochers et tenant une chaussure tomb\u00e9e vers Ch\u014dry\u014d (Zhang Liang), figur\u00e9 sur l\u2019autre face traversant un pont \u00e0 cheval et tenant un rouleau. Le dragon qui sauva Ch\u014dry\u014d de la rivi\u00e8re le regarde depuis les vagues, sign\u00e9 \u00e0 la base en laque d\u2019or <\/span><i>Shokasai <span> \u677e\u82b1\u658e<\/span><\/i><span> et <\/span><i>Shibayama<\/i><span> \u829d\u5c71 dans une r\u00e9serve rectangulaire incrust\u00e9e de nacre ; avec un <\/span><i>ojime<\/i><span> circulaire en m\u00e9tal laqu\u00e9 et incrust\u00e9 et un netsuke circulaire bomb\u00e9 en deux parties, laqu\u00e9 \u00e0 l\u2019or, orn\u00e9 d\u2019une branche de prunier fleurie sinueuse. Chef-d\u2019\u0153uvre de mus\u00e9e.<\/span><\/p>\n<p>8 x 6 cm<\/p>\n<p><em><strong><span style=\"color: #000000;\">Qu\u2019est-ce qu\u2019un inr\u014d ?<\/span><\/strong><\/em><\/p>\n<p><span style=\"color: #000000;\">Un <i><b>inr\u014d<\/b><\/i> est un \u00e9tui traditionnel japonais destin\u00e9 \u00e0 contenir de petits objets, suspendu \u00e0 l\u2019<span title=\"Japanese-language romanization\"><i lang=\"ja-Latn\"><a href=\"https:\/\/en.wikipedia.org\/wiki\/Obi_(sash)\" title=\"Obi (sash)\" style=\"color: #000000;\">obi<\/a><\/i><\/span> (ceinture) port\u00e9e autour de la taille avec le <a href=\"https:\/\/en.wikipedia.org\/wiki\/Kimono\" title=\"Kimono\" style=\"color: #000000;\">kimono<\/a>. Ils sont souvent richement d\u00e9cor\u00e9s \u00e0 l\u2019aide de mat\u00e9riaux tels que la <a href=\"https:\/\/en.wikipedia.org\/wiki\/Lacquer\" title=\"Lacquer\" style=\"color: #000000;\">laque<\/a> et de techniques comme le <span title=\"Japanese-language romanization\"><i lang=\"ja-Latn\"><a href=\"https:\/\/en.wikipedia.org\/wiki\/Maki-e\" title=\"Maki-e\" style=\"color: #000000;\">maki-e<\/a><\/i><\/span>, et sont plus d\u00e9coratifs que d\u2019autres <a href=\"https:\/\/en.wikipedia.org\/wiki\/Japanese_lacquerware\" title=\"Japanese lacquerware\" style=\"color: #000000;\">objets en laque japonaise<\/a>.<\/span><\/p>\n<p><span style=\"color: #000000;\">Comme les v\u00eatements traditionnels japonais ne comportaient pas de poches, les objets \u00e9taient transport\u00e9s suspendus \u00e0 l\u2019<span title=\"Japanese-language romanization\"><i lang=\"ja-Latn\">obi<\/i><\/span> dans des contenants appel\u00e9s <span title=\"Japanese-language romanization\"><i lang=\"ja-Latn\"><a href=\"https:\/\/en.wiktionary.org\/wiki\/sagemono\" class=\"extiw\" title=\"wikt:sagemono\" style=\"color: #000000;\">sagemono<\/a><\/i><\/span>. Le type appel\u00e9 <span title=\"Japanese-language romanization\"><i lang=\"ja-Latn\">inr\u014d<\/i><\/span> fut cr\u00e9\u00e9 durant la <a href=\"https:\/\/en.wikipedia.org\/wiki\/Sengoku_period\" title=\"Sengoku period\" style=\"color: #000000;\">p\u00e9riode Sengoku<\/a> (1467\u20131615) comme sceau d\u2019identit\u00e9 portable et r\u00e9cipient \u00e0 m\u00e9dicaments pour les voyages.<\/span><\/p>\n","protected":false},"excerpt":{"rendered":"<p>Objet : Inr\u014d \u00e0 quatre compartiments incrust\u00e9 et laqu\u00e9 \u00e0 l\u2019or. Inr\u014d. \u00c9poque Meiji (1868-1912). Fond lenticulaire en kinji d\u00e9cor\u00e9 en or et en takamaki-e l\u00e9g\u00e8rement polychrome, hiramaki-e en or, kirikane, et style Shibayama repr\u00e9sentant Kosekik\u014d (chinois : Huangshigong) agenouill\u00e9 sur des rochers et tenant une chaussure tomb\u00e9e vers Ch\u014dry\u014d [&hellip;]<\/p>\n","protected":false},"featured_media":14868,"template":"","meta":{"jetpack_post_was_ever_published":false},"product_brand":[],"product_cat":[544],"product_tag":[],"class_list":{"0":"post-14867","1":"product","2":"type-product","3":"status-publish","4":"has-post-thumbnail","6":"product_cat-inro","7":"product_shipping_class-light","9":"first","10":"instock","11":"featured","12":"sold-individually","13":"shipping-taxable","14":"purchasable","15":"product-type-simple"},"yoast_head":"<!-- This site is optimized with the Yoast SEO plugin v27.4 - https:\/\/yoast.com\/product\/yoast-seo-wordpress\/ -->\n<title>Inr\u014d en maki-e Shibayama au dragon - Supein Nihonto<\/title>\n<meta name=\"description\" content=\"Inr\u014d \u00e0 quatre compartiments incrust\u00e9 et laqu\u00e9 \u00e0 l\u2019or. \u00c9poque Meiji (1868\u20131912). Fond lenticulaire en kinji d\u00e9cor\u00e9 en or et en takamaki-e l\u00e9g\u00e8rement polychrome.\" \/>\n<meta name=\"robots\" content=\"index, follow, max-snippet:-1, max-image-preview:large, max-video-preview:-1\" \/>\n<link rel=\"canonical\" href=\"https:\/\/www.supeinnihonto.com\/fr\/produit\/inro-en-maki-e-shibayama-au-dragon\/\" \/>\n<meta property=\"og:locale\" content=\"fr_FR\" \/>\n<meta property=\"og:type\" content=\"article\" \/>\n<meta property=\"og:title\" content=\"Inr\u014d en maki-e Shibayama au dragon - Supein Nihonto\" \/>\n<meta property=\"og:description\" content=\"Inr\u014d \u00e0 quatre compartiments incrust\u00e9 et laqu\u00e9 \u00e0 l\u2019or. \u00c9poque Meiji (1868\u20131912). Fond lenticulaire en kinji d\u00e9cor\u00e9 en or et en takamaki-e l\u00e9g\u00e8rement polychrome.\" \/>\n<meta property=\"og:url\" content=\"https:\/\/www.supeinnihonto.com\/fr\/produit\/inro-en-maki-e-shibayama-au-dragon\/\" \/>\n<meta property=\"og:site_name\" content=\"Supein Nihonto\" \/>\n<meta property=\"article:modified_time\" content=\"2025-12-27T19:18:48+00:00\" \/>\n<meta property=\"og:image\" content=\"https:\/\/www.supeinnihonto.com\/wp-content\/uploads\/2024\/05\/DSC_3591-scaled.jpg\" \/>\n\t<meta property=\"og:image:width\" content=\"1856\" \/>\n\t<meta property=\"og:image:height\" content=\"2560\" \/>\n\t<meta property=\"og:image:type\" content=\"image\/jpeg\" \/>\n<meta name=\"twitter:card\" content=\"summary_large_image\" \/>\n<meta name=\"twitter:label1\" content=\"Dur\u00e9e de lecture estim\u00e9e\" \/>\n\t<meta name=\"twitter:data1\" content=\"2 minutes\" \/>\n<script type=\"application\/ld+json\" class=\"yoast-schema-graph\">{\"@context\":\"https:\\\/\\\/schema.org\",\"@graph\":[{\"@type\":\"WebPage\",\"@id\":\"https:\\\/\\\/www.supeinnihonto.com\\\/fr\\\/produit\\\/inro-en-maki-e-shibayama-au-dragon\\\/\",\"url\":\"https:\\\/\\\/www.supeinnihonto.com\\\/fr\\\/produit\\\/inro-en-maki-e-shibayama-au-dragon\\\/\",\"name\":\"Inr\u014d en maki-e Shibayama au dragon - Supein Nihonto\",\"isPartOf\":{\"@id\":\"https:\\\/\\\/www.supeinnihonto.com\\\/fr\\\/#website\"},\"primaryImageOfPage\":{\"@id\":\"https:\\\/\\\/www.supeinnihonto.com\\\/fr\\\/produit\\\/inro-en-maki-e-shibayama-au-dragon\\\/#primaryimage\"},\"image\":{\"@id\":\"https:\\\/\\\/www.supeinnihonto.com\\\/fr\\\/produit\\\/inro-en-maki-e-shibayama-au-dragon\\\/#primaryimage\"},\"thumbnailUrl\":\"https:\\\/\\\/i0.wp.com\\\/www.supeinnihonto.com\\\/wp-content\\\/uploads\\\/2024\\\/05\\\/DSC_3591-scaled.jpg?fit=1856%2C2560&ssl=1\",\"datePublished\":\"2024-05-09T08:41:40+00:00\",\"dateModified\":\"2025-12-27T19:18:48+00:00\",\"description\":\"Inr\u014d \u00e0 quatre compartiments incrust\u00e9 et laqu\u00e9 \u00e0 l\u2019or. \u00c9poque Meiji (1868\u20131912). Fond lenticulaire en kinji d\u00e9cor\u00e9 en or et en takamaki-e l\u00e9g\u00e8rement polychrome.\",\"breadcrumb\":{\"@id\":\"https:\\\/\\\/www.supeinnihonto.com\\\/fr\\\/produit\\\/inro-en-maki-e-shibayama-au-dragon\\\/#breadcrumb\"},\"inLanguage\":\"fr-FR\",\"potentialAction\":[{\"@type\":\"ReadAction\",\"target\":[\"https:\\\/\\\/www.supeinnihonto.com\\\/fr\\\/produit\\\/inro-en-maki-e-shibayama-au-dragon\\\/\"]}]},{\"@type\":\"ImageObject\",\"inLanguage\":\"fr-FR\",\"@id\":\"https:\\\/\\\/www.supeinnihonto.com\\\/fr\\\/produit\\\/inro-en-maki-e-shibayama-au-dragon\\\/#primaryimage\",\"url\":\"https:\\\/\\\/i0.wp.com\\\/www.supeinnihonto.com\\\/wp-content\\\/uploads\\\/2024\\\/05\\\/DSC_3591-scaled.jpg?fit=1856%2C2560&ssl=1\",\"contentUrl\":\"https:\\\/\\\/i0.wp.com\\\/www.supeinnihonto.com\\\/wp-content\\\/uploads\\\/2024\\\/05\\\/DSC_3591-scaled.jpg?fit=1856%2C2560&ssl=1\",\"width\":1856,\"height\":2560,\"caption\":\"Inro Makie shibayama dragon\"},{\"@type\":\"BreadcrumbList\",\"@id\":\"https:\\\/\\\/www.supeinnihonto.com\\\/fr\\\/produit\\\/inro-en-maki-e-shibayama-au-dragon\\\/#breadcrumb\",\"itemListElement\":[{\"@type\":\"ListItem\",\"position\":1,\"name\":\"Portada\",\"item\":\"https:\\\/\\\/www.supeinnihonto.com\\\/fr\\\/\"},{\"@type\":\"ListItem\",\"position\":2,\"name\":\"Shop\",\"item\":\"https:\\\/\\\/www.supeinnihonto.com\\\/fr\\\/shop\\\/\"},{\"@type\":\"ListItem\",\"position\":3,\"name\":\"Inr\u014d en maki-e Shibayama au dragon\"}]},{\"@type\":\"WebSite\",\"@id\":\"https:\\\/\\\/www.supeinnihonto.com\\\/fr\\\/#website\",\"url\":\"https:\\\/\\\/www.supeinnihonto.com\\\/fr\\\/\",\"name\":\"Supein Nihonto\",\"description\":\"Authentic japanese Nihonto katana \",\"publisher\":{\"@id\":\"https:\\\/\\\/www.supeinnihonto.com\\\/fr\\\/#organization\"},\"potentialAction\":[{\"@type\":\"SearchAction\",\"target\":{\"@type\":\"EntryPoint\",\"urlTemplate\":\"https:\\\/\\\/www.supeinnihonto.com\\\/fr\\\/?s={search_term_string}\"},\"query-input\":{\"@type\":\"PropertyValueSpecification\",\"valueRequired\":true,\"valueName\":\"search_term_string\"}}],\"inLanguage\":\"fr-FR\"},{\"@type\":\"Organization\",\"@id\":\"https:\\\/\\\/www.supeinnihonto.com\\\/fr\\\/#organization\",\"name\":\"SupeinNihonto\",\"url\":\"https:\\\/\\\/www.supeinnihonto.com\\\/fr\\\/\",\"logo\":{\"@type\":\"ImageObject\",\"inLanguage\":\"fr-FR\",\"@id\":\"https:\\\/\\\/www.supeinnihonto.com\\\/fr\\\/#\\\/schema\\\/logo\\\/image\\\/\",\"url\":\"https:\\\/\\\/www.supeinnihonto.com\\\/wp-content\\\/uploads\\\/2021\\\/11\\\/animation_Default_3szk0jcenoloop.gif\",\"contentUrl\":\"https:\\\/\\\/www.supeinnihonto.com\\\/wp-content\\\/uploads\\\/2021\\\/11\\\/animation_Default_3szk0jcenoloop.gif\",\"width\":750,\"height\":641,\"caption\":\"SupeinNihonto\"},\"image\":{\"@id\":\"https:\\\/\\\/www.supeinnihonto.com\\\/fr\\\/#\\\/schema\\\/logo\\\/image\\\/\"}}]}<\/script>\n<!-- \/ Yoast SEO plugin. -->","yoast_head_json":{"title":"Inr\u014d en maki-e Shibayama au dragon - Supein Nihonto","description":"Inr\u014d \u00e0 quatre compartiments incrust\u00e9 et laqu\u00e9 \u00e0 l\u2019or. \u00c9poque Meiji (1868\u20131912). Fond lenticulaire en kinji d\u00e9cor\u00e9 en or et en takamaki-e l\u00e9g\u00e8rement polychrome.","robots":{"index":"index","follow":"follow","max-snippet":"max-snippet:-1","max-image-preview":"max-image-preview:large","max-video-preview":"max-video-preview:-1"},"canonical":"https:\/\/www.supeinnihonto.com\/fr\/produit\/inro-en-maki-e-shibayama-au-dragon\/","og_locale":"fr_FR","og_type":"article","og_title":"Inr\u014d en maki-e Shibayama au dragon - Supein Nihonto","og_description":"Inr\u014d \u00e0 quatre compartiments incrust\u00e9 et laqu\u00e9 \u00e0 l\u2019or. \u00c9poque Meiji (1868\u20131912). Fond lenticulaire en kinji d\u00e9cor\u00e9 en or et en takamaki-e l\u00e9g\u00e8rement polychrome.","og_url":"https:\/\/www.supeinnihonto.com\/fr\/produit\/inro-en-maki-e-shibayama-au-dragon\/","og_site_name":"Supein Nihonto","article_modified_time":"2025-12-27T19:18:48+00:00","og_image":[{"width":1856,"height":2560,"url":"https:\/\/www.supeinnihonto.com\/wp-content\/uploads\/2024\/05\/DSC_3591-scaled.jpg","type":"image\/jpeg"}],"twitter_card":"summary_large_image","twitter_misc":{"Dur\u00e9e de lecture estim\u00e9e":"2 minutes"},"schema":{"@context":"https:\/\/schema.org","@graph":[{"@type":"WebPage","@id":"https:\/\/www.supeinnihonto.com\/fr\/produit\/inro-en-maki-e-shibayama-au-dragon\/","url":"https:\/\/www.supeinnihonto.com\/fr\/produit\/inro-en-maki-e-shibayama-au-dragon\/","name":"Inr\u014d en maki-e Shibayama au dragon - Supein Nihonto","isPartOf":{"@id":"https:\/\/www.supeinnihonto.com\/fr\/#website"},"primaryImageOfPage":{"@id":"https:\/\/www.supeinnihonto.com\/fr\/produit\/inro-en-maki-e-shibayama-au-dragon\/#primaryimage"},"image":{"@id":"https:\/\/www.supeinnihonto.com\/fr\/produit\/inro-en-maki-e-shibayama-au-dragon\/#primaryimage"},"thumbnailUrl":"https:\/\/i0.wp.com\/www.supeinnihonto.com\/wp-content\/uploads\/2024\/05\/DSC_3591-scaled.jpg?fit=1856%2C2560&ssl=1","datePublished":"2024-05-09T08:41:40+00:00","dateModified":"2025-12-27T19:18:48+00:00","description":"Inr\u014d \u00e0 quatre compartiments incrust\u00e9 et laqu\u00e9 \u00e0 l\u2019or. \u00c9poque Meiji (1868\u20131912). Fond lenticulaire en kinji d\u00e9cor\u00e9 en or et en takamaki-e l\u00e9g\u00e8rement polychrome.","breadcrumb":{"@id":"https:\/\/www.supeinnihonto.com\/fr\/produit\/inro-en-maki-e-shibayama-au-dragon\/#breadcrumb"},"inLanguage":"fr-FR","potentialAction":[{"@type":"ReadAction","target":["https:\/\/www.supeinnihonto.com\/fr\/produit\/inro-en-maki-e-shibayama-au-dragon\/"]}]},{"@type":"ImageObject","inLanguage":"fr-FR","@id":"https:\/\/www.supeinnihonto.com\/fr\/produit\/inro-en-maki-e-shibayama-au-dragon\/#primaryimage","url":"https:\/\/i0.wp.com\/www.supeinnihonto.com\/wp-content\/uploads\/2024\/05\/DSC_3591-scaled.jpg?fit=1856%2C2560&ssl=1","contentUrl":"https:\/\/i0.wp.com\/www.supeinnihonto.com\/wp-content\/uploads\/2024\/05\/DSC_3591-scaled.jpg?fit=1856%2C2560&ssl=1","width":1856,"height":2560,"caption":"Inro Makie shibayama dragon"},{"@type":"BreadcrumbList","@id":"https:\/\/www.supeinnihonto.com\/fr\/produit\/inro-en-maki-e-shibayama-au-dragon\/#breadcrumb","itemListElement":[{"@type":"ListItem","position":1,"name":"Portada","item":"https:\/\/www.supeinnihonto.com\/fr\/"},{"@type":"ListItem","position":2,"name":"Shop","item":"https:\/\/www.supeinnihonto.com\/fr\/shop\/"},{"@type":"ListItem","position":3,"name":"Inr\u014d en maki-e Shibayama au dragon"}]},{"@type":"WebSite","@id":"https:\/\/www.supeinnihonto.com\/fr\/#website","url":"https:\/\/www.supeinnihonto.com\/fr\/","name":"Supein Nihonto","description":"Authentic japanese Nihonto katana ","publisher":{"@id":"https:\/\/www.supeinnihonto.com\/fr\/#organization"},"potentialAction":[{"@type":"SearchAction","target":{"@type":"EntryPoint","urlTemplate":"https:\/\/www.supeinnihonto.com\/fr\/?s={search_term_string}"},"query-input":{"@type":"PropertyValueSpecification","valueRequired":true,"valueName":"search_term_string"}}],"inLanguage":"fr-FR"},{"@type":"Organization","@id":"https:\/\/www.supeinnihonto.com\/fr\/#organization","name":"SupeinNihonto","url":"https:\/\/www.supeinnihonto.com\/fr\/","logo":{"@type":"ImageObject","inLanguage":"fr-FR","@id":"https:\/\/www.supeinnihonto.com\/fr\/#\/schema\/logo\/image\/","url":"https:\/\/www.supeinnihonto.com\/wp-content\/uploads\/2021\/11\/animation_Default_3szk0jcenoloop.gif","contentUrl":"https:\/\/www.supeinnihonto.com\/wp-content\/uploads\/2021\/11\/animation_Default_3szk0jcenoloop.gif","width":750,"height":641,"caption":"SupeinNihonto"},"image":{"@id":"https:\/\/www.supeinnihonto.com\/fr\/#\/schema\/logo\/image\/"}}]}},"jetpack-related-posts":[{"id":14859,"url":"https:\/\/www.supeinnihonto.com\/fr\/produit\/inro-en-maki-e-shibayama-aux-champignons-kinoko\/","url_meta":{"origin":14867,"position":0},"title":"Inr\u014d en maki-e Shibayama aux champignons (kinoko)","author":"Supein Nihonto","date":"9 de mai de 2024","format":false,"excerpt":"Article : Magnifique inro avec maki-e et shibayama incrust\u00e9 de nacre. Sign\u00e9. L'inro est en \u00e9tat fantastique tout comme le netsuke sculpt\u00e9 en bois en forme de champignons de l'\u00e9poque Edo. Ojime en verre. XIXe si\u00e8cle. 8,7 x 6 cm Qu'est-ce qu'un Inro ? Un inro est un \u00e9tui traditionnel\u2026","rel":"","context":"Article similaire","block_context":{"text":"Article similaire","link":""},"img":{"alt_text":"Inro makie shibayama kinoko","src":"https:\/\/i0.wp.com\/www.supeinnihonto.com\/wp-content\/uploads\/2024\/05\/DSC_3604-scaled.jpg?fit=800%2C1200&ssl=1&resize=350%2C200","width":350,"height":200,"srcset":"https:\/\/i0.wp.com\/www.supeinnihonto.com\/wp-content\/uploads\/2024\/05\/DSC_3604-scaled.jpg?fit=800%2C1200&ssl=1&resize=350%2C200 1x, https:\/\/i0.wp.com\/www.supeinnihonto.com\/wp-content\/uploads\/2024\/05\/DSC_3604-scaled.jpg?fit=800%2C1200&ssl=1&resize=525%2C300 1.5x, https:\/\/i0.wp.com\/www.supeinnihonto.com\/wp-content\/uploads\/2024\/05\/DSC_3604-scaled.jpg?fit=800%2C1200&ssl=1&resize=700%2C400 2x"},"classes":[]},{"id":14683,"url":"https:\/\/www.supeinnihonto.com\/fr\/produit\/inro-en-maki-e-shibayama-au-paon\/","url_meta":{"origin":14867,"position":1},"title":"Inr\u014d en maki-e Shibayama au paon","author":"Supein Nihonto","date":"10 de mai de 2024","format":false,"excerpt":"Objet : P\u00e9riode Edo ou d\u00e9but de l\u2019\u00e8re Meiji. XIXe si\u00e8cle. Inr\u014d en maki-e Shibayama au paon. D\u00e9cor\u00e9 en or takamaki-e, repr\u00e9sentant un paon debout, la queue d\u00e9ploy\u00e9e et se prolongeant de l\u2019autre c\u00f4t\u00e9 au-dessus d\u2019une paonne, les \u00ab yeux \u00bb des plumes du m\u00e2le incrust\u00e9s de nacre, l\u2019int\u00e9rieur richement\u2026","rel":"","context":"Article similaire","block_context":{"text":"Article similaire","link":""},"img":{"alt_text":"Inro Makie shibayama peacock","src":"https:\/\/i0.wp.com\/www.supeinnihonto.com\/wp-content\/uploads\/2024\/05\/DSC_3666-scaled.jpg?fit=1200%2C800&ssl=1&resize=350%2C200","width":350,"height":200,"srcset":"https:\/\/i0.wp.com\/www.supeinnihonto.com\/wp-content\/uploads\/2024\/05\/DSC_3666-scaled.jpg?fit=1200%2C800&ssl=1&resize=350%2C200 1x, https:\/\/i0.wp.com\/www.supeinnihonto.com\/wp-content\/uploads\/2024\/05\/DSC_3666-scaled.jpg?fit=1200%2C800&ssl=1&resize=525%2C300 1.5x, https:\/\/i0.wp.com\/www.supeinnihonto.com\/wp-content\/uploads\/2024\/05\/DSC_3666-scaled.jpg?fit=1200%2C800&ssl=1&resize=700%2C400 2x, https:\/\/i0.wp.com\/www.supeinnihonto.com\/wp-content\/uploads\/2024\/05\/DSC_3666-scaled.jpg?fit=1200%2C800&ssl=1&resize=1050%2C600 3x"},"classes":[]},{"id":14691,"url":"https:\/\/www.supeinnihonto.com\/fr\/produit\/inro-makie-shibayama-lady\/","url_meta":{"origin":14867,"position":2},"title":"Inro Makie Shibayama Dame","author":"Supein Nihonto","date":"10 de mai de 2024","format":false,"excerpt":"Article : P\u00e9riode Edo ou d\u00e9but de l\u2019\u00e8re Meiji. XIXe si\u00e8cle. Inro Makie Shibayama Dame. Un magnifique inro d\u2019une qualit\u00e9 exceptionnelle repr\u00e9sentant une femme en train de nettoyer ses v\u00eatements. Petits incrustations de nacre sur le tronc de l\u2019arbre et d\u00e9tails en argent sur la robe et les accessoires de\u2026","rel":"","context":"Article similaire","block_context":{"text":"Article similaire","link":""},"img":{"alt_text":"Inro Makie Shibayama Lady","src":"https:\/\/i0.wp.com\/www.supeinnihonto.com\/wp-content\/uploads\/2024\/05\/DSC_3655-scaled.jpg?fit=800%2C1200&ssl=1&resize=350%2C200","width":350,"height":200,"srcset":"https:\/\/i0.wp.com\/www.supeinnihonto.com\/wp-content\/uploads\/2024\/05\/DSC_3655-scaled.jpg?fit=800%2C1200&ssl=1&resize=350%2C200 1x, https:\/\/i0.wp.com\/www.supeinnihonto.com\/wp-content\/uploads\/2024\/05\/DSC_3655-scaled.jpg?fit=800%2C1200&ssl=1&resize=525%2C300 1.5x, https:\/\/i0.wp.com\/www.supeinnihonto.com\/wp-content\/uploads\/2024\/05\/DSC_3655-scaled.jpg?fit=800%2C1200&ssl=1&resize=700%2C400 2x"},"classes":[]},{"id":14700,"url":"https:\/\/www.supeinnihonto.com\/fr\/produit\/inro-makie-shibayama-fukurokuju\/","url_meta":{"origin":14867,"position":3},"title":"Inro maki-e shibayama Fukurokuju","author":"Supein Nihonto","date":"10 de mai de 2024","format":false,"excerpt":"Article : P\u00e9riode Edo ou d\u00e9but de l\u2019\u00e8re Meiji. XIXe si\u00e8cle. Inro maki-e shibayama Fukurokuju. Magnifique inro \u00e0 fond kinji d\u00e9cor\u00e9 en or et en l\u00e9ger takamaki-e color\u00e9, hiramaki-e dor\u00e9, kirikane, et style Shibayama. Visages de Fukurokuju et d\u2019un gar\u00e7on en ivoire et \u00e9caille de tortue ambre. Sign\u00e9 \u00ab Shokusai\u2026","rel":"","context":"Article similaire","block_context":{"text":"Article similaire","link":""},"img":{"alt_text":"Inro Makie Shibayama Fukurokuju","src":"https:\/\/i0.wp.com\/www.supeinnihonto.com\/wp-content\/uploads\/2024\/05\/DSC_3648-scaled.jpg?fit=800%2C1200&ssl=1&resize=350%2C200","width":350,"height":200,"srcset":"https:\/\/i0.wp.com\/www.supeinnihonto.com\/wp-content\/uploads\/2024\/05\/DSC_3648-scaled.jpg?fit=800%2C1200&ssl=1&resize=350%2C200 1x, https:\/\/i0.wp.com\/www.supeinnihonto.com\/wp-content\/uploads\/2024\/05\/DSC_3648-scaled.jpg?fit=800%2C1200&ssl=1&resize=525%2C300 1.5x, https:\/\/i0.wp.com\/www.supeinnihonto.com\/wp-content\/uploads\/2024\/05\/DSC_3648-scaled.jpg?fit=800%2C1200&ssl=1&resize=700%2C400 2x"},"classes":[]},{"id":14776,"url":"https:\/\/www.supeinnihonto.com\/fr\/produit\/inro-maki-e-aux-fleurs-de-chrysantheme\/","url_meta":{"origin":14867,"position":4},"title":"Inro maki-e aux fleurs de chrysanth\u00e8me","author":"Supein Nihonto","date":"9 de mai de 2024","format":false,"excerpt":"Objet : Inro maki-e aux fleurs de chrysanth\u00e8me. Inro rare de taille miniature d\u2019une ex\u00e9cution exquise, avec de nombreux d\u00e9tails et quelques incrustations shibayama en nacre. Netsuke manju en bronze et os. Ojime en corail rouge. L\u2019inro et le netsuke sont tous deux en tr\u00e8s bon \u00e9tat, ce qui est\u2026","rel":"","context":"Article similaire","block_context":{"text":"Article similaire","link":""},"img":{"alt_text":"Inro Makie Chrisantemum flowers","src":"https:\/\/i0.wp.com\/www.supeinnihonto.com\/wp-content\/uploads\/2024\/05\/Inro-Makie-Chrisantemum-flowers.webp?fit=1200%2C800&ssl=1&resize=350%2C200","width":350,"height":200,"srcset":"https:\/\/i0.wp.com\/www.supeinnihonto.com\/wp-content\/uploads\/2024\/05\/Inro-Makie-Chrisantemum-flowers.webp?fit=1200%2C800&ssl=1&resize=350%2C200 1x, https:\/\/i0.wp.com\/www.supeinnihonto.com\/wp-content\/uploads\/2024\/05\/Inro-Makie-Chrisantemum-flowers.webp?fit=1200%2C800&ssl=1&resize=525%2C300 1.5x, https:\/\/i0.wp.com\/www.supeinnihonto.com\/wp-content\/uploads\/2024\/05\/Inro-Makie-Chrisantemum-flowers.webp?fit=1200%2C800&ssl=1&resize=700%2C400 2x, https:\/\/i0.wp.com\/www.supeinnihonto.com\/wp-content\/uploads\/2024\/05\/Inro-Makie-Chrisantemum-flowers.webp?fit=1200%2C800&ssl=1&resize=1050%2C600 3x"},"classes":[]},{"id":14851,"url":"https:\/\/www.supeinnihonto.com\/fr\/produit\/inro-en-maki-e-au-coq-et-a-la-poule\/","url_meta":{"origin":14867,"position":5},"title":"Inr\u014d en maki-e au coq et \u00e0 la poule","author":"Supein Nihonto","date":"9 de mai de 2024","format":false,"excerpt":"Objet : Inr\u014d en maki-e au coq et \u00e0 la poule. Inr\u014d \u00e0 cinq compartiments, laqu\u00e9 avec un coq et une poule, le premier debout sur un tambour, sous un pin dont les branches retombantes se prolongent de l\u2019autre c\u00f4t\u00e9 au-dessus de deux poussins, le tambour et le pin rehauss\u00e9s\u2026","rel":"","context":"Article similaire","block_context":{"text":"Article similaire","link":""},"img":{"alt_text":"Inro Rooster and hen","src":"https:\/\/i0.wp.com\/www.supeinnihonto.com\/wp-content\/uploads\/2024\/05\/DSC_3622-scaled.jpg?fit=800%2C1200&ssl=1&resize=350%2C200","width":350,"height":200,"srcset":"https:\/\/i0.wp.com\/www.supeinnihonto.com\/wp-content\/uploads\/2024\/05\/DSC_3622-scaled.jpg?fit=800%2C1200&ssl=1&resize=350%2C200 1x, https:\/\/i0.wp.com\/www.supeinnihonto.com\/wp-content\/uploads\/2024\/05\/DSC_3622-scaled.jpg?fit=800%2C1200&ssl=1&resize=525%2C300 1.5x, https:\/\/i0.wp.com\/www.supeinnihonto.com\/wp-content\/uploads\/2024\/05\/DSC_3622-scaled.jpg?fit=800%2C1200&ssl=1&resize=700%2C400 2x"},"classes":[]}],"jetpack_sharing_enabled":true,"_links":{"self":[{"href":"https:\/\/www.supeinnihonto.com\/fr\/wp-json\/wp\/v2\/product\/14867","targetHints":{"allow":["GET"]}}],"collection":[{"href":"https:\/\/www.supeinnihonto.com\/fr\/wp-json\/wp\/v2\/product"}],"about":[{"href":"https:\/\/www.supeinnihonto.com\/fr\/wp-json\/wp\/v2\/types\/product"}],"wp:featuredmedia":[{"embeddable":true,"href":"https:\/\/www.supeinnihonto.com\/fr\/wp-json\/wp\/v2\/media\/14868"}],"wp:attachment":[{"href":"https:\/\/www.supeinnihonto.com\/fr\/wp-json\/wp\/v2\/media?parent=14867"}],"wp:term":[{"taxonomy":"product_brand","embeddable":true,"href":"https:\/\/www.supeinnihonto.com\/fr\/wp-json\/wp\/v2\/product_brand?post=14867"},{"taxonomy":"product_cat","embeddable":true,"href":"https:\/\/www.supeinnihonto.com\/fr\/wp-json\/wp\/v2\/product_cat?post=14867"},{"taxonomy":"product_tag","embeddable":true,"href":"https:\/\/www.supeinnihonto.com\/fr\/wp-json\/wp\/v2\/product_tag?post=14867"}],"curies":[{"name":"wp","href":"https:\/\/api.w.org\/{rel}","templated":true}]}}