{"id":14820,"date":"2024-05-08T17:32:59","date_gmt":"2024-05-08T17:32:59","guid":{"rendered":"https:\/\/www.supeinnihonto.com\/product\/octogonal-iron-nanban-tsuba\/"},"modified":"2026-01-02T11:27:21","modified_gmt":"2026-01-02T11:27:21","slug":"octogonal-iron-nanban-tsuba","status":"publish","type":"product","link":"https:\/\/www.supeinnihonto.com\/fr\/produit\/octogonal-iron-nanban-tsuba\/","title":{"rendered":"Tsuba nanban octogonale en fer"},"content":{"rendered":"<p><span>OBJET :<\/span><\/p>\n<p><span>Livr\u00e9 avec certificat de SupeinNihonto.<\/span><\/p>\n<p>Tsuba nanban octogonale en fer. Pi\u00e8ce tr\u00e8s inhabituelle et rare, non seulement par sa forme octogonale mais aussi par sa grande taille et son style. Le style nanban remonte \u00e0 l\u2019arriv\u00e9e des premiers marins au Japon au XVIe si\u00e8cle, principalement hollandais, espagnols et portugais. Le style nanban est ainsi nomm\u00e9 car il fut introduit par les nanban ou \u00ab barbares \u00bb, comme les Europ\u00e9ens \u00e9taient appel\u00e9s au Japon \u00e0 cette \u00e9poque. Cette tsuba exceptionnelle est un objet plut\u00f4t rare car, bien que les motifs de dragons soient courants dans le style nanban, sa forme inhabituelle et sa grande taille la rendent unique. Une superbe pi\u00e8ce pour les collectionneurs. P\u00e9riode Muromachi.<\/p>\n<p>9,1 x 8,7 cm<\/p>\n<p><span>\u00c0 PROPOS DE NOUS :<\/span><\/p>\n<p><span>Chez Supein Nihonto, nous nous effor\u00e7ons de vous proposer des sabres et armures de samoura\u00ef de haute qualit\u00e9 \u00e0 des prix bien inf\u00e9rieurs \u00e0 ceux de la concurrence. Nous sommes probablement le plus grand exportateur d\u2019Europe et nous sommes fiers d\u2019annoncer que nous sommes le num\u00e9ro un, TOP SELLER, sur Catawiki dans les ventes Samurai et Japonaises. Ceci est particuli\u00e8rement important pour \u00e9conomiser sur les taxes et les d\u00e9lais d\u2019attente qui peuvent d\u00e9passer quatre mois avec les vendeurs japonais, ainsi que les complications li\u00e9es \u00e0 des proc\u00e9dures longues et parfois probl\u00e9matiques qui prolongent encore les livraisons, allant jusqu\u2019au retour du colis \u00e0 l\u2019origine, et plus de 35 % de co\u00fbts suppl\u00e9mentaires sur le prix final dus aux douanes, droits et frais, qui augmentent le prix mais non la qualit\u00e9 ni la valeur de revente future. Nous sommes \u00e9galement des vendeurs professionnels et, par cons\u00e9quent, notre garantie de satisfaction, nos connaissances et nos standards sont sup\u00e9rieurs \u00e0 ceux des vendeurs priv\u00e9s, avec de meilleures garanties apr\u00e8s-vente. Gr\u00e2ce \u00e0 cela, \u00e0 nos prix professionnels parmi les plus bas du secteur et \u00e0 notre m\u00e9thode d\u2019exp\u00e9dition rapide et efficace, qui d\u00e9passe rarement trois jours de livraison en Europe, nous sommes convaincus que vous appr\u00e9cierez cette excellente opportunit\u00e9 de poss\u00e9der une \u0153uvre d\u2019art qui prendra de la valeur au fil des ann\u00e9es et constituera un excellent investissement. Faites-nous confiance pour appr\u00e9cier l\u2019art du samoura\u00ef.<\/span><\/p>\n","protected":false},"excerpt":{"rendered":"<p>OBJET : Livr\u00e9 avec certificat de SupeinNihonto. Tsuba nanban octogonale en fer. Pi\u00e8ce tr\u00e8s inhabituelle et rare, non seulement par sa forme octogonale mais aussi par sa grande taille et son style. Le style nanban remonte \u00e0 l\u2019arriv\u00e9e des premiers marins au Japon au XVIe si\u00e8cle, principalement hollandais, espagnols et [&hellip;]<\/p>\n","protected":false},"featured_media":14822,"template":"","meta":{"jetpack_post_was_ever_published":false},"product_brand":[],"product_cat":[552,556],"product_tag":[],"class_list":{"0":"post-14820","1":"product","2":"type-product","3":"status-publish","4":"has-post-thumbnail","6":"product_cat-tosogu","7":"product_cat-tsuba","8":"product_shipping_class-light","10":"first","11":"instock","12":"featured","13":"sold-individually","14":"shipping-taxable","15":"purchasable","16":"product-type-simple"},"yoast_head":"<!-- This site is optimized with the Yoast SEO plugin v27.5 - https:\/\/yoast.com\/product\/yoast-seo-wordpress\/ -->\n<title>Tsuba nanban octogonale en fer - Supein Nihonto<\/title>\n<meta name=\"description\" content=\"Tsuba nanban octogonale en fer. Pi\u00e8ce tr\u00e8s inhabituelle et rare, non seulement par sa forme octogonale mais aussi par sa grande taille et son style.\" \/>\n<meta name=\"robots\" content=\"index, follow, max-snippet:-1, max-image-preview:large, max-video-preview:-1\" \/>\n<link rel=\"canonical\" href=\"https:\/\/www.supeinnihonto.com\/fr\/produit\/octogonal-iron-nanban-tsuba\/\" \/>\n<meta property=\"og:locale\" content=\"fr_FR\" \/>\n<meta property=\"og:type\" content=\"article\" \/>\n<meta property=\"og:title\" content=\"Tsuba nanban octogonale en fer - Supein Nihonto\" \/>\n<meta property=\"og:description\" content=\"Tsuba nanban octogonale en fer. Pi\u00e8ce tr\u00e8s inhabituelle et rare, non seulement par sa forme octogonale mais aussi par sa grande taille et son style.\" \/>\n<meta property=\"og:url\" content=\"https:\/\/www.supeinnihonto.com\/fr\/produit\/octogonal-iron-nanban-tsuba\/\" \/>\n<meta property=\"og:site_name\" content=\"Supein Nihonto\" \/>\n<meta property=\"article:modified_time\" content=\"2026-01-02T11:27:21+00:00\" \/>\n<meta property=\"og:image\" content=\"https:\/\/www.supeinnihonto.com\/wp-content\/uploads\/2024\/05\/DSC_3531-scaled.jpg\" \/>\n\t<meta property=\"og:image:width\" content=\"2560\" \/>\n\t<meta property=\"og:image:height\" content=\"1707\" \/>\n\t<meta property=\"og:image:type\" content=\"image\/jpeg\" \/>\n<meta name=\"twitter:card\" content=\"summary_large_image\" \/>\n<meta name=\"twitter:label1\" content=\"Dur\u00e9e de lecture estim\u00e9e\" \/>\n\t<meta name=\"twitter:data1\" content=\"2 minutes\" \/>\n<script type=\"application\/ld+json\" class=\"yoast-schema-graph\">{\"@context\":\"https:\\\/\\\/schema.org\",\"@graph\":[{\"@type\":\"WebPage\",\"@id\":\"https:\\\/\\\/www.supeinnihonto.com\\\/fr\\\/produit\\\/octogonal-iron-nanban-tsuba\\\/\",\"url\":\"https:\\\/\\\/www.supeinnihonto.com\\\/fr\\\/produit\\\/octogonal-iron-nanban-tsuba\\\/\",\"name\":\"Tsuba nanban octogonale en fer - Supein Nihonto\",\"isPartOf\":{\"@id\":\"https:\\\/\\\/www.supeinnihonto.com\\\/fr\\\/#website\"},\"primaryImageOfPage\":{\"@id\":\"https:\\\/\\\/www.supeinnihonto.com\\\/fr\\\/produit\\\/octogonal-iron-nanban-tsuba\\\/#primaryimage\"},\"image\":{\"@id\":\"https:\\\/\\\/www.supeinnihonto.com\\\/fr\\\/produit\\\/octogonal-iron-nanban-tsuba\\\/#primaryimage\"},\"thumbnailUrl\":\"https:\\\/\\\/i0.wp.com\\\/www.supeinnihonto.com\\\/wp-content\\\/uploads\\\/2024\\\/05\\\/DSC_3531-scaled.jpg?fit=2560%2C1707&ssl=1\",\"datePublished\":\"2024-05-08T17:32:59+00:00\",\"dateModified\":\"2026-01-02T11:27:21+00:00\",\"description\":\"Tsuba nanban octogonale en fer. Pi\u00e8ce tr\u00e8s inhabituelle et rare, non seulement par sa forme octogonale mais aussi par sa grande taille et son style.\",\"breadcrumb\":{\"@id\":\"https:\\\/\\\/www.supeinnihonto.com\\\/fr\\\/produit\\\/octogonal-iron-nanban-tsuba\\\/#breadcrumb\"},\"inLanguage\":\"fr-FR\",\"potentialAction\":[{\"@type\":\"ReadAction\",\"target\":[\"https:\\\/\\\/www.supeinnihonto.com\\\/fr\\\/produit\\\/octogonal-iron-nanban-tsuba\\\/\"]}]},{\"@type\":\"ImageObject\",\"inLanguage\":\"fr-FR\",\"@id\":\"https:\\\/\\\/www.supeinnihonto.com\\\/fr\\\/produit\\\/octogonal-iron-nanban-tsuba\\\/#primaryimage\",\"url\":\"https:\\\/\\\/i0.wp.com\\\/www.supeinnihonto.com\\\/wp-content\\\/uploads\\\/2024\\\/05\\\/DSC_3531-scaled.jpg?fit=2560%2C1707&ssl=1\",\"contentUrl\":\"https:\\\/\\\/i0.wp.com\\\/www.supeinnihonto.com\\\/wp-content\\\/uploads\\\/2024\\\/05\\\/DSC_3531-scaled.jpg?fit=2560%2C1707&ssl=1\",\"width\":2560,\"height\":1707,\"caption\":\"Octogonal iron nanban tsuba\"},{\"@type\":\"BreadcrumbList\",\"@id\":\"https:\\\/\\\/www.supeinnihonto.com\\\/fr\\\/produit\\\/octogonal-iron-nanban-tsuba\\\/#breadcrumb\",\"itemListElement\":[{\"@type\":\"ListItem\",\"position\":1,\"name\":\"Portada\",\"item\":\"https:\\\/\\\/www.supeinnihonto.com\\\/fr\\\/\"},{\"@type\":\"ListItem\",\"position\":2,\"name\":\"Shop\",\"item\":\"https:\\\/\\\/www.supeinnihonto.com\\\/fr\\\/shop\\\/\"},{\"@type\":\"ListItem\",\"position\":3,\"name\":\"Tsuba nanban octogonale en fer\"}]},{\"@type\":\"WebSite\",\"@id\":\"https:\\\/\\\/www.supeinnihonto.com\\\/fr\\\/#website\",\"url\":\"https:\\\/\\\/www.supeinnihonto.com\\\/fr\\\/\",\"name\":\"Supein Nihonto\",\"description\":\"Authentic japanese Nihonto katana \",\"publisher\":{\"@id\":\"https:\\\/\\\/www.supeinnihonto.com\\\/fr\\\/#organization\"},\"potentialAction\":[{\"@type\":\"SearchAction\",\"target\":{\"@type\":\"EntryPoint\",\"urlTemplate\":\"https:\\\/\\\/www.supeinnihonto.com\\\/fr\\\/?s={search_term_string}\"},\"query-input\":{\"@type\":\"PropertyValueSpecification\",\"valueRequired\":true,\"valueName\":\"search_term_string\"}}],\"inLanguage\":\"fr-FR\"},{\"@type\":\"Organization\",\"@id\":\"https:\\\/\\\/www.supeinnihonto.com\\\/fr\\\/#organization\",\"name\":\"SupeinNihonto\",\"url\":\"https:\\\/\\\/www.supeinnihonto.com\\\/fr\\\/\",\"logo\":{\"@type\":\"ImageObject\",\"inLanguage\":\"fr-FR\",\"@id\":\"https:\\\/\\\/www.supeinnihonto.com\\\/fr\\\/#\\\/schema\\\/logo\\\/image\\\/\",\"url\":\"https:\\\/\\\/www.supeinnihonto.com\\\/wp-content\\\/uploads\\\/2021\\\/11\\\/animation_Default_3szk0jcenoloop.gif\",\"contentUrl\":\"https:\\\/\\\/www.supeinnihonto.com\\\/wp-content\\\/uploads\\\/2021\\\/11\\\/animation_Default_3szk0jcenoloop.gif\",\"width\":750,\"height\":641,\"caption\":\"SupeinNihonto\"},\"image\":{\"@id\":\"https:\\\/\\\/www.supeinnihonto.com\\\/fr\\\/#\\\/schema\\\/logo\\\/image\\\/\"}}]}<\/script>\n<!-- \/ Yoast SEO plugin. -->","yoast_head_json":{"title":"Tsuba nanban octogonale en fer - Supein Nihonto","description":"Tsuba nanban octogonale en fer. Pi\u00e8ce tr\u00e8s inhabituelle et rare, non seulement par sa forme octogonale mais aussi par sa grande taille et son style.","robots":{"index":"index","follow":"follow","max-snippet":"max-snippet:-1","max-image-preview":"max-image-preview:large","max-video-preview":"max-video-preview:-1"},"canonical":"https:\/\/www.supeinnihonto.com\/fr\/produit\/octogonal-iron-nanban-tsuba\/","og_locale":"fr_FR","og_type":"article","og_title":"Tsuba nanban octogonale en fer - Supein Nihonto","og_description":"Tsuba nanban octogonale en fer. Pi\u00e8ce tr\u00e8s inhabituelle et rare, non seulement par sa forme octogonale mais aussi par sa grande taille et son style.","og_url":"https:\/\/www.supeinnihonto.com\/fr\/produit\/octogonal-iron-nanban-tsuba\/","og_site_name":"Supein Nihonto","article_modified_time":"2026-01-02T11:27:21+00:00","og_image":[{"width":2560,"height":1707,"url":"https:\/\/www.supeinnihonto.com\/wp-content\/uploads\/2024\/05\/DSC_3531-scaled.jpg","type":"image\/jpeg"}],"twitter_card":"summary_large_image","twitter_misc":{"Dur\u00e9e de lecture estim\u00e9e":"2 minutes"},"schema":{"@context":"https:\/\/schema.org","@graph":[{"@type":"WebPage","@id":"https:\/\/www.supeinnihonto.com\/fr\/produit\/octogonal-iron-nanban-tsuba\/","url":"https:\/\/www.supeinnihonto.com\/fr\/produit\/octogonal-iron-nanban-tsuba\/","name":"Tsuba nanban octogonale en fer - Supein Nihonto","isPartOf":{"@id":"https:\/\/www.supeinnihonto.com\/fr\/#website"},"primaryImageOfPage":{"@id":"https:\/\/www.supeinnihonto.com\/fr\/produit\/octogonal-iron-nanban-tsuba\/#primaryimage"},"image":{"@id":"https:\/\/www.supeinnihonto.com\/fr\/produit\/octogonal-iron-nanban-tsuba\/#primaryimage"},"thumbnailUrl":"https:\/\/i0.wp.com\/www.supeinnihonto.com\/wp-content\/uploads\/2024\/05\/DSC_3531-scaled.jpg?fit=2560%2C1707&ssl=1","datePublished":"2024-05-08T17:32:59+00:00","dateModified":"2026-01-02T11:27:21+00:00","description":"Tsuba nanban octogonale en fer. Pi\u00e8ce tr\u00e8s inhabituelle et rare, non seulement par sa forme octogonale mais aussi par sa grande taille et son style.","breadcrumb":{"@id":"https:\/\/www.supeinnihonto.com\/fr\/produit\/octogonal-iron-nanban-tsuba\/#breadcrumb"},"inLanguage":"fr-FR","potentialAction":[{"@type":"ReadAction","target":["https:\/\/www.supeinnihonto.com\/fr\/produit\/octogonal-iron-nanban-tsuba\/"]}]},{"@type":"ImageObject","inLanguage":"fr-FR","@id":"https:\/\/www.supeinnihonto.com\/fr\/produit\/octogonal-iron-nanban-tsuba\/#primaryimage","url":"https:\/\/i0.wp.com\/www.supeinnihonto.com\/wp-content\/uploads\/2024\/05\/DSC_3531-scaled.jpg?fit=2560%2C1707&ssl=1","contentUrl":"https:\/\/i0.wp.com\/www.supeinnihonto.com\/wp-content\/uploads\/2024\/05\/DSC_3531-scaled.jpg?fit=2560%2C1707&ssl=1","width":2560,"height":1707,"caption":"Octogonal iron nanban tsuba"},{"@type":"BreadcrumbList","@id":"https:\/\/www.supeinnihonto.com\/fr\/produit\/octogonal-iron-nanban-tsuba\/#breadcrumb","itemListElement":[{"@type":"ListItem","position":1,"name":"Portada","item":"https:\/\/www.supeinnihonto.com\/fr\/"},{"@type":"ListItem","position":2,"name":"Shop","item":"https:\/\/www.supeinnihonto.com\/fr\/shop\/"},{"@type":"ListItem","position":3,"name":"Tsuba nanban octogonale en fer"}]},{"@type":"WebSite","@id":"https:\/\/www.supeinnihonto.com\/fr\/#website","url":"https:\/\/www.supeinnihonto.com\/fr\/","name":"Supein Nihonto","description":"Authentic japanese Nihonto katana ","publisher":{"@id":"https:\/\/www.supeinnihonto.com\/fr\/#organization"},"potentialAction":[{"@type":"SearchAction","target":{"@type":"EntryPoint","urlTemplate":"https:\/\/www.supeinnihonto.com\/fr\/?s={search_term_string}"},"query-input":{"@type":"PropertyValueSpecification","valueRequired":true,"valueName":"search_term_string"}}],"inLanguage":"fr-FR"},{"@type":"Organization","@id":"https:\/\/www.supeinnihonto.com\/fr\/#organization","name":"SupeinNihonto","url":"https:\/\/www.supeinnihonto.com\/fr\/","logo":{"@type":"ImageObject","inLanguage":"fr-FR","@id":"https:\/\/www.supeinnihonto.com\/fr\/#\/schema\/logo\/image\/","url":"https:\/\/www.supeinnihonto.com\/wp-content\/uploads\/2021\/11\/animation_Default_3szk0jcenoloop.gif","contentUrl":"https:\/\/www.supeinnihonto.com\/wp-content\/uploads\/2021\/11\/animation_Default_3szk0jcenoloop.gif","width":750,"height":641,"caption":"SupeinNihonto"},"image":{"@id":"https:\/\/www.supeinnihonto.com\/fr\/#\/schema\/logo\/image\/"}}]}},"jetpack-related-posts":[{"id":14795,"url":"https:\/\/www.supeinnihonto.com\/fr\/produit\/tsuba-marugata-en-fer-a-decor-de-boeuf\/","url_meta":{"origin":14820,"position":0},"title":"Tsuba marugata en fer \u00e0 d\u00e9cor de b\u0153uf","author":"Supein Nihonto","date":"8 de mai de 2024","format":false,"excerpt":"OBJET : Livr\u00e9 avec certificat de SupeinNihonto. Tsuba marugata en fer \u00e0 d\u00e9cor de b\u0153uf. Magnifique tsuba de forme inhabituelle (kawari), sign\u00e9e, r\u00e9alis\u00e9e en fer, repr\u00e9sentant deux b\u0153ufs formant un cercle. Le shogun et unificateur du Japon Tokugawa Ieyasu poss\u00e9dait l\u2019une de ces tsuba sur l\u2019un de ses sabres. Nombreux\u2026","rel":"","context":"Article similaire","block_context":{"text":"Article similaire","link":""},"img":{"alt_text":"Marugata Iron ox tsuba","src":"https:\/\/i0.wp.com\/www.supeinnihonto.com\/wp-content\/uploads\/2024\/05\/DSC_3555-scaled.jpg?fit=1200%2C800&ssl=1&resize=350%2C200","width":350,"height":200,"srcset":"https:\/\/i0.wp.com\/www.supeinnihonto.com\/wp-content\/uploads\/2024\/05\/DSC_3555-scaled.jpg?fit=1200%2C800&ssl=1&resize=350%2C200 1x, https:\/\/i0.wp.com\/www.supeinnihonto.com\/wp-content\/uploads\/2024\/05\/DSC_3555-scaled.jpg?fit=1200%2C800&ssl=1&resize=525%2C300 1.5x, https:\/\/i0.wp.com\/www.supeinnihonto.com\/wp-content\/uploads\/2024\/05\/DSC_3555-scaled.jpg?fit=1200%2C800&ssl=1&resize=700%2C400 2x, https:\/\/i0.wp.com\/www.supeinnihonto.com\/wp-content\/uploads\/2024\/05\/DSC_3555-scaled.jpg?fit=1200%2C800&ssl=1&resize=1050%2C600 3x"},"classes":[]},{"id":14723,"url":"https:\/\/www.supeinnihonto.com\/fr\/produit\/tsuba-marugata-en-fer-au-tigre\/","url_meta":{"origin":14820,"position":1},"title":"Tsuba marugata en fer au tigre","author":"Supein Nihonto","date":"8 de mai de 2024","format":false,"excerpt":"OBJET : Livr\u00e9 avec certificat de SupeinNihonto. Tsuba marugata en fer au tigre. Belle pi\u00e8ce avec un tigre incrust\u00e9, des sennins et du bambou. Pr\u00e9sence de diff\u00e9rentes incrustations en or et en cuivre. Belle patine ancienne. D\u00e9but \u2013 milieu de la p\u00e9riode Edo. 7,3 x 6,6 cm \u00c0 PROPOS DE\u2026","rel":"","context":"Article similaire","block_context":{"text":"Article similaire","link":""},"img":{"alt_text":"Marugata iron tiger tsuba","src":"https:\/\/i0.wp.com\/www.supeinnihonto.com\/wp-content\/uploads\/2024\/05\/DSC_3499-scaled.jpg?fit=1200%2C800&ssl=1&resize=350%2C200","width":350,"height":200,"srcset":"https:\/\/i0.wp.com\/www.supeinnihonto.com\/wp-content\/uploads\/2024\/05\/DSC_3499-scaled.jpg?fit=1200%2C800&ssl=1&resize=350%2C200 1x, https:\/\/i0.wp.com\/www.supeinnihonto.com\/wp-content\/uploads\/2024\/05\/DSC_3499-scaled.jpg?fit=1200%2C800&ssl=1&resize=525%2C300 1.5x, https:\/\/i0.wp.com\/www.supeinnihonto.com\/wp-content\/uploads\/2024\/05\/DSC_3499-scaled.jpg?fit=1200%2C800&ssl=1&resize=700%2C400 2x, https:\/\/i0.wp.com\/www.supeinnihonto.com\/wp-content\/uploads\/2024\/05\/DSC_3499-scaled.jpg?fit=1200%2C800&ssl=1&resize=1050%2C600 3x"},"classes":[]},{"id":11193,"url":"https:\/\/www.supeinnihonto.com\/fr\/produit\/gusoku-wood-do\/","url_meta":{"origin":14820,"position":2},"title":"Gusoku Noir","author":"Eric Majo","date":"16 de ao\u00fbt de 2025","format":false,"excerpt":"\u00c0 propos de nous : Nos photographies sont prises sans retouche ni photoshop afin de garantir que le client puisse juger de la r\u00e9alit\u00e9 de l\u2019objet. Gr\u00e2ce \u00e0 un travail constant directement avec les meilleurs collectionneurs, mus\u00e9es et galeries au Japon et \u00e0 notre amiti\u00e9 avec eux, ainsi qu\u2019\u00e0 une\u2026","rel":"","context":"Article similaire","block_context":{"text":"Article similaire","link":""},"img":{"alt_text":"","src":"https:\/\/i0.wp.com\/www.supeinnihonto.com\/wp-content\/uploads\/2025\/07\/DSC_0354-scaled.jpg?fit=800%2C1200&ssl=1&resize=350%2C200","width":350,"height":200,"srcset":"https:\/\/i0.wp.com\/www.supeinnihonto.com\/wp-content\/uploads\/2025\/07\/DSC_0354-scaled.jpg?fit=800%2C1200&ssl=1&resize=350%2C200 1x, https:\/\/i0.wp.com\/www.supeinnihonto.com\/wp-content\/uploads\/2025\/07\/DSC_0354-scaled.jpg?fit=800%2C1200&ssl=1&resize=525%2C300 1.5x, https:\/\/i0.wp.com\/www.supeinnihonto.com\/wp-content\/uploads\/2025\/07\/DSC_0354-scaled.jpg?fit=800%2C1200&ssl=1&resize=700%2C400 2x"},"classes":[]},{"id":45497,"url":"https:\/\/www.supeinnihonto.com\/fr\/produit\/gusoku-gunbai-mon-2\/","url_meta":{"origin":14820,"position":3},"title":"Gusoku Gunbai Mon","author":"Eric Majo","date":"3 de mars de 2026","format":false,"excerpt":"\u00c0 propos de nous : Nos photographies sont r\u00e9alis\u00e9es sans retouche ni Photoshop afin de permettre au client de juger de la r\u00e9alit\u00e9 de l\u2019objet. Gr\u00e2ce \u00e0 un travail constant men\u00e9 directement avec les meilleurs collectionneurs, mus\u00e9es et galeries au Japon, ainsi qu\u2019aux relations d\u2019amiti\u00e9 que nous entretenons avec eux,\u2026","rel":"","context":"Article similaire","block_context":{"text":"Article similaire","link":""},"img":{"alt_text":"Samurai armor Myochin yoroi gusoku zu verkaufen \/ Samurai armor yoroi gusoku kaufen Myochin","src":"https:\/\/i0.wp.com\/www.supeinnihonto.com\/wp-content\/uploads\/2026\/03\/GEO1561-scaled.jpg?fit=1200%2C799&ssl=1&resize=350%2C200","width":350,"height":200,"srcset":"https:\/\/i0.wp.com\/www.supeinnihonto.com\/wp-content\/uploads\/2026\/03\/GEO1561-scaled.jpg?fit=1200%2C799&ssl=1&resize=350%2C200 1x, https:\/\/i0.wp.com\/www.supeinnihonto.com\/wp-content\/uploads\/2026\/03\/GEO1561-scaled.jpg?fit=1200%2C799&ssl=1&resize=525%2C300 1.5x, https:\/\/i0.wp.com\/www.supeinnihonto.com\/wp-content\/uploads\/2026\/03\/GEO1561-scaled.jpg?fit=1200%2C799&ssl=1&resize=700%2C400 2x, https:\/\/i0.wp.com\/www.supeinnihonto.com\/wp-content\/uploads\/2026\/03\/GEO1561-scaled.jpg?fit=1200%2C799&ssl=1&resize=1050%2C600 3x"},"classes":[]},{"id":49226,"url":"https:\/\/www.supeinnihonto.com\/fr\/produit\/gusoku-gunbai-mon-copy\/","url_meta":{"origin":14820,"position":4},"title":"Gusoku Gunbai Mon (Copy)","author":"Eric Majo","date":"11 de mars de 2026","format":false,"excerpt":"\u00c0 propos de nous : Nos photographies sont r\u00e9alis\u00e9es sans retouche ni Photoshop afin de permettre au client de juger de la r\u00e9alit\u00e9 de l\u2019objet. Gr\u00e2ce \u00e0 un travail constant men\u00e9 directement avec les meilleurs collectionneurs, mus\u00e9es et galeries au Japon, ainsi qu\u2019aux relations d\u2019amiti\u00e9 que nous entretenons avec eux,\u2026","rel":"","context":"Article similaire","block_context":{"text":"Article similaire","link":""},"img":{"alt_text":"Samurai armor yoroi gusoku for sale \/ Samurai armor yoroi gusoku a katana Samurai armor yoroi gusoku zu verkaufen \/ Samurai armor yoroi gusoku kaufen Samurai armor yoroi gusoku in vendita \/ Acquistare Samurai armor yoroi gusoku Samurai armor yoroi gusoku \u00e0 venda \/ Comprar Samurai armor yoroi gusoku Samurai armor yoroi gusoku \u00e0 vendre \/ Acheter un Samurai armor yoroi gusoku Samurai armor yoroi gusoku te koop \/ Samurai armor yoroi gusoku katana kopen Samurai armor yoroi gusoku na predaj \/ K\u00fapi\u0165 Samurai armor yoroi gusoku Samurai armor yoroi gusoku za prodajo \/ Kupite Samurai armor yoroi gusoku Samurai armor yoroi gusoku zum Verkaf \/ Kaaft eng Samurai armor yoroi gusoku Samurai armor yoroi gusoku na sprzeda\u017c \/ Kup Samurai armor yoroi gusoku Kabuto samurai helmet","src":"https:\/\/i0.wp.com\/www.supeinnihonto.com\/wp-content\/uploads\/2026\/03\/GEO1918-scaled.jpg?fit=1200%2C799&ssl=1&resize=350%2C200","width":350,"height":200,"srcset":"https:\/\/i0.wp.com\/www.supeinnihonto.com\/wp-content\/uploads\/2026\/03\/GEO1918-scaled.jpg?fit=1200%2C799&ssl=1&resize=350%2C200 1x, https:\/\/i0.wp.com\/www.supeinnihonto.com\/wp-content\/uploads\/2026\/03\/GEO1918-scaled.jpg?fit=1200%2C799&ssl=1&resize=525%2C300 1.5x, https:\/\/i0.wp.com\/www.supeinnihonto.com\/wp-content\/uploads\/2026\/03\/GEO1918-scaled.jpg?fit=1200%2C799&ssl=1&resize=700%2C400 2x, https:\/\/i0.wp.com\/www.supeinnihonto.com\/wp-content\/uploads\/2026\/03\/GEO1918-scaled.jpg?fit=1200%2C799&ssl=1&resize=1050%2C600 3x"},"classes":[]},{"id":45443,"url":"https:\/\/www.supeinnihonto.com\/fr\/produit\/gusoku-gunbai-mon-3\/","url_meta":{"origin":14820,"position":5},"title":"Gusoku Gunbai Mon","author":"Eric Majo","date":"3 de mars de 2026","format":false,"excerpt":"\u00c0 propos de nous : Nos photographies sont r\u00e9alis\u00e9es sans retouche ni Photoshop afin de permettre au client de juger de la r\u00e9alit\u00e9 de l\u2019objet. Gr\u00e2ce \u00e0 un travail constant men\u00e9 directement avec les meilleurs collectionneurs, mus\u00e9es et galeries au Japon, ainsi qu\u2019aux relations d\u2019amiti\u00e9 que nous entretenons avec eux,\u2026","rel":"","context":"Article similaire","block_context":{"text":"Article similaire","link":""},"img":{"alt_text":"Samurai armor yoroi gusoku zu verkaufen \/ Samurai armor yoroi gusoku kaufen","src":"https:\/\/i0.wp.com\/www.supeinnihonto.com\/wp-content\/uploads\/2026\/03\/GEO1528-scaled.jpg?fit=1200%2C799&ssl=1&resize=350%2C200","width":350,"height":200,"srcset":"https:\/\/i0.wp.com\/www.supeinnihonto.com\/wp-content\/uploads\/2026\/03\/GEO1528-scaled.jpg?fit=1200%2C799&ssl=1&resize=350%2C200 1x, https:\/\/i0.wp.com\/www.supeinnihonto.com\/wp-content\/uploads\/2026\/03\/GEO1528-scaled.jpg?fit=1200%2C799&ssl=1&resize=525%2C300 1.5x, https:\/\/i0.wp.com\/www.supeinnihonto.com\/wp-content\/uploads\/2026\/03\/GEO1528-scaled.jpg?fit=1200%2C799&ssl=1&resize=700%2C400 2x, https:\/\/i0.wp.com\/www.supeinnihonto.com\/wp-content\/uploads\/2026\/03\/GEO1528-scaled.jpg?fit=1200%2C799&ssl=1&resize=1050%2C600 3x"},"classes":[]}],"jetpack_sharing_enabled":true,"_links":{"self":[{"href":"https:\/\/www.supeinnihonto.com\/fr\/wp-json\/wp\/v2\/product\/14820","targetHints":{"allow":["GET"]}}],"collection":[{"href":"https:\/\/www.supeinnihonto.com\/fr\/wp-json\/wp\/v2\/product"}],"about":[{"href":"https:\/\/www.supeinnihonto.com\/fr\/wp-json\/wp\/v2\/types\/product"}],"wp:featuredmedia":[{"embeddable":true,"href":"https:\/\/www.supeinnihonto.com\/fr\/wp-json\/wp\/v2\/media\/14822"}],"wp:attachment":[{"href":"https:\/\/www.supeinnihonto.com\/fr\/wp-json\/wp\/v2\/media?parent=14820"}],"wp:term":[{"taxonomy":"product_brand","embeddable":true,"href":"https:\/\/www.supeinnihonto.com\/fr\/wp-json\/wp\/v2\/product_brand?post=14820"},{"taxonomy":"product_cat","embeddable":true,"href":"https:\/\/www.supeinnihonto.com\/fr\/wp-json\/wp\/v2\/product_cat?post=14820"},{"taxonomy":"product_tag","embeddable":true,"href":"https:\/\/www.supeinnihonto.com\/fr\/wp-json\/wp\/v2\/product_tag?post=14820"}],"curies":[{"name":"wp","href":"https:\/\/api.w.org\/{rel}","templated":true}]}}