{"id":14795,"date":"2024-05-08T18:29:01","date_gmt":"2024-05-08T18:29:01","guid":{"rendered":"https:\/\/www.supeinnihonto.com\/product\/marugata-iron-ox-tsuba\/"},"modified":"2026-01-02T11:20:39","modified_gmt":"2026-01-02T11:20:39","slug":"tsuba-marugata-en-fer-a-decor-de-boeuf","status":"publish","type":"product","link":"https:\/\/www.supeinnihonto.com\/fr\/produit\/tsuba-marugata-en-fer-a-decor-de-boeuf\/","title":{"rendered":"Tsuba marugata en fer \u00e0 d\u00e9cor de b\u0153uf"},"content":{"rendered":"<p><span>OBJET :<\/span><\/p>\n<p><span>Livr\u00e9 avec certificat de SupeinNihonto.<\/span><\/p>\n<p>Tsuba marugata en fer \u00e0 d\u00e9cor de b\u0153uf. Magnifique tsuba de forme inhabituelle (kawari), sign\u00e9e, r\u00e9alis\u00e9e en fer, repr\u00e9sentant deux b\u0153ufs formant un cercle. Le shogun et unificateur du Japon Tokugawa Ieyasu poss\u00e9dait l\u2019une de ces tsuba sur l\u2019un de ses sabres. Nombreux d\u00e9tails. La sculpture et le travail ajour\u00e9 sont exceptionnellement bien r\u00e9alis\u00e9s. Fin de la p\u00e9riode Muromachi ou d\u00e9but de la p\u00e9riode Edo.<\/p>\n<p>8,0 x 8,0 cm<\/p>\n<p><span>\u00c0 PROPOS DE NOUS :<\/span><\/p>\n<p><span>Chez Supein Nihonto, nous nous effor\u00e7ons de vous proposer des sabres et armures de samoura\u00ef de haute qualit\u00e9 \u00e0 des prix bien inf\u00e9rieurs \u00e0 ceux de la concurrence. Nous sommes probablement le plus grand exportateur d\u2019Europe et nous sommes fiers d\u2019annoncer que nous sommes le num\u00e9ro un, TOP SELLER, sur Catawiki dans les ventes Samurai et Japonaises. Ceci est particuli\u00e8rement important pour \u00e9conomiser sur les taxes et les d\u00e9lais d\u2019attente qui peuvent d\u00e9passer quatre mois avec les vendeurs japonais, ainsi que les complications li\u00e9es \u00e0 des proc\u00e9dures longues et parfois probl\u00e9matiques qui prolongent encore les livraisons, allant jusqu\u2019au retour du colis \u00e0 l\u2019origine, et plus de 35 % de co\u00fbts suppl\u00e9mentaires sur le prix final dus aux douanes, droits et frais, qui augmentent le prix mais non la qualit\u00e9 ni la valeur de revente future. Nous sommes \u00e9galement des vendeurs professionnels et, par cons\u00e9quent, notre garantie de satisfaction, nos connaissances et nos standards sont sup\u00e9rieurs \u00e0 ceux des vendeurs priv\u00e9s, avec de meilleures garanties apr\u00e8s-vente. Gr\u00e2ce \u00e0 cela, \u00e0 nos prix professionnels parmi les plus bas du secteur et \u00e0 notre m\u00e9thode d\u2019exp\u00e9dition rapide et efficace, qui d\u00e9passe rarement trois jours de livraison en Europe, nous sommes convaincus que vous appr\u00e9cierez cette excellente opportunit\u00e9 de poss\u00e9der une \u0153uvre d\u2019art qui prendra de la valeur au fil des ann\u00e9es et constituera un excellent investissement. Faites-nous confiance pour appr\u00e9cier l\u2019art du samoura\u00ef.<\/span><\/p>\n","protected":false},"excerpt":{"rendered":"<p>OBJET : Livr\u00e9 avec certificat de SupeinNihonto. Tsuba marugata en fer \u00e0 d\u00e9cor de b\u0153uf. Magnifique tsuba de forme inhabituelle (kawari), sign\u00e9e, r\u00e9alis\u00e9e en fer, repr\u00e9sentant deux b\u0153ufs formant un cercle. Le shogun et unificateur du Japon Tokugawa Ieyasu poss\u00e9dait l\u2019une de ces tsuba sur l\u2019un de ses sabres. Nombreux [&hellip;]<\/p>\n","protected":false},"featured_media":14796,"template":"","meta":{"jetpack_post_was_ever_published":false},"product_brand":[],"product_cat":[552,556],"product_tag":[],"class_list":{"0":"post-14795","1":"product","2":"type-product","3":"status-publish","4":"has-post-thumbnail","6":"product_cat-tosogu","7":"product_cat-tsuba","8":"product_shipping_class-light","10":"first","11":"instock","12":"featured","13":"sold-individually","14":"shipping-taxable","15":"purchasable","16":"product-type-simple"},"yoast_head":"<!-- This site is optimized with the Yoast SEO plugin v27.4 - https:\/\/yoast.com\/product\/yoast-seo-wordpress\/ -->\n<title>Tsuba marugata en fer \u00e0 d\u00e9cor de b\u0153uf - Supein Nihonto<\/title>\n<meta name=\"description\" content=\"Tsuba marugata en fer repr\u00e9sentant des coqs, une garde pr\u00e9cieuse et inhabituelle (kawari), avec deux coqs entourant un d\u00e9cor finement d\u00e9taill\u00e9.\" \/>\n<meta name=\"robots\" content=\"index, follow, max-snippet:-1, max-image-preview:large, max-video-preview:-1\" \/>\n<link rel=\"canonical\" href=\"https:\/\/www.supeinnihonto.com\/fr\/produit\/tsuba-marugata-en-fer-a-decor-de-boeuf\/\" \/>\n<meta property=\"og:locale\" content=\"fr_FR\" \/>\n<meta property=\"og:type\" content=\"article\" \/>\n<meta property=\"og:title\" content=\"Tsuba marugata en fer \u00e0 d\u00e9cor de b\u0153uf - Supein Nihonto\" \/>\n<meta property=\"og:description\" content=\"Tsuba marugata en fer repr\u00e9sentant des coqs, une garde pr\u00e9cieuse et inhabituelle (kawari), avec deux coqs entourant un d\u00e9cor finement d\u00e9taill\u00e9.\" \/>\n<meta property=\"og:url\" content=\"https:\/\/www.supeinnihonto.com\/fr\/produit\/tsuba-marugata-en-fer-a-decor-de-boeuf\/\" \/>\n<meta property=\"og:site_name\" content=\"Supein Nihonto\" \/>\n<meta property=\"article:modified_time\" content=\"2026-01-02T11:20:39+00:00\" \/>\n<meta property=\"og:image\" content=\"https:\/\/www.supeinnihonto.com\/wp-content\/uploads\/2024\/05\/DSC_3555-scaled.jpg\" \/>\n\t<meta property=\"og:image:width\" content=\"2560\" \/>\n\t<meta property=\"og:image:height\" content=\"1707\" \/>\n\t<meta property=\"og:image:type\" content=\"image\/jpeg\" \/>\n<meta name=\"twitter:card\" content=\"summary_large_image\" \/>\n<meta name=\"twitter:label1\" content=\"Dur\u00e9e de lecture estim\u00e9e\" \/>\n\t<meta name=\"twitter:data1\" content=\"2 minutes\" \/>\n<script type=\"application\/ld+json\" class=\"yoast-schema-graph\">{\"@context\":\"https:\\\/\\\/schema.org\",\"@graph\":[{\"@type\":\"WebPage\",\"@id\":\"https:\\\/\\\/www.supeinnihonto.com\\\/fr\\\/produit\\\/tsuba-marugata-en-fer-a-decor-de-boeuf\\\/\",\"url\":\"https:\\\/\\\/www.supeinnihonto.com\\\/fr\\\/produit\\\/tsuba-marugata-en-fer-a-decor-de-boeuf\\\/\",\"name\":\"Tsuba marugata en fer \u00e0 d\u00e9cor de b\u0153uf - Supein Nihonto\",\"isPartOf\":{\"@id\":\"https:\\\/\\\/www.supeinnihonto.com\\\/fr\\\/#website\"},\"primaryImageOfPage\":{\"@id\":\"https:\\\/\\\/www.supeinnihonto.com\\\/fr\\\/produit\\\/tsuba-marugata-en-fer-a-decor-de-boeuf\\\/#primaryimage\"},\"image\":{\"@id\":\"https:\\\/\\\/www.supeinnihonto.com\\\/fr\\\/produit\\\/tsuba-marugata-en-fer-a-decor-de-boeuf\\\/#primaryimage\"},\"thumbnailUrl\":\"https:\\\/\\\/i0.wp.com\\\/www.supeinnihonto.com\\\/wp-content\\\/uploads\\\/2024\\\/05\\\/DSC_3555-scaled.jpg?fit=2560%2C1707&ssl=1\",\"datePublished\":\"2024-05-08T18:29:01+00:00\",\"dateModified\":\"2026-01-02T11:20:39+00:00\",\"description\":\"Tsuba marugata en fer repr\u00e9sentant des coqs, une garde pr\u00e9cieuse et inhabituelle (kawari), avec deux coqs entourant un d\u00e9cor finement d\u00e9taill\u00e9.\",\"breadcrumb\":{\"@id\":\"https:\\\/\\\/www.supeinnihonto.com\\\/fr\\\/produit\\\/tsuba-marugata-en-fer-a-decor-de-boeuf\\\/#breadcrumb\"},\"inLanguage\":\"fr-FR\",\"potentialAction\":[{\"@type\":\"ReadAction\",\"target\":[\"https:\\\/\\\/www.supeinnihonto.com\\\/fr\\\/produit\\\/tsuba-marugata-en-fer-a-decor-de-boeuf\\\/\"]}]},{\"@type\":\"ImageObject\",\"inLanguage\":\"fr-FR\",\"@id\":\"https:\\\/\\\/www.supeinnihonto.com\\\/fr\\\/produit\\\/tsuba-marugata-en-fer-a-decor-de-boeuf\\\/#primaryimage\",\"url\":\"https:\\\/\\\/i0.wp.com\\\/www.supeinnihonto.com\\\/wp-content\\\/uploads\\\/2024\\\/05\\\/DSC_3555-scaled.jpg?fit=2560%2C1707&ssl=1\",\"contentUrl\":\"https:\\\/\\\/i0.wp.com\\\/www.supeinnihonto.com\\\/wp-content\\\/uploads\\\/2024\\\/05\\\/DSC_3555-scaled.jpg?fit=2560%2C1707&ssl=1\",\"width\":2560,\"height\":1707,\"caption\":\"Marugata Iron ox tsuba\"},{\"@type\":\"BreadcrumbList\",\"@id\":\"https:\\\/\\\/www.supeinnihonto.com\\\/fr\\\/produit\\\/tsuba-marugata-en-fer-a-decor-de-boeuf\\\/#breadcrumb\",\"itemListElement\":[{\"@type\":\"ListItem\",\"position\":1,\"name\":\"Portada\",\"item\":\"https:\\\/\\\/www.supeinnihonto.com\\\/fr\\\/\"},{\"@type\":\"ListItem\",\"position\":2,\"name\":\"Shop\",\"item\":\"https:\\\/\\\/www.supeinnihonto.com\\\/fr\\\/shop\\\/\"},{\"@type\":\"ListItem\",\"position\":3,\"name\":\"Tsuba marugata en fer \u00e0 d\u00e9cor de b\u0153uf\"}]},{\"@type\":\"WebSite\",\"@id\":\"https:\\\/\\\/www.supeinnihonto.com\\\/fr\\\/#website\",\"url\":\"https:\\\/\\\/www.supeinnihonto.com\\\/fr\\\/\",\"name\":\"Supein Nihonto\",\"description\":\"Authentic japanese Nihonto katana \",\"publisher\":{\"@id\":\"https:\\\/\\\/www.supeinnihonto.com\\\/fr\\\/#organization\"},\"potentialAction\":[{\"@type\":\"SearchAction\",\"target\":{\"@type\":\"EntryPoint\",\"urlTemplate\":\"https:\\\/\\\/www.supeinnihonto.com\\\/fr\\\/?s={search_term_string}\"},\"query-input\":{\"@type\":\"PropertyValueSpecification\",\"valueRequired\":true,\"valueName\":\"search_term_string\"}}],\"inLanguage\":\"fr-FR\"},{\"@type\":\"Organization\",\"@id\":\"https:\\\/\\\/www.supeinnihonto.com\\\/fr\\\/#organization\",\"name\":\"SupeinNihonto\",\"url\":\"https:\\\/\\\/www.supeinnihonto.com\\\/fr\\\/\",\"logo\":{\"@type\":\"ImageObject\",\"inLanguage\":\"fr-FR\",\"@id\":\"https:\\\/\\\/www.supeinnihonto.com\\\/fr\\\/#\\\/schema\\\/logo\\\/image\\\/\",\"url\":\"https:\\\/\\\/www.supeinnihonto.com\\\/wp-content\\\/uploads\\\/2021\\\/11\\\/animation_Default_3szk0jcenoloop.gif\",\"contentUrl\":\"https:\\\/\\\/www.supeinnihonto.com\\\/wp-content\\\/uploads\\\/2021\\\/11\\\/animation_Default_3szk0jcenoloop.gif\",\"width\":750,\"height\":641,\"caption\":\"SupeinNihonto\"},\"image\":{\"@id\":\"https:\\\/\\\/www.supeinnihonto.com\\\/fr\\\/#\\\/schema\\\/logo\\\/image\\\/\"}}]}<\/script>\n<!-- \/ Yoast SEO plugin. -->","yoast_head_json":{"title":"Tsuba marugata en fer \u00e0 d\u00e9cor de b\u0153uf - Supein Nihonto","description":"Tsuba marugata en fer repr\u00e9sentant des coqs, une garde pr\u00e9cieuse et inhabituelle (kawari), avec deux coqs entourant un d\u00e9cor finement d\u00e9taill\u00e9.","robots":{"index":"index","follow":"follow","max-snippet":"max-snippet:-1","max-image-preview":"max-image-preview:large","max-video-preview":"max-video-preview:-1"},"canonical":"https:\/\/www.supeinnihonto.com\/fr\/produit\/tsuba-marugata-en-fer-a-decor-de-boeuf\/","og_locale":"fr_FR","og_type":"article","og_title":"Tsuba marugata en fer \u00e0 d\u00e9cor de b\u0153uf - Supein Nihonto","og_description":"Tsuba marugata en fer repr\u00e9sentant des coqs, une garde pr\u00e9cieuse et inhabituelle (kawari), avec deux coqs entourant un d\u00e9cor finement d\u00e9taill\u00e9.","og_url":"https:\/\/www.supeinnihonto.com\/fr\/produit\/tsuba-marugata-en-fer-a-decor-de-boeuf\/","og_site_name":"Supein Nihonto","article_modified_time":"2026-01-02T11:20:39+00:00","og_image":[{"width":2560,"height":1707,"url":"https:\/\/www.supeinnihonto.com\/wp-content\/uploads\/2024\/05\/DSC_3555-scaled.jpg","type":"image\/jpeg"}],"twitter_card":"summary_large_image","twitter_misc":{"Dur\u00e9e de lecture estim\u00e9e":"2 minutes"},"schema":{"@context":"https:\/\/schema.org","@graph":[{"@type":"WebPage","@id":"https:\/\/www.supeinnihonto.com\/fr\/produit\/tsuba-marugata-en-fer-a-decor-de-boeuf\/","url":"https:\/\/www.supeinnihonto.com\/fr\/produit\/tsuba-marugata-en-fer-a-decor-de-boeuf\/","name":"Tsuba marugata en fer \u00e0 d\u00e9cor de b\u0153uf - Supein Nihonto","isPartOf":{"@id":"https:\/\/www.supeinnihonto.com\/fr\/#website"},"primaryImageOfPage":{"@id":"https:\/\/www.supeinnihonto.com\/fr\/produit\/tsuba-marugata-en-fer-a-decor-de-boeuf\/#primaryimage"},"image":{"@id":"https:\/\/www.supeinnihonto.com\/fr\/produit\/tsuba-marugata-en-fer-a-decor-de-boeuf\/#primaryimage"},"thumbnailUrl":"https:\/\/i0.wp.com\/www.supeinnihonto.com\/wp-content\/uploads\/2024\/05\/DSC_3555-scaled.jpg?fit=2560%2C1707&ssl=1","datePublished":"2024-05-08T18:29:01+00:00","dateModified":"2026-01-02T11:20:39+00:00","description":"Tsuba marugata en fer repr\u00e9sentant des coqs, une garde pr\u00e9cieuse et inhabituelle (kawari), avec deux coqs entourant un d\u00e9cor finement d\u00e9taill\u00e9.","breadcrumb":{"@id":"https:\/\/www.supeinnihonto.com\/fr\/produit\/tsuba-marugata-en-fer-a-decor-de-boeuf\/#breadcrumb"},"inLanguage":"fr-FR","potentialAction":[{"@type":"ReadAction","target":["https:\/\/www.supeinnihonto.com\/fr\/produit\/tsuba-marugata-en-fer-a-decor-de-boeuf\/"]}]},{"@type":"ImageObject","inLanguage":"fr-FR","@id":"https:\/\/www.supeinnihonto.com\/fr\/produit\/tsuba-marugata-en-fer-a-decor-de-boeuf\/#primaryimage","url":"https:\/\/i0.wp.com\/www.supeinnihonto.com\/wp-content\/uploads\/2024\/05\/DSC_3555-scaled.jpg?fit=2560%2C1707&ssl=1","contentUrl":"https:\/\/i0.wp.com\/www.supeinnihonto.com\/wp-content\/uploads\/2024\/05\/DSC_3555-scaled.jpg?fit=2560%2C1707&ssl=1","width":2560,"height":1707,"caption":"Marugata Iron ox tsuba"},{"@type":"BreadcrumbList","@id":"https:\/\/www.supeinnihonto.com\/fr\/produit\/tsuba-marugata-en-fer-a-decor-de-boeuf\/#breadcrumb","itemListElement":[{"@type":"ListItem","position":1,"name":"Portada","item":"https:\/\/www.supeinnihonto.com\/fr\/"},{"@type":"ListItem","position":2,"name":"Shop","item":"https:\/\/www.supeinnihonto.com\/fr\/shop\/"},{"@type":"ListItem","position":3,"name":"Tsuba marugata en fer \u00e0 d\u00e9cor de b\u0153uf"}]},{"@type":"WebSite","@id":"https:\/\/www.supeinnihonto.com\/fr\/#website","url":"https:\/\/www.supeinnihonto.com\/fr\/","name":"Supein Nihonto","description":"Authentic japanese Nihonto katana ","publisher":{"@id":"https:\/\/www.supeinnihonto.com\/fr\/#organization"},"potentialAction":[{"@type":"SearchAction","target":{"@type":"EntryPoint","urlTemplate":"https:\/\/www.supeinnihonto.com\/fr\/?s={search_term_string}"},"query-input":{"@type":"PropertyValueSpecification","valueRequired":true,"valueName":"search_term_string"}}],"inLanguage":"fr-FR"},{"@type":"Organization","@id":"https:\/\/www.supeinnihonto.com\/fr\/#organization","name":"SupeinNihonto","url":"https:\/\/www.supeinnihonto.com\/fr\/","logo":{"@type":"ImageObject","inLanguage":"fr-FR","@id":"https:\/\/www.supeinnihonto.com\/fr\/#\/schema\/logo\/image\/","url":"https:\/\/www.supeinnihonto.com\/wp-content\/uploads\/2021\/11\/animation_Default_3szk0jcenoloop.gif","contentUrl":"https:\/\/www.supeinnihonto.com\/wp-content\/uploads\/2021\/11\/animation_Default_3szk0jcenoloop.gif","width":750,"height":641,"caption":"SupeinNihonto"},"image":{"@id":"https:\/\/www.supeinnihonto.com\/fr\/#\/schema\/logo\/image\/"}}]}},"jetpack-related-posts":[{"id":14723,"url":"https:\/\/www.supeinnihonto.com\/fr\/produit\/tsuba-marugata-en-fer-au-tigre\/","url_meta":{"origin":14795,"position":0},"title":"Tsuba marugata en fer au tigre","author":"Supein Nihonto","date":"8 de mai de 2024","format":false,"excerpt":"OBJET : Livr\u00e9 avec certificat de SupeinNihonto. Tsuba marugata en fer au tigre. Belle pi\u00e8ce avec un tigre incrust\u00e9, des sennins et du bambou. Pr\u00e9sence de diff\u00e9rentes incrustations en or et en cuivre. Belle patine ancienne. D\u00e9but \u2013 milieu de la p\u00e9riode Edo. 7,3 x 6,6 cm \u00c0 PROPOS DE\u2026","rel":"","context":"Article similaire","block_context":{"text":"Article similaire","link":""},"img":{"alt_text":"Marugata iron tiger tsuba","src":"https:\/\/i0.wp.com\/www.supeinnihonto.com\/wp-content\/uploads\/2024\/05\/DSC_3499-scaled.jpg?fit=1200%2C800&ssl=1&resize=350%2C200","width":350,"height":200,"srcset":"https:\/\/i0.wp.com\/www.supeinnihonto.com\/wp-content\/uploads\/2024\/05\/DSC_3499-scaled.jpg?fit=1200%2C800&ssl=1&resize=350%2C200 1x, https:\/\/i0.wp.com\/www.supeinnihonto.com\/wp-content\/uploads\/2024\/05\/DSC_3499-scaled.jpg?fit=1200%2C800&ssl=1&resize=525%2C300 1.5x, https:\/\/i0.wp.com\/www.supeinnihonto.com\/wp-content\/uploads\/2024\/05\/DSC_3499-scaled.jpg?fit=1200%2C800&ssl=1&resize=700%2C400 2x, https:\/\/i0.wp.com\/www.supeinnihonto.com\/wp-content\/uploads\/2024\/05\/DSC_3499-scaled.jpg?fit=1200%2C800&ssl=1&resize=1050%2C600 3x"},"classes":[]},{"id":12398,"url":"https:\/\/www.supeinnihonto.com\/fr\/produit\/tsuba-marugata-en-fer-theme-du-nouvel-an-certifiee-nbthk-hozon\/","url_meta":{"origin":14795,"position":1},"title":"Tsuba marugata en fer, th\u00e8me du Nouvel An, certifi\u00e9e NBTHK Hozon.","author":"Eric Majo","date":"11 de novembre de 2024","format":false,"excerpt":"ARTICLE : Livr\u00e9 avec certificat de Supein Nihonto. Livr\u00e9 avec certificat NBTHK Hozon. Fourni avec une bo\u00eete en bois. Magnifique tsuba sign\u00e9e Unrinsai Naomori, datant du milieu de la p\u00e9riode Edo (vers 1700), repr\u00e9sentant deux hommes en f\u00eate c\u00e9l\u00e9brant le Nouvel An. Superbe tsuba en fer, incrust\u00e9e d\u2019or et d\u2019argent,\u2026","rel":"","context":"Article similaire","block_context":{"text":"Article similaire","link":""},"img":{"alt_text":"Marugata iron tsuba new year NBTHK hozon","src":"https:\/\/i0.wp.com\/www.supeinnihonto.com\/wp-content\/uploads\/2024\/11\/DSC1858-scaled.jpg?fit=1200%2C800&ssl=1&resize=350%2C200","width":350,"height":200,"srcset":"https:\/\/i0.wp.com\/www.supeinnihonto.com\/wp-content\/uploads\/2024\/11\/DSC1858-scaled.jpg?fit=1200%2C800&ssl=1&resize=350%2C200 1x, https:\/\/i0.wp.com\/www.supeinnihonto.com\/wp-content\/uploads\/2024\/11\/DSC1858-scaled.jpg?fit=1200%2C800&ssl=1&resize=525%2C300 1.5x, https:\/\/i0.wp.com\/www.supeinnihonto.com\/wp-content\/uploads\/2024\/11\/DSC1858-scaled.jpg?fit=1200%2C800&ssl=1&resize=700%2C400 2x, https:\/\/i0.wp.com\/www.supeinnihonto.com\/wp-content\/uploads\/2024\/11\/DSC1858-scaled.jpg?fit=1200%2C800&ssl=1&resize=1050%2C600 3x"},"classes":[]},{"id":12382,"url":"https:\/\/www.supeinnihonto.com\/fr\/produit\/marugata-iron-tsuba-deity-nbthk-hozon\/","url_meta":{"origin":14795,"position":2},"title":"Marugata iron tsuba deity NBTHK hozon","author":"Eric Majo","date":"11 de novembre de 2024","format":false,"excerpt":"ARTICLE : Livr\u00e9 avec certificat de Supein Nihonto. Livr\u00e9 avec certificat NBTHK Hozon. Fourni avec une bo\u00eete en bois. Accompagn\u00e9 d\u2019un certificat NBTHK Hozon le cataloguant comme une pi\u00e8ce d\u2019importance artistique particuli\u00e8re. Sign\u00e9 Aizu j\u016b Matsumura Minamoto Shichir\u014d Takamura. Pi\u00e8ce d\u2019une qualit\u00e9 in\u00e9gal\u00e9e, digne des plus grands mus\u00e9es du monde.\u2026","rel":"","context":"Article similaire","block_context":{"text":"Article similaire","link":""},"img":{"alt_text":"Marugata iron tsuba deity NBTHK hozon","src":"https:\/\/i0.wp.com\/www.supeinnihonto.com\/wp-content\/uploads\/2024\/11\/DSC1927-scaled.jpg?fit=1200%2C800&ssl=1&resize=350%2C200","width":350,"height":200,"srcset":"https:\/\/i0.wp.com\/www.supeinnihonto.com\/wp-content\/uploads\/2024\/11\/DSC1927-scaled.jpg?fit=1200%2C800&ssl=1&resize=350%2C200 1x, https:\/\/i0.wp.com\/www.supeinnihonto.com\/wp-content\/uploads\/2024\/11\/DSC1927-scaled.jpg?fit=1200%2C800&ssl=1&resize=525%2C300 1.5x, https:\/\/i0.wp.com\/www.supeinnihonto.com\/wp-content\/uploads\/2024\/11\/DSC1927-scaled.jpg?fit=1200%2C800&ssl=1&resize=700%2C400 2x, https:\/\/i0.wp.com\/www.supeinnihonto.com\/wp-content\/uploads\/2024\/11\/DSC1927-scaled.jpg?fit=1200%2C800&ssl=1&resize=1050%2C600 3x"},"classes":[]},{"id":12422,"url":"https:\/\/www.supeinnihonto.com\/fr\/produit\/tsuba-marugata-en-shakudo-a-decor-folklorique\/","url_meta":{"origin":14795,"position":3},"title":"Tsuba marugata en shakud\u014d \u00e0 d\u00e9cor folklorique.","author":"Eric Majo","date":"11 de novembre de 2024","format":false,"excerpt":"ARTICLE : Livr\u00e9 avec certificat de Supein Nihonto. Magnifique tsuba marugata en shakud\u014d des XVIII\u1d49\u2013XIX\u1d49 si\u00e8cles, pr\u00e9sentant une superbe gravure \u00e0 motif de folklore japonais, avec incrustations d\u2019or, de cuivre et d\u2019argent. Une tr\u00e8s belle pi\u00e8ce. 8,2 \u00d7 7,8 cm \u00c0 PROPOS DE NOUS : Chez Supein Nihonto, nous nous\u2026","rel":"","context":"Article similaire","block_context":{"text":"Article similaire","link":""},"img":{"alt_text":"Marugata shakudo folklore tsuba","src":"https:\/\/i0.wp.com\/www.supeinnihonto.com\/wp-content\/uploads\/2024\/11\/DSC1790-scaled.jpg?fit=1200%2C800&ssl=1&resize=350%2C200","width":350,"height":200,"srcset":"https:\/\/i0.wp.com\/www.supeinnihonto.com\/wp-content\/uploads\/2024\/11\/DSC1790-scaled.jpg?fit=1200%2C800&ssl=1&resize=350%2C200 1x, https:\/\/i0.wp.com\/www.supeinnihonto.com\/wp-content\/uploads\/2024\/11\/DSC1790-scaled.jpg?fit=1200%2C800&ssl=1&resize=525%2C300 1.5x, https:\/\/i0.wp.com\/www.supeinnihonto.com\/wp-content\/uploads\/2024\/11\/DSC1790-scaled.jpg?fit=1200%2C800&ssl=1&resize=700%2C400 2x, https:\/\/i0.wp.com\/www.supeinnihonto.com\/wp-content\/uploads\/2024\/11\/DSC1790-scaled.jpg?fit=1200%2C800&ssl=1&resize=1050%2C600 3x"},"classes":[]},{"id":12342,"url":"https:\/\/www.supeinnihonto.com\/fr\/produit\/marugata-shakudo-samurai\/","url_meta":{"origin":14795,"position":4},"title":"Marugata shakudo tsuba samurai","author":"Eric Majo","date":"12 de novembre de 2024","format":false,"excerpt":"ARTICLE : Livr\u00e9 avec certificat de Supein Nihonto. Fourni avec une bo\u00eete en bois. Sign\u00e9 \u00ab Nara Naoyoshi \u00bb, tsuba marugata en shakud\u014d k\u0101\u014d (alliage d\u2019or et de cuivre). Pi\u00e8ce d\u2019une qualit\u00e9 in\u00e9gal\u00e9e, digne des plus grands mus\u00e9es du monde. Il est ais\u00e9 d\u2019appr\u00e9cier l\u2019exceptionnelle finesse du d\u00e9tail et de\u2026","rel":"","context":"Article similaire","block_context":{"text":"Article similaire","link":""},"img":{"alt_text":"Marugata shakudo tsuba samurai","src":"https:\/\/i0.wp.com\/www.supeinnihonto.com\/wp-content\/uploads\/2024\/11\/DSC1956-scaled.jpg?fit=1200%2C800&ssl=1&resize=350%2C200","width":350,"height":200,"srcset":"https:\/\/i0.wp.com\/www.supeinnihonto.com\/wp-content\/uploads\/2024\/11\/DSC1956-scaled.jpg?fit=1200%2C800&ssl=1&resize=350%2C200 1x, https:\/\/i0.wp.com\/www.supeinnihonto.com\/wp-content\/uploads\/2024\/11\/DSC1956-scaled.jpg?fit=1200%2C800&ssl=1&resize=525%2C300 1.5x, https:\/\/i0.wp.com\/www.supeinnihonto.com\/wp-content\/uploads\/2024\/11\/DSC1956-scaled.jpg?fit=1200%2C800&ssl=1&resize=700%2C400 2x, https:\/\/i0.wp.com\/www.supeinnihonto.com\/wp-content\/uploads\/2024\/11\/DSC1956-scaled.jpg?fit=1200%2C800&ssl=1&resize=1050%2C600 3x"},"classes":[]},{"id":12358,"url":"https:\/\/www.supeinnihonto.com\/fr\/produit\/marugata-bronze-items\/","url_meta":{"origin":14795,"position":5},"title":"Marugata bronze items","author":"Eric Majo","date":"12 de novembre de 2024","format":false,"excerpt":"ARTICLE : Livr\u00e9 avec certificat de Supein Nihonto. Fourni avec une bo\u00eete en bois. Tsuba en bronze avec bordure en argent, d\u00e9cor\u00e9e de motifs culturels du quotidien tels qu\u2019un vase d\u2019ikebana, une th\u00e9i\u00e8re, des vases en bois et des coquillages. Incrustations de bronze, d\u2019argent et d\u2019or. Un travail tr\u00e8s \u00e9labor\u00e9\u2026","rel":"","context":"Article similaire","block_context":{"text":"Article similaire","link":""},"img":{"alt_text":"","src":"https:\/\/i0.wp.com\/www.supeinnihonto.com\/wp-content\/uploads\/2024\/11\/DSC1977-scaled.jpg?fit=1200%2C800&ssl=1&resize=350%2C200","width":350,"height":200,"srcset":"https:\/\/i0.wp.com\/www.supeinnihonto.com\/wp-content\/uploads\/2024\/11\/DSC1977-scaled.jpg?fit=1200%2C800&ssl=1&resize=350%2C200 1x, https:\/\/i0.wp.com\/www.supeinnihonto.com\/wp-content\/uploads\/2024\/11\/DSC1977-scaled.jpg?fit=1200%2C800&ssl=1&resize=525%2C300 1.5x, https:\/\/i0.wp.com\/www.supeinnihonto.com\/wp-content\/uploads\/2024\/11\/DSC1977-scaled.jpg?fit=1200%2C800&ssl=1&resize=700%2C400 2x, https:\/\/i0.wp.com\/www.supeinnihonto.com\/wp-content\/uploads\/2024\/11\/DSC1977-scaled.jpg?fit=1200%2C800&ssl=1&resize=1050%2C600 3x"},"classes":[]}],"jetpack_sharing_enabled":true,"_links":{"self":[{"href":"https:\/\/www.supeinnihonto.com\/fr\/wp-json\/wp\/v2\/product\/14795","targetHints":{"allow":["GET"]}}],"collection":[{"href":"https:\/\/www.supeinnihonto.com\/fr\/wp-json\/wp\/v2\/product"}],"about":[{"href":"https:\/\/www.supeinnihonto.com\/fr\/wp-json\/wp\/v2\/types\/product"}],"wp:featuredmedia":[{"embeddable":true,"href":"https:\/\/www.supeinnihonto.com\/fr\/wp-json\/wp\/v2\/media\/14796"}],"wp:attachment":[{"href":"https:\/\/www.supeinnihonto.com\/fr\/wp-json\/wp\/v2\/media?parent=14795"}],"wp:term":[{"taxonomy":"product_brand","embeddable":true,"href":"https:\/\/www.supeinnihonto.com\/fr\/wp-json\/wp\/v2\/product_brand?post=14795"},{"taxonomy":"product_cat","embeddable":true,"href":"https:\/\/www.supeinnihonto.com\/fr\/wp-json\/wp\/v2\/product_cat?post=14795"},{"taxonomy":"product_tag","embeddable":true,"href":"https:\/\/www.supeinnihonto.com\/fr\/wp-json\/wp\/v2\/product_tag?post=14795"}],"curies":[{"name":"wp","href":"https:\/\/api.w.org\/{rel}","templated":true}]}}