{"id":14683,"date":"2024-05-10T16:42:15","date_gmt":"2024-05-10T16:42:15","guid":{"rendered":"https:\/\/www.supeinnihonto.com\/product\/inro-makie-shibayama-peacock\/"},"modified":"2025-12-27T15:49:03","modified_gmt":"2025-12-27T15:49:03","slug":"inro-en-maki-e-shibayama-au-paon","status":"publish","type":"product","link":"https:\/\/www.supeinnihonto.com\/fr\/produit\/inro-en-maki-e-shibayama-au-paon\/","title":{"rendered":"Inr\u014d en maki-e Shibayama au paon"},"content":{"rendered":"<p><em><strong>Objet : <\/strong><\/em><\/p>\n<p><span>P\u00e9riode Edo ou d\u00e9but de l\u2019\u00e8re Meiji. XIXe si\u00e8cle.<\/span><\/p>\n<p>Inr\u014d en maki-e Shibayama au paon. <span>D\u00e9cor\u00e9 en or <\/span><i>takamaki-e<\/i><span>, repr\u00e9sentant un paon debout, la queue d\u00e9ploy\u00e9e et se prolongeant de l\u2019autre c\u00f4t\u00e9 au-dessus d\u2019une paonne, les \u00ab yeux \u00bb des plumes du m\u00e2le incrust\u00e9s de nacre, l\u2019int\u00e9rieur richement d\u00e9cor\u00e9 en <\/span><i>nashiji<\/i><span>, sign\u00e9 en laque d\u2019or \u00e0 la base <\/span><i>J\u014dsen saku<\/i><span> avec un sceau en forme de <\/span><i>tsubo<\/i><span>,<\/span><span> accompagn\u00e9 d\u2019un <\/span><i>ojime<\/i><span> tubulaire en laiton ajour\u00e9 de gourdes et de rinceaux. <\/span>D\u00e9but de l\u2019\u00e8re Meiji ou fin de la p\u00e9riode Edo. XIXe si\u00e8cle.<\/p>\n<p>7,0 x 5,3 cm<\/p>\n<p><em><strong><span style=\"color: #000000;\">Qu\u2019est-ce qu\u2019un inr\u014d ?<\/span><\/strong><\/em><\/p>\n<p><span style=\"color: #000000;\">Un <i><b>inr\u014d<\/b><\/i> est un \u00e9tui traditionnel japonais destin\u00e9 \u00e0 contenir de petits objets, suspendu \u00e0 l\u2019<span title=\"Japanese-language romanization\"><i lang=\"ja-Latn\"><a href=\"https:\/\/en.wikipedia.org\/wiki\/Obi_(sash)\" title=\"Obi (sash)\" style=\"color: #000000;\">obi<\/a><\/i><\/span> (ceinture) port\u00e9e autour de la taille avec le <a href=\"https:\/\/en.wikipedia.org\/wiki\/Kimono\" title=\"Kimono\" style=\"color: #000000;\">kimono<\/a>. Ils sont souvent richement d\u00e9cor\u00e9s \u00e0 l\u2019aide de divers mat\u00e9riaux tels que la <a href=\"https:\/\/en.wikipedia.org\/wiki\/Lacquer\" title=\"Lacquer\" style=\"color: #000000;\">laque<\/a> et de techniques vari\u00e9es comme le <span title=\"Japanese-language romanization\"><i lang=\"ja-Latn\"><a href=\"https:\/\/en.wikipedia.org\/wiki\/Maki-e\" title=\"Maki-e\" style=\"color: #000000;\">maki-e<\/a><\/i><\/span>, et sont g\u00e9n\u00e9ralement plus d\u00e9coratifs que d\u2019autres <a href=\"https:\/\/en.wikipedia.org\/wiki\/Japanese_lacquerware\" title=\"Japanese lacquerware\" style=\"color: #000000;\">objets en laque japonaise<\/a>.<sup id=\"cite_ref-murata104_1-0\" class=\"reference\"><\/sup><sup id=\"cite_ref-saimitsu79_2-0\" class=\"reference\"><\/sup><\/span><\/p>\n<p><span style=\"color: #000000;\">Comme les v\u00eatements traditionnels japonais ne comportaient pas de poches, les objets \u00e9taient souvent transport\u00e9s suspendus \u00e0 l\u2019<span title=\"Japanese-language romanization\"><i lang=\"ja-Latn\">obi<\/i><\/span> dans des contenants appel\u00e9s <span title=\"Japanese-language romanization\"><i lang=\"ja-Latn\"><a href=\"https:\/\/en.wiktionary.org\/wiki\/sagemono\" class=\"extiw\" title=\"wikt:sagemono\" style=\"color: #000000;\">sagemono<\/a><\/i><\/span>. La plupart des <span title=\"Japanese-language romanization\"><i lang=\"ja-Latn\">sagemono<\/i><\/span> \u00e9taient con\u00e7us pour des usages sp\u00e9cifiques tels que le tabac, les pipes, le pinceau et l\u2019encre, mais le type appel\u00e9 <span title=\"Japanese-language romanization\"><i lang=\"ja-Latn\">inr\u014d<\/i><\/span> convenait au transport de petits objets et fut cr\u00e9\u00e9 durant la <a href=\"https:\/\/en.wikipedia.org\/wiki\/Sengoku_period\" title=\"Sengoku period\" style=\"color: #000000;\">p\u00e9riode Sengoku<\/a> (1467\u20131615) comme sceau d\u2019identit\u00e9 portable et r\u00e9cipient \u00e0 m\u00e9dicaments pour les voyages.<\/span><sup id=\"cite_ref-murata104_1-1\" class=\"reference\"><\/sup><sup id=\"cite_ref-saimitsu79_2-1\" class=\"reference\"><\/sup><\/p>\n","protected":false},"excerpt":{"rendered":"<p>Objet : P\u00e9riode Edo ou d\u00e9but de l\u2019\u00e8re Meiji. XIXe si\u00e8cle. Inr\u014d en maki-e Shibayama au paon. D\u00e9cor\u00e9 en or takamaki-e, repr\u00e9sentant un paon debout, la queue d\u00e9ploy\u00e9e et se prolongeant de l\u2019autre c\u00f4t\u00e9 au-dessus d\u2019une paonne, les \u00ab yeux \u00bb des plumes du m\u00e2le incrust\u00e9s de nacre, l\u2019int\u00e9rieur richement [&hellip;]<\/p>\n","protected":false},"featured_media":14684,"template":"","meta":{"jetpack_post_was_ever_published":false},"product_brand":[],"product_cat":[544],"product_tag":[],"class_list":{"0":"post-14683","1":"product","2":"type-product","3":"status-publish","4":"has-post-thumbnail","6":"product_cat-inro","7":"product_shipping_class-light","9":"first","10":"instock","11":"featured","12":"sold-individually","13":"shipping-taxable","14":"purchasable","15":"product-type-simple"},"yoast_head":"<!-- This site is optimized with the Yoast SEO plugin v27.4 - https:\/\/yoast.com\/product\/yoast-seo-wordpress\/ -->\n<title>Inr\u014d en maki-e Shibayama au paon - Supein Nihonto<\/title>\n<meta name=\"description\" content=\"D\u00e9cor\u00e9 en takamaki-e d\u2019or, repr\u00e9sentant un paon debout, la queue d\u00e9ploy\u00e9e et retombant de l\u2019autre c\u00f4t\u00e9 au-dessus d\u2019une paonne.\" \/>\n<meta name=\"robots\" content=\"index, follow, max-snippet:-1, max-image-preview:large, max-video-preview:-1\" \/>\n<link rel=\"canonical\" href=\"https:\/\/www.supeinnihonto.com\/fr\/produit\/inro-en-maki-e-shibayama-au-paon\/\" \/>\n<meta property=\"og:locale\" content=\"fr_FR\" \/>\n<meta property=\"og:type\" content=\"article\" \/>\n<meta property=\"og:title\" content=\"Inr\u014d en maki-e Shibayama au paon - Supein Nihonto\" \/>\n<meta property=\"og:description\" content=\"D\u00e9cor\u00e9 en takamaki-e d\u2019or, repr\u00e9sentant un paon debout, la queue d\u00e9ploy\u00e9e et retombant de l\u2019autre c\u00f4t\u00e9 au-dessus d\u2019une paonne.\" \/>\n<meta property=\"og:url\" content=\"https:\/\/www.supeinnihonto.com\/fr\/produit\/inro-en-maki-e-shibayama-au-paon\/\" \/>\n<meta property=\"og:site_name\" content=\"Supein Nihonto\" \/>\n<meta property=\"article:modified_time\" content=\"2025-12-27T15:49:03+00:00\" \/>\n<meta property=\"og:image\" content=\"https:\/\/www.supeinnihonto.com\/wp-content\/uploads\/2024\/05\/DSC_3666-scaled.jpg\" \/>\n\t<meta property=\"og:image:width\" content=\"2560\" \/>\n\t<meta property=\"og:image:height\" content=\"1707\" \/>\n\t<meta property=\"og:image:type\" content=\"image\/jpeg\" \/>\n<meta name=\"twitter:card\" content=\"summary_large_image\" \/>\n<meta name=\"twitter:label1\" content=\"Dur\u00e9e de lecture estim\u00e9e\" \/>\n\t<meta name=\"twitter:data1\" content=\"2 minutes\" \/>\n<script type=\"application\/ld+json\" class=\"yoast-schema-graph\">{\"@context\":\"https:\\\/\\\/schema.org\",\"@graph\":[{\"@type\":\"WebPage\",\"@id\":\"https:\\\/\\\/www.supeinnihonto.com\\\/fr\\\/produit\\\/inro-en-maki-e-shibayama-au-paon\\\/\",\"url\":\"https:\\\/\\\/www.supeinnihonto.com\\\/fr\\\/produit\\\/inro-en-maki-e-shibayama-au-paon\\\/\",\"name\":\"Inr\u014d en maki-e Shibayama au paon - Supein Nihonto\",\"isPartOf\":{\"@id\":\"https:\\\/\\\/www.supeinnihonto.com\\\/fr\\\/#website\"},\"primaryImageOfPage\":{\"@id\":\"https:\\\/\\\/www.supeinnihonto.com\\\/fr\\\/produit\\\/inro-en-maki-e-shibayama-au-paon\\\/#primaryimage\"},\"image\":{\"@id\":\"https:\\\/\\\/www.supeinnihonto.com\\\/fr\\\/produit\\\/inro-en-maki-e-shibayama-au-paon\\\/#primaryimage\"},\"thumbnailUrl\":\"https:\\\/\\\/i0.wp.com\\\/www.supeinnihonto.com\\\/wp-content\\\/uploads\\\/2024\\\/05\\\/DSC_3666-scaled.jpg?fit=2560%2C1707&ssl=1\",\"datePublished\":\"2024-05-10T16:42:15+00:00\",\"dateModified\":\"2025-12-27T15:49:03+00:00\",\"description\":\"D\u00e9cor\u00e9 en takamaki-e d\u2019or, repr\u00e9sentant un paon debout, la queue d\u00e9ploy\u00e9e et retombant de l\u2019autre c\u00f4t\u00e9 au-dessus d\u2019une paonne.\",\"breadcrumb\":{\"@id\":\"https:\\\/\\\/www.supeinnihonto.com\\\/fr\\\/produit\\\/inro-en-maki-e-shibayama-au-paon\\\/#breadcrumb\"},\"inLanguage\":\"fr-FR\",\"potentialAction\":[{\"@type\":\"ReadAction\",\"target\":[\"https:\\\/\\\/www.supeinnihonto.com\\\/fr\\\/produit\\\/inro-en-maki-e-shibayama-au-paon\\\/\"]}]},{\"@type\":\"ImageObject\",\"inLanguage\":\"fr-FR\",\"@id\":\"https:\\\/\\\/www.supeinnihonto.com\\\/fr\\\/produit\\\/inro-en-maki-e-shibayama-au-paon\\\/#primaryimage\",\"url\":\"https:\\\/\\\/i0.wp.com\\\/www.supeinnihonto.com\\\/wp-content\\\/uploads\\\/2024\\\/05\\\/DSC_3666-scaled.jpg?fit=2560%2C1707&ssl=1\",\"contentUrl\":\"https:\\\/\\\/i0.wp.com\\\/www.supeinnihonto.com\\\/wp-content\\\/uploads\\\/2024\\\/05\\\/DSC_3666-scaled.jpg?fit=2560%2C1707&ssl=1\",\"width\":2560,\"height\":1707,\"caption\":\"Inro Makie shibayama peacock\"},{\"@type\":\"BreadcrumbList\",\"@id\":\"https:\\\/\\\/www.supeinnihonto.com\\\/fr\\\/produit\\\/inro-en-maki-e-shibayama-au-paon\\\/#breadcrumb\",\"itemListElement\":[{\"@type\":\"ListItem\",\"position\":1,\"name\":\"Portada\",\"item\":\"https:\\\/\\\/www.supeinnihonto.com\\\/fr\\\/\"},{\"@type\":\"ListItem\",\"position\":2,\"name\":\"Shop\",\"item\":\"https:\\\/\\\/www.supeinnihonto.com\\\/fr\\\/shop\\\/\"},{\"@type\":\"ListItem\",\"position\":3,\"name\":\"Inr\u014d en maki-e Shibayama au paon\"}]},{\"@type\":\"WebSite\",\"@id\":\"https:\\\/\\\/www.supeinnihonto.com\\\/fr\\\/#website\",\"url\":\"https:\\\/\\\/www.supeinnihonto.com\\\/fr\\\/\",\"name\":\"Supein Nihonto\",\"description\":\"Authentic japanese Nihonto katana \",\"publisher\":{\"@id\":\"https:\\\/\\\/www.supeinnihonto.com\\\/fr\\\/#organization\"},\"potentialAction\":[{\"@type\":\"SearchAction\",\"target\":{\"@type\":\"EntryPoint\",\"urlTemplate\":\"https:\\\/\\\/www.supeinnihonto.com\\\/fr\\\/?s={search_term_string}\"},\"query-input\":{\"@type\":\"PropertyValueSpecification\",\"valueRequired\":true,\"valueName\":\"search_term_string\"}}],\"inLanguage\":\"fr-FR\"},{\"@type\":\"Organization\",\"@id\":\"https:\\\/\\\/www.supeinnihonto.com\\\/fr\\\/#organization\",\"name\":\"SupeinNihonto\",\"url\":\"https:\\\/\\\/www.supeinnihonto.com\\\/fr\\\/\",\"logo\":{\"@type\":\"ImageObject\",\"inLanguage\":\"fr-FR\",\"@id\":\"https:\\\/\\\/www.supeinnihonto.com\\\/fr\\\/#\\\/schema\\\/logo\\\/image\\\/\",\"url\":\"https:\\\/\\\/www.supeinnihonto.com\\\/wp-content\\\/uploads\\\/2021\\\/11\\\/animation_Default_3szk0jcenoloop.gif\",\"contentUrl\":\"https:\\\/\\\/www.supeinnihonto.com\\\/wp-content\\\/uploads\\\/2021\\\/11\\\/animation_Default_3szk0jcenoloop.gif\",\"width\":750,\"height\":641,\"caption\":\"SupeinNihonto\"},\"image\":{\"@id\":\"https:\\\/\\\/www.supeinnihonto.com\\\/fr\\\/#\\\/schema\\\/logo\\\/image\\\/\"}}]}<\/script>\n<!-- \/ Yoast SEO plugin. -->","yoast_head_json":{"title":"Inr\u014d en maki-e Shibayama au paon - Supein Nihonto","description":"D\u00e9cor\u00e9 en takamaki-e d\u2019or, repr\u00e9sentant un paon debout, la queue d\u00e9ploy\u00e9e et retombant de l\u2019autre c\u00f4t\u00e9 au-dessus d\u2019une paonne.","robots":{"index":"index","follow":"follow","max-snippet":"max-snippet:-1","max-image-preview":"max-image-preview:large","max-video-preview":"max-video-preview:-1"},"canonical":"https:\/\/www.supeinnihonto.com\/fr\/produit\/inro-en-maki-e-shibayama-au-paon\/","og_locale":"fr_FR","og_type":"article","og_title":"Inr\u014d en maki-e Shibayama au paon - Supein Nihonto","og_description":"D\u00e9cor\u00e9 en takamaki-e d\u2019or, repr\u00e9sentant un paon debout, la queue d\u00e9ploy\u00e9e et retombant de l\u2019autre c\u00f4t\u00e9 au-dessus d\u2019une paonne.","og_url":"https:\/\/www.supeinnihonto.com\/fr\/produit\/inro-en-maki-e-shibayama-au-paon\/","og_site_name":"Supein Nihonto","article_modified_time":"2025-12-27T15:49:03+00:00","og_image":[{"width":2560,"height":1707,"url":"https:\/\/www.supeinnihonto.com\/wp-content\/uploads\/2024\/05\/DSC_3666-scaled.jpg","type":"image\/jpeg"}],"twitter_card":"summary_large_image","twitter_misc":{"Dur\u00e9e de lecture estim\u00e9e":"2 minutes"},"schema":{"@context":"https:\/\/schema.org","@graph":[{"@type":"WebPage","@id":"https:\/\/www.supeinnihonto.com\/fr\/produit\/inro-en-maki-e-shibayama-au-paon\/","url":"https:\/\/www.supeinnihonto.com\/fr\/produit\/inro-en-maki-e-shibayama-au-paon\/","name":"Inr\u014d en maki-e Shibayama au paon - Supein Nihonto","isPartOf":{"@id":"https:\/\/www.supeinnihonto.com\/fr\/#website"},"primaryImageOfPage":{"@id":"https:\/\/www.supeinnihonto.com\/fr\/produit\/inro-en-maki-e-shibayama-au-paon\/#primaryimage"},"image":{"@id":"https:\/\/www.supeinnihonto.com\/fr\/produit\/inro-en-maki-e-shibayama-au-paon\/#primaryimage"},"thumbnailUrl":"https:\/\/i0.wp.com\/www.supeinnihonto.com\/wp-content\/uploads\/2024\/05\/DSC_3666-scaled.jpg?fit=2560%2C1707&ssl=1","datePublished":"2024-05-10T16:42:15+00:00","dateModified":"2025-12-27T15:49:03+00:00","description":"D\u00e9cor\u00e9 en takamaki-e d\u2019or, repr\u00e9sentant un paon debout, la queue d\u00e9ploy\u00e9e et retombant de l\u2019autre c\u00f4t\u00e9 au-dessus d\u2019une paonne.","breadcrumb":{"@id":"https:\/\/www.supeinnihonto.com\/fr\/produit\/inro-en-maki-e-shibayama-au-paon\/#breadcrumb"},"inLanguage":"fr-FR","potentialAction":[{"@type":"ReadAction","target":["https:\/\/www.supeinnihonto.com\/fr\/produit\/inro-en-maki-e-shibayama-au-paon\/"]}]},{"@type":"ImageObject","inLanguage":"fr-FR","@id":"https:\/\/www.supeinnihonto.com\/fr\/produit\/inro-en-maki-e-shibayama-au-paon\/#primaryimage","url":"https:\/\/i0.wp.com\/www.supeinnihonto.com\/wp-content\/uploads\/2024\/05\/DSC_3666-scaled.jpg?fit=2560%2C1707&ssl=1","contentUrl":"https:\/\/i0.wp.com\/www.supeinnihonto.com\/wp-content\/uploads\/2024\/05\/DSC_3666-scaled.jpg?fit=2560%2C1707&ssl=1","width":2560,"height":1707,"caption":"Inro Makie shibayama peacock"},{"@type":"BreadcrumbList","@id":"https:\/\/www.supeinnihonto.com\/fr\/produit\/inro-en-maki-e-shibayama-au-paon\/#breadcrumb","itemListElement":[{"@type":"ListItem","position":1,"name":"Portada","item":"https:\/\/www.supeinnihonto.com\/fr\/"},{"@type":"ListItem","position":2,"name":"Shop","item":"https:\/\/www.supeinnihonto.com\/fr\/shop\/"},{"@type":"ListItem","position":3,"name":"Inr\u014d en maki-e Shibayama au paon"}]},{"@type":"WebSite","@id":"https:\/\/www.supeinnihonto.com\/fr\/#website","url":"https:\/\/www.supeinnihonto.com\/fr\/","name":"Supein Nihonto","description":"Authentic japanese Nihonto katana ","publisher":{"@id":"https:\/\/www.supeinnihonto.com\/fr\/#organization"},"potentialAction":[{"@type":"SearchAction","target":{"@type":"EntryPoint","urlTemplate":"https:\/\/www.supeinnihonto.com\/fr\/?s={search_term_string}"},"query-input":{"@type":"PropertyValueSpecification","valueRequired":true,"valueName":"search_term_string"}}],"inLanguage":"fr-FR"},{"@type":"Organization","@id":"https:\/\/www.supeinnihonto.com\/fr\/#organization","name":"SupeinNihonto","url":"https:\/\/www.supeinnihonto.com\/fr\/","logo":{"@type":"ImageObject","inLanguage":"fr-FR","@id":"https:\/\/www.supeinnihonto.com\/fr\/#\/schema\/logo\/image\/","url":"https:\/\/www.supeinnihonto.com\/wp-content\/uploads\/2021\/11\/animation_Default_3szk0jcenoloop.gif","contentUrl":"https:\/\/www.supeinnihonto.com\/wp-content\/uploads\/2021\/11\/animation_Default_3szk0jcenoloop.gif","width":750,"height":641,"caption":"SupeinNihonto"},"image":{"@id":"https:\/\/www.supeinnihonto.com\/fr\/#\/schema\/logo\/image\/"}}]}},"jetpack-related-posts":[{"id":14691,"url":"https:\/\/www.supeinnihonto.com\/fr\/produit\/inro-makie-shibayama-lady\/","url_meta":{"origin":14683,"position":0},"title":"Inro Makie Shibayama Dame","author":"Supein Nihonto","date":"10 de mai de 2024","format":false,"excerpt":"Article : P\u00e9riode Edo ou d\u00e9but de l\u2019\u00e8re Meiji. XIXe si\u00e8cle. Inro Makie Shibayama Dame. Un magnifique inro d\u2019une qualit\u00e9 exceptionnelle repr\u00e9sentant une femme en train de nettoyer ses v\u00eatements. Petits incrustations de nacre sur le tronc de l\u2019arbre et d\u00e9tails en argent sur la robe et les accessoires de\u2026","rel":"","context":"Article similaire","block_context":{"text":"Article similaire","link":""},"img":{"alt_text":"Inro Makie Shibayama Lady","src":"https:\/\/i0.wp.com\/www.supeinnihonto.com\/wp-content\/uploads\/2024\/05\/DSC_3655-scaled.jpg?fit=800%2C1200&ssl=1&resize=350%2C200","width":350,"height":200,"srcset":"https:\/\/i0.wp.com\/www.supeinnihonto.com\/wp-content\/uploads\/2024\/05\/DSC_3655-scaled.jpg?fit=800%2C1200&ssl=1&resize=350%2C200 1x, https:\/\/i0.wp.com\/www.supeinnihonto.com\/wp-content\/uploads\/2024\/05\/DSC_3655-scaled.jpg?fit=800%2C1200&ssl=1&resize=525%2C300 1.5x, https:\/\/i0.wp.com\/www.supeinnihonto.com\/wp-content\/uploads\/2024\/05\/DSC_3655-scaled.jpg?fit=800%2C1200&ssl=1&resize=700%2C400 2x"},"classes":[]},{"id":14700,"url":"https:\/\/www.supeinnihonto.com\/fr\/produit\/inro-makie-shibayama-fukurokuju\/","url_meta":{"origin":14683,"position":1},"title":"Inro maki-e shibayama Fukurokuju","author":"Supein Nihonto","date":"10 de mai de 2024","format":false,"excerpt":"Article : P\u00e9riode Edo ou d\u00e9but de l\u2019\u00e8re Meiji. XIXe si\u00e8cle. Inro maki-e shibayama Fukurokuju. Magnifique inro \u00e0 fond kinji d\u00e9cor\u00e9 en or et en l\u00e9ger takamaki-e color\u00e9, hiramaki-e dor\u00e9, kirikane, et style Shibayama. Visages de Fukurokuju et d\u2019un gar\u00e7on en ivoire et \u00e9caille de tortue ambre. Sign\u00e9 \u00ab Shokusai\u2026","rel":"","context":"Article similaire","block_context":{"text":"Article similaire","link":""},"img":{"alt_text":"Inro Makie Shibayama Fukurokuju","src":"https:\/\/i0.wp.com\/www.supeinnihonto.com\/wp-content\/uploads\/2024\/05\/DSC_3648-scaled.jpg?fit=800%2C1200&ssl=1&resize=350%2C200","width":350,"height":200,"srcset":"https:\/\/i0.wp.com\/www.supeinnihonto.com\/wp-content\/uploads\/2024\/05\/DSC_3648-scaled.jpg?fit=800%2C1200&ssl=1&resize=350%2C200 1x, https:\/\/i0.wp.com\/www.supeinnihonto.com\/wp-content\/uploads\/2024\/05\/DSC_3648-scaled.jpg?fit=800%2C1200&ssl=1&resize=525%2C300 1.5x, https:\/\/i0.wp.com\/www.supeinnihonto.com\/wp-content\/uploads\/2024\/05\/DSC_3648-scaled.jpg?fit=800%2C1200&ssl=1&resize=700%2C400 2x"},"classes":[]},{"id":14843,"url":"https:\/\/www.supeinnihonto.com\/fr\/produit\/inro-en-maki-e-aux-oiseaux-et-prunier\/","url_meta":{"origin":14683,"position":2},"title":"Inr\u014d en maki-e aux oiseaux et prunier","author":"Supein Nihonto","date":"10 de mai de 2024","format":false,"excerpt":"Objet : Inr\u014d en maki-e aux oiseaux et prunier. Grand et remarquable inr\u014d \u00e0 cinq compartiments, pr\u00e9sentant un travail pr\u00e9cieux combinant diff\u00e9rentes techniques, en excellent \u00e9tat de conservation. De l\u2019\u00e8re Meiji, fin du XIXe si\u00e8cle. L\u2019inr\u014d comprend \u00e9galement un ojime en m\u00e9tal avec d\u00e9cor cloisonn\u00e9 ainsi qu\u2019un netsuke ancien en\u2026","rel":"","context":"Article similaire","block_context":{"text":"Article similaire","link":""},"img":{"alt_text":"Inro makie birds","src":"https:\/\/i0.wp.com\/www.supeinnihonto.com\/wp-content\/uploads\/2024\/05\/DSC_3629-scaled.jpg?fit=800%2C1200&ssl=1&resize=350%2C200","width":350,"height":200,"srcset":"https:\/\/i0.wp.com\/www.supeinnihonto.com\/wp-content\/uploads\/2024\/05\/DSC_3629-scaled.jpg?fit=800%2C1200&ssl=1&resize=350%2C200 1x, https:\/\/i0.wp.com\/www.supeinnihonto.com\/wp-content\/uploads\/2024\/05\/DSC_3629-scaled.jpg?fit=800%2C1200&ssl=1&resize=525%2C300 1.5x, https:\/\/i0.wp.com\/www.supeinnihonto.com\/wp-content\/uploads\/2024\/05\/DSC_3629-scaled.jpg?fit=800%2C1200&ssl=1&resize=700%2C400 2x"},"classes":[]},{"id":14859,"url":"https:\/\/www.supeinnihonto.com\/fr\/produit\/inro-en-maki-e-shibayama-aux-champignons-kinoko\/","url_meta":{"origin":14683,"position":3},"title":"Inr\u014d en maki-e Shibayama aux champignons (kinoko)","author":"Supein Nihonto","date":"9 de mai de 2024","format":false,"excerpt":"Article : Magnifique inro avec maki-e et shibayama incrust\u00e9 de nacre. Sign\u00e9. L'inro est en \u00e9tat fantastique tout comme le netsuke sculpt\u00e9 en bois en forme de champignons de l'\u00e9poque Edo. Ojime en verre. XIXe si\u00e8cle. 8,7 x 6 cm Qu'est-ce qu'un Inro ? Un inro est un \u00e9tui traditionnel\u2026","rel":"","context":"Article similaire","block_context":{"text":"Article similaire","link":""},"img":{"alt_text":"Inro makie shibayama kinoko","src":"https:\/\/i0.wp.com\/www.supeinnihonto.com\/wp-content\/uploads\/2024\/05\/DSC_3604-scaled.jpg?fit=800%2C1200&ssl=1&resize=350%2C200","width":350,"height":200,"srcset":"https:\/\/i0.wp.com\/www.supeinnihonto.com\/wp-content\/uploads\/2024\/05\/DSC_3604-scaled.jpg?fit=800%2C1200&ssl=1&resize=350%2C200 1x, https:\/\/i0.wp.com\/www.supeinnihonto.com\/wp-content\/uploads\/2024\/05\/DSC_3604-scaled.jpg?fit=800%2C1200&ssl=1&resize=525%2C300 1.5x, https:\/\/i0.wp.com\/www.supeinnihonto.com\/wp-content\/uploads\/2024\/05\/DSC_3604-scaled.jpg?fit=800%2C1200&ssl=1&resize=700%2C400 2x"},"classes":[]},{"id":14851,"url":"https:\/\/www.supeinnihonto.com\/fr\/produit\/inro-en-maki-e-au-coq-et-a-la-poule\/","url_meta":{"origin":14683,"position":4},"title":"Inr\u014d en maki-e au coq et \u00e0 la poule","author":"Supein Nihonto","date":"9 de mai de 2024","format":false,"excerpt":"Objet : Inr\u014d en maki-e au coq et \u00e0 la poule. Inr\u014d \u00e0 cinq compartiments, laqu\u00e9 avec un coq et une poule, le premier debout sur un tambour, sous un pin dont les branches retombantes se prolongent de l\u2019autre c\u00f4t\u00e9 au-dessus de deux poussins, le tambour et le pin rehauss\u00e9s\u2026","rel":"","context":"Article similaire","block_context":{"text":"Article similaire","link":""},"img":{"alt_text":"Inro Rooster and hen","src":"https:\/\/i0.wp.com\/www.supeinnihonto.com\/wp-content\/uploads\/2024\/05\/DSC_3622-scaled.jpg?fit=800%2C1200&ssl=1&resize=350%2C200","width":350,"height":200,"srcset":"https:\/\/i0.wp.com\/www.supeinnihonto.com\/wp-content\/uploads\/2024\/05\/DSC_3622-scaled.jpg?fit=800%2C1200&ssl=1&resize=350%2C200 1x, https:\/\/i0.wp.com\/www.supeinnihonto.com\/wp-content\/uploads\/2024\/05\/DSC_3622-scaled.jpg?fit=800%2C1200&ssl=1&resize=525%2C300 1.5x, https:\/\/i0.wp.com\/www.supeinnihonto.com\/wp-content\/uploads\/2024\/05\/DSC_3622-scaled.jpg?fit=800%2C1200&ssl=1&resize=700%2C400 2x"},"classes":[]},{"id":14867,"url":"https:\/\/www.supeinnihonto.com\/fr\/produit\/inro-en-maki-e-shibayama-au-dragon\/","url_meta":{"origin":14683,"position":5},"title":"Inr\u014d en maki-e Shibayama au dragon","author":"Supein Nihonto","date":"9 de mai de 2024","format":false,"excerpt":"Objet : Inr\u014d \u00e0 quatre compartiments incrust\u00e9 et laqu\u00e9 \u00e0 l\u2019or. Inr\u014d. \u00c9poque Meiji (1868-1912). Fond lenticulaire en kinji d\u00e9cor\u00e9 en or et en takamaki-e l\u00e9g\u00e8rement polychrome, hiramaki-e en or, kirikane, et style Shibayama repr\u00e9sentant Kosekik\u014d (chinois : Huangshigong) agenouill\u00e9 sur des rochers et tenant une chaussure tomb\u00e9e vers Ch\u014dry\u014d\u2026","rel":"","context":"Article similaire","block_context":{"text":"Article similaire","link":""},"img":{"alt_text":"Inro Makie shibayama dragon","src":"https:\/\/i0.wp.com\/www.supeinnihonto.com\/wp-content\/uploads\/2024\/05\/DSC_3591-scaled.jpg?fit=870%2C1200&ssl=1&resize=350%2C200","width":350,"height":200,"srcset":"https:\/\/i0.wp.com\/www.supeinnihonto.com\/wp-content\/uploads\/2024\/05\/DSC_3591-scaled.jpg?fit=870%2C1200&ssl=1&resize=350%2C200 1x, https:\/\/i0.wp.com\/www.supeinnihonto.com\/wp-content\/uploads\/2024\/05\/DSC_3591-scaled.jpg?fit=870%2C1200&ssl=1&resize=525%2C300 1.5x, https:\/\/i0.wp.com\/www.supeinnihonto.com\/wp-content\/uploads\/2024\/05\/DSC_3591-scaled.jpg?fit=870%2C1200&ssl=1&resize=700%2C400 2x"},"classes":[]}],"jetpack_sharing_enabled":true,"_links":{"self":[{"href":"https:\/\/www.supeinnihonto.com\/fr\/wp-json\/wp\/v2\/product\/14683","targetHints":{"allow":["GET"]}}],"collection":[{"href":"https:\/\/www.supeinnihonto.com\/fr\/wp-json\/wp\/v2\/product"}],"about":[{"href":"https:\/\/www.supeinnihonto.com\/fr\/wp-json\/wp\/v2\/types\/product"}],"wp:featuredmedia":[{"embeddable":true,"href":"https:\/\/www.supeinnihonto.com\/fr\/wp-json\/wp\/v2\/media\/14684"}],"wp:attachment":[{"href":"https:\/\/www.supeinnihonto.com\/fr\/wp-json\/wp\/v2\/media?parent=14683"}],"wp:term":[{"taxonomy":"product_brand","embeddable":true,"href":"https:\/\/www.supeinnihonto.com\/fr\/wp-json\/wp\/v2\/product_brand?post=14683"},{"taxonomy":"product_cat","embeddable":true,"href":"https:\/\/www.supeinnihonto.com\/fr\/wp-json\/wp\/v2\/product_cat?post=14683"},{"taxonomy":"product_tag","embeddable":true,"href":"https:\/\/www.supeinnihonto.com\/fr\/wp-json\/wp\/v2\/product_tag?post=14683"}],"curies":[{"name":"wp","href":"https:\/\/api.w.org\/{rel}","templated":true}]}}