{"id":14659,"date":"2024-05-13T10:09:00","date_gmt":"2024-05-13T10:09:00","guid":{"rendered":"https:\/\/www.supeinnihonto.com\/product\/fuchi-kashira-and-kurigata-samurais\/"},"modified":"2025-12-27T15:26:36","modified_gmt":"2025-12-27T15:26:36","slug":"fuchi-kashira-et-kurigata-aux-samourais","status":"publish","type":"product","link":"https:\/\/www.supeinnihonto.com\/fr\/produit\/fuchi-kashira-et-kurigata-aux-samourais\/","title":{"rendered":"Fuchi Kashira et kurigata aux samoura\u00efs"},"content":{"rendered":"<div><em><strong>Objet :<\/strong><\/em><\/div>\n<div><\/div>\n<div>Fuchi Kashira et kurigata aux samoura\u00efs. Ensemble tr\u00e8s rare de fuchi, kashira et kurigata pour katana. Pi\u00e8ce exceptionnellement rare en raison de la conservation compl\u00e8te des trois \u00e9l\u00e9ments et de leur qualit\u00e9. Il est \u00e9galement rare de trouver un kurigata, ceux-ci \u00e9tant g\u00e9n\u00e9ralement fabriqu\u00e9s en bois ou en corne et seulement rarement, sauf pour des sabres de tr\u00e8s haute qualit\u00e9, r\u00e9alis\u00e9s sur mesure avec des motifs artistiques. Les trois pi\u00e8ces sont en shakud\u014d (alliage d\u2019or et de cuivre) et repr\u00e9sentent des sc\u00e8nes de combats de samoura\u00efs avec incrustations d\u2019or et reliefs. \u00c9cole S\u014dten. Le fuchi est sign\u00e9. Milieu de la p\u00e9riode Edo.<\/div>\n<div><\/div>\n<div>Fuchi : 4 x 2,4 cm<\/div>\n<div>Kashira : 3,5 x 2 cm<\/div>\n<div><\/div>\n<div>Convient pour katana et wakizashi.<\/div>\n<div><\/div>\n<div class=\"accordion-title active\"><em><strong>Qu\u2019est-ce qu\u2019un fuchi\/kashira ?<\/strong><\/em><br \/>\n<i class=\"fas fa-caret-up\"><\/i><\/div>\n<div class=\"accordion-content active\" id=\"tab3\">\n<p>Un fuchi-kashira est une paire de garnitures de sabre utilis\u00e9e dans le montage traditionnel japonais des sabres (koshirae). Elles sont situ\u00e9es aux deux extr\u00e9mit\u00e9s de la poign\u00e9e (tsuka) et remplissent \u00e0 la fois des fonctions pratiques et d\u00e9coratives.<\/p>\n<ul>\n<li style=\"list-style-type: none;\">\n<ul>\n<li><strong>Fuchi :<\/strong><span> <\/span>Le fuchi est la virole ou bague plac\u00e9e \u00e0 la base de la poign\u00e9e, adjacente \u00e0 la garde (tsuba). Il sert d\u2019\u00e9l\u00e9ment d\u00e9coratif et protecteur, couvrant la jonction entre la poign\u00e9e et la garde. Le fuchi est g\u00e9n\u00e9ralement en m\u00e9tal et peut pr\u00e9senter divers motifs, souvent assortis au th\u00e8me des autres garnitures du sabre telles que les menuki et la tsuba.<\/li>\n<li><strong>Kashira :<\/strong><span> <\/span>Le kashira est le pommeau ou capuchon terminal de la poign\u00e9e, situ\u00e9 \u00e0 l\u2019extr\u00e9mit\u00e9 oppos\u00e9e \u00e0 la garde (tsuba). Il sert \u00e0 maintenir l\u2019enroulement de la poign\u00e9e (tsukamaki) et \u00e0 fournir un contrepoids \u00e0 la lame. Comme le fuchi, le kashira est g\u00e9n\u00e9ralement en m\u00e9tal et peut \u00eatre orn\u00e9 de d\u00e9cors \u00e9labor\u00e9s compl\u00e9tant l\u2019esth\u00e9tique g\u00e9n\u00e9rale du sabre.<\/li>\n<\/ul>\n<\/li>\n<\/ul>\n<p>Ensemble, le fuchi et le kashira forment une paire coordonn\u00e9e de garnitures qui contribuent \u00e0 l\u2019attrait visuel et \u00e0 la fonctionnalit\u00e9 de la poign\u00e9e du sabre. Ils sont r\u00e9alis\u00e9s avec un grand souci du d\u00e9tail et peuvent varier consid\u00e9rablement en termes de design, de mat\u00e9riaux et de qualit\u00e9 d\u2019ex\u00e9cution, refl\u00e9tant le style du fabricant ou les pr\u00e9f\u00e9rences du propri\u00e9taire du sabre.<\/p>\n<\/div>\n","protected":false},"excerpt":{"rendered":"<p>Objet : Fuchi Kashira et kurigata aux samoura\u00efs. Ensemble tr\u00e8s rare de fuchi, kashira et kurigata pour katana. Pi\u00e8ce exceptionnellement rare en raison de la conservation compl\u00e8te des trois \u00e9l\u00e9ments et de leur qualit\u00e9. Il est \u00e9galement rare de trouver un kurigata, ceux-ci \u00e9tant g\u00e9n\u00e9ralement fabriqu\u00e9s en bois ou en [&hellip;]<\/p>\n","protected":false},"featured_media":14660,"template":"","meta":{"jetpack_post_was_ever_published":false},"product_brand":[],"product_cat":[553],"product_tag":[],"class_list":{"0":"post-14659","1":"product","2":"type-product","3":"status-publish","4":"has-post-thumbnail","6":"product_cat-fuchi-kashira","7":"product_shipping_class-light","9":"first","10":"instock","11":"featured","12":"sold-individually","13":"shipping-taxable","14":"purchasable","15":"product-type-simple"},"yoast_head":"<!-- This site is optimized with the Yoast SEO plugin v27.4 - https:\/\/yoast.com\/product\/yoast-seo-wordpress\/ -->\n<title>Fuchi Kashira et kurigata aux samoura\u00efs - Supein Nihonto<\/title>\n<meta name=\"description\" content=\"Fuchi Kashira et kurigata aux samoura\u00efs. Ensemble tr\u00e8s rare de fuchi, kashira et kurigata pour katana. Pi\u00e8ce exceptionnellement rare en raison de la conservation compl\u00e8te des trois \u00e9l\u00e9ments.\" \/>\n<meta name=\"robots\" content=\"index, follow, max-snippet:-1, max-image-preview:large, max-video-preview:-1\" \/>\n<link rel=\"canonical\" href=\"https:\/\/www.supeinnihonto.com\/fr\/produit\/fuchi-kashira-et-kurigata-aux-samourais\/\" \/>\n<meta property=\"og:locale\" content=\"fr_FR\" \/>\n<meta property=\"og:type\" content=\"article\" \/>\n<meta property=\"og:title\" content=\"Fuchi Kashira et kurigata aux samoura\u00efs - Supein Nihonto\" \/>\n<meta property=\"og:description\" content=\"Fuchi Kashira et kurigata aux samoura\u00efs. Ensemble tr\u00e8s rare de fuchi, kashira et kurigata pour katana. Pi\u00e8ce exceptionnellement rare en raison de la conservation compl\u00e8te des trois \u00e9l\u00e9ments.\" \/>\n<meta property=\"og:url\" content=\"https:\/\/www.supeinnihonto.com\/fr\/produit\/fuchi-kashira-et-kurigata-aux-samourais\/\" \/>\n<meta property=\"og:site_name\" content=\"Supein Nihonto\" \/>\n<meta property=\"article:modified_time\" content=\"2025-12-27T15:26:36+00:00\" \/>\n<meta property=\"og:image\" content=\"https:\/\/www.supeinnihonto.com\/wp-content\/uploads\/2024\/05\/DSC_3903-scaled.jpg\" \/>\n\t<meta property=\"og:image:width\" content=\"2560\" \/>\n\t<meta property=\"og:image:height\" content=\"1707\" \/>\n\t<meta property=\"og:image:type\" content=\"image\/jpeg\" \/>\n<meta name=\"twitter:card\" content=\"summary_large_image\" \/>\n<meta name=\"twitter:label1\" content=\"Dur\u00e9e de lecture estim\u00e9e\" \/>\n\t<meta name=\"twitter:data1\" content=\"2 minutes\" \/>\n<script type=\"application\/ld+json\" class=\"yoast-schema-graph\">{\"@context\":\"https:\\\/\\\/schema.org\",\"@graph\":[{\"@type\":\"WebPage\",\"@id\":\"https:\\\/\\\/www.supeinnihonto.com\\\/fr\\\/produit\\\/fuchi-kashira-et-kurigata-aux-samourais\\\/\",\"url\":\"https:\\\/\\\/www.supeinnihonto.com\\\/fr\\\/produit\\\/fuchi-kashira-et-kurigata-aux-samourais\\\/\",\"name\":\"Fuchi Kashira et kurigata aux samoura\u00efs - Supein Nihonto\",\"isPartOf\":{\"@id\":\"https:\\\/\\\/www.supeinnihonto.com\\\/fr\\\/#website\"},\"primaryImageOfPage\":{\"@id\":\"https:\\\/\\\/www.supeinnihonto.com\\\/fr\\\/produit\\\/fuchi-kashira-et-kurigata-aux-samourais\\\/#primaryimage\"},\"image\":{\"@id\":\"https:\\\/\\\/www.supeinnihonto.com\\\/fr\\\/produit\\\/fuchi-kashira-et-kurigata-aux-samourais\\\/#primaryimage\"},\"thumbnailUrl\":\"https:\\\/\\\/i0.wp.com\\\/www.supeinnihonto.com\\\/wp-content\\\/uploads\\\/2024\\\/05\\\/DSC_3903-scaled.jpg?fit=2560%2C1707&ssl=1\",\"datePublished\":\"2024-05-13T10:09:00+00:00\",\"dateModified\":\"2025-12-27T15:26:36+00:00\",\"description\":\"Fuchi Kashira et kurigata aux samoura\u00efs. Ensemble tr\u00e8s rare de fuchi, kashira et kurigata pour katana. Pi\u00e8ce exceptionnellement rare en raison de la conservation compl\u00e8te des trois \u00e9l\u00e9ments.\",\"breadcrumb\":{\"@id\":\"https:\\\/\\\/www.supeinnihonto.com\\\/fr\\\/produit\\\/fuchi-kashira-et-kurigata-aux-samourais\\\/#breadcrumb\"},\"inLanguage\":\"fr-FR\",\"potentialAction\":[{\"@type\":\"ReadAction\",\"target\":[\"https:\\\/\\\/www.supeinnihonto.com\\\/fr\\\/produit\\\/fuchi-kashira-et-kurigata-aux-samourais\\\/\"]}]},{\"@type\":\"ImageObject\",\"inLanguage\":\"fr-FR\",\"@id\":\"https:\\\/\\\/www.supeinnihonto.com\\\/fr\\\/produit\\\/fuchi-kashira-et-kurigata-aux-samourais\\\/#primaryimage\",\"url\":\"https:\\\/\\\/i0.wp.com\\\/www.supeinnihonto.com\\\/wp-content\\\/uploads\\\/2024\\\/05\\\/DSC_3903-scaled.jpg?fit=2560%2C1707&ssl=1\",\"contentUrl\":\"https:\\\/\\\/i0.wp.com\\\/www.supeinnihonto.com\\\/wp-content\\\/uploads\\\/2024\\\/05\\\/DSC_3903-scaled.jpg?fit=2560%2C1707&ssl=1\",\"width\":2560,\"height\":1707,\"caption\":\"Fuchi Kashira and kojiri Samurais\"},{\"@type\":\"BreadcrumbList\",\"@id\":\"https:\\\/\\\/www.supeinnihonto.com\\\/fr\\\/produit\\\/fuchi-kashira-et-kurigata-aux-samourais\\\/#breadcrumb\",\"itemListElement\":[{\"@type\":\"ListItem\",\"position\":1,\"name\":\"Portada\",\"item\":\"https:\\\/\\\/www.supeinnihonto.com\\\/fr\\\/\"},{\"@type\":\"ListItem\",\"position\":2,\"name\":\"Shop\",\"item\":\"https:\\\/\\\/www.supeinnihonto.com\\\/fr\\\/shop\\\/\"},{\"@type\":\"ListItem\",\"position\":3,\"name\":\"Fuchi Kashira et kurigata aux samoura\u00efs\"}]},{\"@type\":\"WebSite\",\"@id\":\"https:\\\/\\\/www.supeinnihonto.com\\\/fr\\\/#website\",\"url\":\"https:\\\/\\\/www.supeinnihonto.com\\\/fr\\\/\",\"name\":\"Supein Nihonto\",\"description\":\"Authentic japanese Nihonto katana \",\"publisher\":{\"@id\":\"https:\\\/\\\/www.supeinnihonto.com\\\/fr\\\/#organization\"},\"potentialAction\":[{\"@type\":\"SearchAction\",\"target\":{\"@type\":\"EntryPoint\",\"urlTemplate\":\"https:\\\/\\\/www.supeinnihonto.com\\\/fr\\\/?s={search_term_string}\"},\"query-input\":{\"@type\":\"PropertyValueSpecification\",\"valueRequired\":true,\"valueName\":\"search_term_string\"}}],\"inLanguage\":\"fr-FR\"},{\"@type\":\"Organization\",\"@id\":\"https:\\\/\\\/www.supeinnihonto.com\\\/fr\\\/#organization\",\"name\":\"SupeinNihonto\",\"url\":\"https:\\\/\\\/www.supeinnihonto.com\\\/fr\\\/\",\"logo\":{\"@type\":\"ImageObject\",\"inLanguage\":\"fr-FR\",\"@id\":\"https:\\\/\\\/www.supeinnihonto.com\\\/fr\\\/#\\\/schema\\\/logo\\\/image\\\/\",\"url\":\"https:\\\/\\\/www.supeinnihonto.com\\\/wp-content\\\/uploads\\\/2021\\\/11\\\/animation_Default_3szk0jcenoloop.gif\",\"contentUrl\":\"https:\\\/\\\/www.supeinnihonto.com\\\/wp-content\\\/uploads\\\/2021\\\/11\\\/animation_Default_3szk0jcenoloop.gif\",\"width\":750,\"height\":641,\"caption\":\"SupeinNihonto\"},\"image\":{\"@id\":\"https:\\\/\\\/www.supeinnihonto.com\\\/fr\\\/#\\\/schema\\\/logo\\\/image\\\/\"}}]}<\/script>\n<!-- \/ Yoast SEO plugin. -->","yoast_head_json":{"title":"Fuchi Kashira et kurigata aux samoura\u00efs - Supein Nihonto","description":"Fuchi Kashira et kurigata aux samoura\u00efs. Ensemble tr\u00e8s rare de fuchi, kashira et kurigata pour katana. Pi\u00e8ce exceptionnellement rare en raison de la conservation compl\u00e8te des trois \u00e9l\u00e9ments.","robots":{"index":"index","follow":"follow","max-snippet":"max-snippet:-1","max-image-preview":"max-image-preview:large","max-video-preview":"max-video-preview:-1"},"canonical":"https:\/\/www.supeinnihonto.com\/fr\/produit\/fuchi-kashira-et-kurigata-aux-samourais\/","og_locale":"fr_FR","og_type":"article","og_title":"Fuchi Kashira et kurigata aux samoura\u00efs - Supein Nihonto","og_description":"Fuchi Kashira et kurigata aux samoura\u00efs. Ensemble tr\u00e8s rare de fuchi, kashira et kurigata pour katana. Pi\u00e8ce exceptionnellement rare en raison de la conservation compl\u00e8te des trois \u00e9l\u00e9ments.","og_url":"https:\/\/www.supeinnihonto.com\/fr\/produit\/fuchi-kashira-et-kurigata-aux-samourais\/","og_site_name":"Supein Nihonto","article_modified_time":"2025-12-27T15:26:36+00:00","og_image":[{"width":2560,"height":1707,"url":"https:\/\/www.supeinnihonto.com\/wp-content\/uploads\/2024\/05\/DSC_3903-scaled.jpg","type":"image\/jpeg"}],"twitter_card":"summary_large_image","twitter_misc":{"Dur\u00e9e de lecture estim\u00e9e":"2 minutes"},"schema":{"@context":"https:\/\/schema.org","@graph":[{"@type":"WebPage","@id":"https:\/\/www.supeinnihonto.com\/fr\/produit\/fuchi-kashira-et-kurigata-aux-samourais\/","url":"https:\/\/www.supeinnihonto.com\/fr\/produit\/fuchi-kashira-et-kurigata-aux-samourais\/","name":"Fuchi Kashira et kurigata aux samoura\u00efs - Supein Nihonto","isPartOf":{"@id":"https:\/\/www.supeinnihonto.com\/fr\/#website"},"primaryImageOfPage":{"@id":"https:\/\/www.supeinnihonto.com\/fr\/produit\/fuchi-kashira-et-kurigata-aux-samourais\/#primaryimage"},"image":{"@id":"https:\/\/www.supeinnihonto.com\/fr\/produit\/fuchi-kashira-et-kurigata-aux-samourais\/#primaryimage"},"thumbnailUrl":"https:\/\/i0.wp.com\/www.supeinnihonto.com\/wp-content\/uploads\/2024\/05\/DSC_3903-scaled.jpg?fit=2560%2C1707&ssl=1","datePublished":"2024-05-13T10:09:00+00:00","dateModified":"2025-12-27T15:26:36+00:00","description":"Fuchi Kashira et kurigata aux samoura\u00efs. Ensemble tr\u00e8s rare de fuchi, kashira et kurigata pour katana. Pi\u00e8ce exceptionnellement rare en raison de la conservation compl\u00e8te des trois \u00e9l\u00e9ments.","breadcrumb":{"@id":"https:\/\/www.supeinnihonto.com\/fr\/produit\/fuchi-kashira-et-kurigata-aux-samourais\/#breadcrumb"},"inLanguage":"fr-FR","potentialAction":[{"@type":"ReadAction","target":["https:\/\/www.supeinnihonto.com\/fr\/produit\/fuchi-kashira-et-kurigata-aux-samourais\/"]}]},{"@type":"ImageObject","inLanguage":"fr-FR","@id":"https:\/\/www.supeinnihonto.com\/fr\/produit\/fuchi-kashira-et-kurigata-aux-samourais\/#primaryimage","url":"https:\/\/i0.wp.com\/www.supeinnihonto.com\/wp-content\/uploads\/2024\/05\/DSC_3903-scaled.jpg?fit=2560%2C1707&ssl=1","contentUrl":"https:\/\/i0.wp.com\/www.supeinnihonto.com\/wp-content\/uploads\/2024\/05\/DSC_3903-scaled.jpg?fit=2560%2C1707&ssl=1","width":2560,"height":1707,"caption":"Fuchi Kashira and kojiri Samurais"},{"@type":"BreadcrumbList","@id":"https:\/\/www.supeinnihonto.com\/fr\/produit\/fuchi-kashira-et-kurigata-aux-samourais\/#breadcrumb","itemListElement":[{"@type":"ListItem","position":1,"name":"Portada","item":"https:\/\/www.supeinnihonto.com\/fr\/"},{"@type":"ListItem","position":2,"name":"Shop","item":"https:\/\/www.supeinnihonto.com\/fr\/shop\/"},{"@type":"ListItem","position":3,"name":"Fuchi Kashira et kurigata aux samoura\u00efs"}]},{"@type":"WebSite","@id":"https:\/\/www.supeinnihonto.com\/fr\/#website","url":"https:\/\/www.supeinnihonto.com\/fr\/","name":"Supein Nihonto","description":"Authentic japanese Nihonto katana ","publisher":{"@id":"https:\/\/www.supeinnihonto.com\/fr\/#organization"},"potentialAction":[{"@type":"SearchAction","target":{"@type":"EntryPoint","urlTemplate":"https:\/\/www.supeinnihonto.com\/fr\/?s={search_term_string}"},"query-input":{"@type":"PropertyValueSpecification","valueRequired":true,"valueName":"search_term_string"}}],"inLanguage":"fr-FR"},{"@type":"Organization","@id":"https:\/\/www.supeinnihonto.com\/fr\/#organization","name":"SupeinNihonto","url":"https:\/\/www.supeinnihonto.com\/fr\/","logo":{"@type":"ImageObject","inLanguage":"fr-FR","@id":"https:\/\/www.supeinnihonto.com\/fr\/#\/schema\/logo\/image\/","url":"https:\/\/www.supeinnihonto.com\/wp-content\/uploads\/2021\/11\/animation_Default_3szk0jcenoloop.gif","contentUrl":"https:\/\/www.supeinnihonto.com\/wp-content\/uploads\/2021\/11\/animation_Default_3szk0jcenoloop.gif","width":750,"height":641,"caption":"SupeinNihonto"},"image":{"@id":"https:\/\/www.supeinnihonto.com\/fr\/#\/schema\/logo\/image\/"}}]}},"jetpack-related-posts":[{"id":14459,"url":"https:\/\/www.supeinnihonto.com\/fr\/produit\/fuchi-kashira-en-shakudo-aux-singes\/","url_meta":{"origin":14659,"position":0},"title":"Fuchi-kashira en shakud\u014d aux singes","author":"Supein Nihonto","date":"13 de mai de 2024","format":false,"excerpt":"Objet : Fuchi-kashira en shakud\u014d aux singes. Nanako en shakud\u014d cisel\u00e9 en relief et incrust\u00e9 d\u2019or ainsi que d\u2019autres m\u00e9taux et alliages, repr\u00e9sentant une sc\u00e8ne historique non identifi\u00e9e avec des chasseurs et des singes, sign\u00e9 Soheishi Nyudo Soten sei. Pi\u00e8ce tr\u00e8s d\u00e9taill\u00e9e avec de superbes reliefs. P\u00e9riode Edo. Fuchi :\u2026","rel":"","context":"Article similaire","block_context":{"text":"Article similaire","link":""},"img":{"alt_text":"Fuchi kashira shakudo monkeys","src":"https:\/\/i0.wp.com\/www.supeinnihonto.com\/wp-content\/uploads\/2024\/05\/DSC_3856-scaled.jpg?fit=1200%2C800&ssl=1&resize=350%2C200","width":350,"height":200,"srcset":"https:\/\/i0.wp.com\/www.supeinnihonto.com\/wp-content\/uploads\/2024\/05\/DSC_3856-scaled.jpg?fit=1200%2C800&ssl=1&resize=350%2C200 1x, https:\/\/i0.wp.com\/www.supeinnihonto.com\/wp-content\/uploads\/2024\/05\/DSC_3856-scaled.jpg?fit=1200%2C800&ssl=1&resize=525%2C300 1.5x, https:\/\/i0.wp.com\/www.supeinnihonto.com\/wp-content\/uploads\/2024\/05\/DSC_3856-scaled.jpg?fit=1200%2C800&ssl=1&resize=700%2C400 2x, https:\/\/i0.wp.com\/www.supeinnihonto.com\/wp-content\/uploads\/2024\/05\/DSC_3856-scaled.jpg?fit=1200%2C800&ssl=1&resize=1050%2C600 3x"},"classes":[]},{"id":14495,"url":"https:\/\/www.supeinnihonto.com\/fr\/produit\/fuchi-kashira-en-shakudo-avec-oiseaux-et-arbre\/","url_meta":{"origin":14659,"position":1},"title":"Fuchi-kashira en shakud\u014d avec oiseaux et arbre","author":"Supein Nihonto","date":"14 de mai de 2024","format":false,"excerpt":"Objet : Nanako en shakud\u014d cisel\u00e9 en relief et incrust\u00e9 d\u2019or et d\u2019autres m\u00e9taux. Cisel\u00e9 en relief avec un oiseau, un arbre et une rivi\u00e8re, sign\u00e9 Nara Shigemitsu avec un kao (Haynes 08348). P\u00e9riode Edo. Fuchi : 3,9 x 2,5 cm Kashira : 3,5 x 2 cm Convient pour katana\u2026","rel":"","context":"Article similaire","block_context":{"text":"Article similaire","link":""},"img":{"alt_text":"fuchi Kashira shakudo birds and three","src":"https:\/\/i0.wp.com\/www.supeinnihonto.com\/wp-content\/uploads\/2024\/05\/DSC_3815-scaled.jpg?fit=1200%2C800&ssl=1&resize=350%2C200","width":350,"height":200,"srcset":"https:\/\/i0.wp.com\/www.supeinnihonto.com\/wp-content\/uploads\/2024\/05\/DSC_3815-scaled.jpg?fit=1200%2C800&ssl=1&resize=350%2C200 1x, https:\/\/i0.wp.com\/www.supeinnihonto.com\/wp-content\/uploads\/2024\/05\/DSC_3815-scaled.jpg?fit=1200%2C800&ssl=1&resize=525%2C300 1.5x, https:\/\/i0.wp.com\/www.supeinnihonto.com\/wp-content\/uploads\/2024\/05\/DSC_3815-scaled.jpg?fit=1200%2C800&ssl=1&resize=700%2C400 2x, https:\/\/i0.wp.com\/www.supeinnihonto.com\/wp-content\/uploads\/2024\/05\/DSC_3815-scaled.jpg?fit=1200%2C800&ssl=1&resize=1050%2C600 3x"},"classes":[]},{"id":14471,"url":"https:\/\/www.supeinnihonto.com\/fr\/produit\/fuchi-kashira-en-shakudo-scene-historique\/","url_meta":{"origin":14659,"position":2},"title":"Fuchi-kashira en shakud\u014d, sc\u00e8ne historique","author":"Supein Nihonto","date":"14 de mai de 2024","format":false,"excerpt":"Article : Sc\u00e8ne fuchi kashira en shakudo. Shakudo nanako cisel\u00e9 en relief et incrust\u00e9 d\u2019or ainsi que d\u2019autres m\u00e9taux et alliages. Une sc\u00e8ne historique non identifi\u00e9e avec des samoura\u00efs, des pins et un cheval. Sign\u00e9 Soheishi Nyudo Soten sei. P\u00e9riode Edo. Fuchi : 4 x 2,4 cm Kashira : 3,4\u2026","rel":"","context":"Article similaire","block_context":{"text":"Article similaire","link":""},"img":{"alt_text":"Fuchi kashira shakudo scene","src":"https:\/\/i0.wp.com\/www.supeinnihonto.com\/wp-content\/uploads\/2024\/05\/DSC_3844-scaled.jpg?fit=1200%2C800&ssl=1&resize=350%2C200","width":350,"height":200,"srcset":"https:\/\/i0.wp.com\/www.supeinnihonto.com\/wp-content\/uploads\/2024\/05\/DSC_3844-scaled.jpg?fit=1200%2C800&ssl=1&resize=350%2C200 1x, https:\/\/i0.wp.com\/www.supeinnihonto.com\/wp-content\/uploads\/2024\/05\/DSC_3844-scaled.jpg?fit=1200%2C800&ssl=1&resize=525%2C300 1.5x, https:\/\/i0.wp.com\/www.supeinnihonto.com\/wp-content\/uploads\/2024\/05\/DSC_3844-scaled.jpg?fit=1200%2C800&ssl=1&resize=700%2C400 2x, https:\/\/i0.wp.com\/www.supeinnihonto.com\/wp-content\/uploads\/2024\/05\/DSC_3844-scaled.jpg?fit=1200%2C800&ssl=1&resize=1050%2C600 3x"},"classes":[]},{"id":14657,"url":"https:\/\/www.supeinnihonto.com\/nl\/product\/fuchi-kashira-en-kurigata-met-samoerai\/","url_meta":{"origin":14659,"position":3},"title":"Fuchi Kashira en kurigata met samoerai","author":"Supein Nihonto","date":"13 de mai de 2024","format":false,"excerpt":"Object: Fuchi Kashira en kurigata met samoerai. Zeer zeldzame set van fuchi, kashira en kurigata voor katana. Uitzonderlijk zeldzaam stuk dankzij de volledige driedelige set en de hoge kwaliteit. Het is bovendien zeldzaam om een kurigata te vinden, aangezien deze doorgaans van hout of hoorn werden gemaakt en slechts zelden,\u2026","rel":"","context":"Article similaire","block_context":{"text":"Article similaire","link":""},"img":{"alt_text":"Fuchi Kashira and kojiri Samurais","src":"https:\/\/i0.wp.com\/www.supeinnihonto.com\/wp-content\/uploads\/2024\/05\/DSC_3903-scaled.jpg?fit=1200%2C800&ssl=1&resize=350%2C200","width":350,"height":200,"srcset":"https:\/\/i0.wp.com\/www.supeinnihonto.com\/wp-content\/uploads\/2024\/05\/DSC_3903-scaled.jpg?fit=1200%2C800&ssl=1&resize=350%2C200 1x, https:\/\/i0.wp.com\/www.supeinnihonto.com\/wp-content\/uploads\/2024\/05\/DSC_3903-scaled.jpg?fit=1200%2C800&ssl=1&resize=525%2C300 1.5x, https:\/\/i0.wp.com\/www.supeinnihonto.com\/wp-content\/uploads\/2024\/05\/DSC_3903-scaled.jpg?fit=1200%2C800&ssl=1&resize=700%2C400 2x, https:\/\/i0.wp.com\/www.supeinnihonto.com\/wp-content\/uploads\/2024\/05\/DSC_3903-scaled.jpg?fit=1200%2C800&ssl=1&resize=1050%2C600 3x"},"classes":[]},{"id":14667,"url":"https:\/\/www.supeinnihonto.com\/fr\/produit\/fuchi-kashira-en-bronze-a-decor-de-shoki\/","url_meta":{"origin":14659,"position":4},"title":"Fuchi Kashira en bronze \u00e0 d\u00e9cor de Sh\u014dki","author":"Supein Nihonto","date":"13 de mai de 2024","format":false,"excerpt":"Objet : Fuchi Kashira en bronze \u00e0 d\u00e9cor de Sh\u014dki. Superbe pi\u00e8ce de t\u014ds\u014dgu. R\u00e9alis\u00e9e en bronze et cuivre. Les pi\u00e8ces repr\u00e9sentent le mythe de Sh\u014dki, le chasseur de d\u00e9mons. Tr\u00e8s belle qualit\u00e9 de sculpture et d\u2019incrustation. P\u00e9riode Edo. Fuchi : 4 x 2,3 cm Kashira : 3,3 x 1,8\u2026","rel":"","context":"Article similaire","block_context":{"text":"Article similaire","link":""},"img":{"alt_text":"Fuchi Kashira Bronce Oni","src":"https:\/\/i0.wp.com\/www.supeinnihonto.com\/wp-content\/uploads\/2024\/05\/DSC_3791-scaled.jpg?fit=1200%2C800&ssl=1&resize=350%2C200","width":350,"height":200,"srcset":"https:\/\/i0.wp.com\/www.supeinnihonto.com\/wp-content\/uploads\/2024\/05\/DSC_3791-scaled.jpg?fit=1200%2C800&ssl=1&resize=350%2C200 1x, https:\/\/i0.wp.com\/www.supeinnihonto.com\/wp-content\/uploads\/2024\/05\/DSC_3791-scaled.jpg?fit=1200%2C800&ssl=1&resize=525%2C300 1.5x, https:\/\/i0.wp.com\/www.supeinnihonto.com\/wp-content\/uploads\/2024\/05\/DSC_3791-scaled.jpg?fit=1200%2C800&ssl=1&resize=700%2C400 2x, https:\/\/i0.wp.com\/www.supeinnihonto.com\/wp-content\/uploads\/2024\/05\/DSC_3791-scaled.jpg?fit=1200%2C800&ssl=1&resize=1050%2C600 3x"},"classes":[]},{"id":14479,"url":"https:\/\/www.supeinnihonto.com\/fr\/produit\/fuchi-kashira-en-shakudo-riviere-uji\/","url_meta":{"origin":14659,"position":5},"title":"Fuchi-kashira en shakud\u014d, rivi\u00e8re Uji","author":"Supein Nihonto","date":"14 de mai de 2024","format":false,"excerpt":"Objet : Fuchi-kashira en shakud\u014d, rivi\u00e8re Uji. Nanako en shakud\u014d cisel\u00e9 en relief et incrust\u00e9 d\u2019or ainsi que d\u2019autres m\u00e9taux et alliages. Sc\u00e8ne historique repr\u00e9sentant Genta Kagesue et Sasaki Takatsuna traversant la rivi\u00e8re Uji \u00e0 la course. Relief remarquable. P\u00e9riode Edo. Fuchi : 4 x 2,4 cm Kashira : 3,5\u2026","rel":"","context":"Article similaire","block_context":{"text":"Article similaire","link":""},"img":{"alt_text":"Fuchi kashira shakudo uji river","src":"https:\/\/i0.wp.com\/www.supeinnihonto.com\/wp-content\/uploads\/2024\/05\/DSC_3839-scaled.jpg?fit=1200%2C800&ssl=1&resize=350%2C200","width":350,"height":200,"srcset":"https:\/\/i0.wp.com\/www.supeinnihonto.com\/wp-content\/uploads\/2024\/05\/DSC_3839-scaled.jpg?fit=1200%2C800&ssl=1&resize=350%2C200 1x, https:\/\/i0.wp.com\/www.supeinnihonto.com\/wp-content\/uploads\/2024\/05\/DSC_3839-scaled.jpg?fit=1200%2C800&ssl=1&resize=525%2C300 1.5x, https:\/\/i0.wp.com\/www.supeinnihonto.com\/wp-content\/uploads\/2024\/05\/DSC_3839-scaled.jpg?fit=1200%2C800&ssl=1&resize=700%2C400 2x, https:\/\/i0.wp.com\/www.supeinnihonto.com\/wp-content\/uploads\/2024\/05\/DSC_3839-scaled.jpg?fit=1200%2C800&ssl=1&resize=1050%2C600 3x"},"classes":[]}],"jetpack_sharing_enabled":true,"_links":{"self":[{"href":"https:\/\/www.supeinnihonto.com\/fr\/wp-json\/wp\/v2\/product\/14659","targetHints":{"allow":["GET"]}}],"collection":[{"href":"https:\/\/www.supeinnihonto.com\/fr\/wp-json\/wp\/v2\/product"}],"about":[{"href":"https:\/\/www.supeinnihonto.com\/fr\/wp-json\/wp\/v2\/types\/product"}],"wp:featuredmedia":[{"embeddable":true,"href":"https:\/\/www.supeinnihonto.com\/fr\/wp-json\/wp\/v2\/media\/14660"}],"wp:attachment":[{"href":"https:\/\/www.supeinnihonto.com\/fr\/wp-json\/wp\/v2\/media?parent=14659"}],"wp:term":[{"taxonomy":"product_brand","embeddable":true,"href":"https:\/\/www.supeinnihonto.com\/fr\/wp-json\/wp\/v2\/product_brand?post=14659"},{"taxonomy":"product_cat","embeddable":true,"href":"https:\/\/www.supeinnihonto.com\/fr\/wp-json\/wp\/v2\/product_cat?post=14659"},{"taxonomy":"product_tag","embeddable":true,"href":"https:\/\/www.supeinnihonto.com\/fr\/wp-json\/wp\/v2\/product_tag?post=14659"}],"curies":[{"name":"wp","href":"https:\/\/api.w.org\/{rel}","templated":true}]}}