{"id":14543,"date":"2024-05-07T09:55:03","date_gmt":"2024-05-07T09:55:03","guid":{"rendered":"https:\/\/www.supeinnihonto.com\/product\/nademarugata-copper-dragon-tsuba\/"},"modified":"2025-12-14T22:48:51","modified_gmt":"2025-12-14T22:48:51","slug":"nademarugata-copper-dragon-tsuba","status":"publish","type":"product","link":"https:\/\/www.supeinnihonto.com\/fr\/produit\/nademarugata-copper-dragon-tsuba\/","title":{"rendered":"Tsuba en cuivre Nademarugata avec dragon"},"content":{"rendered":"<p><span>ARTICLE :<\/span><\/p>\n<p><span>Il est accompagn\u00e9 d&rsquo;un certificat de SupeinNihonto.<\/span><\/p>\n<p><span>Tsuba Nademarugata en cuivre repr\u00e9sentant un dragon. Tsuba magnifique et rare avec un travail ajour\u00e9 de haute qualit\u00e9. R\u00e9alis\u00e9e en cuivre avec des incrustations d&rsquo;or repr\u00e9sentant un dragon. Travail de gravure magnifique, riche en d\u00e9tails dans les \u00e9cailles et les griffes. P\u00e9riode Edo.<\/span><\/p>\n<p>7,0 x 6,5 cm<\/p>\n<p><span>\u00c0 PROPOS DE NOUS :<\/span><\/p>\n<p><span>Chez Supein Nihonto, nous nous effor\u00e7ons de vous proposer des sabres et armures de samoura\u00ef de haute qualit\u00e9 \u00e0 des prix bien inf\u00e9rieurs \u00e0 ceux de la concurrence. Nous sommes probablement le plus grand exportateur en Europe et nous sommes fiers d&rsquo;annoncer que nous sommes le vendeur num\u00e9ro un TOP SELLER dans les ench\u00e8res Samurai et Japonaises sur Catawiki. Cela est particuli\u00e8rement important pour \u00e9conomiser sur les taxes et les d\u00e9lais d&rsquo;attente qui peuvent d\u00e9passer quatre mois avec les vendeurs japonais, ainsi que les tracas li\u00e9s \u00e0 des processus fastidieux et parfois probl\u00e9matiques qui allongent encore les d\u00e9lais de livraison, allant jusqu&rsquo;au retour du colis \u00e0 son origine et plus de 35 % suppl\u00e9mentaires sur le prix final en raison des douanes, tarifs et frais qui augmentent le co\u00fbt du produit mais pas sa qualit\u00e9 ni sa revente future. Nous sommes \u00e9galement des vendeurs professionnels et, par cons\u00e9quent, notre garantie de satisfaction, nos connaissances et nos standards sont sup\u00e9rieurs \u00e0 ceux des vendeurs priv\u00e9s, avec des garanties apr\u00e8s-vente plus \u00e9lev\u00e9es. Gr\u00e2ce \u00e0 cela, aux prix professionnels les plus bas du secteur ainsi qu&rsquo;\u00e0 notre m\u00e9thode d&rsquo;exp\u00e9dition rapide et efficace qui d\u00e9passe rarement trois jours de livraison en Europe, nous sommes s\u00fbrs que vous appr\u00e9cierez cette excellente opportunit\u00e9 de poss\u00e9der une \u0153uvre d&rsquo;art qui prendra de la valeur au fil des ans et constituera un excellent investissement. Faites-nous confiance pour appr\u00e9cier l&rsquo;art samoura\u00ef.<\/span><\/p>\n","protected":false},"excerpt":{"rendered":"<p>ARTICLE : Il est accompagn\u00e9 d&rsquo;un certificat de SupeinNihonto. Tsuba Nademarugata en cuivre repr\u00e9sentant un dragon. Tsuba magnifique et rare avec un travail ajour\u00e9 de haute qualit\u00e9. R\u00e9alis\u00e9e en cuivre avec des incrustations d&rsquo;or repr\u00e9sentant un dragon. Travail de gravure magnifique, riche en d\u00e9tails dans les \u00e9cailles et les griffes. [&hellip;]<\/p>\n","protected":false},"featured_media":10954,"template":"","meta":{"jetpack_post_was_ever_published":false},"product_brand":[],"product_cat":[552,556],"product_tag":[484],"class_list":{"0":"post-14543","1":"product","2":"type-product","3":"status-publish","4":"has-post-thumbnail","6":"product_cat-tosogu","7":"product_cat-tsuba","8":"product_tag-vendu","9":"product_shipping_class-leger","11":"first","12":"outofstock","13":"sold-individually","14":"shipping-taxable","15":"purchasable","16":"product-type-simple"},"yoast_head":"<!-- This site is optimized with the Yoast SEO plugin v27.3 - https:\/\/yoast.com\/product\/yoast-seo-wordpress\/ -->\n<title>Tsuba en cuivre Nademarugata avec dragon - Supein Nihonto<\/title>\n<meta name=\"description\" content=\"Nademarugata copper dragon tsuba. Beautiful and rare tsuba with openwork of high quality. Made in copper with gold inlays representing a dragon.\" \/>\n<meta name=\"robots\" content=\"index, follow, max-snippet:-1, max-image-preview:large, max-video-preview:-1\" \/>\n<link rel=\"canonical\" href=\"https:\/\/www.supeinnihonto.com\/fr\/produit\/nademarugata-copper-dragon-tsuba\/\" \/>\n<meta property=\"og:locale\" content=\"fr_FR\" \/>\n<meta property=\"og:type\" content=\"article\" \/>\n<meta property=\"og:title\" content=\"Tsuba en cuivre Nademarugata avec dragon - Supein Nihonto\" \/>\n<meta property=\"og:description\" content=\"Nademarugata copper dragon tsuba. Beautiful and rare tsuba with openwork of high quality. Made in copper with gold inlays representing a dragon.\" \/>\n<meta property=\"og:url\" content=\"https:\/\/www.supeinnihonto.com\/fr\/produit\/nademarugata-copper-dragon-tsuba\/\" \/>\n<meta property=\"og:site_name\" content=\"Supein Nihonto\" \/>\n<meta property=\"article:modified_time\" content=\"2025-12-14T22:48:51+00:00\" \/>\n<meta property=\"og:image\" content=\"https:\/\/www.supeinnihonto.com\/wp-content\/uploads\/2024\/02\/logo-sold.png\" \/>\n\t<meta property=\"og:image:width\" content=\"3125\" \/>\n\t<meta property=\"og:image:height\" content=\"1875\" \/>\n\t<meta property=\"og:image:type\" content=\"image\/png\" \/>\n<meta name=\"twitter:card\" content=\"summary_large_image\" \/>\n<meta name=\"twitter:label1\" content=\"Dur\u00e9e de lecture estim\u00e9e\" \/>\n\t<meta name=\"twitter:data1\" content=\"2 minutes\" \/>\n<script type=\"application\/ld+json\" class=\"yoast-schema-graph\">{\"@context\":\"https:\\\/\\\/schema.org\",\"@graph\":[{\"@type\":\"WebPage\",\"@id\":\"https:\\\/\\\/www.supeinnihonto.com\\\/fr\\\/produit\\\/nademarugata-copper-dragon-tsuba\\\/\",\"url\":\"https:\\\/\\\/www.supeinnihonto.com\\\/fr\\\/produit\\\/nademarugata-copper-dragon-tsuba\\\/\",\"name\":\"Tsuba en cuivre Nademarugata avec dragon - Supein Nihonto\",\"isPartOf\":{\"@id\":\"https:\\\/\\\/www.supeinnihonto.com\\\/fr\\\/#website\"},\"primaryImageOfPage\":{\"@id\":\"https:\\\/\\\/www.supeinnihonto.com\\\/fr\\\/produit\\\/nademarugata-copper-dragon-tsuba\\\/#primaryimage\"},\"image\":{\"@id\":\"https:\\\/\\\/www.supeinnihonto.com\\\/fr\\\/produit\\\/nademarugata-copper-dragon-tsuba\\\/#primaryimage\"},\"thumbnailUrl\":\"https:\\\/\\\/i0.wp.com\\\/www.supeinnihonto.com\\\/wp-content\\\/uploads\\\/2024\\\/02\\\/logo-sold-scaled.png?fit=3125%2C1875&ssl=1\",\"datePublished\":\"2024-05-07T09:55:03+00:00\",\"dateModified\":\"2025-12-14T22:48:51+00:00\",\"description\":\"Nademarugata copper dragon tsuba. Beautiful and rare tsuba with openwork of high quality. Made in copper with gold inlays representing a dragon.\",\"breadcrumb\":{\"@id\":\"https:\\\/\\\/www.supeinnihonto.com\\\/fr\\\/produit\\\/nademarugata-copper-dragon-tsuba\\\/#breadcrumb\"},\"inLanguage\":\"fr-FR\",\"potentialAction\":[{\"@type\":\"ReadAction\",\"target\":[\"https:\\\/\\\/www.supeinnihonto.com\\\/fr\\\/produit\\\/nademarugata-copper-dragon-tsuba\\\/\"]}]},{\"@type\":\"ImageObject\",\"inLanguage\":\"fr-FR\",\"@id\":\"https:\\\/\\\/www.supeinnihonto.com\\\/fr\\\/produit\\\/nademarugata-copper-dragon-tsuba\\\/#primaryimage\",\"url\":\"https:\\\/\\\/i0.wp.com\\\/www.supeinnihonto.com\\\/wp-content\\\/uploads\\\/2024\\\/02\\\/logo-sold-scaled.png?fit=3125%2C1875&ssl=1\",\"contentUrl\":\"https:\\\/\\\/i0.wp.com\\\/www.supeinnihonto.com\\\/wp-content\\\/uploads\\\/2024\\\/02\\\/logo-sold-scaled.png?fit=3125%2C1875&ssl=1\",\"width\":3125,\"height\":1875,\"caption\":\"sold\"},{\"@type\":\"BreadcrumbList\",\"@id\":\"https:\\\/\\\/www.supeinnihonto.com\\\/fr\\\/produit\\\/nademarugata-copper-dragon-tsuba\\\/#breadcrumb\",\"itemListElement\":[{\"@type\":\"ListItem\",\"position\":1,\"name\":\"Portada\",\"item\":\"https:\\\/\\\/www.supeinnihonto.com\\\/fr\\\/\"},{\"@type\":\"ListItem\",\"position\":2,\"name\":\"Shop\",\"item\":\"https:\\\/\\\/www.supeinnihonto.com\\\/fr\\\/shop\\\/\"},{\"@type\":\"ListItem\",\"position\":3,\"name\":\"Tsuba en cuivre Nademarugata avec dragon\"}]},{\"@type\":\"WebSite\",\"@id\":\"https:\\\/\\\/www.supeinnihonto.com\\\/fr\\\/#website\",\"url\":\"https:\\\/\\\/www.supeinnihonto.com\\\/fr\\\/\",\"name\":\"Supein Nihonto\",\"description\":\"Authentic japanese Nihonto katana \",\"publisher\":{\"@id\":\"https:\\\/\\\/www.supeinnihonto.com\\\/fr\\\/#organization\"},\"potentialAction\":[{\"@type\":\"SearchAction\",\"target\":{\"@type\":\"EntryPoint\",\"urlTemplate\":\"https:\\\/\\\/www.supeinnihonto.com\\\/fr\\\/?s={search_term_string}\"},\"query-input\":{\"@type\":\"PropertyValueSpecification\",\"valueRequired\":true,\"valueName\":\"search_term_string\"}}],\"inLanguage\":\"fr-FR\"},{\"@type\":\"Organization\",\"@id\":\"https:\\\/\\\/www.supeinnihonto.com\\\/fr\\\/#organization\",\"name\":\"SupeinNihonto\",\"url\":\"https:\\\/\\\/www.supeinnihonto.com\\\/fr\\\/\",\"logo\":{\"@type\":\"ImageObject\",\"inLanguage\":\"fr-FR\",\"@id\":\"https:\\\/\\\/www.supeinnihonto.com\\\/fr\\\/#\\\/schema\\\/logo\\\/image\\\/\",\"url\":\"https:\\\/\\\/www.supeinnihonto.com\\\/wp-content\\\/uploads\\\/2021\\\/11\\\/animation_Default_3szk0jcenoloop.gif\",\"contentUrl\":\"https:\\\/\\\/www.supeinnihonto.com\\\/wp-content\\\/uploads\\\/2021\\\/11\\\/animation_Default_3szk0jcenoloop.gif\",\"width\":750,\"height\":641,\"caption\":\"SupeinNihonto\"},\"image\":{\"@id\":\"https:\\\/\\\/www.supeinnihonto.com\\\/fr\\\/#\\\/schema\\\/logo\\\/image\\\/\"}}]}<\/script>\n<!-- \/ Yoast SEO plugin. -->","yoast_head_json":{"title":"Tsuba en cuivre Nademarugata avec dragon - Supein Nihonto","description":"Nademarugata copper dragon tsuba. Beautiful and rare tsuba with openwork of high quality. Made in copper with gold inlays representing a dragon.","robots":{"index":"index","follow":"follow","max-snippet":"max-snippet:-1","max-image-preview":"max-image-preview:large","max-video-preview":"max-video-preview:-1"},"canonical":"https:\/\/www.supeinnihonto.com\/fr\/produit\/nademarugata-copper-dragon-tsuba\/","og_locale":"fr_FR","og_type":"article","og_title":"Tsuba en cuivre Nademarugata avec dragon - Supein Nihonto","og_description":"Nademarugata copper dragon tsuba. Beautiful and rare tsuba with openwork of high quality. Made in copper with gold inlays representing a dragon.","og_url":"https:\/\/www.supeinnihonto.com\/fr\/produit\/nademarugata-copper-dragon-tsuba\/","og_site_name":"Supein Nihonto","article_modified_time":"2025-12-14T22:48:51+00:00","og_image":[{"width":3125,"height":1875,"url":"https:\/\/www.supeinnihonto.com\/wp-content\/uploads\/2024\/02\/logo-sold.png","type":"image\/png"}],"twitter_card":"summary_large_image","twitter_misc":{"Dur\u00e9e de lecture estim\u00e9e":"2 minutes"},"schema":{"@context":"https:\/\/schema.org","@graph":[{"@type":"WebPage","@id":"https:\/\/www.supeinnihonto.com\/fr\/produit\/nademarugata-copper-dragon-tsuba\/","url":"https:\/\/www.supeinnihonto.com\/fr\/produit\/nademarugata-copper-dragon-tsuba\/","name":"Tsuba en cuivre Nademarugata avec dragon - Supein Nihonto","isPartOf":{"@id":"https:\/\/www.supeinnihonto.com\/fr\/#website"},"primaryImageOfPage":{"@id":"https:\/\/www.supeinnihonto.com\/fr\/produit\/nademarugata-copper-dragon-tsuba\/#primaryimage"},"image":{"@id":"https:\/\/www.supeinnihonto.com\/fr\/produit\/nademarugata-copper-dragon-tsuba\/#primaryimage"},"thumbnailUrl":"https:\/\/i0.wp.com\/www.supeinnihonto.com\/wp-content\/uploads\/2024\/02\/logo-sold-scaled.png?fit=3125%2C1875&ssl=1","datePublished":"2024-05-07T09:55:03+00:00","dateModified":"2025-12-14T22:48:51+00:00","description":"Nademarugata copper dragon tsuba. Beautiful and rare tsuba with openwork of high quality. Made in copper with gold inlays representing a dragon.","breadcrumb":{"@id":"https:\/\/www.supeinnihonto.com\/fr\/produit\/nademarugata-copper-dragon-tsuba\/#breadcrumb"},"inLanguage":"fr-FR","potentialAction":[{"@type":"ReadAction","target":["https:\/\/www.supeinnihonto.com\/fr\/produit\/nademarugata-copper-dragon-tsuba\/"]}]},{"@type":"ImageObject","inLanguage":"fr-FR","@id":"https:\/\/www.supeinnihonto.com\/fr\/produit\/nademarugata-copper-dragon-tsuba\/#primaryimage","url":"https:\/\/i0.wp.com\/www.supeinnihonto.com\/wp-content\/uploads\/2024\/02\/logo-sold-scaled.png?fit=3125%2C1875&ssl=1","contentUrl":"https:\/\/i0.wp.com\/www.supeinnihonto.com\/wp-content\/uploads\/2024\/02\/logo-sold-scaled.png?fit=3125%2C1875&ssl=1","width":3125,"height":1875,"caption":"sold"},{"@type":"BreadcrumbList","@id":"https:\/\/www.supeinnihonto.com\/fr\/produit\/nademarugata-copper-dragon-tsuba\/#breadcrumb","itemListElement":[{"@type":"ListItem","position":1,"name":"Portada","item":"https:\/\/www.supeinnihonto.com\/fr\/"},{"@type":"ListItem","position":2,"name":"Shop","item":"https:\/\/www.supeinnihonto.com\/fr\/shop\/"},{"@type":"ListItem","position":3,"name":"Tsuba en cuivre Nademarugata avec dragon"}]},{"@type":"WebSite","@id":"https:\/\/www.supeinnihonto.com\/fr\/#website","url":"https:\/\/www.supeinnihonto.com\/fr\/","name":"Supein Nihonto","description":"Authentic japanese Nihonto katana ","publisher":{"@id":"https:\/\/www.supeinnihonto.com\/fr\/#organization"},"potentialAction":[{"@type":"SearchAction","target":{"@type":"EntryPoint","urlTemplate":"https:\/\/www.supeinnihonto.com\/fr\/?s={search_term_string}"},"query-input":{"@type":"PropertyValueSpecification","valueRequired":true,"valueName":"search_term_string"}}],"inLanguage":"fr-FR"},{"@type":"Organization","@id":"https:\/\/www.supeinnihonto.com\/fr\/#organization","name":"SupeinNihonto","url":"https:\/\/www.supeinnihonto.com\/fr\/","logo":{"@type":"ImageObject","inLanguage":"fr-FR","@id":"https:\/\/www.supeinnihonto.com\/fr\/#\/schema\/logo\/image\/","url":"https:\/\/www.supeinnihonto.com\/wp-content\/uploads\/2021\/11\/animation_Default_3szk0jcenoloop.gif","contentUrl":"https:\/\/www.supeinnihonto.com\/wp-content\/uploads\/2021\/11\/animation_Default_3szk0jcenoloop.gif","width":750,"height":641,"caption":"SupeinNihonto"},"image":{"@id":"https:\/\/www.supeinnihonto.com\/fr\/#\/schema\/logo\/image\/"}}]}},"jetpack-related-posts":[{"id":14535,"url":"https:\/\/www.supeinnihonto.com\/fr\/produit\/nademarugata-bronce-openwork-tsuba\/","url_meta":{"origin":14543,"position":0},"title":"Tsuba en bronze ajour\u00e9 Nademarugata","author":"Supein Nihonto","date":"7 de mai de 2024","format":false,"excerpt":"ARTICLE : Il est accompagn\u00e9 d'un certificat de SupeinNihonto. Tsuba Nademarugata en bronze ajour\u00e9. Magnifique tsuba en bronze ajour\u00e9 avec visage en cuivre incrust\u00e9. 5,7 x 4,5 cm \u00c0 PROPOS DE NOUS : Chez Supein Nihonto, nous nous effor\u00e7ons de vous proposer des sabres et armures de samoura\u00ef de haute\u2026","rel":"","context":"Article similaire","block_context":{"text":"Article similaire","link":""},"img":{"alt_text":"sold","src":"https:\/\/i0.wp.com\/www.supeinnihonto.com\/wp-content\/uploads\/2024\/02\/logo-sold-scaled.png?fit=1200%2C720&ssl=1&resize=350%2C200","width":350,"height":200,"srcset":"https:\/\/i0.wp.com\/www.supeinnihonto.com\/wp-content\/uploads\/2024\/02\/logo-sold-scaled.png?fit=1200%2C720&ssl=1&resize=350%2C200 1x, https:\/\/i0.wp.com\/www.supeinnihonto.com\/wp-content\/uploads\/2024\/02\/logo-sold-scaled.png?fit=1200%2C720&ssl=1&resize=525%2C300 1.5x, https:\/\/i0.wp.com\/www.supeinnihonto.com\/wp-content\/uploads\/2024\/02\/logo-sold-scaled.png?fit=1200%2C720&ssl=1&resize=700%2C400 2x, https:\/\/i0.wp.com\/www.supeinnihonto.com\/wp-content\/uploads\/2024\/02\/logo-sold-scaled.png?fit=1200%2C720&ssl=1&resize=1050%2C600 3x"},"classes":[]},{"id":45204,"url":"https:\/\/www.supeinnihonto.com\/fr\/produit\/tsuba-marugata-en-cuivre-a-motif-de-carpe-koi-certifiee-nbthk-hozon-6\/","url_meta":{"origin":14543,"position":1},"title":"Tsuba marugata en cuivre \u00e0 motif de carpe (koi), certifi\u00e9e NBTHK Hozon.","author":"Eric Majo","date":"1 de mars de 2026","format":false,"excerpt":"ARTICLE : Livr\u00e9 avec certificat de Supein Nihonto. Livr\u00e9 avec certificat NBTHK Hozon. Fourni avec une bo\u00eete en bois. Magnifique tsuba en cuivre du XIX\u1d49 si\u00e8cle, sign\u00e9e, avec bordure et reliefs en shakud\u014d (alliage d\u2019or et de cuivre), repr\u00e9sentant une carpe dont les yeux sont sertis d\u2019or. Une \u0153uvre d\u2019art\u2026","rel":"","context":"Article similaire","block_context":{"text":"Article similaire","link":""},"img":{"alt_text":"Dragon tsuba a vendre","src":"https:\/\/i0.wp.com\/www.supeinnihonto.com\/wp-content\/uploads\/2026\/03\/DSC_6473-scaled.jpg?fit=1200%2C800&ssl=1&resize=350%2C200","width":350,"height":200,"srcset":"https:\/\/i0.wp.com\/www.supeinnihonto.com\/wp-content\/uploads\/2026\/03\/DSC_6473-scaled.jpg?fit=1200%2C800&ssl=1&resize=350%2C200 1x, https:\/\/i0.wp.com\/www.supeinnihonto.com\/wp-content\/uploads\/2026\/03\/DSC_6473-scaled.jpg?fit=1200%2C800&ssl=1&resize=525%2C300 1.5x, https:\/\/i0.wp.com\/www.supeinnihonto.com\/wp-content\/uploads\/2026\/03\/DSC_6473-scaled.jpg?fit=1200%2C800&ssl=1&resize=700%2C400 2x, https:\/\/i0.wp.com\/www.supeinnihonto.com\/wp-content\/uploads\/2026\/03\/DSC_6473-scaled.jpg?fit=1200%2C800&ssl=1&resize=1050%2C600 3x"},"classes":[]},{"id":45167,"url":"https:\/\/www.supeinnihonto.com\/fr\/produit\/tsuba-marugata-en-cuivre-a-motif-de-carpe-koi-certifiee-nbthk-hozon-7\/","url_meta":{"origin":14543,"position":2},"title":"Tsuba marugata en cuivre \u00e0 motif de carpe (koi), certifi\u00e9e NBTHK Hozon.","author":"Eric Majo","date":"1 de mars de 2026","format":false,"excerpt":"ARTICLE : Livr\u00e9 avec certificat de Supein Nihonto. Livr\u00e9 avec certificat NBTHK Hozon. Fourni avec une bo\u00eete en bois. Magnifique tsuba en cuivre du XIX\u1d49 si\u00e8cle, sign\u00e9e, avec bordure et reliefs en shakud\u014d (alliage d\u2019or et de cuivre), repr\u00e9sentant une carpe dont les yeux sont sertis d\u2019or. Une \u0153uvre d\u2019art\u2026","rel":"","context":"Article similaire","block_context":{"text":"Article similaire","link":""},"img":{"alt_text":"","src":"https:\/\/i0.wp.com\/www.supeinnihonto.com\/wp-content\/uploads\/2026\/03\/DSC_6492-scaled.jpg?fit=1200%2C800&ssl=1&resize=350%2C200","width":350,"height":200,"srcset":"https:\/\/i0.wp.com\/www.supeinnihonto.com\/wp-content\/uploads\/2026\/03\/DSC_6492-scaled.jpg?fit=1200%2C800&ssl=1&resize=350%2C200 1x, https:\/\/i0.wp.com\/www.supeinnihonto.com\/wp-content\/uploads\/2026\/03\/DSC_6492-scaled.jpg?fit=1200%2C800&ssl=1&resize=525%2C300 1.5x, https:\/\/i0.wp.com\/www.supeinnihonto.com\/wp-content\/uploads\/2026\/03\/DSC_6492-scaled.jpg?fit=1200%2C800&ssl=1&resize=700%2C400 2x, https:\/\/i0.wp.com\/www.supeinnihonto.com\/wp-content\/uploads\/2026\/03\/DSC_6492-scaled.jpg?fit=1200%2C800&ssl=1&resize=1050%2C600 3x"},"classes":[]},{"id":45120,"url":"https:\/\/www.supeinnihonto.com\/fr\/produit\/tsuba-marugata-en-cuivre-a-motif-de-carpe-koi-certifiee-nbthk-hozon-9\/","url_meta":{"origin":14543,"position":3},"title":"Tsuba marugata en cuivre \u00e0 motif de carpe (koi), certifi\u00e9e NBTHK Hozon.","author":"Eric Majo","date":"1 de mars de 2026","format":false,"excerpt":"ARTICLE : Livr\u00e9 avec certificat de Supein Nihonto. Livr\u00e9 avec certificat NBTHK Hozon. Fourni avec une bo\u00eete en bois. Magnifique tsuba en cuivre du XIX\u1d49 si\u00e8cle, sign\u00e9e, avec bordure et reliefs en shakud\u014d (alliage d\u2019or et de cuivre), repr\u00e9sentant une carpe dont les yeux sont sertis d\u2019or. Une \u0153uvre d\u2019art\u2026","rel":"","context":"Article similaire","block_context":{"text":"Article similaire","link":""},"img":{"alt_text":"","src":"https:\/\/i0.wp.com\/www.supeinnihonto.com\/wp-content\/uploads\/2026\/03\/DSC_6430-scaled.jpg?fit=1200%2C800&ssl=1&resize=350%2C200","width":350,"height":200,"srcset":"https:\/\/i0.wp.com\/www.supeinnihonto.com\/wp-content\/uploads\/2026\/03\/DSC_6430-scaled.jpg?fit=1200%2C800&ssl=1&resize=350%2C200 1x, https:\/\/i0.wp.com\/www.supeinnihonto.com\/wp-content\/uploads\/2026\/03\/DSC_6430-scaled.jpg?fit=1200%2C800&ssl=1&resize=525%2C300 1.5x, https:\/\/i0.wp.com\/www.supeinnihonto.com\/wp-content\/uploads\/2026\/03\/DSC_6430-scaled.jpg?fit=1200%2C800&ssl=1&resize=700%2C400 2x, https:\/\/i0.wp.com\/www.supeinnihonto.com\/wp-content\/uploads\/2026\/03\/DSC_6430-scaled.jpg?fit=1200%2C800&ssl=1&resize=1050%2C600 3x"},"classes":[]},{"id":12406,"url":"https:\/\/www.supeinnihonto.com\/fr\/produit\/tsuba-marugata-en-cuivre-a-motif-de-carpe-koi-certifiee-nbthk-hozon\/","url_meta":{"origin":14543,"position":4},"title":"Tsuba marugata en cuivre \u00e0 motif de carpe (koi), certifi\u00e9e NBTHK Hozon.","author":"Eric Majo","date":"11 de novembre de 2024","format":false,"excerpt":"ARTICLE : Livr\u00e9 avec certificat de Supein Nihonto. Livr\u00e9 avec certificat NBTHK Hozon. Fourni avec une bo\u00eete en bois. Magnifique tsuba en cuivre du XIX\u1d49 si\u00e8cle, sign\u00e9e, avec bordure et reliefs en shakud\u014d (alliage d\u2019or et de cuivre), repr\u00e9sentant une carpe dont les yeux sont sertis d\u2019or. Une \u0153uvre d\u2019art\u2026","rel":"","context":"Article similaire","block_context":{"text":"Article similaire","link":""},"img":{"alt_text":"Marugata copper koi tsuba NBTHK hozon","src":"https:\/\/i0.wp.com\/www.supeinnihonto.com\/wp-content\/uploads\/2024\/11\/DSC1819-scaled.jpg?fit=1200%2C800&ssl=1&resize=350%2C200","width":350,"height":200,"srcset":"https:\/\/i0.wp.com\/www.supeinnihonto.com\/wp-content\/uploads\/2024\/11\/DSC1819-scaled.jpg?fit=1200%2C800&ssl=1&resize=350%2C200 1x, https:\/\/i0.wp.com\/www.supeinnihonto.com\/wp-content\/uploads\/2024\/11\/DSC1819-scaled.jpg?fit=1200%2C800&ssl=1&resize=525%2C300 1.5x, https:\/\/i0.wp.com\/www.supeinnihonto.com\/wp-content\/uploads\/2024\/11\/DSC1819-scaled.jpg?fit=1200%2C800&ssl=1&resize=700%2C400 2x, https:\/\/i0.wp.com\/www.supeinnihonto.com\/wp-content\/uploads\/2024\/11\/DSC1819-scaled.jpg?fit=1200%2C800&ssl=1&resize=1050%2C600 3x"},"classes":[]},{"id":45250,"url":"https:\/\/www.supeinnihonto.com\/fr\/produit\/tsuba-marugata-en-cuivre-a-motif-de-carpe-koi-certifiee-nbthk-hozon-3\/","url_meta":{"origin":14543,"position":5},"title":"Tsuba marugata en cuivre \u00e0 motif de carpe (koi), certifi\u00e9e NBTHK Hozon.","author":"Eric Majo","date":"1 de mars de 2026","format":false,"excerpt":"ARTICLE : Livr\u00e9 avec certificat de Supein Nihonto. Livr\u00e9 avec certificat NBTHK Hozon. Fourni avec une bo\u00eete en bois. Magnifique tsuba en cuivre du XIX\u1d49 si\u00e8cle, sign\u00e9e, avec bordure et reliefs en shakud\u014d (alliage d\u2019or et de cuivre), repr\u00e9sentant une carpe dont les yeux sont sertis d\u2019or. Une \u0153uvre d\u2019art\u2026","rel":"","context":"Article similaire","block_context":{"text":"Article similaire","link":""},"img":{"alt_text":"Tsuba koi Meiji period","src":"https:\/\/i0.wp.com\/www.supeinnihonto.com\/wp-content\/uploads\/2026\/03\/DSC_6545-scaled.jpg?fit=1200%2C800&ssl=1&resize=350%2C200","width":350,"height":200,"srcset":"https:\/\/i0.wp.com\/www.supeinnihonto.com\/wp-content\/uploads\/2026\/03\/DSC_6545-scaled.jpg?fit=1200%2C800&ssl=1&resize=350%2C200 1x, https:\/\/i0.wp.com\/www.supeinnihonto.com\/wp-content\/uploads\/2026\/03\/DSC_6545-scaled.jpg?fit=1200%2C800&ssl=1&resize=525%2C300 1.5x, https:\/\/i0.wp.com\/www.supeinnihonto.com\/wp-content\/uploads\/2026\/03\/DSC_6545-scaled.jpg?fit=1200%2C800&ssl=1&resize=700%2C400 2x, https:\/\/i0.wp.com\/www.supeinnihonto.com\/wp-content\/uploads\/2026\/03\/DSC_6545-scaled.jpg?fit=1200%2C800&ssl=1&resize=1050%2C600 3x"},"classes":[]}],"jetpack_sharing_enabled":true,"_links":{"self":[{"href":"https:\/\/www.supeinnihonto.com\/fr\/wp-json\/wp\/v2\/product\/14543","targetHints":{"allow":["GET"]}}],"collection":[{"href":"https:\/\/www.supeinnihonto.com\/fr\/wp-json\/wp\/v2\/product"}],"about":[{"href":"https:\/\/www.supeinnihonto.com\/fr\/wp-json\/wp\/v2\/types\/product"}],"wp:featuredmedia":[{"embeddable":true,"href":"https:\/\/www.supeinnihonto.com\/fr\/wp-json\/wp\/v2\/media\/10954"}],"wp:attachment":[{"href":"https:\/\/www.supeinnihonto.com\/fr\/wp-json\/wp\/v2\/media?parent=14543"}],"wp:term":[{"taxonomy":"product_brand","embeddable":true,"href":"https:\/\/www.supeinnihonto.com\/fr\/wp-json\/wp\/v2\/product_brand?post=14543"},{"taxonomy":"product_cat","embeddable":true,"href":"https:\/\/www.supeinnihonto.com\/fr\/wp-json\/wp\/v2\/product_cat?post=14543"},{"taxonomy":"product_tag","embeddable":true,"href":"https:\/\/www.supeinnihonto.com\/fr\/wp-json\/wp\/v2\/product_tag?post=14543"}],"curies":[{"name":"wp","href":"https:\/\/api.w.org\/{rel}","templated":true}]}}