{"id":14471,"date":"2024-05-14T11:11:46","date_gmt":"2024-05-14T11:11:46","guid":{"rendered":"https:\/\/www.supeinnihonto.com\/product\/fuchi-kashira-shakudo-scene\/"},"modified":"2025-12-27T12:59:16","modified_gmt":"2025-12-27T12:59:16","slug":"fuchi-kashira-en-shakudo-scene-historique","status":"publish","type":"product","link":"https:\/\/www.supeinnihonto.com\/fr\/produit\/fuchi-kashira-en-shakudo-scene-historique\/","title":{"rendered":"Fuchi-kashira en shakud\u014d, sc\u00e8ne historique"},"content":{"rendered":"<div><em><strong>Article :<\/strong><\/em><\/div>\n<div><\/div>\n<div><span>Sc\u00e8ne fuchi kashira en shakudo. <i>Shakudo nanako<\/i> cisel\u00e9 en relief et incrust\u00e9 d\u2019or ainsi que d\u2019autres m\u00e9taux et alliages. Une sc\u00e8ne historique non identifi\u00e9e avec des samoura\u00efs, des pins et un cheval. Sign\u00e9 <i>Soheishi Nyudo Soten sei<\/i>. <\/span><span>P\u00e9riode Edo. <\/span><\/div>\n<div><\/div>\n<div>Fuchi : 4 x 2,4 cm<\/div>\n<div>Kashira : 3,4 x 1,8 cm<\/div>\n<div><\/div>\n<div>Convient pour Katana et Wakizashi.<\/div>\n<div><\/div>\n<div class=\"accordion-title active\"><em><strong>Qu\u2019est-ce qu\u2019un fuchi\/kashira ?<\/strong><\/em><br \/>\n<i class=\"fas fa-caret-up\"><\/i><\/div>\n<div class=\"accordion-content active\" id=\"tab3\">\n<p>Un fuchi-kashira est une paire de garnitures de sabre utilis\u00e9es dans le montage traditionnel des sabres japonais (koshirae). Elles sont situ\u00e9es \u00e0 chaque extr\u00e9mit\u00e9 du manche (tsuka) et remplissent des fonctions \u00e0 la fois pratiques et d\u00e9coratives.<\/p>\n<ul>\n<li style=\"list-style-type: none;\">\n<ul>\n<li><strong>Fuchi :<\/strong><span> <\/span>Le fuchi est le col ou la bague qui se trouve \u00e0 la base du manche, adjacent \u00e0 la garde (tsuba). Il agit comme une pi\u00e8ce d\u00e9corative et protectrice, couvrant la jonction entre le manche et la garde. Le fuchi est g\u00e9n\u00e9ralement en m\u00e9tal et peut pr\u00e9senter divers motifs et dessins, souvent en accord avec le th\u00e8me des autres garnitures du sabre telles que les menuki et le tsuba.<\/li>\n<li><strong>Kashira :<\/strong><span> <\/span>Le kashira est le pommeau ou embout du manche du sabre, situ\u00e9 \u00e0 l\u2019extr\u00e9mit\u00e9 oppos\u00e9e \u00e0 la garde (tsuba). Il sert \u00e0 fixer l\u2019enroulement (tsukamaki) du manche et fournit un contrepoids au poids de la lame. Comme le fuchi, le kashira est \u00e9galement g\u00e9n\u00e9ralement en m\u00e9tal et peut \u00eatre orn\u00e9 de motifs ou dessins complexes pour compl\u00e9ter l\u2019esth\u00e9tique globale du sabre.<\/li>\n<\/ul>\n<\/li>\n<\/ul>\n<p>Ensemble, le fuchi et le kashira forment une paire coordonn\u00e9e de garnitures qui contribuent \u00e0 l\u2019attrait visuel et \u00e0 la fonctionnalit\u00e9 du manche du sabre. Ils sont r\u00e9alis\u00e9s avec un grand souci du d\u00e9tail et peuvent varier largement en design, mat\u00e9riau et savoir-faire, refl\u00e9tant le style individuel du forgeron ou les pr\u00e9f\u00e9rences du propri\u00e9taire du sabre.<\/p>\n<\/div>\n","protected":false},"excerpt":{"rendered":"<p>Article : Sc\u00e8ne fuchi kashira en shakudo. Shakudo nanako cisel\u00e9 en relief et incrust\u00e9 d\u2019or ainsi que d\u2019autres m\u00e9taux et alliages. Une sc\u00e8ne historique non identifi\u00e9e avec des samoura\u00efs, des pins et un cheval. Sign\u00e9 Soheishi Nyudo Soten sei. P\u00e9riode Edo. Fuchi : 4 x 2,4 cm Kashira : 3,4 [&hellip;]<\/p>\n","protected":false},"featured_media":14472,"template":"","meta":{"jetpack_post_was_ever_published":false},"product_brand":[],"product_cat":[553],"product_tag":[],"class_list":{"0":"post-14471","1":"product","2":"type-product","3":"status-publish","4":"has-post-thumbnail","6":"product_cat-fuchi-kashira","7":"product_shipping_class-light","9":"first","10":"instock","11":"featured","12":"sold-individually","13":"shipping-taxable","14":"purchasable","15":"product-type-simple"},"yoast_head":"<!-- This site is optimized with the Yoast SEO plugin v27.4 - https:\/\/yoast.com\/product\/yoast-seo-wordpress\/ -->\n<title>Fuchi-kashira en shakud\u014d, sc\u00e8ne historique - Supein Nihonto<\/title>\n<meta name=\"description\" content=\"Nanako en shakud\u014d avec ciselure en relief et incrustations complexes en or et en m\u00e9taux et alliages mixtes, repr\u00e9sentant une sc\u00e8ne historique non identifi\u00e9e avec des samoura\u00efs.\" \/>\n<meta name=\"robots\" content=\"index, follow, max-snippet:-1, max-image-preview:large, max-video-preview:-1\" \/>\n<link rel=\"canonical\" href=\"https:\/\/www.supeinnihonto.com\/fr\/produit\/fuchi-kashira-en-shakudo-scene-historique\/\" \/>\n<meta property=\"og:locale\" content=\"fr_FR\" \/>\n<meta property=\"og:type\" content=\"article\" \/>\n<meta property=\"og:title\" content=\"Fuchi-kashira en shakud\u014d, sc\u00e8ne historique - Supein Nihonto\" \/>\n<meta property=\"og:description\" content=\"Nanako en shakud\u014d avec ciselure en relief et incrustations complexes en or et en m\u00e9taux et alliages mixtes, repr\u00e9sentant une sc\u00e8ne historique non identifi\u00e9e avec des samoura\u00efs.\" \/>\n<meta property=\"og:url\" content=\"https:\/\/www.supeinnihonto.com\/fr\/produit\/fuchi-kashira-en-shakudo-scene-historique\/\" \/>\n<meta property=\"og:site_name\" content=\"Supein Nihonto\" \/>\n<meta property=\"article:modified_time\" content=\"2025-12-27T12:59:16+00:00\" \/>\n<meta property=\"og:image\" content=\"https:\/\/www.supeinnihonto.com\/wp-content\/uploads\/2024\/05\/DSC_3844-scaled.jpg\" \/>\n\t<meta property=\"og:image:width\" content=\"2560\" \/>\n\t<meta property=\"og:image:height\" content=\"1707\" \/>\n\t<meta property=\"og:image:type\" content=\"image\/jpeg\" \/>\n<meta name=\"twitter:card\" content=\"summary_large_image\" \/>\n<meta name=\"twitter:label1\" content=\"Dur\u00e9e de lecture estim\u00e9e\" \/>\n\t<meta name=\"twitter:data1\" content=\"2 minutes\" \/>\n<script type=\"application\/ld+json\" class=\"yoast-schema-graph\">{\"@context\":\"https:\\\/\\\/schema.org\",\"@graph\":[{\"@type\":\"WebPage\",\"@id\":\"https:\\\/\\\/www.supeinnihonto.com\\\/fr\\\/produit\\\/fuchi-kashira-en-shakudo-scene-historique\\\/\",\"url\":\"https:\\\/\\\/www.supeinnihonto.com\\\/fr\\\/produit\\\/fuchi-kashira-en-shakudo-scene-historique\\\/\",\"name\":\"Fuchi-kashira en shakud\u014d, sc\u00e8ne historique - Supein Nihonto\",\"isPartOf\":{\"@id\":\"https:\\\/\\\/www.supeinnihonto.com\\\/fr\\\/#website\"},\"primaryImageOfPage\":{\"@id\":\"https:\\\/\\\/www.supeinnihonto.com\\\/fr\\\/produit\\\/fuchi-kashira-en-shakudo-scene-historique\\\/#primaryimage\"},\"image\":{\"@id\":\"https:\\\/\\\/www.supeinnihonto.com\\\/fr\\\/produit\\\/fuchi-kashira-en-shakudo-scene-historique\\\/#primaryimage\"},\"thumbnailUrl\":\"https:\\\/\\\/i0.wp.com\\\/www.supeinnihonto.com\\\/wp-content\\\/uploads\\\/2024\\\/05\\\/DSC_3844-scaled.jpg?fit=2560%2C1707&ssl=1\",\"datePublished\":\"2024-05-14T11:11:46+00:00\",\"dateModified\":\"2025-12-27T12:59:16+00:00\",\"description\":\"Nanako en shakud\u014d avec ciselure en relief et incrustations complexes en or et en m\u00e9taux et alliages mixtes, repr\u00e9sentant une sc\u00e8ne historique non identifi\u00e9e avec des samoura\u00efs.\",\"breadcrumb\":{\"@id\":\"https:\\\/\\\/www.supeinnihonto.com\\\/fr\\\/produit\\\/fuchi-kashira-en-shakudo-scene-historique\\\/#breadcrumb\"},\"inLanguage\":\"fr-FR\",\"potentialAction\":[{\"@type\":\"ReadAction\",\"target\":[\"https:\\\/\\\/www.supeinnihonto.com\\\/fr\\\/produit\\\/fuchi-kashira-en-shakudo-scene-historique\\\/\"]}]},{\"@type\":\"ImageObject\",\"inLanguage\":\"fr-FR\",\"@id\":\"https:\\\/\\\/www.supeinnihonto.com\\\/fr\\\/produit\\\/fuchi-kashira-en-shakudo-scene-historique\\\/#primaryimage\",\"url\":\"https:\\\/\\\/i0.wp.com\\\/www.supeinnihonto.com\\\/wp-content\\\/uploads\\\/2024\\\/05\\\/DSC_3844-scaled.jpg?fit=2560%2C1707&ssl=1\",\"contentUrl\":\"https:\\\/\\\/i0.wp.com\\\/www.supeinnihonto.com\\\/wp-content\\\/uploads\\\/2024\\\/05\\\/DSC_3844-scaled.jpg?fit=2560%2C1707&ssl=1\",\"width\":2560,\"height\":1707,\"caption\":\"Fuchi kashira shakudo scene\"},{\"@type\":\"BreadcrumbList\",\"@id\":\"https:\\\/\\\/www.supeinnihonto.com\\\/fr\\\/produit\\\/fuchi-kashira-en-shakudo-scene-historique\\\/#breadcrumb\",\"itemListElement\":[{\"@type\":\"ListItem\",\"position\":1,\"name\":\"Portada\",\"item\":\"https:\\\/\\\/www.supeinnihonto.com\\\/fr\\\/\"},{\"@type\":\"ListItem\",\"position\":2,\"name\":\"Shop\",\"item\":\"https:\\\/\\\/www.supeinnihonto.com\\\/fr\\\/shop\\\/\"},{\"@type\":\"ListItem\",\"position\":3,\"name\":\"Fuchi-kashira en shakud\u014d, sc\u00e8ne historique\"}]},{\"@type\":\"WebSite\",\"@id\":\"https:\\\/\\\/www.supeinnihonto.com\\\/fr\\\/#website\",\"url\":\"https:\\\/\\\/www.supeinnihonto.com\\\/fr\\\/\",\"name\":\"Supein Nihonto\",\"description\":\"Authentic japanese Nihonto katana \",\"publisher\":{\"@id\":\"https:\\\/\\\/www.supeinnihonto.com\\\/fr\\\/#organization\"},\"potentialAction\":[{\"@type\":\"SearchAction\",\"target\":{\"@type\":\"EntryPoint\",\"urlTemplate\":\"https:\\\/\\\/www.supeinnihonto.com\\\/fr\\\/?s={search_term_string}\"},\"query-input\":{\"@type\":\"PropertyValueSpecification\",\"valueRequired\":true,\"valueName\":\"search_term_string\"}}],\"inLanguage\":\"fr-FR\"},{\"@type\":\"Organization\",\"@id\":\"https:\\\/\\\/www.supeinnihonto.com\\\/fr\\\/#organization\",\"name\":\"SupeinNihonto\",\"url\":\"https:\\\/\\\/www.supeinnihonto.com\\\/fr\\\/\",\"logo\":{\"@type\":\"ImageObject\",\"inLanguage\":\"fr-FR\",\"@id\":\"https:\\\/\\\/www.supeinnihonto.com\\\/fr\\\/#\\\/schema\\\/logo\\\/image\\\/\",\"url\":\"https:\\\/\\\/www.supeinnihonto.com\\\/wp-content\\\/uploads\\\/2021\\\/11\\\/animation_Default_3szk0jcenoloop.gif\",\"contentUrl\":\"https:\\\/\\\/www.supeinnihonto.com\\\/wp-content\\\/uploads\\\/2021\\\/11\\\/animation_Default_3szk0jcenoloop.gif\",\"width\":750,\"height\":641,\"caption\":\"SupeinNihonto\"},\"image\":{\"@id\":\"https:\\\/\\\/www.supeinnihonto.com\\\/fr\\\/#\\\/schema\\\/logo\\\/image\\\/\"}}]}<\/script>\n<!-- \/ Yoast SEO plugin. -->","yoast_head_json":{"title":"Fuchi-kashira en shakud\u014d, sc\u00e8ne historique - Supein Nihonto","description":"Nanako en shakud\u014d avec ciselure en relief et incrustations complexes en or et en m\u00e9taux et alliages mixtes, repr\u00e9sentant une sc\u00e8ne historique non identifi\u00e9e avec des samoura\u00efs.","robots":{"index":"index","follow":"follow","max-snippet":"max-snippet:-1","max-image-preview":"max-image-preview:large","max-video-preview":"max-video-preview:-1"},"canonical":"https:\/\/www.supeinnihonto.com\/fr\/produit\/fuchi-kashira-en-shakudo-scene-historique\/","og_locale":"fr_FR","og_type":"article","og_title":"Fuchi-kashira en shakud\u014d, sc\u00e8ne historique - Supein Nihonto","og_description":"Nanako en shakud\u014d avec ciselure en relief et incrustations complexes en or et en m\u00e9taux et alliages mixtes, repr\u00e9sentant une sc\u00e8ne historique non identifi\u00e9e avec des samoura\u00efs.","og_url":"https:\/\/www.supeinnihonto.com\/fr\/produit\/fuchi-kashira-en-shakudo-scene-historique\/","og_site_name":"Supein Nihonto","article_modified_time":"2025-12-27T12:59:16+00:00","og_image":[{"width":2560,"height":1707,"url":"https:\/\/www.supeinnihonto.com\/wp-content\/uploads\/2024\/05\/DSC_3844-scaled.jpg","type":"image\/jpeg"}],"twitter_card":"summary_large_image","twitter_misc":{"Dur\u00e9e de lecture estim\u00e9e":"2 minutes"},"schema":{"@context":"https:\/\/schema.org","@graph":[{"@type":"WebPage","@id":"https:\/\/www.supeinnihonto.com\/fr\/produit\/fuchi-kashira-en-shakudo-scene-historique\/","url":"https:\/\/www.supeinnihonto.com\/fr\/produit\/fuchi-kashira-en-shakudo-scene-historique\/","name":"Fuchi-kashira en shakud\u014d, sc\u00e8ne historique - Supein Nihonto","isPartOf":{"@id":"https:\/\/www.supeinnihonto.com\/fr\/#website"},"primaryImageOfPage":{"@id":"https:\/\/www.supeinnihonto.com\/fr\/produit\/fuchi-kashira-en-shakudo-scene-historique\/#primaryimage"},"image":{"@id":"https:\/\/www.supeinnihonto.com\/fr\/produit\/fuchi-kashira-en-shakudo-scene-historique\/#primaryimage"},"thumbnailUrl":"https:\/\/i0.wp.com\/www.supeinnihonto.com\/wp-content\/uploads\/2024\/05\/DSC_3844-scaled.jpg?fit=2560%2C1707&ssl=1","datePublished":"2024-05-14T11:11:46+00:00","dateModified":"2025-12-27T12:59:16+00:00","description":"Nanako en shakud\u014d avec ciselure en relief et incrustations complexes en or et en m\u00e9taux et alliages mixtes, repr\u00e9sentant une sc\u00e8ne historique non identifi\u00e9e avec des samoura\u00efs.","breadcrumb":{"@id":"https:\/\/www.supeinnihonto.com\/fr\/produit\/fuchi-kashira-en-shakudo-scene-historique\/#breadcrumb"},"inLanguage":"fr-FR","potentialAction":[{"@type":"ReadAction","target":["https:\/\/www.supeinnihonto.com\/fr\/produit\/fuchi-kashira-en-shakudo-scene-historique\/"]}]},{"@type":"ImageObject","inLanguage":"fr-FR","@id":"https:\/\/www.supeinnihonto.com\/fr\/produit\/fuchi-kashira-en-shakudo-scene-historique\/#primaryimage","url":"https:\/\/i0.wp.com\/www.supeinnihonto.com\/wp-content\/uploads\/2024\/05\/DSC_3844-scaled.jpg?fit=2560%2C1707&ssl=1","contentUrl":"https:\/\/i0.wp.com\/www.supeinnihonto.com\/wp-content\/uploads\/2024\/05\/DSC_3844-scaled.jpg?fit=2560%2C1707&ssl=1","width":2560,"height":1707,"caption":"Fuchi kashira shakudo scene"},{"@type":"BreadcrumbList","@id":"https:\/\/www.supeinnihonto.com\/fr\/produit\/fuchi-kashira-en-shakudo-scene-historique\/#breadcrumb","itemListElement":[{"@type":"ListItem","position":1,"name":"Portada","item":"https:\/\/www.supeinnihonto.com\/fr\/"},{"@type":"ListItem","position":2,"name":"Shop","item":"https:\/\/www.supeinnihonto.com\/fr\/shop\/"},{"@type":"ListItem","position":3,"name":"Fuchi-kashira en shakud\u014d, sc\u00e8ne historique"}]},{"@type":"WebSite","@id":"https:\/\/www.supeinnihonto.com\/fr\/#website","url":"https:\/\/www.supeinnihonto.com\/fr\/","name":"Supein Nihonto","description":"Authentic japanese Nihonto katana ","publisher":{"@id":"https:\/\/www.supeinnihonto.com\/fr\/#organization"},"potentialAction":[{"@type":"SearchAction","target":{"@type":"EntryPoint","urlTemplate":"https:\/\/www.supeinnihonto.com\/fr\/?s={search_term_string}"},"query-input":{"@type":"PropertyValueSpecification","valueRequired":true,"valueName":"search_term_string"}}],"inLanguage":"fr-FR"},{"@type":"Organization","@id":"https:\/\/www.supeinnihonto.com\/fr\/#organization","name":"SupeinNihonto","url":"https:\/\/www.supeinnihonto.com\/fr\/","logo":{"@type":"ImageObject","inLanguage":"fr-FR","@id":"https:\/\/www.supeinnihonto.com\/fr\/#\/schema\/logo\/image\/","url":"https:\/\/www.supeinnihonto.com\/wp-content\/uploads\/2021\/11\/animation_Default_3szk0jcenoloop.gif","contentUrl":"https:\/\/www.supeinnihonto.com\/wp-content\/uploads\/2021\/11\/animation_Default_3szk0jcenoloop.gif","width":750,"height":641,"caption":"SupeinNihonto"},"image":{"@id":"https:\/\/www.supeinnihonto.com\/fr\/#\/schema\/logo\/image\/"}}]}},"jetpack-related-posts":[{"id":14479,"url":"https:\/\/www.supeinnihonto.com\/fr\/produit\/fuchi-kashira-en-shakudo-riviere-uji\/","url_meta":{"origin":14471,"position":0},"title":"Fuchi-kashira en shakud\u014d, rivi\u00e8re Uji","author":"Supein Nihonto","date":"14 de mai de 2024","format":false,"excerpt":"Objet : Fuchi-kashira en shakud\u014d, rivi\u00e8re Uji. Nanako en shakud\u014d cisel\u00e9 en relief et incrust\u00e9 d\u2019or ainsi que d\u2019autres m\u00e9taux et alliages. Sc\u00e8ne historique repr\u00e9sentant Genta Kagesue et Sasaki Takatsuna traversant la rivi\u00e8re Uji \u00e0 la course. Relief remarquable. P\u00e9riode Edo. Fuchi : 4 x 2,4 cm Kashira : 3,5\u2026","rel":"","context":"Article similaire","block_context":{"text":"Article similaire","link":""},"img":{"alt_text":"Fuchi kashira shakudo uji river","src":"https:\/\/i0.wp.com\/www.supeinnihonto.com\/wp-content\/uploads\/2024\/05\/DSC_3839-scaled.jpg?fit=1200%2C800&ssl=1&resize=350%2C200","width":350,"height":200,"srcset":"https:\/\/i0.wp.com\/www.supeinnihonto.com\/wp-content\/uploads\/2024\/05\/DSC_3839-scaled.jpg?fit=1200%2C800&ssl=1&resize=350%2C200 1x, https:\/\/i0.wp.com\/www.supeinnihonto.com\/wp-content\/uploads\/2024\/05\/DSC_3839-scaled.jpg?fit=1200%2C800&ssl=1&resize=525%2C300 1.5x, https:\/\/i0.wp.com\/www.supeinnihonto.com\/wp-content\/uploads\/2024\/05\/DSC_3839-scaled.jpg?fit=1200%2C800&ssl=1&resize=700%2C400 2x, https:\/\/i0.wp.com\/www.supeinnihonto.com\/wp-content\/uploads\/2024\/05\/DSC_3839-scaled.jpg?fit=1200%2C800&ssl=1&resize=1050%2C600 3x"},"classes":[]},{"id":14603,"url":"https:\/\/www.supeinnihonto.com\/fr\/produit\/fuchi-kashira-en-shakudo-scene-de-charpentiers\/","url_meta":{"origin":14471,"position":1},"title":"Fuchi Kashira en shakud\u014d, sc\u00e8ne de charpentiers","author":"Supein Nihonto","date":"13 de mai de 2024","format":false,"excerpt":"Objet : Fuchi Kashira shakud\u014d \u00e0 d\u00e9cor de charpentiers. Shakud\u014d et or, avec un guerrier chinois mont\u00e9 repr\u00e9sent\u00e9 sur le kashira et des charpentiers travaillant sur une grande poutre en bois sur le fuchi. Relief \u00e9pais. P\u00e9riode Edo. Fuchi : 3,9 x 2,5 cm Kashira : 3,6 x 2 cm\u2026","rel":"","context":"Article similaire","block_context":{"text":"Article similaire","link":""},"img":{"alt_text":"Fuchi Kashira shakudo carpenters","src":"https:\/\/i0.wp.com\/www.supeinnihonto.com\/wp-content\/uploads\/2024\/05\/Fuchi-Kashira-shakudo-carpenters.webp?fit=1200%2C800&ssl=1&resize=350%2C200","width":350,"height":200,"srcset":"https:\/\/i0.wp.com\/www.supeinnihonto.com\/wp-content\/uploads\/2024\/05\/Fuchi-Kashira-shakudo-carpenters.webp?fit=1200%2C800&ssl=1&resize=350%2C200 1x, https:\/\/i0.wp.com\/www.supeinnihonto.com\/wp-content\/uploads\/2024\/05\/Fuchi-Kashira-shakudo-carpenters.webp?fit=1200%2C800&ssl=1&resize=525%2C300 1.5x, https:\/\/i0.wp.com\/www.supeinnihonto.com\/wp-content\/uploads\/2024\/05\/Fuchi-Kashira-shakudo-carpenters.webp?fit=1200%2C800&ssl=1&resize=700%2C400 2x, https:\/\/i0.wp.com\/www.supeinnihonto.com\/wp-content\/uploads\/2024\/05\/Fuchi-Kashira-shakudo-carpenters.webp?fit=1200%2C800&ssl=1&resize=1050%2C600 3x"},"classes":[]},{"id":14459,"url":"https:\/\/www.supeinnihonto.com\/fr\/produit\/fuchi-kashira-en-shakudo-aux-singes\/","url_meta":{"origin":14471,"position":2},"title":"Fuchi-kashira en shakud\u014d aux singes","author":"Supein Nihonto","date":"13 de mai de 2024","format":false,"excerpt":"Objet : Fuchi-kashira en shakud\u014d aux singes. Nanako en shakud\u014d cisel\u00e9 en relief et incrust\u00e9 d\u2019or ainsi que d\u2019autres m\u00e9taux et alliages, repr\u00e9sentant une sc\u00e8ne historique non identifi\u00e9e avec des chasseurs et des singes, sign\u00e9 Soheishi Nyudo Soten sei. Pi\u00e8ce tr\u00e8s d\u00e9taill\u00e9e avec de superbes reliefs. P\u00e9riode Edo. Fuchi :\u2026","rel":"","context":"Article similaire","block_context":{"text":"Article similaire","link":""},"img":{"alt_text":"Fuchi kashira shakudo monkeys","src":"https:\/\/i0.wp.com\/www.supeinnihonto.com\/wp-content\/uploads\/2024\/05\/DSC_3856-scaled.jpg?fit=1200%2C800&ssl=1&resize=350%2C200","width":350,"height":200,"srcset":"https:\/\/i0.wp.com\/www.supeinnihonto.com\/wp-content\/uploads\/2024\/05\/DSC_3856-scaled.jpg?fit=1200%2C800&ssl=1&resize=350%2C200 1x, https:\/\/i0.wp.com\/www.supeinnihonto.com\/wp-content\/uploads\/2024\/05\/DSC_3856-scaled.jpg?fit=1200%2C800&ssl=1&resize=525%2C300 1.5x, https:\/\/i0.wp.com\/www.supeinnihonto.com\/wp-content\/uploads\/2024\/05\/DSC_3856-scaled.jpg?fit=1200%2C800&ssl=1&resize=700%2C400 2x, https:\/\/i0.wp.com\/www.supeinnihonto.com\/wp-content\/uploads\/2024\/05\/DSC_3856-scaled.jpg?fit=1200%2C800&ssl=1&resize=1050%2C600 3x"},"classes":[]},{"id":14623,"url":"https:\/\/www.supeinnihonto.com\/fr\/produit\/fuchi-kashira-en-shakudo-au-motif-dhirondelle\/","url_meta":{"origin":14471,"position":3},"title":"Fuchi kashira en shakud\u014d au motif d\u2019hirondelle","author":"Supein Nihonto","date":"13 de mai de 2024","format":false,"excerpt":"Objet : Fuchi kashira en shakud\u014d au motif d\u2019hirondelle. R\u00e9alis\u00e9 en shibuichi, cuivre, shakud\u014d et or, repr\u00e9sentant des f\u00eatards sur une barque sous un saule et une hirondelle, sign\u00e9 Tsunenao avec un kao. P\u00e9riode Edo. Fuchi : 3,5 x 2,1 cm Kashira : 3,0 x 1,7 cm Convient pour wakizashi\u2026","rel":"","context":"Article similaire","block_context":{"text":"Article similaire","link":""},"img":{"alt_text":"Fuchi kashira shakudo swallow","src":"https:\/\/i0.wp.com\/www.supeinnihonto.com\/wp-content\/uploads\/2024\/05\/DSC_3878-scaled.jpg?fit=1200%2C800&ssl=1&resize=350%2C200","width":350,"height":200,"srcset":"https:\/\/i0.wp.com\/www.supeinnihonto.com\/wp-content\/uploads\/2024\/05\/DSC_3878-scaled.jpg?fit=1200%2C800&ssl=1&resize=350%2C200 1x, https:\/\/i0.wp.com\/www.supeinnihonto.com\/wp-content\/uploads\/2024\/05\/DSC_3878-scaled.jpg?fit=1200%2C800&ssl=1&resize=525%2C300 1.5x, https:\/\/i0.wp.com\/www.supeinnihonto.com\/wp-content\/uploads\/2024\/05\/DSC_3878-scaled.jpg?fit=1200%2C800&ssl=1&resize=700%2C400 2x, https:\/\/i0.wp.com\/www.supeinnihonto.com\/wp-content\/uploads\/2024\/05\/DSC_3878-scaled.jpg?fit=1200%2C800&ssl=1&resize=1050%2C600 3x"},"classes":[]},{"id":14631,"url":"https:\/\/www.supeinnihonto.com\/fr\/produit\/fuchi-kashira-en-shakudo-au-motif-du-boeuf\/","url_meta":{"origin":14471,"position":4},"title":"Fuchi kashira en shakud\u014d au motif du b\u0153uf","author":"Supein Nihonto","date":"13 de mai de 2024","format":false,"excerpt":"Objet : Fuchi kashira en shakud\u014d au motif du b\u0153uf. Fuchi Kashira en shakud\u014d repr\u00e9sentant un jeune gardien de b\u00e9tail Kengy\u016b (chinois : Qianniu) menant un b\u0153uf parmi les nuages, sign\u00e9 Asami Hoky\u016b (Haynes 1613, le nom de famille y \u00e9tant erron\u00e9ment lu comme Asagai) avec un kao. Pi\u00e8ce tr\u00e8s\u2026","rel":"","context":"Article similaire","block_context":{"text":"Article similaire","link":""},"img":{"alt_text":"Fuchi kashira shakudo ox","src":"https:\/\/i0.wp.com\/www.supeinnihonto.com\/wp-content\/uploads\/2024\/05\/DSC_3882-scaled.jpg?fit=1200%2C800&ssl=1&resize=350%2C200","width":350,"height":200,"srcset":"https:\/\/i0.wp.com\/www.supeinnihonto.com\/wp-content\/uploads\/2024\/05\/DSC_3882-scaled.jpg?fit=1200%2C800&ssl=1&resize=350%2C200 1x, https:\/\/i0.wp.com\/www.supeinnihonto.com\/wp-content\/uploads\/2024\/05\/DSC_3882-scaled.jpg?fit=1200%2C800&ssl=1&resize=525%2C300 1.5x, https:\/\/i0.wp.com\/www.supeinnihonto.com\/wp-content\/uploads\/2024\/05\/DSC_3882-scaled.jpg?fit=1200%2C800&ssl=1&resize=700%2C400 2x, https:\/\/i0.wp.com\/www.supeinnihonto.com\/wp-content\/uploads\/2024\/05\/DSC_3882-scaled.jpg?fit=1200%2C800&ssl=1&resize=1050%2C600 3x"},"classes":[]},{"id":14647,"url":"https:\/\/www.supeinnihonto.com\/fr\/produit\/fuchi-kashira-en-shakudo-aux-chevaux\/","url_meta":{"origin":14471,"position":5},"title":"Fuchi Kashira en shakud\u014d aux chevaux","author":"Supein Nihonto","date":"13 de mai de 2024","format":false,"excerpt":"Objet : Fuchi Kashira en shakud\u014d aux chevaux. Superbe paire de fuchi kashira, tr\u00e8s finement sculpt\u00e9e et riche en d\u00e9tails. R\u00e9alis\u00e9e en shakud\u014d, incrust\u00e9e de chevaux et de palefreniers dans une for\u00eat de pins, sign\u00e9e Soheishi Kitagawa Ny\u016bd\u014d S\u014dten sei. \u00c9cole S\u014dten. Tr\u00e8s bien conserv\u00e9e au fil des si\u00e8cles. P\u00e9riode\u2026","rel":"","context":"Article similaire","block_context":{"text":"Article similaire","link":""},"img":{"alt_text":"Fuchi Kashira shakudo Battle","src":"https:\/\/i0.wp.com\/www.supeinnihonto.com\/wp-content\/uploads\/2024\/05\/DSC_3892-scaled.jpg?fit=1200%2C800&ssl=1&resize=350%2C200","width":350,"height":200,"srcset":"https:\/\/i0.wp.com\/www.supeinnihonto.com\/wp-content\/uploads\/2024\/05\/DSC_3892-scaled.jpg?fit=1200%2C800&ssl=1&resize=350%2C200 1x, https:\/\/i0.wp.com\/www.supeinnihonto.com\/wp-content\/uploads\/2024\/05\/DSC_3892-scaled.jpg?fit=1200%2C800&ssl=1&resize=525%2C300 1.5x, https:\/\/i0.wp.com\/www.supeinnihonto.com\/wp-content\/uploads\/2024\/05\/DSC_3892-scaled.jpg?fit=1200%2C800&ssl=1&resize=700%2C400 2x, https:\/\/i0.wp.com\/www.supeinnihonto.com\/wp-content\/uploads\/2024\/05\/DSC_3892-scaled.jpg?fit=1200%2C800&ssl=1&resize=1050%2C600 3x"},"classes":[]}],"jetpack_sharing_enabled":true,"_links":{"self":[{"href":"https:\/\/www.supeinnihonto.com\/fr\/wp-json\/wp\/v2\/product\/14471","targetHints":{"allow":["GET"]}}],"collection":[{"href":"https:\/\/www.supeinnihonto.com\/fr\/wp-json\/wp\/v2\/product"}],"about":[{"href":"https:\/\/www.supeinnihonto.com\/fr\/wp-json\/wp\/v2\/types\/product"}],"wp:featuredmedia":[{"embeddable":true,"href":"https:\/\/www.supeinnihonto.com\/fr\/wp-json\/wp\/v2\/media\/14472"}],"wp:attachment":[{"href":"https:\/\/www.supeinnihonto.com\/fr\/wp-json\/wp\/v2\/media?parent=14471"}],"wp:term":[{"taxonomy":"product_brand","embeddable":true,"href":"https:\/\/www.supeinnihonto.com\/fr\/wp-json\/wp\/v2\/product_brand?post=14471"},{"taxonomy":"product_cat","embeddable":true,"href":"https:\/\/www.supeinnihonto.com\/fr\/wp-json\/wp\/v2\/product_cat?post=14471"},{"taxonomy":"product_tag","embeddable":true,"href":"https:\/\/www.supeinnihonto.com\/fr\/wp-json\/wp\/v2\/product_tag?post=14471"}],"curies":[{"name":"wp","href":"https:\/\/api.w.org\/{rel}","templated":true}]}}