{"id":14443,"date":"2024-05-14T16:19:26","date_gmt":"2024-05-14T16:19:26","guid":{"rendered":"https:\/\/www.supeinnihonto.com\/product\/kojiri-shibuichi-peony\/"},"modified":"2025-12-26T19:29:45","modified_gmt":"2025-12-26T19:29:45","slug":"kojiri-en-shibuichi-a-la-pivoine","status":"publish","type":"product","link":"https:\/\/www.supeinnihonto.com\/fr\/produit\/kojiri-en-shibuichi-a-la-pivoine\/","title":{"rendered":"Kojiri en shibuichi \u00e0 la pivoine"},"content":{"rendered":"<div><em><strong>Objet :<\/strong><\/em><\/div>\n<div><\/div>\n<div>\n<p>Superbe kojiri en shibuichi (alliage de cuivre et d\u2019argent) d\u00e9cor\u00e9 de motifs de pivoines en argent. Pi\u00e8ce remarquable. Les kojiri sont rares car, bien que les fuchi-kashira aient \u00e9t\u00e9 obligatoires pour presque tous les sabres, les kojiri \u00e9taient r\u00e9serv\u00e9s aux koshirae de grande valeur et aux sabres de la plus haute qualit\u00e9, car ils augmentaient consid\u00e9rablement le co\u00fbt du koshirae sans \u00eatre un \u00e9l\u00e9ment essentiel. Les bons kojiri sont exceptionnellement rares et tr\u00e8s recherch\u00e9s pour r\u00e9aliser des koshirae destin\u00e9s \u00e0 des sabres anciens. P\u00e9riode Edo.<\/p>\n<\/div>\n<div>3,5 x 1,9 cm<\/div>\n<div>Convient pour les saya de wakizashi et de tant\u014d.<\/div>\n<div><\/div>\n<div class=\"accordion-title active\">\n<div class=\"accordion-title active\"><span>Qu\u2019est-ce qu\u2019un kojiri ?<\/span><br \/>\n<i class=\"fas fa-caret-up\"><\/i><\/div>\n<div class=\"accordion-content active\" id=\"tab4\">\n<p>Un kojiri est un \u00e9l\u00e9ment m\u00e9tallique situ\u00e9 \u00e0 l\u2019extr\u00e9mit\u00e9 du fourreau (saya) d\u2019un sabre japonais, tel qu\u2019un katana ou un wakizashi. Sa fonction principale est de prot\u00e9ger la pointe du fourreau contre l\u2019usure et les dommages, tout en apportant une finition esth\u00e9tique au saya.<\/p>\n<p>Le kojiri est g\u00e9n\u00e9ralement fabriqu\u00e9 en m\u00e9tal, comme le laiton ou le fer, et est souvent orn\u00e9 de motifs d\u00e9coratifs qui compl\u00e8tent le design g\u00e9n\u00e9ral du sabre. Il est fix\u00e9 au saya \u00e0 l\u2019aide de petits clous ou de goupilles et se trouve \u00e0 l\u2019extr\u00e9mit\u00e9 inf\u00e9rieure du fourreau lorsque le sabre est rang\u00e9.<\/p>\n<p>Bien que sa fonction premi\u00e8re soit pratique, le kojiri joue \u00e9galement un r\u00f4le d\u00e9coratif important, contribuant \u00e0 l\u2019esth\u00e9tique globale du sabre et de son fourreau. Comme les autres montures de sabre japonais \u2014 telles que la tsuba, le fuchi-kashira et les menuki \u2014 le design et la qualit\u00e9 d\u2019ex\u00e9cution du kojiri varient consid\u00e9rablement selon le style, la p\u00e9riode et les pr\u00e9f\u00e9rences du forgeron ou du propri\u00e9taire.<\/p>\n<\/div>\n<\/div>\n","protected":false},"excerpt":{"rendered":"<p>Objet : Superbe kojiri en shibuichi (alliage de cuivre et d\u2019argent) d\u00e9cor\u00e9 de motifs de pivoines en argent. Pi\u00e8ce remarquable. Les kojiri sont rares car, bien que les fuchi-kashira aient \u00e9t\u00e9 obligatoires pour presque tous les sabres, les kojiri \u00e9taient r\u00e9serv\u00e9s aux koshirae de grande valeur et aux sabres de [&hellip;]<\/p>\n","protected":false},"featured_media":14444,"template":"","meta":{"jetpack_post_was_ever_published":false},"product_brand":[],"product_cat":[554],"product_tag":[],"class_list":{"0":"post-14443","1":"product","2":"type-product","3":"status-publish","4":"has-post-thumbnail","6":"product_cat-kojiri","7":"product_shipping_class-light","9":"first","10":"instock","11":"featured","12":"sold-individually","13":"shipping-taxable","14":"purchasable","15":"product-type-simple"},"yoast_head":"<!-- This site is optimized with the Yoast SEO plugin v27.5 - https:\/\/yoast.com\/product\/yoast-seo-wordpress\/ -->\n<title>Kojiri en shibuichi \u00e0 la pivoine - Supein Nihonto<\/title>\n<meta name=\"description\" content=\"Kojiri en shibuichi \u00e0 motif de pivoine. Superbe kojiri en shibuichi (alliage de cuivre et d\u2019argent) d\u00e9cor\u00e9 de motifs de fleurs de pivoine. Pi\u00e8ce remarquable.\" \/>\n<meta name=\"robots\" content=\"index, follow, max-snippet:-1, max-image-preview:large, max-video-preview:-1\" \/>\n<link rel=\"canonical\" href=\"https:\/\/www.supeinnihonto.com\/fr\/produit\/kojiri-en-shibuichi-a-la-pivoine\/\" \/>\n<meta property=\"og:locale\" content=\"fr_FR\" \/>\n<meta property=\"og:type\" content=\"article\" \/>\n<meta property=\"og:title\" content=\"Kojiri en shibuichi \u00e0 la pivoine - Supein Nihonto\" \/>\n<meta property=\"og:description\" content=\"Kojiri en shibuichi \u00e0 motif de pivoine. Superbe kojiri en shibuichi (alliage de cuivre et d\u2019argent) d\u00e9cor\u00e9 de motifs de fleurs de pivoine. Pi\u00e8ce remarquable.\" \/>\n<meta property=\"og:url\" content=\"https:\/\/www.supeinnihonto.com\/fr\/produit\/kojiri-en-shibuichi-a-la-pivoine\/\" \/>\n<meta property=\"og:site_name\" content=\"Supein Nihonto\" \/>\n<meta property=\"article:modified_time\" content=\"2025-12-26T19:29:45+00:00\" \/>\n<meta property=\"og:image\" content=\"https:\/\/www.supeinnihonto.com\/wp-content\/uploads\/2024\/05\/DSC_3804-scaled.jpg\" \/>\n\t<meta property=\"og:image:width\" content=\"2560\" \/>\n\t<meta property=\"og:image:height\" content=\"1707\" \/>\n\t<meta property=\"og:image:type\" content=\"image\/jpeg\" \/>\n<meta name=\"twitter:card\" content=\"summary_large_image\" \/>\n<meta name=\"twitter:label1\" content=\"Dur\u00e9e de lecture estim\u00e9e\" \/>\n\t<meta name=\"twitter:data1\" content=\"2 minutes\" \/>\n<script type=\"application\/ld+json\" class=\"yoast-schema-graph\">{\"@context\":\"https:\\\/\\\/schema.org\",\"@graph\":[{\"@type\":\"WebPage\",\"@id\":\"https:\\\/\\\/www.supeinnihonto.com\\\/fr\\\/produit\\\/kojiri-en-shibuichi-a-la-pivoine\\\/\",\"url\":\"https:\\\/\\\/www.supeinnihonto.com\\\/fr\\\/produit\\\/kojiri-en-shibuichi-a-la-pivoine\\\/\",\"name\":\"Kojiri en shibuichi \u00e0 la pivoine - Supein Nihonto\",\"isPartOf\":{\"@id\":\"https:\\\/\\\/www.supeinnihonto.com\\\/fr\\\/#website\"},\"primaryImageOfPage\":{\"@id\":\"https:\\\/\\\/www.supeinnihonto.com\\\/fr\\\/produit\\\/kojiri-en-shibuichi-a-la-pivoine\\\/#primaryimage\"},\"image\":{\"@id\":\"https:\\\/\\\/www.supeinnihonto.com\\\/fr\\\/produit\\\/kojiri-en-shibuichi-a-la-pivoine\\\/#primaryimage\"},\"thumbnailUrl\":\"https:\\\/\\\/i0.wp.com\\\/www.supeinnihonto.com\\\/wp-content\\\/uploads\\\/2024\\\/05\\\/DSC_3804-scaled.jpg?fit=2560%2C1707&ssl=1\",\"datePublished\":\"2024-05-14T16:19:26+00:00\",\"dateModified\":\"2025-12-26T19:29:45+00:00\",\"description\":\"Kojiri en shibuichi \u00e0 motif de pivoine. Superbe kojiri en shibuichi (alliage de cuivre et d\u2019argent) d\u00e9cor\u00e9 de motifs de fleurs de pivoine. Pi\u00e8ce remarquable.\",\"breadcrumb\":{\"@id\":\"https:\\\/\\\/www.supeinnihonto.com\\\/fr\\\/produit\\\/kojiri-en-shibuichi-a-la-pivoine\\\/#breadcrumb\"},\"inLanguage\":\"fr-FR\",\"potentialAction\":[{\"@type\":\"ReadAction\",\"target\":[\"https:\\\/\\\/www.supeinnihonto.com\\\/fr\\\/produit\\\/kojiri-en-shibuichi-a-la-pivoine\\\/\"]}]},{\"@type\":\"ImageObject\",\"inLanguage\":\"fr-FR\",\"@id\":\"https:\\\/\\\/www.supeinnihonto.com\\\/fr\\\/produit\\\/kojiri-en-shibuichi-a-la-pivoine\\\/#primaryimage\",\"url\":\"https:\\\/\\\/i0.wp.com\\\/www.supeinnihonto.com\\\/wp-content\\\/uploads\\\/2024\\\/05\\\/DSC_3804-scaled.jpg?fit=2560%2C1707&ssl=1\",\"contentUrl\":\"https:\\\/\\\/i0.wp.com\\\/www.supeinnihonto.com\\\/wp-content\\\/uploads\\\/2024\\\/05\\\/DSC_3804-scaled.jpg?fit=2560%2C1707&ssl=1\",\"width\":2560,\"height\":1707,\"caption\":\"Kojiri Shibuichi peony\"},{\"@type\":\"BreadcrumbList\",\"@id\":\"https:\\\/\\\/www.supeinnihonto.com\\\/fr\\\/produit\\\/kojiri-en-shibuichi-a-la-pivoine\\\/#breadcrumb\",\"itemListElement\":[{\"@type\":\"ListItem\",\"position\":1,\"name\":\"Portada\",\"item\":\"https:\\\/\\\/www.supeinnihonto.com\\\/fr\\\/\"},{\"@type\":\"ListItem\",\"position\":2,\"name\":\"Shop\",\"item\":\"https:\\\/\\\/www.supeinnihonto.com\\\/fr\\\/shop\\\/\"},{\"@type\":\"ListItem\",\"position\":3,\"name\":\"Kojiri en shibuichi \u00e0 la pivoine\"}]},{\"@type\":\"WebSite\",\"@id\":\"https:\\\/\\\/www.supeinnihonto.com\\\/fr\\\/#website\",\"url\":\"https:\\\/\\\/www.supeinnihonto.com\\\/fr\\\/\",\"name\":\"Supein Nihonto\",\"description\":\"Authentic japanese Nihonto katana \",\"publisher\":{\"@id\":\"https:\\\/\\\/www.supeinnihonto.com\\\/fr\\\/#organization\"},\"potentialAction\":[{\"@type\":\"SearchAction\",\"target\":{\"@type\":\"EntryPoint\",\"urlTemplate\":\"https:\\\/\\\/www.supeinnihonto.com\\\/fr\\\/?s={search_term_string}\"},\"query-input\":{\"@type\":\"PropertyValueSpecification\",\"valueRequired\":true,\"valueName\":\"search_term_string\"}}],\"inLanguage\":\"fr-FR\"},{\"@type\":\"Organization\",\"@id\":\"https:\\\/\\\/www.supeinnihonto.com\\\/fr\\\/#organization\",\"name\":\"SupeinNihonto\",\"url\":\"https:\\\/\\\/www.supeinnihonto.com\\\/fr\\\/\",\"logo\":{\"@type\":\"ImageObject\",\"inLanguage\":\"fr-FR\",\"@id\":\"https:\\\/\\\/www.supeinnihonto.com\\\/fr\\\/#\\\/schema\\\/logo\\\/image\\\/\",\"url\":\"https:\\\/\\\/www.supeinnihonto.com\\\/wp-content\\\/uploads\\\/2021\\\/11\\\/animation_Default_3szk0jcenoloop.gif\",\"contentUrl\":\"https:\\\/\\\/www.supeinnihonto.com\\\/wp-content\\\/uploads\\\/2021\\\/11\\\/animation_Default_3szk0jcenoloop.gif\",\"width\":750,\"height\":641,\"caption\":\"SupeinNihonto\"},\"image\":{\"@id\":\"https:\\\/\\\/www.supeinnihonto.com\\\/fr\\\/#\\\/schema\\\/logo\\\/image\\\/\"}}]}<\/script>\n<!-- \/ Yoast SEO plugin. -->","yoast_head_json":{"title":"Kojiri en shibuichi \u00e0 la pivoine - Supein Nihonto","description":"Kojiri en shibuichi \u00e0 motif de pivoine. Superbe kojiri en shibuichi (alliage de cuivre et d\u2019argent) d\u00e9cor\u00e9 de motifs de fleurs de pivoine. Pi\u00e8ce remarquable.","robots":{"index":"index","follow":"follow","max-snippet":"max-snippet:-1","max-image-preview":"max-image-preview:large","max-video-preview":"max-video-preview:-1"},"canonical":"https:\/\/www.supeinnihonto.com\/fr\/produit\/kojiri-en-shibuichi-a-la-pivoine\/","og_locale":"fr_FR","og_type":"article","og_title":"Kojiri en shibuichi \u00e0 la pivoine - Supein Nihonto","og_description":"Kojiri en shibuichi \u00e0 motif de pivoine. Superbe kojiri en shibuichi (alliage de cuivre et d\u2019argent) d\u00e9cor\u00e9 de motifs de fleurs de pivoine. Pi\u00e8ce remarquable.","og_url":"https:\/\/www.supeinnihonto.com\/fr\/produit\/kojiri-en-shibuichi-a-la-pivoine\/","og_site_name":"Supein Nihonto","article_modified_time":"2025-12-26T19:29:45+00:00","og_image":[{"width":2560,"height":1707,"url":"https:\/\/www.supeinnihonto.com\/wp-content\/uploads\/2024\/05\/DSC_3804-scaled.jpg","type":"image\/jpeg"}],"twitter_card":"summary_large_image","twitter_misc":{"Dur\u00e9e de lecture estim\u00e9e":"2 minutes"},"schema":{"@context":"https:\/\/schema.org","@graph":[{"@type":"WebPage","@id":"https:\/\/www.supeinnihonto.com\/fr\/produit\/kojiri-en-shibuichi-a-la-pivoine\/","url":"https:\/\/www.supeinnihonto.com\/fr\/produit\/kojiri-en-shibuichi-a-la-pivoine\/","name":"Kojiri en shibuichi \u00e0 la pivoine - Supein Nihonto","isPartOf":{"@id":"https:\/\/www.supeinnihonto.com\/fr\/#website"},"primaryImageOfPage":{"@id":"https:\/\/www.supeinnihonto.com\/fr\/produit\/kojiri-en-shibuichi-a-la-pivoine\/#primaryimage"},"image":{"@id":"https:\/\/www.supeinnihonto.com\/fr\/produit\/kojiri-en-shibuichi-a-la-pivoine\/#primaryimage"},"thumbnailUrl":"https:\/\/i0.wp.com\/www.supeinnihonto.com\/wp-content\/uploads\/2024\/05\/DSC_3804-scaled.jpg?fit=2560%2C1707&ssl=1","datePublished":"2024-05-14T16:19:26+00:00","dateModified":"2025-12-26T19:29:45+00:00","description":"Kojiri en shibuichi \u00e0 motif de pivoine. Superbe kojiri en shibuichi (alliage de cuivre et d\u2019argent) d\u00e9cor\u00e9 de motifs de fleurs de pivoine. Pi\u00e8ce remarquable.","breadcrumb":{"@id":"https:\/\/www.supeinnihonto.com\/fr\/produit\/kojiri-en-shibuichi-a-la-pivoine\/#breadcrumb"},"inLanguage":"fr-FR","potentialAction":[{"@type":"ReadAction","target":["https:\/\/www.supeinnihonto.com\/fr\/produit\/kojiri-en-shibuichi-a-la-pivoine\/"]}]},{"@type":"ImageObject","inLanguage":"fr-FR","@id":"https:\/\/www.supeinnihonto.com\/fr\/produit\/kojiri-en-shibuichi-a-la-pivoine\/#primaryimage","url":"https:\/\/i0.wp.com\/www.supeinnihonto.com\/wp-content\/uploads\/2024\/05\/DSC_3804-scaled.jpg?fit=2560%2C1707&ssl=1","contentUrl":"https:\/\/i0.wp.com\/www.supeinnihonto.com\/wp-content\/uploads\/2024\/05\/DSC_3804-scaled.jpg?fit=2560%2C1707&ssl=1","width":2560,"height":1707,"caption":"Kojiri Shibuichi peony"},{"@type":"BreadcrumbList","@id":"https:\/\/www.supeinnihonto.com\/fr\/produit\/kojiri-en-shibuichi-a-la-pivoine\/#breadcrumb","itemListElement":[{"@type":"ListItem","position":1,"name":"Portada","item":"https:\/\/www.supeinnihonto.com\/fr\/"},{"@type":"ListItem","position":2,"name":"Shop","item":"https:\/\/www.supeinnihonto.com\/fr\/shop\/"},{"@type":"ListItem","position":3,"name":"Kojiri en shibuichi \u00e0 la pivoine"}]},{"@type":"WebSite","@id":"https:\/\/www.supeinnihonto.com\/fr\/#website","url":"https:\/\/www.supeinnihonto.com\/fr\/","name":"Supein Nihonto","description":"Authentic japanese Nihonto katana ","publisher":{"@id":"https:\/\/www.supeinnihonto.com\/fr\/#organization"},"potentialAction":[{"@type":"SearchAction","target":{"@type":"EntryPoint","urlTemplate":"https:\/\/www.supeinnihonto.com\/fr\/?s={search_term_string}"},"query-input":{"@type":"PropertyValueSpecification","valueRequired":true,"valueName":"search_term_string"}}],"inLanguage":"fr-FR"},{"@type":"Organization","@id":"https:\/\/www.supeinnihonto.com\/fr\/#organization","name":"SupeinNihonto","url":"https:\/\/www.supeinnihonto.com\/fr\/","logo":{"@type":"ImageObject","inLanguage":"fr-FR","@id":"https:\/\/www.supeinnihonto.com\/fr\/#\/schema\/logo\/image\/","url":"https:\/\/www.supeinnihonto.com\/wp-content\/uploads\/2021\/11\/animation_Default_3szk0jcenoloop.gif","contentUrl":"https:\/\/www.supeinnihonto.com\/wp-content\/uploads\/2021\/11\/animation_Default_3szk0jcenoloop.gif","width":750,"height":641,"caption":"SupeinNihonto"},"image":{"@id":"https:\/\/www.supeinnihonto.com\/fr\/#\/schema\/logo\/image\/"}}]}},"jetpack-related-posts":[{"id":14451,"url":"https:\/\/www.supeinnihonto.com\/fr\/produit\/kojiri-en-argent-a-motifs-floraux\/","url_meta":{"origin":14443,"position":0},"title":"Kojiri en argent \u00e0 motifs floraux","author":"Supein Nihonto","date":"14 de mai de 2024","format":false,"excerpt":"Objet : Superbe kojiri en argent d\u00e9cor\u00e9 de motifs floraux. Pi\u00e8ce remarquable. Les kojiri sont rares car, bien que les fuchi-kashira aient \u00e9t\u00e9 obligatoires pour presque tous les sabres, les kojiri \u00e9taient r\u00e9serv\u00e9s aux koshirae de grande valeur et aux sabres de la meilleure qualit\u00e9, car ils rendaient le koshirae\u2026","rel":"","context":"Article similaire","block_context":{"text":"Article similaire","link":""},"img":{"alt_text":"Kojiri silver flowers","src":"https:\/\/i0.wp.com\/www.supeinnihonto.com\/wp-content\/uploads\/2024\/05\/DSC_3805-scaled.jpg?fit=1200%2C800&ssl=1&resize=350%2C200","width":350,"height":200,"srcset":"https:\/\/i0.wp.com\/www.supeinnihonto.com\/wp-content\/uploads\/2024\/05\/DSC_3805-scaled.jpg?fit=1200%2C800&ssl=1&resize=350%2C200 1x, https:\/\/i0.wp.com\/www.supeinnihonto.com\/wp-content\/uploads\/2024\/05\/DSC_3805-scaled.jpg?fit=1200%2C800&ssl=1&resize=525%2C300 1.5x, https:\/\/i0.wp.com\/www.supeinnihonto.com\/wp-content\/uploads\/2024\/05\/DSC_3805-scaled.jpg?fit=1200%2C800&ssl=1&resize=700%2C400 2x, https:\/\/i0.wp.com\/www.supeinnihonto.com\/wp-content\/uploads\/2024\/05\/DSC_3805-scaled.jpg?fit=1200%2C800&ssl=1&resize=1050%2C600 3x"},"classes":[]},{"id":14659,"url":"https:\/\/www.supeinnihonto.com\/fr\/produit\/fuchi-kashira-et-kurigata-aux-samourais\/","url_meta":{"origin":14443,"position":1},"title":"Fuchi Kashira et kurigata aux samoura\u00efs","author":"Supein Nihonto","date":"13 de mai de 2024","format":false,"excerpt":"Objet : Fuchi Kashira et kurigata aux samoura\u00efs. Ensemble tr\u00e8s rare de fuchi, kashira et kurigata pour katana. Pi\u00e8ce exceptionnellement rare en raison de la conservation compl\u00e8te des trois \u00e9l\u00e9ments et de leur qualit\u00e9. Il est \u00e9galement rare de trouver un kurigata, ceux-ci \u00e9tant g\u00e9n\u00e9ralement fabriqu\u00e9s en bois ou en\u2026","rel":"","context":"Article similaire","block_context":{"text":"Article similaire","link":""},"img":{"alt_text":"Fuchi Kashira and kojiri Samurais","src":"https:\/\/i0.wp.com\/www.supeinnihonto.com\/wp-content\/uploads\/2024\/05\/DSC_3903-scaled.jpg?fit=1200%2C800&ssl=1&resize=350%2C200","width":350,"height":200,"srcset":"https:\/\/i0.wp.com\/www.supeinnihonto.com\/wp-content\/uploads\/2024\/05\/DSC_3903-scaled.jpg?fit=1200%2C800&ssl=1&resize=350%2C200 1x, https:\/\/i0.wp.com\/www.supeinnihonto.com\/wp-content\/uploads\/2024\/05\/DSC_3903-scaled.jpg?fit=1200%2C800&ssl=1&resize=525%2C300 1.5x, https:\/\/i0.wp.com\/www.supeinnihonto.com\/wp-content\/uploads\/2024\/05\/DSC_3903-scaled.jpg?fit=1200%2C800&ssl=1&resize=700%2C400 2x, https:\/\/i0.wp.com\/www.supeinnihonto.com\/wp-content\/uploads\/2024\/05\/DSC_3903-scaled.jpg?fit=1200%2C800&ssl=1&resize=1050%2C600 3x"},"classes":[]},{"id":14435,"url":"https:\/\/www.supeinnihonto.com\/fr\/produit\/fuchi-en-shibuichi-aux-plantes-de-riviere\/","url_meta":{"origin":14443,"position":2},"title":"Fuchi en shibuichi aux plantes de rivi\u00e8re","author":"Supein Nihonto","date":"14 de mai de 2024","format":false,"excerpt":"Objet : Fuchi en shibuichi (alliage d\u2019argent et de cuivre) avec incrustations de plantes de rivi\u00e8re et de courant fluvial en argent et en or. P\u00e9riode Edo. Fuchi : 4,2 x 2,3 cm Convient pour katana et wakizashi. Qu\u2019est-ce qu\u2019un fuchi\/kashira ? Un fuchi-kashira est une paire de montures de\u2026","rel":"","context":"Article similaire","block_context":{"text":"Article similaire","link":""},"img":{"alt_text":"Fuchi shibuichi river plants","src":"https:\/\/i0.wp.com\/www.supeinnihonto.com\/wp-content\/uploads\/2024\/05\/DSC_3799-scaled.jpg?fit=1200%2C800&ssl=1&resize=350%2C200","width":350,"height":200,"srcset":"https:\/\/i0.wp.com\/www.supeinnihonto.com\/wp-content\/uploads\/2024\/05\/DSC_3799-scaled.jpg?fit=1200%2C800&ssl=1&resize=350%2C200 1x, https:\/\/i0.wp.com\/www.supeinnihonto.com\/wp-content\/uploads\/2024\/05\/DSC_3799-scaled.jpg?fit=1200%2C800&ssl=1&resize=525%2C300 1.5x, https:\/\/i0.wp.com\/www.supeinnihonto.com\/wp-content\/uploads\/2024\/05\/DSC_3799-scaled.jpg?fit=1200%2C800&ssl=1&resize=700%2C400 2x, https:\/\/i0.wp.com\/www.supeinnihonto.com\/wp-content\/uploads\/2024\/05\/DSC_3799-scaled.jpg?fit=1200%2C800&ssl=1&resize=1050%2C600 3x"},"classes":[]},{"id":14441,"url":"https:\/\/www.supeinnihonto.com\/nl\/product\/shibuichi-kojiri-met-pioen\/","url_meta":{"origin":14443,"position":3},"title":"Shibuichi-kojiri met pioen","author":"Supein Nihonto","date":"14 de mai de 2024","format":false,"excerpt":"Object: Prachtige kojiri van shibuichi (legering van koper en zilver) met zilveren pioenbloemmotieven. Een uitzonderlijk stuk. Kojiri zijn zeldzaam omdat, hoewel fuchi-kashira verplicht waren voor vrijwel alle zwaarden, kojiri alleen werden gebruikt bij hoogwaardige koshirae en zwaarden van de beste kwaliteit. Dit omdat zij de kosten aanzienlijk verhoogden zonder een\u2026","rel":"","context":"Article similaire","block_context":{"text":"Article similaire","link":""},"img":{"alt_text":"Kojiri Shibuichi peony","src":"https:\/\/i0.wp.com\/www.supeinnihonto.com\/wp-content\/uploads\/2024\/05\/DSC_3804-scaled.jpg?fit=1200%2C800&ssl=1&resize=350%2C200","width":350,"height":200,"srcset":"https:\/\/i0.wp.com\/www.supeinnihonto.com\/wp-content\/uploads\/2024\/05\/DSC_3804-scaled.jpg?fit=1200%2C800&ssl=1&resize=350%2C200 1x, https:\/\/i0.wp.com\/www.supeinnihonto.com\/wp-content\/uploads\/2024\/05\/DSC_3804-scaled.jpg?fit=1200%2C800&ssl=1&resize=525%2C300 1.5x, https:\/\/i0.wp.com\/www.supeinnihonto.com\/wp-content\/uploads\/2024\/05\/DSC_3804-scaled.jpg?fit=1200%2C800&ssl=1&resize=700%2C400 2x, https:\/\/i0.wp.com\/www.supeinnihonto.com\/wp-content\/uploads\/2024\/05\/DSC_3804-scaled.jpg?fit=1200%2C800&ssl=1&resize=1050%2C600 3x"},"classes":[]},{"id":15003,"url":"https:\/\/www.supeinnihonto.com\/fr\/produit\/wakizashi-nihonto-red-saya\/","url_meta":{"origin":14443,"position":4},"title":"Wakizashi Nihonto Saya Rouge","author":"Supein Nihonto","date":"4 de f\u00e9vrier de 2024","format":false,"excerpt":"Wakizashi Nihonto Saya Rouge. Chez Supein Nihonto, nous nous effor\u00e7ons de vous proposer des sabres samoura\u00efs de haute qualit\u00e9 \u00e0 des prix bien inf\u00e9rieurs \u00e0 ceux de la concurrence. Nous sommes probablement le plus grand exportateur en Europe. Cela est particuli\u00e8rement important pour \u00e9conomiser sur les taxes et les d\u00e9lais\u2026","rel":"","context":"Article similaire","block_context":{"text":"Article similaire","link":""},"img":{"alt_text":"Wakizashi Red saya","src":"https:\/\/i0.wp.com\/www.supeinnihonto.com\/wp-content\/uploads\/2024\/02\/DSC_0137-scaled.jpg?fit=1200%2C801&ssl=1&resize=350%2C200","width":350,"height":200,"srcset":"https:\/\/i0.wp.com\/www.supeinnihonto.com\/wp-content\/uploads\/2024\/02\/DSC_0137-scaled.jpg?fit=1200%2C801&ssl=1&resize=350%2C200 1x, https:\/\/i0.wp.com\/www.supeinnihonto.com\/wp-content\/uploads\/2024\/02\/DSC_0137-scaled.jpg?fit=1200%2C801&ssl=1&resize=525%2C300 1.5x, https:\/\/i0.wp.com\/www.supeinnihonto.com\/wp-content\/uploads\/2024\/02\/DSC_0137-scaled.jpg?fit=1200%2C801&ssl=1&resize=700%2C400 2x, https:\/\/i0.wp.com\/www.supeinnihonto.com\/wp-content\/uploads\/2024\/02\/DSC_0137-scaled.jpg?fit=1200%2C801&ssl=1&resize=1050%2C600 3x"},"classes":[]},{"id":14623,"url":"https:\/\/www.supeinnihonto.com\/fr\/produit\/fuchi-kashira-en-shakudo-au-motif-dhirondelle\/","url_meta":{"origin":14443,"position":5},"title":"Fuchi kashira en shakud\u014d au motif d\u2019hirondelle","author":"Supein Nihonto","date":"13 de mai de 2024","format":false,"excerpt":"Objet : Fuchi kashira en shakud\u014d au motif d\u2019hirondelle. R\u00e9alis\u00e9 en shibuichi, cuivre, shakud\u014d et or, repr\u00e9sentant des f\u00eatards sur une barque sous un saule et une hirondelle, sign\u00e9 Tsunenao avec un kao. P\u00e9riode Edo. Fuchi : 3,5 x 2,1 cm Kashira : 3,0 x 1,7 cm Convient pour wakizashi\u2026","rel":"","context":"Article similaire","block_context":{"text":"Article similaire","link":""},"img":{"alt_text":"Fuchi kashira shakudo swallow","src":"https:\/\/i0.wp.com\/www.supeinnihonto.com\/wp-content\/uploads\/2024\/05\/DSC_3878-scaled.jpg?fit=1200%2C800&ssl=1&resize=350%2C200","width":350,"height":200,"srcset":"https:\/\/i0.wp.com\/www.supeinnihonto.com\/wp-content\/uploads\/2024\/05\/DSC_3878-scaled.jpg?fit=1200%2C800&ssl=1&resize=350%2C200 1x, https:\/\/i0.wp.com\/www.supeinnihonto.com\/wp-content\/uploads\/2024\/05\/DSC_3878-scaled.jpg?fit=1200%2C800&ssl=1&resize=525%2C300 1.5x, https:\/\/i0.wp.com\/www.supeinnihonto.com\/wp-content\/uploads\/2024\/05\/DSC_3878-scaled.jpg?fit=1200%2C800&ssl=1&resize=700%2C400 2x, https:\/\/i0.wp.com\/www.supeinnihonto.com\/wp-content\/uploads\/2024\/05\/DSC_3878-scaled.jpg?fit=1200%2C800&ssl=1&resize=1050%2C600 3x"},"classes":[]}],"jetpack_sharing_enabled":true,"_links":{"self":[{"href":"https:\/\/www.supeinnihonto.com\/fr\/wp-json\/wp\/v2\/product\/14443","targetHints":{"allow":["GET"]}}],"collection":[{"href":"https:\/\/www.supeinnihonto.com\/fr\/wp-json\/wp\/v2\/product"}],"about":[{"href":"https:\/\/www.supeinnihonto.com\/fr\/wp-json\/wp\/v2\/types\/product"}],"wp:featuredmedia":[{"embeddable":true,"href":"https:\/\/www.supeinnihonto.com\/fr\/wp-json\/wp\/v2\/media\/14444"}],"wp:attachment":[{"href":"https:\/\/www.supeinnihonto.com\/fr\/wp-json\/wp\/v2\/media?parent=14443"}],"wp:term":[{"taxonomy":"product_brand","embeddable":true,"href":"https:\/\/www.supeinnihonto.com\/fr\/wp-json\/wp\/v2\/product_brand?post=14443"},{"taxonomy":"product_cat","embeddable":true,"href":"https:\/\/www.supeinnihonto.com\/fr\/wp-json\/wp\/v2\/product_cat?post=14443"},{"taxonomy":"product_tag","embeddable":true,"href":"https:\/\/www.supeinnihonto.com\/fr\/wp-json\/wp\/v2\/product_tag?post=14443"}],"curies":[{"name":"wp","href":"https:\/\/api.w.org\/{rel}","templated":true}]}}