{"id":14427,"date":"2024-05-14T16:32:45","date_gmt":"2024-05-14T16:32:45","guid":{"rendered":"https:\/\/www.supeinnihonto.com\/product\/kashira-shakudo-bishamonten\/"},"modified":"2025-12-26T19:17:25","modified_gmt":"2025-12-26T19:17:25","slug":"kashira-shakudo-bishamonten","status":"publish","type":"product","link":"https:\/\/www.supeinnihonto.com\/fr\/produit\/kashira-shakudo-bishamonten\/","title":{"rendered":"Kashira shakudo Bishamonten"},"content":{"rendered":"<div><em><strong>Objet :<\/strong><\/em><\/div>\n<div><\/div>\n<div>Kashira en shakud\u014d Bishamonten. Kashira pr\u00e9sentant une excellente sculpture de Bishamonten, l\u2019un des Shichifukujin ou Sept Dieux de la Fortune. Malheureusement, seule la kashira subsiste, mais il s\u2019agit n\u00e9anmoins d\u2019une pi\u00e8ce remarquable pour les collectionneurs. Avec la paire fuchi assortie, l\u2019ensemble vaudrait probablement quatre fois plus.<\/div>\n<div><\/div>\n<div>Kashira : 3,6 x 1,6 cm<\/div>\n<div><\/div>\n<div>Convient pour katana et wakizashi.<\/div>\n<div><\/div>\n<div class=\"accordion-title active\"><em><strong>Qu\u2019est-ce qu\u2019un fuchi\/kashira ?<\/strong><\/em><br \/>\n<i class=\"fas fa-caret-up\"><\/i><\/div>\n<div class=\"accordion-content active\" id=\"tab3\">\n<p>Un fuchi-kashira est une paire de montures de sabre utilis\u00e9e dans le montage traditionnel japonais (koshirae). Elles sont situ\u00e9es aux deux extr\u00e9mit\u00e9s de la poign\u00e9e (tsuka) et remplissent des fonctions \u00e0 la fois d\u00e9coratives et fonctionnelles.<\/p>\n<ul>\n<li style=\"list-style-type: none;\">\n<ul>\n<li><strong>Fuchi :<\/strong><span> <\/span>Le fuchi est la virole ou bague situ\u00e9e \u00e0 la base de la poign\u00e9e, adjacente \u00e0 la garde (tsuba). Il sert d\u2019\u00e9l\u00e9ment d\u00e9coratif et protecteur, couvrant la jonction entre la poign\u00e9e et la garde. Le fuchi est g\u00e9n\u00e9ralement en m\u00e9tal et peut pr\u00e9senter divers motifs, souvent assortis aux autres montures telles que les menuki et la tsuba.<\/li>\n<li><strong>Kashira :<\/strong><span> <\/span>La kashira est le pommeau ou capuchon terminal de la poign\u00e9e, situ\u00e9 \u00e0 l\u2019extr\u00e9mit\u00e9 oppos\u00e9e \u00e0 la garde (tsuba). Elle sert \u00e0 maintenir l\u2019enroulement (tsukamaki) de la poign\u00e9e et \u00e0 \u00e9quilibrer le poids de la lame. Comme le fuchi, la kashira est g\u00e9n\u00e9ralement en m\u00e9tal et peut \u00eatre orn\u00e9e de motifs finement travaill\u00e9s afin de compl\u00e9ter l\u2019esth\u00e9tique g\u00e9n\u00e9rale du sabre.<\/li>\n<\/ul>\n<\/li>\n<\/ul>\n<p>Ensemble, le fuchi et la kashira forment une paire coordonn\u00e9e de montures qui contribuent \u00e0 l\u2019esth\u00e9tique et \u00e0 la fonctionnalit\u00e9 de la poign\u00e9e du sabre. Elles sont r\u00e9alis\u00e9es avec un grand souci du d\u00e9tail et peuvent varier consid\u00e9rablement en termes de design, de mat\u00e9riaux et de qualit\u00e9 d\u2019ex\u00e9cution, refl\u00e9tant le style du forgeron ou les pr\u00e9f\u00e9rences du propri\u00e9taire du sabre.<\/p>\n<\/div>\n","protected":false},"excerpt":{"rendered":"<p>Objet : Kashira en shakud\u014d Bishamonten. Kashira pr\u00e9sentant une excellente sculpture de Bishamonten, l\u2019un des Shichifukujin ou Sept Dieux de la Fortune. Malheureusement, seule la kashira subsiste, mais il s\u2019agit n\u00e9anmoins d\u2019une pi\u00e8ce remarquable pour les collectionneurs. Avec la paire fuchi assortie, l\u2019ensemble vaudrait probablement quatre fois plus. Kashira : [&hellip;]<\/p>\n","protected":false},"featured_media":14428,"template":"","meta":{"jetpack_post_was_ever_published":false},"product_brand":[],"product_cat":[553],"product_tag":[],"class_list":{"0":"post-14427","1":"product","2":"type-product","3":"status-publish","4":"has-post-thumbnail","6":"product_cat-fuchi-kashira","7":"product_shipping_class-light","9":"first","10":"instock","11":"featured","12":"sold-individually","13":"shipping-taxable","14":"purchasable","15":"product-type-simple"},"yoast_head":"<!-- This site is optimized with the Yoast SEO plugin v27.5 - https:\/\/yoast.com\/product\/yoast-seo-wordpress\/ -->\n<title>Kashira shakudo Bishamonten - Supein Nihonto<\/title>\n<meta name=\"description\" content=\"Kashira en shakud\u014d repr\u00e9sentant Bishamonten, finement sculpt\u00e9e. Bishamonten est l\u2019un des Shichifukujin, les Sept Dieux de la Fortune.\" \/>\n<meta name=\"robots\" content=\"index, follow, max-snippet:-1, max-image-preview:large, max-video-preview:-1\" \/>\n<link rel=\"canonical\" href=\"https:\/\/www.supeinnihonto.com\/fr\/produit\/kashira-shakudo-bishamonten\/\" \/>\n<meta property=\"og:locale\" content=\"fr_FR\" \/>\n<meta property=\"og:type\" content=\"article\" \/>\n<meta property=\"og:title\" content=\"Kashira shakudo Bishamonten - Supein Nihonto\" \/>\n<meta property=\"og:description\" content=\"Kashira en shakud\u014d repr\u00e9sentant Bishamonten, finement sculpt\u00e9e. Bishamonten est l\u2019un des Shichifukujin, les Sept Dieux de la Fortune.\" \/>\n<meta property=\"og:url\" content=\"https:\/\/www.supeinnihonto.com\/fr\/produit\/kashira-shakudo-bishamonten\/\" \/>\n<meta property=\"og:site_name\" content=\"Supein Nihonto\" \/>\n<meta property=\"article:modified_time\" content=\"2025-12-26T19:17:25+00:00\" \/>\n<meta property=\"og:image\" content=\"https:\/\/www.supeinnihonto.com\/wp-content\/uploads\/2024\/05\/DSC_3803-scaled.jpg\" \/>\n\t<meta property=\"og:image:width\" content=\"2560\" \/>\n\t<meta property=\"og:image:height\" content=\"1707\" \/>\n\t<meta property=\"og:image:type\" content=\"image\/jpeg\" \/>\n<meta name=\"twitter:card\" content=\"summary_large_image\" \/>\n<meta name=\"twitter:label1\" content=\"Dur\u00e9e de lecture estim\u00e9e\" \/>\n\t<meta name=\"twitter:data1\" content=\"2 minutes\" \/>\n<script type=\"application\/ld+json\" class=\"yoast-schema-graph\">{\"@context\":\"https:\\\/\\\/schema.org\",\"@graph\":[{\"@type\":\"WebPage\",\"@id\":\"https:\\\/\\\/www.supeinnihonto.com\\\/fr\\\/produit\\\/kashira-shakudo-bishamonten\\\/\",\"url\":\"https:\\\/\\\/www.supeinnihonto.com\\\/fr\\\/produit\\\/kashira-shakudo-bishamonten\\\/\",\"name\":\"Kashira shakudo Bishamonten - Supein Nihonto\",\"isPartOf\":{\"@id\":\"https:\\\/\\\/www.supeinnihonto.com\\\/fr\\\/#website\"},\"primaryImageOfPage\":{\"@id\":\"https:\\\/\\\/www.supeinnihonto.com\\\/fr\\\/produit\\\/kashira-shakudo-bishamonten\\\/#primaryimage\"},\"image\":{\"@id\":\"https:\\\/\\\/www.supeinnihonto.com\\\/fr\\\/produit\\\/kashira-shakudo-bishamonten\\\/#primaryimage\"},\"thumbnailUrl\":\"https:\\\/\\\/i0.wp.com\\\/www.supeinnihonto.com\\\/wp-content\\\/uploads\\\/2024\\\/05\\\/DSC_3803-scaled.jpg?fit=2560%2C1707&ssl=1\",\"datePublished\":\"2024-05-14T16:32:45+00:00\",\"dateModified\":\"2025-12-26T19:17:25+00:00\",\"description\":\"Kashira en shakud\u014d repr\u00e9sentant Bishamonten, finement sculpt\u00e9e. Bishamonten est l\u2019un des Shichifukujin, les Sept Dieux de la Fortune.\",\"breadcrumb\":{\"@id\":\"https:\\\/\\\/www.supeinnihonto.com\\\/fr\\\/produit\\\/kashira-shakudo-bishamonten\\\/#breadcrumb\"},\"inLanguage\":\"fr-FR\",\"potentialAction\":[{\"@type\":\"ReadAction\",\"target\":[\"https:\\\/\\\/www.supeinnihonto.com\\\/fr\\\/produit\\\/kashira-shakudo-bishamonten\\\/\"]}]},{\"@type\":\"ImageObject\",\"inLanguage\":\"fr-FR\",\"@id\":\"https:\\\/\\\/www.supeinnihonto.com\\\/fr\\\/produit\\\/kashira-shakudo-bishamonten\\\/#primaryimage\",\"url\":\"https:\\\/\\\/i0.wp.com\\\/www.supeinnihonto.com\\\/wp-content\\\/uploads\\\/2024\\\/05\\\/DSC_3803-scaled.jpg?fit=2560%2C1707&ssl=1\",\"contentUrl\":\"https:\\\/\\\/i0.wp.com\\\/www.supeinnihonto.com\\\/wp-content\\\/uploads\\\/2024\\\/05\\\/DSC_3803-scaled.jpg?fit=2560%2C1707&ssl=1\",\"width\":2560,\"height\":1707,\"caption\":\"Kashira shakudo\"},{\"@type\":\"BreadcrumbList\",\"@id\":\"https:\\\/\\\/www.supeinnihonto.com\\\/fr\\\/produit\\\/kashira-shakudo-bishamonten\\\/#breadcrumb\",\"itemListElement\":[{\"@type\":\"ListItem\",\"position\":1,\"name\":\"Portada\",\"item\":\"https:\\\/\\\/www.supeinnihonto.com\\\/fr\\\/\"},{\"@type\":\"ListItem\",\"position\":2,\"name\":\"Shop\",\"item\":\"https:\\\/\\\/www.supeinnihonto.com\\\/fr\\\/shop\\\/\"},{\"@type\":\"ListItem\",\"position\":3,\"name\":\"Kashira shakudo Bishamonten\"}]},{\"@type\":\"WebSite\",\"@id\":\"https:\\\/\\\/www.supeinnihonto.com\\\/fr\\\/#website\",\"url\":\"https:\\\/\\\/www.supeinnihonto.com\\\/fr\\\/\",\"name\":\"Supein Nihonto\",\"description\":\"Authentic japanese Nihonto katana \",\"publisher\":{\"@id\":\"https:\\\/\\\/www.supeinnihonto.com\\\/fr\\\/#organization\"},\"potentialAction\":[{\"@type\":\"SearchAction\",\"target\":{\"@type\":\"EntryPoint\",\"urlTemplate\":\"https:\\\/\\\/www.supeinnihonto.com\\\/fr\\\/?s={search_term_string}\"},\"query-input\":{\"@type\":\"PropertyValueSpecification\",\"valueRequired\":true,\"valueName\":\"search_term_string\"}}],\"inLanguage\":\"fr-FR\"},{\"@type\":\"Organization\",\"@id\":\"https:\\\/\\\/www.supeinnihonto.com\\\/fr\\\/#organization\",\"name\":\"SupeinNihonto\",\"url\":\"https:\\\/\\\/www.supeinnihonto.com\\\/fr\\\/\",\"logo\":{\"@type\":\"ImageObject\",\"inLanguage\":\"fr-FR\",\"@id\":\"https:\\\/\\\/www.supeinnihonto.com\\\/fr\\\/#\\\/schema\\\/logo\\\/image\\\/\",\"url\":\"https:\\\/\\\/www.supeinnihonto.com\\\/wp-content\\\/uploads\\\/2021\\\/11\\\/animation_Default_3szk0jcenoloop.gif\",\"contentUrl\":\"https:\\\/\\\/www.supeinnihonto.com\\\/wp-content\\\/uploads\\\/2021\\\/11\\\/animation_Default_3szk0jcenoloop.gif\",\"width\":750,\"height\":641,\"caption\":\"SupeinNihonto\"},\"image\":{\"@id\":\"https:\\\/\\\/www.supeinnihonto.com\\\/fr\\\/#\\\/schema\\\/logo\\\/image\\\/\"}}]}<\/script>\n<!-- \/ Yoast SEO plugin. -->","yoast_head_json":{"title":"Kashira shakudo Bishamonten - Supein Nihonto","description":"Kashira en shakud\u014d repr\u00e9sentant Bishamonten, finement sculpt\u00e9e. Bishamonten est l\u2019un des Shichifukujin, les Sept Dieux de la Fortune.","robots":{"index":"index","follow":"follow","max-snippet":"max-snippet:-1","max-image-preview":"max-image-preview:large","max-video-preview":"max-video-preview:-1"},"canonical":"https:\/\/www.supeinnihonto.com\/fr\/produit\/kashira-shakudo-bishamonten\/","og_locale":"fr_FR","og_type":"article","og_title":"Kashira shakudo Bishamonten - Supein Nihonto","og_description":"Kashira en shakud\u014d repr\u00e9sentant Bishamonten, finement sculpt\u00e9e. Bishamonten est l\u2019un des Shichifukujin, les Sept Dieux de la Fortune.","og_url":"https:\/\/www.supeinnihonto.com\/fr\/produit\/kashira-shakudo-bishamonten\/","og_site_name":"Supein Nihonto","article_modified_time":"2025-12-26T19:17:25+00:00","og_image":[{"width":2560,"height":1707,"url":"https:\/\/www.supeinnihonto.com\/wp-content\/uploads\/2024\/05\/DSC_3803-scaled.jpg","type":"image\/jpeg"}],"twitter_card":"summary_large_image","twitter_misc":{"Dur\u00e9e de lecture estim\u00e9e":"2 minutes"},"schema":{"@context":"https:\/\/schema.org","@graph":[{"@type":"WebPage","@id":"https:\/\/www.supeinnihonto.com\/fr\/produit\/kashira-shakudo-bishamonten\/","url":"https:\/\/www.supeinnihonto.com\/fr\/produit\/kashira-shakudo-bishamonten\/","name":"Kashira shakudo Bishamonten - Supein Nihonto","isPartOf":{"@id":"https:\/\/www.supeinnihonto.com\/fr\/#website"},"primaryImageOfPage":{"@id":"https:\/\/www.supeinnihonto.com\/fr\/produit\/kashira-shakudo-bishamonten\/#primaryimage"},"image":{"@id":"https:\/\/www.supeinnihonto.com\/fr\/produit\/kashira-shakudo-bishamonten\/#primaryimage"},"thumbnailUrl":"https:\/\/i0.wp.com\/www.supeinnihonto.com\/wp-content\/uploads\/2024\/05\/DSC_3803-scaled.jpg?fit=2560%2C1707&ssl=1","datePublished":"2024-05-14T16:32:45+00:00","dateModified":"2025-12-26T19:17:25+00:00","description":"Kashira en shakud\u014d repr\u00e9sentant Bishamonten, finement sculpt\u00e9e. Bishamonten est l\u2019un des Shichifukujin, les Sept Dieux de la Fortune.","breadcrumb":{"@id":"https:\/\/www.supeinnihonto.com\/fr\/produit\/kashira-shakudo-bishamonten\/#breadcrumb"},"inLanguage":"fr-FR","potentialAction":[{"@type":"ReadAction","target":["https:\/\/www.supeinnihonto.com\/fr\/produit\/kashira-shakudo-bishamonten\/"]}]},{"@type":"ImageObject","inLanguage":"fr-FR","@id":"https:\/\/www.supeinnihonto.com\/fr\/produit\/kashira-shakudo-bishamonten\/#primaryimage","url":"https:\/\/i0.wp.com\/www.supeinnihonto.com\/wp-content\/uploads\/2024\/05\/DSC_3803-scaled.jpg?fit=2560%2C1707&ssl=1","contentUrl":"https:\/\/i0.wp.com\/www.supeinnihonto.com\/wp-content\/uploads\/2024\/05\/DSC_3803-scaled.jpg?fit=2560%2C1707&ssl=1","width":2560,"height":1707,"caption":"Kashira shakudo"},{"@type":"BreadcrumbList","@id":"https:\/\/www.supeinnihonto.com\/fr\/produit\/kashira-shakudo-bishamonten\/#breadcrumb","itemListElement":[{"@type":"ListItem","position":1,"name":"Portada","item":"https:\/\/www.supeinnihonto.com\/fr\/"},{"@type":"ListItem","position":2,"name":"Shop","item":"https:\/\/www.supeinnihonto.com\/fr\/shop\/"},{"@type":"ListItem","position":3,"name":"Kashira shakudo Bishamonten"}]},{"@type":"WebSite","@id":"https:\/\/www.supeinnihonto.com\/fr\/#website","url":"https:\/\/www.supeinnihonto.com\/fr\/","name":"Supein Nihonto","description":"Authentic japanese Nihonto katana ","publisher":{"@id":"https:\/\/www.supeinnihonto.com\/fr\/#organization"},"potentialAction":[{"@type":"SearchAction","target":{"@type":"EntryPoint","urlTemplate":"https:\/\/www.supeinnihonto.com\/fr\/?s={search_term_string}"},"query-input":{"@type":"PropertyValueSpecification","valueRequired":true,"valueName":"search_term_string"}}],"inLanguage":"fr-FR"},{"@type":"Organization","@id":"https:\/\/www.supeinnihonto.com\/fr\/#organization","name":"SupeinNihonto","url":"https:\/\/www.supeinnihonto.com\/fr\/","logo":{"@type":"ImageObject","inLanguage":"fr-FR","@id":"https:\/\/www.supeinnihonto.com\/fr\/#\/schema\/logo\/image\/","url":"https:\/\/www.supeinnihonto.com\/wp-content\/uploads\/2021\/11\/animation_Default_3szk0jcenoloop.gif","contentUrl":"https:\/\/www.supeinnihonto.com\/wp-content\/uploads\/2021\/11\/animation_Default_3szk0jcenoloop.gif","width":750,"height":641,"caption":"SupeinNihonto"},"image":{"@id":"https:\/\/www.supeinnihonto.com\/fr\/#\/schema\/logo\/image\/"}}]}},"jetpack-related-posts":[{"id":14425,"url":"https:\/\/www.supeinnihonto.com\/nl\/product\/kashira-shakudo-bishamonten\/","url_meta":{"origin":14427,"position":0},"title":"Kashira shakudo Bishamonten","author":"ericmontero","date":"14 de mai de 2024","format":false,"excerpt":"Object: Kashira van shakud\u014d met Bishamonten. Kashira met uitstekende gravure van Bishamonten, een van de Shichifukujin of Zeven Geluksgoden. Helaas is alleen de kashira bewaard gebleven, maar het is nog steeds een prachtig verzamelobject. Met de bijpassende fuchi-set zou de waarde waarschijnlijk vier keer zo hoog zijn. Kashira: 3,6 x\u2026","rel":"","context":"Article similaire","block_context":{"text":"Article similaire","link":""},"img":{"alt_text":"Kashira shakudo","src":"https:\/\/i0.wp.com\/www.supeinnihonto.com\/wp-content\/uploads\/2024\/05\/DSC_3803-scaled.jpg?fit=1200%2C800&ssl=1&resize=350%2C200","width":350,"height":200,"srcset":"https:\/\/i0.wp.com\/www.supeinnihonto.com\/wp-content\/uploads\/2024\/05\/DSC_3803-scaled.jpg?fit=1200%2C800&ssl=1&resize=350%2C200 1x, https:\/\/i0.wp.com\/www.supeinnihonto.com\/wp-content\/uploads\/2024\/05\/DSC_3803-scaled.jpg?fit=1200%2C800&ssl=1&resize=525%2C300 1.5x, https:\/\/i0.wp.com\/www.supeinnihonto.com\/wp-content\/uploads\/2024\/05\/DSC_3803-scaled.jpg?fit=1200%2C800&ssl=1&resize=700%2C400 2x, https:\/\/i0.wp.com\/www.supeinnihonto.com\/wp-content\/uploads\/2024\/05\/DSC_3803-scaled.jpg?fit=1200%2C800&ssl=1&resize=1050%2C600 3x"},"classes":[]},{"id":14429,"url":"https:\/\/www.supeinnihonto.com\/de\/produkt\/kashira-shakudo-bishamonten\/","url_meta":{"origin":14427,"position":1},"title":"Kashira Shakud\u014d Bishamonten","author":"Supein Nihonto","date":"14 de mai de 2024","format":false,"excerpt":"Artikel: Kashira aus Shakud\u014d mit Bishamonten-Darstellung. Kashira mit hervorragender Schnitzarbeit von Bishamonten, einem der Shichifukujin oder Sieben Gl\u00fccksg\u00f6tter. Leider ist nur die Kashira erhalten geblieben, dennoch handelt es sich um ein gro\u00dfartiges Sammlerst\u00fcck. Mit dem passenden Fuchi-Set w\u00e4re der Wert vermutlich viermal so hoch. Kashira: 3,6 x 1,6 cm Geeignet\u2026","rel":"","context":"Article similaire","block_context":{"text":"Article similaire","link":""},"img":{"alt_text":"Kashira shakudo","src":"https:\/\/i0.wp.com\/www.supeinnihonto.com\/wp-content\/uploads\/2024\/05\/DSC_3803-scaled.jpg?fit=1200%2C800&ssl=1&resize=350%2C200","width":350,"height":200,"srcset":"https:\/\/i0.wp.com\/www.supeinnihonto.com\/wp-content\/uploads\/2024\/05\/DSC_3803-scaled.jpg?fit=1200%2C800&ssl=1&resize=350%2C200 1x, https:\/\/i0.wp.com\/www.supeinnihonto.com\/wp-content\/uploads\/2024\/05\/DSC_3803-scaled.jpg?fit=1200%2C800&ssl=1&resize=525%2C300 1.5x, https:\/\/i0.wp.com\/www.supeinnihonto.com\/wp-content\/uploads\/2024\/05\/DSC_3803-scaled.jpg?fit=1200%2C800&ssl=1&resize=700%2C400 2x, https:\/\/i0.wp.com\/www.supeinnihonto.com\/wp-content\/uploads\/2024\/05\/DSC_3803-scaled.jpg?fit=1200%2C800&ssl=1&resize=1050%2C600 3x"},"classes":[]},{"id":14431,"url":"https:\/\/www.supeinnihonto.com\/it\/prodotto\/kashira-shakudo-bishamonten\/","url_meta":{"origin":14427,"position":2},"title":"Kashira shakudo Bishamonten","author":"Supein Nihonto","date":"14 de mai de 2024","format":false,"excerpt":"Oggetto: Kashira in shakud\u014d Bishamonten. Kashira con eccellente incisione raffigurante Bishamonten, uno dei Shichifukujin o Sette Dei della Fortuna. Purtroppo \u00e8 rimasta solo la kashira, ma si tratta comunque di un ottimo pezzo da collezione. Con il fuchi abbinato, il valore sarebbe probabilmente quattro volte superiore. Kashira: 3,6 x 1,6\u2026","rel":"","context":"Article similaire","block_context":{"text":"Article similaire","link":""},"img":{"alt_text":"Kashira shakudo","src":"https:\/\/i0.wp.com\/www.supeinnihonto.com\/wp-content\/uploads\/2024\/05\/DSC_3803-scaled.jpg?fit=1200%2C800&ssl=1&resize=350%2C200","width":350,"height":200,"srcset":"https:\/\/i0.wp.com\/www.supeinnihonto.com\/wp-content\/uploads\/2024\/05\/DSC_3803-scaled.jpg?fit=1200%2C800&ssl=1&resize=350%2C200 1x, https:\/\/i0.wp.com\/www.supeinnihonto.com\/wp-content\/uploads\/2024\/05\/DSC_3803-scaled.jpg?fit=1200%2C800&ssl=1&resize=525%2C300 1.5x, https:\/\/i0.wp.com\/www.supeinnihonto.com\/wp-content\/uploads\/2024\/05\/DSC_3803-scaled.jpg?fit=1200%2C800&ssl=1&resize=700%2C400 2x, https:\/\/i0.wp.com\/www.supeinnihonto.com\/wp-content\/uploads\/2024\/05\/DSC_3803-scaled.jpg?fit=1200%2C800&ssl=1&resize=1050%2C600 3x"},"classes":[]},{"id":14603,"url":"https:\/\/www.supeinnihonto.com\/fr\/produit\/fuchi-kashira-en-shakudo-scene-de-charpentiers\/","url_meta":{"origin":14427,"position":3},"title":"Fuchi Kashira en shakud\u014d, sc\u00e8ne de charpentiers","author":"Supein Nihonto","date":"13 de mai de 2024","format":false,"excerpt":"Objet : Fuchi Kashira shakud\u014d \u00e0 d\u00e9cor de charpentiers. Shakud\u014d et or, avec un guerrier chinois mont\u00e9 repr\u00e9sent\u00e9 sur le kashira et des charpentiers travaillant sur une grande poutre en bois sur le fuchi. Relief \u00e9pais. P\u00e9riode Edo. Fuchi : 3,9 x 2,5 cm Kashira : 3,6 x 2 cm\u2026","rel":"","context":"Article similaire","block_context":{"text":"Article similaire","link":""},"img":{"alt_text":"Fuchi Kashira shakudo carpenters","src":"https:\/\/i0.wp.com\/www.supeinnihonto.com\/wp-content\/uploads\/2024\/05\/Fuchi-Kashira-shakudo-carpenters.webp?fit=1200%2C800&ssl=1&resize=350%2C200","width":350,"height":200,"srcset":"https:\/\/i0.wp.com\/www.supeinnihonto.com\/wp-content\/uploads\/2024\/05\/Fuchi-Kashira-shakudo-carpenters.webp?fit=1200%2C800&ssl=1&resize=350%2C200 1x, https:\/\/i0.wp.com\/www.supeinnihonto.com\/wp-content\/uploads\/2024\/05\/Fuchi-Kashira-shakudo-carpenters.webp?fit=1200%2C800&ssl=1&resize=525%2C300 1.5x, https:\/\/i0.wp.com\/www.supeinnihonto.com\/wp-content\/uploads\/2024\/05\/Fuchi-Kashira-shakudo-carpenters.webp?fit=1200%2C800&ssl=1&resize=700%2C400 2x, https:\/\/i0.wp.com\/www.supeinnihonto.com\/wp-content\/uploads\/2024\/05\/Fuchi-Kashira-shakudo-carpenters.webp?fit=1200%2C800&ssl=1&resize=1050%2C600 3x"},"classes":[]},{"id":3246,"url":"https:\/\/www.supeinnihonto.com\/produit\/kashira-shakudo-bishamonten\/","url_meta":{"origin":14427,"position":4},"title":"Kashira shakudo Bishamonten","author":"Supein Nihonto","date":"14 de mai de 2024","format":false,"excerpt":"Item: Kashira shakudo Bishamonten. Kashira of excelent carving of bishamonten, one of the sichifukushin or seven gods of fortune. Unfortunately just kashira remains but still a great piece for collectors. With the match fuchi set probably will cost four times more. Kashira:\u00a0 3,6 x 1,6 cm Suitable for Katana and\u2026","rel":"","context":"Article similaire","block_context":{"text":"Article similaire","link":""},"img":{"alt_text":"Kashira shakudo","src":"https:\/\/i0.wp.com\/www.supeinnihonto.com\/wp-content\/uploads\/2024\/05\/DSC_3803-scaled.jpg?fit=1200%2C800&ssl=1&resize=350%2C200","width":350,"height":200,"srcset":"https:\/\/i0.wp.com\/www.supeinnihonto.com\/wp-content\/uploads\/2024\/05\/DSC_3803-scaled.jpg?fit=1200%2C800&ssl=1&resize=350%2C200 1x, https:\/\/i0.wp.com\/www.supeinnihonto.com\/wp-content\/uploads\/2024\/05\/DSC_3803-scaled.jpg?fit=1200%2C800&ssl=1&resize=525%2C300 1.5x, https:\/\/i0.wp.com\/www.supeinnihonto.com\/wp-content\/uploads\/2024\/05\/DSC_3803-scaled.jpg?fit=1200%2C800&ssl=1&resize=700%2C400 2x, https:\/\/i0.wp.com\/www.supeinnihonto.com\/wp-content\/uploads\/2024\/05\/DSC_3803-scaled.jpg?fit=1200%2C800&ssl=1&resize=1050%2C600 3x"},"classes":[]},{"id":14623,"url":"https:\/\/www.supeinnihonto.com\/fr\/produit\/fuchi-kashira-en-shakudo-au-motif-dhirondelle\/","url_meta":{"origin":14427,"position":5},"title":"Fuchi kashira en shakud\u014d au motif d\u2019hirondelle","author":"Supein Nihonto","date":"13 de mai de 2024","format":false,"excerpt":"Objet : Fuchi kashira en shakud\u014d au motif d\u2019hirondelle. R\u00e9alis\u00e9 en shibuichi, cuivre, shakud\u014d et or, repr\u00e9sentant des f\u00eatards sur une barque sous un saule et une hirondelle, sign\u00e9 Tsunenao avec un kao. P\u00e9riode Edo. Fuchi : 3,5 x 2,1 cm Kashira : 3,0 x 1,7 cm Convient pour wakizashi\u2026","rel":"","context":"Article similaire","block_context":{"text":"Article similaire","link":""},"img":{"alt_text":"Fuchi kashira shakudo swallow","src":"https:\/\/i0.wp.com\/www.supeinnihonto.com\/wp-content\/uploads\/2024\/05\/DSC_3878-scaled.jpg?fit=1200%2C800&ssl=1&resize=350%2C200","width":350,"height":200,"srcset":"https:\/\/i0.wp.com\/www.supeinnihonto.com\/wp-content\/uploads\/2024\/05\/DSC_3878-scaled.jpg?fit=1200%2C800&ssl=1&resize=350%2C200 1x, https:\/\/i0.wp.com\/www.supeinnihonto.com\/wp-content\/uploads\/2024\/05\/DSC_3878-scaled.jpg?fit=1200%2C800&ssl=1&resize=525%2C300 1.5x, https:\/\/i0.wp.com\/www.supeinnihonto.com\/wp-content\/uploads\/2024\/05\/DSC_3878-scaled.jpg?fit=1200%2C800&ssl=1&resize=700%2C400 2x, https:\/\/i0.wp.com\/www.supeinnihonto.com\/wp-content\/uploads\/2024\/05\/DSC_3878-scaled.jpg?fit=1200%2C800&ssl=1&resize=1050%2C600 3x"},"classes":[]}],"jetpack_sharing_enabled":true,"_links":{"self":[{"href":"https:\/\/www.supeinnihonto.com\/fr\/wp-json\/wp\/v2\/product\/14427","targetHints":{"allow":["GET"]}}],"collection":[{"href":"https:\/\/www.supeinnihonto.com\/fr\/wp-json\/wp\/v2\/product"}],"about":[{"href":"https:\/\/www.supeinnihonto.com\/fr\/wp-json\/wp\/v2\/types\/product"}],"wp:featuredmedia":[{"embeddable":true,"href":"https:\/\/www.supeinnihonto.com\/fr\/wp-json\/wp\/v2\/media\/14428"}],"wp:attachment":[{"href":"https:\/\/www.supeinnihonto.com\/fr\/wp-json\/wp\/v2\/media?parent=14427"}],"wp:term":[{"taxonomy":"product_brand","embeddable":true,"href":"https:\/\/www.supeinnihonto.com\/fr\/wp-json\/wp\/v2\/product_brand?post=14427"},{"taxonomy":"product_cat","embeddable":true,"href":"https:\/\/www.supeinnihonto.com\/fr\/wp-json\/wp\/v2\/product_cat?post=14427"},{"taxonomy":"product_tag","embeddable":true,"href":"https:\/\/www.supeinnihonto.com\/fr\/wp-json\/wp\/v2\/product_tag?post=14427"}],"curies":[{"name":"wp","href":"https:\/\/api.w.org\/{rel}","templated":true}]}}