{"id":14251,"date":"2024-05-27T09:43:46","date_gmt":"2024-05-27T09:43:46","guid":{"rendered":"https:\/\/www.supeinnihonto.com\/product\/netsuke-fukurukuju-wood\/"},"modified":"2025-12-26T18:39:43","modified_gmt":"2025-12-26T18:39:43","slug":"netsuke-fukurukuju-en-bois","status":"publish","type":"product","link":"https:\/\/www.supeinnihonto.com\/fr\/produit\/netsuke-fukurukuju-en-bois\/","title":{"rendered":"Netsuke Fukurukuju en bois"},"content":{"rendered":"<p data-start=\"170\" data-end=\"189\">Livraison gratuite.<\/p>\n<p data-start=\"191\" data-end=\"819\">Netsuke Fukurukuju en bois. Netsuke spectaculaire et tr\u00e8s ancien repr\u00e9sentant Fukurukuju, l\u2019un des sept dieux de la fortune. Les pi\u00e8ces de grande qualit\u00e9 repr\u00e9sentant les Shichifukujin sont tr\u00e8s recherch\u00e9es par les collectionneurs pour leur symbolisme et leur raret\u00e9, et il existe d\u2019importantes collections exclusives qui leur sont consacr\u00e9es.<br data-start=\"534\" data-end=\"537\" \/>Dans la mythologie japonaise, les Sept Dieux du Bonheur ou Sept Dieux de la Fortune (\u4e03\u798f\u795e, shichifukujin en japonais) sont cens\u00e9s accorder la chance et sont souvent repr\u00e9sent\u00e9s sur des netsuke et des \u0153uvres d\u2019art. L\u2019un d\u2019entre eux (Jur\u014djin) serait inspir\u00e9 d\u2019un personnage historique.<\/p>\n<p data-start=\"821\" data-end=\"1320\">\u00c0 l\u2019origine, ces divinit\u00e9s \u00e9taient lointaines et impersonnelles, mais elles sont progressivement devenues des figures plus accessibles et associ\u00e9es \u00e0 certaines professions et arts japonais. Au fil du temps, l\u2019influence mutuelle entre ces dieux a entra\u00een\u00e9 une certaine confusion quant \u00e0 leurs r\u00f4les respectifs en tant que protecteurs de professions sp\u00e9cifiques. Le culte de ce groupe de divinit\u00e9s est \u00e9galement li\u00e9 \u00e0 l\u2019importance du chiffre sept au Japon, consid\u00e9r\u00e9 comme un symbole de chance. Sign\u00e9.<\/p>\n<p data-start=\"1322\" data-end=\"1340\">4,4 x 3,1 x 2,5 cm<\/p>\n","protected":false},"excerpt":{"rendered":"<p>Livraison gratuite. Netsuke Fukurukuju en bois. Netsuke spectaculaire et tr\u00e8s ancien repr\u00e9sentant Fukurukuju, l\u2019un des sept dieux de la fortune. Les pi\u00e8ces de grande qualit\u00e9 repr\u00e9sentant les Shichifukujin sont tr\u00e8s recherch\u00e9es par les collectionneurs pour leur symbolisme et leur raret\u00e9, et il existe d\u2019importantes collections exclusives qui leur sont consacr\u00e9es.Dans [&hellip;]<\/p>\n","protected":false},"featured_media":14252,"template":"","meta":{"jetpack_post_was_ever_published":false},"product_brand":[],"product_cat":[545],"product_tag":[673,653,655],"class_list":{"0":"post-14251","1":"product","2":"type-product","3":"status-publish","4":"has-post-thumbnail","6":"product_cat-netsuke","7":"product_tag-bois","8":"product_tag-netsuke","9":"product_tag-okimono","10":"product_shipping_class-light","12":"first","13":"instock","14":"featured","15":"sold-individually","16":"shipping-taxable","17":"purchasable","18":"product-type-simple"},"yoast_head":"<!-- This site is optimized with the Yoast SEO plugin v27.5 - https:\/\/yoast.com\/product\/yoast-seo-wordpress\/ -->\n<title>Netsuke Fukurukuju en bois - Supein Nihonto<\/title>\n<meta name=\"description\" content=\"Netsuke Fukurukuju en bois. Netsuke spectaculaire et tr\u00e8s ancien repr\u00e9sentant Fukurukuju, l\u2019un des sept dieux de la fortune. Les pi\u00e8ces Shichifukujin de grande qualit\u00e9 sont tr\u00e8s\u2026\" \/>\n<meta name=\"robots\" content=\"index, follow, max-snippet:-1, max-image-preview:large, max-video-preview:-1\" \/>\n<link rel=\"canonical\" href=\"https:\/\/www.supeinnihonto.com\/fr\/produit\/netsuke-fukurukuju-en-bois\/\" \/>\n<meta property=\"og:locale\" content=\"fr_FR\" \/>\n<meta property=\"og:type\" content=\"article\" \/>\n<meta property=\"og:title\" content=\"Netsuke Fukurukuju en bois - Supein Nihonto\" \/>\n<meta property=\"og:description\" content=\"Netsuke Fukurukuju en bois. Netsuke spectaculaire et tr\u00e8s ancien repr\u00e9sentant Fukurukuju, l\u2019un des sept dieux de la fortune. Les pi\u00e8ces Shichifukujin de grande qualit\u00e9 sont tr\u00e8s\u2026\" \/>\n<meta property=\"og:url\" content=\"https:\/\/www.supeinnihonto.com\/fr\/produit\/netsuke-fukurukuju-en-bois\/\" \/>\n<meta property=\"og:site_name\" content=\"Supein Nihonto\" \/>\n<meta property=\"article:modified_time\" content=\"2025-12-26T18:39:43+00:00\" \/>\n<meta property=\"og:image\" content=\"https:\/\/www.supeinnihonto.com\/wp-content\/uploads\/2024\/05\/DSC_3930-scaled.jpg\" \/>\n\t<meta property=\"og:image:width\" content=\"2560\" \/>\n\t<meta property=\"og:image:height\" content=\"1707\" \/>\n\t<meta property=\"og:image:type\" content=\"image\/jpeg\" \/>\n<meta name=\"twitter:card\" content=\"summary_large_image\" \/>\n<meta name=\"twitter:label1\" content=\"Dur\u00e9e de lecture estim\u00e9e\" \/>\n\t<meta name=\"twitter:data1\" content=\"2 minutes\" \/>\n<script type=\"application\/ld+json\" class=\"yoast-schema-graph\">{\"@context\":\"https:\\\/\\\/schema.org\",\"@graph\":[{\"@type\":\"WebPage\",\"@id\":\"https:\\\/\\\/www.supeinnihonto.com\\\/fr\\\/produit\\\/netsuke-fukurukuju-en-bois\\\/\",\"url\":\"https:\\\/\\\/www.supeinnihonto.com\\\/fr\\\/produit\\\/netsuke-fukurukuju-en-bois\\\/\",\"name\":\"Netsuke Fukurukuju en bois - Supein Nihonto\",\"isPartOf\":{\"@id\":\"https:\\\/\\\/www.supeinnihonto.com\\\/fr\\\/#website\"},\"primaryImageOfPage\":{\"@id\":\"https:\\\/\\\/www.supeinnihonto.com\\\/fr\\\/produit\\\/netsuke-fukurukuju-en-bois\\\/#primaryimage\"},\"image\":{\"@id\":\"https:\\\/\\\/www.supeinnihonto.com\\\/fr\\\/produit\\\/netsuke-fukurukuju-en-bois\\\/#primaryimage\"},\"thumbnailUrl\":\"https:\\\/\\\/i0.wp.com\\\/www.supeinnihonto.com\\\/wp-content\\\/uploads\\\/2024\\\/05\\\/DSC_3930-scaled.jpg?fit=2560%2C1707&ssl=1\",\"datePublished\":\"2024-05-27T09:43:46+00:00\",\"dateModified\":\"2025-12-26T18:39:43+00:00\",\"description\":\"Netsuke Fukurukuju en bois. Netsuke spectaculaire et tr\u00e8s ancien repr\u00e9sentant Fukurukuju, l\u2019un des sept dieux de la fortune. Les pi\u00e8ces Shichifukujin de grande qualit\u00e9 sont tr\u00e8s\u2026\",\"breadcrumb\":{\"@id\":\"https:\\\/\\\/www.supeinnihonto.com\\\/fr\\\/produit\\\/netsuke-fukurukuju-en-bois\\\/#breadcrumb\"},\"inLanguage\":\"fr-FR\",\"potentialAction\":[{\"@type\":\"ReadAction\",\"target\":[\"https:\\\/\\\/www.supeinnihonto.com\\\/fr\\\/produit\\\/netsuke-fukurukuju-en-bois\\\/\"]}]},{\"@type\":\"ImageObject\",\"inLanguage\":\"fr-FR\",\"@id\":\"https:\\\/\\\/www.supeinnihonto.com\\\/fr\\\/produit\\\/netsuke-fukurukuju-en-bois\\\/#primaryimage\",\"url\":\"https:\\\/\\\/i0.wp.com\\\/www.supeinnihonto.com\\\/wp-content\\\/uploads\\\/2024\\\/05\\\/DSC_3930-scaled.jpg?fit=2560%2C1707&ssl=1\",\"contentUrl\":\"https:\\\/\\\/i0.wp.com\\\/www.supeinnihonto.com\\\/wp-content\\\/uploads\\\/2024\\\/05\\\/DSC_3930-scaled.jpg?fit=2560%2C1707&ssl=1\",\"width\":2560,\"height\":1707,\"caption\":\"Netsuke Fukurukuju wood\"},{\"@type\":\"BreadcrumbList\",\"@id\":\"https:\\\/\\\/www.supeinnihonto.com\\\/fr\\\/produit\\\/netsuke-fukurukuju-en-bois\\\/#breadcrumb\",\"itemListElement\":[{\"@type\":\"ListItem\",\"position\":1,\"name\":\"Portada\",\"item\":\"https:\\\/\\\/www.supeinnihonto.com\\\/fr\\\/\"},{\"@type\":\"ListItem\",\"position\":2,\"name\":\"Shop\",\"item\":\"https:\\\/\\\/www.supeinnihonto.com\\\/fr\\\/shop\\\/\"},{\"@type\":\"ListItem\",\"position\":3,\"name\":\"Netsuke Fukurukuju en bois\"}]},{\"@type\":\"WebSite\",\"@id\":\"https:\\\/\\\/www.supeinnihonto.com\\\/fr\\\/#website\",\"url\":\"https:\\\/\\\/www.supeinnihonto.com\\\/fr\\\/\",\"name\":\"Supein Nihonto\",\"description\":\"Authentic japanese Nihonto katana \",\"publisher\":{\"@id\":\"https:\\\/\\\/www.supeinnihonto.com\\\/fr\\\/#organization\"},\"potentialAction\":[{\"@type\":\"SearchAction\",\"target\":{\"@type\":\"EntryPoint\",\"urlTemplate\":\"https:\\\/\\\/www.supeinnihonto.com\\\/fr\\\/?s={search_term_string}\"},\"query-input\":{\"@type\":\"PropertyValueSpecification\",\"valueRequired\":true,\"valueName\":\"search_term_string\"}}],\"inLanguage\":\"fr-FR\"},{\"@type\":\"Organization\",\"@id\":\"https:\\\/\\\/www.supeinnihonto.com\\\/fr\\\/#organization\",\"name\":\"SupeinNihonto\",\"url\":\"https:\\\/\\\/www.supeinnihonto.com\\\/fr\\\/\",\"logo\":{\"@type\":\"ImageObject\",\"inLanguage\":\"fr-FR\",\"@id\":\"https:\\\/\\\/www.supeinnihonto.com\\\/fr\\\/#\\\/schema\\\/logo\\\/image\\\/\",\"url\":\"https:\\\/\\\/www.supeinnihonto.com\\\/wp-content\\\/uploads\\\/2021\\\/11\\\/animation_Default_3szk0jcenoloop.gif\",\"contentUrl\":\"https:\\\/\\\/www.supeinnihonto.com\\\/wp-content\\\/uploads\\\/2021\\\/11\\\/animation_Default_3szk0jcenoloop.gif\",\"width\":750,\"height\":641,\"caption\":\"SupeinNihonto\"},\"image\":{\"@id\":\"https:\\\/\\\/www.supeinnihonto.com\\\/fr\\\/#\\\/schema\\\/logo\\\/image\\\/\"}}]}<\/script>\n<!-- \/ Yoast SEO plugin. -->","yoast_head_json":{"title":"Netsuke Fukurukuju en bois - Supein Nihonto","description":"Netsuke Fukurukuju en bois. Netsuke spectaculaire et tr\u00e8s ancien repr\u00e9sentant Fukurukuju, l\u2019un des sept dieux de la fortune. Les pi\u00e8ces Shichifukujin de grande qualit\u00e9 sont tr\u00e8s\u2026","robots":{"index":"index","follow":"follow","max-snippet":"max-snippet:-1","max-image-preview":"max-image-preview:large","max-video-preview":"max-video-preview:-1"},"canonical":"https:\/\/www.supeinnihonto.com\/fr\/produit\/netsuke-fukurukuju-en-bois\/","og_locale":"fr_FR","og_type":"article","og_title":"Netsuke Fukurukuju en bois - Supein Nihonto","og_description":"Netsuke Fukurukuju en bois. Netsuke spectaculaire et tr\u00e8s ancien repr\u00e9sentant Fukurukuju, l\u2019un des sept dieux de la fortune. Les pi\u00e8ces Shichifukujin de grande qualit\u00e9 sont tr\u00e8s\u2026","og_url":"https:\/\/www.supeinnihonto.com\/fr\/produit\/netsuke-fukurukuju-en-bois\/","og_site_name":"Supein Nihonto","article_modified_time":"2025-12-26T18:39:43+00:00","og_image":[{"width":2560,"height":1707,"url":"https:\/\/www.supeinnihonto.com\/wp-content\/uploads\/2024\/05\/DSC_3930-scaled.jpg","type":"image\/jpeg"}],"twitter_card":"summary_large_image","twitter_misc":{"Dur\u00e9e de lecture estim\u00e9e":"2 minutes"},"schema":{"@context":"https:\/\/schema.org","@graph":[{"@type":"WebPage","@id":"https:\/\/www.supeinnihonto.com\/fr\/produit\/netsuke-fukurukuju-en-bois\/","url":"https:\/\/www.supeinnihonto.com\/fr\/produit\/netsuke-fukurukuju-en-bois\/","name":"Netsuke Fukurukuju en bois - Supein Nihonto","isPartOf":{"@id":"https:\/\/www.supeinnihonto.com\/fr\/#website"},"primaryImageOfPage":{"@id":"https:\/\/www.supeinnihonto.com\/fr\/produit\/netsuke-fukurukuju-en-bois\/#primaryimage"},"image":{"@id":"https:\/\/www.supeinnihonto.com\/fr\/produit\/netsuke-fukurukuju-en-bois\/#primaryimage"},"thumbnailUrl":"https:\/\/i0.wp.com\/www.supeinnihonto.com\/wp-content\/uploads\/2024\/05\/DSC_3930-scaled.jpg?fit=2560%2C1707&ssl=1","datePublished":"2024-05-27T09:43:46+00:00","dateModified":"2025-12-26T18:39:43+00:00","description":"Netsuke Fukurukuju en bois. Netsuke spectaculaire et tr\u00e8s ancien repr\u00e9sentant Fukurukuju, l\u2019un des sept dieux de la fortune. Les pi\u00e8ces Shichifukujin de grande qualit\u00e9 sont tr\u00e8s\u2026","breadcrumb":{"@id":"https:\/\/www.supeinnihonto.com\/fr\/produit\/netsuke-fukurukuju-en-bois\/#breadcrumb"},"inLanguage":"fr-FR","potentialAction":[{"@type":"ReadAction","target":["https:\/\/www.supeinnihonto.com\/fr\/produit\/netsuke-fukurukuju-en-bois\/"]}]},{"@type":"ImageObject","inLanguage":"fr-FR","@id":"https:\/\/www.supeinnihonto.com\/fr\/produit\/netsuke-fukurukuju-en-bois\/#primaryimage","url":"https:\/\/i0.wp.com\/www.supeinnihonto.com\/wp-content\/uploads\/2024\/05\/DSC_3930-scaled.jpg?fit=2560%2C1707&ssl=1","contentUrl":"https:\/\/i0.wp.com\/www.supeinnihonto.com\/wp-content\/uploads\/2024\/05\/DSC_3930-scaled.jpg?fit=2560%2C1707&ssl=1","width":2560,"height":1707,"caption":"Netsuke Fukurukuju wood"},{"@type":"BreadcrumbList","@id":"https:\/\/www.supeinnihonto.com\/fr\/produit\/netsuke-fukurukuju-en-bois\/#breadcrumb","itemListElement":[{"@type":"ListItem","position":1,"name":"Portada","item":"https:\/\/www.supeinnihonto.com\/fr\/"},{"@type":"ListItem","position":2,"name":"Shop","item":"https:\/\/www.supeinnihonto.com\/fr\/shop\/"},{"@type":"ListItem","position":3,"name":"Netsuke Fukurukuju en bois"}]},{"@type":"WebSite","@id":"https:\/\/www.supeinnihonto.com\/fr\/#website","url":"https:\/\/www.supeinnihonto.com\/fr\/","name":"Supein Nihonto","description":"Authentic japanese Nihonto katana ","publisher":{"@id":"https:\/\/www.supeinnihonto.com\/fr\/#organization"},"potentialAction":[{"@type":"SearchAction","target":{"@type":"EntryPoint","urlTemplate":"https:\/\/www.supeinnihonto.com\/fr\/?s={search_term_string}"},"query-input":{"@type":"PropertyValueSpecification","valueRequired":true,"valueName":"search_term_string"}}],"inLanguage":"fr-FR"},{"@type":"Organization","@id":"https:\/\/www.supeinnihonto.com\/fr\/#organization","name":"SupeinNihonto","url":"https:\/\/www.supeinnihonto.com\/fr\/","logo":{"@type":"ImageObject","inLanguage":"fr-FR","@id":"https:\/\/www.supeinnihonto.com\/fr\/#\/schema\/logo\/image\/","url":"https:\/\/www.supeinnihonto.com\/wp-content\/uploads\/2021\/11\/animation_Default_3szk0jcenoloop.gif","contentUrl":"https:\/\/www.supeinnihonto.com\/wp-content\/uploads\/2021\/11\/animation_Default_3szk0jcenoloop.gif","width":750,"height":641,"caption":"SupeinNihonto"},"image":{"@id":"https:\/\/www.supeinnihonto.com\/fr\/#\/schema\/logo\/image\/"}}]}},"jetpack-related-posts":[{"id":12603,"url":"https:\/\/www.supeinnihonto.com\/fr\/produit\/netsuke-daikokuten-en-bois\/","url_meta":{"origin":14251,"position":0},"title":"Netsuke Daikokuten en bois","author":"Eric Majo","date":"5 de novembre de 2024","format":false,"excerpt":"Livraison gratuite. Superbe netsuke en bois repr\u00e9sentant Daikokuten, l\u2019un des shichifukujin, les sept dieux de la fortune au Japon. Ces sculptures sont tr\u00e8s recherch\u00e9es car on pense qu\u2019elles portent chance \u00e0 leur propri\u00e9taire. P\u00e9riode Edo. 4,5 x 4 x 3 cm","rel":"","context":"Article similaire","block_context":{"text":"Article similaire","link":""},"img":{"alt_text":"Netsuke Daikokuten wood","src":"https:\/\/i0.wp.com\/www.supeinnihonto.com\/wp-content\/uploads\/2024\/11\/Netsuke-Daikokuten-wood.webp?fit=1200%2C800&ssl=1&resize=350%2C200","width":350,"height":200,"srcset":"https:\/\/i0.wp.com\/www.supeinnihonto.com\/wp-content\/uploads\/2024\/11\/Netsuke-Daikokuten-wood.webp?fit=1200%2C800&ssl=1&resize=350%2C200 1x, https:\/\/i0.wp.com\/www.supeinnihonto.com\/wp-content\/uploads\/2024\/11\/Netsuke-Daikokuten-wood.webp?fit=1200%2C800&ssl=1&resize=525%2C300 1.5x, https:\/\/i0.wp.com\/www.supeinnihonto.com\/wp-content\/uploads\/2024\/11\/Netsuke-Daikokuten-wood.webp?fit=1200%2C800&ssl=1&resize=700%2C400 2x, https:\/\/i0.wp.com\/www.supeinnihonto.com\/wp-content\/uploads\/2024\/11\/Netsuke-Daikokuten-wood.webp?fit=1200%2C800&ssl=1&resize=1050%2C600 3x"},"classes":[]},{"id":14142,"url":"https:\/\/www.supeinnihonto.com\/fr\/produit\/netsuke-shichifukujin-en-ivoire\/","url_meta":{"origin":14251,"position":1},"title":"Netsuke Shichifukujin en ivoire","author":"Supein Nihonto","date":"28 de mai de 2024","format":false,"excerpt":"Livraison gratuite. Superbe netsuke repr\u00e9sentant les sept dieux de la fortune sous un cerisier avec un b\u0153uf. Travail de sculpture exceptionnel, permettant d\u2019appr\u00e9cier tous les d\u00e9tails de cette petite pi\u00e8ce. Les \u0153uvres de ce type, o\u00f9 tous les membres sont repr\u00e9sent\u00e9s, sont tr\u00e8s recherch\u00e9es et appr\u00e9ci\u00e9es par les collectionneurs, d\u2019autant\u2026","rel":"","context":"Article similaire","block_context":{"text":"Article similaire","link":""},"img":{"alt_text":"Netsuke Shichifukujin ivory","src":"https:\/\/i0.wp.com\/www.supeinnihonto.com\/wp-content\/uploads\/2024\/05\/DSC_4006-scaled.jpg?fit=1200%2C800&ssl=1&resize=350%2C200","width":350,"height":200,"srcset":"https:\/\/i0.wp.com\/www.supeinnihonto.com\/wp-content\/uploads\/2024\/05\/DSC_4006-scaled.jpg?fit=1200%2C800&ssl=1&resize=350%2C200 1x, https:\/\/i0.wp.com\/www.supeinnihonto.com\/wp-content\/uploads\/2024\/05\/DSC_4006-scaled.jpg?fit=1200%2C800&ssl=1&resize=525%2C300 1.5x, https:\/\/i0.wp.com\/www.supeinnihonto.com\/wp-content\/uploads\/2024\/05\/DSC_4006-scaled.jpg?fit=1200%2C800&ssl=1&resize=700%2C400 2x, https:\/\/i0.wp.com\/www.supeinnihonto.com\/wp-content\/uploads\/2024\/05\/DSC_4006-scaled.jpg?fit=1200%2C800&ssl=1&resize=1050%2C600 3x"},"classes":[]},{"id":14411,"url":"https:\/\/www.supeinnihonto.com\/fr\/produit\/netsuke-sennin-en-bois\/","url_meta":{"origin":14251,"position":2},"title":"Netsuke Sennin en bois","author":"Supein Nihonto","date":"27 de mai de 2024","format":false,"excerpt":"Netsuke repr\u00e9sentant un sennin dans une posture amus\u00e9e, se grattant la t\u00eate comme s\u2019il avait oubli\u00e9 quelque chose. P\u00e9riode Edo. Le terme sennin provient du folklore et de la litt\u00e9rature japonais et d\u00e9signe un immortel ou un ermite ou sage d\u2019une sagesse exceptionnelle, dot\u00e9 de capacit\u00e9s surnaturelles et d\u2019une connaissance\u2026","rel":"","context":"Article similaire","block_context":{"text":"Article similaire","link":""},"img":{"alt_text":"Netsuke sennin wood","src":"https:\/\/i0.wp.com\/www.supeinnihonto.com\/wp-content\/uploads\/2024\/05\/DSC_3915-scaled.jpg?fit=1200%2C800&ssl=1&resize=350%2C200","width":350,"height":200,"srcset":"https:\/\/i0.wp.com\/www.supeinnihonto.com\/wp-content\/uploads\/2024\/05\/DSC_3915-scaled.jpg?fit=1200%2C800&ssl=1&resize=350%2C200 1x, https:\/\/i0.wp.com\/www.supeinnihonto.com\/wp-content\/uploads\/2024\/05\/DSC_3915-scaled.jpg?fit=1200%2C800&ssl=1&resize=525%2C300 1.5x, https:\/\/i0.wp.com\/www.supeinnihonto.com\/wp-content\/uploads\/2024\/05\/DSC_3915-scaled.jpg?fit=1200%2C800&ssl=1&resize=700%2C400 2x, https:\/\/i0.wp.com\/www.supeinnihonto.com\/wp-content\/uploads\/2024\/05\/DSC_3915-scaled.jpg?fit=1200%2C800&ssl=1&resize=1050%2C600 3x"},"classes":[]},{"id":13290,"url":"https:\/\/www.supeinnihonto.com\/fr\/produit\/netsuke-ebisu-et-enfant-en-ivoire\/","url_meta":{"origin":14251,"position":3},"title":"Netsuke Ebisu et enfant en ivoire","author":"Supein Nihonto","date":"28 de mai de 2024","format":false,"excerpt":"Livraison gratuite. Beau netsuke repr\u00e9sentant Ebisu, l\u2019un des sept dieux de la fortune, tenant un poisson et accompagn\u00e9 d\u2019un enfant. Belle sculpture et superbe patine. Sign\u00e9 \u00e0 la base. P\u00e9riode Meiji, d\u00e9but du XIXe si\u00e8cle. Livr\u00e9 avec certificat d\u2019expertise et document CITES. 3 x 3 x 2 cm","rel":"","context":"Article similaire","block_context":{"text":"Article similaire","link":""},"img":{"alt_text":"Netsuke Hotei and boy ivory","src":"https:\/\/i0.wp.com\/www.supeinnihonto.com\/wp-content\/uploads\/2024\/05\/DSC_4041-scaled.jpg?fit=1200%2C800&ssl=1&resize=350%2C200","width":350,"height":200,"srcset":"https:\/\/i0.wp.com\/www.supeinnihonto.com\/wp-content\/uploads\/2024\/05\/DSC_4041-scaled.jpg?fit=1200%2C800&ssl=1&resize=350%2C200 1x, https:\/\/i0.wp.com\/www.supeinnihonto.com\/wp-content\/uploads\/2024\/05\/DSC_4041-scaled.jpg?fit=1200%2C800&ssl=1&resize=525%2C300 1.5x, https:\/\/i0.wp.com\/www.supeinnihonto.com\/wp-content\/uploads\/2024\/05\/DSC_4041-scaled.jpg?fit=1200%2C800&ssl=1&resize=700%2C400 2x, https:\/\/i0.wp.com\/www.supeinnihonto.com\/wp-content\/uploads\/2024\/05\/DSC_4041-scaled.jpg?fit=1200%2C800&ssl=1&resize=1050%2C600 3x"},"classes":[]},{"id":14267,"url":"https:\/\/www.supeinnihonto.com\/fr\/produit\/netsuke-daruma-en-bois-laque\/","url_meta":{"origin":14251,"position":4},"title":"Netsuke Daruma en bois laqu\u00e9","author":"Supein Nihonto","date":"27 de mai de 2024","format":false,"excerpt":"Livraison gratuite. Beau netsuke repr\u00e9sentant Daruma se r\u00e9veillant apr\u00e8s une longue p\u00e9riode de m\u00e9ditation. P\u00e9riode Edo. Tr\u00e8s belle patine et remarquable travail de laque rouge et noire. Les netsuke de Daruma sont peu communs et tr\u00e8s recherch\u00e9s par les collectionneurs en raison de leur signification. Daruma repr\u00e9sente Bodhidharma, un moine\u2026","rel":"","context":"Article similaire","block_context":{"text":"Article similaire","link":""},"img":{"alt_text":"Netsuke Daruma lacquer wood","src":"https:\/\/i0.wp.com\/www.supeinnihonto.com\/wp-content\/uploads\/2024\/05\/DSC_3920-scaled.jpg?fit=1200%2C800&ssl=1&resize=350%2C200","width":350,"height":200,"srcset":"https:\/\/i0.wp.com\/www.supeinnihonto.com\/wp-content\/uploads\/2024\/05\/DSC_3920-scaled.jpg?fit=1200%2C800&ssl=1&resize=350%2C200 1x, https:\/\/i0.wp.com\/www.supeinnihonto.com\/wp-content\/uploads\/2024\/05\/DSC_3920-scaled.jpg?fit=1200%2C800&ssl=1&resize=525%2C300 1.5x, https:\/\/i0.wp.com\/www.supeinnihonto.com\/wp-content\/uploads\/2024\/05\/DSC_3920-scaled.jpg?fit=1200%2C800&ssl=1&resize=700%2C400 2x, https:\/\/i0.wp.com\/www.supeinnihonto.com\/wp-content\/uploads\/2024\/05\/DSC_3920-scaled.jpg?fit=1200%2C800&ssl=1&resize=1050%2C600 3x"},"classes":[]},{"id":14427,"url":"https:\/\/www.supeinnihonto.com\/fr\/produit\/kashira-shakudo-bishamonten\/","url_meta":{"origin":14251,"position":5},"title":"Kashira shakudo Bishamonten","author":"Supein Nihonto","date":"14 de mai de 2024","format":false,"excerpt":"Objet : Kashira en shakud\u014d Bishamonten. Kashira pr\u00e9sentant une excellente sculpture de Bishamonten, l\u2019un des Shichifukujin ou Sept Dieux de la Fortune. Malheureusement, seule la kashira subsiste, mais il s\u2019agit n\u00e9anmoins d\u2019une pi\u00e8ce remarquable pour les collectionneurs. Avec la paire fuchi assortie, l\u2019ensemble vaudrait probablement quatre fois plus. Kashira :\u2026","rel":"","context":"Article similaire","block_context":{"text":"Article similaire","link":""},"img":{"alt_text":"Kashira shakudo","src":"https:\/\/i0.wp.com\/www.supeinnihonto.com\/wp-content\/uploads\/2024\/05\/DSC_3803-scaled.jpg?fit=1200%2C800&ssl=1&resize=350%2C200","width":350,"height":200,"srcset":"https:\/\/i0.wp.com\/www.supeinnihonto.com\/wp-content\/uploads\/2024\/05\/DSC_3803-scaled.jpg?fit=1200%2C800&ssl=1&resize=350%2C200 1x, https:\/\/i0.wp.com\/www.supeinnihonto.com\/wp-content\/uploads\/2024\/05\/DSC_3803-scaled.jpg?fit=1200%2C800&ssl=1&resize=525%2C300 1.5x, https:\/\/i0.wp.com\/www.supeinnihonto.com\/wp-content\/uploads\/2024\/05\/DSC_3803-scaled.jpg?fit=1200%2C800&ssl=1&resize=700%2C400 2x, https:\/\/i0.wp.com\/www.supeinnihonto.com\/wp-content\/uploads\/2024\/05\/DSC_3803-scaled.jpg?fit=1200%2C800&ssl=1&resize=1050%2C600 3x"},"classes":[]}],"jetpack_sharing_enabled":true,"_links":{"self":[{"href":"https:\/\/www.supeinnihonto.com\/fr\/wp-json\/wp\/v2\/product\/14251","targetHints":{"allow":["GET"]}}],"collection":[{"href":"https:\/\/www.supeinnihonto.com\/fr\/wp-json\/wp\/v2\/product"}],"about":[{"href":"https:\/\/www.supeinnihonto.com\/fr\/wp-json\/wp\/v2\/types\/product"}],"wp:featuredmedia":[{"embeddable":true,"href":"https:\/\/www.supeinnihonto.com\/fr\/wp-json\/wp\/v2\/media\/14252"}],"wp:attachment":[{"href":"https:\/\/www.supeinnihonto.com\/fr\/wp-json\/wp\/v2\/media?parent=14251"}],"wp:term":[{"taxonomy":"product_brand","embeddable":true,"href":"https:\/\/www.supeinnihonto.com\/fr\/wp-json\/wp\/v2\/product_brand?post=14251"},{"taxonomy":"product_cat","embeddable":true,"href":"https:\/\/www.supeinnihonto.com\/fr\/wp-json\/wp\/v2\/product_cat?post=14251"},{"taxonomy":"product_tag","embeddable":true,"href":"https:\/\/www.supeinnihonto.com\/fr\/wp-json\/wp\/v2\/product_tag?post=14251"}],"curies":[{"name":"wp","href":"https:\/\/api.w.org\/{rel}","templated":true}]}}