{"id":14207,"date":"2024-05-27T11:29:07","date_gmt":"2024-05-27T11:29:07","guid":{"rendered":"https:\/\/www.supeinnihonto.com\/product\/netsuke-sneezer-wood\/"},"modified":"2025-12-26T18:15:16","modified_gmt":"2025-12-26T18:15:16","slug":"netsuke-eternueur-en-bois","status":"publish","type":"product","link":"https:\/\/www.supeinnihonto.com\/fr\/produit\/netsuke-eternueur-en-bois\/","title":{"rendered":"Netsuke \u00e9ternueur en bois"},"content":{"rendered":"<p data-start=\"169\" data-end=\"188\">Livraison gratuite.<\/p>\n<p data-start=\"190\" data-end=\"432\">Netsuke en bois sculpt\u00e9 repr\u00e9sentant un \u00e9ternueur professionnel assis, tenant un chatouilleur, v\u00eatu d\u2019une robe drap\u00e9e, la t\u00eate l\u00e9g\u00e8rement relev\u00e9e et la bouche ouverte au moment de l\u2019\u00e9ternuement. Tr\u00e8s belle qualit\u00e9 de sculpture. P\u00e9riode Meiji.<\/p>\n<p data-start=\"434\" data-end=\"452\">3,5 x 3,5 x 2,5 cm<\/p>\n","protected":false},"excerpt":{"rendered":"<p>Livraison gratuite. Netsuke en bois sculpt\u00e9 repr\u00e9sentant un \u00e9ternueur professionnel assis, tenant un chatouilleur, v\u00eatu d\u2019une robe drap\u00e9e, la t\u00eate l\u00e9g\u00e8rement relev\u00e9e et la bouche ouverte au moment de l\u2019\u00e9ternuement. Tr\u00e8s belle qualit\u00e9 de sculpture. P\u00e9riode Meiji. 3,5 x 3,5 x 2,5 cm<\/p>\n","protected":false},"featured_media":14208,"template":"","meta":{"jetpack_post_was_ever_published":false},"product_brand":[],"product_cat":[545],"product_tag":[673,653,655],"class_list":{"0":"post-14207","1":"product","2":"type-product","3":"status-publish","4":"has-post-thumbnail","6":"product_cat-netsuke","7":"product_tag-bois","8":"product_tag-netsuke","9":"product_tag-okimono","10":"product_shipping_class-light","12":"first","13":"instock","14":"featured","15":"sold-individually","16":"shipping-taxable","17":"purchasable","18":"product-type-simple"},"yoast_head":"<!-- This site is optimized with the Yoast SEO plugin v27.5 - https:\/\/yoast.com\/product\/yoast-seo-wordpress\/ -->\n<title>Netsuke \u00e9ternueur en bois - Supein Nihonto<\/title>\n<meta name=\"description\" content=\"Sculpt\u00e9 comme un \u00e9ternueur professionnel assis, tenant un chatouilleur, v\u00eatu d\u2019une robe drap\u00e9e, la t\u00eate l\u00e9g\u00e8rement relev\u00e9e et la bouche ouverte en plein \u00e9ternuement.\" \/>\n<meta name=\"robots\" content=\"index, follow, max-snippet:-1, max-image-preview:large, max-video-preview:-1\" \/>\n<link rel=\"canonical\" href=\"https:\/\/www.supeinnihonto.com\/fr\/produit\/netsuke-eternueur-en-bois\/\" \/>\n<meta property=\"og:locale\" content=\"fr_FR\" \/>\n<meta property=\"og:type\" content=\"article\" \/>\n<meta property=\"og:title\" content=\"Netsuke \u00e9ternueur en bois - Supein Nihonto\" \/>\n<meta property=\"og:description\" content=\"Sculpt\u00e9 comme un \u00e9ternueur professionnel assis, tenant un chatouilleur, v\u00eatu d\u2019une robe drap\u00e9e, la t\u00eate l\u00e9g\u00e8rement relev\u00e9e et la bouche ouverte en plein \u00e9ternuement.\" \/>\n<meta property=\"og:url\" content=\"https:\/\/www.supeinnihonto.com\/fr\/produit\/netsuke-eternueur-en-bois\/\" \/>\n<meta property=\"og:site_name\" content=\"Supein Nihonto\" \/>\n<meta property=\"article:modified_time\" content=\"2025-12-26T18:15:16+00:00\" \/>\n<meta property=\"og:image\" content=\"https:\/\/www.supeinnihonto.com\/wp-content\/uploads\/2024\/05\/DSC_3961-scaled.jpg\" \/>\n\t<meta property=\"og:image:width\" content=\"2560\" \/>\n\t<meta property=\"og:image:height\" content=\"1707\" \/>\n\t<meta property=\"og:image:type\" content=\"image\/jpeg\" \/>\n<meta name=\"twitter:card\" content=\"summary_large_image\" \/>\n<meta name=\"twitter:label1\" content=\"Dur\u00e9e de lecture estim\u00e9e\" \/>\n\t<meta name=\"twitter:data1\" content=\"1 minute\" \/>\n<script type=\"application\/ld+json\" class=\"yoast-schema-graph\">{\"@context\":\"https:\\\/\\\/schema.org\",\"@graph\":[{\"@type\":\"WebPage\",\"@id\":\"https:\\\/\\\/www.supeinnihonto.com\\\/fr\\\/produit\\\/netsuke-eternueur-en-bois\\\/\",\"url\":\"https:\\\/\\\/www.supeinnihonto.com\\\/fr\\\/produit\\\/netsuke-eternueur-en-bois\\\/\",\"name\":\"Netsuke \u00e9ternueur en bois - Supein Nihonto\",\"isPartOf\":{\"@id\":\"https:\\\/\\\/www.supeinnihonto.com\\\/fr\\\/#website\"},\"primaryImageOfPage\":{\"@id\":\"https:\\\/\\\/www.supeinnihonto.com\\\/fr\\\/produit\\\/netsuke-eternueur-en-bois\\\/#primaryimage\"},\"image\":{\"@id\":\"https:\\\/\\\/www.supeinnihonto.com\\\/fr\\\/produit\\\/netsuke-eternueur-en-bois\\\/#primaryimage\"},\"thumbnailUrl\":\"https:\\\/\\\/i0.wp.com\\\/www.supeinnihonto.com\\\/wp-content\\\/uploads\\\/2024\\\/05\\\/DSC_3961-scaled.jpg?fit=2560%2C1707&ssl=1\",\"datePublished\":\"2024-05-27T11:29:07+00:00\",\"dateModified\":\"2025-12-26T18:15:16+00:00\",\"description\":\"Sculpt\u00e9 comme un \u00e9ternueur professionnel assis, tenant un chatouilleur, v\u00eatu d\u2019une robe drap\u00e9e, la t\u00eate l\u00e9g\u00e8rement relev\u00e9e et la bouche ouverte en plein \u00e9ternuement.\",\"breadcrumb\":{\"@id\":\"https:\\\/\\\/www.supeinnihonto.com\\\/fr\\\/produit\\\/netsuke-eternueur-en-bois\\\/#breadcrumb\"},\"inLanguage\":\"fr-FR\",\"potentialAction\":[{\"@type\":\"ReadAction\",\"target\":[\"https:\\\/\\\/www.supeinnihonto.com\\\/fr\\\/produit\\\/netsuke-eternueur-en-bois\\\/\"]}]},{\"@type\":\"ImageObject\",\"inLanguage\":\"fr-FR\",\"@id\":\"https:\\\/\\\/www.supeinnihonto.com\\\/fr\\\/produit\\\/netsuke-eternueur-en-bois\\\/#primaryimage\",\"url\":\"https:\\\/\\\/i0.wp.com\\\/www.supeinnihonto.com\\\/wp-content\\\/uploads\\\/2024\\\/05\\\/DSC_3961-scaled.jpg?fit=2560%2C1707&ssl=1\",\"contentUrl\":\"https:\\\/\\\/i0.wp.com\\\/www.supeinnihonto.com\\\/wp-content\\\/uploads\\\/2024\\\/05\\\/DSC_3961-scaled.jpg?fit=2560%2C1707&ssl=1\",\"width\":2560,\"height\":1707,\"caption\":\"Netsuke sneezer wood\"},{\"@type\":\"BreadcrumbList\",\"@id\":\"https:\\\/\\\/www.supeinnihonto.com\\\/fr\\\/produit\\\/netsuke-eternueur-en-bois\\\/#breadcrumb\",\"itemListElement\":[{\"@type\":\"ListItem\",\"position\":1,\"name\":\"Portada\",\"item\":\"https:\\\/\\\/www.supeinnihonto.com\\\/fr\\\/\"},{\"@type\":\"ListItem\",\"position\":2,\"name\":\"Shop\",\"item\":\"https:\\\/\\\/www.supeinnihonto.com\\\/fr\\\/shop\\\/\"},{\"@type\":\"ListItem\",\"position\":3,\"name\":\"Netsuke \u00e9ternueur en bois\"}]},{\"@type\":\"WebSite\",\"@id\":\"https:\\\/\\\/www.supeinnihonto.com\\\/fr\\\/#website\",\"url\":\"https:\\\/\\\/www.supeinnihonto.com\\\/fr\\\/\",\"name\":\"Supein Nihonto\",\"description\":\"Authentic japanese Nihonto katana \",\"publisher\":{\"@id\":\"https:\\\/\\\/www.supeinnihonto.com\\\/fr\\\/#organization\"},\"potentialAction\":[{\"@type\":\"SearchAction\",\"target\":{\"@type\":\"EntryPoint\",\"urlTemplate\":\"https:\\\/\\\/www.supeinnihonto.com\\\/fr\\\/?s={search_term_string}\"},\"query-input\":{\"@type\":\"PropertyValueSpecification\",\"valueRequired\":true,\"valueName\":\"search_term_string\"}}],\"inLanguage\":\"fr-FR\"},{\"@type\":\"Organization\",\"@id\":\"https:\\\/\\\/www.supeinnihonto.com\\\/fr\\\/#organization\",\"name\":\"SupeinNihonto\",\"url\":\"https:\\\/\\\/www.supeinnihonto.com\\\/fr\\\/\",\"logo\":{\"@type\":\"ImageObject\",\"inLanguage\":\"fr-FR\",\"@id\":\"https:\\\/\\\/www.supeinnihonto.com\\\/fr\\\/#\\\/schema\\\/logo\\\/image\\\/\",\"url\":\"https:\\\/\\\/www.supeinnihonto.com\\\/wp-content\\\/uploads\\\/2021\\\/11\\\/animation_Default_3szk0jcenoloop.gif\",\"contentUrl\":\"https:\\\/\\\/www.supeinnihonto.com\\\/wp-content\\\/uploads\\\/2021\\\/11\\\/animation_Default_3szk0jcenoloop.gif\",\"width\":750,\"height\":641,\"caption\":\"SupeinNihonto\"},\"image\":{\"@id\":\"https:\\\/\\\/www.supeinnihonto.com\\\/fr\\\/#\\\/schema\\\/logo\\\/image\\\/\"}}]}<\/script>\n<!-- \/ Yoast SEO plugin. -->","yoast_head_json":{"title":"Netsuke \u00e9ternueur en bois - Supein Nihonto","description":"Sculpt\u00e9 comme un \u00e9ternueur professionnel assis, tenant un chatouilleur, v\u00eatu d\u2019une robe drap\u00e9e, la t\u00eate l\u00e9g\u00e8rement relev\u00e9e et la bouche ouverte en plein \u00e9ternuement.","robots":{"index":"index","follow":"follow","max-snippet":"max-snippet:-1","max-image-preview":"max-image-preview:large","max-video-preview":"max-video-preview:-1"},"canonical":"https:\/\/www.supeinnihonto.com\/fr\/produit\/netsuke-eternueur-en-bois\/","og_locale":"fr_FR","og_type":"article","og_title":"Netsuke \u00e9ternueur en bois - Supein Nihonto","og_description":"Sculpt\u00e9 comme un \u00e9ternueur professionnel assis, tenant un chatouilleur, v\u00eatu d\u2019une robe drap\u00e9e, la t\u00eate l\u00e9g\u00e8rement relev\u00e9e et la bouche ouverte en plein \u00e9ternuement.","og_url":"https:\/\/www.supeinnihonto.com\/fr\/produit\/netsuke-eternueur-en-bois\/","og_site_name":"Supein Nihonto","article_modified_time":"2025-12-26T18:15:16+00:00","og_image":[{"width":2560,"height":1707,"url":"https:\/\/www.supeinnihonto.com\/wp-content\/uploads\/2024\/05\/DSC_3961-scaled.jpg","type":"image\/jpeg"}],"twitter_card":"summary_large_image","twitter_misc":{"Dur\u00e9e de lecture estim\u00e9e":"1 minute"},"schema":{"@context":"https:\/\/schema.org","@graph":[{"@type":"WebPage","@id":"https:\/\/www.supeinnihonto.com\/fr\/produit\/netsuke-eternueur-en-bois\/","url":"https:\/\/www.supeinnihonto.com\/fr\/produit\/netsuke-eternueur-en-bois\/","name":"Netsuke \u00e9ternueur en bois - Supein Nihonto","isPartOf":{"@id":"https:\/\/www.supeinnihonto.com\/fr\/#website"},"primaryImageOfPage":{"@id":"https:\/\/www.supeinnihonto.com\/fr\/produit\/netsuke-eternueur-en-bois\/#primaryimage"},"image":{"@id":"https:\/\/www.supeinnihonto.com\/fr\/produit\/netsuke-eternueur-en-bois\/#primaryimage"},"thumbnailUrl":"https:\/\/i0.wp.com\/www.supeinnihonto.com\/wp-content\/uploads\/2024\/05\/DSC_3961-scaled.jpg?fit=2560%2C1707&ssl=1","datePublished":"2024-05-27T11:29:07+00:00","dateModified":"2025-12-26T18:15:16+00:00","description":"Sculpt\u00e9 comme un \u00e9ternueur professionnel assis, tenant un chatouilleur, v\u00eatu d\u2019une robe drap\u00e9e, la t\u00eate l\u00e9g\u00e8rement relev\u00e9e et la bouche ouverte en plein \u00e9ternuement.","breadcrumb":{"@id":"https:\/\/www.supeinnihonto.com\/fr\/produit\/netsuke-eternueur-en-bois\/#breadcrumb"},"inLanguage":"fr-FR","potentialAction":[{"@type":"ReadAction","target":["https:\/\/www.supeinnihonto.com\/fr\/produit\/netsuke-eternueur-en-bois\/"]}]},{"@type":"ImageObject","inLanguage":"fr-FR","@id":"https:\/\/www.supeinnihonto.com\/fr\/produit\/netsuke-eternueur-en-bois\/#primaryimage","url":"https:\/\/i0.wp.com\/www.supeinnihonto.com\/wp-content\/uploads\/2024\/05\/DSC_3961-scaled.jpg?fit=2560%2C1707&ssl=1","contentUrl":"https:\/\/i0.wp.com\/www.supeinnihonto.com\/wp-content\/uploads\/2024\/05\/DSC_3961-scaled.jpg?fit=2560%2C1707&ssl=1","width":2560,"height":1707,"caption":"Netsuke sneezer wood"},{"@type":"BreadcrumbList","@id":"https:\/\/www.supeinnihonto.com\/fr\/produit\/netsuke-eternueur-en-bois\/#breadcrumb","itemListElement":[{"@type":"ListItem","position":1,"name":"Portada","item":"https:\/\/www.supeinnihonto.com\/fr\/"},{"@type":"ListItem","position":2,"name":"Shop","item":"https:\/\/www.supeinnihonto.com\/fr\/shop\/"},{"@type":"ListItem","position":3,"name":"Netsuke \u00e9ternueur en bois"}]},{"@type":"WebSite","@id":"https:\/\/www.supeinnihonto.com\/fr\/#website","url":"https:\/\/www.supeinnihonto.com\/fr\/","name":"Supein Nihonto","description":"Authentic japanese Nihonto katana ","publisher":{"@id":"https:\/\/www.supeinnihonto.com\/fr\/#organization"},"potentialAction":[{"@type":"SearchAction","target":{"@type":"EntryPoint","urlTemplate":"https:\/\/www.supeinnihonto.com\/fr\/?s={search_term_string}"},"query-input":{"@type":"PropertyValueSpecification","valueRequired":true,"valueName":"search_term_string"}}],"inLanguage":"fr-FR"},{"@type":"Organization","@id":"https:\/\/www.supeinnihonto.com\/fr\/#organization","name":"SupeinNihonto","url":"https:\/\/www.supeinnihonto.com\/fr\/","logo":{"@type":"ImageObject","inLanguage":"fr-FR","@id":"https:\/\/www.supeinnihonto.com\/fr\/#\/schema\/logo\/image\/","url":"https:\/\/www.supeinnihonto.com\/wp-content\/uploads\/2021\/11\/animation_Default_3szk0jcenoloop.gif","contentUrl":"https:\/\/www.supeinnihonto.com\/wp-content\/uploads\/2021\/11\/animation_Default_3szk0jcenoloop.gif","width":750,"height":641,"caption":"SupeinNihonto"},"image":{"@id":"https:\/\/www.supeinnihonto.com\/fr\/#\/schema\/logo\/image\/"}}]}},"jetpack-related-posts":[{"id":14419,"url":"https:\/\/www.supeinnihonto.com\/fr\/produit\/netsuke-chien-shishi-en-bois\/","url_meta":{"origin":14207,"position":0},"title":"Netsuke chien Shishi en bois","author":"Supein Nihonto","date":"27 de mai de 2024","format":false,"excerpt":"Beau shishi en bois de la p\u00e9riode Edo. Le shishi est un animal mythologique ressemblant \u00e0 un croisement entre un chien et un lion, symbole de protection, g\u00e9n\u00e9ralement repr\u00e9sent\u00e9 \u00e0 l\u2019entr\u00e9e des temples. Belle patine et himotoshi. Sign\u00e9. Bille mobile \u00e0 l\u2019int\u00e9rieur de la bouche figurant la langue. 4 x\u2026","rel":"","context":"Article similaire","block_context":{"text":"Article similaire","link":""},"img":{"alt_text":"Netsuke Shishi dog wood","src":"https:\/\/i0.wp.com\/www.supeinnihonto.com\/wp-content\/uploads\/2024\/05\/DSC_3910-scaled.jpg?fit=1200%2C800&ssl=1&resize=350%2C200","width":350,"height":200,"srcset":"https:\/\/i0.wp.com\/www.supeinnihonto.com\/wp-content\/uploads\/2024\/05\/DSC_3910-scaled.jpg?fit=1200%2C800&ssl=1&resize=350%2C200 1x, https:\/\/i0.wp.com\/www.supeinnihonto.com\/wp-content\/uploads\/2024\/05\/DSC_3910-scaled.jpg?fit=1200%2C800&ssl=1&resize=525%2C300 1.5x, https:\/\/i0.wp.com\/www.supeinnihonto.com\/wp-content\/uploads\/2024\/05\/DSC_3910-scaled.jpg?fit=1200%2C800&ssl=1&resize=700%2C400 2x, https:\/\/i0.wp.com\/www.supeinnihonto.com\/wp-content\/uploads\/2024\/05\/DSC_3910-scaled.jpg?fit=1200%2C800&ssl=1&resize=1050%2C600 3x"},"classes":[]},{"id":12666,"url":"https:\/\/www.supeinnihonto.com\/fr\/produit\/netsuke-chien-en-bois-1859\/","url_meta":{"origin":14207,"position":1},"title":"Netsuke chien en bois 1859","author":"Eric Majo","date":"5 de novembre de 2024","format":false,"excerpt":"Livraison gratuite. Magnifique et rare netsuke repr\u00e9sentant un chien au repos, dat\u00e9 d\u2019ao\u00fbt 1859 et sign\u00e9 par l\u2019artiste. La signature et la date sont sculpt\u00e9es en relief avec une grande ma\u00eetrise. Un netsuke tr\u00e8s rare et de collection. 3,5 x 3,5 x 2,8 cm","rel":"","context":"Article similaire","block_context":{"text":"Article similaire","link":""},"img":{"alt_text":"dog dated netsuke","src":"https:\/\/i0.wp.com\/www.supeinnihonto.com\/wp-content\/uploads\/2024\/11\/DSC1437-scaled.jpg?fit=1200%2C800&ssl=1&resize=350%2C200","width":350,"height":200,"srcset":"https:\/\/i0.wp.com\/www.supeinnihonto.com\/wp-content\/uploads\/2024\/11\/DSC1437-scaled.jpg?fit=1200%2C800&ssl=1&resize=350%2C200 1x, https:\/\/i0.wp.com\/www.supeinnihonto.com\/wp-content\/uploads\/2024\/11\/DSC1437-scaled.jpg?fit=1200%2C800&ssl=1&resize=525%2C300 1.5x, https:\/\/i0.wp.com\/www.supeinnihonto.com\/wp-content\/uploads\/2024\/11\/DSC1437-scaled.jpg?fit=1200%2C800&ssl=1&resize=700%2C400 2x, https:\/\/i0.wp.com\/www.supeinnihonto.com\/wp-content\/uploads\/2024\/11\/DSC1437-scaled.jpg?fit=1200%2C800&ssl=1&resize=1050%2C600 3x"},"classes":[]},{"id":12735,"url":"https:\/\/www.supeinnihonto.com\/fr\/produit\/netsuke-ermite-en-bois-signe\/","url_meta":{"origin":14207,"position":2},"title":"Netsuke ermite en bois sign\u00e9","author":"Eric Majo","date":"5 de novembre de 2024","format":false,"excerpt":"Livraison gratuite. Netsuke en bois repr\u00e9sentant un ermite tenant une grappe de p\u00eaches, sign\u00e9. P\u00e9riode Meiji, XIXe si\u00e8cle. En tr\u00e8s bon \u00e9tat de conservation avec une superbe patine. Sculpture magnifique et expression du visage remarquable. 6,1 x 3,5 x 2,8 cm","rel":"","context":"Article similaire","block_context":{"text":"Article similaire","link":""},"img":{"alt_text":"Netsuke seinnen","src":"https:\/\/i0.wp.com\/www.supeinnihonto.com\/wp-content\/uploads\/2024\/11\/DSC1449-scaled.jpg?fit=1200%2C800&ssl=1&resize=350%2C200","width":350,"height":200,"srcset":"https:\/\/i0.wp.com\/www.supeinnihonto.com\/wp-content\/uploads\/2024\/11\/DSC1449-scaled.jpg?fit=1200%2C800&ssl=1&resize=350%2C200 1x, https:\/\/i0.wp.com\/www.supeinnihonto.com\/wp-content\/uploads\/2024\/11\/DSC1449-scaled.jpg?fit=1200%2C800&ssl=1&resize=525%2C300 1.5x, https:\/\/i0.wp.com\/www.supeinnihonto.com\/wp-content\/uploads\/2024\/11\/DSC1449-scaled.jpg?fit=1200%2C800&ssl=1&resize=700%2C400 2x, https:\/\/i0.wp.com\/www.supeinnihonto.com\/wp-content\/uploads\/2024\/11\/DSC1449-scaled.jpg?fit=1200%2C800&ssl=1&resize=1050%2C600 3x"},"classes":[]},{"id":14243,"url":"https:\/\/www.supeinnihonto.com\/fr\/produit\/netsuke-singe-avec-panier-en-bois\/","url_meta":{"origin":14207,"position":3},"title":"Netsuke singe avec panier en bois","author":"Supein Nihonto","date":"27 de mai de 2024","format":false,"excerpt":"Livraison gratuite. Beau netsuke repr\u00e9sentant un singe tenant un panier, lequel fait \u00e9galement office de himotoshi pour le passage du cordon. Belle patine. P\u00e9riode Meiji. 4,2 x 3,5 x 2,5 cm","rel":"","context":"Article similaire","block_context":{"text":"Article similaire","link":""},"img":{"alt_text":"Netsuke monkey basquet wood","src":"https:\/\/i0.wp.com\/www.supeinnihonto.com\/wp-content\/uploads\/2024\/05\/DSC_3936-scaled.jpg?fit=1200%2C800&ssl=1&resize=350%2C200","width":350,"height":200,"srcset":"https:\/\/i0.wp.com\/www.supeinnihonto.com\/wp-content\/uploads\/2024\/05\/DSC_3936-scaled.jpg?fit=1200%2C800&ssl=1&resize=350%2C200 1x, https:\/\/i0.wp.com\/www.supeinnihonto.com\/wp-content\/uploads\/2024\/05\/DSC_3936-scaled.jpg?fit=1200%2C800&ssl=1&resize=525%2C300 1.5x, https:\/\/i0.wp.com\/www.supeinnihonto.com\/wp-content\/uploads\/2024\/05\/DSC_3936-scaled.jpg?fit=1200%2C800&ssl=1&resize=700%2C400 2x, https:\/\/i0.wp.com\/www.supeinnihonto.com\/wp-content\/uploads\/2024\/05\/DSC_3936-scaled.jpg?fit=1200%2C800&ssl=1&resize=1050%2C600 3x"},"classes":[]},{"id":12746,"url":"https:\/\/www.supeinnihonto.com\/fr\/produit\/netsuke-chien-couche-en-bois\/","url_meta":{"origin":14207,"position":4},"title":"Netsuke chien couch\u00e9 en bois","author":"Eric Majo","date":"6 de novembre de 2024","format":false,"excerpt":"Livraison gratuite. Beau netsuke en bois repr\u00e9sentant un chien couch\u00e9 se mordillant la patte tout en se tortillant. Belle patine et usure dues \u00e0 des si\u00e8cles d\u2019utilisation, himotoshi naturel entre les pattes. 3,7 x 3,5 x 2,5 cm","rel":"","context":"Article similaire","block_context":{"text":"Article similaire","link":""},"img":{"alt_text":"netsuke wood dog","src":"https:\/\/i0.wp.com\/www.supeinnihonto.com\/wp-content\/uploads\/2024\/11\/DSC1507-scaled.jpg?fit=1200%2C868&ssl=1&resize=350%2C200","width":350,"height":200,"srcset":"https:\/\/i0.wp.com\/www.supeinnihonto.com\/wp-content\/uploads\/2024\/11\/DSC1507-scaled.jpg?fit=1200%2C868&ssl=1&resize=350%2C200 1x, https:\/\/i0.wp.com\/www.supeinnihonto.com\/wp-content\/uploads\/2024\/11\/DSC1507-scaled.jpg?fit=1200%2C868&ssl=1&resize=525%2C300 1.5x, https:\/\/i0.wp.com\/www.supeinnihonto.com\/wp-content\/uploads\/2024\/11\/DSC1507-scaled.jpg?fit=1200%2C868&ssl=1&resize=700%2C400 2x, https:\/\/i0.wp.com\/www.supeinnihonto.com\/wp-content\/uploads\/2024\/11\/DSC1507-scaled.jpg?fit=1200%2C868&ssl=1&resize=1050%2C600 3x"},"classes":[]},{"id":12723,"url":"https:\/\/www.supeinnihonto.com\/fr\/produit\/netsuke-shishi-en-bois\/","url_meta":{"origin":14207,"position":5},"title":"Netsuke Shishi en bois","author":"Eric Majo","date":"5 de novembre de 2024","format":false,"excerpt":"Livraison gratuite. Netsuke en bois repr\u00e9sentant un shishi sur une balle, avec une belle patine et en bon \u00e9tat. P\u00e9riode Edo. 3,5 x 3 x 2,5 cm","rel":"","context":"Article similaire","block_context":{"text":"Article similaire","link":""},"img":{"alt_text":"netsuke shishi","src":"https:\/\/i0.wp.com\/www.supeinnihonto.com\/wp-content\/uploads\/2024\/11\/DSC1475-scaled.jpg?fit=1200%2C800&ssl=1&resize=350%2C200","width":350,"height":200,"srcset":"https:\/\/i0.wp.com\/www.supeinnihonto.com\/wp-content\/uploads\/2024\/11\/DSC1475-scaled.jpg?fit=1200%2C800&ssl=1&resize=350%2C200 1x, https:\/\/i0.wp.com\/www.supeinnihonto.com\/wp-content\/uploads\/2024\/11\/DSC1475-scaled.jpg?fit=1200%2C800&ssl=1&resize=525%2C300 1.5x, https:\/\/i0.wp.com\/www.supeinnihonto.com\/wp-content\/uploads\/2024\/11\/DSC1475-scaled.jpg?fit=1200%2C800&ssl=1&resize=700%2C400 2x, https:\/\/i0.wp.com\/www.supeinnihonto.com\/wp-content\/uploads\/2024\/11\/DSC1475-scaled.jpg?fit=1200%2C800&ssl=1&resize=1050%2C600 3x"},"classes":[]}],"jetpack_sharing_enabled":true,"_links":{"self":[{"href":"https:\/\/www.supeinnihonto.com\/fr\/wp-json\/wp\/v2\/product\/14207","targetHints":{"allow":["GET"]}}],"collection":[{"href":"https:\/\/www.supeinnihonto.com\/fr\/wp-json\/wp\/v2\/product"}],"about":[{"href":"https:\/\/www.supeinnihonto.com\/fr\/wp-json\/wp\/v2\/types\/product"}],"wp:featuredmedia":[{"embeddable":true,"href":"https:\/\/www.supeinnihonto.com\/fr\/wp-json\/wp\/v2\/media\/14208"}],"wp:attachment":[{"href":"https:\/\/www.supeinnihonto.com\/fr\/wp-json\/wp\/v2\/media?parent=14207"}],"wp:term":[{"taxonomy":"product_brand","embeddable":true,"href":"https:\/\/www.supeinnihonto.com\/fr\/wp-json\/wp\/v2\/product_brand?post=14207"},{"taxonomy":"product_cat","embeddable":true,"href":"https:\/\/www.supeinnihonto.com\/fr\/wp-json\/wp\/v2\/product_cat?post=14207"},{"taxonomy":"product_tag","embeddable":true,"href":"https:\/\/www.supeinnihonto.com\/fr\/wp-json\/wp\/v2\/product_tag?post=14207"}],"curies":[{"name":"wp","href":"https:\/\/api.w.org\/{rel}","templated":true}]}}