{"id":14171,"date":"2024-05-28T09:18:27","date_gmt":"2024-05-28T09:18:27","guid":{"rendered":"https:\/\/www.supeinnihonto.com\/product\/netsuke-face-mask-wood\/"},"modified":"2025-12-26T17:37:14","modified_gmt":"2025-12-26T17:37:14","slug":"netsuke-masque-facial-en-bois","status":"publish","type":"product","link":"https:\/\/www.supeinnihonto.com\/fr\/produit\/netsuke-masque-facial-en-bois\/","title":{"rendered":"Netsuke masque facial en bois"},"content":{"rendered":"<p data-start=\"173\" data-end=\"192\">Livraison gratuite.<\/p>\n<p data-start=\"194\" data-end=\"309\">Netsuke en bois repr\u00e9sentant un masque de th\u00e9\u00e2tre N\u014d, tr\u00e8s expressif et finement sculpt\u00e9. Excellente patine. Sign\u00e9.<\/p>\n<p data-start=\"311\" data-end=\"325\">4 x 3,2 x 2 cm<\/p>\n","protected":false},"excerpt":{"rendered":"<p>Livraison gratuite. Netsuke en bois repr\u00e9sentant un masque de th\u00e9\u00e2tre N\u014d, tr\u00e8s expressif et finement sculpt\u00e9. Excellente patine. Sign\u00e9. 4 x 3,2 x 2 cm<\/p>\n","protected":false},"featured_media":14172,"template":"","meta":{"jetpack_post_was_ever_published":false},"product_brand":[],"product_cat":[545],"product_tag":[673,653,655],"class_list":{"0":"post-14171","1":"product","2":"type-product","3":"status-publish","4":"has-post-thumbnail","6":"product_cat-netsuke","7":"product_tag-bois","8":"product_tag-netsuke","9":"product_tag-okimono","10":"product_shipping_class-light","12":"first","13":"instock","14":"featured","15":"sold-individually","16":"shipping-taxable","17":"purchasable","18":"product-type-simple"},"yoast_head":"<!-- This site is optimized with the Yoast SEO plugin v27.5 - https:\/\/yoast.com\/product\/yoast-seo-wordpress\/ -->\n<title>Netsuke masque facial en bois - Supein Nihonto<\/title>\n<meta name=\"description\" content=\"Netsuke en bois repr\u00e9sentant un masque de th\u00e9\u00e2tre N\u014d, tr\u00e8s expressif et finement sculpt\u00e9. Excellente patine. Sign\u00e9.\" \/>\n<meta name=\"robots\" content=\"index, follow, max-snippet:-1, max-image-preview:large, max-video-preview:-1\" \/>\n<link rel=\"canonical\" href=\"https:\/\/www.supeinnihonto.com\/fr\/produit\/netsuke-masque-facial-en-bois\/\" \/>\n<meta property=\"og:locale\" content=\"fr_FR\" \/>\n<meta property=\"og:type\" content=\"article\" \/>\n<meta property=\"og:title\" content=\"Netsuke masque facial en bois - Supein Nihonto\" \/>\n<meta property=\"og:description\" content=\"Netsuke en bois repr\u00e9sentant un masque de th\u00e9\u00e2tre N\u014d, tr\u00e8s expressif et finement sculpt\u00e9. Excellente patine. Sign\u00e9.\" \/>\n<meta property=\"og:url\" content=\"https:\/\/www.supeinnihonto.com\/fr\/produit\/netsuke-masque-facial-en-bois\/\" \/>\n<meta property=\"og:site_name\" content=\"Supein Nihonto\" \/>\n<meta property=\"article:modified_time\" content=\"2025-12-26T17:37:14+00:00\" \/>\n<meta property=\"og:image\" content=\"https:\/\/www.supeinnihonto.com\/wp-content\/uploads\/2024\/05\/DSC_3976-scaled.jpg\" \/>\n\t<meta property=\"og:image:width\" content=\"2560\" \/>\n\t<meta property=\"og:image:height\" content=\"1707\" \/>\n\t<meta property=\"og:image:type\" content=\"image\/jpeg\" \/>\n<meta name=\"twitter:card\" content=\"summary_large_image\" \/>\n<meta name=\"twitter:label1\" content=\"Dur\u00e9e de lecture estim\u00e9e\" \/>\n\t<meta name=\"twitter:data1\" content=\"1 minute\" \/>\n<script type=\"application\/ld+json\" class=\"yoast-schema-graph\">{\"@context\":\"https:\\\/\\\/schema.org\",\"@graph\":[{\"@type\":\"WebPage\",\"@id\":\"https:\\\/\\\/www.supeinnihonto.com\\\/fr\\\/produit\\\/netsuke-masque-facial-en-bois\\\/\",\"url\":\"https:\\\/\\\/www.supeinnihonto.com\\\/fr\\\/produit\\\/netsuke-masque-facial-en-bois\\\/\",\"name\":\"Netsuke masque facial en bois - Supein Nihonto\",\"isPartOf\":{\"@id\":\"https:\\\/\\\/www.supeinnihonto.com\\\/fr\\\/#website\"},\"primaryImageOfPage\":{\"@id\":\"https:\\\/\\\/www.supeinnihonto.com\\\/fr\\\/produit\\\/netsuke-masque-facial-en-bois\\\/#primaryimage\"},\"image\":{\"@id\":\"https:\\\/\\\/www.supeinnihonto.com\\\/fr\\\/produit\\\/netsuke-masque-facial-en-bois\\\/#primaryimage\"},\"thumbnailUrl\":\"https:\\\/\\\/i0.wp.com\\\/www.supeinnihonto.com\\\/wp-content\\\/uploads\\\/2024\\\/05\\\/DSC_3976-scaled.jpg?fit=2560%2C1707&ssl=1\",\"datePublished\":\"2024-05-28T09:18:27+00:00\",\"dateModified\":\"2025-12-26T17:37:14+00:00\",\"description\":\"Netsuke en bois repr\u00e9sentant un masque de th\u00e9\u00e2tre N\u014d, tr\u00e8s expressif et finement sculpt\u00e9. Excellente patine. Sign\u00e9.\",\"breadcrumb\":{\"@id\":\"https:\\\/\\\/www.supeinnihonto.com\\\/fr\\\/produit\\\/netsuke-masque-facial-en-bois\\\/#breadcrumb\"},\"inLanguage\":\"fr-FR\",\"potentialAction\":[{\"@type\":\"ReadAction\",\"target\":[\"https:\\\/\\\/www.supeinnihonto.com\\\/fr\\\/produit\\\/netsuke-masque-facial-en-bois\\\/\"]}]},{\"@type\":\"ImageObject\",\"inLanguage\":\"fr-FR\",\"@id\":\"https:\\\/\\\/www.supeinnihonto.com\\\/fr\\\/produit\\\/netsuke-masque-facial-en-bois\\\/#primaryimage\",\"url\":\"https:\\\/\\\/i0.wp.com\\\/www.supeinnihonto.com\\\/wp-content\\\/uploads\\\/2024\\\/05\\\/DSC_3976-scaled.jpg?fit=2560%2C1707&ssl=1\",\"contentUrl\":\"https:\\\/\\\/i0.wp.com\\\/www.supeinnihonto.com\\\/wp-content\\\/uploads\\\/2024\\\/05\\\/DSC_3976-scaled.jpg?fit=2560%2C1707&ssl=1\",\"width\":2560,\"height\":1707,\"caption\":\"Netsuke face mask wood\"},{\"@type\":\"BreadcrumbList\",\"@id\":\"https:\\\/\\\/www.supeinnihonto.com\\\/fr\\\/produit\\\/netsuke-masque-facial-en-bois\\\/#breadcrumb\",\"itemListElement\":[{\"@type\":\"ListItem\",\"position\":1,\"name\":\"Portada\",\"item\":\"https:\\\/\\\/www.supeinnihonto.com\\\/fr\\\/\"},{\"@type\":\"ListItem\",\"position\":2,\"name\":\"Shop\",\"item\":\"https:\\\/\\\/www.supeinnihonto.com\\\/fr\\\/shop\\\/\"},{\"@type\":\"ListItem\",\"position\":3,\"name\":\"Netsuke masque facial en bois\"}]},{\"@type\":\"WebSite\",\"@id\":\"https:\\\/\\\/www.supeinnihonto.com\\\/fr\\\/#website\",\"url\":\"https:\\\/\\\/www.supeinnihonto.com\\\/fr\\\/\",\"name\":\"Supein Nihonto\",\"description\":\"Authentic japanese Nihonto katana \",\"publisher\":{\"@id\":\"https:\\\/\\\/www.supeinnihonto.com\\\/fr\\\/#organization\"},\"potentialAction\":[{\"@type\":\"SearchAction\",\"target\":{\"@type\":\"EntryPoint\",\"urlTemplate\":\"https:\\\/\\\/www.supeinnihonto.com\\\/fr\\\/?s={search_term_string}\"},\"query-input\":{\"@type\":\"PropertyValueSpecification\",\"valueRequired\":true,\"valueName\":\"search_term_string\"}}],\"inLanguage\":\"fr-FR\"},{\"@type\":\"Organization\",\"@id\":\"https:\\\/\\\/www.supeinnihonto.com\\\/fr\\\/#organization\",\"name\":\"SupeinNihonto\",\"url\":\"https:\\\/\\\/www.supeinnihonto.com\\\/fr\\\/\",\"logo\":{\"@type\":\"ImageObject\",\"inLanguage\":\"fr-FR\",\"@id\":\"https:\\\/\\\/www.supeinnihonto.com\\\/fr\\\/#\\\/schema\\\/logo\\\/image\\\/\",\"url\":\"https:\\\/\\\/www.supeinnihonto.com\\\/wp-content\\\/uploads\\\/2021\\\/11\\\/animation_Default_3szk0jcenoloop.gif\",\"contentUrl\":\"https:\\\/\\\/www.supeinnihonto.com\\\/wp-content\\\/uploads\\\/2021\\\/11\\\/animation_Default_3szk0jcenoloop.gif\",\"width\":750,\"height\":641,\"caption\":\"SupeinNihonto\"},\"image\":{\"@id\":\"https:\\\/\\\/www.supeinnihonto.com\\\/fr\\\/#\\\/schema\\\/logo\\\/image\\\/\"}}]}<\/script>\n<!-- \/ Yoast SEO plugin. -->","yoast_head_json":{"title":"Netsuke masque facial en bois - Supein Nihonto","description":"Netsuke en bois repr\u00e9sentant un masque de th\u00e9\u00e2tre N\u014d, tr\u00e8s expressif et finement sculpt\u00e9. Excellente patine. Sign\u00e9.","robots":{"index":"index","follow":"follow","max-snippet":"max-snippet:-1","max-image-preview":"max-image-preview:large","max-video-preview":"max-video-preview:-1"},"canonical":"https:\/\/www.supeinnihonto.com\/fr\/produit\/netsuke-masque-facial-en-bois\/","og_locale":"fr_FR","og_type":"article","og_title":"Netsuke masque facial en bois - Supein Nihonto","og_description":"Netsuke en bois repr\u00e9sentant un masque de th\u00e9\u00e2tre N\u014d, tr\u00e8s expressif et finement sculpt\u00e9. Excellente patine. Sign\u00e9.","og_url":"https:\/\/www.supeinnihonto.com\/fr\/produit\/netsuke-masque-facial-en-bois\/","og_site_name":"Supein Nihonto","article_modified_time":"2025-12-26T17:37:14+00:00","og_image":[{"width":2560,"height":1707,"url":"https:\/\/www.supeinnihonto.com\/wp-content\/uploads\/2024\/05\/DSC_3976-scaled.jpg","type":"image\/jpeg"}],"twitter_card":"summary_large_image","twitter_misc":{"Dur\u00e9e de lecture estim\u00e9e":"1 minute"},"schema":{"@context":"https:\/\/schema.org","@graph":[{"@type":"WebPage","@id":"https:\/\/www.supeinnihonto.com\/fr\/produit\/netsuke-masque-facial-en-bois\/","url":"https:\/\/www.supeinnihonto.com\/fr\/produit\/netsuke-masque-facial-en-bois\/","name":"Netsuke masque facial en bois - Supein Nihonto","isPartOf":{"@id":"https:\/\/www.supeinnihonto.com\/fr\/#website"},"primaryImageOfPage":{"@id":"https:\/\/www.supeinnihonto.com\/fr\/produit\/netsuke-masque-facial-en-bois\/#primaryimage"},"image":{"@id":"https:\/\/www.supeinnihonto.com\/fr\/produit\/netsuke-masque-facial-en-bois\/#primaryimage"},"thumbnailUrl":"https:\/\/i0.wp.com\/www.supeinnihonto.com\/wp-content\/uploads\/2024\/05\/DSC_3976-scaled.jpg?fit=2560%2C1707&ssl=1","datePublished":"2024-05-28T09:18:27+00:00","dateModified":"2025-12-26T17:37:14+00:00","description":"Netsuke en bois repr\u00e9sentant un masque de th\u00e9\u00e2tre N\u014d, tr\u00e8s expressif et finement sculpt\u00e9. Excellente patine. Sign\u00e9.","breadcrumb":{"@id":"https:\/\/www.supeinnihonto.com\/fr\/produit\/netsuke-masque-facial-en-bois\/#breadcrumb"},"inLanguage":"fr-FR","potentialAction":[{"@type":"ReadAction","target":["https:\/\/www.supeinnihonto.com\/fr\/produit\/netsuke-masque-facial-en-bois\/"]}]},{"@type":"ImageObject","inLanguage":"fr-FR","@id":"https:\/\/www.supeinnihonto.com\/fr\/produit\/netsuke-masque-facial-en-bois\/#primaryimage","url":"https:\/\/i0.wp.com\/www.supeinnihonto.com\/wp-content\/uploads\/2024\/05\/DSC_3976-scaled.jpg?fit=2560%2C1707&ssl=1","contentUrl":"https:\/\/i0.wp.com\/www.supeinnihonto.com\/wp-content\/uploads\/2024\/05\/DSC_3976-scaled.jpg?fit=2560%2C1707&ssl=1","width":2560,"height":1707,"caption":"Netsuke face mask wood"},{"@type":"BreadcrumbList","@id":"https:\/\/www.supeinnihonto.com\/fr\/produit\/netsuke-masque-facial-en-bois\/#breadcrumb","itemListElement":[{"@type":"ListItem","position":1,"name":"Portada","item":"https:\/\/www.supeinnihonto.com\/fr\/"},{"@type":"ListItem","position":2,"name":"Shop","item":"https:\/\/www.supeinnihonto.com\/fr\/shop\/"},{"@type":"ListItem","position":3,"name":"Netsuke masque facial en bois"}]},{"@type":"WebSite","@id":"https:\/\/www.supeinnihonto.com\/fr\/#website","url":"https:\/\/www.supeinnihonto.com\/fr\/","name":"Supein Nihonto","description":"Authentic japanese Nihonto katana ","publisher":{"@id":"https:\/\/www.supeinnihonto.com\/fr\/#organization"},"potentialAction":[{"@type":"SearchAction","target":{"@type":"EntryPoint","urlTemplate":"https:\/\/www.supeinnihonto.com\/fr\/?s={search_term_string}"},"query-input":{"@type":"PropertyValueSpecification","valueRequired":true,"valueName":"search_term_string"}}],"inLanguage":"fr-FR"},{"@type":"Organization","@id":"https:\/\/www.supeinnihonto.com\/fr\/#organization","name":"SupeinNihonto","url":"https:\/\/www.supeinnihonto.com\/fr\/","logo":{"@type":"ImageObject","inLanguage":"fr-FR","@id":"https:\/\/www.supeinnihonto.com\/fr\/#\/schema\/logo\/image\/","url":"https:\/\/www.supeinnihonto.com\/wp-content\/uploads\/2021\/11\/animation_Default_3szk0jcenoloop.gif","contentUrl":"https:\/\/www.supeinnihonto.com\/wp-content\/uploads\/2021\/11\/animation_Default_3szk0jcenoloop.gif","width":750,"height":641,"caption":"SupeinNihonto"},"image":{"@id":"https:\/\/www.supeinnihonto.com\/fr\/#\/schema\/logo\/image\/"}}]}},"jetpack-related-posts":[{"id":13345,"url":"https:\/\/www.supeinnihonto.com\/fr\/produit\/netsuke-singe-et-masque-en-ivoire\/","url_meta":{"origin":14171,"position":0},"title":"Netsuke singe et masque en ivoire","author":"Supein Nihonto","date":"28 de mai de 2024","format":false,"excerpt":"Livraison gratuite. Netsuke tr\u00e8s humoristique et finement sculpt\u00e9 repr\u00e9sentant un singe en train de sculpter un masque de th\u00e9\u00e2tre n\u00f4, avec une expression concentr\u00e9e. Yeux incrust\u00e9s en corne de buffle noire. Sign\u00e9 \u00ab Matsuyama \u00bb avec incrustation rouge. P\u00e9riode Meiji. Livr\u00e9 avec certificat et document CITES. 4 x 3 x\u2026","rel":"","context":"Article similaire","block_context":{"text":"Article similaire","link":""},"img":{"alt_text":"Netsuke monkey mask ivory","src":"https:\/\/i0.wp.com\/www.supeinnihonto.com\/wp-content\/uploads\/2024\/05\/Netsuke-monkey-mask-ivory.webp?fit=1200%2C800&ssl=1&resize=350%2C200","width":350,"height":200,"srcset":"https:\/\/i0.wp.com\/www.supeinnihonto.com\/wp-content\/uploads\/2024\/05\/Netsuke-monkey-mask-ivory.webp?fit=1200%2C800&ssl=1&resize=350%2C200 1x, https:\/\/i0.wp.com\/www.supeinnihonto.com\/wp-content\/uploads\/2024\/05\/Netsuke-monkey-mask-ivory.webp?fit=1200%2C800&ssl=1&resize=525%2C300 1.5x, https:\/\/i0.wp.com\/www.supeinnihonto.com\/wp-content\/uploads\/2024\/05\/Netsuke-monkey-mask-ivory.webp?fit=1200%2C800&ssl=1&resize=700%2C400 2x, https:\/\/i0.wp.com\/www.supeinnihonto.com\/wp-content\/uploads\/2024\/05\/Netsuke-monkey-mask-ivory.webp?fit=1200%2C800&ssl=1&resize=1050%2C600 3x"},"classes":[]},{"id":12538,"url":"https:\/\/www.supeinnihonto.com\/fr\/produit\/masque-no-deikuro\/","url_meta":{"origin":14171,"position":1},"title":"Masque N\u00f4 Deikur\u014d","author":"Eric Majo","date":"7 de novembre de 2024","format":false,"excerpt":"Masque en bois sculpt\u00e9 du th\u00e9\u00e2tre N\u00f4, sign\u00e9 Seiun (\u9759\u96f2), p\u00e9riode Sh\u014dwa. Sculpture de grande qualit\u00e9. Repr\u00e9sente Deikur\u014d, un d\u00e9mon mythologique (oni). Les masques N\u00f4 font depuis longtemps partie int\u00e9grante des rituels religieux, des festivals et du th\u00e9\u00e2tre japonais. Ils repr\u00e9sentent des figures historiques et des esprits appel\u00e9s kami, issus\u2026","rel":"","context":"Article similaire","block_context":{"text":"Article similaire","link":""},"img":{"alt_text":"Noh mask Deikuro","src":"https:\/\/i0.wp.com\/www.supeinnihonto.com\/wp-content\/uploads\/2024\/11\/GEO5972.webp?fit=1200%2C1147&ssl=1&resize=350%2C200","width":350,"height":200,"srcset":"https:\/\/i0.wp.com\/www.supeinnihonto.com\/wp-content\/uploads\/2024\/11\/GEO5972.webp?fit=1200%2C1147&ssl=1&resize=350%2C200 1x, https:\/\/i0.wp.com\/www.supeinnihonto.com\/wp-content\/uploads\/2024\/11\/GEO5972.webp?fit=1200%2C1147&ssl=1&resize=525%2C300 1.5x, https:\/\/i0.wp.com\/www.supeinnihonto.com\/wp-content\/uploads\/2024\/11\/GEO5972.webp?fit=1200%2C1147&ssl=1&resize=700%2C400 2x, https:\/\/i0.wp.com\/www.supeinnihonto.com\/wp-content\/uploads\/2024\/11\/GEO5972.webp?fit=1200%2C1147&ssl=1&resize=1050%2C600 3x"},"classes":[]},{"id":12774,"url":"https:\/\/www.supeinnihonto.com\/fr\/produit\/masque-no-yaseonna\/","url_meta":{"origin":14171,"position":2},"title":"Masque N\u00f4 Yaseonna","author":"Eric Majo","date":"7 de novembre de 2024","format":false,"excerpt":"Masque en bois sculpt\u00e9 du th\u00e9\u00e2tre N\u00f4, p\u00e9riode Sh\u014dwa. Sign\u00e9 Seiun (\u9759\u96f2). Repr\u00e9sente l\u2019esprit souffrant d\u2019une femme morte des tourments d\u2019une relation amoureuse. Les masques N\u00f4 font depuis longtemps partie int\u00e9grante des rituels religieux, des festivals et du th\u00e9\u00e2tre japonais. Ils repr\u00e9sentent des figures historiques et des esprits appel\u00e9s kami,\u2026","rel":"","context":"Article similaire","block_context":{"text":"Article similaire","link":""},"img":{"alt_text":"Noh mask Yaseonna","src":"https:\/\/i0.wp.com\/www.supeinnihonto.com\/wp-content\/uploads\/2024\/11\/GEO9306.webp?fit=1200%2C1107&ssl=1&resize=350%2C200","width":350,"height":200,"srcset":"https:\/\/i0.wp.com\/www.supeinnihonto.com\/wp-content\/uploads\/2024\/11\/GEO9306.webp?fit=1200%2C1107&ssl=1&resize=350%2C200 1x, https:\/\/i0.wp.com\/www.supeinnihonto.com\/wp-content\/uploads\/2024\/11\/GEO9306.webp?fit=1200%2C1107&ssl=1&resize=525%2C300 1.5x, https:\/\/i0.wp.com\/www.supeinnihonto.com\/wp-content\/uploads\/2024\/11\/GEO9306.webp?fit=1200%2C1107&ssl=1&resize=700%2C400 2x, https:\/\/i0.wp.com\/www.supeinnihonto.com\/wp-content\/uploads\/2024\/11\/GEO9306.webp?fit=1200%2C1107&ssl=1&resize=1050%2C600 3x"},"classes":[]},{"id":12766,"url":"https:\/\/www.supeinnihonto.com\/fr\/produit\/masque-no-yoroboshi\/","url_meta":{"origin":14171,"position":3},"title":"Masque N\u00f4 Yoroboshi","author":"Eric Majo","date":"7 de novembre de 2024","format":false,"excerpt":"Masque en bois sculpt\u00e9 du th\u00e9\u00e2tre N\u00f4, p\u00e9riode Sh\u014dwa. Sign\u00e9 Seiun (\u9759\u96f2). Repr\u00e9sente Yoroboshi, un moine aveugle. Les masques N\u00f4 font depuis longtemps partie int\u00e9grante des rituels religieux, des festivals et du th\u00e9\u00e2tre japonais. Ils repr\u00e9sentent des figures historiques et des esprits appel\u00e9s kami, issus des croyances indig\u00e8nes du Japon.\u2026","rel":"","context":"Article similaire","block_context":{"text":"Article similaire","link":""},"img":{"alt_text":"noh mask Yoroboshi","src":"https:\/\/i0.wp.com\/www.supeinnihonto.com\/wp-content\/uploads\/2024\/11\/GEO9320.jpg?fit=1200%2C799&ssl=1&resize=350%2C200","width":350,"height":200,"srcset":"https:\/\/i0.wp.com\/www.supeinnihonto.com\/wp-content\/uploads\/2024\/11\/GEO9320.jpg?fit=1200%2C799&ssl=1&resize=350%2C200 1x, https:\/\/i0.wp.com\/www.supeinnihonto.com\/wp-content\/uploads\/2024\/11\/GEO9320.jpg?fit=1200%2C799&ssl=1&resize=525%2C300 1.5x, https:\/\/i0.wp.com\/www.supeinnihonto.com\/wp-content\/uploads\/2024\/11\/GEO9320.jpg?fit=1200%2C799&ssl=1&resize=700%2C400 2x, https:\/\/i0.wp.com\/www.supeinnihonto.com\/wp-content\/uploads\/2024\/11\/GEO9320.jpg?fit=1200%2C799&ssl=1&resize=1050%2C600 3x"},"classes":[]},{"id":12554,"url":"https:\/\/www.supeinnihonto.com\/fr\/produit\/masque-no-yoroboshi-avec-boite\/","url_meta":{"origin":14171,"position":4},"title":"Masque N\u00f4 Yoroboshi avec bo\u00eete","author":"Eric Majo","date":"7 de novembre de 2024","format":false,"excerpt":"Masque en bois sculpt\u00e9 du th\u00e9\u00e2tre N\u00f4, p\u00e9riode Sh\u014dwa. Sign\u00e9 Naohiro Kaneko et dat\u00e9 de 1957, avec bo\u00eete. Masque N\u00f4 japonais sign\u00e9 repr\u00e9sentant Yoroboshi (moine aveugle). Les masques N\u00f4 font depuis longtemps partie int\u00e9grante des rituels religieux, des festivals et du th\u00e9\u00e2tre japonais. Ils repr\u00e9sentent des figures historiques et des\u2026","rel":"","context":"Article similaire","block_context":{"text":"Article similaire","link":""},"img":{"alt_text":"Noh mask Yoroboshi with box","src":"https:\/\/i0.wp.com\/www.supeinnihonto.com\/wp-content\/uploads\/2024\/11\/GEO9415.webp?fit=1200%2C799&ssl=1&resize=350%2C200","width":350,"height":200,"srcset":"https:\/\/i0.wp.com\/www.supeinnihonto.com\/wp-content\/uploads\/2024\/11\/GEO9415.webp?fit=1200%2C799&ssl=1&resize=350%2C200 1x, https:\/\/i0.wp.com\/www.supeinnihonto.com\/wp-content\/uploads\/2024\/11\/GEO9415.webp?fit=1200%2C799&ssl=1&resize=525%2C300 1.5x, https:\/\/i0.wp.com\/www.supeinnihonto.com\/wp-content\/uploads\/2024\/11\/GEO9415.webp?fit=1200%2C799&ssl=1&resize=700%2C400 2x, https:\/\/i0.wp.com\/www.supeinnihonto.com\/wp-content\/uploads\/2024\/11\/GEO9415.webp?fit=1200%2C799&ssl=1&resize=1050%2C600 3x"},"classes":[]},{"id":12566,"url":"https:\/\/www.supeinnihonto.com\/fr\/produit\/masque-no-ikazuchi\/","url_meta":{"origin":14171,"position":5},"title":"Masque N\u00f4 Ikazuchi.","author":"Eric Majo","date":"7 de novembre de 2024","format":false,"excerpt":"Masque en bois sculpt\u00e9 du th\u00e9\u00e2tre N\u00f4, p\u00e9riode Sh\u014dwa. Sign\u00e9 Seiun (\u9759\u96f2). Repr\u00e9sente Ikazuchi, figurant un oni (d\u00e9mon). Coloration fantastique et peu commune. Les masques N\u00f4 font depuis longtemps partie int\u00e9grante des rituels religieux, des festivals et du th\u00e9\u00e2tre japonais. Ils repr\u00e9sentent des figures historiques et des esprits appel\u00e9s kami,\u2026","rel":"","context":"Article similaire","block_context":{"text":"Article similaire","link":""},"img":{"alt_text":"Gesneden houten masker uit het N\u014d-theater, Sh\u014dwa-periode. Gesigneerd Seiun (\u9759\u96f2). Voorstelling van Ikazuchi, afgebeeld als een oni (demon).","src":"https:\/\/i0.wp.com\/www.supeinnihonto.com\/wp-content\/uploads\/2024\/11\/GEO9362.webp?fit=1200%2C980&ssl=1&resize=350%2C200","width":350,"height":200,"srcset":"https:\/\/i0.wp.com\/www.supeinnihonto.com\/wp-content\/uploads\/2024\/11\/GEO9362.webp?fit=1200%2C980&ssl=1&resize=350%2C200 1x, https:\/\/i0.wp.com\/www.supeinnihonto.com\/wp-content\/uploads\/2024\/11\/GEO9362.webp?fit=1200%2C980&ssl=1&resize=525%2C300 1.5x, https:\/\/i0.wp.com\/www.supeinnihonto.com\/wp-content\/uploads\/2024\/11\/GEO9362.webp?fit=1200%2C980&ssl=1&resize=700%2C400 2x, https:\/\/i0.wp.com\/www.supeinnihonto.com\/wp-content\/uploads\/2024\/11\/GEO9362.webp?fit=1200%2C980&ssl=1&resize=1050%2C600 3x"},"classes":[]}],"jetpack_sharing_enabled":true,"_links":{"self":[{"href":"https:\/\/www.supeinnihonto.com\/fr\/wp-json\/wp\/v2\/product\/14171","targetHints":{"allow":["GET"]}}],"collection":[{"href":"https:\/\/www.supeinnihonto.com\/fr\/wp-json\/wp\/v2\/product"}],"about":[{"href":"https:\/\/www.supeinnihonto.com\/fr\/wp-json\/wp\/v2\/types\/product"}],"wp:featuredmedia":[{"embeddable":true,"href":"https:\/\/www.supeinnihonto.com\/fr\/wp-json\/wp\/v2\/media\/14172"}],"wp:attachment":[{"href":"https:\/\/www.supeinnihonto.com\/fr\/wp-json\/wp\/v2\/media?parent=14171"}],"wp:term":[{"taxonomy":"product_brand","embeddable":true,"href":"https:\/\/www.supeinnihonto.com\/fr\/wp-json\/wp\/v2\/product_brand?post=14171"},{"taxonomy":"product_cat","embeddable":true,"href":"https:\/\/www.supeinnihonto.com\/fr\/wp-json\/wp\/v2\/product_cat?post=14171"},{"taxonomy":"product_tag","embeddable":true,"href":"https:\/\/www.supeinnihonto.com\/fr\/wp-json\/wp\/v2\/product_tag?post=14171"}],"curies":[{"name":"wp","href":"https:\/\/api.w.org\/{rel}","templated":true}]}}