{"id":14150,"date":"2024-05-28T09:41:50","date_gmt":"2024-05-28T09:41:50","guid":{"rendered":"https:\/\/www.supeinnihonto.com\/product\/okimono-drunk-fighters-ivory\/"},"modified":"2025-12-26T17:20:11","modified_gmt":"2025-12-26T17:20:11","slug":"okimono-combattants-ivres-en-ivoire","status":"publish","type":"product","link":"https:\/\/www.supeinnihonto.com\/fr\/produit\/okimono-combattants-ivres-en-ivoire\/","title":{"rendered":"Okimono combattants ivres en ivoire"},"content":{"rendered":"<p data-start=\"220\" data-end=\"239\">Livraison gratuite.<\/p>\n<p data-start=\"241\" data-end=\"663\">Okimono amusant et de tr\u00e8s grande qualit\u00e9 repr\u00e9sentant plusieurs ivrognes en train de se battre. La pi\u00e8ce regorge de d\u00e9tails, ce qui en fait une \u0153uvre de qualit\u00e9 sup\u00e9rieure : les visages, les v\u00eatements et m\u00eame les pieds sont magnifiquement sculpt\u00e9s. Elle pr\u00e9sente \u00e9galement une tr\u00e8s belle patine qui la met en valeur. Sign\u00e9 \u00e0 la base. P\u00e9riode Meiji, fin du XIXe si\u00e8cle. Livr\u00e9 avec certificat d\u2019expertise et document CITES.<\/p>\n<p data-start=\"665\" data-end=\"679\">6,5 x 6 x 5 cm<\/p>\n","protected":false},"excerpt":{"rendered":"<p>Livraison gratuite. Okimono amusant et de tr\u00e8s grande qualit\u00e9 repr\u00e9sentant plusieurs ivrognes en train de se battre. La pi\u00e8ce regorge de d\u00e9tails, ce qui en fait une \u0153uvre de qualit\u00e9 sup\u00e9rieure : les visages, les v\u00eatements et m\u00eame les pieds sont magnifiquement sculpt\u00e9s. Elle pr\u00e9sente \u00e9galement une tr\u00e8s belle patine [&hellip;]<\/p>\n","protected":false},"featured_media":14151,"template":"","meta":{"jetpack_post_was_ever_published":false},"product_brand":[],"product_cat":[545],"product_tag":[637,653,655],"class_list":{"0":"post-14150","1":"product","2":"type-product","3":"status-publish","4":"has-post-thumbnail","6":"product_cat-netsuke","7":"product_tag-ivory","8":"product_tag-netsuke","9":"product_tag-okimono","10":"product_shipping_class-light","12":"first","13":"instock","14":"featured","15":"sold-individually","16":"shipping-taxable","17":"purchasable","18":"product-type-simple"},"yoast_head":"<!-- This site is optimized with the Yoast SEO plugin v27.5 - https:\/\/yoast.com\/product\/yoast-seo-wordpress\/ -->\n<title>Okimono combattants ivres en ivoire - Supein Nihonto<\/title>\n<meta name=\"description\" content=\"Magnifique netsuke en ivoire repr\u00e9sentant un hannya surprenant un samoura\u00ef par derri\u00e8re alors qu\u2019il d\u00e9barque. Pi\u00e8ce tr\u00e8s originale et de grande qualit\u00e9. Sign\u00e9e.\" \/>\n<meta name=\"robots\" content=\"index, follow, max-snippet:-1, max-image-preview:large, max-video-preview:-1\" \/>\n<link rel=\"canonical\" href=\"https:\/\/www.supeinnihonto.com\/fr\/produit\/okimono-combattants-ivres-en-ivoire\/\" \/>\n<meta property=\"og:locale\" content=\"fr_FR\" \/>\n<meta property=\"og:type\" content=\"article\" \/>\n<meta property=\"og:title\" content=\"Okimono combattants ivres en ivoire - Supein Nihonto\" \/>\n<meta property=\"og:description\" content=\"Magnifique netsuke en ivoire repr\u00e9sentant un hannya surprenant un samoura\u00ef par derri\u00e8re alors qu\u2019il d\u00e9barque. Pi\u00e8ce tr\u00e8s originale et de grande qualit\u00e9. Sign\u00e9e.\" \/>\n<meta property=\"og:url\" content=\"https:\/\/www.supeinnihonto.com\/fr\/produit\/okimono-combattants-ivres-en-ivoire\/\" \/>\n<meta property=\"og:site_name\" content=\"Supein Nihonto\" \/>\n<meta property=\"article:modified_time\" content=\"2025-12-26T17:20:11+00:00\" \/>\n<meta property=\"og:image\" content=\"https:\/\/www.supeinnihonto.com\/wp-content\/uploads\/2024\/05\/DSC_4002-scaled.jpg\" \/>\n\t<meta property=\"og:image:width\" content=\"2560\" \/>\n\t<meta property=\"og:image:height\" content=\"1707\" \/>\n\t<meta property=\"og:image:type\" content=\"image\/jpeg\" \/>\n<meta name=\"twitter:card\" content=\"summary_large_image\" \/>\n<meta name=\"twitter:label1\" content=\"Dur\u00e9e de lecture estim\u00e9e\" \/>\n\t<meta name=\"twitter:data1\" content=\"1 minute\" \/>\n<script type=\"application\/ld+json\" class=\"yoast-schema-graph\">{\"@context\":\"https:\\\/\\\/schema.org\",\"@graph\":[{\"@type\":\"WebPage\",\"@id\":\"https:\\\/\\\/www.supeinnihonto.com\\\/fr\\\/produit\\\/okimono-combattants-ivres-en-ivoire\\\/\",\"url\":\"https:\\\/\\\/www.supeinnihonto.com\\\/fr\\\/produit\\\/okimono-combattants-ivres-en-ivoire\\\/\",\"name\":\"Okimono combattants ivres en ivoire - Supein Nihonto\",\"isPartOf\":{\"@id\":\"https:\\\/\\\/www.supeinnihonto.com\\\/fr\\\/#website\"},\"primaryImageOfPage\":{\"@id\":\"https:\\\/\\\/www.supeinnihonto.com\\\/fr\\\/produit\\\/okimono-combattants-ivres-en-ivoire\\\/#primaryimage\"},\"image\":{\"@id\":\"https:\\\/\\\/www.supeinnihonto.com\\\/fr\\\/produit\\\/okimono-combattants-ivres-en-ivoire\\\/#primaryimage\"},\"thumbnailUrl\":\"https:\\\/\\\/i0.wp.com\\\/www.supeinnihonto.com\\\/wp-content\\\/uploads\\\/2024\\\/05\\\/DSC_4002-scaled.jpg?fit=2560%2C1707&ssl=1\",\"datePublished\":\"2024-05-28T09:41:50+00:00\",\"dateModified\":\"2025-12-26T17:20:11+00:00\",\"description\":\"Magnifique netsuke en ivoire repr\u00e9sentant un hannya surprenant un samoura\u00ef par derri\u00e8re alors qu\u2019il d\u00e9barque. Pi\u00e8ce tr\u00e8s originale et de grande qualit\u00e9. Sign\u00e9e.\",\"breadcrumb\":{\"@id\":\"https:\\\/\\\/www.supeinnihonto.com\\\/fr\\\/produit\\\/okimono-combattants-ivres-en-ivoire\\\/#breadcrumb\"},\"inLanguage\":\"fr-FR\",\"potentialAction\":[{\"@type\":\"ReadAction\",\"target\":[\"https:\\\/\\\/www.supeinnihonto.com\\\/fr\\\/produit\\\/okimono-combattants-ivres-en-ivoire\\\/\"]}]},{\"@type\":\"ImageObject\",\"inLanguage\":\"fr-FR\",\"@id\":\"https:\\\/\\\/www.supeinnihonto.com\\\/fr\\\/produit\\\/okimono-combattants-ivres-en-ivoire\\\/#primaryimage\",\"url\":\"https:\\\/\\\/i0.wp.com\\\/www.supeinnihonto.com\\\/wp-content\\\/uploads\\\/2024\\\/05\\\/DSC_4002-scaled.jpg?fit=2560%2C1707&ssl=1\",\"contentUrl\":\"https:\\\/\\\/i0.wp.com\\\/www.supeinnihonto.com\\\/wp-content\\\/uploads\\\/2024\\\/05\\\/DSC_4002-scaled.jpg?fit=2560%2C1707&ssl=1\",\"width\":2560,\"height\":1707,\"caption\":\"Okimono drunk fighters ivory\"},{\"@type\":\"BreadcrumbList\",\"@id\":\"https:\\\/\\\/www.supeinnihonto.com\\\/fr\\\/produit\\\/okimono-combattants-ivres-en-ivoire\\\/#breadcrumb\",\"itemListElement\":[{\"@type\":\"ListItem\",\"position\":1,\"name\":\"Portada\",\"item\":\"https:\\\/\\\/www.supeinnihonto.com\\\/fr\\\/\"},{\"@type\":\"ListItem\",\"position\":2,\"name\":\"Shop\",\"item\":\"https:\\\/\\\/www.supeinnihonto.com\\\/fr\\\/shop\\\/\"},{\"@type\":\"ListItem\",\"position\":3,\"name\":\"Okimono combattants ivres en ivoire\"}]},{\"@type\":\"WebSite\",\"@id\":\"https:\\\/\\\/www.supeinnihonto.com\\\/fr\\\/#website\",\"url\":\"https:\\\/\\\/www.supeinnihonto.com\\\/fr\\\/\",\"name\":\"Supein Nihonto\",\"description\":\"Authentic japanese Nihonto katana \",\"publisher\":{\"@id\":\"https:\\\/\\\/www.supeinnihonto.com\\\/fr\\\/#organization\"},\"potentialAction\":[{\"@type\":\"SearchAction\",\"target\":{\"@type\":\"EntryPoint\",\"urlTemplate\":\"https:\\\/\\\/www.supeinnihonto.com\\\/fr\\\/?s={search_term_string}\"},\"query-input\":{\"@type\":\"PropertyValueSpecification\",\"valueRequired\":true,\"valueName\":\"search_term_string\"}}],\"inLanguage\":\"fr-FR\"},{\"@type\":\"Organization\",\"@id\":\"https:\\\/\\\/www.supeinnihonto.com\\\/fr\\\/#organization\",\"name\":\"SupeinNihonto\",\"url\":\"https:\\\/\\\/www.supeinnihonto.com\\\/fr\\\/\",\"logo\":{\"@type\":\"ImageObject\",\"inLanguage\":\"fr-FR\",\"@id\":\"https:\\\/\\\/www.supeinnihonto.com\\\/fr\\\/#\\\/schema\\\/logo\\\/image\\\/\",\"url\":\"https:\\\/\\\/www.supeinnihonto.com\\\/wp-content\\\/uploads\\\/2021\\\/11\\\/animation_Default_3szk0jcenoloop.gif\",\"contentUrl\":\"https:\\\/\\\/www.supeinnihonto.com\\\/wp-content\\\/uploads\\\/2021\\\/11\\\/animation_Default_3szk0jcenoloop.gif\",\"width\":750,\"height\":641,\"caption\":\"SupeinNihonto\"},\"image\":{\"@id\":\"https:\\\/\\\/www.supeinnihonto.com\\\/fr\\\/#\\\/schema\\\/logo\\\/image\\\/\"}}]}<\/script>\n<!-- \/ Yoast SEO plugin. -->","yoast_head_json":{"title":"Okimono combattants ivres en ivoire - Supein Nihonto","description":"Magnifique netsuke en ivoire repr\u00e9sentant un hannya surprenant un samoura\u00ef par derri\u00e8re alors qu\u2019il d\u00e9barque. Pi\u00e8ce tr\u00e8s originale et de grande qualit\u00e9. Sign\u00e9e.","robots":{"index":"index","follow":"follow","max-snippet":"max-snippet:-1","max-image-preview":"max-image-preview:large","max-video-preview":"max-video-preview:-1"},"canonical":"https:\/\/www.supeinnihonto.com\/fr\/produit\/okimono-combattants-ivres-en-ivoire\/","og_locale":"fr_FR","og_type":"article","og_title":"Okimono combattants ivres en ivoire - Supein Nihonto","og_description":"Magnifique netsuke en ivoire repr\u00e9sentant un hannya surprenant un samoura\u00ef par derri\u00e8re alors qu\u2019il d\u00e9barque. Pi\u00e8ce tr\u00e8s originale et de grande qualit\u00e9. Sign\u00e9e.","og_url":"https:\/\/www.supeinnihonto.com\/fr\/produit\/okimono-combattants-ivres-en-ivoire\/","og_site_name":"Supein Nihonto","article_modified_time":"2025-12-26T17:20:11+00:00","og_image":[{"width":2560,"height":1707,"url":"https:\/\/www.supeinnihonto.com\/wp-content\/uploads\/2024\/05\/DSC_4002-scaled.jpg","type":"image\/jpeg"}],"twitter_card":"summary_large_image","twitter_misc":{"Dur\u00e9e de lecture estim\u00e9e":"1 minute"},"schema":{"@context":"https:\/\/schema.org","@graph":[{"@type":"WebPage","@id":"https:\/\/www.supeinnihonto.com\/fr\/produit\/okimono-combattants-ivres-en-ivoire\/","url":"https:\/\/www.supeinnihonto.com\/fr\/produit\/okimono-combattants-ivres-en-ivoire\/","name":"Okimono combattants ivres en ivoire - Supein Nihonto","isPartOf":{"@id":"https:\/\/www.supeinnihonto.com\/fr\/#website"},"primaryImageOfPage":{"@id":"https:\/\/www.supeinnihonto.com\/fr\/produit\/okimono-combattants-ivres-en-ivoire\/#primaryimage"},"image":{"@id":"https:\/\/www.supeinnihonto.com\/fr\/produit\/okimono-combattants-ivres-en-ivoire\/#primaryimage"},"thumbnailUrl":"https:\/\/i0.wp.com\/www.supeinnihonto.com\/wp-content\/uploads\/2024\/05\/DSC_4002-scaled.jpg?fit=2560%2C1707&ssl=1","datePublished":"2024-05-28T09:41:50+00:00","dateModified":"2025-12-26T17:20:11+00:00","description":"Magnifique netsuke en ivoire repr\u00e9sentant un hannya surprenant un samoura\u00ef par derri\u00e8re alors qu\u2019il d\u00e9barque. Pi\u00e8ce tr\u00e8s originale et de grande qualit\u00e9. Sign\u00e9e.","breadcrumb":{"@id":"https:\/\/www.supeinnihonto.com\/fr\/produit\/okimono-combattants-ivres-en-ivoire\/#breadcrumb"},"inLanguage":"fr-FR","potentialAction":[{"@type":"ReadAction","target":["https:\/\/www.supeinnihonto.com\/fr\/produit\/okimono-combattants-ivres-en-ivoire\/"]}]},{"@type":"ImageObject","inLanguage":"fr-FR","@id":"https:\/\/www.supeinnihonto.com\/fr\/produit\/okimono-combattants-ivres-en-ivoire\/#primaryimage","url":"https:\/\/i0.wp.com\/www.supeinnihonto.com\/wp-content\/uploads\/2024\/05\/DSC_4002-scaled.jpg?fit=2560%2C1707&ssl=1","contentUrl":"https:\/\/i0.wp.com\/www.supeinnihonto.com\/wp-content\/uploads\/2024\/05\/DSC_4002-scaled.jpg?fit=2560%2C1707&ssl=1","width":2560,"height":1707,"caption":"Okimono drunk fighters ivory"},{"@type":"BreadcrumbList","@id":"https:\/\/www.supeinnihonto.com\/fr\/produit\/okimono-combattants-ivres-en-ivoire\/#breadcrumb","itemListElement":[{"@type":"ListItem","position":1,"name":"Portada","item":"https:\/\/www.supeinnihonto.com\/fr\/"},{"@type":"ListItem","position":2,"name":"Shop","item":"https:\/\/www.supeinnihonto.com\/fr\/shop\/"},{"@type":"ListItem","position":3,"name":"Okimono combattants ivres en ivoire"}]},{"@type":"WebSite","@id":"https:\/\/www.supeinnihonto.com\/fr\/#website","url":"https:\/\/www.supeinnihonto.com\/fr\/","name":"Supein Nihonto","description":"Authentic japanese Nihonto katana ","publisher":{"@id":"https:\/\/www.supeinnihonto.com\/fr\/#organization"},"potentialAction":[{"@type":"SearchAction","target":{"@type":"EntryPoint","urlTemplate":"https:\/\/www.supeinnihonto.com\/fr\/?s={search_term_string}"},"query-input":{"@type":"PropertyValueSpecification","valueRequired":true,"valueName":"search_term_string"}}],"inLanguage":"fr-FR"},{"@type":"Organization","@id":"https:\/\/www.supeinnihonto.com\/fr\/#organization","name":"SupeinNihonto","url":"https:\/\/www.supeinnihonto.com\/fr\/","logo":{"@type":"ImageObject","inLanguage":"fr-FR","@id":"https:\/\/www.supeinnihonto.com\/fr\/#\/schema\/logo\/image\/","url":"https:\/\/www.supeinnihonto.com\/wp-content\/uploads\/2021\/11\/animation_Default_3szk0jcenoloop.gif","contentUrl":"https:\/\/www.supeinnihonto.com\/wp-content\/uploads\/2021\/11\/animation_Default_3szk0jcenoloop.gif","width":750,"height":641,"caption":"SupeinNihonto"},"image":{"@id":"https:\/\/www.supeinnihonto.com\/fr\/#\/schema\/logo\/image\/"}}]}},"jetpack-related-posts":[{"id":14118,"url":"https:\/\/www.supeinnihonto.com\/fr\/produit\/okimono-fudo-luttant-en-ivoire\/","url_meta":{"origin":14150,"position":0},"title":"Okimono Fud\u014d luttant en ivoire","author":"Supein Nihonto","date":"28 de mai de 2024","format":false,"excerpt":"Livraison gratuite. Magnifique okimono repr\u00e9sentant Fud\u014d (divinit\u00e9) combattant un homme. Motif tr\u00e8s rare et particulier. Les netsuke et okimono de Fud\u014d sont tr\u00e8s recherch\u00e9s pour leur signification. Celui-ci est magnifiquement sculpt\u00e9, avec un grand sens du mouvement et une qualit\u00e9 mus\u00e9ale exceptionnelle. Sign\u00e9 avec incrustation rouge. P\u00e9riode Meiji, fin du\u2026","rel":"","context":"Article similaire","block_context":{"text":"Article similaire","link":""},"img":{"alt_text":"Okimono Fudo wrestling ivory","src":"https:\/\/i0.wp.com\/www.supeinnihonto.com\/wp-content\/uploads\/2024\/05\/DSC_4019-scaled.jpg?fit=1200%2C800&ssl=1&resize=350%2C200","width":350,"height":200,"srcset":"https:\/\/i0.wp.com\/www.supeinnihonto.com\/wp-content\/uploads\/2024\/05\/DSC_4019-scaled.jpg?fit=1200%2C800&ssl=1&resize=350%2C200 1x, https:\/\/i0.wp.com\/www.supeinnihonto.com\/wp-content\/uploads\/2024\/05\/DSC_4019-scaled.jpg?fit=1200%2C800&ssl=1&resize=525%2C300 1.5x, https:\/\/i0.wp.com\/www.supeinnihonto.com\/wp-content\/uploads\/2024\/05\/DSC_4019-scaled.jpg?fit=1200%2C800&ssl=1&resize=700%2C400 2x, https:\/\/i0.wp.com\/www.supeinnihonto.com\/wp-content\/uploads\/2024\/05\/DSC_4019-scaled.jpg?fit=1200%2C800&ssl=1&resize=1050%2C600 3x"},"classes":[]},{"id":14251,"url":"https:\/\/www.supeinnihonto.com\/fr\/produit\/netsuke-fukurukuju-en-bois\/","url_meta":{"origin":14150,"position":1},"title":"Netsuke Fukurukuju en bois","author":"Supein Nihonto","date":"27 de mai de 2024","format":false,"excerpt":"Livraison gratuite. Netsuke Fukurukuju en bois. Netsuke spectaculaire et tr\u00e8s ancien repr\u00e9sentant Fukurukuju, l\u2019un des sept dieux de la fortune. Les pi\u00e8ces de grande qualit\u00e9 repr\u00e9sentant les Shichifukujin sont tr\u00e8s recherch\u00e9es par les collectionneurs pour leur symbolisme et leur raret\u00e9, et il existe d\u2019importantes collections exclusives qui leur sont consacr\u00e9es.Dans\u2026","rel":"","context":"Article similaire","block_context":{"text":"Article similaire","link":""},"img":{"alt_text":"Netsuke Fukurukuju wood","src":"https:\/\/i0.wp.com\/www.supeinnihonto.com\/wp-content\/uploads\/2024\/05\/DSC_3930-scaled.jpg?fit=1200%2C800&ssl=1&resize=350%2C200","width":350,"height":200,"srcset":"https:\/\/i0.wp.com\/www.supeinnihonto.com\/wp-content\/uploads\/2024\/05\/DSC_3930-scaled.jpg?fit=1200%2C800&ssl=1&resize=350%2C200 1x, https:\/\/i0.wp.com\/www.supeinnihonto.com\/wp-content\/uploads\/2024\/05\/DSC_3930-scaled.jpg?fit=1200%2C800&ssl=1&resize=525%2C300 1.5x, https:\/\/i0.wp.com\/www.supeinnihonto.com\/wp-content\/uploads\/2024\/05\/DSC_3930-scaled.jpg?fit=1200%2C800&ssl=1&resize=700%2C400 2x, https:\/\/i0.wp.com\/www.supeinnihonto.com\/wp-content\/uploads\/2024\/05\/DSC_3930-scaled.jpg?fit=1200%2C800&ssl=1&resize=1050%2C600 3x"},"classes":[]},{"id":14142,"url":"https:\/\/www.supeinnihonto.com\/fr\/produit\/netsuke-shichifukujin-en-ivoire\/","url_meta":{"origin":14150,"position":2},"title":"Netsuke Shichifukujin en ivoire","author":"Supein Nihonto","date":"28 de mai de 2024","format":false,"excerpt":"Livraison gratuite. Superbe netsuke repr\u00e9sentant les sept dieux de la fortune sous un cerisier avec un b\u0153uf. Travail de sculpture exceptionnel, permettant d\u2019appr\u00e9cier tous les d\u00e9tails de cette petite pi\u00e8ce. Les \u0153uvres de ce type, o\u00f9 tous les membres sont repr\u00e9sent\u00e9s, sont tr\u00e8s recherch\u00e9es et appr\u00e9ci\u00e9es par les collectionneurs, d\u2019autant\u2026","rel":"","context":"Article similaire","block_context":{"text":"Article similaire","link":""},"img":{"alt_text":"Netsuke Shichifukujin ivory","src":"https:\/\/i0.wp.com\/www.supeinnihonto.com\/wp-content\/uploads\/2024\/05\/DSC_4006-scaled.jpg?fit=1200%2C800&ssl=1&resize=350%2C200","width":350,"height":200,"srcset":"https:\/\/i0.wp.com\/www.supeinnihonto.com\/wp-content\/uploads\/2024\/05\/DSC_4006-scaled.jpg?fit=1200%2C800&ssl=1&resize=350%2C200 1x, https:\/\/i0.wp.com\/www.supeinnihonto.com\/wp-content\/uploads\/2024\/05\/DSC_4006-scaled.jpg?fit=1200%2C800&ssl=1&resize=525%2C300 1.5x, https:\/\/i0.wp.com\/www.supeinnihonto.com\/wp-content\/uploads\/2024\/05\/DSC_4006-scaled.jpg?fit=1200%2C800&ssl=1&resize=700%2C400 2x, https:\/\/i0.wp.com\/www.supeinnihonto.com\/wp-content\/uploads\/2024\/05\/DSC_4006-scaled.jpg?fit=1200%2C800&ssl=1&resize=1050%2C600 3x"},"classes":[]},{"id":14126,"url":"https:\/\/www.supeinnihonto.com\/fr\/produit\/netsuke-shishi-en-ivoire\/","url_meta":{"origin":14150,"position":3},"title":"Netsuke Shishi en ivoire","author":"Supein Nihonto","date":"28 de mai de 2024","format":false,"excerpt":"Livraison gratuite. Magnifique netsuke repr\u00e9sentant un shishi pos\u00e9 sur un rocher dans une attitude \u00e0 la fois d\u00e9fiant et ludique. Superbe pi\u00e8ce et tr\u00e8s belle qualit\u00e9 de sculpture. \u00c0 noter le travail des poils et des boucles de la queue et de la crini\u00e8re. Pr\u00e9sence d\u2019une bille en bois figurant\u2026","rel":"","context":"Article similaire","block_context":{"text":"Article similaire","link":""},"img":{"alt_text":"Netsuke Shishi ivory","src":"https:\/\/i0.wp.com\/www.supeinnihonto.com\/wp-content\/uploads\/2024\/05\/DSC_4014-scaled.jpg?fit=1200%2C800&ssl=1&resize=350%2C200","width":350,"height":200,"srcset":"https:\/\/i0.wp.com\/www.supeinnihonto.com\/wp-content\/uploads\/2024\/05\/DSC_4014-scaled.jpg?fit=1200%2C800&ssl=1&resize=350%2C200 1x, https:\/\/i0.wp.com\/www.supeinnihonto.com\/wp-content\/uploads\/2024\/05\/DSC_4014-scaled.jpg?fit=1200%2C800&ssl=1&resize=525%2C300 1.5x, https:\/\/i0.wp.com\/www.supeinnihonto.com\/wp-content\/uploads\/2024\/05\/DSC_4014-scaled.jpg?fit=1200%2C800&ssl=1&resize=700%2C400 2x, https:\/\/i0.wp.com\/www.supeinnihonto.com\/wp-content\/uploads\/2024\/05\/DSC_4014-scaled.jpg?fit=1200%2C800&ssl=1&resize=1050%2C600 3x"},"classes":[]},{"id":14267,"url":"https:\/\/www.supeinnihonto.com\/fr\/produit\/netsuke-daruma-en-bois-laque\/","url_meta":{"origin":14150,"position":4},"title":"Netsuke Daruma en bois laqu\u00e9","author":"Supein Nihonto","date":"27 de mai de 2024","format":false,"excerpt":"Livraison gratuite. Beau netsuke repr\u00e9sentant Daruma se r\u00e9veillant apr\u00e8s une longue p\u00e9riode de m\u00e9ditation. P\u00e9riode Edo. Tr\u00e8s belle patine et remarquable travail de laque rouge et noire. Les netsuke de Daruma sont peu communs et tr\u00e8s recherch\u00e9s par les collectionneurs en raison de leur signification. Daruma repr\u00e9sente Bodhidharma, un moine\u2026","rel":"","context":"Article similaire","block_context":{"text":"Article similaire","link":""},"img":{"alt_text":"Netsuke Daruma lacquer wood","src":"https:\/\/i0.wp.com\/www.supeinnihonto.com\/wp-content\/uploads\/2024\/05\/DSC_3920-scaled.jpg?fit=1200%2C800&ssl=1&resize=350%2C200","width":350,"height":200,"srcset":"https:\/\/i0.wp.com\/www.supeinnihonto.com\/wp-content\/uploads\/2024\/05\/DSC_3920-scaled.jpg?fit=1200%2C800&ssl=1&resize=350%2C200 1x, https:\/\/i0.wp.com\/www.supeinnihonto.com\/wp-content\/uploads\/2024\/05\/DSC_3920-scaled.jpg?fit=1200%2C800&ssl=1&resize=525%2C300 1.5x, https:\/\/i0.wp.com\/www.supeinnihonto.com\/wp-content\/uploads\/2024\/05\/DSC_3920-scaled.jpg?fit=1200%2C800&ssl=1&resize=700%2C400 2x, https:\/\/i0.wp.com\/www.supeinnihonto.com\/wp-content\/uploads\/2024\/05\/DSC_3920-scaled.jpg?fit=1200%2C800&ssl=1&resize=1050%2C600 3x"},"classes":[]},{"id":13503,"url":"https:\/\/www.supeinnihonto.com\/fr\/produit\/okimono-court-noble-en-ivoire\/","url_meta":{"origin":14150,"position":5},"title":"Okimono court noble en ivoire","author":"Supein Nihonto","date":"30 de mai de 2024","format":false,"excerpt":"Livraison gratuite. Les figures \u00e9trang\u00e8res telles que chinoises, n\u00e9erlandaises ou insulaires sont tr\u00e8s pris\u00e9es par les collectionneurs et atteignent des sommes \u00e9lev\u00e9es aux ench\u00e8res. Un exemple en est le prix atteint par une pi\u00e8ce similaire lors d\u2019une vente aux ench\u00e8res chez Bonhams, Londres. Grande figure montrant un personnage souriant doucement,\u2026","rel":"","context":"Article similaire","block_context":{"text":"Article similaire","link":""},"img":{"alt_text":"Okimono court noble ivory","src":"https:\/\/i0.wp.com\/www.supeinnihonto.com\/wp-content\/uploads\/2024\/05\/DSC_4668-scaled.jpg?fit=1200%2C800&ssl=1&resize=350%2C200","width":350,"height":200,"srcset":"https:\/\/i0.wp.com\/www.supeinnihonto.com\/wp-content\/uploads\/2024\/05\/DSC_4668-scaled.jpg?fit=1200%2C800&ssl=1&resize=350%2C200 1x, https:\/\/i0.wp.com\/www.supeinnihonto.com\/wp-content\/uploads\/2024\/05\/DSC_4668-scaled.jpg?fit=1200%2C800&ssl=1&resize=525%2C300 1.5x, https:\/\/i0.wp.com\/www.supeinnihonto.com\/wp-content\/uploads\/2024\/05\/DSC_4668-scaled.jpg?fit=1200%2C800&ssl=1&resize=700%2C400 2x, https:\/\/i0.wp.com\/www.supeinnihonto.com\/wp-content\/uploads\/2024\/05\/DSC_4668-scaled.jpg?fit=1200%2C800&ssl=1&resize=1050%2C600 3x"},"classes":[]}],"jetpack_sharing_enabled":true,"_links":{"self":[{"href":"https:\/\/www.supeinnihonto.com\/fr\/wp-json\/wp\/v2\/product\/14150","targetHints":{"allow":["GET"]}}],"collection":[{"href":"https:\/\/www.supeinnihonto.com\/fr\/wp-json\/wp\/v2\/product"}],"about":[{"href":"https:\/\/www.supeinnihonto.com\/fr\/wp-json\/wp\/v2\/types\/product"}],"wp:featuredmedia":[{"embeddable":true,"href":"https:\/\/www.supeinnihonto.com\/fr\/wp-json\/wp\/v2\/media\/14151"}],"wp:attachment":[{"href":"https:\/\/www.supeinnihonto.com\/fr\/wp-json\/wp\/v2\/media?parent=14150"}],"wp:term":[{"taxonomy":"product_brand","embeddable":true,"href":"https:\/\/www.supeinnihonto.com\/fr\/wp-json\/wp\/v2\/product_brand?post=14150"},{"taxonomy":"product_cat","embeddable":true,"href":"https:\/\/www.supeinnihonto.com\/fr\/wp-json\/wp\/v2\/product_cat?post=14150"},{"taxonomy":"product_tag","embeddable":true,"href":"https:\/\/www.supeinnihonto.com\/fr\/wp-json\/wp\/v2\/product_tag?post=14150"}],"curies":[{"name":"wp","href":"https:\/\/api.w.org\/{rel}","templated":true}]}}