{"id":14142,"date":"2024-05-28T09:49:04","date_gmt":"2024-05-28T09:49:04","guid":{"rendered":"https:\/\/www.supeinnihonto.com\/product\/netsuke-shichifukujin-ivory\/"},"modified":"2025-12-26T17:15:26","modified_gmt":"2025-12-26T17:15:26","slug":"netsuke-shichifukujin-en-ivoire","status":"publish","type":"product","link":"https:\/\/www.supeinnihonto.com\/fr\/produit\/netsuke-shichifukujin-en-ivoire\/","title":{"rendered":"Netsuke Shichifukujin en ivoire"},"content":{"rendered":"<p data-start=\"175\" data-end=\"194\">Livraison gratuite.<\/p>\n<p data-start=\"196\" data-end=\"633\">Superbe netsuke repr\u00e9sentant les sept dieux de la fortune sous un cerisier avec un b\u0153uf. Travail de sculpture exceptionnel, permettant d\u2019appr\u00e9cier tous les d\u00e9tails de cette petite pi\u00e8ce. Les \u0153uvres de ce type, o\u00f9 tous les membres sont repr\u00e9sent\u00e9s, sont tr\u00e8s recherch\u00e9es et appr\u00e9ci\u00e9es par les collectionneurs, d\u2019autant plus lorsque la qualit\u00e9 de la sculpture est aussi \u00e9lev\u00e9e. P\u00e9riode Meiji, fin du XIXe si\u00e8cle. Livr\u00e9 avec document CITES.<\/p>\n<p data-start=\"635\" data-end=\"651\">4,4 x 4 x 3,8 cm<\/p>\n","protected":false},"excerpt":{"rendered":"<p>Livraison gratuite. Superbe netsuke repr\u00e9sentant les sept dieux de la fortune sous un cerisier avec un b\u0153uf. Travail de sculpture exceptionnel, permettant d\u2019appr\u00e9cier tous les d\u00e9tails de cette petite pi\u00e8ce. Les \u0153uvres de ce type, o\u00f9 tous les membres sont repr\u00e9sent\u00e9s, sont tr\u00e8s recherch\u00e9es et appr\u00e9ci\u00e9es par les collectionneurs, d\u2019autant [&hellip;]<\/p>\n","protected":false},"featured_media":14143,"template":"","meta":{"jetpack_post_was_ever_published":false},"product_brand":[],"product_cat":[545],"product_tag":[637,653,655],"class_list":{"0":"post-14142","1":"product","2":"type-product","3":"status-publish","4":"has-post-thumbnail","6":"product_cat-netsuke","7":"product_tag-ivory","8":"product_tag-netsuke","9":"product_tag-okimono","10":"product_shipping_class-light","12":"first","13":"instock","14":"featured","15":"sold-individually","16":"shipping-taxable","17":"purchasable","18":"product-type-simple"},"yoast_head":"<!-- This site is optimized with the Yoast SEO plugin v27.5 - https:\/\/yoast.com\/product\/yoast-seo-wordpress\/ -->\n<title>Netsuke Shichifukujin en ivoire - Supein Nihonto<\/title>\n<meta name=\"description\" content=\"Superbe netsuke repr\u00e9sentant les sept dieux de la fortune sous un cerisier avec un b\u0153uf. Travail de sculpture exceptionnel, r\u00e9v\u00e9lant tous les d\u00e9tails de cette petite pi\u00e8ce.\" \/>\n<meta name=\"robots\" content=\"index, follow, max-snippet:-1, max-image-preview:large, max-video-preview:-1\" \/>\n<link rel=\"canonical\" href=\"https:\/\/www.supeinnihonto.com\/fr\/produit\/netsuke-shichifukujin-en-ivoire\/\" \/>\n<meta property=\"og:locale\" content=\"fr_FR\" \/>\n<meta property=\"og:type\" content=\"article\" \/>\n<meta property=\"og:title\" content=\"Netsuke Shichifukujin en ivoire - Supein Nihonto\" \/>\n<meta property=\"og:description\" content=\"Superbe netsuke repr\u00e9sentant les sept dieux de la fortune sous un cerisier avec un b\u0153uf. Travail de sculpture exceptionnel, r\u00e9v\u00e9lant tous les d\u00e9tails de cette petite pi\u00e8ce.\" \/>\n<meta property=\"og:url\" content=\"https:\/\/www.supeinnihonto.com\/fr\/produit\/netsuke-shichifukujin-en-ivoire\/\" \/>\n<meta property=\"og:site_name\" content=\"Supein Nihonto\" \/>\n<meta property=\"article:modified_time\" content=\"2025-12-26T17:15:26+00:00\" \/>\n<meta property=\"og:image\" content=\"https:\/\/www.supeinnihonto.com\/wp-content\/uploads\/2024\/05\/DSC_4006-scaled.jpg\" \/>\n\t<meta property=\"og:image:width\" content=\"2560\" \/>\n\t<meta property=\"og:image:height\" content=\"1707\" \/>\n\t<meta property=\"og:image:type\" content=\"image\/jpeg\" \/>\n<meta name=\"twitter:card\" content=\"summary_large_image\" \/>\n<meta name=\"twitter:label1\" content=\"Dur\u00e9e de lecture estim\u00e9e\" \/>\n\t<meta name=\"twitter:data1\" content=\"1 minute\" \/>\n<script type=\"application\/ld+json\" class=\"yoast-schema-graph\">{\"@context\":\"https:\\\/\\\/schema.org\",\"@graph\":[{\"@type\":\"WebPage\",\"@id\":\"https:\\\/\\\/www.supeinnihonto.com\\\/fr\\\/produit\\\/netsuke-shichifukujin-en-ivoire\\\/\",\"url\":\"https:\\\/\\\/www.supeinnihonto.com\\\/fr\\\/produit\\\/netsuke-shichifukujin-en-ivoire\\\/\",\"name\":\"Netsuke Shichifukujin en ivoire - Supein Nihonto\",\"isPartOf\":{\"@id\":\"https:\\\/\\\/www.supeinnihonto.com\\\/fr\\\/#website\"},\"primaryImageOfPage\":{\"@id\":\"https:\\\/\\\/www.supeinnihonto.com\\\/fr\\\/produit\\\/netsuke-shichifukujin-en-ivoire\\\/#primaryimage\"},\"image\":{\"@id\":\"https:\\\/\\\/www.supeinnihonto.com\\\/fr\\\/produit\\\/netsuke-shichifukujin-en-ivoire\\\/#primaryimage\"},\"thumbnailUrl\":\"https:\\\/\\\/i0.wp.com\\\/www.supeinnihonto.com\\\/wp-content\\\/uploads\\\/2024\\\/05\\\/DSC_4006-scaled.jpg?fit=2560%2C1707&ssl=1\",\"datePublished\":\"2024-05-28T09:49:04+00:00\",\"dateModified\":\"2025-12-26T17:15:26+00:00\",\"description\":\"Superbe netsuke repr\u00e9sentant les sept dieux de la fortune sous un cerisier avec un b\u0153uf. Travail de sculpture exceptionnel, r\u00e9v\u00e9lant tous les d\u00e9tails de cette petite pi\u00e8ce.\",\"breadcrumb\":{\"@id\":\"https:\\\/\\\/www.supeinnihonto.com\\\/fr\\\/produit\\\/netsuke-shichifukujin-en-ivoire\\\/#breadcrumb\"},\"inLanguage\":\"fr-FR\",\"potentialAction\":[{\"@type\":\"ReadAction\",\"target\":[\"https:\\\/\\\/www.supeinnihonto.com\\\/fr\\\/produit\\\/netsuke-shichifukujin-en-ivoire\\\/\"]}]},{\"@type\":\"ImageObject\",\"inLanguage\":\"fr-FR\",\"@id\":\"https:\\\/\\\/www.supeinnihonto.com\\\/fr\\\/produit\\\/netsuke-shichifukujin-en-ivoire\\\/#primaryimage\",\"url\":\"https:\\\/\\\/i0.wp.com\\\/www.supeinnihonto.com\\\/wp-content\\\/uploads\\\/2024\\\/05\\\/DSC_4006-scaled.jpg?fit=2560%2C1707&ssl=1\",\"contentUrl\":\"https:\\\/\\\/i0.wp.com\\\/www.supeinnihonto.com\\\/wp-content\\\/uploads\\\/2024\\\/05\\\/DSC_4006-scaled.jpg?fit=2560%2C1707&ssl=1\",\"width\":2560,\"height\":1707,\"caption\":\"Netsuke Shichifukujin ivory\"},{\"@type\":\"BreadcrumbList\",\"@id\":\"https:\\\/\\\/www.supeinnihonto.com\\\/fr\\\/produit\\\/netsuke-shichifukujin-en-ivoire\\\/#breadcrumb\",\"itemListElement\":[{\"@type\":\"ListItem\",\"position\":1,\"name\":\"Portada\",\"item\":\"https:\\\/\\\/www.supeinnihonto.com\\\/fr\\\/\"},{\"@type\":\"ListItem\",\"position\":2,\"name\":\"Shop\",\"item\":\"https:\\\/\\\/www.supeinnihonto.com\\\/fr\\\/shop\\\/\"},{\"@type\":\"ListItem\",\"position\":3,\"name\":\"Netsuke Shichifukujin en ivoire\"}]},{\"@type\":\"WebSite\",\"@id\":\"https:\\\/\\\/www.supeinnihonto.com\\\/fr\\\/#website\",\"url\":\"https:\\\/\\\/www.supeinnihonto.com\\\/fr\\\/\",\"name\":\"Supein Nihonto\",\"description\":\"Authentic japanese Nihonto katana \",\"publisher\":{\"@id\":\"https:\\\/\\\/www.supeinnihonto.com\\\/fr\\\/#organization\"},\"potentialAction\":[{\"@type\":\"SearchAction\",\"target\":{\"@type\":\"EntryPoint\",\"urlTemplate\":\"https:\\\/\\\/www.supeinnihonto.com\\\/fr\\\/?s={search_term_string}\"},\"query-input\":{\"@type\":\"PropertyValueSpecification\",\"valueRequired\":true,\"valueName\":\"search_term_string\"}}],\"inLanguage\":\"fr-FR\"},{\"@type\":\"Organization\",\"@id\":\"https:\\\/\\\/www.supeinnihonto.com\\\/fr\\\/#organization\",\"name\":\"SupeinNihonto\",\"url\":\"https:\\\/\\\/www.supeinnihonto.com\\\/fr\\\/\",\"logo\":{\"@type\":\"ImageObject\",\"inLanguage\":\"fr-FR\",\"@id\":\"https:\\\/\\\/www.supeinnihonto.com\\\/fr\\\/#\\\/schema\\\/logo\\\/image\\\/\",\"url\":\"https:\\\/\\\/www.supeinnihonto.com\\\/wp-content\\\/uploads\\\/2021\\\/11\\\/animation_Default_3szk0jcenoloop.gif\",\"contentUrl\":\"https:\\\/\\\/www.supeinnihonto.com\\\/wp-content\\\/uploads\\\/2021\\\/11\\\/animation_Default_3szk0jcenoloop.gif\",\"width\":750,\"height\":641,\"caption\":\"SupeinNihonto\"},\"image\":{\"@id\":\"https:\\\/\\\/www.supeinnihonto.com\\\/fr\\\/#\\\/schema\\\/logo\\\/image\\\/\"}}]}<\/script>\n<!-- \/ Yoast SEO plugin. -->","yoast_head_json":{"title":"Netsuke Shichifukujin en ivoire - Supein Nihonto","description":"Superbe netsuke repr\u00e9sentant les sept dieux de la fortune sous un cerisier avec un b\u0153uf. Travail de sculpture exceptionnel, r\u00e9v\u00e9lant tous les d\u00e9tails de cette petite pi\u00e8ce.","robots":{"index":"index","follow":"follow","max-snippet":"max-snippet:-1","max-image-preview":"max-image-preview:large","max-video-preview":"max-video-preview:-1"},"canonical":"https:\/\/www.supeinnihonto.com\/fr\/produit\/netsuke-shichifukujin-en-ivoire\/","og_locale":"fr_FR","og_type":"article","og_title":"Netsuke Shichifukujin en ivoire - Supein Nihonto","og_description":"Superbe netsuke repr\u00e9sentant les sept dieux de la fortune sous un cerisier avec un b\u0153uf. Travail de sculpture exceptionnel, r\u00e9v\u00e9lant tous les d\u00e9tails de cette petite pi\u00e8ce.","og_url":"https:\/\/www.supeinnihonto.com\/fr\/produit\/netsuke-shichifukujin-en-ivoire\/","og_site_name":"Supein Nihonto","article_modified_time":"2025-12-26T17:15:26+00:00","og_image":[{"width":2560,"height":1707,"url":"https:\/\/www.supeinnihonto.com\/wp-content\/uploads\/2024\/05\/DSC_4006-scaled.jpg","type":"image\/jpeg"}],"twitter_card":"summary_large_image","twitter_misc":{"Dur\u00e9e de lecture estim\u00e9e":"1 minute"},"schema":{"@context":"https:\/\/schema.org","@graph":[{"@type":"WebPage","@id":"https:\/\/www.supeinnihonto.com\/fr\/produit\/netsuke-shichifukujin-en-ivoire\/","url":"https:\/\/www.supeinnihonto.com\/fr\/produit\/netsuke-shichifukujin-en-ivoire\/","name":"Netsuke Shichifukujin en ivoire - Supein Nihonto","isPartOf":{"@id":"https:\/\/www.supeinnihonto.com\/fr\/#website"},"primaryImageOfPage":{"@id":"https:\/\/www.supeinnihonto.com\/fr\/produit\/netsuke-shichifukujin-en-ivoire\/#primaryimage"},"image":{"@id":"https:\/\/www.supeinnihonto.com\/fr\/produit\/netsuke-shichifukujin-en-ivoire\/#primaryimage"},"thumbnailUrl":"https:\/\/i0.wp.com\/www.supeinnihonto.com\/wp-content\/uploads\/2024\/05\/DSC_4006-scaled.jpg?fit=2560%2C1707&ssl=1","datePublished":"2024-05-28T09:49:04+00:00","dateModified":"2025-12-26T17:15:26+00:00","description":"Superbe netsuke repr\u00e9sentant les sept dieux de la fortune sous un cerisier avec un b\u0153uf. Travail de sculpture exceptionnel, r\u00e9v\u00e9lant tous les d\u00e9tails de cette petite pi\u00e8ce.","breadcrumb":{"@id":"https:\/\/www.supeinnihonto.com\/fr\/produit\/netsuke-shichifukujin-en-ivoire\/#breadcrumb"},"inLanguage":"fr-FR","potentialAction":[{"@type":"ReadAction","target":["https:\/\/www.supeinnihonto.com\/fr\/produit\/netsuke-shichifukujin-en-ivoire\/"]}]},{"@type":"ImageObject","inLanguage":"fr-FR","@id":"https:\/\/www.supeinnihonto.com\/fr\/produit\/netsuke-shichifukujin-en-ivoire\/#primaryimage","url":"https:\/\/i0.wp.com\/www.supeinnihonto.com\/wp-content\/uploads\/2024\/05\/DSC_4006-scaled.jpg?fit=2560%2C1707&ssl=1","contentUrl":"https:\/\/i0.wp.com\/www.supeinnihonto.com\/wp-content\/uploads\/2024\/05\/DSC_4006-scaled.jpg?fit=2560%2C1707&ssl=1","width":2560,"height":1707,"caption":"Netsuke Shichifukujin ivory"},{"@type":"BreadcrumbList","@id":"https:\/\/www.supeinnihonto.com\/fr\/produit\/netsuke-shichifukujin-en-ivoire\/#breadcrumb","itemListElement":[{"@type":"ListItem","position":1,"name":"Portada","item":"https:\/\/www.supeinnihonto.com\/fr\/"},{"@type":"ListItem","position":2,"name":"Shop","item":"https:\/\/www.supeinnihonto.com\/fr\/shop\/"},{"@type":"ListItem","position":3,"name":"Netsuke Shichifukujin en ivoire"}]},{"@type":"WebSite","@id":"https:\/\/www.supeinnihonto.com\/fr\/#website","url":"https:\/\/www.supeinnihonto.com\/fr\/","name":"Supein Nihonto","description":"Authentic japanese Nihonto katana ","publisher":{"@id":"https:\/\/www.supeinnihonto.com\/fr\/#organization"},"potentialAction":[{"@type":"SearchAction","target":{"@type":"EntryPoint","urlTemplate":"https:\/\/www.supeinnihonto.com\/fr\/?s={search_term_string}"},"query-input":{"@type":"PropertyValueSpecification","valueRequired":true,"valueName":"search_term_string"}}],"inLanguage":"fr-FR"},{"@type":"Organization","@id":"https:\/\/www.supeinnihonto.com\/fr\/#organization","name":"SupeinNihonto","url":"https:\/\/www.supeinnihonto.com\/fr\/","logo":{"@type":"ImageObject","inLanguage":"fr-FR","@id":"https:\/\/www.supeinnihonto.com\/fr\/#\/schema\/logo\/image\/","url":"https:\/\/www.supeinnihonto.com\/wp-content\/uploads\/2021\/11\/animation_Default_3szk0jcenoloop.gif","contentUrl":"https:\/\/www.supeinnihonto.com\/wp-content\/uploads\/2021\/11\/animation_Default_3szk0jcenoloop.gif","width":750,"height":641,"caption":"SupeinNihonto"},"image":{"@id":"https:\/\/www.supeinnihonto.com\/fr\/#\/schema\/logo\/image\/"}}]}},"jetpack-related-posts":[{"id":12478,"url":"https:\/\/www.supeinnihonto.com\/fr\/produit\/netsuke-en-bois-representant-un-homme-assis-sur-une-souche\/","url_meta":{"origin":14142,"position":0},"title":"Netsuke en bois repr\u00e9sentant un homme assis sur une souche","author":"Eric Majo","date":"7 de novembre de 2024","format":false,"excerpt":"Livraison gratuite. Magnifique et tr\u00e8s d\u00e9taill\u00e9 netsuke repr\u00e9sentant un homme assis sur une souche, sign\u00e9. Incrustations d\u2019ivoire. La qualit\u00e9 de la sculpture est excellente et r\u00e9v\u00e8le de nombreux d\u00e9tails, tels que les fleurs en ivoire symbolisant le bourgeonnement de l\u2019arbre ainsi que les veines du bois, utilis\u00e9es avec finesse pour\u2026","rel":"","context":"Article similaire","block_context":{"text":"Article similaire","link":""},"img":{"alt_text":"Netsuke man on stump wood","src":"https:\/\/i0.wp.com\/www.supeinnihonto.com\/wp-content\/uploads\/2024\/11\/DSC2052-scaled.jpg?fit=1200%2C800&ssl=1&resize=350%2C200","width":350,"height":200,"srcset":"https:\/\/i0.wp.com\/www.supeinnihonto.com\/wp-content\/uploads\/2024\/11\/DSC2052-scaled.jpg?fit=1200%2C800&ssl=1&resize=350%2C200 1x, https:\/\/i0.wp.com\/www.supeinnihonto.com\/wp-content\/uploads\/2024\/11\/DSC2052-scaled.jpg?fit=1200%2C800&ssl=1&resize=525%2C300 1.5x, https:\/\/i0.wp.com\/www.supeinnihonto.com\/wp-content\/uploads\/2024\/11\/DSC2052-scaled.jpg?fit=1200%2C800&ssl=1&resize=700%2C400 2x, https:\/\/i0.wp.com\/www.supeinnihonto.com\/wp-content\/uploads\/2024\/11\/DSC2052-scaled.jpg?fit=1200%2C800&ssl=1&resize=1050%2C600 3x"},"classes":[]},{"id":14411,"url":"https:\/\/www.supeinnihonto.com\/fr\/produit\/netsuke-sennin-en-bois\/","url_meta":{"origin":14142,"position":1},"title":"Netsuke Sennin en bois","author":"Supein Nihonto","date":"27 de mai de 2024","format":false,"excerpt":"Netsuke repr\u00e9sentant un sennin dans une posture amus\u00e9e, se grattant la t\u00eate comme s\u2019il avait oubli\u00e9 quelque chose. P\u00e9riode Edo. Le terme sennin provient du folklore et de la litt\u00e9rature japonais et d\u00e9signe un immortel ou un ermite ou sage d\u2019une sagesse exceptionnelle, dot\u00e9 de capacit\u00e9s surnaturelles et d\u2019une connaissance\u2026","rel":"","context":"Article similaire","block_context":{"text":"Article similaire","link":""},"img":{"alt_text":"Netsuke sennin wood","src":"https:\/\/i0.wp.com\/www.supeinnihonto.com\/wp-content\/uploads\/2024\/05\/DSC_3915-scaled.jpg?fit=1200%2C800&ssl=1&resize=350%2C200","width":350,"height":200,"srcset":"https:\/\/i0.wp.com\/www.supeinnihonto.com\/wp-content\/uploads\/2024\/05\/DSC_3915-scaled.jpg?fit=1200%2C800&ssl=1&resize=350%2C200 1x, https:\/\/i0.wp.com\/www.supeinnihonto.com\/wp-content\/uploads\/2024\/05\/DSC_3915-scaled.jpg?fit=1200%2C800&ssl=1&resize=525%2C300 1.5x, https:\/\/i0.wp.com\/www.supeinnihonto.com\/wp-content\/uploads\/2024\/05\/DSC_3915-scaled.jpg?fit=1200%2C800&ssl=1&resize=700%2C400 2x, https:\/\/i0.wp.com\/www.supeinnihonto.com\/wp-content\/uploads\/2024\/05\/DSC_3915-scaled.jpg?fit=1200%2C800&ssl=1&resize=1050%2C600 3x"},"classes":[]},{"id":14875,"url":"https:\/\/www.supeinnihonto.com\/fr\/produit\/inro-maki-e-aux-chevaux-et-boeufs\/","url_meta":{"origin":14142,"position":2},"title":"Inro maki-e aux chevaux et b\u0153ufs","author":"Supein Nihonto","date":"9 de mai de 2024","format":false,"excerpt":"Objet : Inro maki-e aux chevaux et b\u0153ufs. Sign\u00e9 \u00ab Kajikawa Tomohide \u00bb. Superbe inro en \u00e9tat exceptionnel, r\u00e9alis\u00e9 avec une technique de maki-e remarquable, repr\u00e9sentant des chevaux sur une face et des b\u0153ufs sur l\u2019autre. La pi\u00e8ce est dans un \u00e9tat presque immacul\u00e9 et conserve tous ses \u00e9l\u00e9ments, tels\u2026","rel":"","context":"Article similaire","block_context":{"text":"Article similaire","link":""},"img":{"alt_text":"Inro Makie horses and oxen","src":"https:\/\/i0.wp.com\/www.supeinnihonto.com\/wp-content\/uploads\/2024\/05\/DSC_3581-scaled.jpg?fit=1200%2C800&ssl=1&resize=350%2C200","width":350,"height":200,"srcset":"https:\/\/i0.wp.com\/www.supeinnihonto.com\/wp-content\/uploads\/2024\/05\/DSC_3581-scaled.jpg?fit=1200%2C800&ssl=1&resize=350%2C200 1x, https:\/\/i0.wp.com\/www.supeinnihonto.com\/wp-content\/uploads\/2024\/05\/DSC_3581-scaled.jpg?fit=1200%2C800&ssl=1&resize=525%2C300 1.5x, https:\/\/i0.wp.com\/www.supeinnihonto.com\/wp-content\/uploads\/2024\/05\/DSC_3581-scaled.jpg?fit=1200%2C800&ssl=1&resize=700%2C400 2x, https:\/\/i0.wp.com\/www.supeinnihonto.com\/wp-content\/uploads\/2024\/05\/DSC_3581-scaled.jpg?fit=1200%2C800&ssl=1&resize=1050%2C600 3x"},"classes":[]},{"id":14776,"url":"https:\/\/www.supeinnihonto.com\/fr\/produit\/inro-maki-e-aux-fleurs-de-chrysantheme\/","url_meta":{"origin":14142,"position":3},"title":"Inro maki-e aux fleurs de chrysanth\u00e8me","author":"Supein Nihonto","date":"9 de mai de 2024","format":false,"excerpt":"Objet : Inro maki-e aux fleurs de chrysanth\u00e8me. Inro rare de taille miniature d\u2019une ex\u00e9cution exquise, avec de nombreux d\u00e9tails et quelques incrustations shibayama en nacre. Netsuke manju en bronze et os. Ojime en corail rouge. L\u2019inro et le netsuke sont tous deux en tr\u00e8s bon \u00e9tat, ce qui est\u2026","rel":"","context":"Article similaire","block_context":{"text":"Article similaire","link":""},"img":{"alt_text":"Inro Makie Chrisantemum flowers","src":"https:\/\/i0.wp.com\/www.supeinnihonto.com\/wp-content\/uploads\/2024\/05\/Inro-Makie-Chrisantemum-flowers.webp?fit=1200%2C800&ssl=1&resize=350%2C200","width":350,"height":200,"srcset":"https:\/\/i0.wp.com\/www.supeinnihonto.com\/wp-content\/uploads\/2024\/05\/Inro-Makie-Chrisantemum-flowers.webp?fit=1200%2C800&ssl=1&resize=350%2C200 1x, https:\/\/i0.wp.com\/www.supeinnihonto.com\/wp-content\/uploads\/2024\/05\/Inro-Makie-Chrisantemum-flowers.webp?fit=1200%2C800&ssl=1&resize=525%2C300 1.5x, https:\/\/i0.wp.com\/www.supeinnihonto.com\/wp-content\/uploads\/2024\/05\/Inro-Makie-Chrisantemum-flowers.webp?fit=1200%2C800&ssl=1&resize=700%2C400 2x, https:\/\/i0.wp.com\/www.supeinnihonto.com\/wp-content\/uploads\/2024\/05\/Inro-Makie-Chrisantemum-flowers.webp?fit=1200%2C800&ssl=1&resize=1050%2C600 3x"},"classes":[]},{"id":14787,"url":"https:\/\/www.supeinnihonto.com\/fr\/produit\/inro-en-laque-rouge-au-cheval\/","url_meta":{"origin":14142,"position":4},"title":"Inro en laque rouge au cheval","author":"Supein Nihonto","date":"9 de mai de 2024","format":false,"excerpt":"Objet : Superbe inro laqu\u00e9 \u00e0 l\u2019urushi rouge, avec une figure en maki-e sur chaque face, un cheval d\u2019un c\u00f4t\u00e9 et un b\u0153uf de l\u2019autre. Sign\u00e9 \u00ab J\u014dsen saku \u00bb \u5e38\u5ddd\u4f5c, sceau rouge : Seisan \u6e05\u4e09. Le bo\u00eetier est divis\u00e9 en cinq parties avec quatre compartiments. Il est \u00e9galement accompagn\u00e9\u2026","rel":"","context":"Article similaire","block_context":{"text":"Article similaire","link":""},"img":{"alt_text":"Inro Red lacquer horse","src":"https:\/\/i0.wp.com\/www.supeinnihonto.com\/wp-content\/uploads\/2024\/05\/DSC_3560-scaled.jpg?fit=800%2C1200&ssl=1&resize=350%2C200","width":350,"height":200,"srcset":"https:\/\/i0.wp.com\/www.supeinnihonto.com\/wp-content\/uploads\/2024\/05\/DSC_3560-scaled.jpg?fit=800%2C1200&ssl=1&resize=350%2C200 1x, https:\/\/i0.wp.com\/www.supeinnihonto.com\/wp-content\/uploads\/2024\/05\/DSC_3560-scaled.jpg?fit=800%2C1200&ssl=1&resize=525%2C300 1.5x, https:\/\/i0.wp.com\/www.supeinnihonto.com\/wp-content\/uploads\/2024\/05\/DSC_3560-scaled.jpg?fit=800%2C1200&ssl=1&resize=700%2C400 2x"},"classes":[]},{"id":12674,"url":"https:\/\/www.supeinnihonto.com\/fr\/produit\/netsuke-rat-couche-en-bois\/","url_meta":{"origin":14142,"position":5},"title":"Netsuke rat couch\u00e9 en bois","author":"Eric Majo","date":"5 de novembre de 2024","format":false,"excerpt":"Livraison gratuite. Beau netsuke repr\u00e9sentant un rat couch\u00e9 tenant de la nourriture entre les pattes avant. Sculpture charmante avec beaucoup de d\u00e9tails, yeux incrust\u00e9s en corne. 4,3 x 3,3 x 2,3 cm","rel":"","context":"Article similaire","block_context":{"text":"Article similaire","link":""},"img":{"alt_text":"Netsuke wood mice","src":"https:\/\/i0.wp.com\/www.supeinnihonto.com\/wp-content\/uploads\/2024\/11\/DSC1583-scaled.jpg?fit=1200%2C817&ssl=1&resize=350%2C200","width":350,"height":200,"srcset":"https:\/\/i0.wp.com\/www.supeinnihonto.com\/wp-content\/uploads\/2024\/11\/DSC1583-scaled.jpg?fit=1200%2C817&ssl=1&resize=350%2C200 1x, https:\/\/i0.wp.com\/www.supeinnihonto.com\/wp-content\/uploads\/2024\/11\/DSC1583-scaled.jpg?fit=1200%2C817&ssl=1&resize=525%2C300 1.5x, https:\/\/i0.wp.com\/www.supeinnihonto.com\/wp-content\/uploads\/2024\/11\/DSC1583-scaled.jpg?fit=1200%2C817&ssl=1&resize=700%2C400 2x, https:\/\/i0.wp.com\/www.supeinnihonto.com\/wp-content\/uploads\/2024\/11\/DSC1583-scaled.jpg?fit=1200%2C817&ssl=1&resize=1050%2C600 3x"},"classes":[]}],"jetpack_sharing_enabled":true,"_links":{"self":[{"href":"https:\/\/www.supeinnihonto.com\/fr\/wp-json\/wp\/v2\/product\/14142","targetHints":{"allow":["GET"]}}],"collection":[{"href":"https:\/\/www.supeinnihonto.com\/fr\/wp-json\/wp\/v2\/product"}],"about":[{"href":"https:\/\/www.supeinnihonto.com\/fr\/wp-json\/wp\/v2\/types\/product"}],"wp:featuredmedia":[{"embeddable":true,"href":"https:\/\/www.supeinnihonto.com\/fr\/wp-json\/wp\/v2\/media\/14143"}],"wp:attachment":[{"href":"https:\/\/www.supeinnihonto.com\/fr\/wp-json\/wp\/v2\/media?parent=14142"}],"wp:term":[{"taxonomy":"product_brand","embeddable":true,"href":"https:\/\/www.supeinnihonto.com\/fr\/wp-json\/wp\/v2\/product_brand?post=14142"},{"taxonomy":"product_cat","embeddable":true,"href":"https:\/\/www.supeinnihonto.com\/fr\/wp-json\/wp\/v2\/product_cat?post=14142"},{"taxonomy":"product_tag","embeddable":true,"href":"https:\/\/www.supeinnihonto.com\/fr\/wp-json\/wp\/v2\/product_tag?post=14142"}],"curies":[{"name":"wp","href":"https:\/\/api.w.org\/{rel}","templated":true}]}}