{"id":14126,"date":"2024-05-28T10:03:32","date_gmt":"2024-05-28T10:03:32","guid":{"rendered":"https:\/\/www.supeinnihonto.com\/product\/netsuke-shishi-ivory\/"},"modified":"2025-12-26T17:05:54","modified_gmt":"2025-12-26T17:05:54","slug":"netsuke-shishi-en-ivoire","status":"publish","type":"product","link":"https:\/\/www.supeinnihonto.com\/fr\/produit\/netsuke-shishi-en-ivoire\/","title":{"rendered":"Netsuke Shishi en ivoire"},"content":{"rendered":"<p data-start=\"168\" data-end=\"187\">Livraison gratuite.<\/p>\n<p data-start=\"189\" data-end=\"576\">Magnifique netsuke repr\u00e9sentant un shishi pos\u00e9 sur un rocher dans une attitude \u00e0 la fois d\u00e9fiant et ludique. Superbe pi\u00e8ce et tr\u00e8s belle qualit\u00e9 de sculpture. \u00c0 noter le travail des poils et des boucles de la queue et de la crini\u00e8re. Pr\u00e9sence d\u2019une bille en bois figurant la langue. Sign\u00e9 \u00e0 la base. P\u00e9riode Meiji, fin du XIXe si\u00e8cle. Livr\u00e9 avec certificat d\u2019expertise et document CITES.<\/p>\n<p data-start=\"578\" data-end=\"596\">6,5 x 2,5 x 2,2 cm<\/p>\n","protected":false},"excerpt":{"rendered":"<p>Livraison gratuite. Magnifique netsuke repr\u00e9sentant un shishi pos\u00e9 sur un rocher dans une attitude \u00e0 la fois d\u00e9fiant et ludique. Superbe pi\u00e8ce et tr\u00e8s belle qualit\u00e9 de sculpture. \u00c0 noter le travail des poils et des boucles de la queue et de la crini\u00e8re. Pr\u00e9sence d\u2019une bille en bois figurant [&hellip;]<\/p>\n","protected":false},"featured_media":14127,"template":"","meta":{"jetpack_post_was_ever_published":false},"product_brand":[],"product_cat":[545],"product_tag":[637,653,655],"class_list":{"0":"post-14126","1":"product","2":"type-product","3":"status-publish","4":"has-post-thumbnail","6":"product_cat-netsuke","7":"product_tag-ivory","8":"product_tag-netsuke","9":"product_tag-okimono","10":"product_shipping_class-light","12":"first","13":"instock","14":"featured","15":"sold-individually","16":"shipping-taxable","17":"purchasable","18":"product-type-simple"},"yoast_head":"<!-- This site is optimized with the Yoast SEO plugin v27.4 - https:\/\/yoast.com\/product\/yoast-seo-wordpress\/ -->\n<title>Netsuke Shishi en ivoire - Supein Nihonto<\/title>\n<meta name=\"description\" content=\"Magnifique netsuke repr\u00e9sentant un shishi pos\u00e9 sur un rocher dans une attitude \u00e0 la fois d\u00e9fiant et ludique. Superbe pi\u00e8ce et tr\u00e8s belle qualit\u00e9 de sculpture. \u00c0 noter le travail des poils et des boucles.\" \/>\n<meta name=\"robots\" content=\"index, follow, max-snippet:-1, max-image-preview:large, max-video-preview:-1\" \/>\n<link rel=\"canonical\" href=\"https:\/\/www.supeinnihonto.com\/fr\/produit\/netsuke-shishi-en-ivoire\/\" \/>\n<meta property=\"og:locale\" content=\"fr_FR\" \/>\n<meta property=\"og:type\" content=\"article\" \/>\n<meta property=\"og:title\" content=\"Netsuke Shishi en ivoire - Supein Nihonto\" \/>\n<meta property=\"og:description\" content=\"Magnifique netsuke repr\u00e9sentant un shishi pos\u00e9 sur un rocher dans une attitude \u00e0 la fois d\u00e9fiant et ludique. Superbe pi\u00e8ce et tr\u00e8s belle qualit\u00e9 de sculpture. \u00c0 noter le travail des poils et des boucles.\" \/>\n<meta property=\"og:url\" content=\"https:\/\/www.supeinnihonto.com\/fr\/produit\/netsuke-shishi-en-ivoire\/\" \/>\n<meta property=\"og:site_name\" content=\"Supein Nihonto\" \/>\n<meta property=\"article:modified_time\" content=\"2025-12-26T17:05:54+00:00\" \/>\n<meta property=\"og:image\" content=\"https:\/\/www.supeinnihonto.com\/wp-content\/uploads\/2024\/05\/DSC_4014-scaled.jpg\" \/>\n\t<meta property=\"og:image:width\" content=\"2560\" \/>\n\t<meta property=\"og:image:height\" content=\"1707\" \/>\n\t<meta property=\"og:image:type\" content=\"image\/jpeg\" \/>\n<meta name=\"twitter:card\" content=\"summary_large_image\" \/>\n<meta name=\"twitter:label1\" content=\"Dur\u00e9e de lecture estim\u00e9e\" \/>\n\t<meta name=\"twitter:data1\" content=\"1 minute\" \/>\n<script type=\"application\/ld+json\" class=\"yoast-schema-graph\">{\"@context\":\"https:\\\/\\\/schema.org\",\"@graph\":[{\"@type\":\"WebPage\",\"@id\":\"https:\\\/\\\/www.supeinnihonto.com\\\/fr\\\/produit\\\/netsuke-shishi-en-ivoire\\\/\",\"url\":\"https:\\\/\\\/www.supeinnihonto.com\\\/fr\\\/produit\\\/netsuke-shishi-en-ivoire\\\/\",\"name\":\"Netsuke Shishi en ivoire - Supein Nihonto\",\"isPartOf\":{\"@id\":\"https:\\\/\\\/www.supeinnihonto.com\\\/fr\\\/#website\"},\"primaryImageOfPage\":{\"@id\":\"https:\\\/\\\/www.supeinnihonto.com\\\/fr\\\/produit\\\/netsuke-shishi-en-ivoire\\\/#primaryimage\"},\"image\":{\"@id\":\"https:\\\/\\\/www.supeinnihonto.com\\\/fr\\\/produit\\\/netsuke-shishi-en-ivoire\\\/#primaryimage\"},\"thumbnailUrl\":\"https:\\\/\\\/i0.wp.com\\\/www.supeinnihonto.com\\\/wp-content\\\/uploads\\\/2024\\\/05\\\/DSC_4014-scaled.jpg?fit=2560%2C1707&ssl=1\",\"datePublished\":\"2024-05-28T10:03:32+00:00\",\"dateModified\":\"2025-12-26T17:05:54+00:00\",\"description\":\"Magnifique netsuke repr\u00e9sentant un shishi pos\u00e9 sur un rocher dans une attitude \u00e0 la fois d\u00e9fiant et ludique. Superbe pi\u00e8ce et tr\u00e8s belle qualit\u00e9 de sculpture. \u00c0 noter le travail des poils et des boucles.\",\"breadcrumb\":{\"@id\":\"https:\\\/\\\/www.supeinnihonto.com\\\/fr\\\/produit\\\/netsuke-shishi-en-ivoire\\\/#breadcrumb\"},\"inLanguage\":\"fr-FR\",\"potentialAction\":[{\"@type\":\"ReadAction\",\"target\":[\"https:\\\/\\\/www.supeinnihonto.com\\\/fr\\\/produit\\\/netsuke-shishi-en-ivoire\\\/\"]}]},{\"@type\":\"ImageObject\",\"inLanguage\":\"fr-FR\",\"@id\":\"https:\\\/\\\/www.supeinnihonto.com\\\/fr\\\/produit\\\/netsuke-shishi-en-ivoire\\\/#primaryimage\",\"url\":\"https:\\\/\\\/i0.wp.com\\\/www.supeinnihonto.com\\\/wp-content\\\/uploads\\\/2024\\\/05\\\/DSC_4014-scaled.jpg?fit=2560%2C1707&ssl=1\",\"contentUrl\":\"https:\\\/\\\/i0.wp.com\\\/www.supeinnihonto.com\\\/wp-content\\\/uploads\\\/2024\\\/05\\\/DSC_4014-scaled.jpg?fit=2560%2C1707&ssl=1\",\"width\":2560,\"height\":1707,\"caption\":\"Netsuke Shishi ivory\"},{\"@type\":\"BreadcrumbList\",\"@id\":\"https:\\\/\\\/www.supeinnihonto.com\\\/fr\\\/produit\\\/netsuke-shishi-en-ivoire\\\/#breadcrumb\",\"itemListElement\":[{\"@type\":\"ListItem\",\"position\":1,\"name\":\"Portada\",\"item\":\"https:\\\/\\\/www.supeinnihonto.com\\\/fr\\\/\"},{\"@type\":\"ListItem\",\"position\":2,\"name\":\"Shop\",\"item\":\"https:\\\/\\\/www.supeinnihonto.com\\\/fr\\\/shop\\\/\"},{\"@type\":\"ListItem\",\"position\":3,\"name\":\"Netsuke Shishi en ivoire\"}]},{\"@type\":\"WebSite\",\"@id\":\"https:\\\/\\\/www.supeinnihonto.com\\\/fr\\\/#website\",\"url\":\"https:\\\/\\\/www.supeinnihonto.com\\\/fr\\\/\",\"name\":\"Supein Nihonto\",\"description\":\"Authentic japanese Nihonto katana \",\"publisher\":{\"@id\":\"https:\\\/\\\/www.supeinnihonto.com\\\/fr\\\/#organization\"},\"potentialAction\":[{\"@type\":\"SearchAction\",\"target\":{\"@type\":\"EntryPoint\",\"urlTemplate\":\"https:\\\/\\\/www.supeinnihonto.com\\\/fr\\\/?s={search_term_string}\"},\"query-input\":{\"@type\":\"PropertyValueSpecification\",\"valueRequired\":true,\"valueName\":\"search_term_string\"}}],\"inLanguage\":\"fr-FR\"},{\"@type\":\"Organization\",\"@id\":\"https:\\\/\\\/www.supeinnihonto.com\\\/fr\\\/#organization\",\"name\":\"SupeinNihonto\",\"url\":\"https:\\\/\\\/www.supeinnihonto.com\\\/fr\\\/\",\"logo\":{\"@type\":\"ImageObject\",\"inLanguage\":\"fr-FR\",\"@id\":\"https:\\\/\\\/www.supeinnihonto.com\\\/fr\\\/#\\\/schema\\\/logo\\\/image\\\/\",\"url\":\"https:\\\/\\\/www.supeinnihonto.com\\\/wp-content\\\/uploads\\\/2021\\\/11\\\/animation_Default_3szk0jcenoloop.gif\",\"contentUrl\":\"https:\\\/\\\/www.supeinnihonto.com\\\/wp-content\\\/uploads\\\/2021\\\/11\\\/animation_Default_3szk0jcenoloop.gif\",\"width\":750,\"height\":641,\"caption\":\"SupeinNihonto\"},\"image\":{\"@id\":\"https:\\\/\\\/www.supeinnihonto.com\\\/fr\\\/#\\\/schema\\\/logo\\\/image\\\/\"}}]}<\/script>\n<!-- \/ Yoast SEO plugin. -->","yoast_head_json":{"title":"Netsuke Shishi en ivoire - Supein Nihonto","description":"Magnifique netsuke repr\u00e9sentant un shishi pos\u00e9 sur un rocher dans une attitude \u00e0 la fois d\u00e9fiant et ludique. Superbe pi\u00e8ce et tr\u00e8s belle qualit\u00e9 de sculpture. \u00c0 noter le travail des poils et des boucles.","robots":{"index":"index","follow":"follow","max-snippet":"max-snippet:-1","max-image-preview":"max-image-preview:large","max-video-preview":"max-video-preview:-1"},"canonical":"https:\/\/www.supeinnihonto.com\/fr\/produit\/netsuke-shishi-en-ivoire\/","og_locale":"fr_FR","og_type":"article","og_title":"Netsuke Shishi en ivoire - Supein Nihonto","og_description":"Magnifique netsuke repr\u00e9sentant un shishi pos\u00e9 sur un rocher dans une attitude \u00e0 la fois d\u00e9fiant et ludique. Superbe pi\u00e8ce et tr\u00e8s belle qualit\u00e9 de sculpture. \u00c0 noter le travail des poils et des boucles.","og_url":"https:\/\/www.supeinnihonto.com\/fr\/produit\/netsuke-shishi-en-ivoire\/","og_site_name":"Supein Nihonto","article_modified_time":"2025-12-26T17:05:54+00:00","og_image":[{"width":2560,"height":1707,"url":"https:\/\/www.supeinnihonto.com\/wp-content\/uploads\/2024\/05\/DSC_4014-scaled.jpg","type":"image\/jpeg"}],"twitter_card":"summary_large_image","twitter_misc":{"Dur\u00e9e de lecture estim\u00e9e":"1 minute"},"schema":{"@context":"https:\/\/schema.org","@graph":[{"@type":"WebPage","@id":"https:\/\/www.supeinnihonto.com\/fr\/produit\/netsuke-shishi-en-ivoire\/","url":"https:\/\/www.supeinnihonto.com\/fr\/produit\/netsuke-shishi-en-ivoire\/","name":"Netsuke Shishi en ivoire - Supein Nihonto","isPartOf":{"@id":"https:\/\/www.supeinnihonto.com\/fr\/#website"},"primaryImageOfPage":{"@id":"https:\/\/www.supeinnihonto.com\/fr\/produit\/netsuke-shishi-en-ivoire\/#primaryimage"},"image":{"@id":"https:\/\/www.supeinnihonto.com\/fr\/produit\/netsuke-shishi-en-ivoire\/#primaryimage"},"thumbnailUrl":"https:\/\/i0.wp.com\/www.supeinnihonto.com\/wp-content\/uploads\/2024\/05\/DSC_4014-scaled.jpg?fit=2560%2C1707&ssl=1","datePublished":"2024-05-28T10:03:32+00:00","dateModified":"2025-12-26T17:05:54+00:00","description":"Magnifique netsuke repr\u00e9sentant un shishi pos\u00e9 sur un rocher dans une attitude \u00e0 la fois d\u00e9fiant et ludique. Superbe pi\u00e8ce et tr\u00e8s belle qualit\u00e9 de sculpture. \u00c0 noter le travail des poils et des boucles.","breadcrumb":{"@id":"https:\/\/www.supeinnihonto.com\/fr\/produit\/netsuke-shishi-en-ivoire\/#breadcrumb"},"inLanguage":"fr-FR","potentialAction":[{"@type":"ReadAction","target":["https:\/\/www.supeinnihonto.com\/fr\/produit\/netsuke-shishi-en-ivoire\/"]}]},{"@type":"ImageObject","inLanguage":"fr-FR","@id":"https:\/\/www.supeinnihonto.com\/fr\/produit\/netsuke-shishi-en-ivoire\/#primaryimage","url":"https:\/\/i0.wp.com\/www.supeinnihonto.com\/wp-content\/uploads\/2024\/05\/DSC_4014-scaled.jpg?fit=2560%2C1707&ssl=1","contentUrl":"https:\/\/i0.wp.com\/www.supeinnihonto.com\/wp-content\/uploads\/2024\/05\/DSC_4014-scaled.jpg?fit=2560%2C1707&ssl=1","width":2560,"height":1707,"caption":"Netsuke Shishi ivory"},{"@type":"BreadcrumbList","@id":"https:\/\/www.supeinnihonto.com\/fr\/produit\/netsuke-shishi-en-ivoire\/#breadcrumb","itemListElement":[{"@type":"ListItem","position":1,"name":"Portada","item":"https:\/\/www.supeinnihonto.com\/fr\/"},{"@type":"ListItem","position":2,"name":"Shop","item":"https:\/\/www.supeinnihonto.com\/fr\/shop\/"},{"@type":"ListItem","position":3,"name":"Netsuke Shishi en ivoire"}]},{"@type":"WebSite","@id":"https:\/\/www.supeinnihonto.com\/fr\/#website","url":"https:\/\/www.supeinnihonto.com\/fr\/","name":"Supein Nihonto","description":"Authentic japanese Nihonto katana ","publisher":{"@id":"https:\/\/www.supeinnihonto.com\/fr\/#organization"},"potentialAction":[{"@type":"SearchAction","target":{"@type":"EntryPoint","urlTemplate":"https:\/\/www.supeinnihonto.com\/fr\/?s={search_term_string}"},"query-input":{"@type":"PropertyValueSpecification","valueRequired":true,"valueName":"search_term_string"}}],"inLanguage":"fr-FR"},{"@type":"Organization","@id":"https:\/\/www.supeinnihonto.com\/fr\/#organization","name":"SupeinNihonto","url":"https:\/\/www.supeinnihonto.com\/fr\/","logo":{"@type":"ImageObject","inLanguage":"fr-FR","@id":"https:\/\/www.supeinnihonto.com\/fr\/#\/schema\/logo\/image\/","url":"https:\/\/www.supeinnihonto.com\/wp-content\/uploads\/2021\/11\/animation_Default_3szk0jcenoloop.gif","contentUrl":"https:\/\/www.supeinnihonto.com\/wp-content\/uploads\/2021\/11\/animation_Default_3szk0jcenoloop.gif","width":750,"height":641,"caption":"SupeinNihonto"},"image":{"@id":"https:\/\/www.supeinnihonto.com\/fr\/#\/schema\/logo\/image\/"}}]}},"jetpack-related-posts":[{"id":14259,"url":"https:\/\/www.supeinnihonto.com\/fr\/produit\/netsuke-shishi-ii-en-bois\/","url_meta":{"origin":14126,"position":0},"title":"Netsuke Shishi II en bois","author":"Supein Nihonto","date":"27 de mai de 2024","format":false,"excerpt":"Livraison gratuite. Netsuke shishi II en bois. Beau shishi en bois de la p\u00e9riode Edo. Le shishi est un animal mythologique ressemblant \u00e0 un croisement entre un chien et un lion, symbole de protection, g\u00e9n\u00e9ralement repr\u00e9sent\u00e9 \u00e0 l\u2019entr\u00e9e des temples. Belle patine et himotoshi. Sign\u00e9. 5,2 x 4,4 x 2,5\u2026","rel":"","context":"Article similaire","block_context":{"text":"Article similaire","link":""},"img":{"alt_text":"Netsuke Shishi wood II","src":"https:\/\/i0.wp.com\/www.supeinnihonto.com\/wp-content\/uploads\/2024\/05\/DSC_3925-scaled.jpg?fit=1200%2C800&ssl=1&resize=350%2C200","width":350,"height":200,"srcset":"https:\/\/i0.wp.com\/www.supeinnihonto.com\/wp-content\/uploads\/2024\/05\/DSC_3925-scaled.jpg?fit=1200%2C800&ssl=1&resize=350%2C200 1x, https:\/\/i0.wp.com\/www.supeinnihonto.com\/wp-content\/uploads\/2024\/05\/DSC_3925-scaled.jpg?fit=1200%2C800&ssl=1&resize=525%2C300 1.5x, https:\/\/i0.wp.com\/www.supeinnihonto.com\/wp-content\/uploads\/2024\/05\/DSC_3925-scaled.jpg?fit=1200%2C800&ssl=1&resize=700%2C400 2x, https:\/\/i0.wp.com\/www.supeinnihonto.com\/wp-content\/uploads\/2024\/05\/DSC_3925-scaled.jpg?fit=1200%2C800&ssl=1&resize=1050%2C600 3x"},"classes":[]},{"id":14419,"url":"https:\/\/www.supeinnihonto.com\/fr\/produit\/netsuke-chien-shishi-en-bois\/","url_meta":{"origin":14126,"position":1},"title":"Netsuke chien Shishi en bois","author":"Supein Nihonto","date":"27 de mai de 2024","format":false,"excerpt":"Beau shishi en bois de la p\u00e9riode Edo. Le shishi est un animal mythologique ressemblant \u00e0 un croisement entre un chien et un lion, symbole de protection, g\u00e9n\u00e9ralement repr\u00e9sent\u00e9 \u00e0 l\u2019entr\u00e9e des temples. Belle patine et himotoshi. Sign\u00e9. Bille mobile \u00e0 l\u2019int\u00e9rieur de la bouche figurant la langue. 4 x\u2026","rel":"","context":"Article similaire","block_context":{"text":"Article similaire","link":""},"img":{"alt_text":"Netsuke Shishi dog wood","src":"https:\/\/i0.wp.com\/www.supeinnihonto.com\/wp-content\/uploads\/2024\/05\/DSC_3910-scaled.jpg?fit=1200%2C800&ssl=1&resize=350%2C200","width":350,"height":200,"srcset":"https:\/\/i0.wp.com\/www.supeinnihonto.com\/wp-content\/uploads\/2024\/05\/DSC_3910-scaled.jpg?fit=1200%2C800&ssl=1&resize=350%2C200 1x, https:\/\/i0.wp.com\/www.supeinnihonto.com\/wp-content\/uploads\/2024\/05\/DSC_3910-scaled.jpg?fit=1200%2C800&ssl=1&resize=525%2C300 1.5x, https:\/\/i0.wp.com\/www.supeinnihonto.com\/wp-content\/uploads\/2024\/05\/DSC_3910-scaled.jpg?fit=1200%2C800&ssl=1&resize=700%2C400 2x, https:\/\/i0.wp.com\/www.supeinnihonto.com\/wp-content\/uploads\/2024\/05\/DSC_3910-scaled.jpg?fit=1200%2C800&ssl=1&resize=1050%2C600 3x"},"classes":[]},{"id":12658,"url":"https:\/\/www.supeinnihonto.com\/fr\/produit\/netsuke-shishi-en-bois-2\/","url_meta":{"origin":14126,"position":2},"title":"Netsuke Shishi en bois","author":"Eric Majo","date":"5 de novembre de 2024","format":false,"excerpt":"Livraison gratuite. Sculpture d\u2019un shishi tenant une boule en bois dans la bouche comme jouet. P\u00e9riode Edo. Bois de qualit\u00e9 et excellent himotoshi. La pi\u00e8ce pr\u00e9sente une tr\u00e8s belle patine due \u00e0 des si\u00e8cles d\u2019utilisation, lui conf\u00e9rant une profondeur et une finition remarquables. 4,5 x 4 x 2,3 cm","rel":"","context":"Article similaire","block_context":{"text":"Article similaire","link":""},"img":{"alt_text":"Netsuke Shishi wood","src":"https:\/\/i0.wp.com\/www.supeinnihonto.com\/wp-content\/uploads\/2024\/11\/Netsuke-Shishi-wood.webp?fit=1200%2C800&ssl=1&resize=350%2C200","width":350,"height":200,"srcset":"https:\/\/i0.wp.com\/www.supeinnihonto.com\/wp-content\/uploads\/2024\/11\/Netsuke-Shishi-wood.webp?fit=1200%2C800&ssl=1&resize=350%2C200 1x, https:\/\/i0.wp.com\/www.supeinnihonto.com\/wp-content\/uploads\/2024\/11\/Netsuke-Shishi-wood.webp?fit=1200%2C800&ssl=1&resize=525%2C300 1.5x, https:\/\/i0.wp.com\/www.supeinnihonto.com\/wp-content\/uploads\/2024\/11\/Netsuke-Shishi-wood.webp?fit=1200%2C800&ssl=1&resize=700%2C400 2x, https:\/\/i0.wp.com\/www.supeinnihonto.com\/wp-content\/uploads\/2024\/11\/Netsuke-Shishi-wood.webp?fit=1200%2C800&ssl=1&resize=1050%2C600 3x"},"classes":[]},{"id":14215,"url":"https:\/\/www.supeinnihonto.com\/fr\/produit\/netsuke-shishi-iii-en-bois\/","url_meta":{"origin":14126,"position":3},"title":"Netsuke Shishi III en bois","author":"Supein Nihonto","date":"27 de mai de 2024","format":false,"excerpt":"Livraison gratuite. Superbe netsuke shishi en bois finement sculpt\u00e9. Ce netsuke est assez rare car il ne repr\u00e9sente pas le shishi classique, plus petit et trapu, mais pr\u00e9sente plut\u00f4t une forme proche du tigre ou du lion, sugg\u00e9rant peut-\u00eatre cette derni\u00e8re interpr\u00e9tation. Tr\u00e8s belle patine et large himotoshi classique permettant\u2026","rel":"","context":"Article similaire","block_context":{"text":"Article similaire","link":""},"img":{"alt_text":"Netsuke Shishi III wood","src":"https:\/\/i0.wp.com\/www.supeinnihonto.com\/wp-content\/uploads\/2024\/05\/DSC_3956-scaled.jpg?fit=1200%2C800&ssl=1&resize=350%2C200","width":350,"height":200,"srcset":"https:\/\/i0.wp.com\/www.supeinnihonto.com\/wp-content\/uploads\/2024\/05\/DSC_3956-scaled.jpg?fit=1200%2C800&ssl=1&resize=350%2C200 1x, https:\/\/i0.wp.com\/www.supeinnihonto.com\/wp-content\/uploads\/2024\/05\/DSC_3956-scaled.jpg?fit=1200%2C800&ssl=1&resize=525%2C300 1.5x, https:\/\/i0.wp.com\/www.supeinnihonto.com\/wp-content\/uploads\/2024\/05\/DSC_3956-scaled.jpg?fit=1200%2C800&ssl=1&resize=700%2C400 2x, https:\/\/i0.wp.com\/www.supeinnihonto.com\/wp-content\/uploads\/2024\/05\/DSC_3956-scaled.jpg?fit=1200%2C800&ssl=1&resize=1050%2C600 3x"},"classes":[]},{"id":14417,"url":"https:\/\/www.supeinnihonto.com\/nl\/product\/netsuke-shishi-hond-van-hout\/","url_meta":{"origin":14126,"position":4},"title":"Netsuke shishi-hond van hout","author":"Supein Nihonto","date":"27 de mai de 2024","format":false,"excerpt":"Mooie shishi van hout uit de Edo-periode. De shishi is een mythologisch dier dat lijkt op een kruising tussen een hond en een leeuw en staat symbool voor bescherming; hij wordt meestal afgebeeld bij de ingang van tempels. Mooie patina en himotoshi. Gesigneerd. Beweegbare bol in de mond die de\u2026","rel":"","context":"Article similaire","block_context":{"text":"Article similaire","link":""},"img":{"alt_text":"Netsuke Shishi dog wood","src":"https:\/\/i0.wp.com\/www.supeinnihonto.com\/wp-content\/uploads\/2024\/05\/DSC_3910-scaled.jpg?fit=1200%2C800&ssl=1&resize=350%2C200","width":350,"height":200,"srcset":"https:\/\/i0.wp.com\/www.supeinnihonto.com\/wp-content\/uploads\/2024\/05\/DSC_3910-scaled.jpg?fit=1200%2C800&ssl=1&resize=350%2C200 1x, https:\/\/i0.wp.com\/www.supeinnihonto.com\/wp-content\/uploads\/2024\/05\/DSC_3910-scaled.jpg?fit=1200%2C800&ssl=1&resize=525%2C300 1.5x, https:\/\/i0.wp.com\/www.supeinnihonto.com\/wp-content\/uploads\/2024\/05\/DSC_3910-scaled.jpg?fit=1200%2C800&ssl=1&resize=700%2C400 2x, https:\/\/i0.wp.com\/www.supeinnihonto.com\/wp-content\/uploads\/2024\/05\/DSC_3910-scaled.jpg?fit=1200%2C800&ssl=1&resize=1050%2C600 3x"},"classes":[]},{"id":14257,"url":"https:\/\/www.supeinnihonto.com\/nl\/product\/netsuke-shishi-ii-van-hout\/","url_meta":{"origin":14126,"position":5},"title":"Netsuke Shishi II van hout","author":"Supein Nihonto","date":"27 de mai de 2024","format":false,"excerpt":"Gratis verzending. Netsuke shishi II van hout. Mooie houten shishi-hond uit de Edo-periode. De shishi is een mythologisch dier dat lijkt op een kruising tussen een hond en een leeuw en staat symbool voor bescherming; hij wordt meestal afgebeeld bij de ingang van tempels. Mooie patina en himotoshi. Gesigneerd. 5,2\u2026","rel":"","context":"Article similaire","block_context":{"text":"Article similaire","link":""},"img":{"alt_text":"Netsuke Shishi wood II","src":"https:\/\/i0.wp.com\/www.supeinnihonto.com\/wp-content\/uploads\/2024\/05\/DSC_3925-scaled.jpg?fit=1200%2C800&ssl=1&resize=350%2C200","width":350,"height":200,"srcset":"https:\/\/i0.wp.com\/www.supeinnihonto.com\/wp-content\/uploads\/2024\/05\/DSC_3925-scaled.jpg?fit=1200%2C800&ssl=1&resize=350%2C200 1x, https:\/\/i0.wp.com\/www.supeinnihonto.com\/wp-content\/uploads\/2024\/05\/DSC_3925-scaled.jpg?fit=1200%2C800&ssl=1&resize=525%2C300 1.5x, https:\/\/i0.wp.com\/www.supeinnihonto.com\/wp-content\/uploads\/2024\/05\/DSC_3925-scaled.jpg?fit=1200%2C800&ssl=1&resize=700%2C400 2x, https:\/\/i0.wp.com\/www.supeinnihonto.com\/wp-content\/uploads\/2024\/05\/DSC_3925-scaled.jpg?fit=1200%2C800&ssl=1&resize=1050%2C600 3x"},"classes":[]}],"jetpack_sharing_enabled":true,"_links":{"self":[{"href":"https:\/\/www.supeinnihonto.com\/fr\/wp-json\/wp\/v2\/product\/14126","targetHints":{"allow":["GET"]}}],"collection":[{"href":"https:\/\/www.supeinnihonto.com\/fr\/wp-json\/wp\/v2\/product"}],"about":[{"href":"https:\/\/www.supeinnihonto.com\/fr\/wp-json\/wp\/v2\/types\/product"}],"wp:featuredmedia":[{"embeddable":true,"href":"https:\/\/www.supeinnihonto.com\/fr\/wp-json\/wp\/v2\/media\/14127"}],"wp:attachment":[{"href":"https:\/\/www.supeinnihonto.com\/fr\/wp-json\/wp\/v2\/media?parent=14126"}],"wp:term":[{"taxonomy":"product_brand","embeddable":true,"href":"https:\/\/www.supeinnihonto.com\/fr\/wp-json\/wp\/v2\/product_brand?post=14126"},{"taxonomy":"product_cat","embeddable":true,"href":"https:\/\/www.supeinnihonto.com\/fr\/wp-json\/wp\/v2\/product_cat?post=14126"},{"taxonomy":"product_tag","embeddable":true,"href":"https:\/\/www.supeinnihonto.com\/fr\/wp-json\/wp\/v2\/product_tag?post=14126"}],"curies":[{"name":"wp","href":"https:\/\/api.w.org\/{rel}","templated":true}]}}