{"id":13547,"date":"2024-05-31T10:11:38","date_gmt":"2024-05-31T10:11:38","guid":{"rendered":"https:\/\/www.supeinnihonto.com\/product\/menuki-horses-shakudo\/"},"modified":"2025-12-23T22:44:01","modified_gmt":"2025-12-23T22:44:01","slug":"menuki-chevaux-en-shakudo","status":"publish","type":"product","link":"https:\/\/www.supeinnihonto.com\/fr\/produit\/menuki-chevaux-en-shakudo\/","title":{"rendered":"Menuki chevaux en shakud\u014d"},"content":{"rendered":"<div><em><strong>Objet :<\/strong><\/em><\/div>\n<div><\/div>\n<div>Superbes menuki \u00e0 th\u00e8me de chevaux en shakud\u014d avec incrustations d\u2019or, pr\u00e9sentant une excellente qualit\u00e9 de fabrication et un grand souci du d\u00e9tail. En tr\u00e8s bon \u00e9tat compte tenu de leur anciennet\u00e9. P\u00e9riode Edo.<\/div>\n<div><\/div>\n<div>Menuki : 6 x 2 cm<\/div>\n<div><\/div>\n<div>Convient pour katana, tant\u014d et wakizashi.<\/div>\n<div><\/div>\n<div class=\"accordion-title active\">\n<div class=\"accordion-title active\"><strong>Qu\u2019est-ce qu\u2019un menuki ?<\/strong> <i class=\"fas fa-caret-up\"><\/i><\/div>\n<div><\/div>\n<div class=\"accordion-content active\" id=\"tab2\">\n<p>Un menuki est un petit ornement d\u00e9coratif mont\u00e9 sur la poign\u00e9e (tsuka) d\u2019un sabre japonais, tel qu\u2019un katana, un wakizashi ou un tant\u014d. Ces ornements sont g\u00e9n\u00e9ralement plac\u00e9s sous l\u2019enroulement (tsukamaki) de la poign\u00e9e et remplissent \u00e0 la fois des fonctions pratiques et esth\u00e9tiques. Sur le plan fonctionnel, les menuki offrent une meilleure prise et une stabilit\u00e9 accrue en comblant l\u2019espace entre le noyau de la poign\u00e9e et l\u2019enroulement, contribuant ainsi \u00e0 emp\u00eacher celui-ci de se d\u00e9placer pendant l\u2019utilisation. Cela am\u00e9liore le confort et le contr\u00f4le du sabre pour l\u2019utilisateur.<\/p>\n<p>D\u2019un point de vue esth\u00e9tique, les menuki sont r\u00e9alis\u00e9s avec des motifs et des dessins complexes, souvent inspir\u00e9s de la nature, de la mythologie ou de la culture japonaise. Ils peuvent \u00eatre fabriqu\u00e9s \u00e0 partir de divers mat\u00e9riaux, notamment des m\u00e9taux (comme le cuivre, le laiton ou l\u2019argent), l\u2019ivoire ou d\u2019autres mat\u00e9riaux. Les menuki sont consid\u00e9r\u00e9s comme un \u00e9l\u00e9ment essentiel de la d\u00e9coration du sabre et sont souvent assortis \u00e0 d\u2019autres garnitures telles que la tsuba (garde) et le fuchi-kashira (collier et pommeau).<\/p>\n<p>Les menuki jouent un r\u00f4le important dans l\u2019esth\u00e9tique globale des sabres japonais et sont appr\u00e9ci\u00e9s pour leur savoir-faire, leur niveau de d\u00e9tail et leur signification symbolique. Ils sont \u00e9galement utiles pour identifier le style et la provenance d\u2019un sabre ou d\u2019un artisan particulier.<\/p>\n<\/div>\n<\/div>\n","protected":false},"excerpt":{"rendered":"<p>Objet : Superbes menuki \u00e0 th\u00e8me de chevaux en shakud\u014d avec incrustations d\u2019or, pr\u00e9sentant une excellente qualit\u00e9 de fabrication et un grand souci du d\u00e9tail. En tr\u00e8s bon \u00e9tat compte tenu de leur anciennet\u00e9. P\u00e9riode Edo. Menuki : 6 x 2 cm Convient pour katana, tant\u014d et wakizashi. Qu\u2019est-ce qu\u2019un [&hellip;]<\/p>\n","protected":false},"featured_media":13549,"template":"","meta":{"jetpack_post_was_ever_published":false},"product_brand":[],"product_cat":[553,555],"product_tag":[617,646,651,434,664],"class_list":{"0":"post-13547","1":"product","2":"type-product","3":"status-publish","4":"has-post-thumbnail","6":"product_cat-fuchi-kashira","7":"product_cat-menuki","8":"product_tag-cuivre-2","9":"product_tag-menuki","10":"product_tag-menukis","11":"product_tag-shakudo","12":"product_tag-tosogu","13":"product_shipping_class-light","15":"first","16":"instock","17":"featured","18":"sold-individually","19":"shipping-taxable","20":"purchasable","21":"product-type-simple"},"yoast_head":"<!-- This site is optimized with the Yoast SEO plugin v27.4 - https:\/\/yoast.com\/product\/yoast-seo-wordpress\/ -->\n<title>Menuki chevaux en shakud\u014d - Supein Nihonto<\/title>\n<meta name=\"description\" content=\"Superbes menuki \u00e0 th\u00e8me de chevaux en shakud\u014d avec incrustations d\u2019or, mettant en valeur un excellent savoir-faire et un grand souci du d\u00e9tail. Tr\u00e8s bon \u00e9tat pour leur \u00e2ge. P\u00e9riode Edo.\" \/>\n<meta name=\"robots\" content=\"index, follow, max-snippet:-1, max-image-preview:large, max-video-preview:-1\" \/>\n<link rel=\"canonical\" href=\"https:\/\/www.supeinnihonto.com\/fr\/produit\/menuki-chevaux-en-shakudo\/\" \/>\n<meta property=\"og:locale\" content=\"fr_FR\" \/>\n<meta property=\"og:type\" content=\"article\" \/>\n<meta property=\"og:title\" content=\"Menuki chevaux en shakud\u014d - Supein Nihonto\" \/>\n<meta property=\"og:description\" content=\"Superbes menuki \u00e0 th\u00e8me de chevaux en shakud\u014d avec incrustations d\u2019or, mettant en valeur un excellent savoir-faire et un grand souci du d\u00e9tail. Tr\u00e8s bon \u00e9tat pour leur \u00e2ge. P\u00e9riode Edo.\" \/>\n<meta property=\"og:url\" content=\"https:\/\/www.supeinnihonto.com\/fr\/produit\/menuki-chevaux-en-shakudo\/\" \/>\n<meta property=\"og:site_name\" content=\"Supein Nihonto\" \/>\n<meta property=\"article:modified_time\" content=\"2025-12-23T22:44:01+00:00\" \/>\n<meta property=\"og:image\" content=\"https:\/\/www.supeinnihonto.com\/wp-content\/uploads\/2024\/05\/DSC_5403-scaled.jpg\" \/>\n\t<meta property=\"og:image:width\" content=\"2560\" \/>\n\t<meta property=\"og:image:height\" content=\"1707\" \/>\n\t<meta property=\"og:image:type\" content=\"image\/jpeg\" \/>\n<meta name=\"twitter:card\" content=\"summary_large_image\" \/>\n<meta name=\"twitter:label1\" content=\"Dur\u00e9e de lecture estim\u00e9e\" \/>\n\t<meta name=\"twitter:data1\" content=\"2 minutes\" \/>\n<script type=\"application\/ld+json\" class=\"yoast-schema-graph\">{\"@context\":\"https:\\\/\\\/schema.org\",\"@graph\":[{\"@type\":\"WebPage\",\"@id\":\"https:\\\/\\\/www.supeinnihonto.com\\\/fr\\\/produit\\\/menuki-chevaux-en-shakudo\\\/\",\"url\":\"https:\\\/\\\/www.supeinnihonto.com\\\/fr\\\/produit\\\/menuki-chevaux-en-shakudo\\\/\",\"name\":\"Menuki chevaux en shakud\u014d - Supein Nihonto\",\"isPartOf\":{\"@id\":\"https:\\\/\\\/www.supeinnihonto.com\\\/fr\\\/#website\"},\"primaryImageOfPage\":{\"@id\":\"https:\\\/\\\/www.supeinnihonto.com\\\/fr\\\/produit\\\/menuki-chevaux-en-shakudo\\\/#primaryimage\"},\"image\":{\"@id\":\"https:\\\/\\\/www.supeinnihonto.com\\\/fr\\\/produit\\\/menuki-chevaux-en-shakudo\\\/#primaryimage\"},\"thumbnailUrl\":\"https:\\\/\\\/i0.wp.com\\\/www.supeinnihonto.com\\\/wp-content\\\/uploads\\\/2024\\\/05\\\/DSC_5403-scaled.jpg?fit=2560%2C1707&ssl=1\",\"datePublished\":\"2024-05-31T10:11:38+00:00\",\"dateModified\":\"2025-12-23T22:44:01+00:00\",\"description\":\"Superbes menuki \u00e0 th\u00e8me de chevaux en shakud\u014d avec incrustations d\u2019or, mettant en valeur un excellent savoir-faire et un grand souci du d\u00e9tail. Tr\u00e8s bon \u00e9tat pour leur \u00e2ge. P\u00e9riode Edo.\",\"breadcrumb\":{\"@id\":\"https:\\\/\\\/www.supeinnihonto.com\\\/fr\\\/produit\\\/menuki-chevaux-en-shakudo\\\/#breadcrumb\"},\"inLanguage\":\"fr-FR\",\"potentialAction\":[{\"@type\":\"ReadAction\",\"target\":[\"https:\\\/\\\/www.supeinnihonto.com\\\/fr\\\/produit\\\/menuki-chevaux-en-shakudo\\\/\"]}]},{\"@type\":\"ImageObject\",\"inLanguage\":\"fr-FR\",\"@id\":\"https:\\\/\\\/www.supeinnihonto.com\\\/fr\\\/produit\\\/menuki-chevaux-en-shakudo\\\/#primaryimage\",\"url\":\"https:\\\/\\\/i0.wp.com\\\/www.supeinnihonto.com\\\/wp-content\\\/uploads\\\/2024\\\/05\\\/DSC_5403-scaled.jpg?fit=2560%2C1707&ssl=1\",\"contentUrl\":\"https:\\\/\\\/i0.wp.com\\\/www.supeinnihonto.com\\\/wp-content\\\/uploads\\\/2024\\\/05\\\/DSC_5403-scaled.jpg?fit=2560%2C1707&ssl=1\",\"width\":2560,\"height\":1707,\"caption\":\"Menuki horses shakudo\"},{\"@type\":\"BreadcrumbList\",\"@id\":\"https:\\\/\\\/www.supeinnihonto.com\\\/fr\\\/produit\\\/menuki-chevaux-en-shakudo\\\/#breadcrumb\",\"itemListElement\":[{\"@type\":\"ListItem\",\"position\":1,\"name\":\"Portada\",\"item\":\"https:\\\/\\\/www.supeinnihonto.com\\\/fr\\\/\"},{\"@type\":\"ListItem\",\"position\":2,\"name\":\"Shop\",\"item\":\"https:\\\/\\\/www.supeinnihonto.com\\\/fr\\\/shop\\\/\"},{\"@type\":\"ListItem\",\"position\":3,\"name\":\"Menuki chevaux en shakud\u014d\"}]},{\"@type\":\"WebSite\",\"@id\":\"https:\\\/\\\/www.supeinnihonto.com\\\/fr\\\/#website\",\"url\":\"https:\\\/\\\/www.supeinnihonto.com\\\/fr\\\/\",\"name\":\"Supein Nihonto\",\"description\":\"Authentic japanese Nihonto katana \",\"publisher\":{\"@id\":\"https:\\\/\\\/www.supeinnihonto.com\\\/fr\\\/#organization\"},\"potentialAction\":[{\"@type\":\"SearchAction\",\"target\":{\"@type\":\"EntryPoint\",\"urlTemplate\":\"https:\\\/\\\/www.supeinnihonto.com\\\/fr\\\/?s={search_term_string}\"},\"query-input\":{\"@type\":\"PropertyValueSpecification\",\"valueRequired\":true,\"valueName\":\"search_term_string\"}}],\"inLanguage\":\"fr-FR\"},{\"@type\":\"Organization\",\"@id\":\"https:\\\/\\\/www.supeinnihonto.com\\\/fr\\\/#organization\",\"name\":\"SupeinNihonto\",\"url\":\"https:\\\/\\\/www.supeinnihonto.com\\\/fr\\\/\",\"logo\":{\"@type\":\"ImageObject\",\"inLanguage\":\"fr-FR\",\"@id\":\"https:\\\/\\\/www.supeinnihonto.com\\\/fr\\\/#\\\/schema\\\/logo\\\/image\\\/\",\"url\":\"https:\\\/\\\/www.supeinnihonto.com\\\/wp-content\\\/uploads\\\/2021\\\/11\\\/animation_Default_3szk0jcenoloop.gif\",\"contentUrl\":\"https:\\\/\\\/www.supeinnihonto.com\\\/wp-content\\\/uploads\\\/2021\\\/11\\\/animation_Default_3szk0jcenoloop.gif\",\"width\":750,\"height\":641,\"caption\":\"SupeinNihonto\"},\"image\":{\"@id\":\"https:\\\/\\\/www.supeinnihonto.com\\\/fr\\\/#\\\/schema\\\/logo\\\/image\\\/\"}}]}<\/script>\n<!-- \/ Yoast SEO plugin. -->","yoast_head_json":{"title":"Menuki chevaux en shakud\u014d - Supein Nihonto","description":"Superbes menuki \u00e0 th\u00e8me de chevaux en shakud\u014d avec incrustations d\u2019or, mettant en valeur un excellent savoir-faire et un grand souci du d\u00e9tail. Tr\u00e8s bon \u00e9tat pour leur \u00e2ge. P\u00e9riode Edo.","robots":{"index":"index","follow":"follow","max-snippet":"max-snippet:-1","max-image-preview":"max-image-preview:large","max-video-preview":"max-video-preview:-1"},"canonical":"https:\/\/www.supeinnihonto.com\/fr\/produit\/menuki-chevaux-en-shakudo\/","og_locale":"fr_FR","og_type":"article","og_title":"Menuki chevaux en shakud\u014d - Supein Nihonto","og_description":"Superbes menuki \u00e0 th\u00e8me de chevaux en shakud\u014d avec incrustations d\u2019or, mettant en valeur un excellent savoir-faire et un grand souci du d\u00e9tail. Tr\u00e8s bon \u00e9tat pour leur \u00e2ge. P\u00e9riode Edo.","og_url":"https:\/\/www.supeinnihonto.com\/fr\/produit\/menuki-chevaux-en-shakudo\/","og_site_name":"Supein Nihonto","article_modified_time":"2025-12-23T22:44:01+00:00","og_image":[{"width":2560,"height":1707,"url":"https:\/\/www.supeinnihonto.com\/wp-content\/uploads\/2024\/05\/DSC_5403-scaled.jpg","type":"image\/jpeg"}],"twitter_card":"summary_large_image","twitter_misc":{"Dur\u00e9e de lecture estim\u00e9e":"2 minutes"},"schema":{"@context":"https:\/\/schema.org","@graph":[{"@type":"WebPage","@id":"https:\/\/www.supeinnihonto.com\/fr\/produit\/menuki-chevaux-en-shakudo\/","url":"https:\/\/www.supeinnihonto.com\/fr\/produit\/menuki-chevaux-en-shakudo\/","name":"Menuki chevaux en shakud\u014d - Supein Nihonto","isPartOf":{"@id":"https:\/\/www.supeinnihonto.com\/fr\/#website"},"primaryImageOfPage":{"@id":"https:\/\/www.supeinnihonto.com\/fr\/produit\/menuki-chevaux-en-shakudo\/#primaryimage"},"image":{"@id":"https:\/\/www.supeinnihonto.com\/fr\/produit\/menuki-chevaux-en-shakudo\/#primaryimage"},"thumbnailUrl":"https:\/\/i0.wp.com\/www.supeinnihonto.com\/wp-content\/uploads\/2024\/05\/DSC_5403-scaled.jpg?fit=2560%2C1707&ssl=1","datePublished":"2024-05-31T10:11:38+00:00","dateModified":"2025-12-23T22:44:01+00:00","description":"Superbes menuki \u00e0 th\u00e8me de chevaux en shakud\u014d avec incrustations d\u2019or, mettant en valeur un excellent savoir-faire et un grand souci du d\u00e9tail. Tr\u00e8s bon \u00e9tat pour leur \u00e2ge. P\u00e9riode Edo.","breadcrumb":{"@id":"https:\/\/www.supeinnihonto.com\/fr\/produit\/menuki-chevaux-en-shakudo\/#breadcrumb"},"inLanguage":"fr-FR","potentialAction":[{"@type":"ReadAction","target":["https:\/\/www.supeinnihonto.com\/fr\/produit\/menuki-chevaux-en-shakudo\/"]}]},{"@type":"ImageObject","inLanguage":"fr-FR","@id":"https:\/\/www.supeinnihonto.com\/fr\/produit\/menuki-chevaux-en-shakudo\/#primaryimage","url":"https:\/\/i0.wp.com\/www.supeinnihonto.com\/wp-content\/uploads\/2024\/05\/DSC_5403-scaled.jpg?fit=2560%2C1707&ssl=1","contentUrl":"https:\/\/i0.wp.com\/www.supeinnihonto.com\/wp-content\/uploads\/2024\/05\/DSC_5403-scaled.jpg?fit=2560%2C1707&ssl=1","width":2560,"height":1707,"caption":"Menuki horses shakudo"},{"@type":"BreadcrumbList","@id":"https:\/\/www.supeinnihonto.com\/fr\/produit\/menuki-chevaux-en-shakudo\/#breadcrumb","itemListElement":[{"@type":"ListItem","position":1,"name":"Portada","item":"https:\/\/www.supeinnihonto.com\/fr\/"},{"@type":"ListItem","position":2,"name":"Shop","item":"https:\/\/www.supeinnihonto.com\/fr\/shop\/"},{"@type":"ListItem","position":3,"name":"Menuki chevaux en shakud\u014d"}]},{"@type":"WebSite","@id":"https:\/\/www.supeinnihonto.com\/fr\/#website","url":"https:\/\/www.supeinnihonto.com\/fr\/","name":"Supein Nihonto","description":"Authentic japanese Nihonto katana ","publisher":{"@id":"https:\/\/www.supeinnihonto.com\/fr\/#organization"},"potentialAction":[{"@type":"SearchAction","target":{"@type":"EntryPoint","urlTemplate":"https:\/\/www.supeinnihonto.com\/fr\/?s={search_term_string}"},"query-input":{"@type":"PropertyValueSpecification","valueRequired":true,"valueName":"search_term_string"}}],"inLanguage":"fr-FR"},{"@type":"Organization","@id":"https:\/\/www.supeinnihonto.com\/fr\/#organization","name":"SupeinNihonto","url":"https:\/\/www.supeinnihonto.com\/fr\/","logo":{"@type":"ImageObject","inLanguage":"fr-FR","@id":"https:\/\/www.supeinnihonto.com\/fr\/#\/schema\/logo\/image\/","url":"https:\/\/www.supeinnihonto.com\/wp-content\/uploads\/2021\/11\/animation_Default_3szk0jcenoloop.gif","contentUrl":"https:\/\/www.supeinnihonto.com\/wp-content\/uploads\/2021\/11\/animation_Default_3szk0jcenoloop.gif","width":750,"height":641,"caption":"SupeinNihonto"},"image":{"@id":"https:\/\/www.supeinnihonto.com\/fr\/#\/schema\/logo\/image\/"}}]}},"jetpack-related-posts":[{"id":14647,"url":"https:\/\/www.supeinnihonto.com\/fr\/produit\/fuchi-kashira-en-shakudo-aux-chevaux\/","url_meta":{"origin":13547,"position":0},"title":"Fuchi Kashira en shakud\u014d aux chevaux","author":"Supein Nihonto","date":"13 de mai de 2024","format":false,"excerpt":"Objet : Fuchi Kashira en shakud\u014d aux chevaux. Superbe paire de fuchi kashira, tr\u00e8s finement sculpt\u00e9e et riche en d\u00e9tails. R\u00e9alis\u00e9e en shakud\u014d, incrust\u00e9e de chevaux et de palefreniers dans une for\u00eat de pins, sign\u00e9e Soheishi Kitagawa Ny\u016bd\u014d S\u014dten sei. \u00c9cole S\u014dten. Tr\u00e8s bien conserv\u00e9e au fil des si\u00e8cles. P\u00e9riode\u2026","rel":"","context":"Article similaire","block_context":{"text":"Article similaire","link":""},"img":{"alt_text":"Fuchi Kashira shakudo Battle","src":"https:\/\/i0.wp.com\/www.supeinnihonto.com\/wp-content\/uploads\/2024\/05\/DSC_3892-scaled.jpg?fit=1200%2C800&ssl=1&resize=350%2C200","width":350,"height":200,"srcset":"https:\/\/i0.wp.com\/www.supeinnihonto.com\/wp-content\/uploads\/2024\/05\/DSC_3892-scaled.jpg?fit=1200%2C800&ssl=1&resize=350%2C200 1x, https:\/\/i0.wp.com\/www.supeinnihonto.com\/wp-content\/uploads\/2024\/05\/DSC_3892-scaled.jpg?fit=1200%2C800&ssl=1&resize=525%2C300 1.5x, https:\/\/i0.wp.com\/www.supeinnihonto.com\/wp-content\/uploads\/2024\/05\/DSC_3892-scaled.jpg?fit=1200%2C800&ssl=1&resize=700%2C400 2x, https:\/\/i0.wp.com\/www.supeinnihonto.com\/wp-content\/uploads\/2024\/05\/DSC_3892-scaled.jpg?fit=1200%2C800&ssl=1&resize=1050%2C600 3x"},"classes":[]},{"id":14603,"url":"https:\/\/www.supeinnihonto.com\/fr\/produit\/fuchi-kashira-en-shakudo-scene-de-charpentiers\/","url_meta":{"origin":13547,"position":1},"title":"Fuchi Kashira en shakud\u014d, sc\u00e8ne de charpentiers","author":"Supein Nihonto","date":"13 de mai de 2024","format":false,"excerpt":"Objet : Fuchi Kashira shakud\u014d \u00e0 d\u00e9cor de charpentiers. Shakud\u014d et or, avec un guerrier chinois mont\u00e9 repr\u00e9sent\u00e9 sur le kashira et des charpentiers travaillant sur une grande poutre en bois sur le fuchi. Relief \u00e9pais. P\u00e9riode Edo. Fuchi : 3,9 x 2,5 cm Kashira : 3,6 x 2 cm\u2026","rel":"","context":"Article similaire","block_context":{"text":"Article similaire","link":""},"img":{"alt_text":"Fuchi Kashira shakudo carpenters","src":"https:\/\/i0.wp.com\/www.supeinnihonto.com\/wp-content\/uploads\/2024\/05\/Fuchi-Kashira-shakudo-carpenters.webp?fit=1200%2C800&ssl=1&resize=350%2C200","width":350,"height":200,"srcset":"https:\/\/i0.wp.com\/www.supeinnihonto.com\/wp-content\/uploads\/2024\/05\/Fuchi-Kashira-shakudo-carpenters.webp?fit=1200%2C800&ssl=1&resize=350%2C200 1x, https:\/\/i0.wp.com\/www.supeinnihonto.com\/wp-content\/uploads\/2024\/05\/Fuchi-Kashira-shakudo-carpenters.webp?fit=1200%2C800&ssl=1&resize=525%2C300 1.5x, https:\/\/i0.wp.com\/www.supeinnihonto.com\/wp-content\/uploads\/2024\/05\/Fuchi-Kashira-shakudo-carpenters.webp?fit=1200%2C800&ssl=1&resize=700%2C400 2x, https:\/\/i0.wp.com\/www.supeinnihonto.com\/wp-content\/uploads\/2024\/05\/Fuchi-Kashira-shakudo-carpenters.webp?fit=1200%2C800&ssl=1&resize=1050%2C600 3x"},"classes":[]},{"id":14623,"url":"https:\/\/www.supeinnihonto.com\/fr\/produit\/fuchi-kashira-en-shakudo-au-motif-dhirondelle\/","url_meta":{"origin":13547,"position":2},"title":"Fuchi kashira en shakud\u014d au motif d\u2019hirondelle","author":"Supein Nihonto","date":"13 de mai de 2024","format":false,"excerpt":"Objet : Fuchi kashira en shakud\u014d au motif d\u2019hirondelle. R\u00e9alis\u00e9 en shibuichi, cuivre, shakud\u014d et or, repr\u00e9sentant des f\u00eatards sur une barque sous un saule et une hirondelle, sign\u00e9 Tsunenao avec un kao. P\u00e9riode Edo. Fuchi : 3,5 x 2,1 cm Kashira : 3,0 x 1,7 cm Convient pour wakizashi\u2026","rel":"","context":"Article similaire","block_context":{"text":"Article similaire","link":""},"img":{"alt_text":"Fuchi kashira shakudo swallow","src":"https:\/\/i0.wp.com\/www.supeinnihonto.com\/wp-content\/uploads\/2024\/05\/DSC_3878-scaled.jpg?fit=1200%2C800&ssl=1&resize=350%2C200","width":350,"height":200,"srcset":"https:\/\/i0.wp.com\/www.supeinnihonto.com\/wp-content\/uploads\/2024\/05\/DSC_3878-scaled.jpg?fit=1200%2C800&ssl=1&resize=350%2C200 1x, https:\/\/i0.wp.com\/www.supeinnihonto.com\/wp-content\/uploads\/2024\/05\/DSC_3878-scaled.jpg?fit=1200%2C800&ssl=1&resize=525%2C300 1.5x, https:\/\/i0.wp.com\/www.supeinnihonto.com\/wp-content\/uploads\/2024\/05\/DSC_3878-scaled.jpg?fit=1200%2C800&ssl=1&resize=700%2C400 2x, https:\/\/i0.wp.com\/www.supeinnihonto.com\/wp-content\/uploads\/2024\/05\/DSC_3878-scaled.jpg?fit=1200%2C800&ssl=1&resize=1050%2C600 3x"},"classes":[]},{"id":14495,"url":"https:\/\/www.supeinnihonto.com\/fr\/produit\/fuchi-kashira-en-shakudo-avec-oiseaux-et-arbre\/","url_meta":{"origin":13547,"position":3},"title":"Fuchi-kashira en shakud\u014d avec oiseaux et arbre","author":"Supein Nihonto","date":"14 de mai de 2024","format":false,"excerpt":"Objet : Nanako en shakud\u014d cisel\u00e9 en relief et incrust\u00e9 d\u2019or et d\u2019autres m\u00e9taux. Cisel\u00e9 en relief avec un oiseau, un arbre et une rivi\u00e8re, sign\u00e9 Nara Shigemitsu avec un kao (Haynes 08348). P\u00e9riode Edo. Fuchi : 3,9 x 2,5 cm Kashira : 3,5 x 2 cm Convient pour katana\u2026","rel":"","context":"Article similaire","block_context":{"text":"Article similaire","link":""},"img":{"alt_text":"fuchi Kashira shakudo birds and three","src":"https:\/\/i0.wp.com\/www.supeinnihonto.com\/wp-content\/uploads\/2024\/05\/DSC_3815-scaled.jpg?fit=1200%2C800&ssl=1&resize=350%2C200","width":350,"height":200,"srcset":"https:\/\/i0.wp.com\/www.supeinnihonto.com\/wp-content\/uploads\/2024\/05\/DSC_3815-scaled.jpg?fit=1200%2C800&ssl=1&resize=350%2C200 1x, https:\/\/i0.wp.com\/www.supeinnihonto.com\/wp-content\/uploads\/2024\/05\/DSC_3815-scaled.jpg?fit=1200%2C800&ssl=1&resize=525%2C300 1.5x, https:\/\/i0.wp.com\/www.supeinnihonto.com\/wp-content\/uploads\/2024\/05\/DSC_3815-scaled.jpg?fit=1200%2C800&ssl=1&resize=700%2C400 2x, https:\/\/i0.wp.com\/www.supeinnihonto.com\/wp-content\/uploads\/2024\/05\/DSC_3815-scaled.jpg?fit=1200%2C800&ssl=1&resize=1050%2C600 3x"},"classes":[]},{"id":14479,"url":"https:\/\/www.supeinnihonto.com\/fr\/produit\/fuchi-kashira-en-shakudo-riviere-uji\/","url_meta":{"origin":13547,"position":4},"title":"Fuchi-kashira en shakud\u014d, rivi\u00e8re Uji","author":"Supein Nihonto","date":"14 de mai de 2024","format":false,"excerpt":"Objet : Fuchi-kashira en shakud\u014d, rivi\u00e8re Uji. Nanako en shakud\u014d cisel\u00e9 en relief et incrust\u00e9 d\u2019or ainsi que d\u2019autres m\u00e9taux et alliages. Sc\u00e8ne historique repr\u00e9sentant Genta Kagesue et Sasaki Takatsuna traversant la rivi\u00e8re Uji \u00e0 la course. Relief remarquable. P\u00e9riode Edo. Fuchi : 4 x 2,4 cm Kashira : 3,5\u2026","rel":"","context":"Article similaire","block_context":{"text":"Article similaire","link":""},"img":{"alt_text":"Fuchi kashira shakudo uji river","src":"https:\/\/i0.wp.com\/www.supeinnihonto.com\/wp-content\/uploads\/2024\/05\/DSC_3839-scaled.jpg?fit=1200%2C800&ssl=1&resize=350%2C200","width":350,"height":200,"srcset":"https:\/\/i0.wp.com\/www.supeinnihonto.com\/wp-content\/uploads\/2024\/05\/DSC_3839-scaled.jpg?fit=1200%2C800&ssl=1&resize=350%2C200 1x, https:\/\/i0.wp.com\/www.supeinnihonto.com\/wp-content\/uploads\/2024\/05\/DSC_3839-scaled.jpg?fit=1200%2C800&ssl=1&resize=525%2C300 1.5x, https:\/\/i0.wp.com\/www.supeinnihonto.com\/wp-content\/uploads\/2024\/05\/DSC_3839-scaled.jpg?fit=1200%2C800&ssl=1&resize=700%2C400 2x, https:\/\/i0.wp.com\/www.supeinnihonto.com\/wp-content\/uploads\/2024\/05\/DSC_3839-scaled.jpg?fit=1200%2C800&ssl=1&resize=1050%2C600 3x"},"classes":[]},{"id":14631,"url":"https:\/\/www.supeinnihonto.com\/fr\/produit\/fuchi-kashira-en-shakudo-au-motif-du-boeuf\/","url_meta":{"origin":13547,"position":5},"title":"Fuchi kashira en shakud\u014d au motif du b\u0153uf","author":"Supein Nihonto","date":"13 de mai de 2024","format":false,"excerpt":"Objet : Fuchi kashira en shakud\u014d au motif du b\u0153uf. Fuchi Kashira en shakud\u014d repr\u00e9sentant un jeune gardien de b\u00e9tail Kengy\u016b (chinois : Qianniu) menant un b\u0153uf parmi les nuages, sign\u00e9 Asami Hoky\u016b (Haynes 1613, le nom de famille y \u00e9tant erron\u00e9ment lu comme Asagai) avec un kao. Pi\u00e8ce tr\u00e8s\u2026","rel":"","context":"Article similaire","block_context":{"text":"Article similaire","link":""},"img":{"alt_text":"Fuchi kashira shakudo ox","src":"https:\/\/i0.wp.com\/www.supeinnihonto.com\/wp-content\/uploads\/2024\/05\/DSC_3882-scaled.jpg?fit=1200%2C800&ssl=1&resize=350%2C200","width":350,"height":200,"srcset":"https:\/\/i0.wp.com\/www.supeinnihonto.com\/wp-content\/uploads\/2024\/05\/DSC_3882-scaled.jpg?fit=1200%2C800&ssl=1&resize=350%2C200 1x, https:\/\/i0.wp.com\/www.supeinnihonto.com\/wp-content\/uploads\/2024\/05\/DSC_3882-scaled.jpg?fit=1200%2C800&ssl=1&resize=525%2C300 1.5x, https:\/\/i0.wp.com\/www.supeinnihonto.com\/wp-content\/uploads\/2024\/05\/DSC_3882-scaled.jpg?fit=1200%2C800&ssl=1&resize=700%2C400 2x, https:\/\/i0.wp.com\/www.supeinnihonto.com\/wp-content\/uploads\/2024\/05\/DSC_3882-scaled.jpg?fit=1200%2C800&ssl=1&resize=1050%2C600 3x"},"classes":[]}],"jetpack_sharing_enabled":true,"_links":{"self":[{"href":"https:\/\/www.supeinnihonto.com\/fr\/wp-json\/wp\/v2\/product\/13547","targetHints":{"allow":["GET"]}}],"collection":[{"href":"https:\/\/www.supeinnihonto.com\/fr\/wp-json\/wp\/v2\/product"}],"about":[{"href":"https:\/\/www.supeinnihonto.com\/fr\/wp-json\/wp\/v2\/types\/product"}],"wp:featuredmedia":[{"embeddable":true,"href":"https:\/\/www.supeinnihonto.com\/fr\/wp-json\/wp\/v2\/media\/13549"}],"wp:attachment":[{"href":"https:\/\/www.supeinnihonto.com\/fr\/wp-json\/wp\/v2\/media?parent=13547"}],"wp:term":[{"taxonomy":"product_brand","embeddable":true,"href":"https:\/\/www.supeinnihonto.com\/fr\/wp-json\/wp\/v2\/product_brand?post=13547"},{"taxonomy":"product_cat","embeddable":true,"href":"https:\/\/www.supeinnihonto.com\/fr\/wp-json\/wp\/v2\/product_cat?post=13547"},{"taxonomy":"product_tag","embeddable":true,"href":"https:\/\/www.supeinnihonto.com\/fr\/wp-json\/wp\/v2\/product_tag?post=13547"}],"curies":[{"name":"wp","href":"https:\/\/api.w.org\/{rel}","templated":true}]}}