{"id":13527,"date":"2024-05-30T14:45:44","date_gmt":"2024-05-30T14:45:44","guid":{"rendered":"https:\/\/www.supeinnihonto.com\/product\/okimono-ashinaga-tenaga-ivory\/"},"modified":"2025-12-23T22:57:38","modified_gmt":"2025-12-23T22:57:38","slug":"okimono-ashinaga-tenaga-en-ivoire","status":"publish","type":"product","link":"https:\/\/www.supeinnihonto.com\/fr\/produit\/okimono-ashinaga-tenaga-en-ivoire\/","title":{"rendered":"Okimono Ashinaga Tenaga en ivoire"},"content":{"rendered":"<p data-start=\"215\" data-end=\"234\">Livraison gratuite.<\/p>\n<p data-start=\"236\" data-end=\"736\">Magnifique et remarquable okimono repr\u00e9sentant Ashinaga et Tenaga, deux personnages classiques du folklore japonais. Dans leurs aventures, l\u2019un poss\u00e8de de tr\u00e8s longues jambes tandis que l\u2019autre a de tr\u00e8s longs bras, formant une \u00e9quipe et s\u2019entraidant mutuellement. Dans ce superbe okimono, ils p\u00eachent des crabes. Une pi\u00e8ce exceptionnelle avec une sculpture remarquable et des d\u00e9tails fabuleux. Sign\u00e9 \u00e0 la base par l\u2019auteur avec un sceau rouge. P\u00e9riode Meiji. Livr\u00e9 avec certificat et document CITES.<\/p>\n<p data-start=\"738\" data-end=\"755\">33,5 x 6,5 x 6 cm<\/p>\n","protected":false},"excerpt":{"rendered":"<p>Livraison gratuite. Magnifique et remarquable okimono repr\u00e9sentant Ashinaga et Tenaga, deux personnages classiques du folklore japonais. Dans leurs aventures, l\u2019un poss\u00e8de de tr\u00e8s longues jambes tandis que l\u2019autre a de tr\u00e8s longs bras, formant une \u00e9quipe et s\u2019entraidant mutuellement. Dans ce superbe okimono, ils p\u00eachent des crabes. Une pi\u00e8ce exceptionnelle [&hellip;]<\/p>\n","protected":false},"featured_media":38915,"template":"","meta":{"jetpack_post_was_ever_published":false},"product_brand":[],"product_cat":[545],"product_tag":[637,653,655],"class_list":{"0":"post-13527","1":"product","2":"type-product","3":"status-publish","4":"has-post-thumbnail","6":"product_cat-netsuke","7":"product_tag-ivory","8":"product_tag-netsuke","9":"product_tag-okimono","10":"product_shipping_class-light","12":"first","13":"instock","14":"featured","15":"sold-individually","16":"shipping-taxable","17":"purchasable","18":"product-type-simple"},"yoast_head":"<!-- This site is optimized with the Yoast SEO plugin v27.4 - https:\/\/yoast.com\/product\/yoast-seo-wordpress\/ -->\n<title>Okimono Ashinaga Tenaga en ivoire - Supein Nihonto<\/title>\n<meta name=\"description\" content=\"Magnifique et remarquable okimono repr\u00e9sentant Ashinaga et Tenaga, deux personnages classiques du folklore japonais. Une pi\u00e8ce exceptionnelle avec une sculpture remarquable et des d\u00e9tails fabuleux.\" \/>\n<meta name=\"robots\" content=\"index, follow, max-snippet:-1, max-image-preview:large, max-video-preview:-1\" \/>\n<link rel=\"canonical\" href=\"https:\/\/www.supeinnihonto.com\/fr\/produit\/okimono-ashinaga-tenaga-en-ivoire\/\" \/>\n<meta property=\"og:locale\" content=\"fr_FR\" \/>\n<meta property=\"og:type\" content=\"article\" \/>\n<meta property=\"og:title\" content=\"Okimono Ashinaga Tenaga en ivoire - Supein Nihonto\" \/>\n<meta property=\"og:description\" content=\"Magnifique et remarquable okimono repr\u00e9sentant Ashinaga et Tenaga, deux personnages classiques du folklore japonais. Une pi\u00e8ce exceptionnelle avec une sculpture remarquable et des d\u00e9tails fabuleux.\" \/>\n<meta property=\"og:url\" content=\"https:\/\/www.supeinnihonto.com\/fr\/produit\/okimono-ashinaga-tenaga-en-ivoire\/\" \/>\n<meta property=\"og:site_name\" content=\"Supein Nihonto\" \/>\n<meta property=\"article:modified_time\" content=\"2025-12-23T22:57:38+00:00\" \/>\n<meta property=\"og:image\" content=\"https:\/\/www.supeinnihonto.com\/wp-content\/uploads\/2024\/05\/DSC_5376-scaled.jpg\" \/>\n\t<meta property=\"og:image:width\" content=\"1707\" \/>\n\t<meta property=\"og:image:height\" content=\"2560\" \/>\n\t<meta property=\"og:image:type\" content=\"image\/jpeg\" \/>\n<meta name=\"twitter:card\" content=\"summary_large_image\" \/>\n<meta name=\"twitter:label1\" content=\"Dur\u00e9e de lecture estim\u00e9e\" \/>\n\t<meta name=\"twitter:data1\" content=\"1 minute\" \/>\n<script type=\"application\/ld+json\" class=\"yoast-schema-graph\">{\"@context\":\"https:\\\/\\\/schema.org\",\"@graph\":[{\"@type\":\"WebPage\",\"@id\":\"https:\\\/\\\/www.supeinnihonto.com\\\/fr\\\/produit\\\/okimono-ashinaga-tenaga-en-ivoire\\\/\",\"url\":\"https:\\\/\\\/www.supeinnihonto.com\\\/fr\\\/produit\\\/okimono-ashinaga-tenaga-en-ivoire\\\/\",\"name\":\"Okimono Ashinaga Tenaga en ivoire - Supein Nihonto\",\"isPartOf\":{\"@id\":\"https:\\\/\\\/www.supeinnihonto.com\\\/fr\\\/#website\"},\"primaryImageOfPage\":{\"@id\":\"https:\\\/\\\/www.supeinnihonto.com\\\/fr\\\/produit\\\/okimono-ashinaga-tenaga-en-ivoire\\\/#primaryimage\"},\"image\":{\"@id\":\"https:\\\/\\\/www.supeinnihonto.com\\\/fr\\\/produit\\\/okimono-ashinaga-tenaga-en-ivoire\\\/#primaryimage\"},\"thumbnailUrl\":\"https:\\\/\\\/i0.wp.com\\\/www.supeinnihonto.com\\\/wp-content\\\/uploads\\\/2024\\\/05\\\/Okimono-Ashinaga-Tenaga-ivory.webp?fit=1707%2C2560&ssl=1\",\"datePublished\":\"2024-05-30T14:45:44+00:00\",\"dateModified\":\"2025-12-23T22:57:38+00:00\",\"description\":\"Magnifique et remarquable okimono repr\u00e9sentant Ashinaga et Tenaga, deux personnages classiques du folklore japonais. Une pi\u00e8ce exceptionnelle avec une sculpture remarquable et des d\u00e9tails fabuleux.\",\"breadcrumb\":{\"@id\":\"https:\\\/\\\/www.supeinnihonto.com\\\/fr\\\/produit\\\/okimono-ashinaga-tenaga-en-ivoire\\\/#breadcrumb\"},\"inLanguage\":\"fr-FR\",\"potentialAction\":[{\"@type\":\"ReadAction\",\"target\":[\"https:\\\/\\\/www.supeinnihonto.com\\\/fr\\\/produit\\\/okimono-ashinaga-tenaga-en-ivoire\\\/\"]}]},{\"@type\":\"ImageObject\",\"inLanguage\":\"fr-FR\",\"@id\":\"https:\\\/\\\/www.supeinnihonto.com\\\/fr\\\/produit\\\/okimono-ashinaga-tenaga-en-ivoire\\\/#primaryimage\",\"url\":\"https:\\\/\\\/i0.wp.com\\\/www.supeinnihonto.com\\\/wp-content\\\/uploads\\\/2024\\\/05\\\/Okimono-Ashinaga-Tenaga-ivory.webp?fit=1707%2C2560&ssl=1\",\"contentUrl\":\"https:\\\/\\\/i0.wp.com\\\/www.supeinnihonto.com\\\/wp-content\\\/uploads\\\/2024\\\/05\\\/Okimono-Ashinaga-Tenaga-ivory.webp?fit=1707%2C2560&ssl=1\",\"width\":1707,\"height\":2560,\"caption\":\"Okimono Ashinaga Tenaga ivory\"},{\"@type\":\"BreadcrumbList\",\"@id\":\"https:\\\/\\\/www.supeinnihonto.com\\\/fr\\\/produit\\\/okimono-ashinaga-tenaga-en-ivoire\\\/#breadcrumb\",\"itemListElement\":[{\"@type\":\"ListItem\",\"position\":1,\"name\":\"Portada\",\"item\":\"https:\\\/\\\/www.supeinnihonto.com\\\/fr\\\/\"},{\"@type\":\"ListItem\",\"position\":2,\"name\":\"Shop\",\"item\":\"https:\\\/\\\/www.supeinnihonto.com\\\/fr\\\/shop\\\/\"},{\"@type\":\"ListItem\",\"position\":3,\"name\":\"Okimono Ashinaga Tenaga en ivoire\"}]},{\"@type\":\"WebSite\",\"@id\":\"https:\\\/\\\/www.supeinnihonto.com\\\/fr\\\/#website\",\"url\":\"https:\\\/\\\/www.supeinnihonto.com\\\/fr\\\/\",\"name\":\"Supein Nihonto\",\"description\":\"Authentic japanese Nihonto katana \",\"publisher\":{\"@id\":\"https:\\\/\\\/www.supeinnihonto.com\\\/fr\\\/#organization\"},\"potentialAction\":[{\"@type\":\"SearchAction\",\"target\":{\"@type\":\"EntryPoint\",\"urlTemplate\":\"https:\\\/\\\/www.supeinnihonto.com\\\/fr\\\/?s={search_term_string}\"},\"query-input\":{\"@type\":\"PropertyValueSpecification\",\"valueRequired\":true,\"valueName\":\"search_term_string\"}}],\"inLanguage\":\"fr-FR\"},{\"@type\":\"Organization\",\"@id\":\"https:\\\/\\\/www.supeinnihonto.com\\\/fr\\\/#organization\",\"name\":\"SupeinNihonto\",\"url\":\"https:\\\/\\\/www.supeinnihonto.com\\\/fr\\\/\",\"logo\":{\"@type\":\"ImageObject\",\"inLanguage\":\"fr-FR\",\"@id\":\"https:\\\/\\\/www.supeinnihonto.com\\\/fr\\\/#\\\/schema\\\/logo\\\/image\\\/\",\"url\":\"https:\\\/\\\/www.supeinnihonto.com\\\/wp-content\\\/uploads\\\/2021\\\/11\\\/animation_Default_3szk0jcenoloop.gif\",\"contentUrl\":\"https:\\\/\\\/www.supeinnihonto.com\\\/wp-content\\\/uploads\\\/2021\\\/11\\\/animation_Default_3szk0jcenoloop.gif\",\"width\":750,\"height\":641,\"caption\":\"SupeinNihonto\"},\"image\":{\"@id\":\"https:\\\/\\\/www.supeinnihonto.com\\\/fr\\\/#\\\/schema\\\/logo\\\/image\\\/\"}}]}<\/script>\n<!-- \/ Yoast SEO plugin. -->","yoast_head_json":{"title":"Okimono Ashinaga Tenaga en ivoire - Supein Nihonto","description":"Magnifique et remarquable okimono repr\u00e9sentant Ashinaga et Tenaga, deux personnages classiques du folklore japonais. Une pi\u00e8ce exceptionnelle avec une sculpture remarquable et des d\u00e9tails fabuleux.","robots":{"index":"index","follow":"follow","max-snippet":"max-snippet:-1","max-image-preview":"max-image-preview:large","max-video-preview":"max-video-preview:-1"},"canonical":"https:\/\/www.supeinnihonto.com\/fr\/produit\/okimono-ashinaga-tenaga-en-ivoire\/","og_locale":"fr_FR","og_type":"article","og_title":"Okimono Ashinaga Tenaga en ivoire - Supein Nihonto","og_description":"Magnifique et remarquable okimono repr\u00e9sentant Ashinaga et Tenaga, deux personnages classiques du folklore japonais. Une pi\u00e8ce exceptionnelle avec une sculpture remarquable et des d\u00e9tails fabuleux.","og_url":"https:\/\/www.supeinnihonto.com\/fr\/produit\/okimono-ashinaga-tenaga-en-ivoire\/","og_site_name":"Supein Nihonto","article_modified_time":"2025-12-23T22:57:38+00:00","og_image":[{"width":1707,"height":2560,"url":"https:\/\/www.supeinnihonto.com\/wp-content\/uploads\/2024\/05\/DSC_5376-scaled.jpg","type":"image\/jpeg"}],"twitter_card":"summary_large_image","twitter_misc":{"Dur\u00e9e de lecture estim\u00e9e":"1 minute"},"schema":{"@context":"https:\/\/schema.org","@graph":[{"@type":"WebPage","@id":"https:\/\/www.supeinnihonto.com\/fr\/produit\/okimono-ashinaga-tenaga-en-ivoire\/","url":"https:\/\/www.supeinnihonto.com\/fr\/produit\/okimono-ashinaga-tenaga-en-ivoire\/","name":"Okimono Ashinaga Tenaga en ivoire - Supein Nihonto","isPartOf":{"@id":"https:\/\/www.supeinnihonto.com\/fr\/#website"},"primaryImageOfPage":{"@id":"https:\/\/www.supeinnihonto.com\/fr\/produit\/okimono-ashinaga-tenaga-en-ivoire\/#primaryimage"},"image":{"@id":"https:\/\/www.supeinnihonto.com\/fr\/produit\/okimono-ashinaga-tenaga-en-ivoire\/#primaryimage"},"thumbnailUrl":"https:\/\/i0.wp.com\/www.supeinnihonto.com\/wp-content\/uploads\/2024\/05\/Okimono-Ashinaga-Tenaga-ivory.webp?fit=1707%2C2560&ssl=1","datePublished":"2024-05-30T14:45:44+00:00","dateModified":"2025-12-23T22:57:38+00:00","description":"Magnifique et remarquable okimono repr\u00e9sentant Ashinaga et Tenaga, deux personnages classiques du folklore japonais. Une pi\u00e8ce exceptionnelle avec une sculpture remarquable et des d\u00e9tails fabuleux.","breadcrumb":{"@id":"https:\/\/www.supeinnihonto.com\/fr\/produit\/okimono-ashinaga-tenaga-en-ivoire\/#breadcrumb"},"inLanguage":"fr-FR","potentialAction":[{"@type":"ReadAction","target":["https:\/\/www.supeinnihonto.com\/fr\/produit\/okimono-ashinaga-tenaga-en-ivoire\/"]}]},{"@type":"ImageObject","inLanguage":"fr-FR","@id":"https:\/\/www.supeinnihonto.com\/fr\/produit\/okimono-ashinaga-tenaga-en-ivoire\/#primaryimage","url":"https:\/\/i0.wp.com\/www.supeinnihonto.com\/wp-content\/uploads\/2024\/05\/Okimono-Ashinaga-Tenaga-ivory.webp?fit=1707%2C2560&ssl=1","contentUrl":"https:\/\/i0.wp.com\/www.supeinnihonto.com\/wp-content\/uploads\/2024\/05\/Okimono-Ashinaga-Tenaga-ivory.webp?fit=1707%2C2560&ssl=1","width":1707,"height":2560,"caption":"Okimono Ashinaga Tenaga ivory"},{"@type":"BreadcrumbList","@id":"https:\/\/www.supeinnihonto.com\/fr\/produit\/okimono-ashinaga-tenaga-en-ivoire\/#breadcrumb","itemListElement":[{"@type":"ListItem","position":1,"name":"Portada","item":"https:\/\/www.supeinnihonto.com\/fr\/"},{"@type":"ListItem","position":2,"name":"Shop","item":"https:\/\/www.supeinnihonto.com\/fr\/shop\/"},{"@type":"ListItem","position":3,"name":"Okimono Ashinaga Tenaga en ivoire"}]},{"@type":"WebSite","@id":"https:\/\/www.supeinnihonto.com\/fr\/#website","url":"https:\/\/www.supeinnihonto.com\/fr\/","name":"Supein Nihonto","description":"Authentic japanese Nihonto katana ","publisher":{"@id":"https:\/\/www.supeinnihonto.com\/fr\/#organization"},"potentialAction":[{"@type":"SearchAction","target":{"@type":"EntryPoint","urlTemplate":"https:\/\/www.supeinnihonto.com\/fr\/?s={search_term_string}"},"query-input":{"@type":"PropertyValueSpecification","valueRequired":true,"valueName":"search_term_string"}}],"inLanguage":"fr-FR"},{"@type":"Organization","@id":"https:\/\/www.supeinnihonto.com\/fr\/#organization","name":"SupeinNihonto","url":"https:\/\/www.supeinnihonto.com\/fr\/","logo":{"@type":"ImageObject","inLanguage":"fr-FR","@id":"https:\/\/www.supeinnihonto.com\/fr\/#\/schema\/logo\/image\/","url":"https:\/\/www.supeinnihonto.com\/wp-content\/uploads\/2021\/11\/animation_Default_3szk0jcenoloop.gif","contentUrl":"https:\/\/www.supeinnihonto.com\/wp-content\/uploads\/2021\/11\/animation_Default_3szk0jcenoloop.gif","width":750,"height":641,"caption":"SupeinNihonto"},"image":{"@id":"https:\/\/www.supeinnihonto.com\/fr\/#\/schema\/logo\/image\/"}}]}},"jetpack-related-posts":[{"id":13533,"url":"https:\/\/www.supeinnihonto.com\/it\/prodotto\/okimono-ashinaga-tenaga-in-avorio\/","url_meta":{"origin":13527,"position":0},"title":"Okimono Ashinaga Tenaga in avorio","author":"Supein Nihonto","date":"30 de mai de 2024","format":false,"excerpt":"Spedizione gratuita. Fantastico e importante okimono raffigurante Ashinaga e Tenaga, due personaggi classici del folklore giapponese. Nelle loro avventure, uno ha gambe molto lunghe mentre l\u2019altro ha braccia molto lunghe, formando una squadra e aiutandosi a vicenda. In questo bellissimo okimono sono intenti a pescare granchi. Un pezzo straordinario con\u2026","rel":"","context":"Article similaire","block_context":{"text":"Article similaire","link":""},"img":{"alt_text":"Okimono Ashinaga Tenaga ivory","src":"https:\/\/i0.wp.com\/www.supeinnihonto.com\/wp-content\/uploads\/2024\/05\/Okimono-Ashinaga-Tenaga-ivory.webp?fit=800%2C1200&ssl=1&resize=350%2C200","width":350,"height":200,"srcset":"https:\/\/i0.wp.com\/www.supeinnihonto.com\/wp-content\/uploads\/2024\/05\/Okimono-Ashinaga-Tenaga-ivory.webp?fit=800%2C1200&ssl=1&resize=350%2C200 1x, https:\/\/i0.wp.com\/www.supeinnihonto.com\/wp-content\/uploads\/2024\/05\/Okimono-Ashinaga-Tenaga-ivory.webp?fit=800%2C1200&ssl=1&resize=525%2C300 1.5x, https:\/\/i0.wp.com\/www.supeinnihonto.com\/wp-content\/uploads\/2024\/05\/Okimono-Ashinaga-Tenaga-ivory.webp?fit=800%2C1200&ssl=1&resize=700%2C400 2x"},"classes":[]},{"id":13524,"url":"https:\/\/www.supeinnihonto.com\/nl\/product\/okimono-ashinaga-tenaga-van-ivoor\/","url_meta":{"origin":13527,"position":1},"title":"Okimono Ashinaga Tenaga van ivoor","author":"Supein Nihonto","date":"30 de mai de 2024","format":false,"excerpt":"Gratis verzending. Fantastisch en indrukwekkend okimono van Ashinaga en Tenaga, twee klassieke figuren uit de Japanse folklore. In hun avonturen heeft de een zeer lange benen terwijl de ander zeer lange armen heeft, waardoor ze samen een team vormen en elkaar helpen. In dit prachtige okimono zijn ze krabben aan\u2026","rel":"","context":"Article similaire","block_context":{"text":"Article similaire","link":""},"img":{"alt_text":"Okimono Ashinaga Tenaga ivory","src":"https:\/\/i0.wp.com\/www.supeinnihonto.com\/wp-content\/uploads\/2024\/05\/Okimono-Ashinaga-Tenaga-ivory.webp?fit=800%2C1200&ssl=1&resize=350%2C200","width":350,"height":200,"srcset":"https:\/\/i0.wp.com\/www.supeinnihonto.com\/wp-content\/uploads\/2024\/05\/Okimono-Ashinaga-Tenaga-ivory.webp?fit=800%2C1200&ssl=1&resize=350%2C200 1x, https:\/\/i0.wp.com\/www.supeinnihonto.com\/wp-content\/uploads\/2024\/05\/Okimono-Ashinaga-Tenaga-ivory.webp?fit=800%2C1200&ssl=1&resize=525%2C300 1.5x, https:\/\/i0.wp.com\/www.supeinnihonto.com\/wp-content\/uploads\/2024\/05\/Okimono-Ashinaga-Tenaga-ivory.webp?fit=800%2C1200&ssl=1&resize=700%2C400 2x"},"classes":[]},{"id":13530,"url":"https:\/\/www.supeinnihonto.com\/de\/produkt\/okimono-ashinaga-tenaga-aus-elfenbein\/","url_meta":{"origin":13527,"position":2},"title":"Okimono Ashinaga Tenaga aus Elfenbein","author":"Supein Nihonto","date":"30 de mai de 2024","format":false,"excerpt":"Kostenloser Versand. Fantastisches und bedeutendes Okimono von Ashinaga und Tenaga, zwei klassischen Figuren der japanischen Folklore. In ihren Abenteuern hat einer sehr lange Beine, w\u00e4hrend der andere sehr lange Arme besitzt \u2013 gemeinsam bilden sie ein Team und helfen sich gegenseitig. In diesem wundersch\u00f6nen Okimono fischen sie nach Krabben. Ein\u2026","rel":"","context":"Article similaire","block_context":{"text":"Article similaire","link":""},"img":{"alt_text":"Okimono Ashinaga Tenaga ivory","src":"https:\/\/i0.wp.com\/www.supeinnihonto.com\/wp-content\/uploads\/2024\/05\/Okimono-Ashinaga-Tenaga-ivory.webp?fit=800%2C1200&ssl=1&resize=350%2C200","width":350,"height":200,"srcset":"https:\/\/i0.wp.com\/www.supeinnihonto.com\/wp-content\/uploads\/2024\/05\/Okimono-Ashinaga-Tenaga-ivory.webp?fit=800%2C1200&ssl=1&resize=350%2C200 1x, https:\/\/i0.wp.com\/www.supeinnihonto.com\/wp-content\/uploads\/2024\/05\/Okimono-Ashinaga-Tenaga-ivory.webp?fit=800%2C1200&ssl=1&resize=525%2C300 1.5x, https:\/\/i0.wp.com\/www.supeinnihonto.com\/wp-content\/uploads\/2024\/05\/Okimono-Ashinaga-Tenaga-ivory.webp?fit=800%2C1200&ssl=1&resize=700%2C400 2x"},"classes":[]},{"id":3687,"url":"https:\/\/www.supeinnihonto.com\/produit\/okimono-ashinaga-tenaga-ivory\/","url_meta":{"origin":13527,"position":3},"title":"Okimono Ashinaga Tenaga ivory","author":"Supein Nihonto","date":"30 de mai de 2024","format":false,"excerpt":"Free shipping. Fantastic and great okimono of Ashinaga and Tenaga, two classic characters of Japanese folklore. In their adventures one of them has very long legs while the other one has very long arms forming a team and helping each other. In this beautiful okimono they are fishing for crabs.\u2026","rel":"","context":"Article similaire","block_context":{"text":"Article similaire","link":""},"img":{"alt_text":"Okimono Ashinaga Tenaga ivory","src":"https:\/\/i0.wp.com\/www.supeinnihonto.com\/wp-content\/uploads\/2024\/05\/Okimono-Ashinaga-Tenaga-ivory.webp?fit=800%2C1200&ssl=1&resize=350%2C200","width":350,"height":200,"srcset":"https:\/\/i0.wp.com\/www.supeinnihonto.com\/wp-content\/uploads\/2024\/05\/Okimono-Ashinaga-Tenaga-ivory.webp?fit=800%2C1200&ssl=1&resize=350%2C200 1x, https:\/\/i0.wp.com\/www.supeinnihonto.com\/wp-content\/uploads\/2024\/05\/Okimono-Ashinaga-Tenaga-ivory.webp?fit=800%2C1200&ssl=1&resize=525%2C300 1.5x, https:\/\/i0.wp.com\/www.supeinnihonto.com\/wp-content\/uploads\/2024\/05\/Okimono-Ashinaga-Tenaga-ivory.webp?fit=800%2C1200&ssl=1&resize=700%2C400 2x"},"classes":[]},{"id":13313,"url":"https:\/\/www.supeinnihonto.com\/fr\/produit\/okimono-hommes-en-fete-en-ivoire\/","url_meta":{"origin":13527,"position":4},"title":"Okimono hommes en f\u00eate en ivoire","author":"Supein Nihonto","date":"28 de mai de 2024","format":false,"excerpt":"Livraison gratuite. Okimono repr\u00e9sentant une sc\u00e8ne traditionnelle de plusieurs hommes c\u00e9l\u00e9brant un matsuri. Certains portent des mochis et une gourde contenant des boissons, tandis que des assiettes sont pos\u00e9es au sol. La base ainsi que l\u2019ensemble de la sculpture sont finement travaill\u00e9s et tr\u00e8s d\u00e9taill\u00e9s, constituant une pi\u00e8ce remarquable. La\u2026","rel":"","context":"Article similaire","block_context":{"text":"Article similaire","link":""},"img":{"alt_text":"Okimono festivity men ivory","src":"https:\/\/i0.wp.com\/www.supeinnihonto.com\/wp-content\/uploads\/2024\/05\/DSC_4053-scaled.jpg?fit=1200%2C800&ssl=1&resize=350%2C200","width":350,"height":200,"srcset":"https:\/\/i0.wp.com\/www.supeinnihonto.com\/wp-content\/uploads\/2024\/05\/DSC_4053-scaled.jpg?fit=1200%2C800&ssl=1&resize=350%2C200 1x, https:\/\/i0.wp.com\/www.supeinnihonto.com\/wp-content\/uploads\/2024\/05\/DSC_4053-scaled.jpg?fit=1200%2C800&ssl=1&resize=525%2C300 1.5x, https:\/\/i0.wp.com\/www.supeinnihonto.com\/wp-content\/uploads\/2024\/05\/DSC_4053-scaled.jpg?fit=1200%2C800&ssl=1&resize=700%2C400 2x, https:\/\/i0.wp.com\/www.supeinnihonto.com\/wp-content\/uploads\/2024\/05\/DSC_4053-scaled.jpg?fit=1200%2C800&ssl=1&resize=1050%2C600 3x"},"classes":[]},{"id":12735,"url":"https:\/\/www.supeinnihonto.com\/fr\/produit\/netsuke-ermite-en-bois-signe\/","url_meta":{"origin":13527,"position":5},"title":"Netsuke ermite en bois sign\u00e9","author":"Eric Majo","date":"5 de novembre de 2024","format":false,"excerpt":"Livraison gratuite. Netsuke en bois repr\u00e9sentant un ermite tenant une grappe de p\u00eaches, sign\u00e9. P\u00e9riode Meiji, XIXe si\u00e8cle. En tr\u00e8s bon \u00e9tat de conservation avec une superbe patine. Sculpture magnifique et expression du visage remarquable. 6,1 x 3,5 x 2,8 cm","rel":"","context":"Article similaire","block_context":{"text":"Article similaire","link":""},"img":{"alt_text":"Netsuke seinnen","src":"https:\/\/i0.wp.com\/www.supeinnihonto.com\/wp-content\/uploads\/2024\/11\/DSC1449-scaled.jpg?fit=1200%2C800&ssl=1&resize=350%2C200","width":350,"height":200,"srcset":"https:\/\/i0.wp.com\/www.supeinnihonto.com\/wp-content\/uploads\/2024\/11\/DSC1449-scaled.jpg?fit=1200%2C800&ssl=1&resize=350%2C200 1x, https:\/\/i0.wp.com\/www.supeinnihonto.com\/wp-content\/uploads\/2024\/11\/DSC1449-scaled.jpg?fit=1200%2C800&ssl=1&resize=525%2C300 1.5x, https:\/\/i0.wp.com\/www.supeinnihonto.com\/wp-content\/uploads\/2024\/11\/DSC1449-scaled.jpg?fit=1200%2C800&ssl=1&resize=700%2C400 2x, https:\/\/i0.wp.com\/www.supeinnihonto.com\/wp-content\/uploads\/2024\/11\/DSC1449-scaled.jpg?fit=1200%2C800&ssl=1&resize=1050%2C600 3x"},"classes":[]}],"jetpack_sharing_enabled":true,"_links":{"self":[{"href":"https:\/\/www.supeinnihonto.com\/fr\/wp-json\/wp\/v2\/product\/13527","targetHints":{"allow":["GET"]}}],"collection":[{"href":"https:\/\/www.supeinnihonto.com\/fr\/wp-json\/wp\/v2\/product"}],"about":[{"href":"https:\/\/www.supeinnihonto.com\/fr\/wp-json\/wp\/v2\/types\/product"}],"wp:featuredmedia":[{"embeddable":true,"href":"https:\/\/www.supeinnihonto.com\/fr\/wp-json\/wp\/v2\/media\/38915"}],"wp:attachment":[{"href":"https:\/\/www.supeinnihonto.com\/fr\/wp-json\/wp\/v2\/media?parent=13527"}],"wp:term":[{"taxonomy":"product_brand","embeddable":true,"href":"https:\/\/www.supeinnihonto.com\/fr\/wp-json\/wp\/v2\/product_brand?post=13527"},{"taxonomy":"product_cat","embeddable":true,"href":"https:\/\/www.supeinnihonto.com\/fr\/wp-json\/wp\/v2\/product_cat?post=13527"},{"taxonomy":"product_tag","embeddable":true,"href":"https:\/\/www.supeinnihonto.com\/fr\/wp-json\/wp\/v2\/product_tag?post=13527"}],"curies":[{"name":"wp","href":"https:\/\/api.w.org\/{rel}","templated":true}]}}