{"id":13486,"date":"2024-05-30T07:34:41","date_gmt":"2024-05-30T07:34:41","guid":{"rendered":"https:\/\/www.supeinnihonto.com\/product\/okimono-turtle-family-ivory\/"},"modified":"2025-12-24T19:35:47","modified_gmt":"2025-12-24T19:35:47","slug":"okimono-famille-de-tortues-en-ivoire","status":"publish","type":"product","link":"https:\/\/www.supeinnihonto.com\/fr\/produit\/okimono-famille-de-tortues-en-ivoire\/","title":{"rendered":"Okimono famille de tortues en ivoire"},"content":{"rendered":"<p data-start=\"218\" data-end=\"237\">Livraison gratuite.<\/p>\n<p data-start=\"239\" data-end=\"504\">Magnifique okimono sculpt\u00e9 repr\u00e9sentant une famille de tortues sur un rocher, avec de superbes d\u00e9tails et une belle patine. Yeux incrust\u00e9s en corne de buffle. Sign\u00e9 Matsuyama \u00e0 la base. Fin de la p\u00e9riode Edo \u2013 p\u00e9riode Meiji. Livr\u00e9 avec certificat et document CITES.<\/p>\n<p data-start=\"506\" data-end=\"522\">4 x 2,8 x 2,5 cm<\/p>\n","protected":false},"excerpt":{"rendered":"<p>Livraison gratuite. Magnifique okimono sculpt\u00e9 repr\u00e9sentant une famille de tortues sur un rocher, avec de superbes d\u00e9tails et une belle patine. Yeux incrust\u00e9s en corne de buffle. Sign\u00e9 Matsuyama \u00e0 la base. Fin de la p\u00e9riode Edo \u2013 p\u00e9riode Meiji. Livr\u00e9 avec certificat et document CITES. 4 x 2,8 x [&hellip;]<\/p>\n","protected":false},"featured_media":38921,"template":"","meta":{"jetpack_post_was_ever_published":false},"product_brand":[],"product_cat":[545],"product_tag":[637,653,655],"class_list":{"0":"post-13486","1":"product","2":"type-product","3":"status-publish","4":"has-post-thumbnail","6":"product_cat-netsuke","7":"product_tag-ivory","8":"product_tag-netsuke","9":"product_tag-okimono","10":"product_shipping_class-light","12":"first","13":"instock","14":"featured","15":"sold-individually","16":"shipping-taxable","17":"purchasable","18":"product-type-simple"},"yoast_head":"<!-- This site is optimized with the Yoast SEO plugin v27.5 - https:\/\/yoast.com\/product\/yoast-seo-wordpress\/ -->\n<title>Okimono famille de tortues en ivoire - Supein Nihonto<\/title>\n<meta name=\"description\" content=\"Magnifique okimono sculpt\u00e9 repr\u00e9sentant une famille de tortues sur un rocher, avec de superbes d\u00e9tails et une belle patine. Yeux incrust\u00e9s en corne de buffle. Sign\u00e9 Matsuyama \u00e0 la base.\" \/>\n<meta name=\"robots\" content=\"index, follow, max-snippet:-1, max-image-preview:large, max-video-preview:-1\" \/>\n<link rel=\"canonical\" href=\"https:\/\/www.supeinnihonto.com\/fr\/produit\/okimono-famille-de-tortues-en-ivoire\/\" \/>\n<meta property=\"og:locale\" content=\"fr_FR\" \/>\n<meta property=\"og:type\" content=\"article\" \/>\n<meta property=\"og:title\" content=\"Okimono famille de tortues en ivoire - Supein Nihonto\" \/>\n<meta property=\"og:description\" content=\"Magnifique okimono sculpt\u00e9 repr\u00e9sentant une famille de tortues sur un rocher, avec de superbes d\u00e9tails et une belle patine. Yeux incrust\u00e9s en corne de buffle. Sign\u00e9 Matsuyama \u00e0 la base.\" \/>\n<meta property=\"og:url\" content=\"https:\/\/www.supeinnihonto.com\/fr\/produit\/okimono-famille-de-tortues-en-ivoire\/\" \/>\n<meta property=\"og:site_name\" content=\"Supein Nihonto\" \/>\n<meta property=\"article:modified_time\" content=\"2025-12-24T19:35:47+00:00\" \/>\n<meta property=\"og:image\" content=\"https:\/\/www.supeinnihonto.com\/wp-content\/uploads\/2024\/05\/Okimono-turtle-family-ivory.webp\" \/>\n\t<meta property=\"og:image:width\" content=\"2048\" \/>\n\t<meta property=\"og:image:height\" content=\"1365\" \/>\n\t<meta property=\"og:image:type\" content=\"image\/webp\" \/>\n<meta name=\"twitter:card\" content=\"summary_large_image\" \/>\n<meta name=\"twitter:label1\" content=\"Dur\u00e9e de lecture estim\u00e9e\" \/>\n\t<meta name=\"twitter:data1\" content=\"1 minute\" \/>\n<script type=\"application\/ld+json\" class=\"yoast-schema-graph\">{\"@context\":\"https:\\\/\\\/schema.org\",\"@graph\":[{\"@type\":\"WebPage\",\"@id\":\"https:\\\/\\\/www.supeinnihonto.com\\\/fr\\\/produit\\\/okimono-famille-de-tortues-en-ivoire\\\/\",\"url\":\"https:\\\/\\\/www.supeinnihonto.com\\\/fr\\\/produit\\\/okimono-famille-de-tortues-en-ivoire\\\/\",\"name\":\"Okimono famille de tortues en ivoire - Supein Nihonto\",\"isPartOf\":{\"@id\":\"https:\\\/\\\/www.supeinnihonto.com\\\/fr\\\/#website\"},\"primaryImageOfPage\":{\"@id\":\"https:\\\/\\\/www.supeinnihonto.com\\\/fr\\\/produit\\\/okimono-famille-de-tortues-en-ivoire\\\/#primaryimage\"},\"image\":{\"@id\":\"https:\\\/\\\/www.supeinnihonto.com\\\/fr\\\/produit\\\/okimono-famille-de-tortues-en-ivoire\\\/#primaryimage\"},\"thumbnailUrl\":\"https:\\\/\\\/i0.wp.com\\\/www.supeinnihonto.com\\\/wp-content\\\/uploads\\\/2024\\\/05\\\/Okimono-turtle-family-ivory.webp?fit=2048%2C1365&ssl=1\",\"datePublished\":\"2024-05-30T07:34:41+00:00\",\"dateModified\":\"2025-12-24T19:35:47+00:00\",\"description\":\"Magnifique okimono sculpt\u00e9 repr\u00e9sentant une famille de tortues sur un rocher, avec de superbes d\u00e9tails et une belle patine. Yeux incrust\u00e9s en corne de buffle. Sign\u00e9 Matsuyama \u00e0 la base.\",\"breadcrumb\":{\"@id\":\"https:\\\/\\\/www.supeinnihonto.com\\\/fr\\\/produit\\\/okimono-famille-de-tortues-en-ivoire\\\/#breadcrumb\"},\"inLanguage\":\"fr-FR\",\"potentialAction\":[{\"@type\":\"ReadAction\",\"target\":[\"https:\\\/\\\/www.supeinnihonto.com\\\/fr\\\/produit\\\/okimono-famille-de-tortues-en-ivoire\\\/\"]}]},{\"@type\":\"ImageObject\",\"inLanguage\":\"fr-FR\",\"@id\":\"https:\\\/\\\/www.supeinnihonto.com\\\/fr\\\/produit\\\/okimono-famille-de-tortues-en-ivoire\\\/#primaryimage\",\"url\":\"https:\\\/\\\/i0.wp.com\\\/www.supeinnihonto.com\\\/wp-content\\\/uploads\\\/2024\\\/05\\\/Okimono-turtle-family-ivory.webp?fit=2048%2C1365&ssl=1\",\"contentUrl\":\"https:\\\/\\\/i0.wp.com\\\/www.supeinnihonto.com\\\/wp-content\\\/uploads\\\/2024\\\/05\\\/Okimono-turtle-family-ivory.webp?fit=2048%2C1365&ssl=1\",\"width\":2048,\"height\":1365,\"caption\":\"Okimono famille de tortues en ivoire\"},{\"@type\":\"BreadcrumbList\",\"@id\":\"https:\\\/\\\/www.supeinnihonto.com\\\/fr\\\/produit\\\/okimono-famille-de-tortues-en-ivoire\\\/#breadcrumb\",\"itemListElement\":[{\"@type\":\"ListItem\",\"position\":1,\"name\":\"Portada\",\"item\":\"https:\\\/\\\/www.supeinnihonto.com\\\/fr\\\/\"},{\"@type\":\"ListItem\",\"position\":2,\"name\":\"Shop\",\"item\":\"https:\\\/\\\/www.supeinnihonto.com\\\/fr\\\/shop\\\/\"},{\"@type\":\"ListItem\",\"position\":3,\"name\":\"Okimono famille de tortues en ivoire\"}]},{\"@type\":\"WebSite\",\"@id\":\"https:\\\/\\\/www.supeinnihonto.com\\\/fr\\\/#website\",\"url\":\"https:\\\/\\\/www.supeinnihonto.com\\\/fr\\\/\",\"name\":\"Supein Nihonto\",\"description\":\"Authentic japanese Nihonto katana \",\"publisher\":{\"@id\":\"https:\\\/\\\/www.supeinnihonto.com\\\/fr\\\/#organization\"},\"potentialAction\":[{\"@type\":\"SearchAction\",\"target\":{\"@type\":\"EntryPoint\",\"urlTemplate\":\"https:\\\/\\\/www.supeinnihonto.com\\\/fr\\\/?s={search_term_string}\"},\"query-input\":{\"@type\":\"PropertyValueSpecification\",\"valueRequired\":true,\"valueName\":\"search_term_string\"}}],\"inLanguage\":\"fr-FR\"},{\"@type\":\"Organization\",\"@id\":\"https:\\\/\\\/www.supeinnihonto.com\\\/fr\\\/#organization\",\"name\":\"SupeinNihonto\",\"url\":\"https:\\\/\\\/www.supeinnihonto.com\\\/fr\\\/\",\"logo\":{\"@type\":\"ImageObject\",\"inLanguage\":\"fr-FR\",\"@id\":\"https:\\\/\\\/www.supeinnihonto.com\\\/fr\\\/#\\\/schema\\\/logo\\\/image\\\/\",\"url\":\"https:\\\/\\\/www.supeinnihonto.com\\\/wp-content\\\/uploads\\\/2021\\\/11\\\/animation_Default_3szk0jcenoloop.gif\",\"contentUrl\":\"https:\\\/\\\/www.supeinnihonto.com\\\/wp-content\\\/uploads\\\/2021\\\/11\\\/animation_Default_3szk0jcenoloop.gif\",\"width\":750,\"height\":641,\"caption\":\"SupeinNihonto\"},\"image\":{\"@id\":\"https:\\\/\\\/www.supeinnihonto.com\\\/fr\\\/#\\\/schema\\\/logo\\\/image\\\/\"}}]}<\/script>\n<!-- \/ Yoast SEO plugin. -->","yoast_head_json":{"title":"Okimono famille de tortues en ivoire - Supein Nihonto","description":"Magnifique okimono sculpt\u00e9 repr\u00e9sentant une famille de tortues sur un rocher, avec de superbes d\u00e9tails et une belle patine. Yeux incrust\u00e9s en corne de buffle. Sign\u00e9 Matsuyama \u00e0 la base.","robots":{"index":"index","follow":"follow","max-snippet":"max-snippet:-1","max-image-preview":"max-image-preview:large","max-video-preview":"max-video-preview:-1"},"canonical":"https:\/\/www.supeinnihonto.com\/fr\/produit\/okimono-famille-de-tortues-en-ivoire\/","og_locale":"fr_FR","og_type":"article","og_title":"Okimono famille de tortues en ivoire - Supein Nihonto","og_description":"Magnifique okimono sculpt\u00e9 repr\u00e9sentant une famille de tortues sur un rocher, avec de superbes d\u00e9tails et une belle patine. Yeux incrust\u00e9s en corne de buffle. Sign\u00e9 Matsuyama \u00e0 la base.","og_url":"https:\/\/www.supeinnihonto.com\/fr\/produit\/okimono-famille-de-tortues-en-ivoire\/","og_site_name":"Supein Nihonto","article_modified_time":"2025-12-24T19:35:47+00:00","og_image":[{"width":2048,"height":1365,"url":"https:\/\/www.supeinnihonto.com\/wp-content\/uploads\/2024\/05\/Okimono-turtle-family-ivory.webp","type":"image\/webp"}],"twitter_card":"summary_large_image","twitter_misc":{"Dur\u00e9e de lecture estim\u00e9e":"1 minute"},"schema":{"@context":"https:\/\/schema.org","@graph":[{"@type":"WebPage","@id":"https:\/\/www.supeinnihonto.com\/fr\/produit\/okimono-famille-de-tortues-en-ivoire\/","url":"https:\/\/www.supeinnihonto.com\/fr\/produit\/okimono-famille-de-tortues-en-ivoire\/","name":"Okimono famille de tortues en ivoire - Supein Nihonto","isPartOf":{"@id":"https:\/\/www.supeinnihonto.com\/fr\/#website"},"primaryImageOfPage":{"@id":"https:\/\/www.supeinnihonto.com\/fr\/produit\/okimono-famille-de-tortues-en-ivoire\/#primaryimage"},"image":{"@id":"https:\/\/www.supeinnihonto.com\/fr\/produit\/okimono-famille-de-tortues-en-ivoire\/#primaryimage"},"thumbnailUrl":"https:\/\/i0.wp.com\/www.supeinnihonto.com\/wp-content\/uploads\/2024\/05\/Okimono-turtle-family-ivory.webp?fit=2048%2C1365&ssl=1","datePublished":"2024-05-30T07:34:41+00:00","dateModified":"2025-12-24T19:35:47+00:00","description":"Magnifique okimono sculpt\u00e9 repr\u00e9sentant une famille de tortues sur un rocher, avec de superbes d\u00e9tails et une belle patine. Yeux incrust\u00e9s en corne de buffle. Sign\u00e9 Matsuyama \u00e0 la base.","breadcrumb":{"@id":"https:\/\/www.supeinnihonto.com\/fr\/produit\/okimono-famille-de-tortues-en-ivoire\/#breadcrumb"},"inLanguage":"fr-FR","potentialAction":[{"@type":"ReadAction","target":["https:\/\/www.supeinnihonto.com\/fr\/produit\/okimono-famille-de-tortues-en-ivoire\/"]}]},{"@type":"ImageObject","inLanguage":"fr-FR","@id":"https:\/\/www.supeinnihonto.com\/fr\/produit\/okimono-famille-de-tortues-en-ivoire\/#primaryimage","url":"https:\/\/i0.wp.com\/www.supeinnihonto.com\/wp-content\/uploads\/2024\/05\/Okimono-turtle-family-ivory.webp?fit=2048%2C1365&ssl=1","contentUrl":"https:\/\/i0.wp.com\/www.supeinnihonto.com\/wp-content\/uploads\/2024\/05\/Okimono-turtle-family-ivory.webp?fit=2048%2C1365&ssl=1","width":2048,"height":1365,"caption":"Okimono famille de tortues en ivoire"},{"@type":"BreadcrumbList","@id":"https:\/\/www.supeinnihonto.com\/fr\/produit\/okimono-famille-de-tortues-en-ivoire\/#breadcrumb","itemListElement":[{"@type":"ListItem","position":1,"name":"Portada","item":"https:\/\/www.supeinnihonto.com\/fr\/"},{"@type":"ListItem","position":2,"name":"Shop","item":"https:\/\/www.supeinnihonto.com\/fr\/shop\/"},{"@type":"ListItem","position":3,"name":"Okimono famille de tortues en ivoire"}]},{"@type":"WebSite","@id":"https:\/\/www.supeinnihonto.com\/fr\/#website","url":"https:\/\/www.supeinnihonto.com\/fr\/","name":"Supein Nihonto","description":"Authentic japanese Nihonto katana ","publisher":{"@id":"https:\/\/www.supeinnihonto.com\/fr\/#organization"},"potentialAction":[{"@type":"SearchAction","target":{"@type":"EntryPoint","urlTemplate":"https:\/\/www.supeinnihonto.com\/fr\/?s={search_term_string}"},"query-input":{"@type":"PropertyValueSpecification","valueRequired":true,"valueName":"search_term_string"}}],"inLanguage":"fr-FR"},{"@type":"Organization","@id":"https:\/\/www.supeinnihonto.com\/fr\/#organization","name":"SupeinNihonto","url":"https:\/\/www.supeinnihonto.com\/fr\/","logo":{"@type":"ImageObject","inLanguage":"fr-FR","@id":"https:\/\/www.supeinnihonto.com\/fr\/#\/schema\/logo\/image\/","url":"https:\/\/www.supeinnihonto.com\/wp-content\/uploads\/2021\/11\/animation_Default_3szk0jcenoloop.gif","contentUrl":"https:\/\/www.supeinnihonto.com\/wp-content\/uploads\/2021\/11\/animation_Default_3szk0jcenoloop.gif","width":750,"height":641,"caption":"SupeinNihonto"},"image":{"@id":"https:\/\/www.supeinnihonto.com\/fr\/#\/schema\/logo\/image\/"}}]}},"jetpack-related-posts":[{"id":13410,"url":"https:\/\/www.supeinnihonto.com\/fr\/produit\/netsuke-chien-et-tortue-en-ivoire\/","url_meta":{"origin":13486,"position":0},"title":"Netsuke chien et tortue en ivoire","author":"Supein Nihonto","date":"28 de mai de 2024","format":false,"excerpt":"Livraison gratuite. Un loup jouant avec une tortue, patine brune. Yeux incrust\u00e9s en corne de buffle noire. Sign\u00e9 \u00ab Tomotada \u00bb. P\u00e9riode Meiji \u2013 Taish\u014d. Livr\u00e9 avec certificat et document CITES. 3,7 x 3,4 x 2 cm","rel":"","context":"Article similaire","block_context":{"text":"Article similaire","link":""},"img":{"alt_text":"Netsuke dog and turttle ivory","src":"https:\/\/i0.wp.com\/www.supeinnihonto.com\/wp-content\/uploads\/2024\/05\/DSC_4087-scaled.jpg?fit=1200%2C800&ssl=1&resize=350%2C200","width":350,"height":200,"srcset":"https:\/\/i0.wp.com\/www.supeinnihonto.com\/wp-content\/uploads\/2024\/05\/DSC_4087-scaled.jpg?fit=1200%2C800&ssl=1&resize=350%2C200 1x, https:\/\/i0.wp.com\/www.supeinnihonto.com\/wp-content\/uploads\/2024\/05\/DSC_4087-scaled.jpg?fit=1200%2C800&ssl=1&resize=525%2C300 1.5x, https:\/\/i0.wp.com\/www.supeinnihonto.com\/wp-content\/uploads\/2024\/05\/DSC_4087-scaled.jpg?fit=1200%2C800&ssl=1&resize=700%2C400 2x, https:\/\/i0.wp.com\/www.supeinnihonto.com\/wp-content\/uploads\/2024\/05\/DSC_4087-scaled.jpg?fit=1200%2C800&ssl=1&resize=1050%2C600 3x"},"classes":[]},{"id":13484,"url":"https:\/\/www.supeinnihonto.com\/nl\/product\/okimono-schildpaddenfamilie-van-ivoor\/","url_meta":{"origin":13486,"position":1},"title":"Okimono schildpaddenfamilie van ivoor","author":"Supein Nihonto","date":"30 de mai de 2024","format":false,"excerpt":"Gratis verzending. Prachtige okimono gesneden in de vorm van een schildpaddenfamilie op een rots, met veel detail en een mooie patina. Ogen ingelegd met buffelhoorn. Gesigneerd Matsuyama aan de onderzijde. Late Edo- tot Meiji-periode. Wordt geleverd met certificaat en CITES-document. 4 x 2,8 x 2,5 cm","rel":"","context":"Article similaire","block_context":{"text":"Article similaire","link":""},"img":{"alt_text":"Okimono famille de tortues en ivoire","src":"https:\/\/i0.wp.com\/www.supeinnihonto.com\/wp-content\/uploads\/2024\/05\/Okimono-turtle-family-ivory.webp?fit=1200%2C800&ssl=1&resize=350%2C200","width":350,"height":200,"srcset":"https:\/\/i0.wp.com\/www.supeinnihonto.com\/wp-content\/uploads\/2024\/05\/Okimono-turtle-family-ivory.webp?fit=1200%2C800&ssl=1&resize=350%2C200 1x, https:\/\/i0.wp.com\/www.supeinnihonto.com\/wp-content\/uploads\/2024\/05\/Okimono-turtle-family-ivory.webp?fit=1200%2C800&ssl=1&resize=525%2C300 1.5x, https:\/\/i0.wp.com\/www.supeinnihonto.com\/wp-content\/uploads\/2024\/05\/Okimono-turtle-family-ivory.webp?fit=1200%2C800&ssl=1&resize=700%2C400 2x, https:\/\/i0.wp.com\/www.supeinnihonto.com\/wp-content\/uploads\/2024\/05\/Okimono-turtle-family-ivory.webp?fit=1200%2C800&ssl=1&resize=1050%2C600 3x"},"classes":[]},{"id":13488,"url":"https:\/\/www.supeinnihonto.com\/de\/produkt\/okimono-schildkroetenfamilie-aus-elfenbein\/","url_meta":{"origin":13486,"position":2},"title":"Okimono Schildkr\u00f6tenfamilie aus Elfenbein","author":"Supein Nihonto","date":"30 de mai de 2024","format":false,"excerpt":"Kostenloser Versand. Wundersch\u00f6nes Okimono, geschnitzt in Form einer Schildkr\u00f6tenfamilie auf einem Felsen, mit gro\u00dfartigen Details und sch\u00f6ner Patina. Augen aus eingelegtem B\u00fcffelhorn. Am Sockel mit Matsuyama signiert. Sp\u00e4te Edo- bis Meiji-Zeit. Wird mit Zertifikat und CITES-Dokument geliefert. 4 x 2,8 x 2,5 cm","rel":"","context":"Article similaire","block_context":{"text":"Article similaire","link":""},"img":{"alt_text":"Okimono famille de tortues en ivoire","src":"https:\/\/i0.wp.com\/www.supeinnihonto.com\/wp-content\/uploads\/2024\/05\/Okimono-turtle-family-ivory.webp?fit=1200%2C800&ssl=1&resize=350%2C200","width":350,"height":200,"srcset":"https:\/\/i0.wp.com\/www.supeinnihonto.com\/wp-content\/uploads\/2024\/05\/Okimono-turtle-family-ivory.webp?fit=1200%2C800&ssl=1&resize=350%2C200 1x, https:\/\/i0.wp.com\/www.supeinnihonto.com\/wp-content\/uploads\/2024\/05\/Okimono-turtle-family-ivory.webp?fit=1200%2C800&ssl=1&resize=525%2C300 1.5x, https:\/\/i0.wp.com\/www.supeinnihonto.com\/wp-content\/uploads\/2024\/05\/Okimono-turtle-family-ivory.webp?fit=1200%2C800&ssl=1&resize=700%2C400 2x, https:\/\/i0.wp.com\/www.supeinnihonto.com\/wp-content\/uploads\/2024\/05\/Okimono-turtle-family-ivory.webp?fit=1200%2C800&ssl=1&resize=1050%2C600 3x"},"classes":[]},{"id":13490,"url":"https:\/\/www.supeinnihonto.com\/it\/prodotto\/okimono-famiglia-di-tartarughe-in-avorio\/","url_meta":{"origin":13486,"position":3},"title":"Okimono famiglia di tartarughe in avorio","author":"Supein Nihonto","date":"30 de mai de 2024","format":false,"excerpt":"Spedizione gratuita. Splendido okimono intagliato raffigurante una famiglia di tartarughe su una roccia, con ottimi dettagli e una bellissima patina. Occhi intarsiati in corno di bufalo. Firmato Matsuyama alla base. Tardo periodo Edo \u2013 periodo Meiji. Fornito con certificato e documento CITES. 4 x 2,8 x 2,5 cm","rel":"","context":"Article similaire","block_context":{"text":"Article similaire","link":""},"img":{"alt_text":"Okimono famille de tortues en ivoire","src":"https:\/\/i0.wp.com\/www.supeinnihonto.com\/wp-content\/uploads\/2024\/05\/Okimono-turtle-family-ivory.webp?fit=1200%2C800&ssl=1&resize=350%2C200","width":350,"height":200,"srcset":"https:\/\/i0.wp.com\/www.supeinnihonto.com\/wp-content\/uploads\/2024\/05\/Okimono-turtle-family-ivory.webp?fit=1200%2C800&ssl=1&resize=350%2C200 1x, https:\/\/i0.wp.com\/www.supeinnihonto.com\/wp-content\/uploads\/2024\/05\/Okimono-turtle-family-ivory.webp?fit=1200%2C800&ssl=1&resize=525%2C300 1.5x, https:\/\/i0.wp.com\/www.supeinnihonto.com\/wp-content\/uploads\/2024\/05\/Okimono-turtle-family-ivory.webp?fit=1200%2C800&ssl=1&resize=700%2C400 2x, https:\/\/i0.wp.com\/www.supeinnihonto.com\/wp-content\/uploads\/2024\/05\/Okimono-turtle-family-ivory.webp?fit=1200%2C800&ssl=1&resize=1050%2C600 3x"},"classes":[]},{"id":13527,"url":"https:\/\/www.supeinnihonto.com\/fr\/produit\/okimono-ashinaga-tenaga-en-ivoire\/","url_meta":{"origin":13486,"position":4},"title":"Okimono Ashinaga Tenaga en ivoire","author":"Supein Nihonto","date":"30 de mai de 2024","format":false,"excerpt":"Livraison gratuite. Magnifique et remarquable okimono repr\u00e9sentant Ashinaga et Tenaga, deux personnages classiques du folklore japonais. Dans leurs aventures, l\u2019un poss\u00e8de de tr\u00e8s longues jambes tandis que l\u2019autre a de tr\u00e8s longs bras, formant une \u00e9quipe et s\u2019entraidant mutuellement. Dans ce superbe okimono, ils p\u00eachent des crabes. Une pi\u00e8ce exceptionnelle\u2026","rel":"","context":"Article similaire","block_context":{"text":"Article similaire","link":""},"img":{"alt_text":"Okimono Ashinaga Tenaga ivory","src":"https:\/\/i0.wp.com\/www.supeinnihonto.com\/wp-content\/uploads\/2024\/05\/Okimono-Ashinaga-Tenaga-ivory.webp?fit=800%2C1200&ssl=1&resize=350%2C200","width":350,"height":200,"srcset":"https:\/\/i0.wp.com\/www.supeinnihonto.com\/wp-content\/uploads\/2024\/05\/Okimono-Ashinaga-Tenaga-ivory.webp?fit=800%2C1200&ssl=1&resize=350%2C200 1x, https:\/\/i0.wp.com\/www.supeinnihonto.com\/wp-content\/uploads\/2024\/05\/Okimono-Ashinaga-Tenaga-ivory.webp?fit=800%2C1200&ssl=1&resize=525%2C300 1.5x, https:\/\/i0.wp.com\/www.supeinnihonto.com\/wp-content\/uploads\/2024\/05\/Okimono-Ashinaga-Tenaga-ivory.webp?fit=800%2C1200&ssl=1&resize=700%2C400 2x"},"classes":[]},{"id":13313,"url":"https:\/\/www.supeinnihonto.com\/fr\/produit\/okimono-hommes-en-fete-en-ivoire\/","url_meta":{"origin":13486,"position":5},"title":"Okimono hommes en f\u00eate en ivoire","author":"Supein Nihonto","date":"28 de mai de 2024","format":false,"excerpt":"Livraison gratuite. Okimono repr\u00e9sentant une sc\u00e8ne traditionnelle de plusieurs hommes c\u00e9l\u00e9brant un matsuri. Certains portent des mochis et une gourde contenant des boissons, tandis que des assiettes sont pos\u00e9es au sol. La base ainsi que l\u2019ensemble de la sculpture sont finement travaill\u00e9s et tr\u00e8s d\u00e9taill\u00e9s, constituant une pi\u00e8ce remarquable. La\u2026","rel":"","context":"Article similaire","block_context":{"text":"Article similaire","link":""},"img":{"alt_text":"Okimono festivity men ivory","src":"https:\/\/i0.wp.com\/www.supeinnihonto.com\/wp-content\/uploads\/2024\/05\/DSC_4053-scaled.jpg?fit=1200%2C800&ssl=1&resize=350%2C200","width":350,"height":200,"srcset":"https:\/\/i0.wp.com\/www.supeinnihonto.com\/wp-content\/uploads\/2024\/05\/DSC_4053-scaled.jpg?fit=1200%2C800&ssl=1&resize=350%2C200 1x, https:\/\/i0.wp.com\/www.supeinnihonto.com\/wp-content\/uploads\/2024\/05\/DSC_4053-scaled.jpg?fit=1200%2C800&ssl=1&resize=525%2C300 1.5x, https:\/\/i0.wp.com\/www.supeinnihonto.com\/wp-content\/uploads\/2024\/05\/DSC_4053-scaled.jpg?fit=1200%2C800&ssl=1&resize=700%2C400 2x, https:\/\/i0.wp.com\/www.supeinnihonto.com\/wp-content\/uploads\/2024\/05\/DSC_4053-scaled.jpg?fit=1200%2C800&ssl=1&resize=1050%2C600 3x"},"classes":[]}],"jetpack_sharing_enabled":true,"_links":{"self":[{"href":"https:\/\/www.supeinnihonto.com\/fr\/wp-json\/wp\/v2\/product\/13486","targetHints":{"allow":["GET"]}}],"collection":[{"href":"https:\/\/www.supeinnihonto.com\/fr\/wp-json\/wp\/v2\/product"}],"about":[{"href":"https:\/\/www.supeinnihonto.com\/fr\/wp-json\/wp\/v2\/types\/product"}],"wp:featuredmedia":[{"embeddable":true,"href":"https:\/\/www.supeinnihonto.com\/fr\/wp-json\/wp\/v2\/media\/38921"}],"wp:attachment":[{"href":"https:\/\/www.supeinnihonto.com\/fr\/wp-json\/wp\/v2\/media?parent=13486"}],"wp:term":[{"taxonomy":"product_brand","embeddable":true,"href":"https:\/\/www.supeinnihonto.com\/fr\/wp-json\/wp\/v2\/product_brand?post=13486"},{"taxonomy":"product_cat","embeddable":true,"href":"https:\/\/www.supeinnihonto.com\/fr\/wp-json\/wp\/v2\/product_cat?post=13486"},{"taxonomy":"product_tag","embeddable":true,"href":"https:\/\/www.supeinnihonto.com\/fr\/wp-json\/wp\/v2\/product_tag?post=13486"}],"curies":[{"name":"wp","href":"https:\/\/api.w.org\/{rel}","templated":true}]}}