{"id":13470,"date":"2024-05-29T17:40:37","date_gmt":"2024-05-29T17:40:37","guid":{"rendered":"https:\/\/www.supeinnihonto.com\/product\/netsuke-skull-snake-ivory\/"},"modified":"2025-12-24T20:07:12","modified_gmt":"2025-12-24T20:07:12","slug":"netsuke-crane-avec-serpent-en-ivoire","status":"publish","type":"product","link":"https:\/\/www.supeinnihonto.com\/fr\/produit\/netsuke-crane-avec-serpent-en-ivoire\/","title":{"rendered":"Netsuke cr\u00e2ne avec serpent en ivoire"},"content":{"rendered":"<p data-start=\"218\" data-end=\"237\">Livraison gratuite.<\/p>\n<p data-start=\"239\" data-end=\"466\">Netsuke sculpt\u00e9 en forme de cr\u00e2ne avec un serpent attaquant une grenouille sur le dessus. Symbolisme du <em data-start=\"343\" data-end=\"357\">memento mori<\/em>. Sculpt\u00e9 en ivoire et sign\u00e9 par l\u2019artiste \u00e0 la base. P\u00e9riode Meiji. Livr\u00e9 avec certificat et document CITES.<\/p>\n<p data-start=\"468\" data-end=\"482\">4 x 3,2 x 3 cm<\/p>\n","protected":false},"excerpt":{"rendered":"<p>Livraison gratuite. Netsuke sculpt\u00e9 en forme de cr\u00e2ne avec un serpent attaquant une grenouille sur le dessus. Symbolisme du memento mori. Sculpt\u00e9 en ivoire et sign\u00e9 par l\u2019artiste \u00e0 la base. P\u00e9riode Meiji. Livr\u00e9 avec certificat et document CITES. 4 x 3,2 x 3 cm<\/p>\n","protected":false},"featured_media":13471,"template":"","meta":{"jetpack_post_was_ever_published":false},"product_brand":[],"product_cat":[545],"product_tag":[637,653,655],"class_list":{"0":"post-13470","1":"product","2":"type-product","3":"status-publish","4":"has-post-thumbnail","6":"product_cat-netsuke","7":"product_tag-ivory","8":"product_tag-netsuke","9":"product_tag-okimono","10":"product_shipping_class-light","12":"first","13":"instock","14":"featured","15":"sold-individually","16":"shipping-taxable","17":"purchasable","18":"product-type-simple"},"yoast_head":"<!-- This site is optimized with the Yoast SEO plugin v27.4 - https:\/\/yoast.com\/product\/yoast-seo-wordpress\/ -->\n<title>Netsuke cr\u00e2ne avec serpent en ivoire - Supein Nihonto<\/title>\n<meta name=\"description\" content=\"Netsuke sculpt\u00e9 en forme de cr\u00e2ne avec un serpent attaquant une grenouille sur le dessus. Symbolisme du memento mori. Sculpt\u00e9 en ivoire et sign\u00e9 \u00e0 la base.\" \/>\n<meta name=\"robots\" content=\"index, follow, max-snippet:-1, max-image-preview:large, max-video-preview:-1\" \/>\n<link rel=\"canonical\" href=\"https:\/\/www.supeinnihonto.com\/fr\/produit\/netsuke-crane-avec-serpent-en-ivoire\/\" \/>\n<meta property=\"og:locale\" content=\"fr_FR\" \/>\n<meta property=\"og:type\" content=\"article\" \/>\n<meta property=\"og:title\" content=\"Netsuke cr\u00e2ne avec serpent en ivoire - Supein Nihonto\" \/>\n<meta property=\"og:description\" content=\"Netsuke sculpt\u00e9 en forme de cr\u00e2ne avec un serpent attaquant une grenouille sur le dessus. Symbolisme du memento mori. Sculpt\u00e9 en ivoire et sign\u00e9 \u00e0 la base.\" \/>\n<meta property=\"og:url\" content=\"https:\/\/www.supeinnihonto.com\/fr\/produit\/netsuke-crane-avec-serpent-en-ivoire\/\" \/>\n<meta property=\"og:site_name\" content=\"Supein Nihonto\" \/>\n<meta property=\"article:modified_time\" content=\"2025-12-24T20:07:12+00:00\" \/>\n<meta property=\"og:image\" content=\"https:\/\/www.supeinnihonto.com\/wp-content\/uploads\/2024\/05\/DSC_4641-scaled.jpg\" \/>\n\t<meta property=\"og:image:width\" content=\"2560\" \/>\n\t<meta property=\"og:image:height\" content=\"1707\" \/>\n\t<meta property=\"og:image:type\" content=\"image\/jpeg\" \/>\n<meta name=\"twitter:card\" content=\"summary_large_image\" \/>\n<meta name=\"twitter:label1\" content=\"Dur\u00e9e de lecture estim\u00e9e\" \/>\n\t<meta name=\"twitter:data1\" content=\"1 minute\" \/>\n<script type=\"application\/ld+json\" class=\"yoast-schema-graph\">{\"@context\":\"https:\\\/\\\/schema.org\",\"@graph\":[{\"@type\":\"WebPage\",\"@id\":\"https:\\\/\\\/www.supeinnihonto.com\\\/fr\\\/produit\\\/netsuke-crane-avec-serpent-en-ivoire\\\/\",\"url\":\"https:\\\/\\\/www.supeinnihonto.com\\\/fr\\\/produit\\\/netsuke-crane-avec-serpent-en-ivoire\\\/\",\"name\":\"Netsuke cr\u00e2ne avec serpent en ivoire - Supein Nihonto\",\"isPartOf\":{\"@id\":\"https:\\\/\\\/www.supeinnihonto.com\\\/fr\\\/#website\"},\"primaryImageOfPage\":{\"@id\":\"https:\\\/\\\/www.supeinnihonto.com\\\/fr\\\/produit\\\/netsuke-crane-avec-serpent-en-ivoire\\\/#primaryimage\"},\"image\":{\"@id\":\"https:\\\/\\\/www.supeinnihonto.com\\\/fr\\\/produit\\\/netsuke-crane-avec-serpent-en-ivoire\\\/#primaryimage\"},\"thumbnailUrl\":\"https:\\\/\\\/i0.wp.com\\\/www.supeinnihonto.com\\\/wp-content\\\/uploads\\\/2024\\\/05\\\/DSC_4641-scaled.jpg?fit=2560%2C1707&ssl=1\",\"datePublished\":\"2024-05-29T17:40:37+00:00\",\"dateModified\":\"2025-12-24T20:07:12+00:00\",\"description\":\"Netsuke sculpt\u00e9 en forme de cr\u00e2ne avec un serpent attaquant une grenouille sur le dessus. Symbolisme du memento mori. Sculpt\u00e9 en ivoire et sign\u00e9 \u00e0 la base.\",\"breadcrumb\":{\"@id\":\"https:\\\/\\\/www.supeinnihonto.com\\\/fr\\\/produit\\\/netsuke-crane-avec-serpent-en-ivoire\\\/#breadcrumb\"},\"inLanguage\":\"fr-FR\",\"potentialAction\":[{\"@type\":\"ReadAction\",\"target\":[\"https:\\\/\\\/www.supeinnihonto.com\\\/fr\\\/produit\\\/netsuke-crane-avec-serpent-en-ivoire\\\/\"]}]},{\"@type\":\"ImageObject\",\"inLanguage\":\"fr-FR\",\"@id\":\"https:\\\/\\\/www.supeinnihonto.com\\\/fr\\\/produit\\\/netsuke-crane-avec-serpent-en-ivoire\\\/#primaryimage\",\"url\":\"https:\\\/\\\/i0.wp.com\\\/www.supeinnihonto.com\\\/wp-content\\\/uploads\\\/2024\\\/05\\\/DSC_4641-scaled.jpg?fit=2560%2C1707&ssl=1\",\"contentUrl\":\"https:\\\/\\\/i0.wp.com\\\/www.supeinnihonto.com\\\/wp-content\\\/uploads\\\/2024\\\/05\\\/DSC_4641-scaled.jpg?fit=2560%2C1707&ssl=1\",\"width\":2560,\"height\":1707,\"caption\":\"Netsuke skull snake ivory\"},{\"@type\":\"BreadcrumbList\",\"@id\":\"https:\\\/\\\/www.supeinnihonto.com\\\/fr\\\/produit\\\/netsuke-crane-avec-serpent-en-ivoire\\\/#breadcrumb\",\"itemListElement\":[{\"@type\":\"ListItem\",\"position\":1,\"name\":\"Portada\",\"item\":\"https:\\\/\\\/www.supeinnihonto.com\\\/fr\\\/\"},{\"@type\":\"ListItem\",\"position\":2,\"name\":\"Shop\",\"item\":\"https:\\\/\\\/www.supeinnihonto.com\\\/fr\\\/shop\\\/\"},{\"@type\":\"ListItem\",\"position\":3,\"name\":\"Netsuke cr\u00e2ne avec serpent en ivoire\"}]},{\"@type\":\"WebSite\",\"@id\":\"https:\\\/\\\/www.supeinnihonto.com\\\/fr\\\/#website\",\"url\":\"https:\\\/\\\/www.supeinnihonto.com\\\/fr\\\/\",\"name\":\"Supein Nihonto\",\"description\":\"Authentic japanese Nihonto katana \",\"publisher\":{\"@id\":\"https:\\\/\\\/www.supeinnihonto.com\\\/fr\\\/#organization\"},\"potentialAction\":[{\"@type\":\"SearchAction\",\"target\":{\"@type\":\"EntryPoint\",\"urlTemplate\":\"https:\\\/\\\/www.supeinnihonto.com\\\/fr\\\/?s={search_term_string}\"},\"query-input\":{\"@type\":\"PropertyValueSpecification\",\"valueRequired\":true,\"valueName\":\"search_term_string\"}}],\"inLanguage\":\"fr-FR\"},{\"@type\":\"Organization\",\"@id\":\"https:\\\/\\\/www.supeinnihonto.com\\\/fr\\\/#organization\",\"name\":\"SupeinNihonto\",\"url\":\"https:\\\/\\\/www.supeinnihonto.com\\\/fr\\\/\",\"logo\":{\"@type\":\"ImageObject\",\"inLanguage\":\"fr-FR\",\"@id\":\"https:\\\/\\\/www.supeinnihonto.com\\\/fr\\\/#\\\/schema\\\/logo\\\/image\\\/\",\"url\":\"https:\\\/\\\/www.supeinnihonto.com\\\/wp-content\\\/uploads\\\/2021\\\/11\\\/animation_Default_3szk0jcenoloop.gif\",\"contentUrl\":\"https:\\\/\\\/www.supeinnihonto.com\\\/wp-content\\\/uploads\\\/2021\\\/11\\\/animation_Default_3szk0jcenoloop.gif\",\"width\":750,\"height\":641,\"caption\":\"SupeinNihonto\"},\"image\":{\"@id\":\"https:\\\/\\\/www.supeinnihonto.com\\\/fr\\\/#\\\/schema\\\/logo\\\/image\\\/\"}}]}<\/script>\n<!-- \/ Yoast SEO plugin. -->","yoast_head_json":{"title":"Netsuke cr\u00e2ne avec serpent en ivoire - Supein Nihonto","description":"Netsuke sculpt\u00e9 en forme de cr\u00e2ne avec un serpent attaquant une grenouille sur le dessus. Symbolisme du memento mori. Sculpt\u00e9 en ivoire et sign\u00e9 \u00e0 la base.","robots":{"index":"index","follow":"follow","max-snippet":"max-snippet:-1","max-image-preview":"max-image-preview:large","max-video-preview":"max-video-preview:-1"},"canonical":"https:\/\/www.supeinnihonto.com\/fr\/produit\/netsuke-crane-avec-serpent-en-ivoire\/","og_locale":"fr_FR","og_type":"article","og_title":"Netsuke cr\u00e2ne avec serpent en ivoire - Supein Nihonto","og_description":"Netsuke sculpt\u00e9 en forme de cr\u00e2ne avec un serpent attaquant une grenouille sur le dessus. Symbolisme du memento mori. Sculpt\u00e9 en ivoire et sign\u00e9 \u00e0 la base.","og_url":"https:\/\/www.supeinnihonto.com\/fr\/produit\/netsuke-crane-avec-serpent-en-ivoire\/","og_site_name":"Supein Nihonto","article_modified_time":"2025-12-24T20:07:12+00:00","og_image":[{"width":2560,"height":1707,"url":"https:\/\/www.supeinnihonto.com\/wp-content\/uploads\/2024\/05\/DSC_4641-scaled.jpg","type":"image\/jpeg"}],"twitter_card":"summary_large_image","twitter_misc":{"Dur\u00e9e de lecture estim\u00e9e":"1 minute"},"schema":{"@context":"https:\/\/schema.org","@graph":[{"@type":"WebPage","@id":"https:\/\/www.supeinnihonto.com\/fr\/produit\/netsuke-crane-avec-serpent-en-ivoire\/","url":"https:\/\/www.supeinnihonto.com\/fr\/produit\/netsuke-crane-avec-serpent-en-ivoire\/","name":"Netsuke cr\u00e2ne avec serpent en ivoire - Supein Nihonto","isPartOf":{"@id":"https:\/\/www.supeinnihonto.com\/fr\/#website"},"primaryImageOfPage":{"@id":"https:\/\/www.supeinnihonto.com\/fr\/produit\/netsuke-crane-avec-serpent-en-ivoire\/#primaryimage"},"image":{"@id":"https:\/\/www.supeinnihonto.com\/fr\/produit\/netsuke-crane-avec-serpent-en-ivoire\/#primaryimage"},"thumbnailUrl":"https:\/\/i0.wp.com\/www.supeinnihonto.com\/wp-content\/uploads\/2024\/05\/DSC_4641-scaled.jpg?fit=2560%2C1707&ssl=1","datePublished":"2024-05-29T17:40:37+00:00","dateModified":"2025-12-24T20:07:12+00:00","description":"Netsuke sculpt\u00e9 en forme de cr\u00e2ne avec un serpent attaquant une grenouille sur le dessus. Symbolisme du memento mori. Sculpt\u00e9 en ivoire et sign\u00e9 \u00e0 la base.","breadcrumb":{"@id":"https:\/\/www.supeinnihonto.com\/fr\/produit\/netsuke-crane-avec-serpent-en-ivoire\/#breadcrumb"},"inLanguage":"fr-FR","potentialAction":[{"@type":"ReadAction","target":["https:\/\/www.supeinnihonto.com\/fr\/produit\/netsuke-crane-avec-serpent-en-ivoire\/"]}]},{"@type":"ImageObject","inLanguage":"fr-FR","@id":"https:\/\/www.supeinnihonto.com\/fr\/produit\/netsuke-crane-avec-serpent-en-ivoire\/#primaryimage","url":"https:\/\/i0.wp.com\/www.supeinnihonto.com\/wp-content\/uploads\/2024\/05\/DSC_4641-scaled.jpg?fit=2560%2C1707&ssl=1","contentUrl":"https:\/\/i0.wp.com\/www.supeinnihonto.com\/wp-content\/uploads\/2024\/05\/DSC_4641-scaled.jpg?fit=2560%2C1707&ssl=1","width":2560,"height":1707,"caption":"Netsuke skull snake ivory"},{"@type":"BreadcrumbList","@id":"https:\/\/www.supeinnihonto.com\/fr\/produit\/netsuke-crane-avec-serpent-en-ivoire\/#breadcrumb","itemListElement":[{"@type":"ListItem","position":1,"name":"Portada","item":"https:\/\/www.supeinnihonto.com\/fr\/"},{"@type":"ListItem","position":2,"name":"Shop","item":"https:\/\/www.supeinnihonto.com\/fr\/shop\/"},{"@type":"ListItem","position":3,"name":"Netsuke cr\u00e2ne avec serpent en ivoire"}]},{"@type":"WebSite","@id":"https:\/\/www.supeinnihonto.com\/fr\/#website","url":"https:\/\/www.supeinnihonto.com\/fr\/","name":"Supein Nihonto","description":"Authentic japanese Nihonto katana ","publisher":{"@id":"https:\/\/www.supeinnihonto.com\/fr\/#organization"},"potentialAction":[{"@type":"SearchAction","target":{"@type":"EntryPoint","urlTemplate":"https:\/\/www.supeinnihonto.com\/fr\/?s={search_term_string}"},"query-input":{"@type":"PropertyValueSpecification","valueRequired":true,"valueName":"search_term_string"}}],"inLanguage":"fr-FR"},{"@type":"Organization","@id":"https:\/\/www.supeinnihonto.com\/fr\/#organization","name":"SupeinNihonto","url":"https:\/\/www.supeinnihonto.com\/fr\/","logo":{"@type":"ImageObject","inLanguage":"fr-FR","@id":"https:\/\/www.supeinnihonto.com\/fr\/#\/schema\/logo\/image\/","url":"https:\/\/www.supeinnihonto.com\/wp-content\/uploads\/2021\/11\/animation_Default_3szk0jcenoloop.gif","contentUrl":"https:\/\/www.supeinnihonto.com\/wp-content\/uploads\/2021\/11\/animation_Default_3szk0jcenoloop.gif","width":750,"height":641,"caption":"SupeinNihonto"},"image":{"@id":"https:\/\/www.supeinnihonto.com\/fr\/#\/schema\/logo\/image\/"}}]}},"jetpack-related-posts":[{"id":13478,"url":"https:\/\/www.supeinnihonto.com\/fr\/produit\/netsuke-crane-shibayama-en-ivoire\/","url_meta":{"origin":13470,"position":0},"title":"Netsuke cr\u00e2ne shibayama en ivoire","author":"Supein Nihonto","date":"30 de mai de 2024","format":false,"excerpt":"Livraison gratuite. Netsuke magnifiquement sculpt\u00e9 en forme de cr\u00e2ne. Il s\u2019agit d\u2019une \u0153uvre exceptionnelle d\u2019une qualit\u00e9 remarquable repr\u00e9sentant le memento mori. Le cr\u00e2ne est travaill\u00e9 avec des incrustations shibayama en nacre, ambre et autres pierres semi-pr\u00e9cieuses afin de repr\u00e9senter divers insectes sortant du cr\u00e2ne ou pos\u00e9s sur celui-ci. Sculpt\u00e9 en\u2026","rel":"","context":"Article similaire","block_context":{"text":"Article similaire","link":""},"img":{"alt_text":"Netsuke skull shibayama ivory","src":"https:\/\/i0.wp.com\/www.supeinnihonto.com\/wp-content\/uploads\/2024\/05\/DSC_4648-scaled.jpg?fit=1200%2C800&ssl=1&resize=350%2C200","width":350,"height":200,"srcset":"https:\/\/i0.wp.com\/www.supeinnihonto.com\/wp-content\/uploads\/2024\/05\/DSC_4648-scaled.jpg?fit=1200%2C800&ssl=1&resize=350%2C200 1x, https:\/\/i0.wp.com\/www.supeinnihonto.com\/wp-content\/uploads\/2024\/05\/DSC_4648-scaled.jpg?fit=1200%2C800&ssl=1&resize=525%2C300 1.5x, https:\/\/i0.wp.com\/www.supeinnihonto.com\/wp-content\/uploads\/2024\/05\/DSC_4648-scaled.jpg?fit=1200%2C800&ssl=1&resize=700%2C400 2x, https:\/\/i0.wp.com\/www.supeinnihonto.com\/wp-content\/uploads\/2024\/05\/DSC_4648-scaled.jpg?fit=1200%2C800&ssl=1&resize=1050%2C600 3x"},"classes":[]},{"id":13494,"url":"https:\/\/www.supeinnihonto.com\/fr\/produit\/netsuke-manju-cranes-en-ivoire\/","url_meta":{"origin":13470,"position":1},"title":"Netsuke manju cr\u00e2nes en ivoire","author":"Supein Nihonto","date":"30 de mai de 2024","format":false,"excerpt":"Livraison gratuite. \u00c9trange netsuke manju repr\u00e9sentant trois cr\u00e2nes dispos\u00e9s en spirale, symbolisant le memento mori. Sign\u00e9 \u00ab Matsuyama \u00bb. P\u00e9riode Meiji. Livr\u00e9 avec certificat et document CITES. 3,6 x 3,6 x 3,6 cm","rel":"","context":"Article similaire","block_context":{"text":"Article similaire","link":""},"img":{"alt_text":"Netsuke manju skulls ivory","src":"https:\/\/i0.wp.com\/www.supeinnihonto.com\/wp-content\/uploads\/2024\/05\/DSC_4662-scaled.jpg?fit=1200%2C800&ssl=1&resize=350%2C200","width":350,"height":200,"srcset":"https:\/\/i0.wp.com\/www.supeinnihonto.com\/wp-content\/uploads\/2024\/05\/DSC_4662-scaled.jpg?fit=1200%2C800&ssl=1&resize=350%2C200 1x, https:\/\/i0.wp.com\/www.supeinnihonto.com\/wp-content\/uploads\/2024\/05\/DSC_4662-scaled.jpg?fit=1200%2C800&ssl=1&resize=525%2C300 1.5x, https:\/\/i0.wp.com\/www.supeinnihonto.com\/wp-content\/uploads\/2024\/05\/DSC_4662-scaled.jpg?fit=1200%2C800&ssl=1&resize=700%2C400 2x, https:\/\/i0.wp.com\/www.supeinnihonto.com\/wp-content\/uploads\/2024\/05\/DSC_4662-scaled.jpg?fit=1200%2C800&ssl=1&resize=1050%2C600 3x"},"classes":[]},{"id":13455,"url":"https:\/\/www.supeinnihonto.com\/fr\/produit\/netsuke-crane-en-ivoire\/","url_meta":{"origin":13470,"position":2},"title":"Netsuke cr\u00e2ne en ivoire","author":"Supein Nihonto","date":"29 de mai de 2024","format":false,"excerpt":"Livraison gratuite. Netsuke en forme de cr\u00e2ne creux repr\u00e9sentant le memento mori. Probablement cr\u00e9\u00e9 \u00e0 l\u2019origine comme pommeau de canne puis utilis\u00e9 comme netsuke. P\u00e9riode Edo, avant le premier quart du XIXe si\u00e8cle. Livr\u00e9 avec certificat et document CITES. 4,3 x 4 x 3,2 cm","rel":"","context":"Article similaire","block_context":{"text":"Article similaire","link":""},"img":{"alt_text":"Netsuke Skull ivory","src":"https:\/\/i0.wp.com\/www.supeinnihonto.com\/wp-content\/uploads\/2024\/05\/DSC_4162-scaled.jpg?fit=1200%2C800&ssl=1&resize=350%2C200","width":350,"height":200,"srcset":"https:\/\/i0.wp.com\/www.supeinnihonto.com\/wp-content\/uploads\/2024\/05\/DSC_4162-scaled.jpg?fit=1200%2C800&ssl=1&resize=350%2C200 1x, https:\/\/i0.wp.com\/www.supeinnihonto.com\/wp-content\/uploads\/2024\/05\/DSC_4162-scaled.jpg?fit=1200%2C800&ssl=1&resize=525%2C300 1.5x, https:\/\/i0.wp.com\/www.supeinnihonto.com\/wp-content\/uploads\/2024\/05\/DSC_4162-scaled.jpg?fit=1200%2C800&ssl=1&resize=700%2C400 2x, https:\/\/i0.wp.com\/www.supeinnihonto.com\/wp-content\/uploads\/2024\/05\/DSC_4162-scaled.jpg?fit=1200%2C800&ssl=1&resize=1050%2C600 3x"},"classes":[]},{"id":13345,"url":"https:\/\/www.supeinnihonto.com\/fr\/produit\/netsuke-singe-et-masque-en-ivoire\/","url_meta":{"origin":13470,"position":3},"title":"Netsuke singe et masque en ivoire","author":"Supein Nihonto","date":"28 de mai de 2024","format":false,"excerpt":"Livraison gratuite. Netsuke tr\u00e8s humoristique et finement sculpt\u00e9 repr\u00e9sentant un singe en train de sculpter un masque de th\u00e9\u00e2tre n\u00f4, avec une expression concentr\u00e9e. Yeux incrust\u00e9s en corne de buffle noire. Sign\u00e9 \u00ab Matsuyama \u00bb avec incrustation rouge. P\u00e9riode Meiji. Livr\u00e9 avec certificat et document CITES. 4 x 3 x\u2026","rel":"","context":"Article similaire","block_context":{"text":"Article similaire","link":""},"img":{"alt_text":"Netsuke monkey mask ivory","src":"https:\/\/i0.wp.com\/www.supeinnihonto.com\/wp-content\/uploads\/2024\/05\/Netsuke-monkey-mask-ivory.webp?fit=1200%2C800&ssl=1&resize=350%2C200","width":350,"height":200,"srcset":"https:\/\/i0.wp.com\/www.supeinnihonto.com\/wp-content\/uploads\/2024\/05\/Netsuke-monkey-mask-ivory.webp?fit=1200%2C800&ssl=1&resize=350%2C200 1x, https:\/\/i0.wp.com\/www.supeinnihonto.com\/wp-content\/uploads\/2024\/05\/Netsuke-monkey-mask-ivory.webp?fit=1200%2C800&ssl=1&resize=525%2C300 1.5x, https:\/\/i0.wp.com\/www.supeinnihonto.com\/wp-content\/uploads\/2024\/05\/Netsuke-monkey-mask-ivory.webp?fit=1200%2C800&ssl=1&resize=700%2C400 2x, https:\/\/i0.wp.com\/www.supeinnihonto.com\/wp-content\/uploads\/2024\/05\/Netsuke-monkey-mask-ivory.webp?fit=1200%2C800&ssl=1&resize=1050%2C600 3x"},"classes":[]},{"id":13418,"url":"https:\/\/www.supeinnihonto.com\/fr\/produit\/netsuke-singe-et-poulpe-en-ivoire\/","url_meta":{"origin":13470,"position":4},"title":"Netsuke singe et poulpe en ivoire","author":"Supein Nihonto","date":"28 de mai de 2024","format":false,"excerpt":"Livraison gratuite. Netsuke tr\u00e8s humoristique et finement sculpt\u00e9 repr\u00e9sentant un singe luttant avec un poulpe. Pr\u00e9sente une polychromie rouge, jaune et noire dans les motifs de la veste. Yeux incrust\u00e9s en corne de buffle noire. Sign\u00e9 \u00ab Matsuyama \u00bb avec incrustation rouge. P\u00e9riode Meiji. Livr\u00e9 avec certificat et document CITES.\u2026","rel":"","context":"Article similaire","block_context":{"text":"Article similaire","link":""},"img":{"alt_text":"Netsuke Monkey octopus ivory","src":"https:\/\/i0.wp.com\/www.supeinnihonto.com\/wp-content\/uploads\/2024\/05\/DSC_4125-scaled.jpg?fit=1200%2C800&ssl=1&resize=350%2C200","width":350,"height":200,"srcset":"https:\/\/i0.wp.com\/www.supeinnihonto.com\/wp-content\/uploads\/2024\/05\/DSC_4125-scaled.jpg?fit=1200%2C800&ssl=1&resize=350%2C200 1x, https:\/\/i0.wp.com\/www.supeinnihonto.com\/wp-content\/uploads\/2024\/05\/DSC_4125-scaled.jpg?fit=1200%2C800&ssl=1&resize=525%2C300 1.5x, https:\/\/i0.wp.com\/www.supeinnihonto.com\/wp-content\/uploads\/2024\/05\/DSC_4125-scaled.jpg?fit=1200%2C800&ssl=1&resize=700%2C400 2x, https:\/\/i0.wp.com\/www.supeinnihonto.com\/wp-content\/uploads\/2024\/05\/DSC_4125-scaled.jpg?fit=1200%2C800&ssl=1&resize=1050%2C600 3x"},"classes":[]},{"id":13486,"url":"https:\/\/www.supeinnihonto.com\/fr\/produit\/okimono-famille-de-tortues-en-ivoire\/","url_meta":{"origin":13470,"position":5},"title":"Okimono famille de tortues en ivoire","author":"Supein Nihonto","date":"30 de mai de 2024","format":false,"excerpt":"Livraison gratuite. Magnifique okimono sculpt\u00e9 repr\u00e9sentant une famille de tortues sur un rocher, avec de superbes d\u00e9tails et une belle patine. Yeux incrust\u00e9s en corne de buffle. Sign\u00e9 Matsuyama \u00e0 la base. Fin de la p\u00e9riode Edo \u2013 p\u00e9riode Meiji. Livr\u00e9 avec certificat et document CITES. 4 x 2,8 x\u2026","rel":"","context":"Article similaire","block_context":{"text":"Article similaire","link":""},"img":{"alt_text":"Okimono famille de tortues en ivoire","src":"https:\/\/i0.wp.com\/www.supeinnihonto.com\/wp-content\/uploads\/2024\/05\/Okimono-turtle-family-ivory.webp?fit=1200%2C800&ssl=1&resize=350%2C200","width":350,"height":200,"srcset":"https:\/\/i0.wp.com\/www.supeinnihonto.com\/wp-content\/uploads\/2024\/05\/Okimono-turtle-family-ivory.webp?fit=1200%2C800&ssl=1&resize=350%2C200 1x, https:\/\/i0.wp.com\/www.supeinnihonto.com\/wp-content\/uploads\/2024\/05\/Okimono-turtle-family-ivory.webp?fit=1200%2C800&ssl=1&resize=525%2C300 1.5x, https:\/\/i0.wp.com\/www.supeinnihonto.com\/wp-content\/uploads\/2024\/05\/Okimono-turtle-family-ivory.webp?fit=1200%2C800&ssl=1&resize=700%2C400 2x, https:\/\/i0.wp.com\/www.supeinnihonto.com\/wp-content\/uploads\/2024\/05\/Okimono-turtle-family-ivory.webp?fit=1200%2C800&ssl=1&resize=1050%2C600 3x"},"classes":[]}],"jetpack_sharing_enabled":true,"_links":{"self":[{"href":"https:\/\/www.supeinnihonto.com\/fr\/wp-json\/wp\/v2\/product\/13470","targetHints":{"allow":["GET"]}}],"collection":[{"href":"https:\/\/www.supeinnihonto.com\/fr\/wp-json\/wp\/v2\/product"}],"about":[{"href":"https:\/\/www.supeinnihonto.com\/fr\/wp-json\/wp\/v2\/types\/product"}],"wp:featuredmedia":[{"embeddable":true,"href":"https:\/\/www.supeinnihonto.com\/fr\/wp-json\/wp\/v2\/media\/13471"}],"wp:attachment":[{"href":"https:\/\/www.supeinnihonto.com\/fr\/wp-json\/wp\/v2\/media?parent=13470"}],"wp:term":[{"taxonomy":"product_brand","embeddable":true,"href":"https:\/\/www.supeinnihonto.com\/fr\/wp-json\/wp\/v2\/product_brand?post=13470"},{"taxonomy":"product_cat","embeddable":true,"href":"https:\/\/www.supeinnihonto.com\/fr\/wp-json\/wp\/v2\/product_cat?post=13470"},{"taxonomy":"product_tag","embeddable":true,"href":"https:\/\/www.supeinnihonto.com\/fr\/wp-json\/wp\/v2\/product_tag?post=13470"}],"curies":[{"name":"wp","href":"https:\/\/api.w.org\/{rel}","templated":true}]}}