{"id":13394,"date":"2024-05-28T15:33:53","date_gmt":"2024-05-28T15:33:53","guid":{"rendered":"https:\/\/www.supeinnihonto.com\/product\/netsuke-lying-ox-ivory\/"},"modified":"2025-12-26T11:14:52","modified_gmt":"2025-12-26T11:14:52","slug":"netsuke-boeuf-couche-en-ivoire-2","status":"publish","type":"product","link":"https:\/\/www.supeinnihonto.com\/fr\/produit\/netsuke-boeuf-couche-en-ivoire-2\/","title":{"rendered":"Netsuke b\u0153uf couch\u00e9 en ivoire"},"content":{"rendered":"<p data-start=\"231\" data-end=\"250\">Livraison gratuite.<\/p>\n<p data-start=\"252\" data-end=\"404\">B\u0153uf couch\u00e9 en ivoire avec yeux incrust\u00e9s en corne de buffle noire. Sign\u00e9 par l\u2019auteur. P\u00e9riode Meiji \u2013 Taish\u014d. Livr\u00e9 avec certificat et document CITES.<\/p>\n<p data-start=\"406\" data-end=\"422\">4 x 3,3 x 2,3 cm<\/p>\n","protected":false},"excerpt":{"rendered":"<p>Livraison gratuite. B\u0153uf couch\u00e9 en ivoire avec yeux incrust\u00e9s en corne de buffle noire. Sign\u00e9 par l\u2019auteur. P\u00e9riode Meiji \u2013 Taish\u014d. Livr\u00e9 avec certificat et document CITES. 4 x 3,3 x 2,3 cm<\/p>\n","protected":false},"featured_media":13395,"template":"","meta":{"jetpack_post_was_ever_published":false},"product_brand":[],"product_cat":[545],"product_tag":[637,653,655],"class_list":{"0":"post-13394","1":"product","2":"type-product","3":"status-publish","4":"has-post-thumbnail","6":"product_cat-netsuke","7":"product_tag-ivory","8":"product_tag-netsuke","9":"product_tag-okimono","10":"product_shipping_class-light","12":"first","13":"instock","14":"featured","15":"sold-individually","16":"shipping-taxable","17":"purchasable","18":"product-type-simple"},"yoast_head":"<!-- This site is optimized with the Yoast SEO plugin v27.5 - https:\/\/yoast.com\/product\/yoast-seo-wordpress\/ -->\n<title>Netsuke b\u0153uf couch\u00e9 en ivoire - Supein Nihonto<\/title>\n<meta name=\"description\" content=\"B\u0153uf couch\u00e9 en ivoire avec yeux incrust\u00e9s en corne de buffle noire. Sign\u00e9 \u00ab Tomokazu \u00bb. P\u00e9riode Meiji \u2013 Taish\u014d. Livr\u00e9 avec certificat et document CITES.\" \/>\n<meta name=\"robots\" content=\"index, follow, max-snippet:-1, max-image-preview:large, max-video-preview:-1\" \/>\n<link rel=\"canonical\" href=\"https:\/\/www.supeinnihonto.com\/fr\/produit\/netsuke-boeuf-couche-en-ivoire-2\/\" \/>\n<meta property=\"og:locale\" content=\"fr_FR\" \/>\n<meta property=\"og:type\" content=\"article\" \/>\n<meta property=\"og:title\" content=\"Netsuke b\u0153uf couch\u00e9 en ivoire - Supein Nihonto\" \/>\n<meta property=\"og:description\" content=\"B\u0153uf couch\u00e9 en ivoire avec yeux incrust\u00e9s en corne de buffle noire. Sign\u00e9 \u00ab Tomokazu \u00bb. P\u00e9riode Meiji \u2013 Taish\u014d. Livr\u00e9 avec certificat et document CITES.\" \/>\n<meta property=\"og:url\" content=\"https:\/\/www.supeinnihonto.com\/fr\/produit\/netsuke-boeuf-couche-en-ivoire-2\/\" \/>\n<meta property=\"og:site_name\" content=\"Supein Nihonto\" \/>\n<meta property=\"article:modified_time\" content=\"2025-12-26T11:14:52+00:00\" \/>\n<meta property=\"og:image\" content=\"https:\/\/www.supeinnihonto.com\/wp-content\/uploads\/2024\/05\/DSC_4076-scaled.jpg\" \/>\n\t<meta property=\"og:image:width\" content=\"2560\" \/>\n\t<meta property=\"og:image:height\" content=\"1707\" \/>\n\t<meta property=\"og:image:type\" content=\"image\/jpeg\" \/>\n<meta name=\"twitter:card\" content=\"summary_large_image\" \/>\n<meta name=\"twitter:label1\" content=\"Dur\u00e9e de lecture estim\u00e9e\" \/>\n\t<meta name=\"twitter:data1\" content=\"1 minute\" \/>\n<script type=\"application\/ld+json\" class=\"yoast-schema-graph\">{\"@context\":\"https:\\\/\\\/schema.org\",\"@graph\":[{\"@type\":\"WebPage\",\"@id\":\"https:\\\/\\\/www.supeinnihonto.com\\\/fr\\\/produit\\\/netsuke-boeuf-couche-en-ivoire-2\\\/\",\"url\":\"https:\\\/\\\/www.supeinnihonto.com\\\/fr\\\/produit\\\/netsuke-boeuf-couche-en-ivoire-2\\\/\",\"name\":\"Netsuke b\u0153uf couch\u00e9 en ivoire - Supein Nihonto\",\"isPartOf\":{\"@id\":\"https:\\\/\\\/www.supeinnihonto.com\\\/fr\\\/#website\"},\"primaryImageOfPage\":{\"@id\":\"https:\\\/\\\/www.supeinnihonto.com\\\/fr\\\/produit\\\/netsuke-boeuf-couche-en-ivoire-2\\\/#primaryimage\"},\"image\":{\"@id\":\"https:\\\/\\\/www.supeinnihonto.com\\\/fr\\\/produit\\\/netsuke-boeuf-couche-en-ivoire-2\\\/#primaryimage\"},\"thumbnailUrl\":\"https:\\\/\\\/i0.wp.com\\\/www.supeinnihonto.com\\\/wp-content\\\/uploads\\\/2024\\\/05\\\/DSC_4076-scaled.jpg?fit=2560%2C1707&ssl=1\",\"datePublished\":\"2024-05-28T15:33:53+00:00\",\"dateModified\":\"2025-12-26T11:14:52+00:00\",\"description\":\"B\u0153uf couch\u00e9 en ivoire avec yeux incrust\u00e9s en corne de buffle noire. Sign\u00e9 \u00ab Tomokazu \u00bb. P\u00e9riode Meiji \u2013 Taish\u014d. Livr\u00e9 avec certificat et document CITES.\",\"breadcrumb\":{\"@id\":\"https:\\\/\\\/www.supeinnihonto.com\\\/fr\\\/produit\\\/netsuke-boeuf-couche-en-ivoire-2\\\/#breadcrumb\"},\"inLanguage\":\"fr-FR\",\"potentialAction\":[{\"@type\":\"ReadAction\",\"target\":[\"https:\\\/\\\/www.supeinnihonto.com\\\/fr\\\/produit\\\/netsuke-boeuf-couche-en-ivoire-2\\\/\"]}]},{\"@type\":\"ImageObject\",\"inLanguage\":\"fr-FR\",\"@id\":\"https:\\\/\\\/www.supeinnihonto.com\\\/fr\\\/produit\\\/netsuke-boeuf-couche-en-ivoire-2\\\/#primaryimage\",\"url\":\"https:\\\/\\\/i0.wp.com\\\/www.supeinnihonto.com\\\/wp-content\\\/uploads\\\/2024\\\/05\\\/DSC_4076-scaled.jpg?fit=2560%2C1707&ssl=1\",\"contentUrl\":\"https:\\\/\\\/i0.wp.com\\\/www.supeinnihonto.com\\\/wp-content\\\/uploads\\\/2024\\\/05\\\/DSC_4076-scaled.jpg?fit=2560%2C1707&ssl=1\",\"width\":2560,\"height\":1707,\"caption\":\"Netsuke lying ox ivory\"},{\"@type\":\"BreadcrumbList\",\"@id\":\"https:\\\/\\\/www.supeinnihonto.com\\\/fr\\\/produit\\\/netsuke-boeuf-couche-en-ivoire-2\\\/#breadcrumb\",\"itemListElement\":[{\"@type\":\"ListItem\",\"position\":1,\"name\":\"Portada\",\"item\":\"https:\\\/\\\/www.supeinnihonto.com\\\/fr\\\/\"},{\"@type\":\"ListItem\",\"position\":2,\"name\":\"Shop\",\"item\":\"https:\\\/\\\/www.supeinnihonto.com\\\/fr\\\/shop\\\/\"},{\"@type\":\"ListItem\",\"position\":3,\"name\":\"Netsuke b\u0153uf couch\u00e9 en ivoire\"}]},{\"@type\":\"WebSite\",\"@id\":\"https:\\\/\\\/www.supeinnihonto.com\\\/fr\\\/#website\",\"url\":\"https:\\\/\\\/www.supeinnihonto.com\\\/fr\\\/\",\"name\":\"Supein Nihonto\",\"description\":\"Authentic japanese Nihonto katana \",\"publisher\":{\"@id\":\"https:\\\/\\\/www.supeinnihonto.com\\\/fr\\\/#organization\"},\"potentialAction\":[{\"@type\":\"SearchAction\",\"target\":{\"@type\":\"EntryPoint\",\"urlTemplate\":\"https:\\\/\\\/www.supeinnihonto.com\\\/fr\\\/?s={search_term_string}\"},\"query-input\":{\"@type\":\"PropertyValueSpecification\",\"valueRequired\":true,\"valueName\":\"search_term_string\"}}],\"inLanguage\":\"fr-FR\"},{\"@type\":\"Organization\",\"@id\":\"https:\\\/\\\/www.supeinnihonto.com\\\/fr\\\/#organization\",\"name\":\"SupeinNihonto\",\"url\":\"https:\\\/\\\/www.supeinnihonto.com\\\/fr\\\/\",\"logo\":{\"@type\":\"ImageObject\",\"inLanguage\":\"fr-FR\",\"@id\":\"https:\\\/\\\/www.supeinnihonto.com\\\/fr\\\/#\\\/schema\\\/logo\\\/image\\\/\",\"url\":\"https:\\\/\\\/www.supeinnihonto.com\\\/wp-content\\\/uploads\\\/2021\\\/11\\\/animation_Default_3szk0jcenoloop.gif\",\"contentUrl\":\"https:\\\/\\\/www.supeinnihonto.com\\\/wp-content\\\/uploads\\\/2021\\\/11\\\/animation_Default_3szk0jcenoloop.gif\",\"width\":750,\"height\":641,\"caption\":\"SupeinNihonto\"},\"image\":{\"@id\":\"https:\\\/\\\/www.supeinnihonto.com\\\/fr\\\/#\\\/schema\\\/logo\\\/image\\\/\"}}]}<\/script>\n<!-- \/ Yoast SEO plugin. -->","yoast_head_json":{"title":"Netsuke b\u0153uf couch\u00e9 en ivoire - Supein Nihonto","description":"B\u0153uf couch\u00e9 en ivoire avec yeux incrust\u00e9s en corne de buffle noire. Sign\u00e9 \u00ab Tomokazu \u00bb. P\u00e9riode Meiji \u2013 Taish\u014d. Livr\u00e9 avec certificat et document CITES.","robots":{"index":"index","follow":"follow","max-snippet":"max-snippet:-1","max-image-preview":"max-image-preview:large","max-video-preview":"max-video-preview:-1"},"canonical":"https:\/\/www.supeinnihonto.com\/fr\/produit\/netsuke-boeuf-couche-en-ivoire-2\/","og_locale":"fr_FR","og_type":"article","og_title":"Netsuke b\u0153uf couch\u00e9 en ivoire - Supein Nihonto","og_description":"B\u0153uf couch\u00e9 en ivoire avec yeux incrust\u00e9s en corne de buffle noire. Sign\u00e9 \u00ab Tomokazu \u00bb. P\u00e9riode Meiji \u2013 Taish\u014d. Livr\u00e9 avec certificat et document CITES.","og_url":"https:\/\/www.supeinnihonto.com\/fr\/produit\/netsuke-boeuf-couche-en-ivoire-2\/","og_site_name":"Supein Nihonto","article_modified_time":"2025-12-26T11:14:52+00:00","og_image":[{"width":2560,"height":1707,"url":"https:\/\/www.supeinnihonto.com\/wp-content\/uploads\/2024\/05\/DSC_4076-scaled.jpg","type":"image\/jpeg"}],"twitter_card":"summary_large_image","twitter_misc":{"Dur\u00e9e de lecture estim\u00e9e":"1 minute"},"schema":{"@context":"https:\/\/schema.org","@graph":[{"@type":"WebPage","@id":"https:\/\/www.supeinnihonto.com\/fr\/produit\/netsuke-boeuf-couche-en-ivoire-2\/","url":"https:\/\/www.supeinnihonto.com\/fr\/produit\/netsuke-boeuf-couche-en-ivoire-2\/","name":"Netsuke b\u0153uf couch\u00e9 en ivoire - Supein Nihonto","isPartOf":{"@id":"https:\/\/www.supeinnihonto.com\/fr\/#website"},"primaryImageOfPage":{"@id":"https:\/\/www.supeinnihonto.com\/fr\/produit\/netsuke-boeuf-couche-en-ivoire-2\/#primaryimage"},"image":{"@id":"https:\/\/www.supeinnihonto.com\/fr\/produit\/netsuke-boeuf-couche-en-ivoire-2\/#primaryimage"},"thumbnailUrl":"https:\/\/i0.wp.com\/www.supeinnihonto.com\/wp-content\/uploads\/2024\/05\/DSC_4076-scaled.jpg?fit=2560%2C1707&ssl=1","datePublished":"2024-05-28T15:33:53+00:00","dateModified":"2025-12-26T11:14:52+00:00","description":"B\u0153uf couch\u00e9 en ivoire avec yeux incrust\u00e9s en corne de buffle noire. Sign\u00e9 \u00ab Tomokazu \u00bb. P\u00e9riode Meiji \u2013 Taish\u014d. Livr\u00e9 avec certificat et document CITES.","breadcrumb":{"@id":"https:\/\/www.supeinnihonto.com\/fr\/produit\/netsuke-boeuf-couche-en-ivoire-2\/#breadcrumb"},"inLanguage":"fr-FR","potentialAction":[{"@type":"ReadAction","target":["https:\/\/www.supeinnihonto.com\/fr\/produit\/netsuke-boeuf-couche-en-ivoire-2\/"]}]},{"@type":"ImageObject","inLanguage":"fr-FR","@id":"https:\/\/www.supeinnihonto.com\/fr\/produit\/netsuke-boeuf-couche-en-ivoire-2\/#primaryimage","url":"https:\/\/i0.wp.com\/www.supeinnihonto.com\/wp-content\/uploads\/2024\/05\/DSC_4076-scaled.jpg?fit=2560%2C1707&ssl=1","contentUrl":"https:\/\/i0.wp.com\/www.supeinnihonto.com\/wp-content\/uploads\/2024\/05\/DSC_4076-scaled.jpg?fit=2560%2C1707&ssl=1","width":2560,"height":1707,"caption":"Netsuke lying ox ivory"},{"@type":"BreadcrumbList","@id":"https:\/\/www.supeinnihonto.com\/fr\/produit\/netsuke-boeuf-couche-en-ivoire-2\/#breadcrumb","itemListElement":[{"@type":"ListItem","position":1,"name":"Portada","item":"https:\/\/www.supeinnihonto.com\/fr\/"},{"@type":"ListItem","position":2,"name":"Shop","item":"https:\/\/www.supeinnihonto.com\/fr\/shop\/"},{"@type":"ListItem","position":3,"name":"Netsuke b\u0153uf couch\u00e9 en ivoire"}]},{"@type":"WebSite","@id":"https:\/\/www.supeinnihonto.com\/fr\/#website","url":"https:\/\/www.supeinnihonto.com\/fr\/","name":"Supein Nihonto","description":"Authentic japanese Nihonto katana ","publisher":{"@id":"https:\/\/www.supeinnihonto.com\/fr\/#organization"},"potentialAction":[{"@type":"SearchAction","target":{"@type":"EntryPoint","urlTemplate":"https:\/\/www.supeinnihonto.com\/fr\/?s={search_term_string}"},"query-input":{"@type":"PropertyValueSpecification","valueRequired":true,"valueName":"search_term_string"}}],"inLanguage":"fr-FR"},{"@type":"Organization","@id":"https:\/\/www.supeinnihonto.com\/fr\/#organization","name":"SupeinNihonto","url":"https:\/\/www.supeinnihonto.com\/fr\/","logo":{"@type":"ImageObject","inLanguage":"fr-FR","@id":"https:\/\/www.supeinnihonto.com\/fr\/#\/schema\/logo\/image\/","url":"https:\/\/www.supeinnihonto.com\/wp-content\/uploads\/2021\/11\/animation_Default_3szk0jcenoloop.gif","contentUrl":"https:\/\/www.supeinnihonto.com\/wp-content\/uploads\/2021\/11\/animation_Default_3szk0jcenoloop.gif","width":750,"height":641,"caption":"SupeinNihonto"},"image":{"@id":"https:\/\/www.supeinnihonto.com\/fr\/#\/schema\/logo\/image\/"}}]}},"jetpack-related-posts":[{"id":13442,"url":"https:\/\/www.supeinnihonto.com\/fr\/produit\/netsuke-boeuf-couche-en-ivoire\/","url_meta":{"origin":13394,"position":0},"title":"Netsuke b\u0153uf couch\u00e9 en ivoire","author":"Supein Nihonto","date":"29 de mai de 2024","format":false,"excerpt":"Livraison gratuite. Netsuke en ivoire repr\u00e9sentant un b\u0153uf couch\u00e9. Gravure teint\u00e9e. Sign\u00e9 \u00e0 la base par l\u2019auteur. P\u00e9riode Meiji \u2013 Taish\u014d. Livr\u00e9 avec certificat et document CITES. 5,2 x 3 x 2,2 cm","rel":"","context":"Article similaire","block_context":{"text":"Article similaire","link":""},"img":{"alt_text":"Netsuke reclining ox ivory","src":"https:\/\/i0.wp.com\/www.supeinnihonto.com\/wp-content\/uploads\/2024\/05\/DSC_4149-scaled.jpg?fit=1200%2C800&ssl=1&resize=350%2C200","width":350,"height":200,"srcset":"https:\/\/i0.wp.com\/www.supeinnihonto.com\/wp-content\/uploads\/2024\/05\/DSC_4149-scaled.jpg?fit=1200%2C800&ssl=1&resize=350%2C200 1x, https:\/\/i0.wp.com\/www.supeinnihonto.com\/wp-content\/uploads\/2024\/05\/DSC_4149-scaled.jpg?fit=1200%2C800&ssl=1&resize=525%2C300 1.5x, https:\/\/i0.wp.com\/www.supeinnihonto.com\/wp-content\/uploads\/2024\/05\/DSC_4149-scaled.jpg?fit=1200%2C800&ssl=1&resize=700%2C400 2x, https:\/\/i0.wp.com\/www.supeinnihonto.com\/wp-content\/uploads\/2024\/05\/DSC_4149-scaled.jpg?fit=1200%2C800&ssl=1&resize=1050%2C600 3x"},"classes":[]},{"id":14142,"url":"https:\/\/www.supeinnihonto.com\/fr\/produit\/netsuke-shichifukujin-en-ivoire\/","url_meta":{"origin":13394,"position":1},"title":"Netsuke Shichifukujin en ivoire","author":"Supein Nihonto","date":"28 de mai de 2024","format":false,"excerpt":"Livraison gratuite. Superbe netsuke repr\u00e9sentant les sept dieux de la fortune sous un cerisier avec un b\u0153uf. Travail de sculpture exceptionnel, permettant d\u2019appr\u00e9cier tous les d\u00e9tails de cette petite pi\u00e8ce. Les \u0153uvres de ce type, o\u00f9 tous les membres sont repr\u00e9sent\u00e9s, sont tr\u00e8s recherch\u00e9es et appr\u00e9ci\u00e9es par les collectionneurs, d\u2019autant\u2026","rel":"","context":"Article similaire","block_context":{"text":"Article similaire","link":""},"img":{"alt_text":"Netsuke Shichifukujin ivory","src":"https:\/\/i0.wp.com\/www.supeinnihonto.com\/wp-content\/uploads\/2024\/05\/DSC_4006-scaled.jpg?fit=1200%2C800&ssl=1&resize=350%2C200","width":350,"height":200,"srcset":"https:\/\/i0.wp.com\/www.supeinnihonto.com\/wp-content\/uploads\/2024\/05\/DSC_4006-scaled.jpg?fit=1200%2C800&ssl=1&resize=350%2C200 1x, https:\/\/i0.wp.com\/www.supeinnihonto.com\/wp-content\/uploads\/2024\/05\/DSC_4006-scaled.jpg?fit=1200%2C800&ssl=1&resize=525%2C300 1.5x, https:\/\/i0.wp.com\/www.supeinnihonto.com\/wp-content\/uploads\/2024\/05\/DSC_4006-scaled.jpg?fit=1200%2C800&ssl=1&resize=700%2C400 2x, https:\/\/i0.wp.com\/www.supeinnihonto.com\/wp-content\/uploads\/2024\/05\/DSC_4006-scaled.jpg?fit=1200%2C800&ssl=1&resize=1050%2C600 3x"},"classes":[]},{"id":13357,"url":"https:\/\/www.supeinnihonto.com\/fr\/produit\/netsuke-sanglier-en-ivoire\/","url_meta":{"origin":13394,"position":2},"title":"Netsuke sanglier en ivoire","author":"Supein Nihonto","date":"28 de mai de 2024","format":false,"excerpt":"Livraison gratuite. Netsuke repr\u00e9sentant un sanglier couch\u00e9. Sign\u00e9 \u00e0 la base \u00ab Gyokuseki \u00bb. Gravure teint\u00e9e de brun. P\u00e9riode Meiji. Livr\u00e9 avec certificat et document CITES. 5 x 3 x 2 cm","rel":"","context":"Article similaire","block_context":{"text":"Article similaire","link":""},"img":{"alt_text":"Netsuke wild boar ivory","src":"https:\/\/i0.wp.com\/www.supeinnihonto.com\/wp-content\/uploads\/2024\/05\/Netsuke-wild-boar-ivory.webp?fit=1200%2C800&ssl=1&resize=350%2C200","width":350,"height":200,"srcset":"https:\/\/i0.wp.com\/www.supeinnihonto.com\/wp-content\/uploads\/2024\/05\/Netsuke-wild-boar-ivory.webp?fit=1200%2C800&ssl=1&resize=350%2C200 1x, https:\/\/i0.wp.com\/www.supeinnihonto.com\/wp-content\/uploads\/2024\/05\/Netsuke-wild-boar-ivory.webp?fit=1200%2C800&ssl=1&resize=525%2C300 1.5x, https:\/\/i0.wp.com\/www.supeinnihonto.com\/wp-content\/uploads\/2024\/05\/Netsuke-wild-boar-ivory.webp?fit=1200%2C800&ssl=1&resize=700%2C400 2x, https:\/\/i0.wp.com\/www.supeinnihonto.com\/wp-content\/uploads\/2024\/05\/Netsuke-wild-boar-ivory.webp?fit=1200%2C800&ssl=1&resize=1050%2C600 3x"},"classes":[]},{"id":13373,"url":"https:\/\/www.supeinnihonto.com\/fr\/produit\/netsuke-recumber-boar-ivory\/","url_meta":{"origin":13394,"position":3},"title":"Netsuke sanglier couch\u00e9 en ivoire","author":"Supein Nihonto","date":"28 de mai de 2024","format":false,"excerpt":"Livraison gratuite. Netsuke en ivoire repr\u00e9sentant un sanglier couch\u00e9. Joli netsuke avec polychromie verte encore conserv\u00e9e sur les feuilles et patine noire du sanglier allong\u00e9 sur un tas de feuilles. Sign\u00e9 \u00ab Tomokazu \u00bb \u00e0 la base. P\u00e9riode Meiji ou Taish\u014d, XXe si\u00e8cle. Livr\u00e9 avec certificat et document CITES. 5,5\u2026","rel":"","context":"Article similaire","block_context":{"text":"Article similaire","link":""},"img":{"alt_text":"Netsuke recumber boar ivory","src":"https:\/\/i0.wp.com\/www.supeinnihonto.com\/wp-content\/uploads\/2024\/05\/DSC_4104-scaled-1.webp?fit=1200%2C800&ssl=1&resize=350%2C200","width":350,"height":200,"srcset":"https:\/\/i0.wp.com\/www.supeinnihonto.com\/wp-content\/uploads\/2024\/05\/DSC_4104-scaled-1.webp?fit=1200%2C800&ssl=1&resize=350%2C200 1x, https:\/\/i0.wp.com\/www.supeinnihonto.com\/wp-content\/uploads\/2024\/05\/DSC_4104-scaled-1.webp?fit=1200%2C800&ssl=1&resize=525%2C300 1.5x, https:\/\/i0.wp.com\/www.supeinnihonto.com\/wp-content\/uploads\/2024\/05\/DSC_4104-scaled-1.webp?fit=1200%2C800&ssl=1&resize=700%2C400 2x, https:\/\/i0.wp.com\/www.supeinnihonto.com\/wp-content\/uploads\/2024\/05\/DSC_4104-scaled-1.webp?fit=1200%2C800&ssl=1&resize=1050%2C600 3x"},"classes":[]},{"id":13470,"url":"https:\/\/www.supeinnihonto.com\/fr\/produit\/netsuke-crane-avec-serpent-en-ivoire\/","url_meta":{"origin":13394,"position":4},"title":"Netsuke cr\u00e2ne avec serpent en ivoire","author":"Supein Nihonto","date":"29 de mai de 2024","format":false,"excerpt":"Livraison gratuite. Netsuke sculpt\u00e9 en forme de cr\u00e2ne avec un serpent attaquant une grenouille sur le dessus. Symbolisme du memento mori. Sculpt\u00e9 en ivoire et sign\u00e9 par l\u2019artiste \u00e0 la base. P\u00e9riode Meiji. Livr\u00e9 avec certificat et document CITES. 4 x 3,2 x 3 cm","rel":"","context":"Article similaire","block_context":{"text":"Article similaire","link":""},"img":{"alt_text":"Netsuke skull snake ivory","src":"https:\/\/i0.wp.com\/www.supeinnihonto.com\/wp-content\/uploads\/2024\/05\/DSC_4641-scaled.jpg?fit=1200%2C800&ssl=1&resize=350%2C200","width":350,"height":200,"srcset":"https:\/\/i0.wp.com\/www.supeinnihonto.com\/wp-content\/uploads\/2024\/05\/DSC_4641-scaled.jpg?fit=1200%2C800&ssl=1&resize=350%2C200 1x, https:\/\/i0.wp.com\/www.supeinnihonto.com\/wp-content\/uploads\/2024\/05\/DSC_4641-scaled.jpg?fit=1200%2C800&ssl=1&resize=525%2C300 1.5x, https:\/\/i0.wp.com\/www.supeinnihonto.com\/wp-content\/uploads\/2024\/05\/DSC_4641-scaled.jpg?fit=1200%2C800&ssl=1&resize=700%2C400 2x, https:\/\/i0.wp.com\/www.supeinnihonto.com\/wp-content\/uploads\/2024\/05\/DSC_4641-scaled.jpg?fit=1200%2C800&ssl=1&resize=1050%2C600 3x"},"classes":[]},{"id":13326,"url":"https:\/\/www.supeinnihonto.com\/fr\/produit\/netsuke-singe-en-ivoire\/","url_meta":{"origin":13394,"position":5},"title":"Netsuke singe en ivoire","author":"Supein Nihonto","date":"28 de mai de 2024","format":false,"excerpt":"Livraison gratuite. Netsuke en ivoire repr\u00e9sentant un singe, avec gravure teint\u00e9e de brun, sign\u00e9 \u00ab Matsuyama \u00bb. P\u00e9riode Meiji. Livr\u00e9 avec certificat et document CITES. 4,3 x 3 x 2,7 cm","rel":"","context":"Article similaire","block_context":{"text":"Article similaire","link":""},"img":{"alt_text":"Netsuke monkey ivory","src":"https:\/\/i0.wp.com\/www.supeinnihonto.com\/wp-content\/uploads\/2024\/05\/DSC_4065-scaled.jpg?fit=1200%2C800&ssl=1&resize=350%2C200","width":350,"height":200,"srcset":"https:\/\/i0.wp.com\/www.supeinnihonto.com\/wp-content\/uploads\/2024\/05\/DSC_4065-scaled.jpg?fit=1200%2C800&ssl=1&resize=350%2C200 1x, https:\/\/i0.wp.com\/www.supeinnihonto.com\/wp-content\/uploads\/2024\/05\/DSC_4065-scaled.jpg?fit=1200%2C800&ssl=1&resize=525%2C300 1.5x, https:\/\/i0.wp.com\/www.supeinnihonto.com\/wp-content\/uploads\/2024\/05\/DSC_4065-scaled.jpg?fit=1200%2C800&ssl=1&resize=700%2C400 2x, https:\/\/i0.wp.com\/www.supeinnihonto.com\/wp-content\/uploads\/2024\/05\/DSC_4065-scaled.jpg?fit=1200%2C800&ssl=1&resize=1050%2C600 3x"},"classes":[]}],"jetpack_sharing_enabled":true,"_links":{"self":[{"href":"https:\/\/www.supeinnihonto.com\/fr\/wp-json\/wp\/v2\/product\/13394","targetHints":{"allow":["GET"]}}],"collection":[{"href":"https:\/\/www.supeinnihonto.com\/fr\/wp-json\/wp\/v2\/product"}],"about":[{"href":"https:\/\/www.supeinnihonto.com\/fr\/wp-json\/wp\/v2\/types\/product"}],"wp:featuredmedia":[{"embeddable":true,"href":"https:\/\/www.supeinnihonto.com\/fr\/wp-json\/wp\/v2\/media\/13395"}],"wp:attachment":[{"href":"https:\/\/www.supeinnihonto.com\/fr\/wp-json\/wp\/v2\/media?parent=13394"}],"wp:term":[{"taxonomy":"product_brand","embeddable":true,"href":"https:\/\/www.supeinnihonto.com\/fr\/wp-json\/wp\/v2\/product_brand?post=13394"},{"taxonomy":"product_cat","embeddable":true,"href":"https:\/\/www.supeinnihonto.com\/fr\/wp-json\/wp\/v2\/product_cat?post=13394"},{"taxonomy":"product_tag","embeddable":true,"href":"https:\/\/www.supeinnihonto.com\/fr\/wp-json\/wp\/v2\/product_tag?post=13394"}],"curies":[{"name":"wp","href":"https:\/\/api.w.org\/{rel}","templated":true}]}}