{"id":13345,"date":"2024-05-28T19:21:23","date_gmt":"2024-05-28T19:21:23","guid":{"rendered":"https:\/\/www.supeinnihonto.com\/product\/netsuke-monkey-mask-ivory\/"},"modified":"2025-12-25T19:20:51","modified_gmt":"2025-12-25T19:20:51","slug":"netsuke-singe-et-masque-en-ivoire","status":"publish","type":"product","link":"https:\/\/www.supeinnihonto.com\/fr\/produit\/netsuke-singe-et-masque-en-ivoire\/","title":{"rendered":"Netsuke singe et masque en ivoire"},"content":{"rendered":"<p data-start=\"215\" data-end=\"234\">Livraison gratuite.<\/p>\n<p data-start=\"236\" data-end=\"523\">Netsuke tr\u00e8s humoristique et finement sculpt\u00e9 repr\u00e9sentant un singe en train de sculpter un masque de th\u00e9\u00e2tre n\u00f4, avec une expression concentr\u00e9e. Yeux incrust\u00e9s en corne de buffle noire. Sign\u00e9 \u00ab Matsuyama \u00bb avec incrustation rouge. P\u00e9riode Meiji. Livr\u00e9 avec certificat et document CITES.<\/p>\n<p data-start=\"525\" data-end=\"539\">4 x 3 x 2,8 cm<\/p>\n","protected":false},"excerpt":{"rendered":"<p>Livraison gratuite. Netsuke tr\u00e8s humoristique et finement sculpt\u00e9 repr\u00e9sentant un singe en train de sculpter un masque de th\u00e9\u00e2tre n\u00f4, avec une expression concentr\u00e9e. Yeux incrust\u00e9s en corne de buffle noire. Sign\u00e9 \u00ab Matsuyama \u00bb avec incrustation rouge. P\u00e9riode Meiji. Livr\u00e9 avec certificat et document CITES. 4 x 3 x [&hellip;]<\/p>\n","protected":false},"featured_media":38999,"template":"","meta":{"jetpack_post_was_ever_published":false},"product_brand":[],"product_cat":[545],"product_tag":[637,653,655],"class_list":{"0":"post-13345","1":"product","2":"type-product","3":"status-publish","4":"has-post-thumbnail","6":"product_cat-netsuke","7":"product_tag-ivory","8":"product_tag-netsuke","9":"product_tag-okimono","10":"product_shipping_class-light","12":"first","13":"instock","14":"featured","15":"sold-individually","16":"shipping-taxable","17":"purchasable","18":"product-type-simple"},"yoast_head":"<!-- This site is optimized with the Yoast SEO plugin v27.5 - https:\/\/yoast.com\/product\/yoast-seo-wordpress\/ -->\n<title>Netsuke singe et masque en ivoire - Supein Nihonto<\/title>\n<meta name=\"description\" content=\"Un singe sculptant un masque de th\u00e9\u00e2tre n\u00f4 avec une expression concentr\u00e9e. Netsuke tr\u00e8s humoristique et finement sculpt\u00e9 repr\u00e9sentant un singe en train de sculpter un masque de th\u00e9\u00e2tre n\u00f4. Yeux incrust\u00e9s en corne de buffle noire. Sign\u00e9 \u00ab Matsuyama \u00bb avec incrustation rouge.\" \/>\n<meta name=\"robots\" content=\"index, follow, max-snippet:-1, max-image-preview:large, max-video-preview:-1\" \/>\n<link rel=\"canonical\" href=\"https:\/\/www.supeinnihonto.com\/fr\/produit\/netsuke-singe-et-masque-en-ivoire\/\" \/>\n<meta property=\"og:locale\" content=\"fr_FR\" \/>\n<meta property=\"og:type\" content=\"article\" \/>\n<meta property=\"og:title\" content=\"Netsuke singe et masque en ivoire - Supein Nihonto\" \/>\n<meta property=\"og:description\" content=\"Un singe sculptant un masque de th\u00e9\u00e2tre n\u00f4 avec une expression concentr\u00e9e. Netsuke tr\u00e8s humoristique et finement sculpt\u00e9 repr\u00e9sentant un singe en train de sculpter un masque de th\u00e9\u00e2tre n\u00f4. Yeux incrust\u00e9s en corne de buffle noire. Sign\u00e9 \u00ab Matsuyama \u00bb avec incrustation rouge.\" \/>\n<meta property=\"og:url\" content=\"https:\/\/www.supeinnihonto.com\/fr\/produit\/netsuke-singe-et-masque-en-ivoire\/\" \/>\n<meta property=\"og:site_name\" content=\"Supein Nihonto\" \/>\n<meta property=\"article:modified_time\" content=\"2025-12-25T19:20:51+00:00\" \/>\n<meta property=\"og:image\" content=\"https:\/\/www.supeinnihonto.com\/wp-content\/uploads\/2024\/05\/DSC_4131-scaled.jpg\" \/>\n\t<meta property=\"og:image:width\" content=\"2560\" \/>\n\t<meta property=\"og:image:height\" content=\"1707\" \/>\n\t<meta property=\"og:image:type\" content=\"image\/jpeg\" \/>\n<meta name=\"twitter:card\" content=\"summary_large_image\" \/>\n<meta name=\"twitter:label1\" content=\"Dur\u00e9e de lecture estim\u00e9e\" \/>\n\t<meta name=\"twitter:data1\" content=\"1 minute\" \/>\n<script type=\"application\/ld+json\" class=\"yoast-schema-graph\">{\"@context\":\"https:\\\/\\\/schema.org\",\"@graph\":[{\"@type\":\"WebPage\",\"@id\":\"https:\\\/\\\/www.supeinnihonto.com\\\/fr\\\/produit\\\/netsuke-singe-et-masque-en-ivoire\\\/\",\"url\":\"https:\\\/\\\/www.supeinnihonto.com\\\/fr\\\/produit\\\/netsuke-singe-et-masque-en-ivoire\\\/\",\"name\":\"Netsuke singe et masque en ivoire - Supein Nihonto\",\"isPartOf\":{\"@id\":\"https:\\\/\\\/www.supeinnihonto.com\\\/fr\\\/#website\"},\"primaryImageOfPage\":{\"@id\":\"https:\\\/\\\/www.supeinnihonto.com\\\/fr\\\/produit\\\/netsuke-singe-et-masque-en-ivoire\\\/#primaryimage\"},\"image\":{\"@id\":\"https:\\\/\\\/www.supeinnihonto.com\\\/fr\\\/produit\\\/netsuke-singe-et-masque-en-ivoire\\\/#primaryimage\"},\"thumbnailUrl\":\"https:\\\/\\\/i0.wp.com\\\/www.supeinnihonto.com\\\/wp-content\\\/uploads\\\/2024\\\/05\\\/Netsuke-monkey-mask-ivory.webp?fit=2048%2C1365&ssl=1\",\"datePublished\":\"2024-05-28T19:21:23+00:00\",\"dateModified\":\"2025-12-25T19:20:51+00:00\",\"description\":\"Un singe sculptant un masque de th\u00e9\u00e2tre n\u00f4 avec une expression concentr\u00e9e. Netsuke tr\u00e8s humoristique et finement sculpt\u00e9 repr\u00e9sentant un singe en train de sculpter un masque de th\u00e9\u00e2tre n\u00f4. Yeux incrust\u00e9s en corne de buffle noire. Sign\u00e9 \u00ab Matsuyama \u00bb avec incrustation rouge.\",\"breadcrumb\":{\"@id\":\"https:\\\/\\\/www.supeinnihonto.com\\\/fr\\\/produit\\\/netsuke-singe-et-masque-en-ivoire\\\/#breadcrumb\"},\"inLanguage\":\"fr-FR\",\"potentialAction\":[{\"@type\":\"ReadAction\",\"target\":[\"https:\\\/\\\/www.supeinnihonto.com\\\/fr\\\/produit\\\/netsuke-singe-et-masque-en-ivoire\\\/\"]}]},{\"@type\":\"ImageObject\",\"inLanguage\":\"fr-FR\",\"@id\":\"https:\\\/\\\/www.supeinnihonto.com\\\/fr\\\/produit\\\/netsuke-singe-et-masque-en-ivoire\\\/#primaryimage\",\"url\":\"https:\\\/\\\/i0.wp.com\\\/www.supeinnihonto.com\\\/wp-content\\\/uploads\\\/2024\\\/05\\\/Netsuke-monkey-mask-ivory.webp?fit=2048%2C1365&ssl=1\",\"contentUrl\":\"https:\\\/\\\/i0.wp.com\\\/www.supeinnihonto.com\\\/wp-content\\\/uploads\\\/2024\\\/05\\\/Netsuke-monkey-mask-ivory.webp?fit=2048%2C1365&ssl=1\",\"width\":2048,\"height\":1365,\"caption\":\"Netsuke monkey mask ivory\"},{\"@type\":\"BreadcrumbList\",\"@id\":\"https:\\\/\\\/www.supeinnihonto.com\\\/fr\\\/produit\\\/netsuke-singe-et-masque-en-ivoire\\\/#breadcrumb\",\"itemListElement\":[{\"@type\":\"ListItem\",\"position\":1,\"name\":\"Portada\",\"item\":\"https:\\\/\\\/www.supeinnihonto.com\\\/fr\\\/\"},{\"@type\":\"ListItem\",\"position\":2,\"name\":\"Shop\",\"item\":\"https:\\\/\\\/www.supeinnihonto.com\\\/fr\\\/shop\\\/\"},{\"@type\":\"ListItem\",\"position\":3,\"name\":\"Netsuke singe et masque en ivoire\"}]},{\"@type\":\"WebSite\",\"@id\":\"https:\\\/\\\/www.supeinnihonto.com\\\/fr\\\/#website\",\"url\":\"https:\\\/\\\/www.supeinnihonto.com\\\/fr\\\/\",\"name\":\"Supein Nihonto\",\"description\":\"Authentic japanese Nihonto katana \",\"publisher\":{\"@id\":\"https:\\\/\\\/www.supeinnihonto.com\\\/fr\\\/#organization\"},\"potentialAction\":[{\"@type\":\"SearchAction\",\"target\":{\"@type\":\"EntryPoint\",\"urlTemplate\":\"https:\\\/\\\/www.supeinnihonto.com\\\/fr\\\/?s={search_term_string}\"},\"query-input\":{\"@type\":\"PropertyValueSpecification\",\"valueRequired\":true,\"valueName\":\"search_term_string\"}}],\"inLanguage\":\"fr-FR\"},{\"@type\":\"Organization\",\"@id\":\"https:\\\/\\\/www.supeinnihonto.com\\\/fr\\\/#organization\",\"name\":\"SupeinNihonto\",\"url\":\"https:\\\/\\\/www.supeinnihonto.com\\\/fr\\\/\",\"logo\":{\"@type\":\"ImageObject\",\"inLanguage\":\"fr-FR\",\"@id\":\"https:\\\/\\\/www.supeinnihonto.com\\\/fr\\\/#\\\/schema\\\/logo\\\/image\\\/\",\"url\":\"https:\\\/\\\/www.supeinnihonto.com\\\/wp-content\\\/uploads\\\/2021\\\/11\\\/animation_Default_3szk0jcenoloop.gif\",\"contentUrl\":\"https:\\\/\\\/www.supeinnihonto.com\\\/wp-content\\\/uploads\\\/2021\\\/11\\\/animation_Default_3szk0jcenoloop.gif\",\"width\":750,\"height\":641,\"caption\":\"SupeinNihonto\"},\"image\":{\"@id\":\"https:\\\/\\\/www.supeinnihonto.com\\\/fr\\\/#\\\/schema\\\/logo\\\/image\\\/\"}}]}<\/script>\n<!-- \/ Yoast SEO plugin. -->","yoast_head_json":{"title":"Netsuke singe et masque en ivoire - Supein Nihonto","description":"Un singe sculptant un masque de th\u00e9\u00e2tre n\u00f4 avec une expression concentr\u00e9e. Netsuke tr\u00e8s humoristique et finement sculpt\u00e9 repr\u00e9sentant un singe en train de sculpter un masque de th\u00e9\u00e2tre n\u00f4. Yeux incrust\u00e9s en corne de buffle noire. Sign\u00e9 \u00ab Matsuyama \u00bb avec incrustation rouge.","robots":{"index":"index","follow":"follow","max-snippet":"max-snippet:-1","max-image-preview":"max-image-preview:large","max-video-preview":"max-video-preview:-1"},"canonical":"https:\/\/www.supeinnihonto.com\/fr\/produit\/netsuke-singe-et-masque-en-ivoire\/","og_locale":"fr_FR","og_type":"article","og_title":"Netsuke singe et masque en ivoire - Supein Nihonto","og_description":"Un singe sculptant un masque de th\u00e9\u00e2tre n\u00f4 avec une expression concentr\u00e9e. Netsuke tr\u00e8s humoristique et finement sculpt\u00e9 repr\u00e9sentant un singe en train de sculpter un masque de th\u00e9\u00e2tre n\u00f4. Yeux incrust\u00e9s en corne de buffle noire. Sign\u00e9 \u00ab Matsuyama \u00bb avec incrustation rouge.","og_url":"https:\/\/www.supeinnihonto.com\/fr\/produit\/netsuke-singe-et-masque-en-ivoire\/","og_site_name":"Supein Nihonto","article_modified_time":"2025-12-25T19:20:51+00:00","og_image":[{"width":2560,"height":1707,"url":"https:\/\/www.supeinnihonto.com\/wp-content\/uploads\/2024\/05\/DSC_4131-scaled.jpg","type":"image\/jpeg"}],"twitter_card":"summary_large_image","twitter_misc":{"Dur\u00e9e de lecture estim\u00e9e":"1 minute"},"schema":{"@context":"https:\/\/schema.org","@graph":[{"@type":"WebPage","@id":"https:\/\/www.supeinnihonto.com\/fr\/produit\/netsuke-singe-et-masque-en-ivoire\/","url":"https:\/\/www.supeinnihonto.com\/fr\/produit\/netsuke-singe-et-masque-en-ivoire\/","name":"Netsuke singe et masque en ivoire - Supein Nihonto","isPartOf":{"@id":"https:\/\/www.supeinnihonto.com\/fr\/#website"},"primaryImageOfPage":{"@id":"https:\/\/www.supeinnihonto.com\/fr\/produit\/netsuke-singe-et-masque-en-ivoire\/#primaryimage"},"image":{"@id":"https:\/\/www.supeinnihonto.com\/fr\/produit\/netsuke-singe-et-masque-en-ivoire\/#primaryimage"},"thumbnailUrl":"https:\/\/i0.wp.com\/www.supeinnihonto.com\/wp-content\/uploads\/2024\/05\/Netsuke-monkey-mask-ivory.webp?fit=2048%2C1365&ssl=1","datePublished":"2024-05-28T19:21:23+00:00","dateModified":"2025-12-25T19:20:51+00:00","description":"Un singe sculptant un masque de th\u00e9\u00e2tre n\u00f4 avec une expression concentr\u00e9e. Netsuke tr\u00e8s humoristique et finement sculpt\u00e9 repr\u00e9sentant un singe en train de sculpter un masque de th\u00e9\u00e2tre n\u00f4. Yeux incrust\u00e9s en corne de buffle noire. Sign\u00e9 \u00ab Matsuyama \u00bb avec incrustation rouge.","breadcrumb":{"@id":"https:\/\/www.supeinnihonto.com\/fr\/produit\/netsuke-singe-et-masque-en-ivoire\/#breadcrumb"},"inLanguage":"fr-FR","potentialAction":[{"@type":"ReadAction","target":["https:\/\/www.supeinnihonto.com\/fr\/produit\/netsuke-singe-et-masque-en-ivoire\/"]}]},{"@type":"ImageObject","inLanguage":"fr-FR","@id":"https:\/\/www.supeinnihonto.com\/fr\/produit\/netsuke-singe-et-masque-en-ivoire\/#primaryimage","url":"https:\/\/i0.wp.com\/www.supeinnihonto.com\/wp-content\/uploads\/2024\/05\/Netsuke-monkey-mask-ivory.webp?fit=2048%2C1365&ssl=1","contentUrl":"https:\/\/i0.wp.com\/www.supeinnihonto.com\/wp-content\/uploads\/2024\/05\/Netsuke-monkey-mask-ivory.webp?fit=2048%2C1365&ssl=1","width":2048,"height":1365,"caption":"Netsuke monkey mask ivory"},{"@type":"BreadcrumbList","@id":"https:\/\/www.supeinnihonto.com\/fr\/produit\/netsuke-singe-et-masque-en-ivoire\/#breadcrumb","itemListElement":[{"@type":"ListItem","position":1,"name":"Portada","item":"https:\/\/www.supeinnihonto.com\/fr\/"},{"@type":"ListItem","position":2,"name":"Shop","item":"https:\/\/www.supeinnihonto.com\/fr\/shop\/"},{"@type":"ListItem","position":3,"name":"Netsuke singe et masque en ivoire"}]},{"@type":"WebSite","@id":"https:\/\/www.supeinnihonto.com\/fr\/#website","url":"https:\/\/www.supeinnihonto.com\/fr\/","name":"Supein Nihonto","description":"Authentic japanese Nihonto katana ","publisher":{"@id":"https:\/\/www.supeinnihonto.com\/fr\/#organization"},"potentialAction":[{"@type":"SearchAction","target":{"@type":"EntryPoint","urlTemplate":"https:\/\/www.supeinnihonto.com\/fr\/?s={search_term_string}"},"query-input":{"@type":"PropertyValueSpecification","valueRequired":true,"valueName":"search_term_string"}}],"inLanguage":"fr-FR"},{"@type":"Organization","@id":"https:\/\/www.supeinnihonto.com\/fr\/#organization","name":"SupeinNihonto","url":"https:\/\/www.supeinnihonto.com\/fr\/","logo":{"@type":"ImageObject","inLanguage":"fr-FR","@id":"https:\/\/www.supeinnihonto.com\/fr\/#\/schema\/logo\/image\/","url":"https:\/\/www.supeinnihonto.com\/wp-content\/uploads\/2021\/11\/animation_Default_3szk0jcenoloop.gif","contentUrl":"https:\/\/www.supeinnihonto.com\/wp-content\/uploads\/2021\/11\/animation_Default_3szk0jcenoloop.gif","width":750,"height":641,"caption":"SupeinNihonto"},"image":{"@id":"https:\/\/www.supeinnihonto.com\/fr\/#\/schema\/logo\/image\/"}}]}},"jetpack-related-posts":[{"id":13418,"url":"https:\/\/www.supeinnihonto.com\/fr\/produit\/netsuke-singe-et-poulpe-en-ivoire\/","url_meta":{"origin":13345,"position":0},"title":"Netsuke singe et poulpe en ivoire","author":"Supein Nihonto","date":"28 de mai de 2024","format":false,"excerpt":"Livraison gratuite. Netsuke tr\u00e8s humoristique et finement sculpt\u00e9 repr\u00e9sentant un singe luttant avec un poulpe. Pr\u00e9sente une polychromie rouge, jaune et noire dans les motifs de la veste. Yeux incrust\u00e9s en corne de buffle noire. Sign\u00e9 \u00ab Matsuyama \u00bb avec incrustation rouge. P\u00e9riode Meiji. Livr\u00e9 avec certificat et document CITES.\u2026","rel":"","context":"Article similaire","block_context":{"text":"Article similaire","link":""},"img":{"alt_text":"Netsuke Monkey octopus ivory","src":"https:\/\/i0.wp.com\/www.supeinnihonto.com\/wp-content\/uploads\/2024\/05\/DSC_4125-scaled.jpg?fit=1200%2C800&ssl=1&resize=350%2C200","width":350,"height":200,"srcset":"https:\/\/i0.wp.com\/www.supeinnihonto.com\/wp-content\/uploads\/2024\/05\/DSC_4125-scaled.jpg?fit=1200%2C800&ssl=1&resize=350%2C200 1x, https:\/\/i0.wp.com\/www.supeinnihonto.com\/wp-content\/uploads\/2024\/05\/DSC_4125-scaled.jpg?fit=1200%2C800&ssl=1&resize=525%2C300 1.5x, https:\/\/i0.wp.com\/www.supeinnihonto.com\/wp-content\/uploads\/2024\/05\/DSC_4125-scaled.jpg?fit=1200%2C800&ssl=1&resize=700%2C400 2x, https:\/\/i0.wp.com\/www.supeinnihonto.com\/wp-content\/uploads\/2024\/05\/DSC_4125-scaled.jpg?fit=1200%2C800&ssl=1&resize=1050%2C600 3x"},"classes":[]},{"id":14235,"url":"https:\/\/www.supeinnihonto.com\/fr\/produit\/netsuke-singe-en-bois-shibayama\/","url_meta":{"origin":13345,"position":1},"title":"Netsuke singe en bois shibayama","author":"Supein Nihonto","date":"27 de mai de 2024","format":false,"excerpt":"Livraison gratuite. Magnifique netsuke repr\u00e9sentant un singe finement sculpt\u00e9, avec un travail shibayama aux yeux incrust\u00e9s de petites perles. Sign\u00e9 Koichi \u5149\u4e00.Japon, seconde moiti\u00e9 du XIXe si\u00e8cle. 4 x 3,7 x 3 cm","rel":"","context":"Article similaire","block_context":{"text":"Article similaire","link":""},"img":{"alt_text":"Netsuke monkey wood shibayama","src":"https:\/\/i0.wp.com\/www.supeinnihonto.com\/wp-content\/uploads\/2024\/05\/DSC_3941-scaled.jpg?fit=1200%2C800&ssl=1&resize=350%2C200","width":350,"height":200,"srcset":"https:\/\/i0.wp.com\/www.supeinnihonto.com\/wp-content\/uploads\/2024\/05\/DSC_3941-scaled.jpg?fit=1200%2C800&ssl=1&resize=350%2C200 1x, https:\/\/i0.wp.com\/www.supeinnihonto.com\/wp-content\/uploads\/2024\/05\/DSC_3941-scaled.jpg?fit=1200%2C800&ssl=1&resize=525%2C300 1.5x, https:\/\/i0.wp.com\/www.supeinnihonto.com\/wp-content\/uploads\/2024\/05\/DSC_3941-scaled.jpg?fit=1200%2C800&ssl=1&resize=700%2C400 2x, https:\/\/i0.wp.com\/www.supeinnihonto.com\/wp-content\/uploads\/2024\/05\/DSC_3941-scaled.jpg?fit=1200%2C800&ssl=1&resize=1050%2C600 3x"},"classes":[]},{"id":13337,"url":"https:\/\/www.supeinnihonto.com\/fr\/produit\/netsuke-rat-et-pomme-en-ivoire\/","url_meta":{"origin":13345,"position":2},"title":"Netsuke rat et pomme en ivoire","author":"Supein Nihonto","date":"28 de mai de 2024","format":false,"excerpt":"Livraison gratuite. Netsuke en ivoire repr\u00e9sentant un rat assis sur une pomme, incrust\u00e9 de perles de verre rouges, sign\u00e9 avec un sceau rouge. P\u00e9riode Meiji. Livr\u00e9 avec certificat et document CITES. 4,7 x 3 x 2,5 cm","rel":"","context":"Article similaire","block_context":{"text":"Article similaire","link":""},"img":{"alt_text":"Netsuke rat and apple ivory","src":"https:\/\/i0.wp.com\/www.supeinnihonto.com\/wp-content\/uploads\/2024\/05\/DSC_4073-scaled.jpg?fit=1200%2C800&ssl=1&resize=350%2C200","width":350,"height":200,"srcset":"https:\/\/i0.wp.com\/www.supeinnihonto.com\/wp-content\/uploads\/2024\/05\/DSC_4073-scaled.jpg?fit=1200%2C800&ssl=1&resize=350%2C200 1x, https:\/\/i0.wp.com\/www.supeinnihonto.com\/wp-content\/uploads\/2024\/05\/DSC_4073-scaled.jpg?fit=1200%2C800&ssl=1&resize=525%2C300 1.5x, https:\/\/i0.wp.com\/www.supeinnihonto.com\/wp-content\/uploads\/2024\/05\/DSC_4073-scaled.jpg?fit=1200%2C800&ssl=1&resize=700%2C400 2x, https:\/\/i0.wp.com\/www.supeinnihonto.com\/wp-content\/uploads\/2024\/05\/DSC_4073-scaled.jpg?fit=1200%2C800&ssl=1&resize=1050%2C600 3x"},"classes":[]},{"id":13410,"url":"https:\/\/www.supeinnihonto.com\/fr\/produit\/netsuke-chien-et-tortue-en-ivoire\/","url_meta":{"origin":13345,"position":3},"title":"Netsuke chien et tortue en ivoire","author":"Supein Nihonto","date":"28 de mai de 2024","format":false,"excerpt":"Livraison gratuite. Un loup jouant avec une tortue, patine brune. Yeux incrust\u00e9s en corne de buffle noire. Sign\u00e9 \u00ab Tomotada \u00bb. P\u00e9riode Meiji \u2013 Taish\u014d. Livr\u00e9 avec certificat et document CITES. 3,7 x 3,4 x 2 cm","rel":"","context":"Article similaire","block_context":{"text":"Article similaire","link":""},"img":{"alt_text":"Netsuke dog and turttle ivory","src":"https:\/\/i0.wp.com\/www.supeinnihonto.com\/wp-content\/uploads\/2024\/05\/DSC_4087-scaled.jpg?fit=1200%2C800&ssl=1&resize=350%2C200","width":350,"height":200,"srcset":"https:\/\/i0.wp.com\/www.supeinnihonto.com\/wp-content\/uploads\/2024\/05\/DSC_4087-scaled.jpg?fit=1200%2C800&ssl=1&resize=350%2C200 1x, https:\/\/i0.wp.com\/www.supeinnihonto.com\/wp-content\/uploads\/2024\/05\/DSC_4087-scaled.jpg?fit=1200%2C800&ssl=1&resize=525%2C300 1.5x, https:\/\/i0.wp.com\/www.supeinnihonto.com\/wp-content\/uploads\/2024\/05\/DSC_4087-scaled.jpg?fit=1200%2C800&ssl=1&resize=700%2C400 2x, https:\/\/i0.wp.com\/www.supeinnihonto.com\/wp-content\/uploads\/2024\/05\/DSC_4087-scaled.jpg?fit=1200%2C800&ssl=1&resize=1050%2C600 3x"},"classes":[]},{"id":13486,"url":"https:\/\/www.supeinnihonto.com\/fr\/produit\/okimono-famille-de-tortues-en-ivoire\/","url_meta":{"origin":13345,"position":4},"title":"Okimono famille de tortues en ivoire","author":"Supein Nihonto","date":"30 de mai de 2024","format":false,"excerpt":"Livraison gratuite. Magnifique okimono sculpt\u00e9 repr\u00e9sentant une famille de tortues sur un rocher, avec de superbes d\u00e9tails et une belle patine. Yeux incrust\u00e9s en corne de buffle. Sign\u00e9 Matsuyama \u00e0 la base. Fin de la p\u00e9riode Edo \u2013 p\u00e9riode Meiji. Livr\u00e9 avec certificat et document CITES. 4 x 2,8 x\u2026","rel":"","context":"Article similaire","block_context":{"text":"Article similaire","link":""},"img":{"alt_text":"Okimono famille de tortues en ivoire","src":"https:\/\/i0.wp.com\/www.supeinnihonto.com\/wp-content\/uploads\/2024\/05\/Okimono-turtle-family-ivory.webp?fit=1200%2C800&ssl=1&resize=350%2C200","width":350,"height":200,"srcset":"https:\/\/i0.wp.com\/www.supeinnihonto.com\/wp-content\/uploads\/2024\/05\/Okimono-turtle-family-ivory.webp?fit=1200%2C800&ssl=1&resize=350%2C200 1x, https:\/\/i0.wp.com\/www.supeinnihonto.com\/wp-content\/uploads\/2024\/05\/Okimono-turtle-family-ivory.webp?fit=1200%2C800&ssl=1&resize=525%2C300 1.5x, https:\/\/i0.wp.com\/www.supeinnihonto.com\/wp-content\/uploads\/2024\/05\/Okimono-turtle-family-ivory.webp?fit=1200%2C800&ssl=1&resize=700%2C400 2x, https:\/\/i0.wp.com\/www.supeinnihonto.com\/wp-content\/uploads\/2024\/05\/Okimono-turtle-family-ivory.webp?fit=1200%2C800&ssl=1&resize=1050%2C600 3x"},"classes":[]},{"id":12647,"url":"https:\/\/www.supeinnihonto.com\/fr\/produit\/netsuke-crapaud-en-bois\/","url_meta":{"origin":13345,"position":5},"title":"Netsuke crapaud en bois","author":"Eric Majo","date":"5 de novembre de 2024","format":false,"excerpt":"Livraison gratuite. Sculpture d\u2019un crapaud avec des yeux incrust\u00e9s en argent. P\u00e9riode Edo. Belle patine et excellent himotoshi. La pi\u00e8ce pr\u00e9sente une tr\u00e8s belle patine due \u00e0 des si\u00e8cles d\u2019utilisation, lui conf\u00e9rant une profondeur et une finition remarquables. 5,5 x 4 x 3 cm","rel":"","context":"Article similaire","block_context":{"text":"Article similaire","link":""},"img":{"alt_text":"toad netsuke wood","src":"https:\/\/i0.wp.com\/www.supeinnihonto.com\/wp-content\/uploads\/2024\/11\/DSC1406-scaled.jpg?fit=1200%2C800&ssl=1&resize=350%2C200","width":350,"height":200,"srcset":"https:\/\/i0.wp.com\/www.supeinnihonto.com\/wp-content\/uploads\/2024\/11\/DSC1406-scaled.jpg?fit=1200%2C800&ssl=1&resize=350%2C200 1x, https:\/\/i0.wp.com\/www.supeinnihonto.com\/wp-content\/uploads\/2024\/11\/DSC1406-scaled.jpg?fit=1200%2C800&ssl=1&resize=525%2C300 1.5x, https:\/\/i0.wp.com\/www.supeinnihonto.com\/wp-content\/uploads\/2024\/11\/DSC1406-scaled.jpg?fit=1200%2C800&ssl=1&resize=700%2C400 2x, https:\/\/i0.wp.com\/www.supeinnihonto.com\/wp-content\/uploads\/2024\/11\/DSC1406-scaled.jpg?fit=1200%2C800&ssl=1&resize=1050%2C600 3x"},"classes":[]}],"jetpack_sharing_enabled":true,"_links":{"self":[{"href":"https:\/\/www.supeinnihonto.com\/fr\/wp-json\/wp\/v2\/product\/13345","targetHints":{"allow":["GET"]}}],"collection":[{"href":"https:\/\/www.supeinnihonto.com\/fr\/wp-json\/wp\/v2\/product"}],"about":[{"href":"https:\/\/www.supeinnihonto.com\/fr\/wp-json\/wp\/v2\/types\/product"}],"wp:featuredmedia":[{"embeddable":true,"href":"https:\/\/www.supeinnihonto.com\/fr\/wp-json\/wp\/v2\/media\/38999"}],"wp:attachment":[{"href":"https:\/\/www.supeinnihonto.com\/fr\/wp-json\/wp\/v2\/media?parent=13345"}],"wp:term":[{"taxonomy":"product_brand","embeddable":true,"href":"https:\/\/www.supeinnihonto.com\/fr\/wp-json\/wp\/v2\/product_brand?post=13345"},{"taxonomy":"product_cat","embeddable":true,"href":"https:\/\/www.supeinnihonto.com\/fr\/wp-json\/wp\/v2\/product_cat?post=13345"},{"taxonomy":"product_tag","embeddable":true,"href":"https:\/\/www.supeinnihonto.com\/fr\/wp-json\/wp\/v2\/product_tag?post=13345"}],"curies":[{"name":"wp","href":"https:\/\/api.w.org\/{rel}","templated":true}]}}