{"id":13313,"date":"2024-05-28T14:51:46","date_gmt":"2024-05-28T14:51:46","guid":{"rendered":"https:\/\/www.supeinnihonto.com\/product\/okimono-festivity-men-ivory\/"},"modified":"2025-12-26T11:35:22","modified_gmt":"2025-12-26T11:35:22","slug":"okimono-hommes-en-fete-en-ivoire","status":"publish","type":"product","link":"https:\/\/www.supeinnihonto.com\/fr\/produit\/okimono-hommes-en-fete-en-ivoire\/","title":{"rendered":"Okimono hommes en f\u00eate en ivoire"},"content":{"rendered":"<p data-start=\"176\" data-end=\"195\">Livraison gratuite.<\/p>\n<p data-start=\"197\" data-end=\"670\">Okimono repr\u00e9sentant une sc\u00e8ne traditionnelle de plusieurs hommes c\u00e9l\u00e9brant un matsuri. Certains portent des mochis et une gourde contenant des boissons, tandis que des assiettes sont pos\u00e9es au sol. La base ainsi que l\u2019ensemble de la sculpture sont finement travaill\u00e9s et tr\u00e8s d\u00e9taill\u00e9s, constituant une pi\u00e8ce remarquable. La base est sign\u00e9e par l\u2019auteur. XIXe si\u00e8cle, fin de la p\u00e9riode Edo ou d\u00e9but de la p\u00e9riode Meiji. Livr\u00e9 avec certificat d\u2019expertise et document CITES.<\/p>\n<p data-start=\"672\" data-end=\"690\">5,7 x 4,8 x 4,2 cm<\/p>\n","protected":false},"excerpt":{"rendered":"<p>Livraison gratuite. Okimono repr\u00e9sentant une sc\u00e8ne traditionnelle de plusieurs hommes c\u00e9l\u00e9brant un matsuri. Certains portent des mochis et une gourde contenant des boissons, tandis que des assiettes sont pos\u00e9es au sol. La base ainsi que l\u2019ensemble de la sculpture sont finement travaill\u00e9s et tr\u00e8s d\u00e9taill\u00e9s, constituant une pi\u00e8ce remarquable. La [&hellip;]<\/p>\n","protected":false},"featured_media":13314,"template":"","meta":{"jetpack_post_was_ever_published":false},"product_brand":[],"product_cat":[545],"product_tag":[637,653,655],"class_list":{"0":"post-13313","1":"product","2":"type-product","3":"status-publish","4":"has-post-thumbnail","6":"product_cat-netsuke","7":"product_tag-ivory","8":"product_tag-netsuke","9":"product_tag-okimono","10":"product_shipping_class-light","12":"first","13":"instock","14":"featured","15":"sold-individually","16":"shipping-taxable","17":"purchasable","18":"product-type-simple"},"yoast_head":"<!-- This site is optimized with the Yoast SEO plugin v27.3 - https:\/\/yoast.com\/product\/yoast-seo-wordpress\/ -->\n<title>Okimono hommes en f\u00eate en ivoire - Supein Nihonto<\/title>\n<meta name=\"description\" content=\"Okimono repr\u00e9sentant une sc\u00e8ne traditionnelle de plusieurs hommes c\u00e9l\u00e9brant un matsuri. Certains portent des mochis et une gourde contenant des boissons, tandis que des assiettes sont pos\u00e9es au sol.\" \/>\n<meta name=\"robots\" content=\"index, follow, max-snippet:-1, max-image-preview:large, max-video-preview:-1\" \/>\n<link rel=\"canonical\" href=\"https:\/\/www.supeinnihonto.com\/fr\/produit\/okimono-hommes-en-fete-en-ivoire\/\" \/>\n<meta property=\"og:locale\" content=\"fr_FR\" \/>\n<meta property=\"og:type\" content=\"article\" \/>\n<meta property=\"og:title\" content=\"Okimono hommes en f\u00eate en ivoire - Supein Nihonto\" \/>\n<meta property=\"og:description\" content=\"Okimono repr\u00e9sentant une sc\u00e8ne traditionnelle de plusieurs hommes c\u00e9l\u00e9brant un matsuri. Certains portent des mochis et une gourde contenant des boissons, tandis que des assiettes sont pos\u00e9es au sol.\" \/>\n<meta property=\"og:url\" content=\"https:\/\/www.supeinnihonto.com\/fr\/produit\/okimono-hommes-en-fete-en-ivoire\/\" \/>\n<meta property=\"og:site_name\" content=\"Supein Nihonto\" \/>\n<meta property=\"article:modified_time\" content=\"2025-12-26T11:35:22+00:00\" \/>\n<meta property=\"og:image\" content=\"https:\/\/www.supeinnihonto.com\/wp-content\/uploads\/2024\/05\/DSC_4053-scaled.jpg\" \/>\n\t<meta property=\"og:image:width\" content=\"2560\" \/>\n\t<meta property=\"og:image:height\" content=\"1707\" \/>\n\t<meta property=\"og:image:type\" content=\"image\/jpeg\" \/>\n<meta name=\"twitter:card\" content=\"summary_large_image\" \/>\n<meta name=\"twitter:label1\" content=\"Dur\u00e9e de lecture estim\u00e9e\" \/>\n\t<meta name=\"twitter:data1\" content=\"1 minute\" \/>\n<script type=\"application\/ld+json\" class=\"yoast-schema-graph\">{\"@context\":\"https:\\\/\\\/schema.org\",\"@graph\":[{\"@type\":\"WebPage\",\"@id\":\"https:\\\/\\\/www.supeinnihonto.com\\\/fr\\\/produit\\\/okimono-hommes-en-fete-en-ivoire\\\/\",\"url\":\"https:\\\/\\\/www.supeinnihonto.com\\\/fr\\\/produit\\\/okimono-hommes-en-fete-en-ivoire\\\/\",\"name\":\"Okimono hommes en f\u00eate en ivoire - Supein Nihonto\",\"isPartOf\":{\"@id\":\"https:\\\/\\\/www.supeinnihonto.com\\\/fr\\\/#website\"},\"primaryImageOfPage\":{\"@id\":\"https:\\\/\\\/www.supeinnihonto.com\\\/fr\\\/produit\\\/okimono-hommes-en-fete-en-ivoire\\\/#primaryimage\"},\"image\":{\"@id\":\"https:\\\/\\\/www.supeinnihonto.com\\\/fr\\\/produit\\\/okimono-hommes-en-fete-en-ivoire\\\/#primaryimage\"},\"thumbnailUrl\":\"https:\\\/\\\/i0.wp.com\\\/www.supeinnihonto.com\\\/wp-content\\\/uploads\\\/2024\\\/05\\\/DSC_4053-scaled.jpg?fit=2560%2C1707&ssl=1\",\"datePublished\":\"2024-05-28T14:51:46+00:00\",\"dateModified\":\"2025-12-26T11:35:22+00:00\",\"description\":\"Okimono repr\u00e9sentant une sc\u00e8ne traditionnelle de plusieurs hommes c\u00e9l\u00e9brant un matsuri. Certains portent des mochis et une gourde contenant des boissons, tandis que des assiettes sont pos\u00e9es au sol.\",\"breadcrumb\":{\"@id\":\"https:\\\/\\\/www.supeinnihonto.com\\\/fr\\\/produit\\\/okimono-hommes-en-fete-en-ivoire\\\/#breadcrumb\"},\"inLanguage\":\"fr-FR\",\"potentialAction\":[{\"@type\":\"ReadAction\",\"target\":[\"https:\\\/\\\/www.supeinnihonto.com\\\/fr\\\/produit\\\/okimono-hommes-en-fete-en-ivoire\\\/\"]}]},{\"@type\":\"ImageObject\",\"inLanguage\":\"fr-FR\",\"@id\":\"https:\\\/\\\/www.supeinnihonto.com\\\/fr\\\/produit\\\/okimono-hommes-en-fete-en-ivoire\\\/#primaryimage\",\"url\":\"https:\\\/\\\/i0.wp.com\\\/www.supeinnihonto.com\\\/wp-content\\\/uploads\\\/2024\\\/05\\\/DSC_4053-scaled.jpg?fit=2560%2C1707&ssl=1\",\"contentUrl\":\"https:\\\/\\\/i0.wp.com\\\/www.supeinnihonto.com\\\/wp-content\\\/uploads\\\/2024\\\/05\\\/DSC_4053-scaled.jpg?fit=2560%2C1707&ssl=1\",\"width\":2560,\"height\":1707,\"caption\":\"Okimono festivity men ivory\"},{\"@type\":\"BreadcrumbList\",\"@id\":\"https:\\\/\\\/www.supeinnihonto.com\\\/fr\\\/produit\\\/okimono-hommes-en-fete-en-ivoire\\\/#breadcrumb\",\"itemListElement\":[{\"@type\":\"ListItem\",\"position\":1,\"name\":\"Portada\",\"item\":\"https:\\\/\\\/www.supeinnihonto.com\\\/fr\\\/\"},{\"@type\":\"ListItem\",\"position\":2,\"name\":\"Shop\",\"item\":\"https:\\\/\\\/www.supeinnihonto.com\\\/fr\\\/shop\\\/\"},{\"@type\":\"ListItem\",\"position\":3,\"name\":\"Okimono hommes en f\u00eate en ivoire\"}]},{\"@type\":\"WebSite\",\"@id\":\"https:\\\/\\\/www.supeinnihonto.com\\\/fr\\\/#website\",\"url\":\"https:\\\/\\\/www.supeinnihonto.com\\\/fr\\\/\",\"name\":\"Supein Nihonto\",\"description\":\"Authentic japanese Nihonto katana \",\"publisher\":{\"@id\":\"https:\\\/\\\/www.supeinnihonto.com\\\/fr\\\/#organization\"},\"potentialAction\":[{\"@type\":\"SearchAction\",\"target\":{\"@type\":\"EntryPoint\",\"urlTemplate\":\"https:\\\/\\\/www.supeinnihonto.com\\\/fr\\\/?s={search_term_string}\"},\"query-input\":{\"@type\":\"PropertyValueSpecification\",\"valueRequired\":true,\"valueName\":\"search_term_string\"}}],\"inLanguage\":\"fr-FR\"},{\"@type\":\"Organization\",\"@id\":\"https:\\\/\\\/www.supeinnihonto.com\\\/fr\\\/#organization\",\"name\":\"SupeinNihonto\",\"url\":\"https:\\\/\\\/www.supeinnihonto.com\\\/fr\\\/\",\"logo\":{\"@type\":\"ImageObject\",\"inLanguage\":\"fr-FR\",\"@id\":\"https:\\\/\\\/www.supeinnihonto.com\\\/fr\\\/#\\\/schema\\\/logo\\\/image\\\/\",\"url\":\"https:\\\/\\\/www.supeinnihonto.com\\\/wp-content\\\/uploads\\\/2021\\\/11\\\/animation_Default_3szk0jcenoloop.gif\",\"contentUrl\":\"https:\\\/\\\/www.supeinnihonto.com\\\/wp-content\\\/uploads\\\/2021\\\/11\\\/animation_Default_3szk0jcenoloop.gif\",\"width\":750,\"height\":641,\"caption\":\"SupeinNihonto\"},\"image\":{\"@id\":\"https:\\\/\\\/www.supeinnihonto.com\\\/fr\\\/#\\\/schema\\\/logo\\\/image\\\/\"}}]}<\/script>\n<!-- \/ Yoast SEO plugin. -->","yoast_head_json":{"title":"Okimono hommes en f\u00eate en ivoire - Supein Nihonto","description":"Okimono repr\u00e9sentant une sc\u00e8ne traditionnelle de plusieurs hommes c\u00e9l\u00e9brant un matsuri. Certains portent des mochis et une gourde contenant des boissons, tandis que des assiettes sont pos\u00e9es au sol.","robots":{"index":"index","follow":"follow","max-snippet":"max-snippet:-1","max-image-preview":"max-image-preview:large","max-video-preview":"max-video-preview:-1"},"canonical":"https:\/\/www.supeinnihonto.com\/fr\/produit\/okimono-hommes-en-fete-en-ivoire\/","og_locale":"fr_FR","og_type":"article","og_title":"Okimono hommes en f\u00eate en ivoire - Supein Nihonto","og_description":"Okimono repr\u00e9sentant une sc\u00e8ne traditionnelle de plusieurs hommes c\u00e9l\u00e9brant un matsuri. Certains portent des mochis et une gourde contenant des boissons, tandis que des assiettes sont pos\u00e9es au sol.","og_url":"https:\/\/www.supeinnihonto.com\/fr\/produit\/okimono-hommes-en-fete-en-ivoire\/","og_site_name":"Supein Nihonto","article_modified_time":"2025-12-26T11:35:22+00:00","og_image":[{"width":2560,"height":1707,"url":"https:\/\/www.supeinnihonto.com\/wp-content\/uploads\/2024\/05\/DSC_4053-scaled.jpg","type":"image\/jpeg"}],"twitter_card":"summary_large_image","twitter_misc":{"Dur\u00e9e de lecture estim\u00e9e":"1 minute"},"schema":{"@context":"https:\/\/schema.org","@graph":[{"@type":"WebPage","@id":"https:\/\/www.supeinnihonto.com\/fr\/produit\/okimono-hommes-en-fete-en-ivoire\/","url":"https:\/\/www.supeinnihonto.com\/fr\/produit\/okimono-hommes-en-fete-en-ivoire\/","name":"Okimono hommes en f\u00eate en ivoire - Supein Nihonto","isPartOf":{"@id":"https:\/\/www.supeinnihonto.com\/fr\/#website"},"primaryImageOfPage":{"@id":"https:\/\/www.supeinnihonto.com\/fr\/produit\/okimono-hommes-en-fete-en-ivoire\/#primaryimage"},"image":{"@id":"https:\/\/www.supeinnihonto.com\/fr\/produit\/okimono-hommes-en-fete-en-ivoire\/#primaryimage"},"thumbnailUrl":"https:\/\/i0.wp.com\/www.supeinnihonto.com\/wp-content\/uploads\/2024\/05\/DSC_4053-scaled.jpg?fit=2560%2C1707&ssl=1","datePublished":"2024-05-28T14:51:46+00:00","dateModified":"2025-12-26T11:35:22+00:00","description":"Okimono repr\u00e9sentant une sc\u00e8ne traditionnelle de plusieurs hommes c\u00e9l\u00e9brant un matsuri. Certains portent des mochis et une gourde contenant des boissons, tandis que des assiettes sont pos\u00e9es au sol.","breadcrumb":{"@id":"https:\/\/www.supeinnihonto.com\/fr\/produit\/okimono-hommes-en-fete-en-ivoire\/#breadcrumb"},"inLanguage":"fr-FR","potentialAction":[{"@type":"ReadAction","target":["https:\/\/www.supeinnihonto.com\/fr\/produit\/okimono-hommes-en-fete-en-ivoire\/"]}]},{"@type":"ImageObject","inLanguage":"fr-FR","@id":"https:\/\/www.supeinnihonto.com\/fr\/produit\/okimono-hommes-en-fete-en-ivoire\/#primaryimage","url":"https:\/\/i0.wp.com\/www.supeinnihonto.com\/wp-content\/uploads\/2024\/05\/DSC_4053-scaled.jpg?fit=2560%2C1707&ssl=1","contentUrl":"https:\/\/i0.wp.com\/www.supeinnihonto.com\/wp-content\/uploads\/2024\/05\/DSC_4053-scaled.jpg?fit=2560%2C1707&ssl=1","width":2560,"height":1707,"caption":"Okimono festivity men ivory"},{"@type":"BreadcrumbList","@id":"https:\/\/www.supeinnihonto.com\/fr\/produit\/okimono-hommes-en-fete-en-ivoire\/#breadcrumb","itemListElement":[{"@type":"ListItem","position":1,"name":"Portada","item":"https:\/\/www.supeinnihonto.com\/fr\/"},{"@type":"ListItem","position":2,"name":"Shop","item":"https:\/\/www.supeinnihonto.com\/fr\/shop\/"},{"@type":"ListItem","position":3,"name":"Okimono hommes en f\u00eate en ivoire"}]},{"@type":"WebSite","@id":"https:\/\/www.supeinnihonto.com\/fr\/#website","url":"https:\/\/www.supeinnihonto.com\/fr\/","name":"Supein Nihonto","description":"Authentic japanese Nihonto katana ","publisher":{"@id":"https:\/\/www.supeinnihonto.com\/fr\/#organization"},"potentialAction":[{"@type":"SearchAction","target":{"@type":"EntryPoint","urlTemplate":"https:\/\/www.supeinnihonto.com\/fr\/?s={search_term_string}"},"query-input":{"@type":"PropertyValueSpecification","valueRequired":true,"valueName":"search_term_string"}}],"inLanguage":"fr-FR"},{"@type":"Organization","@id":"https:\/\/www.supeinnihonto.com\/fr\/#organization","name":"SupeinNihonto","url":"https:\/\/www.supeinnihonto.com\/fr\/","logo":{"@type":"ImageObject","inLanguage":"fr-FR","@id":"https:\/\/www.supeinnihonto.com\/fr\/#\/schema\/logo\/image\/","url":"https:\/\/www.supeinnihonto.com\/wp-content\/uploads\/2021\/11\/animation_Default_3szk0jcenoloop.gif","contentUrl":"https:\/\/www.supeinnihonto.com\/wp-content\/uploads\/2021\/11\/animation_Default_3szk0jcenoloop.gif","width":750,"height":641,"caption":"SupeinNihonto"},"image":{"@id":"https:\/\/www.supeinnihonto.com\/fr\/#\/schema\/logo\/image\/"}}]}},"jetpack-related-posts":[{"id":14118,"url":"https:\/\/www.supeinnihonto.com\/fr\/produit\/okimono-fudo-luttant-en-ivoire\/","url_meta":{"origin":13313,"position":0},"title":"Okimono Fud\u014d luttant en ivoire","author":"Supein Nihonto","date":"28 de mai de 2024","format":false,"excerpt":"Livraison gratuite. Magnifique okimono repr\u00e9sentant Fud\u014d (divinit\u00e9) combattant un homme. Motif tr\u00e8s rare et particulier. Les netsuke et okimono de Fud\u014d sont tr\u00e8s recherch\u00e9s pour leur signification. Celui-ci est magnifiquement sculpt\u00e9, avec un grand sens du mouvement et une qualit\u00e9 mus\u00e9ale exceptionnelle. Sign\u00e9 avec incrustation rouge. P\u00e9riode Meiji, fin du\u2026","rel":"","context":"Article similaire","block_context":{"text":"Article similaire","link":""},"img":{"alt_text":"Okimono Fudo wrestling ivory","src":"https:\/\/i0.wp.com\/www.supeinnihonto.com\/wp-content\/uploads\/2024\/05\/DSC_4019-scaled.jpg?fit=1200%2C800&ssl=1&resize=350%2C200","width":350,"height":200,"srcset":"https:\/\/i0.wp.com\/www.supeinnihonto.com\/wp-content\/uploads\/2024\/05\/DSC_4019-scaled.jpg?fit=1200%2C800&ssl=1&resize=350%2C200 1x, https:\/\/i0.wp.com\/www.supeinnihonto.com\/wp-content\/uploads\/2024\/05\/DSC_4019-scaled.jpg?fit=1200%2C800&ssl=1&resize=525%2C300 1.5x, https:\/\/i0.wp.com\/www.supeinnihonto.com\/wp-content\/uploads\/2024\/05\/DSC_4019-scaled.jpg?fit=1200%2C800&ssl=1&resize=700%2C400 2x, https:\/\/i0.wp.com\/www.supeinnihonto.com\/wp-content\/uploads\/2024\/05\/DSC_4019-scaled.jpg?fit=1200%2C800&ssl=1&resize=1050%2C600 3x"},"classes":[]},{"id":14110,"url":"https:\/\/www.supeinnihonto.com\/fr\/produit\/netsuke-vieil-homme-et-oiseau-en-ivoire\/","url_meta":{"origin":13313,"position":1},"title":"Netsuke vieil homme et oiseau en ivoire","author":"Supein Nihonto","date":"28 de mai de 2024","format":false,"excerpt":"Livraison gratuite. Magnifique netsuke repr\u00e9sentant un vieil homme nourrissant un oiseau perch\u00e9 sur sa main. Ce netsuke pr\u00e9sente une patine exceptionnelle et une qualit\u00e9 de sculpture remarquable. De caract\u00e8re traditionnel, cette \u0153uvre surprend par son niveau de d\u00e9tail et son expressivit\u00e9. Pi\u00e8ce de tr\u00e8s haute qualit\u00e9. P\u00e9riode Meiji, fin du\u2026","rel":"","context":"Article similaire","block_context":{"text":"Article similaire","link":""},"img":{"alt_text":"Netsuke Elder and bird ivory","src":"https:\/\/i0.wp.com\/www.supeinnihonto.com\/wp-content\/uploads\/2024\/05\/DSC_4025-scaled.jpg?fit=1200%2C800&ssl=1&resize=350%2C200","width":350,"height":200,"srcset":"https:\/\/i0.wp.com\/www.supeinnihonto.com\/wp-content\/uploads\/2024\/05\/DSC_4025-scaled.jpg?fit=1200%2C800&ssl=1&resize=350%2C200 1x, https:\/\/i0.wp.com\/www.supeinnihonto.com\/wp-content\/uploads\/2024\/05\/DSC_4025-scaled.jpg?fit=1200%2C800&ssl=1&resize=525%2C300 1.5x, https:\/\/i0.wp.com\/www.supeinnihonto.com\/wp-content\/uploads\/2024\/05\/DSC_4025-scaled.jpg?fit=1200%2C800&ssl=1&resize=700%2C400 2x, https:\/\/i0.wp.com\/www.supeinnihonto.com\/wp-content\/uploads\/2024\/05\/DSC_4025-scaled.jpg?fit=1200%2C800&ssl=1&resize=1050%2C600 3x"},"classes":[]},{"id":13281,"url":"https:\/\/www.supeinnihonto.com\/fr\/produit\/netsuke-vieil-homme-sceau-en-ivoire\/","url_meta":{"origin":13313,"position":2},"title":"Netsuke vieil homme sceau en ivoire","author":"Supein Nihonto","date":"28 de mai de 2024","format":false,"excerpt":"Livraison gratuite. Ancien netsuke repr\u00e9sentant un vieil homme assis tenant un chasse-mouches. Belle patine et marques naturelles sur l\u2019ivoire. Le visage et d\u2019autres parties pr\u00e9sentent une usure due aux manipulations habituelles. P\u00e9riode Edo. Le document CITES le date du XIXe si\u00e8cle, mais il est possible qu\u2019il soit beaucoup plus ancien\u2026","rel":"","context":"Article similaire","block_context":{"text":"Article similaire","link":""},"img":{"alt_text":"Netsuke Elder seal ivory","src":"https:\/\/i0.wp.com\/www.supeinnihonto.com\/wp-content\/uploads\/2024\/05\/DSC_4036-scaled.jpg?fit=1200%2C800&ssl=1&resize=350%2C200","width":350,"height":200,"srcset":"https:\/\/i0.wp.com\/www.supeinnihonto.com\/wp-content\/uploads\/2024\/05\/DSC_4036-scaled.jpg?fit=1200%2C800&ssl=1&resize=350%2C200 1x, https:\/\/i0.wp.com\/www.supeinnihonto.com\/wp-content\/uploads\/2024\/05\/DSC_4036-scaled.jpg?fit=1200%2C800&ssl=1&resize=525%2C300 1.5x, https:\/\/i0.wp.com\/www.supeinnihonto.com\/wp-content\/uploads\/2024\/05\/DSC_4036-scaled.jpg?fit=1200%2C800&ssl=1&resize=700%2C400 2x, https:\/\/i0.wp.com\/www.supeinnihonto.com\/wp-content\/uploads\/2024\/05\/DSC_4036-scaled.jpg?fit=1200%2C800&ssl=1&resize=1050%2C600 3x"},"classes":[]},{"id":14150,"url":"https:\/\/www.supeinnihonto.com\/fr\/produit\/okimono-combattants-ivres-en-ivoire\/","url_meta":{"origin":13313,"position":3},"title":"Okimono combattants ivres en ivoire","author":"Supein Nihonto","date":"28 de mai de 2024","format":false,"excerpt":"Livraison gratuite. Okimono amusant et de tr\u00e8s grande qualit\u00e9 repr\u00e9sentant plusieurs ivrognes en train de se battre. La pi\u00e8ce regorge de d\u00e9tails, ce qui en fait une \u0153uvre de qualit\u00e9 sup\u00e9rieure : les visages, les v\u00eatements et m\u00eame les pieds sont magnifiquement sculpt\u00e9s. Elle pr\u00e9sente \u00e9galement une tr\u00e8s belle patine\u2026","rel":"","context":"Article similaire","block_context":{"text":"Article similaire","link":""},"img":{"alt_text":"Okimono drunk fighters ivory","src":"https:\/\/i0.wp.com\/www.supeinnihonto.com\/wp-content\/uploads\/2024\/05\/DSC_4002-scaled.jpg?fit=1200%2C800&ssl=1&resize=350%2C200","width":350,"height":200,"srcset":"https:\/\/i0.wp.com\/www.supeinnihonto.com\/wp-content\/uploads\/2024\/05\/DSC_4002-scaled.jpg?fit=1200%2C800&ssl=1&resize=350%2C200 1x, https:\/\/i0.wp.com\/www.supeinnihonto.com\/wp-content\/uploads\/2024\/05\/DSC_4002-scaled.jpg?fit=1200%2C800&ssl=1&resize=525%2C300 1.5x, https:\/\/i0.wp.com\/www.supeinnihonto.com\/wp-content\/uploads\/2024\/05\/DSC_4002-scaled.jpg?fit=1200%2C800&ssl=1&resize=700%2C400 2x, https:\/\/i0.wp.com\/www.supeinnihonto.com\/wp-content\/uploads\/2024\/05\/DSC_4002-scaled.jpg?fit=1200%2C800&ssl=1&resize=1050%2C600 3x"},"classes":[]},{"id":12706,"url":"https:\/\/www.supeinnihonto.com\/fr\/produit\/netsuke-homme-au-repos-en-bois\/","url_meta":{"origin":13313,"position":4},"title":"Netsuke homme au repos en bois","author":"Eric Majo","date":"5 de novembre de 2024","format":false,"excerpt":"Livraison gratuite. Beau et inhabituel netsuke repr\u00e9sentant un homme se reposant sur un tatami. Il porte une kama dans le dos, attach\u00e9e \u00e0 sa ceinture. Belle patine et usure dues \u00e0 des si\u00e8cles d\u2019utilisation. P\u00e9riode Edo, XVIIIe si\u00e8cle. 4,5 x 4 x 2,8 cm","rel":"","context":"Article similaire","block_context":{"text":"Article similaire","link":""},"img":{"alt_text":"netsuke man floor","src":"https:\/\/i0.wp.com\/www.supeinnihonto.com\/wp-content\/uploads\/2024\/11\/DSC1528-scaled.jpg?fit=1200%2C810&ssl=1&resize=350%2C200","width":350,"height":200,"srcset":"https:\/\/i0.wp.com\/www.supeinnihonto.com\/wp-content\/uploads\/2024\/11\/DSC1528-scaled.jpg?fit=1200%2C810&ssl=1&resize=350%2C200 1x, https:\/\/i0.wp.com\/www.supeinnihonto.com\/wp-content\/uploads\/2024\/11\/DSC1528-scaled.jpg?fit=1200%2C810&ssl=1&resize=525%2C300 1.5x, https:\/\/i0.wp.com\/www.supeinnihonto.com\/wp-content\/uploads\/2024\/11\/DSC1528-scaled.jpg?fit=1200%2C810&ssl=1&resize=700%2C400 2x, https:\/\/i0.wp.com\/www.supeinnihonto.com\/wp-content\/uploads\/2024\/11\/DSC1528-scaled.jpg?fit=1200%2C810&ssl=1&resize=1050%2C600 3x"},"classes":[]},{"id":13273,"url":"https:\/\/www.supeinnihonto.com\/fr\/produit\/netsuke-massageur-aveugle-en-ivoire\/","url_meta":{"origin":13313,"position":5},"title":"Netsuke massageur aveugle en ivoire","author":"Supein Nihonto","date":"28 de mai de 2024","format":false,"excerpt":"Livraison gratuite. Beau netsuke repr\u00e9sentant une sc\u00e8ne traditionnelle. Durant la p\u00e9riode Edo, il \u00e9tait courant que des hommes aveugles proposent des massages aux passants en \u00e9change d\u2019argent. Cette pi\u00e8ce capture l\u2019un de ces moments. D\u2019une grande qualit\u00e9 de sculpture et de r\u00e9alisation, avec une superbe patine. Excellente pi\u00e8ce. P\u00e9riode Meiji,\u2026","rel":"","context":"Article similaire","block_context":{"text":"Article similaire","link":""},"img":{"alt_text":"Netsuke blind massage ivory","src":"https:\/\/i0.wp.com\/www.supeinnihonto.com\/wp-content\/uploads\/2024\/05\/DSC_4031-scaled.jpg?fit=1200%2C800&ssl=1&resize=350%2C200","width":350,"height":200,"srcset":"https:\/\/i0.wp.com\/www.supeinnihonto.com\/wp-content\/uploads\/2024\/05\/DSC_4031-scaled.jpg?fit=1200%2C800&ssl=1&resize=350%2C200 1x, https:\/\/i0.wp.com\/www.supeinnihonto.com\/wp-content\/uploads\/2024\/05\/DSC_4031-scaled.jpg?fit=1200%2C800&ssl=1&resize=525%2C300 1.5x, https:\/\/i0.wp.com\/www.supeinnihonto.com\/wp-content\/uploads\/2024\/05\/DSC_4031-scaled.jpg?fit=1200%2C800&ssl=1&resize=700%2C400 2x, https:\/\/i0.wp.com\/www.supeinnihonto.com\/wp-content\/uploads\/2024\/05\/DSC_4031-scaled.jpg?fit=1200%2C800&ssl=1&resize=1050%2C600 3x"},"classes":[]}],"jetpack_sharing_enabled":true,"_links":{"self":[{"href":"https:\/\/www.supeinnihonto.com\/fr\/wp-json\/wp\/v2\/product\/13313","targetHints":{"allow":["GET"]}}],"collection":[{"href":"https:\/\/www.supeinnihonto.com\/fr\/wp-json\/wp\/v2\/product"}],"about":[{"href":"https:\/\/www.supeinnihonto.com\/fr\/wp-json\/wp\/v2\/types\/product"}],"wp:featuredmedia":[{"embeddable":true,"href":"https:\/\/www.supeinnihonto.com\/fr\/wp-json\/wp\/v2\/media\/13314"}],"wp:attachment":[{"href":"https:\/\/www.supeinnihonto.com\/fr\/wp-json\/wp\/v2\/media?parent=13313"}],"wp:term":[{"taxonomy":"product_brand","embeddable":true,"href":"https:\/\/www.supeinnihonto.com\/fr\/wp-json\/wp\/v2\/product_brand?post=13313"},{"taxonomy":"product_cat","embeddable":true,"href":"https:\/\/www.supeinnihonto.com\/fr\/wp-json\/wp\/v2\/product_cat?post=13313"},{"taxonomy":"product_tag","embeddable":true,"href":"https:\/\/www.supeinnihonto.com\/fr\/wp-json\/wp\/v2\/product_tag?post=13313"}],"curies":[{"name":"wp","href":"https:\/\/api.w.org\/{rel}","templated":true}]}}