{"id":13290,"date":"2024-05-28T10:53:54","date_gmt":"2024-05-28T10:53:54","guid":{"rendered":"https:\/\/www.supeinnihonto.com\/product\/netsuke-ebisu-and-boy-ivory\/"},"modified":"2025-12-26T12:00:18","modified_gmt":"2025-12-26T12:00:18","slug":"netsuke-ebisu-et-enfant-en-ivoire","status":"publish","type":"product","link":"https:\/\/www.supeinnihonto.com\/fr\/produit\/netsuke-ebisu-et-enfant-en-ivoire\/","title":{"rendered":"Netsuke Ebisu et enfant en ivoire"},"content":{"rendered":"<p data-start=\"177\" data-end=\"196\">Livraison gratuite.<\/p>\n<p data-start=\"198\" data-end=\"452\">Beau netsuke repr\u00e9sentant Ebisu, l\u2019un des sept dieux de la fortune, tenant un poisson et accompagn\u00e9 d\u2019un enfant. Belle sculpture et superbe patine. Sign\u00e9 \u00e0 la base. P\u00e9riode Meiji, d\u00e9but du XIXe si\u00e8cle. Livr\u00e9 avec certificat d\u2019expertise et document CITES.<\/p>\n<p data-start=\"454\" data-end=\"466\">3 x 3 x 2 cm<\/p>\n","protected":false},"excerpt":{"rendered":"<p>Livraison gratuite. Beau netsuke repr\u00e9sentant Ebisu, l\u2019un des sept dieux de la fortune, tenant un poisson et accompagn\u00e9 d\u2019un enfant. Belle sculpture et superbe patine. Sign\u00e9 \u00e0 la base. P\u00e9riode Meiji, d\u00e9but du XIXe si\u00e8cle. Livr\u00e9 avec certificat d\u2019expertise et document CITES. 3 x 3 x 2 cm<\/p>\n","protected":false},"featured_media":13292,"template":"","meta":{"jetpack_post_was_ever_published":false},"product_brand":[],"product_cat":[545],"product_tag":[637,653,655],"class_list":{"0":"post-13290","1":"product","2":"type-product","3":"status-publish","4":"has-post-thumbnail","6":"product_cat-netsuke","7":"product_tag-ivory","8":"product_tag-netsuke","9":"product_tag-okimono","10":"product_shipping_class-light","12":"first","13":"instock","14":"featured","15":"sold-individually","16":"shipping-taxable","17":"purchasable","18":"product-type-simple"},"yoast_head":"<!-- This site is optimized with the Yoast SEO plugin v27.5 - https:\/\/yoast.com\/product\/yoast-seo-wordpress\/ -->\n<title>Netsuke Ebisu et enfant en ivoire - Supein Nihonto<\/title>\n<meta name=\"description\" content=\"Beau netsuke repr\u00e9sentant Ebisu, l\u2019un des sept dieux de la fortune, avec un poisson et un enfant. Belle sculpture, superbe patine. Sign\u00e9. P\u00e9riode Meiji, d\u00e9but du XIXe si\u00e8cle. Livr\u00e9 avec certificat d\u2019expertise et document CITES.\" \/>\n<meta name=\"robots\" content=\"index, follow, max-snippet:-1, max-image-preview:large, max-video-preview:-1\" \/>\n<link rel=\"canonical\" href=\"https:\/\/www.supeinnihonto.com\/fr\/produit\/netsuke-ebisu-et-enfant-en-ivoire\/\" \/>\n<meta property=\"og:locale\" content=\"fr_FR\" \/>\n<meta property=\"og:type\" content=\"article\" \/>\n<meta property=\"og:title\" content=\"Netsuke Ebisu et enfant en ivoire - Supein Nihonto\" \/>\n<meta property=\"og:description\" content=\"Beau netsuke repr\u00e9sentant Ebisu, l\u2019un des sept dieux de la fortune, avec un poisson et un enfant. Belle sculpture, superbe patine. Sign\u00e9. P\u00e9riode Meiji, d\u00e9but du XIXe si\u00e8cle. Livr\u00e9 avec certificat d\u2019expertise et document CITES.\" \/>\n<meta property=\"og:url\" content=\"https:\/\/www.supeinnihonto.com\/fr\/produit\/netsuke-ebisu-et-enfant-en-ivoire\/\" \/>\n<meta property=\"og:site_name\" content=\"Supein Nihonto\" \/>\n<meta property=\"article:modified_time\" content=\"2025-12-26T12:00:18+00:00\" \/>\n<meta property=\"og:image\" content=\"https:\/\/www.supeinnihonto.com\/wp-content\/uploads\/2024\/05\/DSC_4041-scaled.jpg\" \/>\n\t<meta property=\"og:image:width\" content=\"2560\" \/>\n\t<meta property=\"og:image:height\" content=\"1707\" \/>\n\t<meta property=\"og:image:type\" content=\"image\/jpeg\" \/>\n<meta name=\"twitter:card\" content=\"summary_large_image\" \/>\n<meta name=\"twitter:label1\" content=\"Dur\u00e9e de lecture estim\u00e9e\" \/>\n\t<meta name=\"twitter:data1\" content=\"1 minute\" \/>\n<script type=\"application\/ld+json\" class=\"yoast-schema-graph\">{\"@context\":\"https:\\\/\\\/schema.org\",\"@graph\":[{\"@type\":\"WebPage\",\"@id\":\"https:\\\/\\\/www.supeinnihonto.com\\\/fr\\\/produit\\\/netsuke-ebisu-et-enfant-en-ivoire\\\/\",\"url\":\"https:\\\/\\\/www.supeinnihonto.com\\\/fr\\\/produit\\\/netsuke-ebisu-et-enfant-en-ivoire\\\/\",\"name\":\"Netsuke Ebisu et enfant en ivoire - Supein Nihonto\",\"isPartOf\":{\"@id\":\"https:\\\/\\\/www.supeinnihonto.com\\\/fr\\\/#website\"},\"primaryImageOfPage\":{\"@id\":\"https:\\\/\\\/www.supeinnihonto.com\\\/fr\\\/produit\\\/netsuke-ebisu-et-enfant-en-ivoire\\\/#primaryimage\"},\"image\":{\"@id\":\"https:\\\/\\\/www.supeinnihonto.com\\\/fr\\\/produit\\\/netsuke-ebisu-et-enfant-en-ivoire\\\/#primaryimage\"},\"thumbnailUrl\":\"https:\\\/\\\/i0.wp.com\\\/www.supeinnihonto.com\\\/wp-content\\\/uploads\\\/2024\\\/05\\\/DSC_4041-scaled.jpg?fit=2560%2C1707&ssl=1\",\"datePublished\":\"2024-05-28T10:53:54+00:00\",\"dateModified\":\"2025-12-26T12:00:18+00:00\",\"description\":\"Beau netsuke repr\u00e9sentant Ebisu, l\u2019un des sept dieux de la fortune, avec un poisson et un enfant. Belle sculpture, superbe patine. Sign\u00e9. P\u00e9riode Meiji, d\u00e9but du XIXe si\u00e8cle. Livr\u00e9 avec certificat d\u2019expertise et document CITES.\",\"breadcrumb\":{\"@id\":\"https:\\\/\\\/www.supeinnihonto.com\\\/fr\\\/produit\\\/netsuke-ebisu-et-enfant-en-ivoire\\\/#breadcrumb\"},\"inLanguage\":\"fr-FR\",\"potentialAction\":[{\"@type\":\"ReadAction\",\"target\":[\"https:\\\/\\\/www.supeinnihonto.com\\\/fr\\\/produit\\\/netsuke-ebisu-et-enfant-en-ivoire\\\/\"]}]},{\"@type\":\"ImageObject\",\"inLanguage\":\"fr-FR\",\"@id\":\"https:\\\/\\\/www.supeinnihonto.com\\\/fr\\\/produit\\\/netsuke-ebisu-et-enfant-en-ivoire\\\/#primaryimage\",\"url\":\"https:\\\/\\\/i0.wp.com\\\/www.supeinnihonto.com\\\/wp-content\\\/uploads\\\/2024\\\/05\\\/DSC_4041-scaled.jpg?fit=2560%2C1707&ssl=1\",\"contentUrl\":\"https:\\\/\\\/i0.wp.com\\\/www.supeinnihonto.com\\\/wp-content\\\/uploads\\\/2024\\\/05\\\/DSC_4041-scaled.jpg?fit=2560%2C1707&ssl=1\",\"width\":2560,\"height\":1707,\"caption\":\"Netsuke Hotei and boy ivory\"},{\"@type\":\"BreadcrumbList\",\"@id\":\"https:\\\/\\\/www.supeinnihonto.com\\\/fr\\\/produit\\\/netsuke-ebisu-et-enfant-en-ivoire\\\/#breadcrumb\",\"itemListElement\":[{\"@type\":\"ListItem\",\"position\":1,\"name\":\"Portada\",\"item\":\"https:\\\/\\\/www.supeinnihonto.com\\\/fr\\\/\"},{\"@type\":\"ListItem\",\"position\":2,\"name\":\"Shop\",\"item\":\"https:\\\/\\\/www.supeinnihonto.com\\\/fr\\\/shop\\\/\"},{\"@type\":\"ListItem\",\"position\":3,\"name\":\"Netsuke Ebisu et enfant en ivoire\"}]},{\"@type\":\"WebSite\",\"@id\":\"https:\\\/\\\/www.supeinnihonto.com\\\/fr\\\/#website\",\"url\":\"https:\\\/\\\/www.supeinnihonto.com\\\/fr\\\/\",\"name\":\"Supein Nihonto\",\"description\":\"Authentic japanese Nihonto katana \",\"publisher\":{\"@id\":\"https:\\\/\\\/www.supeinnihonto.com\\\/fr\\\/#organization\"},\"potentialAction\":[{\"@type\":\"SearchAction\",\"target\":{\"@type\":\"EntryPoint\",\"urlTemplate\":\"https:\\\/\\\/www.supeinnihonto.com\\\/fr\\\/?s={search_term_string}\"},\"query-input\":{\"@type\":\"PropertyValueSpecification\",\"valueRequired\":true,\"valueName\":\"search_term_string\"}}],\"inLanguage\":\"fr-FR\"},{\"@type\":\"Organization\",\"@id\":\"https:\\\/\\\/www.supeinnihonto.com\\\/fr\\\/#organization\",\"name\":\"SupeinNihonto\",\"url\":\"https:\\\/\\\/www.supeinnihonto.com\\\/fr\\\/\",\"logo\":{\"@type\":\"ImageObject\",\"inLanguage\":\"fr-FR\",\"@id\":\"https:\\\/\\\/www.supeinnihonto.com\\\/fr\\\/#\\\/schema\\\/logo\\\/image\\\/\",\"url\":\"https:\\\/\\\/www.supeinnihonto.com\\\/wp-content\\\/uploads\\\/2021\\\/11\\\/animation_Default_3szk0jcenoloop.gif\",\"contentUrl\":\"https:\\\/\\\/www.supeinnihonto.com\\\/wp-content\\\/uploads\\\/2021\\\/11\\\/animation_Default_3szk0jcenoloop.gif\",\"width\":750,\"height\":641,\"caption\":\"SupeinNihonto\"},\"image\":{\"@id\":\"https:\\\/\\\/www.supeinnihonto.com\\\/fr\\\/#\\\/schema\\\/logo\\\/image\\\/\"}}]}<\/script>\n<!-- \/ Yoast SEO plugin. -->","yoast_head_json":{"title":"Netsuke Ebisu et enfant en ivoire - Supein Nihonto","description":"Beau netsuke repr\u00e9sentant Ebisu, l\u2019un des sept dieux de la fortune, avec un poisson et un enfant. Belle sculpture, superbe patine. Sign\u00e9. P\u00e9riode Meiji, d\u00e9but du XIXe si\u00e8cle. Livr\u00e9 avec certificat d\u2019expertise et document CITES.","robots":{"index":"index","follow":"follow","max-snippet":"max-snippet:-1","max-image-preview":"max-image-preview:large","max-video-preview":"max-video-preview:-1"},"canonical":"https:\/\/www.supeinnihonto.com\/fr\/produit\/netsuke-ebisu-et-enfant-en-ivoire\/","og_locale":"fr_FR","og_type":"article","og_title":"Netsuke Ebisu et enfant en ivoire - Supein Nihonto","og_description":"Beau netsuke repr\u00e9sentant Ebisu, l\u2019un des sept dieux de la fortune, avec un poisson et un enfant. Belle sculpture, superbe patine. Sign\u00e9. P\u00e9riode Meiji, d\u00e9but du XIXe si\u00e8cle. Livr\u00e9 avec certificat d\u2019expertise et document CITES.","og_url":"https:\/\/www.supeinnihonto.com\/fr\/produit\/netsuke-ebisu-et-enfant-en-ivoire\/","og_site_name":"Supein Nihonto","article_modified_time":"2025-12-26T12:00:18+00:00","og_image":[{"width":2560,"height":1707,"url":"https:\/\/www.supeinnihonto.com\/wp-content\/uploads\/2024\/05\/DSC_4041-scaled.jpg","type":"image\/jpeg"}],"twitter_card":"summary_large_image","twitter_misc":{"Dur\u00e9e de lecture estim\u00e9e":"1 minute"},"schema":{"@context":"https:\/\/schema.org","@graph":[{"@type":"WebPage","@id":"https:\/\/www.supeinnihonto.com\/fr\/produit\/netsuke-ebisu-et-enfant-en-ivoire\/","url":"https:\/\/www.supeinnihonto.com\/fr\/produit\/netsuke-ebisu-et-enfant-en-ivoire\/","name":"Netsuke Ebisu et enfant en ivoire - Supein Nihonto","isPartOf":{"@id":"https:\/\/www.supeinnihonto.com\/fr\/#website"},"primaryImageOfPage":{"@id":"https:\/\/www.supeinnihonto.com\/fr\/produit\/netsuke-ebisu-et-enfant-en-ivoire\/#primaryimage"},"image":{"@id":"https:\/\/www.supeinnihonto.com\/fr\/produit\/netsuke-ebisu-et-enfant-en-ivoire\/#primaryimage"},"thumbnailUrl":"https:\/\/i0.wp.com\/www.supeinnihonto.com\/wp-content\/uploads\/2024\/05\/DSC_4041-scaled.jpg?fit=2560%2C1707&ssl=1","datePublished":"2024-05-28T10:53:54+00:00","dateModified":"2025-12-26T12:00:18+00:00","description":"Beau netsuke repr\u00e9sentant Ebisu, l\u2019un des sept dieux de la fortune, avec un poisson et un enfant. Belle sculpture, superbe patine. Sign\u00e9. P\u00e9riode Meiji, d\u00e9but du XIXe si\u00e8cle. Livr\u00e9 avec certificat d\u2019expertise et document CITES.","breadcrumb":{"@id":"https:\/\/www.supeinnihonto.com\/fr\/produit\/netsuke-ebisu-et-enfant-en-ivoire\/#breadcrumb"},"inLanguage":"fr-FR","potentialAction":[{"@type":"ReadAction","target":["https:\/\/www.supeinnihonto.com\/fr\/produit\/netsuke-ebisu-et-enfant-en-ivoire\/"]}]},{"@type":"ImageObject","inLanguage":"fr-FR","@id":"https:\/\/www.supeinnihonto.com\/fr\/produit\/netsuke-ebisu-et-enfant-en-ivoire\/#primaryimage","url":"https:\/\/i0.wp.com\/www.supeinnihonto.com\/wp-content\/uploads\/2024\/05\/DSC_4041-scaled.jpg?fit=2560%2C1707&ssl=1","contentUrl":"https:\/\/i0.wp.com\/www.supeinnihonto.com\/wp-content\/uploads\/2024\/05\/DSC_4041-scaled.jpg?fit=2560%2C1707&ssl=1","width":2560,"height":1707,"caption":"Netsuke Hotei and boy ivory"},{"@type":"BreadcrumbList","@id":"https:\/\/www.supeinnihonto.com\/fr\/produit\/netsuke-ebisu-et-enfant-en-ivoire\/#breadcrumb","itemListElement":[{"@type":"ListItem","position":1,"name":"Portada","item":"https:\/\/www.supeinnihonto.com\/fr\/"},{"@type":"ListItem","position":2,"name":"Shop","item":"https:\/\/www.supeinnihonto.com\/fr\/shop\/"},{"@type":"ListItem","position":3,"name":"Netsuke Ebisu et enfant en ivoire"}]},{"@type":"WebSite","@id":"https:\/\/www.supeinnihonto.com\/fr\/#website","url":"https:\/\/www.supeinnihonto.com\/fr\/","name":"Supein Nihonto","description":"Authentic japanese Nihonto katana ","publisher":{"@id":"https:\/\/www.supeinnihonto.com\/fr\/#organization"},"potentialAction":[{"@type":"SearchAction","target":{"@type":"EntryPoint","urlTemplate":"https:\/\/www.supeinnihonto.com\/fr\/?s={search_term_string}"},"query-input":{"@type":"PropertyValueSpecification","valueRequired":true,"valueName":"search_term_string"}}],"inLanguage":"fr-FR"},{"@type":"Organization","@id":"https:\/\/www.supeinnihonto.com\/fr\/#organization","name":"SupeinNihonto","url":"https:\/\/www.supeinnihonto.com\/fr\/","logo":{"@type":"ImageObject","inLanguage":"fr-FR","@id":"https:\/\/www.supeinnihonto.com\/fr\/#\/schema\/logo\/image\/","url":"https:\/\/www.supeinnihonto.com\/wp-content\/uploads\/2021\/11\/animation_Default_3szk0jcenoloop.gif","contentUrl":"https:\/\/www.supeinnihonto.com\/wp-content\/uploads\/2021\/11\/animation_Default_3szk0jcenoloop.gif","width":750,"height":641,"caption":"SupeinNihonto"},"image":{"@id":"https:\/\/www.supeinnihonto.com\/fr\/#\/schema\/logo\/image\/"}}]}},"jetpack-related-posts":[{"id":13287,"url":"https:\/\/www.supeinnihonto.com\/nl\/product\/netsuke-ebisu-en-kind-van-ivoor\/","url_meta":{"origin":13290,"position":0},"title":"Netsuke Ebisu en kind van ivoor","author":"Supein Nihonto","date":"28 de mai de 2024","format":false,"excerpt":"Gratis verzending. Mooie netsuke van Ebisu, een van de zeven geluksgoden, met een vis in de hand en een kind. Goede snijkunst en prachtige patina. Aan de onderzijde gesigneerd. Meiji-periode, begin 19e eeuw. Wordt geleverd met taxatiecertificaat en CITES-document. 3 x 3 x 2 cm","rel":"","context":"Article similaire","block_context":{"text":"Article similaire","link":""},"img":{"alt_text":"Netsuke Hotei and boy ivory","src":"https:\/\/i0.wp.com\/www.supeinnihonto.com\/wp-content\/uploads\/2024\/05\/DSC_4041-scaled.jpg?fit=1200%2C800&ssl=1&resize=350%2C200","width":350,"height":200,"srcset":"https:\/\/i0.wp.com\/www.supeinnihonto.com\/wp-content\/uploads\/2024\/05\/DSC_4041-scaled.jpg?fit=1200%2C800&ssl=1&resize=350%2C200 1x, https:\/\/i0.wp.com\/www.supeinnihonto.com\/wp-content\/uploads\/2024\/05\/DSC_4041-scaled.jpg?fit=1200%2C800&ssl=1&resize=525%2C300 1.5x, https:\/\/i0.wp.com\/www.supeinnihonto.com\/wp-content\/uploads\/2024\/05\/DSC_4041-scaled.jpg?fit=1200%2C800&ssl=1&resize=700%2C400 2x, https:\/\/i0.wp.com\/www.supeinnihonto.com\/wp-content\/uploads\/2024\/05\/DSC_4041-scaled.jpg?fit=1200%2C800&ssl=1&resize=1050%2C600 3x"},"classes":[]},{"id":13293,"url":"https:\/\/www.supeinnihonto.com\/de\/produkt\/netsuke-ebisu-and-boy-ivory\/","url_meta":{"origin":13290,"position":1},"title":"Netsuke Ebisu mit Kind aus Elfenbein","author":"Supein Nihonto","date":"28 de mai de 2024","format":false,"excerpt":"Kostenloser Versand. Sch\u00f6nes Netsuke mit Darstellung von Ebisu, einem der sieben Gl\u00fccksg\u00f6tter, mit einem Fisch in der Hand und einem Kind. Gute Schnitzarbeit und sch\u00f6ne Patina. Am Sockel signiert. Meiji-Zeit, fr\u00fches 19. Jahrhundert. Wird mit Gutachten und CITES-Dokument geliefert. 3 x 3 x 2 cm","rel":"","context":"Article similaire","block_context":{"text":"Article similaire","link":""},"img":{"alt_text":"Netsuke Hotei and boy ivory","src":"https:\/\/i0.wp.com\/www.supeinnihonto.com\/wp-content\/uploads\/2024\/05\/DSC_4041-scaled.jpg?fit=1200%2C800&ssl=1&resize=350%2C200","width":350,"height":200,"srcset":"https:\/\/i0.wp.com\/www.supeinnihonto.com\/wp-content\/uploads\/2024\/05\/DSC_4041-scaled.jpg?fit=1200%2C800&ssl=1&resize=350%2C200 1x, https:\/\/i0.wp.com\/www.supeinnihonto.com\/wp-content\/uploads\/2024\/05\/DSC_4041-scaled.jpg?fit=1200%2C800&ssl=1&resize=525%2C300 1.5x, https:\/\/i0.wp.com\/www.supeinnihonto.com\/wp-content\/uploads\/2024\/05\/DSC_4041-scaled.jpg?fit=1200%2C800&ssl=1&resize=700%2C400 2x, https:\/\/i0.wp.com\/www.supeinnihonto.com\/wp-content\/uploads\/2024\/05\/DSC_4041-scaled.jpg?fit=1200%2C800&ssl=1&resize=1050%2C600 3x"},"classes":[]},{"id":3498,"url":"https:\/\/www.supeinnihonto.com\/produit\/netsuke-ebisu-and-boy-ivory\/","url_meta":{"origin":13290,"position":2},"title":"Netsuke Ebisu and boy ivory","author":"Supein Nihonto","date":"28 de mai de 2024","format":false,"excerpt":"Free shipping. Nice netsuke of Ebisu, one of the seven gods of fortune with a fish in his hand and a child. Good carving and great patina. Signed in the base. Meiji\u00a0period early 19th century. Comes with certificate of appraisal and CITES document. 3 x 3 x 2 cm","rel":"","context":"Article similaire","block_context":{"text":"Article similaire","link":""},"img":{"alt_text":"Netsuke Hotei and boy ivory","src":"https:\/\/i0.wp.com\/www.supeinnihonto.com\/wp-content\/uploads\/2024\/05\/DSC_4041-scaled.jpg?fit=1200%2C800&ssl=1&resize=350%2C200","width":350,"height":200,"srcset":"https:\/\/i0.wp.com\/www.supeinnihonto.com\/wp-content\/uploads\/2024\/05\/DSC_4041-scaled.jpg?fit=1200%2C800&ssl=1&resize=350%2C200 1x, https:\/\/i0.wp.com\/www.supeinnihonto.com\/wp-content\/uploads\/2024\/05\/DSC_4041-scaled.jpg?fit=1200%2C800&ssl=1&resize=525%2C300 1.5x, https:\/\/i0.wp.com\/www.supeinnihonto.com\/wp-content\/uploads\/2024\/05\/DSC_4041-scaled.jpg?fit=1200%2C800&ssl=1&resize=700%2C400 2x, https:\/\/i0.wp.com\/www.supeinnihonto.com\/wp-content\/uploads\/2024\/05\/DSC_4041-scaled.jpg?fit=1200%2C800&ssl=1&resize=1050%2C600 3x"},"classes":[]},{"id":13296,"url":"https:\/\/www.supeinnihonto.com\/it\/prodotto\/netsuke-ebisu-e-bambino-in-avorio\/","url_meta":{"origin":13290,"position":3},"title":"Netsuke Ebisu e bambino in avorio","author":"Supein Nihonto","date":"28 de mai de 2024","format":false,"excerpt":"Spedizione gratuita. Bel netsuke raffigurante Ebisu, uno dei sette d\u00e8i della fortuna, con un pesce in mano e un bambino. Buona qualit\u00e0 d\u2019intaglio e splendida patina. Firmato alla base. Periodo Meiji, inizio XIX secolo. Fornito con certificato di perizia e documento CITES. 3 x 3 x 2 cm","rel":"","context":"Article similaire","block_context":{"text":"Article similaire","link":""},"img":{"alt_text":"Netsuke Hotei and boy ivory","src":"https:\/\/i0.wp.com\/www.supeinnihonto.com\/wp-content\/uploads\/2024\/05\/DSC_4041-scaled.jpg?fit=1200%2C800&ssl=1&resize=350%2C200","width":350,"height":200,"srcset":"https:\/\/i0.wp.com\/www.supeinnihonto.com\/wp-content\/uploads\/2024\/05\/DSC_4041-scaled.jpg?fit=1200%2C800&ssl=1&resize=350%2C200 1x, https:\/\/i0.wp.com\/www.supeinnihonto.com\/wp-content\/uploads\/2024\/05\/DSC_4041-scaled.jpg?fit=1200%2C800&ssl=1&resize=525%2C300 1.5x, https:\/\/i0.wp.com\/www.supeinnihonto.com\/wp-content\/uploads\/2024\/05\/DSC_4041-scaled.jpg?fit=1200%2C800&ssl=1&resize=700%2C400 2x, https:\/\/i0.wp.com\/www.supeinnihonto.com\/wp-content\/uploads\/2024\/05\/DSC_4041-scaled.jpg?fit=1200%2C800&ssl=1&resize=1050%2C600 3x"},"classes":[]},{"id":13436,"url":"https:\/\/www.supeinnihonto.com\/de\/produkt\/netsuke-liegende-ziege-aus-elfenbein\/","url_meta":{"origin":13290,"position":4},"title":"Netsuke liegende Ziege aus Elfenbein","author":"Supein Nihonto","date":"29 de mai de 2024","format":false,"excerpt":"Kostenloser Versand. Elfenbein-Netsuke einer liegenden, ruhenden Ziege. Get\u00f6nte Gravur. Am Sockel vom K\u00fcnstler signiert. Meiji-Zeit. Wird mit Zertifikat und CITES-Dokument geliefert. 5 x 3 x 3 cm","rel":"","context":"Article similaire","block_context":{"text":"Article similaire","link":""},"img":{"alt_text":"Netsuke reclining goat ivory","src":"https:\/\/i0.wp.com\/www.supeinnihonto.com\/wp-content\/uploads\/2024\/05\/DSC_4144-scaled.jpg?fit=1200%2C800&ssl=1&resize=350%2C200","width":350,"height":200,"srcset":"https:\/\/i0.wp.com\/www.supeinnihonto.com\/wp-content\/uploads\/2024\/05\/DSC_4144-scaled.jpg?fit=1200%2C800&ssl=1&resize=350%2C200 1x, https:\/\/i0.wp.com\/www.supeinnihonto.com\/wp-content\/uploads\/2024\/05\/DSC_4144-scaled.jpg?fit=1200%2C800&ssl=1&resize=525%2C300 1.5x, https:\/\/i0.wp.com\/www.supeinnihonto.com\/wp-content\/uploads\/2024\/05\/DSC_4144-scaled.jpg?fit=1200%2C800&ssl=1&resize=700%2C400 2x, https:\/\/i0.wp.com\/www.supeinnihonto.com\/wp-content\/uploads\/2024\/05\/DSC_4144-scaled.jpg?fit=1200%2C800&ssl=1&resize=1050%2C600 3x"},"classes":[]},{"id":12726,"url":"https:\/\/www.supeinnihonto.com\/de\/produkt\/netsuke-shishi-aus-holz\/","url_meta":{"origin":13290,"position":5},"title":"Netsuke Shishi aus Holz","author":"Eric Majo","date":"5 de novembre de 2024","format":false,"excerpt":"Kostenloser Versand. H\u00f6lzernes Netsuke eines Shishi auf einer Kugel, mit sch\u00f6ner Patina und in gutem Zustand. Edo-Zeit. 3,5 x 3 x 2,5 cm","rel":"","context":"Article similaire","block_context":{"text":"Article similaire","link":""},"img":{"alt_text":"netsuke shishi","src":"https:\/\/i0.wp.com\/www.supeinnihonto.com\/wp-content\/uploads\/2024\/11\/DSC1475-scaled.jpg?fit=1200%2C800&ssl=1&resize=350%2C200","width":350,"height":200,"srcset":"https:\/\/i0.wp.com\/www.supeinnihonto.com\/wp-content\/uploads\/2024\/11\/DSC1475-scaled.jpg?fit=1200%2C800&ssl=1&resize=350%2C200 1x, https:\/\/i0.wp.com\/www.supeinnihonto.com\/wp-content\/uploads\/2024\/11\/DSC1475-scaled.jpg?fit=1200%2C800&ssl=1&resize=525%2C300 1.5x, https:\/\/i0.wp.com\/www.supeinnihonto.com\/wp-content\/uploads\/2024\/11\/DSC1475-scaled.jpg?fit=1200%2C800&ssl=1&resize=700%2C400 2x, https:\/\/i0.wp.com\/www.supeinnihonto.com\/wp-content\/uploads\/2024\/11\/DSC1475-scaled.jpg?fit=1200%2C800&ssl=1&resize=1050%2C600 3x"},"classes":[]}],"jetpack_sharing_enabled":true,"_links":{"self":[{"href":"https:\/\/www.supeinnihonto.com\/fr\/wp-json\/wp\/v2\/product\/13290","targetHints":{"allow":["GET"]}}],"collection":[{"href":"https:\/\/www.supeinnihonto.com\/fr\/wp-json\/wp\/v2\/product"}],"about":[{"href":"https:\/\/www.supeinnihonto.com\/fr\/wp-json\/wp\/v2\/types\/product"}],"wp:featuredmedia":[{"embeddable":true,"href":"https:\/\/www.supeinnihonto.com\/fr\/wp-json\/wp\/v2\/media\/13292"}],"wp:attachment":[{"href":"https:\/\/www.supeinnihonto.com\/fr\/wp-json\/wp\/v2\/media?parent=13290"}],"wp:term":[{"taxonomy":"product_brand","embeddable":true,"href":"https:\/\/www.supeinnihonto.com\/fr\/wp-json\/wp\/v2\/product_brand?post=13290"},{"taxonomy":"product_cat","embeddable":true,"href":"https:\/\/www.supeinnihonto.com\/fr\/wp-json\/wp\/v2\/product_cat?post=13290"},{"taxonomy":"product_tag","embeddable":true,"href":"https:\/\/www.supeinnihonto.com\/fr\/wp-json\/wp\/v2\/product_tag?post=13290"}],"curies":[{"name":"wp","href":"https:\/\/api.w.org\/{rel}","templated":true}]}}