{"id":13133,"date":"2024-08-01T16:40:38","date_gmt":"2024-08-01T16:40:38","guid":{"rendered":"https:\/\/www.supeinnihonto.com\/product\/tokobetsu-gusoku\/"},"modified":"2025-12-16T08:51:42","modified_gmt":"2025-12-16T08:51:42","slug":"tokobetsu-gusoku","status":"publish","type":"product","link":"https:\/\/www.supeinnihonto.com\/fr\/produit\/tokobetsu-gusoku\/","title":{"rendered":"Tokobetsu Gusoku"},"content":{"rendered":"<p><em><strong>About US:<\/strong><\/em><\/p>\n<p>Our photographs are taken without retouching or photoshop to ensure that the customer can judge the reality of the object.<\/p>\n<p>Thanks to a constant work directly with the best collectors, museums and galleries in Japan and friendship with them, along with a profit margin much lower than the European competition we can offer objects so that many people can choose to have authentic pieces with hundreds of years at more than competitive prices. After all, samurai art is our passion and we want to share it with the world.<\/p>\n<p><em><strong>About The armor: <\/strong><\/em><\/p>\n<p><span>It Comes with certificate of SupeinNihonto.<\/span><\/p>\n<p><span>Incredible armour with high rank certificate Tokobetsu kicho Shirio. Fully match and great condition. These certified armours are a safe value and an investment. The certificate states it as an armour of special historical importance for its condition and quality and certifies it as belonging to the Edo period. A great piece for collectors and investors to enjoy while retaining a safe value. The armour is in a great state of preservation with all its elements certified, a beautiful and classic zunari Kabuto, Do that preserves the original standard bearer, tsuneate, haidate, kotes and sode. An exclusive piece very difficult to see certified in Europe.\u00a0<\/span><\/p>\n<p>Free Shipping in all Europe.<\/p>\n","protected":false},"excerpt":{"rendered":"<p>About US: Our photographs are taken without retouching or photoshop to ensure that the customer can judge the reality of the object. Thanks to a constant work directly with the best collectors, museums and galleries in Japan and friendship with them, along with a profit margin much lower than the [&hellip;]<\/p>\n","protected":false},"featured_media":10954,"template":"","meta":{"jetpack_post_was_ever_published":false},"product_brand":[],"product_cat":[541,542],"product_tag":[444,669,484,588],"class_list":{"0":"post-13133","1":"product","2":"type-product","3":"status-publish","4":"has-post-thumbnail","6":"product_cat-armure","7":"product_cat-gusoku-yoroi","8":"product_tag-edo","9":"product_tag-fer","10":"product_tag-vendu","11":"product_tag-yoroi","12":"product_shipping_class-heavy","14":"first","15":"outofstock","16":"sold-individually","17":"shipping-taxable","18":"purchasable","19":"product-type-simple"},"yoast_head":"<!-- This site is optimized with the Yoast SEO plugin v27.5 - https:\/\/yoast.com\/product\/yoast-seo-wordpress\/ -->\n<title>Tokobetsu Gusoku - Supein Nihonto<\/title>\n<meta name=\"description\" content=\"Incredible armour with high rank certificate Tokobetsu kicho Shirio. Fully match and great condition. These certified armours are a safe value.\" \/>\n<meta name=\"robots\" content=\"index, follow, max-snippet:-1, max-image-preview:large, max-video-preview:-1\" \/>\n<link rel=\"canonical\" href=\"https:\/\/www.supeinnihonto.com\/fr\/produit\/tokobetsu-gusoku\/\" \/>\n<meta property=\"og:locale\" content=\"fr_FR\" \/>\n<meta property=\"og:type\" content=\"article\" \/>\n<meta property=\"og:title\" content=\"Tokobetsu Gusoku - Supein Nihonto\" \/>\n<meta property=\"og:description\" content=\"Incredible armour with high rank certificate Tokobetsu kicho Shirio. Fully match and great condition. These certified armours are a safe value.\" \/>\n<meta property=\"og:url\" content=\"https:\/\/www.supeinnihonto.com\/fr\/produit\/tokobetsu-gusoku\/\" \/>\n<meta property=\"og:site_name\" content=\"Supein Nihonto\" \/>\n<meta property=\"article:modified_time\" content=\"2025-12-16T08:51:42+00:00\" \/>\n<meta property=\"og:image\" content=\"https:\/\/www.supeinnihonto.com\/wp-content\/uploads\/2024\/02\/logo-sold.png\" \/>\n\t<meta property=\"og:image:width\" content=\"3125\" \/>\n\t<meta property=\"og:image:height\" content=\"1875\" \/>\n\t<meta property=\"og:image:type\" content=\"image\/png\" \/>\n<meta name=\"twitter:card\" content=\"summary_large_image\" \/>\n<meta name=\"twitter:label1\" content=\"Dur\u00e9e de lecture estim\u00e9e\" \/>\n\t<meta name=\"twitter:data1\" content=\"1 minute\" \/>\n<script type=\"application\/ld+json\" class=\"yoast-schema-graph\">{\"@context\":\"https:\\\/\\\/schema.org\",\"@graph\":[{\"@type\":\"WebPage\",\"@id\":\"https:\\\/\\\/www.supeinnihonto.com\\\/fr\\\/produit\\\/tokobetsu-gusoku\\\/\",\"url\":\"https:\\\/\\\/www.supeinnihonto.com\\\/fr\\\/produit\\\/tokobetsu-gusoku\\\/\",\"name\":\"Tokobetsu Gusoku - Supein Nihonto\",\"isPartOf\":{\"@id\":\"https:\\\/\\\/www.supeinnihonto.com\\\/fr\\\/#website\"},\"primaryImageOfPage\":{\"@id\":\"https:\\\/\\\/www.supeinnihonto.com\\\/fr\\\/produit\\\/tokobetsu-gusoku\\\/#primaryimage\"},\"image\":{\"@id\":\"https:\\\/\\\/www.supeinnihonto.com\\\/fr\\\/produit\\\/tokobetsu-gusoku\\\/#primaryimage\"},\"thumbnailUrl\":\"https:\\\/\\\/i0.wp.com\\\/www.supeinnihonto.com\\\/wp-content\\\/uploads\\\/2024\\\/02\\\/logo-sold-scaled.png?fit=3125%2C1875&ssl=1\",\"datePublished\":\"2024-08-01T16:40:38+00:00\",\"dateModified\":\"2025-12-16T08:51:42+00:00\",\"description\":\"Incredible armour with high rank certificate Tokobetsu kicho Shirio. Fully match and great condition. These certified armours are a safe value.\",\"breadcrumb\":{\"@id\":\"https:\\\/\\\/www.supeinnihonto.com\\\/fr\\\/produit\\\/tokobetsu-gusoku\\\/#breadcrumb\"},\"inLanguage\":\"fr-FR\",\"potentialAction\":[{\"@type\":\"ReadAction\",\"target\":[\"https:\\\/\\\/www.supeinnihonto.com\\\/fr\\\/produit\\\/tokobetsu-gusoku\\\/\"]}]},{\"@type\":\"ImageObject\",\"inLanguage\":\"fr-FR\",\"@id\":\"https:\\\/\\\/www.supeinnihonto.com\\\/fr\\\/produit\\\/tokobetsu-gusoku\\\/#primaryimage\",\"url\":\"https:\\\/\\\/i0.wp.com\\\/www.supeinnihonto.com\\\/wp-content\\\/uploads\\\/2024\\\/02\\\/logo-sold-scaled.png?fit=3125%2C1875&ssl=1\",\"contentUrl\":\"https:\\\/\\\/i0.wp.com\\\/www.supeinnihonto.com\\\/wp-content\\\/uploads\\\/2024\\\/02\\\/logo-sold-scaled.png?fit=3125%2C1875&ssl=1\",\"width\":3125,\"height\":1875,\"caption\":\"sold\"},{\"@type\":\"BreadcrumbList\",\"@id\":\"https:\\\/\\\/www.supeinnihonto.com\\\/fr\\\/produit\\\/tokobetsu-gusoku\\\/#breadcrumb\",\"itemListElement\":[{\"@type\":\"ListItem\",\"position\":1,\"name\":\"Portada\",\"item\":\"https:\\\/\\\/www.supeinnihonto.com\\\/fr\\\/\"},{\"@type\":\"ListItem\",\"position\":2,\"name\":\"Shop\",\"item\":\"https:\\\/\\\/www.supeinnihonto.com\\\/fr\\\/shop\\\/\"},{\"@type\":\"ListItem\",\"position\":3,\"name\":\"Tokobetsu Gusoku\"}]},{\"@type\":\"WebSite\",\"@id\":\"https:\\\/\\\/www.supeinnihonto.com\\\/fr\\\/#website\",\"url\":\"https:\\\/\\\/www.supeinnihonto.com\\\/fr\\\/\",\"name\":\"Supein Nihonto\",\"description\":\"Authentic japanese Nihonto katana \",\"publisher\":{\"@id\":\"https:\\\/\\\/www.supeinnihonto.com\\\/fr\\\/#organization\"},\"potentialAction\":[{\"@type\":\"SearchAction\",\"target\":{\"@type\":\"EntryPoint\",\"urlTemplate\":\"https:\\\/\\\/www.supeinnihonto.com\\\/fr\\\/?s={search_term_string}\"},\"query-input\":{\"@type\":\"PropertyValueSpecification\",\"valueRequired\":true,\"valueName\":\"search_term_string\"}}],\"inLanguage\":\"fr-FR\"},{\"@type\":\"Organization\",\"@id\":\"https:\\\/\\\/www.supeinnihonto.com\\\/fr\\\/#organization\",\"name\":\"SupeinNihonto\",\"url\":\"https:\\\/\\\/www.supeinnihonto.com\\\/fr\\\/\",\"logo\":{\"@type\":\"ImageObject\",\"inLanguage\":\"fr-FR\",\"@id\":\"https:\\\/\\\/www.supeinnihonto.com\\\/fr\\\/#\\\/schema\\\/logo\\\/image\\\/\",\"url\":\"https:\\\/\\\/www.supeinnihonto.com\\\/wp-content\\\/uploads\\\/2021\\\/11\\\/animation_Default_3szk0jcenoloop.gif\",\"contentUrl\":\"https:\\\/\\\/www.supeinnihonto.com\\\/wp-content\\\/uploads\\\/2021\\\/11\\\/animation_Default_3szk0jcenoloop.gif\",\"width\":750,\"height\":641,\"caption\":\"SupeinNihonto\"},\"image\":{\"@id\":\"https:\\\/\\\/www.supeinnihonto.com\\\/fr\\\/#\\\/schema\\\/logo\\\/image\\\/\"}}]}<\/script>\n<!-- \/ Yoast SEO plugin. -->","yoast_head_json":{"title":"Tokobetsu Gusoku - Supein Nihonto","description":"Incredible armour with high rank certificate Tokobetsu kicho Shirio. Fully match and great condition. These certified armours are a safe value.","robots":{"index":"index","follow":"follow","max-snippet":"max-snippet:-1","max-image-preview":"max-image-preview:large","max-video-preview":"max-video-preview:-1"},"canonical":"https:\/\/www.supeinnihonto.com\/fr\/produit\/tokobetsu-gusoku\/","og_locale":"fr_FR","og_type":"article","og_title":"Tokobetsu Gusoku - Supein Nihonto","og_description":"Incredible armour with high rank certificate Tokobetsu kicho Shirio. Fully match and great condition. These certified armours are a safe value.","og_url":"https:\/\/www.supeinnihonto.com\/fr\/produit\/tokobetsu-gusoku\/","og_site_name":"Supein Nihonto","article_modified_time":"2025-12-16T08:51:42+00:00","og_image":[{"width":3125,"height":1875,"url":"https:\/\/www.supeinnihonto.com\/wp-content\/uploads\/2024\/02\/logo-sold.png","type":"image\/png"}],"twitter_card":"summary_large_image","twitter_misc":{"Dur\u00e9e de lecture estim\u00e9e":"1 minute"},"schema":{"@context":"https:\/\/schema.org","@graph":[{"@type":"WebPage","@id":"https:\/\/www.supeinnihonto.com\/fr\/produit\/tokobetsu-gusoku\/","url":"https:\/\/www.supeinnihonto.com\/fr\/produit\/tokobetsu-gusoku\/","name":"Tokobetsu Gusoku - Supein Nihonto","isPartOf":{"@id":"https:\/\/www.supeinnihonto.com\/fr\/#website"},"primaryImageOfPage":{"@id":"https:\/\/www.supeinnihonto.com\/fr\/produit\/tokobetsu-gusoku\/#primaryimage"},"image":{"@id":"https:\/\/www.supeinnihonto.com\/fr\/produit\/tokobetsu-gusoku\/#primaryimage"},"thumbnailUrl":"https:\/\/i0.wp.com\/www.supeinnihonto.com\/wp-content\/uploads\/2024\/02\/logo-sold-scaled.png?fit=3125%2C1875&ssl=1","datePublished":"2024-08-01T16:40:38+00:00","dateModified":"2025-12-16T08:51:42+00:00","description":"Incredible armour with high rank certificate Tokobetsu kicho Shirio. Fully match and great condition. These certified armours are a safe value.","breadcrumb":{"@id":"https:\/\/www.supeinnihonto.com\/fr\/produit\/tokobetsu-gusoku\/#breadcrumb"},"inLanguage":"fr-FR","potentialAction":[{"@type":"ReadAction","target":["https:\/\/www.supeinnihonto.com\/fr\/produit\/tokobetsu-gusoku\/"]}]},{"@type":"ImageObject","inLanguage":"fr-FR","@id":"https:\/\/www.supeinnihonto.com\/fr\/produit\/tokobetsu-gusoku\/#primaryimage","url":"https:\/\/i0.wp.com\/www.supeinnihonto.com\/wp-content\/uploads\/2024\/02\/logo-sold-scaled.png?fit=3125%2C1875&ssl=1","contentUrl":"https:\/\/i0.wp.com\/www.supeinnihonto.com\/wp-content\/uploads\/2024\/02\/logo-sold-scaled.png?fit=3125%2C1875&ssl=1","width":3125,"height":1875,"caption":"sold"},{"@type":"BreadcrumbList","@id":"https:\/\/www.supeinnihonto.com\/fr\/produit\/tokobetsu-gusoku\/#breadcrumb","itemListElement":[{"@type":"ListItem","position":1,"name":"Portada","item":"https:\/\/www.supeinnihonto.com\/fr\/"},{"@type":"ListItem","position":2,"name":"Shop","item":"https:\/\/www.supeinnihonto.com\/fr\/shop\/"},{"@type":"ListItem","position":3,"name":"Tokobetsu Gusoku"}]},{"@type":"WebSite","@id":"https:\/\/www.supeinnihonto.com\/fr\/#website","url":"https:\/\/www.supeinnihonto.com\/fr\/","name":"Supein Nihonto","description":"Authentic japanese Nihonto katana ","publisher":{"@id":"https:\/\/www.supeinnihonto.com\/fr\/#organization"},"potentialAction":[{"@type":"SearchAction","target":{"@type":"EntryPoint","urlTemplate":"https:\/\/www.supeinnihonto.com\/fr\/?s={search_term_string}"},"query-input":{"@type":"PropertyValueSpecification","valueRequired":true,"valueName":"search_term_string"}}],"inLanguage":"fr-FR"},{"@type":"Organization","@id":"https:\/\/www.supeinnihonto.com\/fr\/#organization","name":"SupeinNihonto","url":"https:\/\/www.supeinnihonto.com\/fr\/","logo":{"@type":"ImageObject","inLanguage":"fr-FR","@id":"https:\/\/www.supeinnihonto.com\/fr\/#\/schema\/logo\/image\/","url":"https:\/\/www.supeinnihonto.com\/wp-content\/uploads\/2021\/11\/animation_Default_3szk0jcenoloop.gif","contentUrl":"https:\/\/www.supeinnihonto.com\/wp-content\/uploads\/2021\/11\/animation_Default_3szk0jcenoloop.gif","width":750,"height":641,"caption":"SupeinNihonto"},"image":{"@id":"https:\/\/www.supeinnihonto.com\/fr\/#\/schema\/logo\/image\/"}}]}},"jetpack-related-posts":[{"id":4432,"url":"https:\/\/www.supeinnihonto.com\/produit\/tokobetsu-gusoku\/","url_meta":{"origin":13133,"position":0},"title":"Tokobetsu Gusoku","author":"Eric Majo","date":"1 de ao\u00fbt de 2024","format":false,"excerpt":"About US: Our photographs are taken without retouching or photoshop to ensure that the customer can judge the reality of the object. Thanks to a constant work directly with the best collectors, museums and galleries in Japan and friendship with them, along with a profit margin much lower than the\u2026","rel":"","context":"Article similaire","block_context":{"text":"Article similaire","link":""},"img":{"alt_text":"sold","src":"https:\/\/i0.wp.com\/www.supeinnihonto.com\/wp-content\/uploads\/2024\/02\/logo-sold-scaled.png?fit=1200%2C720&ssl=1&resize=350%2C200","width":350,"height":200,"srcset":"https:\/\/i0.wp.com\/www.supeinnihonto.com\/wp-content\/uploads\/2024\/02\/logo-sold-scaled.png?fit=1200%2C720&ssl=1&resize=350%2C200 1x, https:\/\/i0.wp.com\/www.supeinnihonto.com\/wp-content\/uploads\/2024\/02\/logo-sold-scaled.png?fit=1200%2C720&ssl=1&resize=525%2C300 1.5x, https:\/\/i0.wp.com\/www.supeinnihonto.com\/wp-content\/uploads\/2024\/02\/logo-sold-scaled.png?fit=1200%2C720&ssl=1&resize=700%2C400 2x, https:\/\/i0.wp.com\/www.supeinnihonto.com\/wp-content\/uploads\/2024\/02\/logo-sold-scaled.png?fit=1200%2C720&ssl=1&resize=1050%2C600 3x"},"classes":[]},{"id":13135,"url":"https:\/\/www.supeinnihonto.com\/de\/produkt\/tokobetsu-gusoku\/","url_meta":{"origin":13133,"position":1},"title":"Tokobetsu Gusoku","author":"Eric Majo","date":"1 de ao\u00fbt de 2024","format":false,"excerpt":"About US: Our photographs are taken without retouching or photoshop to ensure that the customer can judge the reality of the object. Thanks to a constant work directly with the best collectors, museums and galleries in Japan and friendship with them, along with a profit margin much lower than the\u2026","rel":"","context":"Article similaire","block_context":{"text":"Article similaire","link":""},"img":{"alt_text":"sold","src":"https:\/\/i0.wp.com\/www.supeinnihonto.com\/wp-content\/uploads\/2024\/02\/logo-sold-scaled.png?fit=1200%2C720&ssl=1&resize=350%2C200","width":350,"height":200,"srcset":"https:\/\/i0.wp.com\/www.supeinnihonto.com\/wp-content\/uploads\/2024\/02\/logo-sold-scaled.png?fit=1200%2C720&ssl=1&resize=350%2C200 1x, https:\/\/i0.wp.com\/www.supeinnihonto.com\/wp-content\/uploads\/2024\/02\/logo-sold-scaled.png?fit=1200%2C720&ssl=1&resize=525%2C300 1.5x, https:\/\/i0.wp.com\/www.supeinnihonto.com\/wp-content\/uploads\/2024\/02\/logo-sold-scaled.png?fit=1200%2C720&ssl=1&resize=700%2C400 2x, https:\/\/i0.wp.com\/www.supeinnihonto.com\/wp-content\/uploads\/2024\/02\/logo-sold-scaled.png?fit=1200%2C720&ssl=1&resize=1050%2C600 3x"},"classes":[]},{"id":13137,"url":"https:\/\/www.supeinnihonto.com\/it\/prodotto\/tokobetsu-gusoku\/","url_meta":{"origin":13133,"position":2},"title":"Tokobetsu Gusoku","author":"Eric Majo","date":"1 de ao\u00fbt de 2024","format":false,"excerpt":"About US: Our photographs are taken without retouching or photoshop to ensure that the customer can judge the reality of the object. Thanks to a constant work directly with the best collectors, museums and galleries in Japan and friendship with them, along with a profit margin much lower than the\u2026","rel":"","context":"Article similaire","block_context":{"text":"Article similaire","link":""},"img":{"alt_text":"sold","src":"https:\/\/i0.wp.com\/www.supeinnihonto.com\/wp-content\/uploads\/2024\/02\/logo-sold-scaled.png?fit=1200%2C720&ssl=1&resize=350%2C200","width":350,"height":200,"srcset":"https:\/\/i0.wp.com\/www.supeinnihonto.com\/wp-content\/uploads\/2024\/02\/logo-sold-scaled.png?fit=1200%2C720&ssl=1&resize=350%2C200 1x, https:\/\/i0.wp.com\/www.supeinnihonto.com\/wp-content\/uploads\/2024\/02\/logo-sold-scaled.png?fit=1200%2C720&ssl=1&resize=525%2C300 1.5x, https:\/\/i0.wp.com\/www.supeinnihonto.com\/wp-content\/uploads\/2024\/02\/logo-sold-scaled.png?fit=1200%2C720&ssl=1&resize=700%2C400 2x, https:\/\/i0.wp.com\/www.supeinnihonto.com\/wp-content\/uploads\/2024\/02\/logo-sold-scaled.png?fit=1200%2C720&ssl=1&resize=1050%2C600 3x"},"classes":[]},{"id":12097,"url":"https:\/\/www.supeinnihonto.com\/fr\/produit\/gusoku-tokobetsu-kicho-certificate\/","url_meta":{"origin":13133,"position":3},"title":"Certificat Gusoku Tokobetsu Kicho Myochin","author":"Eric Majo","date":"25 de f\u00e9vrier de 2025","format":false,"excerpt":"\u00c0 propos de nous : Nos photographies sont prises sans retouche ni photoshop afin de garantir que le client puisse juger de la r\u00e9alit\u00e9 de l\u2019objet. Gr\u00e2ce \u00e0 un travail constant directement avec les meilleurs collectionneurs, mus\u00e9es et galeries au Japon et \u00e0 notre amiti\u00e9 avec eux, ainsi qu\u2019\u00e0 une\u2026","rel":"","context":"Article similaire","block_context":{"text":"Article similaire","link":""},"img":{"alt_text":"sold","src":"https:\/\/i0.wp.com\/www.supeinnihonto.com\/wp-content\/uploads\/2024\/02\/logo-sold-scaled.png?fit=1200%2C720&ssl=1&resize=350%2C200","width":350,"height":200,"srcset":"https:\/\/i0.wp.com\/www.supeinnihonto.com\/wp-content\/uploads\/2024\/02\/logo-sold-scaled.png?fit=1200%2C720&ssl=1&resize=350%2C200 1x, https:\/\/i0.wp.com\/www.supeinnihonto.com\/wp-content\/uploads\/2024\/02\/logo-sold-scaled.png?fit=1200%2C720&ssl=1&resize=525%2C300 1.5x, https:\/\/i0.wp.com\/www.supeinnihonto.com\/wp-content\/uploads\/2024\/02\/logo-sold-scaled.png?fit=1200%2C720&ssl=1&resize=700%2C400 2x, https:\/\/i0.wp.com\/www.supeinnihonto.com\/wp-content\/uploads\/2024\/02\/logo-sold-scaled.png?fit=1200%2C720&ssl=1&resize=1050%2C600 3x"},"classes":[]},{"id":12098,"url":"https:\/\/www.supeinnihonto.com\/de\/produkt\/gusoku-tokobetsu-kicho-certificate\/","url_meta":{"origin":13133,"position":4},"title":"Gusoku Tokubetsu Kicho Zertifikat Myochin","author":"Eric Majo","date":"25 de f\u00e9vrier de 2025","format":false,"excerpt":"\u00dcber uns: Unsere Fotografien werden ohne Retusche oder Photoshop aufgenommen, um sicherzustellen, dass der Kunde die Realit\u00e4t des Objekts beurteilen kann. Dank der st\u00e4ndigen Zusammenarbeit direkt mit den besten Sammlern, Museen und Galerien in Japan sowie der Freundschaft zu ihnen und einer Gewinnspanne, die deutlich niedriger ist als bei der\u2026","rel":"","context":"Article similaire","block_context":{"text":"Article similaire","link":""},"img":{"alt_text":"sold","src":"https:\/\/i0.wp.com\/www.supeinnihonto.com\/wp-content\/uploads\/2024\/02\/logo-sold-scaled.png?fit=1200%2C720&ssl=1&resize=350%2C200","width":350,"height":200,"srcset":"https:\/\/i0.wp.com\/www.supeinnihonto.com\/wp-content\/uploads\/2024\/02\/logo-sold-scaled.png?fit=1200%2C720&ssl=1&resize=350%2C200 1x, https:\/\/i0.wp.com\/www.supeinnihonto.com\/wp-content\/uploads\/2024\/02\/logo-sold-scaled.png?fit=1200%2C720&ssl=1&resize=525%2C300 1.5x, https:\/\/i0.wp.com\/www.supeinnihonto.com\/wp-content\/uploads\/2024\/02\/logo-sold-scaled.png?fit=1200%2C720&ssl=1&resize=700%2C400 2x, https:\/\/i0.wp.com\/www.supeinnihonto.com\/wp-content\/uploads\/2024\/02\/logo-sold-scaled.png?fit=1200%2C720&ssl=1&resize=1050%2C600 3x"},"classes":[]},{"id":12099,"url":"https:\/\/www.supeinnihonto.com\/it\/prodotto\/gusoku-tokobetsu-kicho-certificate\/","url_meta":{"origin":13133,"position":5},"title":"Certificato Gusoku Tokobetsu Kicho Myochin","author":"Eric Majo","date":"25 de f\u00e9vrier de 2025","format":false,"excerpt":"Chi Siamo: Le nostre fotografie sono scattate senza ritocchi o photoshop per garantire che il cliente possa giudicare la realt\u00e0 dell'oggetto. Grazie a un lavoro costante direttamente con i migliori collezionisti, musei e gallerie in Giappone e all'amicizia con loro, insieme a un margine di profitto molto inferiore rispetto alla\u2026","rel":"","context":"Article similaire","block_context":{"text":"Article similaire","link":""},"img":{"alt_text":"sold","src":"https:\/\/i0.wp.com\/www.supeinnihonto.com\/wp-content\/uploads\/2024\/02\/logo-sold-scaled.png?fit=1200%2C720&ssl=1&resize=350%2C200","width":350,"height":200,"srcset":"https:\/\/i0.wp.com\/www.supeinnihonto.com\/wp-content\/uploads\/2024\/02\/logo-sold-scaled.png?fit=1200%2C720&ssl=1&resize=350%2C200 1x, https:\/\/i0.wp.com\/www.supeinnihonto.com\/wp-content\/uploads\/2024\/02\/logo-sold-scaled.png?fit=1200%2C720&ssl=1&resize=525%2C300 1.5x, https:\/\/i0.wp.com\/www.supeinnihonto.com\/wp-content\/uploads\/2024\/02\/logo-sold-scaled.png?fit=1200%2C720&ssl=1&resize=700%2C400 2x, https:\/\/i0.wp.com\/www.supeinnihonto.com\/wp-content\/uploads\/2024\/02\/logo-sold-scaled.png?fit=1200%2C720&ssl=1&resize=1050%2C600 3x"},"classes":[]}],"jetpack_sharing_enabled":true,"_links":{"self":[{"href":"https:\/\/www.supeinnihonto.com\/fr\/wp-json\/wp\/v2\/product\/13133","targetHints":{"allow":["GET"]}}],"collection":[{"href":"https:\/\/www.supeinnihonto.com\/fr\/wp-json\/wp\/v2\/product"}],"about":[{"href":"https:\/\/www.supeinnihonto.com\/fr\/wp-json\/wp\/v2\/types\/product"}],"wp:featuredmedia":[{"embeddable":true,"href":"https:\/\/www.supeinnihonto.com\/fr\/wp-json\/wp\/v2\/media\/10954"}],"wp:attachment":[{"href":"https:\/\/www.supeinnihonto.com\/fr\/wp-json\/wp\/v2\/media?parent=13133"}],"wp:term":[{"taxonomy":"product_brand","embeddable":true,"href":"https:\/\/www.supeinnihonto.com\/fr\/wp-json\/wp\/v2\/product_brand?post=13133"},{"taxonomy":"product_cat","embeddable":true,"href":"https:\/\/www.supeinnihonto.com\/fr\/wp-json\/wp\/v2\/product_cat?post=13133"},{"taxonomy":"product_tag","embeddable":true,"href":"https:\/\/www.supeinnihonto.com\/fr\/wp-json\/wp\/v2\/product_tag?post=13133"}],"curies":[{"name":"wp","href":"https:\/\/api.w.org\/{rel}","templated":true}]}}