{"id":12951,"date":"2024-08-11T15:47:06","date_gmt":"2024-08-11T15:47:06","guid":{"rendered":"https:\/\/www.supeinnihonto.com\/product\/nihonto-long-tanto-echizen-shimosaka-nbthk-hozon\/"},"modified":"2026-04-28T09:24:39","modified_gmt":"2026-04-28T09:24:39","slug":"nihonto-long-tanto-echizen-shimosaka-nbthk-hozon","status":"publish","type":"product","link":"https:\/\/www.supeinnihonto.com\/fr\/produit\/nihonto-long-tanto-echizen-shimosaka-nbthk-hozon\/","title":{"rendered":"Nihonto long Tanto \u00ab\u00a0Echizen Shimosaka\u00a0\u00bb NBTHK Hozon"},"content":{"rendered":"<p>Free Shipping.<\/p>\n<p>ITEM DESCRIPTION:<\/p>\n<p>Comes with kimono or cotton bag. Comes with certificate of supein Nihonto. Includes Torokusho exportation permit. Includes NBTHK Hozon certificate.<\/p>\n<p>Spectacular Long tanto attributed to \u00ab\u00a0Echizen Shimosaka\u00a0\u00bb with horimono in a deluxe koshirae with NBTHK Hozon certificate. Also includes shirasaya and sunagi blade. This piece has it all. A great antique blade with beautiful Hada veining and a hamon full of nuances, without a blemish. A magnificent horimono, somewhat worn by the polishing that has been done over the centuries of a Fudo, a mythical protective character and a bonji or sacred word in addition to a groove or bohi. The blade belongs to the early Edo period and has been passed from generation to generation for centuries sheathed in a precious koshirae of the highest quality, with pieces of gold and silver on shakudo (gold and copper alloy) in an exquisite combination. It also includes a luxurious kozuka with signed blade, inlaid with gold and silver on shakudo. The tanto was purchased along with an elegant plate helmet with its original box and NBTHK certificate in a private collection from a major dealer in Japan that was buyed to antique museum.<\/p>\n<p><span>An Authentic nihonto japanese sword, difficult to find in Europe, without the consequent costs of importing from Japan or from Japanese sellers, which can increase the price of the sword by up to 30% and a months waiting for shipment and custom paperwork. A truly real nihonto to delight both new and experienced collectors.<\/span><\/p>\n<p><span>All our swords are originals, imported from japan and Europe from the best dealers and collectors during many years of collection and passion.<\/span><\/p>\n<p><span>Size: Koshirae Koshirae Full length: 50 cm<br \/>\nBlade length: 30,2 cm<br \/>\nSori: 0 cm<br \/>\n<\/span><\/p>\n","protected":false},"excerpt":{"rendered":"<p>Free Shipping. ITEM DESCRIPTION: Comes with kimono or cotton bag. Comes with certificate of supein Nihonto. Includes Torokusho exportation permit. Includes NBTHK Hozon certificate. Spectacular Long tanto attributed to \u00ab\u00a0Echizen Shimosaka\u00a0\u00bb with horimono in a deluxe koshirae with NBTHK Hozon certificate. Also includes shirasaya and sunagi blade. This piece has [&hellip;]<\/p>\n","protected":false},"featured_media":11076,"template":"","meta":{"jetpack_post_was_ever_published":false},"product_brand":[],"product_cat":[546,548],"product_tag":[456,438],"class_list":{"0":"post-12951","1":"product","2":"type-product","3":"status-publish","4":"has-post-thumbnail","6":"product_cat-nihonto","7":"product_cat-tanto","8":"product_tag-katana","9":"product_tag-nihonto","10":"product_shipping_class-swords","12":"first","13":"outofstock","14":"sold-individually","15":"shipping-taxable","16":"purchasable","17":"product-type-simple"},"yoast_head":"<!-- This site is optimized with the Yoast SEO plugin v27.5 - https:\/\/yoast.com\/product\/yoast-seo-wordpress\/ -->\n<title>Nihonto long Tanto &quot;Echizen Shimosaka&quot; NBTHK Hozon - Supein Nihonto<\/title>\n<meta name=\"description\" content=\"Spectacular Long tanto attributed to &quot;Echizen Shimosaka&quot; with horimono in a deluxe koshirae with NBTHK Hozon certificate. Also includes shirasaya...\" \/>\n<meta name=\"robots\" content=\"index, follow, max-snippet:-1, max-image-preview:large, max-video-preview:-1\" \/>\n<link rel=\"canonical\" href=\"https:\/\/www.supeinnihonto.com\/fr\/produit\/nihonto-long-tanto-echizen-shimosaka-nbthk-hozon\/\" \/>\n<meta property=\"og:locale\" content=\"fr_FR\" \/>\n<meta property=\"og:type\" content=\"article\" \/>\n<meta property=\"og:title\" content=\"Nihonto long Tanto &quot;Echizen Shimosaka&quot; NBTHK Hozon - Supein Nihonto\" \/>\n<meta property=\"og:description\" content=\"Spectacular Long tanto attributed to &quot;Echizen Shimosaka&quot; with horimono in a deluxe koshirae with NBTHK Hozon certificate. Also includes shirasaya...\" \/>\n<meta property=\"og:url\" content=\"https:\/\/www.supeinnihonto.com\/fr\/produit\/nihonto-long-tanto-echizen-shimosaka-nbthk-hozon\/\" \/>\n<meta property=\"og:site_name\" content=\"Supein Nihonto\" \/>\n<meta property=\"article:modified_time\" content=\"2026-04-28T09:24:39+00:00\" \/>\n<meta property=\"og:image\" content=\"https:\/\/www.supeinnihonto.com\/wp-content\/uploads\/2024\/01\/logo-sold-scaled.png\" \/>\n\t<meta property=\"og:image:width\" content=\"3125\" \/>\n\t<meta property=\"og:image:height\" content=\"1875\" \/>\n\t<meta property=\"og:image:type\" content=\"image\/png\" \/>\n<meta name=\"twitter:card\" content=\"summary_large_image\" \/>\n<meta name=\"twitter:label1\" content=\"Dur\u00e9e de lecture estim\u00e9e\" \/>\n\t<meta name=\"twitter:data1\" content=\"1 minute\" \/>\n<script type=\"application\/ld+json\" class=\"yoast-schema-graph\">{\"@context\":\"https:\\\/\\\/schema.org\",\"@graph\":[{\"@type\":\"WebPage\",\"@id\":\"https:\\\/\\\/www.supeinnihonto.com\\\/fr\\\/produit\\\/nihonto-long-tanto-echizen-shimosaka-nbthk-hozon\\\/\",\"url\":\"https:\\\/\\\/www.supeinnihonto.com\\\/fr\\\/produit\\\/nihonto-long-tanto-echizen-shimosaka-nbthk-hozon\\\/\",\"name\":\"Nihonto long Tanto \\\"Echizen Shimosaka\\\" NBTHK Hozon - Supein Nihonto\",\"isPartOf\":{\"@id\":\"https:\\\/\\\/www.supeinnihonto.com\\\/fr\\\/#website\"},\"primaryImageOfPage\":{\"@id\":\"https:\\\/\\\/www.supeinnihonto.com\\\/fr\\\/produit\\\/nihonto-long-tanto-echizen-shimosaka-nbthk-hozon\\\/#primaryimage\"},\"image\":{\"@id\":\"https:\\\/\\\/www.supeinnihonto.com\\\/fr\\\/produit\\\/nihonto-long-tanto-echizen-shimosaka-nbthk-hozon\\\/#primaryimage\"},\"thumbnailUrl\":\"https:\\\/\\\/i0.wp.com\\\/www.supeinnihonto.com\\\/wp-content\\\/uploads\\\/2024\\\/01\\\/logo-sold-scaled.png?fit=3125%2C1875&ssl=1\",\"datePublished\":\"2024-08-11T15:47:06+00:00\",\"dateModified\":\"2026-04-28T09:24:39+00:00\",\"description\":\"Spectacular Long tanto attributed to \\\"Echizen Shimosaka\\\" with horimono in a deluxe koshirae with NBTHK Hozon certificate. Also includes shirasaya...\",\"breadcrumb\":{\"@id\":\"https:\\\/\\\/www.supeinnihonto.com\\\/fr\\\/produit\\\/nihonto-long-tanto-echizen-shimosaka-nbthk-hozon\\\/#breadcrumb\"},\"inLanguage\":\"fr-FR\",\"potentialAction\":[{\"@type\":\"ReadAction\",\"target\":[\"https:\\\/\\\/www.supeinnihonto.com\\\/fr\\\/produit\\\/nihonto-long-tanto-echizen-shimosaka-nbthk-hozon\\\/\"]}]},{\"@type\":\"ImageObject\",\"inLanguage\":\"fr-FR\",\"@id\":\"https:\\\/\\\/www.supeinnihonto.com\\\/fr\\\/produit\\\/nihonto-long-tanto-echizen-shimosaka-nbthk-hozon\\\/#primaryimage\",\"url\":\"https:\\\/\\\/i0.wp.com\\\/www.supeinnihonto.com\\\/wp-content\\\/uploads\\\/2024\\\/01\\\/logo-sold-scaled.png?fit=3125%2C1875&ssl=1\",\"contentUrl\":\"https:\\\/\\\/i0.wp.com\\\/www.supeinnihonto.com\\\/wp-content\\\/uploads\\\/2024\\\/01\\\/logo-sold-scaled.png?fit=3125%2C1875&ssl=1\",\"width\":3125,\"height\":1875,\"caption\":\"Sold\"},{\"@type\":\"BreadcrumbList\",\"@id\":\"https:\\\/\\\/www.supeinnihonto.com\\\/fr\\\/produit\\\/nihonto-long-tanto-echizen-shimosaka-nbthk-hozon\\\/#breadcrumb\",\"itemListElement\":[{\"@type\":\"ListItem\",\"position\":1,\"name\":\"Portada\",\"item\":\"https:\\\/\\\/www.supeinnihonto.com\\\/fr\\\/\"},{\"@type\":\"ListItem\",\"position\":2,\"name\":\"Shop\",\"item\":\"https:\\\/\\\/www.supeinnihonto.com\\\/fr\\\/shop\\\/\"},{\"@type\":\"ListItem\",\"position\":3,\"name\":\"Nihonto long Tanto &#8220;Echizen Shimosaka&#8221; NBTHK Hozon\"}]},{\"@type\":\"WebSite\",\"@id\":\"https:\\\/\\\/www.supeinnihonto.com\\\/fr\\\/#website\",\"url\":\"https:\\\/\\\/www.supeinnihonto.com\\\/fr\\\/\",\"name\":\"Supein Nihonto\",\"description\":\"Authentic japanese Nihonto katana \",\"publisher\":{\"@id\":\"https:\\\/\\\/www.supeinnihonto.com\\\/fr\\\/#organization\"},\"potentialAction\":[{\"@type\":\"SearchAction\",\"target\":{\"@type\":\"EntryPoint\",\"urlTemplate\":\"https:\\\/\\\/www.supeinnihonto.com\\\/fr\\\/?s={search_term_string}\"},\"query-input\":{\"@type\":\"PropertyValueSpecification\",\"valueRequired\":true,\"valueName\":\"search_term_string\"}}],\"inLanguage\":\"fr-FR\"},{\"@type\":\"Organization\",\"@id\":\"https:\\\/\\\/www.supeinnihonto.com\\\/fr\\\/#organization\",\"name\":\"SupeinNihonto\",\"url\":\"https:\\\/\\\/www.supeinnihonto.com\\\/fr\\\/\",\"logo\":{\"@type\":\"ImageObject\",\"inLanguage\":\"fr-FR\",\"@id\":\"https:\\\/\\\/www.supeinnihonto.com\\\/fr\\\/#\\\/schema\\\/logo\\\/image\\\/\",\"url\":\"https:\\\/\\\/www.supeinnihonto.com\\\/wp-content\\\/uploads\\\/2021\\\/11\\\/animation_Default_3szk0jcenoloop.gif\",\"contentUrl\":\"https:\\\/\\\/www.supeinnihonto.com\\\/wp-content\\\/uploads\\\/2021\\\/11\\\/animation_Default_3szk0jcenoloop.gif\",\"width\":750,\"height\":641,\"caption\":\"SupeinNihonto\"},\"image\":{\"@id\":\"https:\\\/\\\/www.supeinnihonto.com\\\/fr\\\/#\\\/schema\\\/logo\\\/image\\\/\"}}]}<\/script>\n<!-- \/ Yoast SEO plugin. -->","yoast_head_json":{"title":"Nihonto long Tanto \"Echizen Shimosaka\" NBTHK Hozon - Supein Nihonto","description":"Spectacular Long tanto attributed to \"Echizen Shimosaka\" with horimono in a deluxe koshirae with NBTHK Hozon certificate. Also includes shirasaya...","robots":{"index":"index","follow":"follow","max-snippet":"max-snippet:-1","max-image-preview":"max-image-preview:large","max-video-preview":"max-video-preview:-1"},"canonical":"https:\/\/www.supeinnihonto.com\/fr\/produit\/nihonto-long-tanto-echizen-shimosaka-nbthk-hozon\/","og_locale":"fr_FR","og_type":"article","og_title":"Nihonto long Tanto \"Echizen Shimosaka\" NBTHK Hozon - Supein Nihonto","og_description":"Spectacular Long tanto attributed to \"Echizen Shimosaka\" with horimono in a deluxe koshirae with NBTHK Hozon certificate. Also includes shirasaya...","og_url":"https:\/\/www.supeinnihonto.com\/fr\/produit\/nihonto-long-tanto-echizen-shimosaka-nbthk-hozon\/","og_site_name":"Supein Nihonto","article_modified_time":"2026-04-28T09:24:39+00:00","og_image":[{"width":3125,"height":1875,"url":"https:\/\/www.supeinnihonto.com\/wp-content\/uploads\/2024\/01\/logo-sold-scaled.png","type":"image\/png"}],"twitter_card":"summary_large_image","twitter_misc":{"Dur\u00e9e de lecture estim\u00e9e":"1 minute"},"schema":{"@context":"https:\/\/schema.org","@graph":[{"@type":"WebPage","@id":"https:\/\/www.supeinnihonto.com\/fr\/produit\/nihonto-long-tanto-echizen-shimosaka-nbthk-hozon\/","url":"https:\/\/www.supeinnihonto.com\/fr\/produit\/nihonto-long-tanto-echizen-shimosaka-nbthk-hozon\/","name":"Nihonto long Tanto \"Echizen Shimosaka\" NBTHK Hozon - Supein Nihonto","isPartOf":{"@id":"https:\/\/www.supeinnihonto.com\/fr\/#website"},"primaryImageOfPage":{"@id":"https:\/\/www.supeinnihonto.com\/fr\/produit\/nihonto-long-tanto-echizen-shimosaka-nbthk-hozon\/#primaryimage"},"image":{"@id":"https:\/\/www.supeinnihonto.com\/fr\/produit\/nihonto-long-tanto-echizen-shimosaka-nbthk-hozon\/#primaryimage"},"thumbnailUrl":"https:\/\/i0.wp.com\/www.supeinnihonto.com\/wp-content\/uploads\/2024\/01\/logo-sold-scaled.png?fit=3125%2C1875&ssl=1","datePublished":"2024-08-11T15:47:06+00:00","dateModified":"2026-04-28T09:24:39+00:00","description":"Spectacular Long tanto attributed to \"Echizen Shimosaka\" with horimono in a deluxe koshirae with NBTHK Hozon certificate. Also includes shirasaya...","breadcrumb":{"@id":"https:\/\/www.supeinnihonto.com\/fr\/produit\/nihonto-long-tanto-echizen-shimosaka-nbthk-hozon\/#breadcrumb"},"inLanguage":"fr-FR","potentialAction":[{"@type":"ReadAction","target":["https:\/\/www.supeinnihonto.com\/fr\/produit\/nihonto-long-tanto-echizen-shimosaka-nbthk-hozon\/"]}]},{"@type":"ImageObject","inLanguage":"fr-FR","@id":"https:\/\/www.supeinnihonto.com\/fr\/produit\/nihonto-long-tanto-echizen-shimosaka-nbthk-hozon\/#primaryimage","url":"https:\/\/i0.wp.com\/www.supeinnihonto.com\/wp-content\/uploads\/2024\/01\/logo-sold-scaled.png?fit=3125%2C1875&ssl=1","contentUrl":"https:\/\/i0.wp.com\/www.supeinnihonto.com\/wp-content\/uploads\/2024\/01\/logo-sold-scaled.png?fit=3125%2C1875&ssl=1","width":3125,"height":1875,"caption":"Sold"},{"@type":"BreadcrumbList","@id":"https:\/\/www.supeinnihonto.com\/fr\/produit\/nihonto-long-tanto-echizen-shimosaka-nbthk-hozon\/#breadcrumb","itemListElement":[{"@type":"ListItem","position":1,"name":"Portada","item":"https:\/\/www.supeinnihonto.com\/fr\/"},{"@type":"ListItem","position":2,"name":"Shop","item":"https:\/\/www.supeinnihonto.com\/fr\/shop\/"},{"@type":"ListItem","position":3,"name":"Nihonto long Tanto &#8220;Echizen Shimosaka&#8221; NBTHK Hozon"}]},{"@type":"WebSite","@id":"https:\/\/www.supeinnihonto.com\/fr\/#website","url":"https:\/\/www.supeinnihonto.com\/fr\/","name":"Supein Nihonto","description":"Authentic japanese Nihonto katana ","publisher":{"@id":"https:\/\/www.supeinnihonto.com\/fr\/#organization"},"potentialAction":[{"@type":"SearchAction","target":{"@type":"EntryPoint","urlTemplate":"https:\/\/www.supeinnihonto.com\/fr\/?s={search_term_string}"},"query-input":{"@type":"PropertyValueSpecification","valueRequired":true,"valueName":"search_term_string"}}],"inLanguage":"fr-FR"},{"@type":"Organization","@id":"https:\/\/www.supeinnihonto.com\/fr\/#organization","name":"SupeinNihonto","url":"https:\/\/www.supeinnihonto.com\/fr\/","logo":{"@type":"ImageObject","inLanguage":"fr-FR","@id":"https:\/\/www.supeinnihonto.com\/fr\/#\/schema\/logo\/image\/","url":"https:\/\/www.supeinnihonto.com\/wp-content\/uploads\/2021\/11\/animation_Default_3szk0jcenoloop.gif","contentUrl":"https:\/\/www.supeinnihonto.com\/wp-content\/uploads\/2021\/11\/animation_Default_3szk0jcenoloop.gif","width":750,"height":641,"caption":"SupeinNihonto"},"image":{"@id":"https:\/\/www.supeinnihonto.com\/fr\/#\/schema\/logo\/image\/"}}]}},"jetpack-related-posts":[{"id":12953,"url":"https:\/\/www.supeinnihonto.com\/de\/produkt\/nihonto-long-tanto-echizen-shimosaka-nbthk-hozon\/","url_meta":{"origin":12951,"position":0},"title":"Nihonto long Tanto \u00ab\u00a0Echizen Shimosaka\u00a0\u00bb NBTHK Hozon","author":"Eric Majo","date":"11 de ao\u00fbt de 2024","format":false,"excerpt":"Free Shipping. ITEM DESCRIPTION: Comes with kimono or cotton bag. Comes with certificate of supein Nihonto. Includes Torokusho exportation permit. Includes NBTHK Hozon certificate. Spectacular Long tanto attributed to \"Echizen Shimosaka\" with horimono in a deluxe koshirae with NBTHK Hozon certificate. Also includes shirasaya and sunagi blade. This piece has\u2026","rel":"","context":"Article similaire","block_context":{"text":"Article similaire","link":""},"img":{"alt_text":"Sold","src":"https:\/\/i0.wp.com\/www.supeinnihonto.com\/wp-content\/uploads\/2024\/01\/logo-sold-scaled.png?fit=1200%2C720&ssl=1&resize=350%2C200","width":350,"height":200,"srcset":"https:\/\/i0.wp.com\/www.supeinnihonto.com\/wp-content\/uploads\/2024\/01\/logo-sold-scaled.png?fit=1200%2C720&ssl=1&resize=350%2C200 1x, https:\/\/i0.wp.com\/www.supeinnihonto.com\/wp-content\/uploads\/2024\/01\/logo-sold-scaled.png?fit=1200%2C720&ssl=1&resize=525%2C300 1.5x, https:\/\/i0.wp.com\/www.supeinnihonto.com\/wp-content\/uploads\/2024\/01\/logo-sold-scaled.png?fit=1200%2C720&ssl=1&resize=700%2C400 2x, https:\/\/i0.wp.com\/www.supeinnihonto.com\/wp-content\/uploads\/2024\/01\/logo-sold-scaled.png?fit=1200%2C720&ssl=1&resize=1050%2C600 3x"},"classes":[]},{"id":12949,"url":"https:\/\/www.supeinnihonto.com\/nl\/product\/nihonto-long-tanto-echizen-shimosaka-nbthk-hozon\/","url_meta":{"origin":12951,"position":1},"title":"Nihonto long Tanto \u00ab\u00a0Echizen Shimosaka\u00a0\u00bb NBTHK Hozon","author":"Eric Majo","date":"11 de ao\u00fbt de 2024","format":false,"excerpt":"Free Shipping. ITEM DESCRIPTION: Comes with kimono or cotton bag. Comes with certificate of supein Nihonto. Includes Torokusho exportation permit. Includes NBTHK Hozon certificate. Spectacular Long tanto attributed to \"Echizen Shimosaka\" with horimono in a deluxe koshirae with NBTHK Hozon certificate. Also includes shirasaya and sunagi blade. This piece has\u2026","rel":"","context":"Article similaire","block_context":{"text":"Article similaire","link":""},"img":{"alt_text":"Sold","src":"https:\/\/i0.wp.com\/www.supeinnihonto.com\/wp-content\/uploads\/2024\/01\/logo-sold-scaled.png?fit=1200%2C720&ssl=1&resize=350%2C200","width":350,"height":200,"srcset":"https:\/\/i0.wp.com\/www.supeinnihonto.com\/wp-content\/uploads\/2024\/01\/logo-sold-scaled.png?fit=1200%2C720&ssl=1&resize=350%2C200 1x, https:\/\/i0.wp.com\/www.supeinnihonto.com\/wp-content\/uploads\/2024\/01\/logo-sold-scaled.png?fit=1200%2C720&ssl=1&resize=525%2C300 1.5x, https:\/\/i0.wp.com\/www.supeinnihonto.com\/wp-content\/uploads\/2024\/01\/logo-sold-scaled.png?fit=1200%2C720&ssl=1&resize=700%2C400 2x, https:\/\/i0.wp.com\/www.supeinnihonto.com\/wp-content\/uploads\/2024\/01\/logo-sold-scaled.png?fit=1200%2C720&ssl=1&resize=1050%2C600 3x"},"classes":[]},{"id":12955,"url":"https:\/\/www.supeinnihonto.com\/it\/prodotto\/nihonto-long-tanto-echizen-shimosaka-nbthk-hozon\/","url_meta":{"origin":12951,"position":2},"title":"Nihonto long Tanto \u00ab\u00a0Echizen Shimosaka\u00a0\u00bb NBTHK Hozon","author":"Eric Majo","date":"11 de ao\u00fbt de 2024","format":false,"excerpt":"Free Shipping. ITEM DESCRIPTION: Comes with kimono or cotton bag. Comes with certificate of supein Nihonto. Includes Torokusho exportation permit. Includes NBTHK Hozon certificate. Spectacular Long tanto attributed to \"Echizen Shimosaka\" with horimono in a deluxe koshirae with NBTHK Hozon certificate. Also includes shirasaya and sunagi blade. This piece has\u2026","rel":"","context":"Article similaire","block_context":{"text":"Article similaire","link":""},"img":{"alt_text":"Sold","src":"https:\/\/i0.wp.com\/www.supeinnihonto.com\/wp-content\/uploads\/2024\/01\/logo-sold-scaled.png?fit=1200%2C720&ssl=1&resize=350%2C200","width":350,"height":200,"srcset":"https:\/\/i0.wp.com\/www.supeinnihonto.com\/wp-content\/uploads\/2024\/01\/logo-sold-scaled.png?fit=1200%2C720&ssl=1&resize=350%2C200 1x, https:\/\/i0.wp.com\/www.supeinnihonto.com\/wp-content\/uploads\/2024\/01\/logo-sold-scaled.png?fit=1200%2C720&ssl=1&resize=525%2C300 1.5x, https:\/\/i0.wp.com\/www.supeinnihonto.com\/wp-content\/uploads\/2024\/01\/logo-sold-scaled.png?fit=1200%2C720&ssl=1&resize=700%2C400 2x, https:\/\/i0.wp.com\/www.supeinnihonto.com\/wp-content\/uploads\/2024\/01\/logo-sold-scaled.png?fit=1200%2C720&ssl=1&resize=1050%2C600 3x"},"classes":[]},{"id":5019,"url":"https:\/\/www.supeinnihonto.com\/produit\/nihonto-long-tanto-echizen-shimosaka-nbthk-hozon\/","url_meta":{"origin":12951,"position":3},"title":"Nihonto long Tanto \u00ab\u00a0Echizen Shimosaka\u00a0\u00bb NBTHK Hozon","author":"Eric Majo","date":"11 de ao\u00fbt de 2024","format":false,"excerpt":"Free Shipping. ITEM DESCRIPTION: Comes with kimono or cotton bag. Comes with certificate of supein Nihonto. Includes Torokusho exportation permit. Includes NBTHK Hozon certificate. Spectacular Long tanto attributed to \"Echizen Shimosaka\" with horimono in a deluxe koshirae with NBTHK Hozon certificate. Also includes shirasaya and sunagi blade. This piece has\u2026","rel":"","context":"Article similaire","block_context":{"text":"Article similaire","link":""},"img":{"alt_text":"Sold","src":"https:\/\/i0.wp.com\/www.supeinnihonto.com\/wp-content\/uploads\/2024\/01\/logo-sold-scaled.png?fit=1200%2C720&ssl=1&resize=350%2C200","width":350,"height":200,"srcset":"https:\/\/i0.wp.com\/www.supeinnihonto.com\/wp-content\/uploads\/2024\/01\/logo-sold-scaled.png?fit=1200%2C720&ssl=1&resize=350%2C200 1x, https:\/\/i0.wp.com\/www.supeinnihonto.com\/wp-content\/uploads\/2024\/01\/logo-sold-scaled.png?fit=1200%2C720&ssl=1&resize=525%2C300 1.5x, https:\/\/i0.wp.com\/www.supeinnihonto.com\/wp-content\/uploads\/2024\/01\/logo-sold-scaled.png?fit=1200%2C720&ssl=1&resize=700%2C400 2x, https:\/\/i0.wp.com\/www.supeinnihonto.com\/wp-content\/uploads\/2024\/01\/logo-sold-scaled.png?fit=1200%2C720&ssl=1&resize=1050%2C600 3x"},"classes":[]},{"id":10325,"url":"https:\/\/www.supeinnihonto.com\/produit\/nihonto-katana-yasutsugu-with-aoi-mon-nbthk-tokobetsu-hozon\/","url_meta":{"origin":12951,"position":4},"title":"Nihonto katana \u00ab\u00a0Yasutsugu\u00a0\u00bb with Aoi mon NBTHK Tokobetsu Hozon","author":"Eric Majo","date":"1 de d\u00e9cembre de 2025","format":false,"excerpt":"ITEM DESCRIPTION: Comes with kimono or cotton bag. Comes with certificate of supein Nihonto.\u00a0 Signed: Yasutsugu (3rd Generation, Echizen)Blade length: 73.5 cm Type: KatanaBlade length: 73.5 cmCurvature: 2.2 cmMei:Omote: Aoi-mon + Yasutsugu sakuUra: Echizen sandai (3rd generation) NBTHK Tokubetsu Hozon Token certificate Attribution:Katana signed \u201cAoi-mon Yasutsugu saku (Echizen, 3rd generation)\u201d\u2026","rel":"","context":"Article similaire","block_context":{"text":"Article similaire","link":""},"img":{"alt_text":"Sold","src":"https:\/\/i0.wp.com\/www.supeinnihonto.com\/wp-content\/uploads\/2024\/01\/logo-sold-scaled.png?fit=1200%2C720&ssl=1&resize=350%2C200","width":350,"height":200,"srcset":"https:\/\/i0.wp.com\/www.supeinnihonto.com\/wp-content\/uploads\/2024\/01\/logo-sold-scaled.png?fit=1200%2C720&ssl=1&resize=350%2C200 1x, https:\/\/i0.wp.com\/www.supeinnihonto.com\/wp-content\/uploads\/2024\/01\/logo-sold-scaled.png?fit=1200%2C720&ssl=1&resize=525%2C300 1.5x, https:\/\/i0.wp.com\/www.supeinnihonto.com\/wp-content\/uploads\/2024\/01\/logo-sold-scaled.png?fit=1200%2C720&ssl=1&resize=700%2C400 2x, https:\/\/i0.wp.com\/www.supeinnihonto.com\/wp-content\/uploads\/2024\/01\/logo-sold-scaled.png?fit=1200%2C720&ssl=1&resize=1050%2C600 3x"},"classes":[]},{"id":40203,"url":"https:\/\/www.supeinnihonto.com\/it\/prodotto\/nihonto-katana-echizen-bonryu-with-double-nbthk-certificate\/","url_meta":{"origin":12951,"position":5},"title":"Nihonto Katana \u00ab\u00a0Echizen Bonry\u016b\u00a0\u00bb with double NBTHK certificate","author":"Eric Majo","date":"5 de janvier de 2026","format":false,"excerpt":"ITEM DESCRIPTION: Comes with kimono or cotton bag. Comes with certificate of supein Nihonto. Comes with copy of Tokosusho. Comes with NBTHK Tokobetsu kicho Certificate for blade and koshirae. Documentation NBTHK \u2014 BladeClassification: Tokubetsu Kich\u014d T\u014dkenStatus: Mumei,\u00a0Echizen Bonry\u016bIssuing body: Nihon Bijutsu T\u014dken Hozon Ky\u014dkai NBTHK \u2014 Koshirae Classification: Tokubetsu Kich\u014dObject:\u2026","rel":"","context":"Article similaire","block_context":{"text":"Article similaire","link":""},"img":{"alt_text":"","src":"https:\/\/i0.wp.com\/www.supeinnihonto.com\/wp-content\/uploads\/2026\/01\/7665title-1-scaled.jpg?fit=1200%2C593&ssl=1&resize=350%2C200","width":350,"height":200,"srcset":"https:\/\/i0.wp.com\/www.supeinnihonto.com\/wp-content\/uploads\/2026\/01\/7665title-1-scaled.jpg?fit=1200%2C593&ssl=1&resize=350%2C200 1x, https:\/\/i0.wp.com\/www.supeinnihonto.com\/wp-content\/uploads\/2026\/01\/7665title-1-scaled.jpg?fit=1200%2C593&ssl=1&resize=525%2C300 1.5x, https:\/\/i0.wp.com\/www.supeinnihonto.com\/wp-content\/uploads\/2026\/01\/7665title-1-scaled.jpg?fit=1200%2C593&ssl=1&resize=700%2C400 2x, https:\/\/i0.wp.com\/www.supeinnihonto.com\/wp-content\/uploads\/2026\/01\/7665title-1-scaled.jpg?fit=1200%2C593&ssl=1&resize=1050%2C600 3x"},"classes":[]}],"jetpack_sharing_enabled":true,"_links":{"self":[{"href":"https:\/\/www.supeinnihonto.com\/fr\/wp-json\/wp\/v2\/product\/12951","targetHints":{"allow":["GET"]}}],"collection":[{"href":"https:\/\/www.supeinnihonto.com\/fr\/wp-json\/wp\/v2\/product"}],"about":[{"href":"https:\/\/www.supeinnihonto.com\/fr\/wp-json\/wp\/v2\/types\/product"}],"wp:featuredmedia":[{"embeddable":true,"href":"https:\/\/www.supeinnihonto.com\/fr\/wp-json\/wp\/v2\/media\/11076"}],"wp:attachment":[{"href":"https:\/\/www.supeinnihonto.com\/fr\/wp-json\/wp\/v2\/media?parent=12951"}],"wp:term":[{"taxonomy":"product_brand","embeddable":true,"href":"https:\/\/www.supeinnihonto.com\/fr\/wp-json\/wp\/v2\/product_brand?post=12951"},{"taxonomy":"product_cat","embeddable":true,"href":"https:\/\/www.supeinnihonto.com\/fr\/wp-json\/wp\/v2\/product_cat?post=12951"},{"taxonomy":"product_tag","embeddable":true,"href":"https:\/\/www.supeinnihonto.com\/fr\/wp-json\/wp\/v2\/product_tag?post=12951"}],"curies":[{"name":"wp","href":"https:\/\/api.w.org\/{rel}","templated":true}]}}