{"id":12690,"date":"2024-11-05T12:02:49","date_gmt":"2024-11-05T12:02:49","guid":{"rendered":"https:\/\/www.supeinnihonto.com\/product\/netsuke-tea-ceremony\/"},"modified":"2025-12-23T18:31:06","modified_gmt":"2025-12-23T18:31:06","slug":"netsuke-ceremonie-du-the","status":"publish","type":"product","link":"https:\/\/www.supeinnihonto.com\/fr\/produit\/netsuke-ceremonie-du-the\/","title":{"rendered":"Netsuke c\u00e9r\u00e9monie du th\u00e9"},"content":{"rendered":"<p data-start=\"205\" data-end=\"224\">Livraison gratuite.<\/p>\n<p data-start=\"226\" data-end=\"469\">Netsuke en bois d\u2019\u00e9b\u00e8ne repr\u00e9sentant un homme lors d\u2019une c\u00e9r\u00e9monie du th\u00e9 se r\u00e9chauffant en \u00e9treignant un mizusashi, ou r\u00e9cipient \u00e0 eau. Le bois d\u2019\u00e9b\u00e8ne est peu courant et tr\u00e8s recherch\u00e9 par les collectionneurs de netsuke. P\u00e9riode Edo \u2013 Meiji.<\/p>\n<p data-start=\"471\" data-end=\"487\">4,5 x 3 x 2,5 cm<\/p>\n","protected":false},"excerpt":{"rendered":"<p>Livraison gratuite. Netsuke en bois d\u2019\u00e9b\u00e8ne repr\u00e9sentant un homme lors d\u2019une c\u00e9r\u00e9monie du th\u00e9 se r\u00e9chauffant en \u00e9treignant un mizusashi, ou r\u00e9cipient \u00e0 eau. Le bois d\u2019\u00e9b\u00e8ne est peu courant et tr\u00e8s recherch\u00e9 par les collectionneurs de netsuke. P\u00e9riode Edo \u2013 Meiji. 4,5 x 3 x 2,5 cm<\/p>\n","protected":false},"featured_media":12691,"template":"","meta":{"jetpack_post_was_ever_published":false},"product_brand":[],"product_cat":[545],"product_tag":[673,653,655],"class_list":{"0":"post-12690","1":"product","2":"type-product","3":"status-publish","4":"has-post-thumbnail","6":"product_cat-netsuke","7":"product_tag-bois","8":"product_tag-netsuke","9":"product_tag-okimono","10":"product_shipping_class-light","12":"first","13":"instock","14":"featured","15":"sold-individually","16":"shipping-taxable","17":"purchasable","18":"product-type-simple"},"yoast_head":"<!-- This site is optimized with the Yoast SEO plugin v27.4 - https:\/\/yoast.com\/product\/yoast-seo-wordpress\/ -->\n<title>Netsuke c\u00e9r\u00e9monie du th\u00e9 - Supein Nihonto<\/title>\n<meta name=\"description\" content=\"Netsuke en bois d\u2019\u00e9b\u00e8ne repr\u00e9sentant un homme lors d\u2019une c\u00e9r\u00e9monie du th\u00e9 se r\u00e9chauffant en \u00e9treignant un mizusashi, ou r\u00e9cipient \u00e0 eau. Le bois d\u2019\u00e9b\u00e8ne est peu courant et tr\u00e8s recherch\u00e9 par les collectionneurs de netsuke. P\u00e9riode Edo \u2013 Meiji.4,5 x 3 x 2,5 cm\" \/>\n<meta name=\"robots\" content=\"index, follow, max-snippet:-1, max-image-preview:large, max-video-preview:-1\" \/>\n<link rel=\"canonical\" href=\"https:\/\/www.supeinnihonto.com\/fr\/produit\/netsuke-ceremonie-du-the\/\" \/>\n<meta property=\"og:locale\" content=\"fr_FR\" \/>\n<meta property=\"og:type\" content=\"article\" \/>\n<meta property=\"og:title\" content=\"Netsuke c\u00e9r\u00e9monie du th\u00e9 - Supein Nihonto\" \/>\n<meta property=\"og:description\" content=\"Netsuke en bois d\u2019\u00e9b\u00e8ne repr\u00e9sentant un homme lors d\u2019une c\u00e9r\u00e9monie du th\u00e9 se r\u00e9chauffant en \u00e9treignant un mizusashi, ou r\u00e9cipient \u00e0 eau. Le bois d\u2019\u00e9b\u00e8ne est peu courant et tr\u00e8s recherch\u00e9 par les collectionneurs de netsuke. P\u00e9riode Edo \u2013 Meiji.4,5 x 3 x 2,5 cm\" \/>\n<meta property=\"og:url\" content=\"https:\/\/www.supeinnihonto.com\/fr\/produit\/netsuke-ceremonie-du-the\/\" \/>\n<meta property=\"og:site_name\" content=\"Supein Nihonto\" \/>\n<meta property=\"article:modified_time\" content=\"2025-12-23T18:31:06+00:00\" \/>\n<meta property=\"og:image\" content=\"https:\/\/www.supeinnihonto.com\/wp-content\/uploads\/2024\/11\/DSC1557-scaled.jpg\" \/>\n\t<meta property=\"og:image:width\" content=\"2560\" \/>\n\t<meta property=\"og:image:height\" content=\"1707\" \/>\n\t<meta property=\"og:image:type\" content=\"image\/jpeg\" \/>\n<meta name=\"twitter:card\" content=\"summary_large_image\" \/>\n<meta name=\"twitter:label1\" content=\"Dur\u00e9e de lecture estim\u00e9e\" \/>\n\t<meta name=\"twitter:data1\" content=\"1 minute\" \/>\n<script type=\"application\/ld+json\" class=\"yoast-schema-graph\">{\"@context\":\"https:\\\/\\\/schema.org\",\"@graph\":[{\"@type\":\"WebPage\",\"@id\":\"https:\\\/\\\/www.supeinnihonto.com\\\/fr\\\/produit\\\/netsuke-ceremonie-du-the\\\/\",\"url\":\"https:\\\/\\\/www.supeinnihonto.com\\\/fr\\\/produit\\\/netsuke-ceremonie-du-the\\\/\",\"name\":\"Netsuke c\u00e9r\u00e9monie du th\u00e9 - Supein Nihonto\",\"isPartOf\":{\"@id\":\"https:\\\/\\\/www.supeinnihonto.com\\\/fr\\\/#website\"},\"primaryImageOfPage\":{\"@id\":\"https:\\\/\\\/www.supeinnihonto.com\\\/fr\\\/produit\\\/netsuke-ceremonie-du-the\\\/#primaryimage\"},\"image\":{\"@id\":\"https:\\\/\\\/www.supeinnihonto.com\\\/fr\\\/produit\\\/netsuke-ceremonie-du-the\\\/#primaryimage\"},\"thumbnailUrl\":\"https:\\\/\\\/i0.wp.com\\\/www.supeinnihonto.com\\\/wp-content\\\/uploads\\\/2024\\\/11\\\/DSC1557-scaled.jpg?fit=2560%2C1707&ssl=1\",\"datePublished\":\"2024-11-05T12:02:49+00:00\",\"dateModified\":\"2025-12-23T18:31:06+00:00\",\"description\":\"Netsuke en bois d\u2019\u00e9b\u00e8ne repr\u00e9sentant un homme lors d\u2019une c\u00e9r\u00e9monie du th\u00e9 se r\u00e9chauffant en \u00e9treignant un mizusashi, ou r\u00e9cipient \u00e0 eau. Le bois d\u2019\u00e9b\u00e8ne est peu courant et tr\u00e8s recherch\u00e9 par les collectionneurs de netsuke. P\u00e9riode Edo \u2013 Meiji.4,5 x 3 x 2,5 cm\",\"breadcrumb\":{\"@id\":\"https:\\\/\\\/www.supeinnihonto.com\\\/fr\\\/produit\\\/netsuke-ceremonie-du-the\\\/#breadcrumb\"},\"inLanguage\":\"fr-FR\",\"potentialAction\":[{\"@type\":\"ReadAction\",\"target\":[\"https:\\\/\\\/www.supeinnihonto.com\\\/fr\\\/produit\\\/netsuke-ceremonie-du-the\\\/\"]}]},{\"@type\":\"ImageObject\",\"inLanguage\":\"fr-FR\",\"@id\":\"https:\\\/\\\/www.supeinnihonto.com\\\/fr\\\/produit\\\/netsuke-ceremonie-du-the\\\/#primaryimage\",\"url\":\"https:\\\/\\\/i0.wp.com\\\/www.supeinnihonto.com\\\/wp-content\\\/uploads\\\/2024\\\/11\\\/DSC1557-scaled.jpg?fit=2560%2C1707&ssl=1\",\"contentUrl\":\"https:\\\/\\\/i0.wp.com\\\/www.supeinnihonto.com\\\/wp-content\\\/uploads\\\/2024\\\/11\\\/DSC1557-scaled.jpg?fit=2560%2C1707&ssl=1\",\"width\":2560,\"height\":1707,\"caption\":\"netsuke tea ceremony\"},{\"@type\":\"BreadcrumbList\",\"@id\":\"https:\\\/\\\/www.supeinnihonto.com\\\/fr\\\/produit\\\/netsuke-ceremonie-du-the\\\/#breadcrumb\",\"itemListElement\":[{\"@type\":\"ListItem\",\"position\":1,\"name\":\"Portada\",\"item\":\"https:\\\/\\\/www.supeinnihonto.com\\\/fr\\\/\"},{\"@type\":\"ListItem\",\"position\":2,\"name\":\"Shop\",\"item\":\"https:\\\/\\\/www.supeinnihonto.com\\\/fr\\\/shop\\\/\"},{\"@type\":\"ListItem\",\"position\":3,\"name\":\"Netsuke c\u00e9r\u00e9monie du th\u00e9\"}]},{\"@type\":\"WebSite\",\"@id\":\"https:\\\/\\\/www.supeinnihonto.com\\\/fr\\\/#website\",\"url\":\"https:\\\/\\\/www.supeinnihonto.com\\\/fr\\\/\",\"name\":\"Supein Nihonto\",\"description\":\"Authentic japanese Nihonto katana \",\"publisher\":{\"@id\":\"https:\\\/\\\/www.supeinnihonto.com\\\/fr\\\/#organization\"},\"potentialAction\":[{\"@type\":\"SearchAction\",\"target\":{\"@type\":\"EntryPoint\",\"urlTemplate\":\"https:\\\/\\\/www.supeinnihonto.com\\\/fr\\\/?s={search_term_string}\"},\"query-input\":{\"@type\":\"PropertyValueSpecification\",\"valueRequired\":true,\"valueName\":\"search_term_string\"}}],\"inLanguage\":\"fr-FR\"},{\"@type\":\"Organization\",\"@id\":\"https:\\\/\\\/www.supeinnihonto.com\\\/fr\\\/#organization\",\"name\":\"SupeinNihonto\",\"url\":\"https:\\\/\\\/www.supeinnihonto.com\\\/fr\\\/\",\"logo\":{\"@type\":\"ImageObject\",\"inLanguage\":\"fr-FR\",\"@id\":\"https:\\\/\\\/www.supeinnihonto.com\\\/fr\\\/#\\\/schema\\\/logo\\\/image\\\/\",\"url\":\"https:\\\/\\\/www.supeinnihonto.com\\\/wp-content\\\/uploads\\\/2021\\\/11\\\/animation_Default_3szk0jcenoloop.gif\",\"contentUrl\":\"https:\\\/\\\/www.supeinnihonto.com\\\/wp-content\\\/uploads\\\/2021\\\/11\\\/animation_Default_3szk0jcenoloop.gif\",\"width\":750,\"height\":641,\"caption\":\"SupeinNihonto\"},\"image\":{\"@id\":\"https:\\\/\\\/www.supeinnihonto.com\\\/fr\\\/#\\\/schema\\\/logo\\\/image\\\/\"}}]}<\/script>\n<!-- \/ Yoast SEO plugin. -->","yoast_head_json":{"title":"Netsuke c\u00e9r\u00e9monie du th\u00e9 - Supein Nihonto","description":"Netsuke en bois d\u2019\u00e9b\u00e8ne repr\u00e9sentant un homme lors d\u2019une c\u00e9r\u00e9monie du th\u00e9 se r\u00e9chauffant en \u00e9treignant un mizusashi, ou r\u00e9cipient \u00e0 eau. Le bois d\u2019\u00e9b\u00e8ne est peu courant et tr\u00e8s recherch\u00e9 par les collectionneurs de netsuke. P\u00e9riode Edo \u2013 Meiji.4,5 x 3 x 2,5 cm","robots":{"index":"index","follow":"follow","max-snippet":"max-snippet:-1","max-image-preview":"max-image-preview:large","max-video-preview":"max-video-preview:-1"},"canonical":"https:\/\/www.supeinnihonto.com\/fr\/produit\/netsuke-ceremonie-du-the\/","og_locale":"fr_FR","og_type":"article","og_title":"Netsuke c\u00e9r\u00e9monie du th\u00e9 - Supein Nihonto","og_description":"Netsuke en bois d\u2019\u00e9b\u00e8ne repr\u00e9sentant un homme lors d\u2019une c\u00e9r\u00e9monie du th\u00e9 se r\u00e9chauffant en \u00e9treignant un mizusashi, ou r\u00e9cipient \u00e0 eau. Le bois d\u2019\u00e9b\u00e8ne est peu courant et tr\u00e8s recherch\u00e9 par les collectionneurs de netsuke. P\u00e9riode Edo \u2013 Meiji.4,5 x 3 x 2,5 cm","og_url":"https:\/\/www.supeinnihonto.com\/fr\/produit\/netsuke-ceremonie-du-the\/","og_site_name":"Supein Nihonto","article_modified_time":"2025-12-23T18:31:06+00:00","og_image":[{"width":2560,"height":1707,"url":"https:\/\/www.supeinnihonto.com\/wp-content\/uploads\/2024\/11\/DSC1557-scaled.jpg","type":"image\/jpeg"}],"twitter_card":"summary_large_image","twitter_misc":{"Dur\u00e9e de lecture estim\u00e9e":"1 minute"},"schema":{"@context":"https:\/\/schema.org","@graph":[{"@type":"WebPage","@id":"https:\/\/www.supeinnihonto.com\/fr\/produit\/netsuke-ceremonie-du-the\/","url":"https:\/\/www.supeinnihonto.com\/fr\/produit\/netsuke-ceremonie-du-the\/","name":"Netsuke c\u00e9r\u00e9monie du th\u00e9 - Supein Nihonto","isPartOf":{"@id":"https:\/\/www.supeinnihonto.com\/fr\/#website"},"primaryImageOfPage":{"@id":"https:\/\/www.supeinnihonto.com\/fr\/produit\/netsuke-ceremonie-du-the\/#primaryimage"},"image":{"@id":"https:\/\/www.supeinnihonto.com\/fr\/produit\/netsuke-ceremonie-du-the\/#primaryimage"},"thumbnailUrl":"https:\/\/i0.wp.com\/www.supeinnihonto.com\/wp-content\/uploads\/2024\/11\/DSC1557-scaled.jpg?fit=2560%2C1707&ssl=1","datePublished":"2024-11-05T12:02:49+00:00","dateModified":"2025-12-23T18:31:06+00:00","description":"Netsuke en bois d\u2019\u00e9b\u00e8ne repr\u00e9sentant un homme lors d\u2019une c\u00e9r\u00e9monie du th\u00e9 se r\u00e9chauffant en \u00e9treignant un mizusashi, ou r\u00e9cipient \u00e0 eau. Le bois d\u2019\u00e9b\u00e8ne est peu courant et tr\u00e8s recherch\u00e9 par les collectionneurs de netsuke. P\u00e9riode Edo \u2013 Meiji.4,5 x 3 x 2,5 cm","breadcrumb":{"@id":"https:\/\/www.supeinnihonto.com\/fr\/produit\/netsuke-ceremonie-du-the\/#breadcrumb"},"inLanguage":"fr-FR","potentialAction":[{"@type":"ReadAction","target":["https:\/\/www.supeinnihonto.com\/fr\/produit\/netsuke-ceremonie-du-the\/"]}]},{"@type":"ImageObject","inLanguage":"fr-FR","@id":"https:\/\/www.supeinnihonto.com\/fr\/produit\/netsuke-ceremonie-du-the\/#primaryimage","url":"https:\/\/i0.wp.com\/www.supeinnihonto.com\/wp-content\/uploads\/2024\/11\/DSC1557-scaled.jpg?fit=2560%2C1707&ssl=1","contentUrl":"https:\/\/i0.wp.com\/www.supeinnihonto.com\/wp-content\/uploads\/2024\/11\/DSC1557-scaled.jpg?fit=2560%2C1707&ssl=1","width":2560,"height":1707,"caption":"netsuke tea ceremony"},{"@type":"BreadcrumbList","@id":"https:\/\/www.supeinnihonto.com\/fr\/produit\/netsuke-ceremonie-du-the\/#breadcrumb","itemListElement":[{"@type":"ListItem","position":1,"name":"Portada","item":"https:\/\/www.supeinnihonto.com\/fr\/"},{"@type":"ListItem","position":2,"name":"Shop","item":"https:\/\/www.supeinnihonto.com\/fr\/shop\/"},{"@type":"ListItem","position":3,"name":"Netsuke c\u00e9r\u00e9monie du th\u00e9"}]},{"@type":"WebSite","@id":"https:\/\/www.supeinnihonto.com\/fr\/#website","url":"https:\/\/www.supeinnihonto.com\/fr\/","name":"Supein Nihonto","description":"Authentic japanese Nihonto katana ","publisher":{"@id":"https:\/\/www.supeinnihonto.com\/fr\/#organization"},"potentialAction":[{"@type":"SearchAction","target":{"@type":"EntryPoint","urlTemplate":"https:\/\/www.supeinnihonto.com\/fr\/?s={search_term_string}"},"query-input":{"@type":"PropertyValueSpecification","valueRequired":true,"valueName":"search_term_string"}}],"inLanguage":"fr-FR"},{"@type":"Organization","@id":"https:\/\/www.supeinnihonto.com\/fr\/#organization","name":"SupeinNihonto","url":"https:\/\/www.supeinnihonto.com\/fr\/","logo":{"@type":"ImageObject","inLanguage":"fr-FR","@id":"https:\/\/www.supeinnihonto.com\/fr\/#\/schema\/logo\/image\/","url":"https:\/\/www.supeinnihonto.com\/wp-content\/uploads\/2021\/11\/animation_Default_3szk0jcenoloop.gif","contentUrl":"https:\/\/www.supeinnihonto.com\/wp-content\/uploads\/2021\/11\/animation_Default_3szk0jcenoloop.gif","width":750,"height":641,"caption":"SupeinNihonto"},"image":{"@id":"https:\/\/www.supeinnihonto.com\/fr\/#\/schema\/logo\/image\/"}}]}},"jetpack-related-posts":[{"id":14267,"url":"https:\/\/www.supeinnihonto.com\/fr\/produit\/netsuke-daruma-en-bois-laque\/","url_meta":{"origin":12690,"position":0},"title":"Netsuke Daruma en bois laqu\u00e9","author":"Supein Nihonto","date":"27 de mai de 2024","format":false,"excerpt":"Livraison gratuite. Beau netsuke repr\u00e9sentant Daruma se r\u00e9veillant apr\u00e8s une longue p\u00e9riode de m\u00e9ditation. P\u00e9riode Edo. Tr\u00e8s belle patine et remarquable travail de laque rouge et noire. Les netsuke de Daruma sont peu communs et tr\u00e8s recherch\u00e9s par les collectionneurs en raison de leur signification. Daruma repr\u00e9sente Bodhidharma, un moine\u2026","rel":"","context":"Article similaire","block_context":{"text":"Article similaire","link":""},"img":{"alt_text":"Netsuke Daruma lacquer wood","src":"https:\/\/i0.wp.com\/www.supeinnihonto.com\/wp-content\/uploads\/2024\/05\/DSC_3920-scaled.jpg?fit=1200%2C800&ssl=1&resize=350%2C200","width":350,"height":200,"srcset":"https:\/\/i0.wp.com\/www.supeinnihonto.com\/wp-content\/uploads\/2024\/05\/DSC_3920-scaled.jpg?fit=1200%2C800&ssl=1&resize=350%2C200 1x, https:\/\/i0.wp.com\/www.supeinnihonto.com\/wp-content\/uploads\/2024\/05\/DSC_3920-scaled.jpg?fit=1200%2C800&ssl=1&resize=525%2C300 1.5x, https:\/\/i0.wp.com\/www.supeinnihonto.com\/wp-content\/uploads\/2024\/05\/DSC_3920-scaled.jpg?fit=1200%2C800&ssl=1&resize=700%2C400 2x, https:\/\/i0.wp.com\/www.supeinnihonto.com\/wp-content\/uploads\/2024\/05\/DSC_3920-scaled.jpg?fit=1200%2C800&ssl=1&resize=1050%2C600 3x"},"classes":[]},{"id":14215,"url":"https:\/\/www.supeinnihonto.com\/fr\/produit\/netsuke-shishi-iii-en-bois\/","url_meta":{"origin":12690,"position":1},"title":"Netsuke Shishi III en bois","author":"Supein Nihonto","date":"27 de mai de 2024","format":false,"excerpt":"Livraison gratuite. Superbe netsuke shishi en bois finement sculpt\u00e9. Ce netsuke est assez rare car il ne repr\u00e9sente pas le shishi classique, plus petit et trapu, mais pr\u00e9sente plut\u00f4t une forme proche du tigre ou du lion, sugg\u00e9rant peut-\u00eatre cette derni\u00e8re interpr\u00e9tation. Tr\u00e8s belle patine et large himotoshi classique permettant\u2026","rel":"","context":"Article similaire","block_context":{"text":"Article similaire","link":""},"img":{"alt_text":"Netsuke Shishi III wood","src":"https:\/\/i0.wp.com\/www.supeinnihonto.com\/wp-content\/uploads\/2024\/05\/DSC_3956-scaled.jpg?fit=1200%2C800&ssl=1&resize=350%2C200","width":350,"height":200,"srcset":"https:\/\/i0.wp.com\/www.supeinnihonto.com\/wp-content\/uploads\/2024\/05\/DSC_3956-scaled.jpg?fit=1200%2C800&ssl=1&resize=350%2C200 1x, https:\/\/i0.wp.com\/www.supeinnihonto.com\/wp-content\/uploads\/2024\/05\/DSC_3956-scaled.jpg?fit=1200%2C800&ssl=1&resize=525%2C300 1.5x, https:\/\/i0.wp.com\/www.supeinnihonto.com\/wp-content\/uploads\/2024\/05\/DSC_3956-scaled.jpg?fit=1200%2C800&ssl=1&resize=700%2C400 2x, https:\/\/i0.wp.com\/www.supeinnihonto.com\/wp-content\/uploads\/2024\/05\/DSC_3956-scaled.jpg?fit=1200%2C800&ssl=1&resize=1050%2C600 3x"},"classes":[]},{"id":14243,"url":"https:\/\/www.supeinnihonto.com\/fr\/produit\/netsuke-singe-avec-panier-en-bois\/","url_meta":{"origin":12690,"position":2},"title":"Netsuke singe avec panier en bois","author":"Supein Nihonto","date":"27 de mai de 2024","format":false,"excerpt":"Livraison gratuite. Beau netsuke repr\u00e9sentant un singe tenant un panier, lequel fait \u00e9galement office de himotoshi pour le passage du cordon. Belle patine. P\u00e9riode Meiji. 4,2 x 3,5 x 2,5 cm","rel":"","context":"Article similaire","block_context":{"text":"Article similaire","link":""},"img":{"alt_text":"Netsuke monkey basquet wood","src":"https:\/\/i0.wp.com\/www.supeinnihonto.com\/wp-content\/uploads\/2024\/05\/DSC_3936-scaled.jpg?fit=1200%2C800&ssl=1&resize=350%2C200","width":350,"height":200,"srcset":"https:\/\/i0.wp.com\/www.supeinnihonto.com\/wp-content\/uploads\/2024\/05\/DSC_3936-scaled.jpg?fit=1200%2C800&ssl=1&resize=350%2C200 1x, https:\/\/i0.wp.com\/www.supeinnihonto.com\/wp-content\/uploads\/2024\/05\/DSC_3936-scaled.jpg?fit=1200%2C800&ssl=1&resize=525%2C300 1.5x, https:\/\/i0.wp.com\/www.supeinnihonto.com\/wp-content\/uploads\/2024\/05\/DSC_3936-scaled.jpg?fit=1200%2C800&ssl=1&resize=700%2C400 2x, https:\/\/i0.wp.com\/www.supeinnihonto.com\/wp-content\/uploads\/2024\/05\/DSC_3936-scaled.jpg?fit=1200%2C800&ssl=1&resize=1050%2C600 3x"},"classes":[]},{"id":14411,"url":"https:\/\/www.supeinnihonto.com\/fr\/produit\/netsuke-sennin-en-bois\/","url_meta":{"origin":12690,"position":3},"title":"Netsuke Sennin en bois","author":"Supein Nihonto","date":"27 de mai de 2024","format":false,"excerpt":"Netsuke repr\u00e9sentant un sennin dans une posture amus\u00e9e, se grattant la t\u00eate comme s\u2019il avait oubli\u00e9 quelque chose. P\u00e9riode Edo. Le terme sennin provient du folklore et de la litt\u00e9rature japonais et d\u00e9signe un immortel ou un ermite ou sage d\u2019une sagesse exceptionnelle, dot\u00e9 de capacit\u00e9s surnaturelles et d\u2019une connaissance\u2026","rel":"","context":"Article similaire","block_context":{"text":"Article similaire","link":""},"img":{"alt_text":"Netsuke sennin wood","src":"https:\/\/i0.wp.com\/www.supeinnihonto.com\/wp-content\/uploads\/2024\/05\/DSC_3915-scaled.jpg?fit=1200%2C800&ssl=1&resize=350%2C200","width":350,"height":200,"srcset":"https:\/\/i0.wp.com\/www.supeinnihonto.com\/wp-content\/uploads\/2024\/05\/DSC_3915-scaled.jpg?fit=1200%2C800&ssl=1&resize=350%2C200 1x, https:\/\/i0.wp.com\/www.supeinnihonto.com\/wp-content\/uploads\/2024\/05\/DSC_3915-scaled.jpg?fit=1200%2C800&ssl=1&resize=525%2C300 1.5x, https:\/\/i0.wp.com\/www.supeinnihonto.com\/wp-content\/uploads\/2024\/05\/DSC_3915-scaled.jpg?fit=1200%2C800&ssl=1&resize=700%2C400 2x, https:\/\/i0.wp.com\/www.supeinnihonto.com\/wp-content\/uploads\/2024\/05\/DSC_3915-scaled.jpg?fit=1200%2C800&ssl=1&resize=1050%2C600 3x"},"classes":[]},{"id":14251,"url":"https:\/\/www.supeinnihonto.com\/fr\/produit\/netsuke-fukurukuju-en-bois\/","url_meta":{"origin":12690,"position":4},"title":"Netsuke Fukurukuju en bois","author":"Supein Nihonto","date":"27 de mai de 2024","format":false,"excerpt":"Livraison gratuite. Netsuke Fukurukuju en bois. Netsuke spectaculaire et tr\u00e8s ancien repr\u00e9sentant Fukurukuju, l\u2019un des sept dieux de la fortune. Les pi\u00e8ces de grande qualit\u00e9 repr\u00e9sentant les Shichifukujin sont tr\u00e8s recherch\u00e9es par les collectionneurs pour leur symbolisme et leur raret\u00e9, et il existe d\u2019importantes collections exclusives qui leur sont consacr\u00e9es.Dans\u2026","rel":"","context":"Article similaire","block_context":{"text":"Article similaire","link":""},"img":{"alt_text":"Netsuke Fukurukuju wood","src":"https:\/\/i0.wp.com\/www.supeinnihonto.com\/wp-content\/uploads\/2024\/05\/DSC_3930-scaled.jpg?fit=1200%2C800&ssl=1&resize=350%2C200","width":350,"height":200,"srcset":"https:\/\/i0.wp.com\/www.supeinnihonto.com\/wp-content\/uploads\/2024\/05\/DSC_3930-scaled.jpg?fit=1200%2C800&ssl=1&resize=350%2C200 1x, https:\/\/i0.wp.com\/www.supeinnihonto.com\/wp-content\/uploads\/2024\/05\/DSC_3930-scaled.jpg?fit=1200%2C800&ssl=1&resize=525%2C300 1.5x, https:\/\/i0.wp.com\/www.supeinnihonto.com\/wp-content\/uploads\/2024\/05\/DSC_3930-scaled.jpg?fit=1200%2C800&ssl=1&resize=700%2C400 2x, https:\/\/i0.wp.com\/www.supeinnihonto.com\/wp-content\/uploads\/2024\/05\/DSC_3930-scaled.jpg?fit=1200%2C800&ssl=1&resize=1050%2C600 3x"},"classes":[]},{"id":12478,"url":"https:\/\/www.supeinnihonto.com\/fr\/produit\/netsuke-en-bois-representant-un-homme-assis-sur-une-souche\/","url_meta":{"origin":12690,"position":5},"title":"Netsuke en bois repr\u00e9sentant un homme assis sur une souche","author":"Eric Majo","date":"7 de novembre de 2024","format":false,"excerpt":"Livraison gratuite. Magnifique et tr\u00e8s d\u00e9taill\u00e9 netsuke repr\u00e9sentant un homme assis sur une souche, sign\u00e9. Incrustations d\u2019ivoire. La qualit\u00e9 de la sculpture est excellente et r\u00e9v\u00e8le de nombreux d\u00e9tails, tels que les fleurs en ivoire symbolisant le bourgeonnement de l\u2019arbre ainsi que les veines du bois, utilis\u00e9es avec finesse pour\u2026","rel":"","context":"Article similaire","block_context":{"text":"Article similaire","link":""},"img":{"alt_text":"Netsuke man on stump wood","src":"https:\/\/i0.wp.com\/www.supeinnihonto.com\/wp-content\/uploads\/2024\/11\/DSC2052-scaled.jpg?fit=1200%2C800&ssl=1&resize=350%2C200","width":350,"height":200,"srcset":"https:\/\/i0.wp.com\/www.supeinnihonto.com\/wp-content\/uploads\/2024\/11\/DSC2052-scaled.jpg?fit=1200%2C800&ssl=1&resize=350%2C200 1x, https:\/\/i0.wp.com\/www.supeinnihonto.com\/wp-content\/uploads\/2024\/11\/DSC2052-scaled.jpg?fit=1200%2C800&ssl=1&resize=525%2C300 1.5x, https:\/\/i0.wp.com\/www.supeinnihonto.com\/wp-content\/uploads\/2024\/11\/DSC2052-scaled.jpg?fit=1200%2C800&ssl=1&resize=700%2C400 2x, https:\/\/i0.wp.com\/www.supeinnihonto.com\/wp-content\/uploads\/2024\/11\/DSC2052-scaled.jpg?fit=1200%2C800&ssl=1&resize=1050%2C600 3x"},"classes":[]}],"jetpack_sharing_enabled":true,"_links":{"self":[{"href":"https:\/\/www.supeinnihonto.com\/fr\/wp-json\/wp\/v2\/product\/12690","targetHints":{"allow":["GET"]}}],"collection":[{"href":"https:\/\/www.supeinnihonto.com\/fr\/wp-json\/wp\/v2\/product"}],"about":[{"href":"https:\/\/www.supeinnihonto.com\/fr\/wp-json\/wp\/v2\/types\/product"}],"wp:featuredmedia":[{"embeddable":true,"href":"https:\/\/www.supeinnihonto.com\/fr\/wp-json\/wp\/v2\/media\/12691"}],"wp:attachment":[{"href":"https:\/\/www.supeinnihonto.com\/fr\/wp-json\/wp\/v2\/media?parent=12690"}],"wp:term":[{"taxonomy":"product_brand","embeddable":true,"href":"https:\/\/www.supeinnihonto.com\/fr\/wp-json\/wp\/v2\/product_brand?post=12690"},{"taxonomy":"product_cat","embeddable":true,"href":"https:\/\/www.supeinnihonto.com\/fr\/wp-json\/wp\/v2\/product_cat?post=12690"},{"taxonomy":"product_tag","embeddable":true,"href":"https:\/\/www.supeinnihonto.com\/fr\/wp-json\/wp\/v2\/product_tag?post=12690"}],"curies":[{"name":"wp","href":"https:\/\/api.w.org\/{rel}","templated":true}]}}