{"id":12666,"date":"2024-11-05T08:36:32","date_gmt":"2024-11-05T08:36:32","guid":{"rendered":"https:\/\/www.supeinnihonto.com\/product\/netsuke-dog-wood-1859\/"},"modified":"2025-12-23T21:51:19","modified_gmt":"2025-12-23T21:51:19","slug":"netsuke-chien-en-bois-1859","status":"publish","type":"product","link":"https:\/\/www.supeinnihonto.com\/fr\/produit\/netsuke-chien-en-bois-1859\/","title":{"rendered":"Netsuke chien en bois 1859"},"content":{"rendered":"<p data-start=\"207\" data-end=\"226\">Livraison gratuite.<\/p>\n<p data-start=\"228\" data-end=\"441\">Magnifique et rare netsuke repr\u00e9sentant un chien au repos, dat\u00e9 d\u2019ao\u00fbt 1859 et sign\u00e9 par l\u2019artiste. La signature et la date sont sculpt\u00e9es en relief avec une grande ma\u00eetrise. Un netsuke tr\u00e8s rare et de collection.<\/p>\n<p data-start=\"443\" data-end=\"461\">3,5 x 3,5 x 2,8 cm<\/p>\n","protected":false},"excerpt":{"rendered":"<p>Livraison gratuite. Magnifique et rare netsuke repr\u00e9sentant un chien au repos, dat\u00e9 d\u2019ao\u00fbt 1859 et sign\u00e9 par l\u2019artiste. La signature et la date sont sculpt\u00e9es en relief avec une grande ma\u00eetrise. Un netsuke tr\u00e8s rare et de collection. 3,5 x 3,5 x 2,8 cm<\/p>\n","protected":false},"featured_media":12667,"template":"","meta":{"jetpack_post_was_ever_published":false},"product_brand":[],"product_cat":[545],"product_tag":[673,653,655],"class_list":{"0":"post-12666","1":"product","2":"type-product","3":"status-publish","4":"has-post-thumbnail","6":"product_cat-netsuke","7":"product_tag-bois","8":"product_tag-netsuke","9":"product_tag-okimono","10":"product_shipping_class-light","12":"first","13":"instock","14":"featured","15":"sold-individually","16":"shipping-taxable","17":"purchasable","18":"product-type-simple"},"yoast_head":"<!-- This site is optimized with the Yoast SEO plugin v27.3 - https:\/\/yoast.com\/product\/yoast-seo-wordpress\/ -->\n<title>Netsuke chien en bois 1859 - Supein Nihonto<\/title>\n<meta name=\"description\" content=\"Magnifique et rare netsuke repr\u00e9sentant un chien au repos, dat\u00e9 d\u2019ao\u00fbt 1859 et sign\u00e9 par l\u2019artiste. La signature et la date sont sculpt\u00e9es en relief avec une grande ma\u00eetrise. Un netsuke tr\u00e8s rare et de collection.3,5 x 3,5 x 2,8 cm\" \/>\n<meta name=\"robots\" content=\"index, follow, max-snippet:-1, max-image-preview:large, max-video-preview:-1\" \/>\n<link rel=\"canonical\" href=\"https:\/\/www.supeinnihonto.com\/fr\/produit\/netsuke-chien-en-bois-1859\/\" \/>\n<meta property=\"og:locale\" content=\"fr_FR\" \/>\n<meta property=\"og:type\" content=\"article\" \/>\n<meta property=\"og:title\" content=\"Netsuke chien en bois 1859 - Supein Nihonto\" \/>\n<meta property=\"og:description\" content=\"Magnifique et rare netsuke repr\u00e9sentant un chien au repos, dat\u00e9 d\u2019ao\u00fbt 1859 et sign\u00e9 par l\u2019artiste. La signature et la date sont sculpt\u00e9es en relief avec une grande ma\u00eetrise. Un netsuke tr\u00e8s rare et de collection.3,5 x 3,5 x 2,8 cm\" \/>\n<meta property=\"og:url\" content=\"https:\/\/www.supeinnihonto.com\/fr\/produit\/netsuke-chien-en-bois-1859\/\" \/>\n<meta property=\"og:site_name\" content=\"Supein Nihonto\" \/>\n<meta property=\"article:modified_time\" content=\"2025-12-23T21:51:19+00:00\" \/>\n<meta property=\"og:image\" content=\"https:\/\/www.supeinnihonto.com\/wp-content\/uploads\/2024\/11\/DSC1437-scaled.jpg\" \/>\n\t<meta property=\"og:image:width\" content=\"2560\" \/>\n\t<meta property=\"og:image:height\" content=\"1707\" \/>\n\t<meta property=\"og:image:type\" content=\"image\/jpeg\" \/>\n<meta name=\"twitter:card\" content=\"summary_large_image\" \/>\n<meta name=\"twitter:label1\" content=\"Dur\u00e9e de lecture estim\u00e9e\" \/>\n\t<meta name=\"twitter:data1\" content=\"1 minute\" \/>\n<script type=\"application\/ld+json\" class=\"yoast-schema-graph\">{\"@context\":\"https:\\\/\\\/schema.org\",\"@graph\":[{\"@type\":\"WebPage\",\"@id\":\"https:\\\/\\\/www.supeinnihonto.com\\\/fr\\\/produit\\\/netsuke-chien-en-bois-1859\\\/\",\"url\":\"https:\\\/\\\/www.supeinnihonto.com\\\/fr\\\/produit\\\/netsuke-chien-en-bois-1859\\\/\",\"name\":\"Netsuke chien en bois 1859 - Supein Nihonto\",\"isPartOf\":{\"@id\":\"https:\\\/\\\/www.supeinnihonto.com\\\/fr\\\/#website\"},\"primaryImageOfPage\":{\"@id\":\"https:\\\/\\\/www.supeinnihonto.com\\\/fr\\\/produit\\\/netsuke-chien-en-bois-1859\\\/#primaryimage\"},\"image\":{\"@id\":\"https:\\\/\\\/www.supeinnihonto.com\\\/fr\\\/produit\\\/netsuke-chien-en-bois-1859\\\/#primaryimage\"},\"thumbnailUrl\":\"https:\\\/\\\/i0.wp.com\\\/www.supeinnihonto.com\\\/wp-content\\\/uploads\\\/2024\\\/11\\\/DSC1437-scaled.jpg?fit=2560%2C1707&ssl=1\",\"datePublished\":\"2024-11-05T08:36:32+00:00\",\"dateModified\":\"2025-12-23T21:51:19+00:00\",\"description\":\"Magnifique et rare netsuke repr\u00e9sentant un chien au repos, dat\u00e9 d\u2019ao\u00fbt 1859 et sign\u00e9 par l\u2019artiste. La signature et la date sont sculpt\u00e9es en relief avec une grande ma\u00eetrise. Un netsuke tr\u00e8s rare et de collection.3,5 x 3,5 x 2,8 cm\",\"breadcrumb\":{\"@id\":\"https:\\\/\\\/www.supeinnihonto.com\\\/fr\\\/produit\\\/netsuke-chien-en-bois-1859\\\/#breadcrumb\"},\"inLanguage\":\"fr-FR\",\"potentialAction\":[{\"@type\":\"ReadAction\",\"target\":[\"https:\\\/\\\/www.supeinnihonto.com\\\/fr\\\/produit\\\/netsuke-chien-en-bois-1859\\\/\"]}]},{\"@type\":\"ImageObject\",\"inLanguage\":\"fr-FR\",\"@id\":\"https:\\\/\\\/www.supeinnihonto.com\\\/fr\\\/produit\\\/netsuke-chien-en-bois-1859\\\/#primaryimage\",\"url\":\"https:\\\/\\\/i0.wp.com\\\/www.supeinnihonto.com\\\/wp-content\\\/uploads\\\/2024\\\/11\\\/DSC1437-scaled.jpg?fit=2560%2C1707&ssl=1\",\"contentUrl\":\"https:\\\/\\\/i0.wp.com\\\/www.supeinnihonto.com\\\/wp-content\\\/uploads\\\/2024\\\/11\\\/DSC1437-scaled.jpg?fit=2560%2C1707&ssl=1\",\"width\":2560,\"height\":1707,\"caption\":\"dog dated netsuke\"},{\"@type\":\"BreadcrumbList\",\"@id\":\"https:\\\/\\\/www.supeinnihonto.com\\\/fr\\\/produit\\\/netsuke-chien-en-bois-1859\\\/#breadcrumb\",\"itemListElement\":[{\"@type\":\"ListItem\",\"position\":1,\"name\":\"Portada\",\"item\":\"https:\\\/\\\/www.supeinnihonto.com\\\/fr\\\/\"},{\"@type\":\"ListItem\",\"position\":2,\"name\":\"Shop\",\"item\":\"https:\\\/\\\/www.supeinnihonto.com\\\/fr\\\/shop\\\/\"},{\"@type\":\"ListItem\",\"position\":3,\"name\":\"Netsuke chien en bois 1859\"}]},{\"@type\":\"WebSite\",\"@id\":\"https:\\\/\\\/www.supeinnihonto.com\\\/fr\\\/#website\",\"url\":\"https:\\\/\\\/www.supeinnihonto.com\\\/fr\\\/\",\"name\":\"Supein Nihonto\",\"description\":\"Authentic japanese Nihonto katana \",\"publisher\":{\"@id\":\"https:\\\/\\\/www.supeinnihonto.com\\\/fr\\\/#organization\"},\"potentialAction\":[{\"@type\":\"SearchAction\",\"target\":{\"@type\":\"EntryPoint\",\"urlTemplate\":\"https:\\\/\\\/www.supeinnihonto.com\\\/fr\\\/?s={search_term_string}\"},\"query-input\":{\"@type\":\"PropertyValueSpecification\",\"valueRequired\":true,\"valueName\":\"search_term_string\"}}],\"inLanguage\":\"fr-FR\"},{\"@type\":\"Organization\",\"@id\":\"https:\\\/\\\/www.supeinnihonto.com\\\/fr\\\/#organization\",\"name\":\"SupeinNihonto\",\"url\":\"https:\\\/\\\/www.supeinnihonto.com\\\/fr\\\/\",\"logo\":{\"@type\":\"ImageObject\",\"inLanguage\":\"fr-FR\",\"@id\":\"https:\\\/\\\/www.supeinnihonto.com\\\/fr\\\/#\\\/schema\\\/logo\\\/image\\\/\",\"url\":\"https:\\\/\\\/www.supeinnihonto.com\\\/wp-content\\\/uploads\\\/2021\\\/11\\\/animation_Default_3szk0jcenoloop.gif\",\"contentUrl\":\"https:\\\/\\\/www.supeinnihonto.com\\\/wp-content\\\/uploads\\\/2021\\\/11\\\/animation_Default_3szk0jcenoloop.gif\",\"width\":750,\"height\":641,\"caption\":\"SupeinNihonto\"},\"image\":{\"@id\":\"https:\\\/\\\/www.supeinnihonto.com\\\/fr\\\/#\\\/schema\\\/logo\\\/image\\\/\"}}]}<\/script>\n<!-- \/ Yoast SEO plugin. -->","yoast_head_json":{"title":"Netsuke chien en bois 1859 - Supein Nihonto","description":"Magnifique et rare netsuke repr\u00e9sentant un chien au repos, dat\u00e9 d\u2019ao\u00fbt 1859 et sign\u00e9 par l\u2019artiste. La signature et la date sont sculpt\u00e9es en relief avec une grande ma\u00eetrise. Un netsuke tr\u00e8s rare et de collection.3,5 x 3,5 x 2,8 cm","robots":{"index":"index","follow":"follow","max-snippet":"max-snippet:-1","max-image-preview":"max-image-preview:large","max-video-preview":"max-video-preview:-1"},"canonical":"https:\/\/www.supeinnihonto.com\/fr\/produit\/netsuke-chien-en-bois-1859\/","og_locale":"fr_FR","og_type":"article","og_title":"Netsuke chien en bois 1859 - Supein Nihonto","og_description":"Magnifique et rare netsuke repr\u00e9sentant un chien au repos, dat\u00e9 d\u2019ao\u00fbt 1859 et sign\u00e9 par l\u2019artiste. La signature et la date sont sculpt\u00e9es en relief avec une grande ma\u00eetrise. Un netsuke tr\u00e8s rare et de collection.3,5 x 3,5 x 2,8 cm","og_url":"https:\/\/www.supeinnihonto.com\/fr\/produit\/netsuke-chien-en-bois-1859\/","og_site_name":"Supein Nihonto","article_modified_time":"2025-12-23T21:51:19+00:00","og_image":[{"width":2560,"height":1707,"url":"https:\/\/www.supeinnihonto.com\/wp-content\/uploads\/2024\/11\/DSC1437-scaled.jpg","type":"image\/jpeg"}],"twitter_card":"summary_large_image","twitter_misc":{"Dur\u00e9e de lecture estim\u00e9e":"1 minute"},"schema":{"@context":"https:\/\/schema.org","@graph":[{"@type":"WebPage","@id":"https:\/\/www.supeinnihonto.com\/fr\/produit\/netsuke-chien-en-bois-1859\/","url":"https:\/\/www.supeinnihonto.com\/fr\/produit\/netsuke-chien-en-bois-1859\/","name":"Netsuke chien en bois 1859 - Supein Nihonto","isPartOf":{"@id":"https:\/\/www.supeinnihonto.com\/fr\/#website"},"primaryImageOfPage":{"@id":"https:\/\/www.supeinnihonto.com\/fr\/produit\/netsuke-chien-en-bois-1859\/#primaryimage"},"image":{"@id":"https:\/\/www.supeinnihonto.com\/fr\/produit\/netsuke-chien-en-bois-1859\/#primaryimage"},"thumbnailUrl":"https:\/\/i0.wp.com\/www.supeinnihonto.com\/wp-content\/uploads\/2024\/11\/DSC1437-scaled.jpg?fit=2560%2C1707&ssl=1","datePublished":"2024-11-05T08:36:32+00:00","dateModified":"2025-12-23T21:51:19+00:00","description":"Magnifique et rare netsuke repr\u00e9sentant un chien au repos, dat\u00e9 d\u2019ao\u00fbt 1859 et sign\u00e9 par l\u2019artiste. La signature et la date sont sculpt\u00e9es en relief avec une grande ma\u00eetrise. Un netsuke tr\u00e8s rare et de collection.3,5 x 3,5 x 2,8 cm","breadcrumb":{"@id":"https:\/\/www.supeinnihonto.com\/fr\/produit\/netsuke-chien-en-bois-1859\/#breadcrumb"},"inLanguage":"fr-FR","potentialAction":[{"@type":"ReadAction","target":["https:\/\/www.supeinnihonto.com\/fr\/produit\/netsuke-chien-en-bois-1859\/"]}]},{"@type":"ImageObject","inLanguage":"fr-FR","@id":"https:\/\/www.supeinnihonto.com\/fr\/produit\/netsuke-chien-en-bois-1859\/#primaryimage","url":"https:\/\/i0.wp.com\/www.supeinnihonto.com\/wp-content\/uploads\/2024\/11\/DSC1437-scaled.jpg?fit=2560%2C1707&ssl=1","contentUrl":"https:\/\/i0.wp.com\/www.supeinnihonto.com\/wp-content\/uploads\/2024\/11\/DSC1437-scaled.jpg?fit=2560%2C1707&ssl=1","width":2560,"height":1707,"caption":"dog dated netsuke"},{"@type":"BreadcrumbList","@id":"https:\/\/www.supeinnihonto.com\/fr\/produit\/netsuke-chien-en-bois-1859\/#breadcrumb","itemListElement":[{"@type":"ListItem","position":1,"name":"Portada","item":"https:\/\/www.supeinnihonto.com\/fr\/"},{"@type":"ListItem","position":2,"name":"Shop","item":"https:\/\/www.supeinnihonto.com\/fr\/shop\/"},{"@type":"ListItem","position":3,"name":"Netsuke chien en bois 1859"}]},{"@type":"WebSite","@id":"https:\/\/www.supeinnihonto.com\/fr\/#website","url":"https:\/\/www.supeinnihonto.com\/fr\/","name":"Supein Nihonto","description":"Authentic japanese Nihonto katana ","publisher":{"@id":"https:\/\/www.supeinnihonto.com\/fr\/#organization"},"potentialAction":[{"@type":"SearchAction","target":{"@type":"EntryPoint","urlTemplate":"https:\/\/www.supeinnihonto.com\/fr\/?s={search_term_string}"},"query-input":{"@type":"PropertyValueSpecification","valueRequired":true,"valueName":"search_term_string"}}],"inLanguage":"fr-FR"},{"@type":"Organization","@id":"https:\/\/www.supeinnihonto.com\/fr\/#organization","name":"SupeinNihonto","url":"https:\/\/www.supeinnihonto.com\/fr\/","logo":{"@type":"ImageObject","inLanguage":"fr-FR","@id":"https:\/\/www.supeinnihonto.com\/fr\/#\/schema\/logo\/image\/","url":"https:\/\/www.supeinnihonto.com\/wp-content\/uploads\/2021\/11\/animation_Default_3szk0jcenoloop.gif","contentUrl":"https:\/\/www.supeinnihonto.com\/wp-content\/uploads\/2021\/11\/animation_Default_3szk0jcenoloop.gif","width":750,"height":641,"caption":"SupeinNihonto"},"image":{"@id":"https:\/\/www.supeinnihonto.com\/fr\/#\/schema\/logo\/image\/"}}]}},"jetpack-related-posts":[{"id":44737,"url":"https:\/\/www.supeinnihonto.com\/nl\/product\/nihonto-katana-fujiwara-kunitoshi-nbthk-tokobetsu-kicho-4\/","url_meta":{"origin":12666,"position":0},"title":"Nihonto katana \u00ab\u00a0Fujiwara Kunitoshi\u00a0\u00bb NBTHK Tokobetsu Kicho","author":"Eric Majo","date":"26 de f\u00e9vrier de 2026","format":false,"excerpt":"ITEMBESCHRIJVING: Wordt geleverd met kimono of katoenen tas. Wordt geleverd met certificaat van supein Nihonto. Wordt geleverd met NBTHK Tokobetsu Kicho. Wordt geleverd met kopie van tokorusho (het origineel moet in Japan blijven). Katana gesigneerd Fujiwara Kuniyoshi \u2013 Bunka 7 (1810) \u2013 Shirasaya 1) Volledige Torokusho Vertaling (Tochigi Nr. 5479)\u2026","rel":"","context":"Article similaire","block_context":{"text":"Article similaire","link":""},"img":{"alt_text":"Nihonto tachi \u00e0 vendre \/ acheter un nihonto tachi","src":"https:\/\/i0.wp.com\/www.supeinnihonto.com\/wp-content\/uploads\/2026\/02\/19775title.jpg?fit=1200%2C607&ssl=1&resize=350%2C200","width":350,"height":200,"srcset":"https:\/\/i0.wp.com\/www.supeinnihonto.com\/wp-content\/uploads\/2026\/02\/19775title.jpg?fit=1200%2C607&ssl=1&resize=350%2C200 1x, https:\/\/i0.wp.com\/www.supeinnihonto.com\/wp-content\/uploads\/2026\/02\/19775title.jpg?fit=1200%2C607&ssl=1&resize=525%2C300 1.5x, https:\/\/i0.wp.com\/www.supeinnihonto.com\/wp-content\/uploads\/2026\/02\/19775title.jpg?fit=1200%2C607&ssl=1&resize=700%2C400 2x, https:\/\/i0.wp.com\/www.supeinnihonto.com\/wp-content\/uploads\/2026\/02\/19775title.jpg?fit=1200%2C607&ssl=1&resize=1050%2C600 3x"},"classes":[]},{"id":42647,"url":"https:\/\/www.supeinnihonto.com\/nl\/product\/nihonto-katana-fujiwara-kunitoshi-nbthk-tokobetsu-kicho-16\/","url_meta":{"origin":12666,"position":1},"title":"Nihonto katana \u00ab\u00a0Fujiwara Kunitoshi\u00a0\u00bb NBTHK Tokobetsu Kicho","author":"Eric Majo","date":"19 de f\u00e9vrier de 2026","format":false,"excerpt":"ITEMBESCHRIJVING: Wordt geleverd met kimono of katoenen tas. Wordt geleverd met certificaat van supein Nihonto. Wordt geleverd met NBTHK Tokobetsu Kicho. Wordt geleverd met kopie van tokorusho (het origineel moet in Japan blijven). Katana gesigneerd Fujiwara Kuniyoshi \u2013 Bunka 7 (1810) \u2013 Shirasaya 1) Volledige Torokusho Vertaling (Tochigi Nr. 5479)\u2026","rel":"","context":"Article similaire","block_context":{"text":"Article similaire","link":""},"img":{"alt_text":"Sold","src":"https:\/\/i0.wp.com\/www.supeinnihonto.com\/wp-content\/uploads\/2024\/01\/logo-sold-scaled.png?fit=1200%2C720&ssl=1&resize=350%2C200","width":350,"height":200,"srcset":"https:\/\/i0.wp.com\/www.supeinnihonto.com\/wp-content\/uploads\/2024\/01\/logo-sold-scaled.png?fit=1200%2C720&ssl=1&resize=350%2C200 1x, https:\/\/i0.wp.com\/www.supeinnihonto.com\/wp-content\/uploads\/2024\/01\/logo-sold-scaled.png?fit=1200%2C720&ssl=1&resize=525%2C300 1.5x, https:\/\/i0.wp.com\/www.supeinnihonto.com\/wp-content\/uploads\/2024\/01\/logo-sold-scaled.png?fit=1200%2C720&ssl=1&resize=700%2C400 2x, https:\/\/i0.wp.com\/www.supeinnihonto.com\/wp-content\/uploads\/2024\/01\/logo-sold-scaled.png?fit=1200%2C720&ssl=1&resize=1050%2C600 3x"},"classes":[]},{"id":49402,"url":"https:\/\/www.supeinnihonto.com\/nl\/product\/nihonto-katana-fujiwara-kunitoshi-nbthk-tokobetsu-kicho-copy-copy-copy-copy-copy\/","url_meta":{"origin":12666,"position":2},"title":"Nihonto katana \u00ab\u00a0Fujiwara Kunitoshi\u00a0\u00bb NBTHK Tokobetsu Kicho (Copy) (Copy) (Copy) (Copy) (Copy)","author":"Eric Majo","date":"12 de mars de 2026","format":false,"excerpt":"ITEMBESCHRIJVING: Wordt geleverd met kimono of katoenen tas. Wordt geleverd met certificaat van supein Nihonto. Wordt geleverd met NBTHK Tokobetsu Kicho. Wordt geleverd met kopie van tokorusho (het origineel moet in Japan blijven). Katana gesigneerd Fujiwara Kuniyoshi \u2013 Bunka 7 (1810) \u2013 Shirasaya 1) Volledige Torokusho Vertaling (Tochigi Nr. 5479)\u2026","rel":"","context":"Article similaire","block_context":{"text":"Article similaire","link":""},"img":{"alt_text":"Nihonto katana samoura\u00ef \u00e0 vendre \/ acheter un nihonto katana samoura\u00ef","src":"https:\/\/i0.wp.com\/www.supeinnihonto.com\/wp-content\/uploads\/2026\/03\/8394title-scaled.jpg?fit=1200%2C764&ssl=1&resize=350%2C200","width":350,"height":200,"srcset":"https:\/\/i0.wp.com\/www.supeinnihonto.com\/wp-content\/uploads\/2026\/03\/8394title-scaled.jpg?fit=1200%2C764&ssl=1&resize=350%2C200 1x, https:\/\/i0.wp.com\/www.supeinnihonto.com\/wp-content\/uploads\/2026\/03\/8394title-scaled.jpg?fit=1200%2C764&ssl=1&resize=525%2C300 1.5x, https:\/\/i0.wp.com\/www.supeinnihonto.com\/wp-content\/uploads\/2026\/03\/8394title-scaled.jpg?fit=1200%2C764&ssl=1&resize=700%2C400 2x, https:\/\/i0.wp.com\/www.supeinnihonto.com\/wp-content\/uploads\/2026\/03\/8394title-scaled.jpg?fit=1200%2C764&ssl=1&resize=1050%2C600 3x"},"classes":[]},{"id":49559,"url":"https:\/\/www.supeinnihonto.com\/nl\/product\/nihonto-katana-fujiwara-kunitoshi-nbthk-tokobetsu-kicho-copy-copy-copy-copy-copy-copy\/","url_meta":{"origin":12666,"position":3},"title":"Nihonto katana \u00ab\u00a0Fujiwara Kunitoshi\u00a0\u00bb NBTHK Tokobetsu Kicho (Copy) (Copy) (Copy) (Copy) (Copy) (Copy)","author":"Eric Majo","date":"12 de mars de 2026","format":false,"excerpt":"ITEMBESCHRIJVING: Wordt geleverd met kimono of katoenen tas. Wordt geleverd met certificaat van supein Nihonto. Wordt geleverd met NBTHK Tokobetsu Kicho. Wordt geleverd met kopie van tokorusho (het origineel moet in Japan blijven). Katana gesigneerd Fujiwara Kuniyoshi \u2013 Bunka 7 (1810) \u2013 Shirasaya 1) Volledige Torokusho Vertaling (Tochigi Nr. 5479)\u2026","rel":"","context":"Article similaire","block_context":{"text":"Article similaire","link":""},"img":{"alt_text":"Nihonto katana samoura\u00ef \u00e0 vendre \/ acheter un nihonto katana samoura\u00ef","src":"https:\/\/i0.wp.com\/www.supeinnihonto.com\/wp-content\/uploads\/2026\/03\/7201title-scaled.jpg?fit=1200%2C613&ssl=1&resize=350%2C200","width":350,"height":200,"srcset":"https:\/\/i0.wp.com\/www.supeinnihonto.com\/wp-content\/uploads\/2026\/03\/7201title-scaled.jpg?fit=1200%2C613&ssl=1&resize=350%2C200 1x, https:\/\/i0.wp.com\/www.supeinnihonto.com\/wp-content\/uploads\/2026\/03\/7201title-scaled.jpg?fit=1200%2C613&ssl=1&resize=525%2C300 1.5x, https:\/\/i0.wp.com\/www.supeinnihonto.com\/wp-content\/uploads\/2026\/03\/7201title-scaled.jpg?fit=1200%2C613&ssl=1&resize=700%2C400 2x, https:\/\/i0.wp.com\/www.supeinnihonto.com\/wp-content\/uploads\/2026\/03\/7201title-scaled.jpg?fit=1200%2C613&ssl=1&resize=1050%2C600 3x"},"classes":[]},{"id":41533,"url":"https:\/\/www.supeinnihonto.com\/nl\/product\/nihonto-katana-fujiwara-kunitoshi-nbthk-tokobetsu-kicho-21\/","url_meta":{"origin":12666,"position":4},"title":"Nihonto katana \u00ab\u00a0Fujiwara Kunitoshi\u00a0\u00bb NBTHK Tokobetsu Kicho","author":"Eric Majo","date":"21 de janvier de 2026","format":false,"excerpt":"ITEMBESCHRIJVING: Wordt geleverd met kimono of katoenen tas. Wordt geleverd met certificaat van supein Nihonto. Wordt geleverd met NBTHK Tokobetsu Kicho. Wordt geleverd met kopie van tokorusho (het origineel moet in Japan blijven). Katana gesigneerd Fujiwara Kuniyoshi \u2013 Bunka 7 (1810) \u2013 Shirasaya 1) Volledige Torokusho Vertaling (Tochigi Nr. 5479)\u2026","rel":"","context":"Article similaire","block_context":{"text":"Article similaire","link":""},"img":{"alt_text":"Nihonto katana for sale \/ Purchase a katana Nihonto Katana zu verkaufen \/ Nihonto Katana kaufen Nihonto katana in vendita \/ Acquistare nihonto katana Nihonto katana \u00e0 venda \/ Comprar nihonto katana Nihonto katana \u00e0 vendre \/ Acheter un nihonto katana Nihonto katana te koop \/ Nihonto katana kopen Nihonto katana na predaj \/ K\u00fapi\u0165 nihonto katana Nihonto katana za prodajo \/ Kupite nihonto katana Nihonto-Katana zum Verkaf \/ Kaaft eng Nihonto-Katana Nihonto katana na sprzeda\u017c \/ Kup nihonto katana","src":"https:\/\/i0.wp.com\/www.supeinnihonto.com\/wp-content\/uploads\/2026\/01\/GEO0612-scaled.jpg?fit=1200%2C799&ssl=1&resize=350%2C200","width":350,"height":200,"srcset":"https:\/\/i0.wp.com\/www.supeinnihonto.com\/wp-content\/uploads\/2026\/01\/GEO0612-scaled.jpg?fit=1200%2C799&ssl=1&resize=350%2C200 1x, https:\/\/i0.wp.com\/www.supeinnihonto.com\/wp-content\/uploads\/2026\/01\/GEO0612-scaled.jpg?fit=1200%2C799&ssl=1&resize=525%2C300 1.5x, https:\/\/i0.wp.com\/www.supeinnihonto.com\/wp-content\/uploads\/2026\/01\/GEO0612-scaled.jpg?fit=1200%2C799&ssl=1&resize=700%2C400 2x, https:\/\/i0.wp.com\/www.supeinnihonto.com\/wp-content\/uploads\/2026\/01\/GEO0612-scaled.jpg?fit=1200%2C799&ssl=1&resize=1050%2C600 3x"},"classes":[]},{"id":37551,"url":"https:\/\/www.supeinnihonto.com\/nl\/product\/nihonto-katana-fujiwara-kunitoshi-nbthk-tokobetsu-kicho-30\/","url_meta":{"origin":12666,"position":5},"title":"Nihonto katana \u00ab\u00a0Fujiwara Kunitoshi\u00a0\u00bb NBTHK Tokobetsu Kicho","author":"Eric Majo","date":"17 de d\u00e9cembre de 2025","format":false,"excerpt":"ITEMBESCHRIJVING: Wordt geleverd met kimono of katoenen tas. Wordt geleverd met certificaat van supein Nihonto. Wordt geleverd met NBTHK Tokobetsu Kicho. Wordt geleverd met kopie van tokorusho (het origineel moet in Japan blijven). Katana gesigneerd Fujiwara Kuniyoshi \u2013 Bunka 7 (1810) \u2013 Shirasaya 1) Volledige Torokusho Vertaling (Tochigi Nr. 5479)\u2026","rel":"","context":"Article similaire","block_context":{"text":"Article similaire","link":""},"img":{"alt_text":"Nihonto katana for sale \/ Purchase a katana Nihonto Katana zu verkaufen \/ Nihonto Katana kaufen Nihonto katana in vendita \/ Acquistare nihonto katana Nihonto katana \u00e0 venda \/ Comprar nihonto katana Nihonto katana \u00e0 vendre \/ Acheter un nihonto katana Nihonto katana te koop \/ Nihonto katana kopen Nihonto katana na predaj \/ K\u00fapi\u0165 nihonto katana Nihonto katana za prodajo \/ Kupite nihonto katana Nihonto-Katana zum Verkaf \/ Kaaft eng Nihonto-Katana Nihonto katana na sprzeda\u017c \/ Kup nihonto katana","src":"https:\/\/i0.wp.com\/www.supeinnihonto.com\/wp-content\/uploads\/2026\/01\/330177title-scaled.jpg?fit=1200%2C856&ssl=1&resize=350%2C200","width":350,"height":200,"srcset":"https:\/\/i0.wp.com\/www.supeinnihonto.com\/wp-content\/uploads\/2026\/01\/330177title-scaled.jpg?fit=1200%2C856&ssl=1&resize=350%2C200 1x, https:\/\/i0.wp.com\/www.supeinnihonto.com\/wp-content\/uploads\/2026\/01\/330177title-scaled.jpg?fit=1200%2C856&ssl=1&resize=525%2C300 1.5x, https:\/\/i0.wp.com\/www.supeinnihonto.com\/wp-content\/uploads\/2026\/01\/330177title-scaled.jpg?fit=1200%2C856&ssl=1&resize=700%2C400 2x, https:\/\/i0.wp.com\/www.supeinnihonto.com\/wp-content\/uploads\/2026\/01\/330177title-scaled.jpg?fit=1200%2C856&ssl=1&resize=1050%2C600 3x"},"classes":[]}],"jetpack_sharing_enabled":true,"_links":{"self":[{"href":"https:\/\/www.supeinnihonto.com\/fr\/wp-json\/wp\/v2\/product\/12666","targetHints":{"allow":["GET"]}}],"collection":[{"href":"https:\/\/www.supeinnihonto.com\/fr\/wp-json\/wp\/v2\/product"}],"about":[{"href":"https:\/\/www.supeinnihonto.com\/fr\/wp-json\/wp\/v2\/types\/product"}],"wp:featuredmedia":[{"embeddable":true,"href":"https:\/\/www.supeinnihonto.com\/fr\/wp-json\/wp\/v2\/media\/12667"}],"wp:attachment":[{"href":"https:\/\/www.supeinnihonto.com\/fr\/wp-json\/wp\/v2\/media?parent=12666"}],"wp:term":[{"taxonomy":"product_brand","embeddable":true,"href":"https:\/\/www.supeinnihonto.com\/fr\/wp-json\/wp\/v2\/product_brand?post=12666"},{"taxonomy":"product_cat","embeddable":true,"href":"https:\/\/www.supeinnihonto.com\/fr\/wp-json\/wp\/v2\/product_cat?post=12666"},{"taxonomy":"product_tag","embeddable":true,"href":"https:\/\/www.supeinnihonto.com\/fr\/wp-json\/wp\/v2\/product_tag?post=12666"}],"curies":[{"name":"wp","href":"https:\/\/api.w.org\/{rel}","templated":true}]}}