{"id":12638,"date":"2024-11-05T07:56:01","date_gmt":"2024-11-05T07:56:01","guid":{"rendered":"https:\/\/www.supeinnihonto.com\/product\/netsuke-monkey-wood\/"},"modified":"2025-12-23T22:11:47","modified_gmt":"2025-12-23T22:11:47","slug":"netsuke-singe-en-bois","status":"publish","type":"product","link":"https:\/\/www.supeinnihonto.com\/fr\/produit\/netsuke-singe-en-bois\/","title":{"rendered":"Netsuke singe en bois"},"content":{"rendered":"<p data-start=\"202\" data-end=\"221\">Livraison gratuite.<\/p>\n<p data-start=\"223\" data-end=\"387\">Sculpture d\u2019un singe d\u00e9tendu, les bras crois\u00e9s, avec une expression sereine admirant son environnement. Belle pi\u00e8ce na\u00efve avec une superbe patine, en tr\u00e8s bon \u00e9tat.<\/p>\n<p data-start=\"389\" data-end=\"405\">5,3 x 3 x 3,6 cm<\/p>\n","protected":false},"excerpt":{"rendered":"<p>Livraison gratuite. Sculpture d\u2019un singe d\u00e9tendu, les bras crois\u00e9s, avec une expression sereine admirant son environnement. Belle pi\u00e8ce na\u00efve avec une superbe patine, en tr\u00e8s bon \u00e9tat. 5,3 x 3 x 3,6 cm<\/p>\n","protected":false},"featured_media":12639,"template":"","meta":{"jetpack_post_was_ever_published":false},"product_brand":[],"product_cat":[545],"product_tag":[673,653,655],"class_list":{"0":"post-12638","1":"product","2":"type-product","3":"status-publish","4":"has-post-thumbnail","6":"product_cat-netsuke","7":"product_tag-bois","8":"product_tag-netsuke","9":"product_tag-okimono","10":"product_shipping_class-light","12":"first","13":"instock","14":"featured","15":"sold-individually","16":"shipping-taxable","17":"purchasable","18":"product-type-simple"},"yoast_head":"<!-- This site is optimized with the Yoast SEO plugin v27.3 - https:\/\/yoast.com\/product\/yoast-seo-wordpress\/ -->\n<title>Netsuke singe en bois - Supein Nihonto<\/title>\n<meta name=\"description\" content=\"Sculpture d\u2019un singe d\u00e9tendu, les bras crois\u00e9s, avec une expression sereine admirant son environnement. Belle pi\u00e8ce na\u00efve avec une superbe patine, en tr\u00e8s bon \u00e9tat.5,3 x 3 x 3,6 cm\" \/>\n<meta name=\"robots\" content=\"index, follow, max-snippet:-1, max-image-preview:large, max-video-preview:-1\" \/>\n<link rel=\"canonical\" href=\"https:\/\/www.supeinnihonto.com\/fr\/produit\/netsuke-singe-en-bois\/\" \/>\n<meta property=\"og:locale\" content=\"fr_FR\" \/>\n<meta property=\"og:type\" content=\"article\" \/>\n<meta property=\"og:title\" content=\"Netsuke singe en bois - Supein Nihonto\" \/>\n<meta property=\"og:description\" content=\"Sculpture d\u2019un singe d\u00e9tendu, les bras crois\u00e9s, avec une expression sereine admirant son environnement. Belle pi\u00e8ce na\u00efve avec une superbe patine, en tr\u00e8s bon \u00e9tat.5,3 x 3 x 3,6 cm\" \/>\n<meta property=\"og:url\" content=\"https:\/\/www.supeinnihonto.com\/fr\/produit\/netsuke-singe-en-bois\/\" \/>\n<meta property=\"og:site_name\" content=\"Supein Nihonto\" \/>\n<meta property=\"article:modified_time\" content=\"2025-12-23T22:11:47+00:00\" \/>\n<meta property=\"og:image\" content=\"https:\/\/www.supeinnihonto.com\/wp-content\/uploads\/2024\/11\/DSC1395-scaled.jpg\" \/>\n\t<meta property=\"og:image:width\" content=\"2560\" \/>\n\t<meta property=\"og:image:height\" content=\"1707\" \/>\n\t<meta property=\"og:image:type\" content=\"image\/jpeg\" \/>\n<meta name=\"twitter:card\" content=\"summary_large_image\" \/>\n<meta name=\"twitter:label1\" content=\"Dur\u00e9e de lecture estim\u00e9e\" \/>\n\t<meta name=\"twitter:data1\" content=\"1 minute\" \/>\n<script type=\"application\/ld+json\" class=\"yoast-schema-graph\">{\"@context\":\"https:\\\/\\\/schema.org\",\"@graph\":[{\"@type\":\"WebPage\",\"@id\":\"https:\\\/\\\/www.supeinnihonto.com\\\/fr\\\/produit\\\/netsuke-singe-en-bois\\\/\",\"url\":\"https:\\\/\\\/www.supeinnihonto.com\\\/fr\\\/produit\\\/netsuke-singe-en-bois\\\/\",\"name\":\"Netsuke singe en bois - Supein Nihonto\",\"isPartOf\":{\"@id\":\"https:\\\/\\\/www.supeinnihonto.com\\\/fr\\\/#website\"},\"primaryImageOfPage\":{\"@id\":\"https:\\\/\\\/www.supeinnihonto.com\\\/fr\\\/produit\\\/netsuke-singe-en-bois\\\/#primaryimage\"},\"image\":{\"@id\":\"https:\\\/\\\/www.supeinnihonto.com\\\/fr\\\/produit\\\/netsuke-singe-en-bois\\\/#primaryimage\"},\"thumbnailUrl\":\"https:\\\/\\\/i0.wp.com\\\/www.supeinnihonto.com\\\/wp-content\\\/uploads\\\/2024\\\/11\\\/DSC1395-scaled.jpg?fit=2560%2C1707&ssl=1\",\"datePublished\":\"2024-11-05T07:56:01+00:00\",\"dateModified\":\"2025-12-23T22:11:47+00:00\",\"description\":\"Sculpture d\u2019un singe d\u00e9tendu, les bras crois\u00e9s, avec une expression sereine admirant son environnement. Belle pi\u00e8ce na\u00efve avec une superbe patine, en tr\u00e8s bon \u00e9tat.5,3 x 3 x 3,6 cm\",\"breadcrumb\":{\"@id\":\"https:\\\/\\\/www.supeinnihonto.com\\\/fr\\\/produit\\\/netsuke-singe-en-bois\\\/#breadcrumb\"},\"inLanguage\":\"fr-FR\",\"potentialAction\":[{\"@type\":\"ReadAction\",\"target\":[\"https:\\\/\\\/www.supeinnihonto.com\\\/fr\\\/produit\\\/netsuke-singe-en-bois\\\/\"]}]},{\"@type\":\"ImageObject\",\"inLanguage\":\"fr-FR\",\"@id\":\"https:\\\/\\\/www.supeinnihonto.com\\\/fr\\\/produit\\\/netsuke-singe-en-bois\\\/#primaryimage\",\"url\":\"https:\\\/\\\/i0.wp.com\\\/www.supeinnihonto.com\\\/wp-content\\\/uploads\\\/2024\\\/11\\\/DSC1395-scaled.jpg?fit=2560%2C1707&ssl=1\",\"contentUrl\":\"https:\\\/\\\/i0.wp.com\\\/www.supeinnihonto.com\\\/wp-content\\\/uploads\\\/2024\\\/11\\\/DSC1395-scaled.jpg?fit=2560%2C1707&ssl=1\",\"width\":2560,\"height\":1707,\"caption\":\"Monkey wood\"},{\"@type\":\"BreadcrumbList\",\"@id\":\"https:\\\/\\\/www.supeinnihonto.com\\\/fr\\\/produit\\\/netsuke-singe-en-bois\\\/#breadcrumb\",\"itemListElement\":[{\"@type\":\"ListItem\",\"position\":1,\"name\":\"Portada\",\"item\":\"https:\\\/\\\/www.supeinnihonto.com\\\/fr\\\/\"},{\"@type\":\"ListItem\",\"position\":2,\"name\":\"Shop\",\"item\":\"https:\\\/\\\/www.supeinnihonto.com\\\/fr\\\/shop\\\/\"},{\"@type\":\"ListItem\",\"position\":3,\"name\":\"Netsuke singe en bois\"}]},{\"@type\":\"WebSite\",\"@id\":\"https:\\\/\\\/www.supeinnihonto.com\\\/fr\\\/#website\",\"url\":\"https:\\\/\\\/www.supeinnihonto.com\\\/fr\\\/\",\"name\":\"Supein Nihonto\",\"description\":\"Authentic japanese Nihonto katana \",\"publisher\":{\"@id\":\"https:\\\/\\\/www.supeinnihonto.com\\\/fr\\\/#organization\"},\"potentialAction\":[{\"@type\":\"SearchAction\",\"target\":{\"@type\":\"EntryPoint\",\"urlTemplate\":\"https:\\\/\\\/www.supeinnihonto.com\\\/fr\\\/?s={search_term_string}\"},\"query-input\":{\"@type\":\"PropertyValueSpecification\",\"valueRequired\":true,\"valueName\":\"search_term_string\"}}],\"inLanguage\":\"fr-FR\"},{\"@type\":\"Organization\",\"@id\":\"https:\\\/\\\/www.supeinnihonto.com\\\/fr\\\/#organization\",\"name\":\"SupeinNihonto\",\"url\":\"https:\\\/\\\/www.supeinnihonto.com\\\/fr\\\/\",\"logo\":{\"@type\":\"ImageObject\",\"inLanguage\":\"fr-FR\",\"@id\":\"https:\\\/\\\/www.supeinnihonto.com\\\/fr\\\/#\\\/schema\\\/logo\\\/image\\\/\",\"url\":\"https:\\\/\\\/www.supeinnihonto.com\\\/wp-content\\\/uploads\\\/2021\\\/11\\\/animation_Default_3szk0jcenoloop.gif\",\"contentUrl\":\"https:\\\/\\\/www.supeinnihonto.com\\\/wp-content\\\/uploads\\\/2021\\\/11\\\/animation_Default_3szk0jcenoloop.gif\",\"width\":750,\"height\":641,\"caption\":\"SupeinNihonto\"},\"image\":{\"@id\":\"https:\\\/\\\/www.supeinnihonto.com\\\/fr\\\/#\\\/schema\\\/logo\\\/image\\\/\"}}]}<\/script>\n<!-- \/ Yoast SEO plugin. -->","yoast_head_json":{"title":"Netsuke singe en bois - Supein Nihonto","description":"Sculpture d\u2019un singe d\u00e9tendu, les bras crois\u00e9s, avec une expression sereine admirant son environnement. Belle pi\u00e8ce na\u00efve avec une superbe patine, en tr\u00e8s bon \u00e9tat.5,3 x 3 x 3,6 cm","robots":{"index":"index","follow":"follow","max-snippet":"max-snippet:-1","max-image-preview":"max-image-preview:large","max-video-preview":"max-video-preview:-1"},"canonical":"https:\/\/www.supeinnihonto.com\/fr\/produit\/netsuke-singe-en-bois\/","og_locale":"fr_FR","og_type":"article","og_title":"Netsuke singe en bois - Supein Nihonto","og_description":"Sculpture d\u2019un singe d\u00e9tendu, les bras crois\u00e9s, avec une expression sereine admirant son environnement. Belle pi\u00e8ce na\u00efve avec une superbe patine, en tr\u00e8s bon \u00e9tat.5,3 x 3 x 3,6 cm","og_url":"https:\/\/www.supeinnihonto.com\/fr\/produit\/netsuke-singe-en-bois\/","og_site_name":"Supein Nihonto","article_modified_time":"2025-12-23T22:11:47+00:00","og_image":[{"width":2560,"height":1707,"url":"https:\/\/www.supeinnihonto.com\/wp-content\/uploads\/2024\/11\/DSC1395-scaled.jpg","type":"image\/jpeg"}],"twitter_card":"summary_large_image","twitter_misc":{"Dur\u00e9e de lecture estim\u00e9e":"1 minute"},"schema":{"@context":"https:\/\/schema.org","@graph":[{"@type":"WebPage","@id":"https:\/\/www.supeinnihonto.com\/fr\/produit\/netsuke-singe-en-bois\/","url":"https:\/\/www.supeinnihonto.com\/fr\/produit\/netsuke-singe-en-bois\/","name":"Netsuke singe en bois - Supein Nihonto","isPartOf":{"@id":"https:\/\/www.supeinnihonto.com\/fr\/#website"},"primaryImageOfPage":{"@id":"https:\/\/www.supeinnihonto.com\/fr\/produit\/netsuke-singe-en-bois\/#primaryimage"},"image":{"@id":"https:\/\/www.supeinnihonto.com\/fr\/produit\/netsuke-singe-en-bois\/#primaryimage"},"thumbnailUrl":"https:\/\/i0.wp.com\/www.supeinnihonto.com\/wp-content\/uploads\/2024\/11\/DSC1395-scaled.jpg?fit=2560%2C1707&ssl=1","datePublished":"2024-11-05T07:56:01+00:00","dateModified":"2025-12-23T22:11:47+00:00","description":"Sculpture d\u2019un singe d\u00e9tendu, les bras crois\u00e9s, avec une expression sereine admirant son environnement. Belle pi\u00e8ce na\u00efve avec une superbe patine, en tr\u00e8s bon \u00e9tat.5,3 x 3 x 3,6 cm","breadcrumb":{"@id":"https:\/\/www.supeinnihonto.com\/fr\/produit\/netsuke-singe-en-bois\/#breadcrumb"},"inLanguage":"fr-FR","potentialAction":[{"@type":"ReadAction","target":["https:\/\/www.supeinnihonto.com\/fr\/produit\/netsuke-singe-en-bois\/"]}]},{"@type":"ImageObject","inLanguage":"fr-FR","@id":"https:\/\/www.supeinnihonto.com\/fr\/produit\/netsuke-singe-en-bois\/#primaryimage","url":"https:\/\/i0.wp.com\/www.supeinnihonto.com\/wp-content\/uploads\/2024\/11\/DSC1395-scaled.jpg?fit=2560%2C1707&ssl=1","contentUrl":"https:\/\/i0.wp.com\/www.supeinnihonto.com\/wp-content\/uploads\/2024\/11\/DSC1395-scaled.jpg?fit=2560%2C1707&ssl=1","width":2560,"height":1707,"caption":"Monkey wood"},{"@type":"BreadcrumbList","@id":"https:\/\/www.supeinnihonto.com\/fr\/produit\/netsuke-singe-en-bois\/#breadcrumb","itemListElement":[{"@type":"ListItem","position":1,"name":"Portada","item":"https:\/\/www.supeinnihonto.com\/fr\/"},{"@type":"ListItem","position":2,"name":"Shop","item":"https:\/\/www.supeinnihonto.com\/fr\/shop\/"},{"@type":"ListItem","position":3,"name":"Netsuke singe en bois"}]},{"@type":"WebSite","@id":"https:\/\/www.supeinnihonto.com\/fr\/#website","url":"https:\/\/www.supeinnihonto.com\/fr\/","name":"Supein Nihonto","description":"Authentic japanese Nihonto katana ","publisher":{"@id":"https:\/\/www.supeinnihonto.com\/fr\/#organization"},"potentialAction":[{"@type":"SearchAction","target":{"@type":"EntryPoint","urlTemplate":"https:\/\/www.supeinnihonto.com\/fr\/?s={search_term_string}"},"query-input":{"@type":"PropertyValueSpecification","valueRequired":true,"valueName":"search_term_string"}}],"inLanguage":"fr-FR"},{"@type":"Organization","@id":"https:\/\/www.supeinnihonto.com\/fr\/#organization","name":"SupeinNihonto","url":"https:\/\/www.supeinnihonto.com\/fr\/","logo":{"@type":"ImageObject","inLanguage":"fr-FR","@id":"https:\/\/www.supeinnihonto.com\/fr\/#\/schema\/logo\/image\/","url":"https:\/\/www.supeinnihonto.com\/wp-content\/uploads\/2021\/11\/animation_Default_3szk0jcenoloop.gif","contentUrl":"https:\/\/www.supeinnihonto.com\/wp-content\/uploads\/2021\/11\/animation_Default_3szk0jcenoloop.gif","width":750,"height":641,"caption":"SupeinNihonto"},"image":{"@id":"https:\/\/www.supeinnihonto.com\/fr\/#\/schema\/logo\/image\/"}}]}},"jetpack-related-posts":[{"id":13345,"url":"https:\/\/www.supeinnihonto.com\/fr\/produit\/netsuke-singe-et-masque-en-ivoire\/","url_meta":{"origin":12638,"position":0},"title":"Netsuke singe et masque en ivoire","author":"Supein Nihonto","date":"28 de mai de 2024","format":false,"excerpt":"Livraison gratuite. Netsuke tr\u00e8s humoristique et finement sculpt\u00e9 repr\u00e9sentant un singe en train de sculpter un masque de th\u00e9\u00e2tre n\u00f4, avec une expression concentr\u00e9e. Yeux incrust\u00e9s en corne de buffle noire. Sign\u00e9 \u00ab Matsuyama \u00bb avec incrustation rouge. P\u00e9riode Meiji. Livr\u00e9 avec certificat et document CITES. 4 x 3 x\u2026","rel":"","context":"Article similaire","block_context":{"text":"Article similaire","link":""},"img":{"alt_text":"Netsuke monkey mask ivory","src":"https:\/\/i0.wp.com\/www.supeinnihonto.com\/wp-content\/uploads\/2024\/05\/Netsuke-monkey-mask-ivory.webp?fit=1200%2C800&ssl=1&resize=350%2C200","width":350,"height":200,"srcset":"https:\/\/i0.wp.com\/www.supeinnihonto.com\/wp-content\/uploads\/2024\/05\/Netsuke-monkey-mask-ivory.webp?fit=1200%2C800&ssl=1&resize=350%2C200 1x, https:\/\/i0.wp.com\/www.supeinnihonto.com\/wp-content\/uploads\/2024\/05\/Netsuke-monkey-mask-ivory.webp?fit=1200%2C800&ssl=1&resize=525%2C300 1.5x, https:\/\/i0.wp.com\/www.supeinnihonto.com\/wp-content\/uploads\/2024\/05\/Netsuke-monkey-mask-ivory.webp?fit=1200%2C800&ssl=1&resize=700%2C400 2x, https:\/\/i0.wp.com\/www.supeinnihonto.com\/wp-content\/uploads\/2024\/05\/Netsuke-monkey-mask-ivory.webp?fit=1200%2C800&ssl=1&resize=1050%2C600 3x"},"classes":[]},{"id":14243,"url":"https:\/\/www.supeinnihonto.com\/fr\/produit\/netsuke-singe-avec-panier-en-bois\/","url_meta":{"origin":12638,"position":1},"title":"Netsuke singe avec panier en bois","author":"Supein Nihonto","date":"27 de mai de 2024","format":false,"excerpt":"Livraison gratuite. Beau netsuke repr\u00e9sentant un singe tenant un panier, lequel fait \u00e9galement office de himotoshi pour le passage du cordon. Belle patine. P\u00e9riode Meiji. 4,2 x 3,5 x 2,5 cm","rel":"","context":"Article similaire","block_context":{"text":"Article similaire","link":""},"img":{"alt_text":"Netsuke monkey basquet wood","src":"https:\/\/i0.wp.com\/www.supeinnihonto.com\/wp-content\/uploads\/2024\/05\/DSC_3936-scaled.jpg?fit=1200%2C800&ssl=1&resize=350%2C200","width":350,"height":200,"srcset":"https:\/\/i0.wp.com\/www.supeinnihonto.com\/wp-content\/uploads\/2024\/05\/DSC_3936-scaled.jpg?fit=1200%2C800&ssl=1&resize=350%2C200 1x, https:\/\/i0.wp.com\/www.supeinnihonto.com\/wp-content\/uploads\/2024\/05\/DSC_3936-scaled.jpg?fit=1200%2C800&ssl=1&resize=525%2C300 1.5x, https:\/\/i0.wp.com\/www.supeinnihonto.com\/wp-content\/uploads\/2024\/05\/DSC_3936-scaled.jpg?fit=1200%2C800&ssl=1&resize=700%2C400 2x, https:\/\/i0.wp.com\/www.supeinnihonto.com\/wp-content\/uploads\/2024\/05\/DSC_3936-scaled.jpg?fit=1200%2C800&ssl=1&resize=1050%2C600 3x"},"classes":[]},{"id":13418,"url":"https:\/\/www.supeinnihonto.com\/fr\/produit\/netsuke-singe-et-poulpe-en-ivoire\/","url_meta":{"origin":12638,"position":2},"title":"Netsuke singe et poulpe en ivoire","author":"Supein Nihonto","date":"28 de mai de 2024","format":false,"excerpt":"Livraison gratuite. Netsuke tr\u00e8s humoristique et finement sculpt\u00e9 repr\u00e9sentant un singe luttant avec un poulpe. Pr\u00e9sente une polychromie rouge, jaune et noire dans les motifs de la veste. Yeux incrust\u00e9s en corne de buffle noire. Sign\u00e9 \u00ab Matsuyama \u00bb avec incrustation rouge. P\u00e9riode Meiji. Livr\u00e9 avec certificat et document CITES.\u2026","rel":"","context":"Article similaire","block_context":{"text":"Article similaire","link":""},"img":{"alt_text":"Netsuke Monkey octopus ivory","src":"https:\/\/i0.wp.com\/www.supeinnihonto.com\/wp-content\/uploads\/2024\/05\/DSC_4125-scaled.jpg?fit=1200%2C800&ssl=1&resize=350%2C200","width":350,"height":200,"srcset":"https:\/\/i0.wp.com\/www.supeinnihonto.com\/wp-content\/uploads\/2024\/05\/DSC_4125-scaled.jpg?fit=1200%2C800&ssl=1&resize=350%2C200 1x, https:\/\/i0.wp.com\/www.supeinnihonto.com\/wp-content\/uploads\/2024\/05\/DSC_4125-scaled.jpg?fit=1200%2C800&ssl=1&resize=525%2C300 1.5x, https:\/\/i0.wp.com\/www.supeinnihonto.com\/wp-content\/uploads\/2024\/05\/DSC_4125-scaled.jpg?fit=1200%2C800&ssl=1&resize=700%2C400 2x, https:\/\/i0.wp.com\/www.supeinnihonto.com\/wp-content\/uploads\/2024\/05\/DSC_4125-scaled.jpg?fit=1200%2C800&ssl=1&resize=1050%2C600 3x"},"classes":[]},{"id":13326,"url":"https:\/\/www.supeinnihonto.com\/fr\/produit\/netsuke-singe-en-ivoire\/","url_meta":{"origin":12638,"position":3},"title":"Netsuke singe en ivoire","author":"Supein Nihonto","date":"28 de mai de 2024","format":false,"excerpt":"Livraison gratuite. Netsuke en ivoire repr\u00e9sentant un singe, avec gravure teint\u00e9e de brun, sign\u00e9 \u00ab Matsuyama \u00bb. P\u00e9riode Meiji. Livr\u00e9 avec certificat et document CITES. 4,3 x 3 x 2,7 cm","rel":"","context":"Article similaire","block_context":{"text":"Article similaire","link":""},"img":{"alt_text":"Netsuke monkey ivory","src":"https:\/\/i0.wp.com\/www.supeinnihonto.com\/wp-content\/uploads\/2024\/05\/DSC_4065-scaled.jpg?fit=1200%2C800&ssl=1&resize=350%2C200","width":350,"height":200,"srcset":"https:\/\/i0.wp.com\/www.supeinnihonto.com\/wp-content\/uploads\/2024\/05\/DSC_4065-scaled.jpg?fit=1200%2C800&ssl=1&resize=350%2C200 1x, https:\/\/i0.wp.com\/www.supeinnihonto.com\/wp-content\/uploads\/2024\/05\/DSC_4065-scaled.jpg?fit=1200%2C800&ssl=1&resize=525%2C300 1.5x, https:\/\/i0.wp.com\/www.supeinnihonto.com\/wp-content\/uploads\/2024\/05\/DSC_4065-scaled.jpg?fit=1200%2C800&ssl=1&resize=700%2C400 2x, https:\/\/i0.wp.com\/www.supeinnihonto.com\/wp-content\/uploads\/2024\/05\/DSC_4065-scaled.jpg?fit=1200%2C800&ssl=1&resize=1050%2C600 3x"},"classes":[]},{"id":13426,"url":"https:\/\/www.supeinnihonto.com\/fr\/produit\/netsuke-singe-ii-en-ivoire\/","url_meta":{"origin":12638,"position":4},"title":"Netsuke singe II en ivoire","author":"Supein Nihonto","date":"29 de mai de 2024","format":false,"excerpt":"Livraison gratuite. Netsuke repr\u00e9sentant un singe se couvrant la bouche, les yeux et les oreilles avec ses mains et un pied, illustrant le proverbe \u00ab ne pas parler, ne pas \u00e9couter et ne pas regarder le mal \u00bb. Sign\u00e9 \u00ab Matsuyama \u00bb. P\u00e9riode Meiji ou Taish\u014d. Livr\u00e9 avec certificat et\u2026","rel":"","context":"Article similaire","block_context":{"text":"Article similaire","link":""},"img":{"alt_text":"Netsuke monkey II ivory","src":"https:\/\/i0.wp.com\/www.supeinnihonto.com\/wp-content\/uploads\/2024\/05\/DSC_4137-scaled.jpg?fit=1200%2C800&ssl=1&resize=350%2C200","width":350,"height":200,"srcset":"https:\/\/i0.wp.com\/www.supeinnihonto.com\/wp-content\/uploads\/2024\/05\/DSC_4137-scaled.jpg?fit=1200%2C800&ssl=1&resize=350%2C200 1x, https:\/\/i0.wp.com\/www.supeinnihonto.com\/wp-content\/uploads\/2024\/05\/DSC_4137-scaled.jpg?fit=1200%2C800&ssl=1&resize=525%2C300 1.5x, https:\/\/i0.wp.com\/www.supeinnihonto.com\/wp-content\/uploads\/2024\/05\/DSC_4137-scaled.jpg?fit=1200%2C800&ssl=1&resize=700%2C400 2x, https:\/\/i0.wp.com\/www.supeinnihonto.com\/wp-content\/uploads\/2024\/05\/DSC_4137-scaled.jpg?fit=1200%2C800&ssl=1&resize=1050%2C600 3x"},"classes":[]},{"id":14235,"url":"https:\/\/www.supeinnihonto.com\/fr\/produit\/netsuke-singe-en-bois-shibayama\/","url_meta":{"origin":12638,"position":5},"title":"Netsuke singe en bois shibayama","author":"Supein Nihonto","date":"27 de mai de 2024","format":false,"excerpt":"Livraison gratuite. Magnifique netsuke repr\u00e9sentant un singe finement sculpt\u00e9, avec un travail shibayama aux yeux incrust\u00e9s de petites perles. Sign\u00e9 Koichi \u5149\u4e00.Japon, seconde moiti\u00e9 du XIXe si\u00e8cle. 4 x 3,7 x 3 cm","rel":"","context":"Article similaire","block_context":{"text":"Article similaire","link":""},"img":{"alt_text":"Netsuke monkey wood shibayama","src":"https:\/\/i0.wp.com\/www.supeinnihonto.com\/wp-content\/uploads\/2024\/05\/DSC_3941-scaled.jpg?fit=1200%2C800&ssl=1&resize=350%2C200","width":350,"height":200,"srcset":"https:\/\/i0.wp.com\/www.supeinnihonto.com\/wp-content\/uploads\/2024\/05\/DSC_3941-scaled.jpg?fit=1200%2C800&ssl=1&resize=350%2C200 1x, https:\/\/i0.wp.com\/www.supeinnihonto.com\/wp-content\/uploads\/2024\/05\/DSC_3941-scaled.jpg?fit=1200%2C800&ssl=1&resize=525%2C300 1.5x, https:\/\/i0.wp.com\/www.supeinnihonto.com\/wp-content\/uploads\/2024\/05\/DSC_3941-scaled.jpg?fit=1200%2C800&ssl=1&resize=700%2C400 2x, https:\/\/i0.wp.com\/www.supeinnihonto.com\/wp-content\/uploads\/2024\/05\/DSC_3941-scaled.jpg?fit=1200%2C800&ssl=1&resize=1050%2C600 3x"},"classes":[]}],"jetpack_sharing_enabled":true,"_links":{"self":[{"href":"https:\/\/www.supeinnihonto.com\/fr\/wp-json\/wp\/v2\/product\/12638","targetHints":{"allow":["GET"]}}],"collection":[{"href":"https:\/\/www.supeinnihonto.com\/fr\/wp-json\/wp\/v2\/product"}],"about":[{"href":"https:\/\/www.supeinnihonto.com\/fr\/wp-json\/wp\/v2\/types\/product"}],"wp:featuredmedia":[{"embeddable":true,"href":"https:\/\/www.supeinnihonto.com\/fr\/wp-json\/wp\/v2\/media\/12639"}],"wp:attachment":[{"href":"https:\/\/www.supeinnihonto.com\/fr\/wp-json\/wp\/v2\/media?parent=12638"}],"wp:term":[{"taxonomy":"product_brand","embeddable":true,"href":"https:\/\/www.supeinnihonto.com\/fr\/wp-json\/wp\/v2\/product_brand?post=12638"},{"taxonomy":"product_cat","embeddable":true,"href":"https:\/\/www.supeinnihonto.com\/fr\/wp-json\/wp\/v2\/product_cat?post=12638"},{"taxonomy":"product_tag","embeddable":true,"href":"https:\/\/www.supeinnihonto.com\/fr\/wp-json\/wp\/v2\/product_tag?post=12638"}],"curies":[{"name":"wp","href":"https:\/\/api.w.org\/{rel}","templated":true}]}}