{"id":12574,"date":"2024-11-07T07:54:09","date_gmt":"2024-11-07T07:54:09","guid":{"rendered":"https:\/\/www.supeinnihonto.com\/product\/noh-mask-ko-omote\/"},"modified":"2025-12-21T21:42:29","modified_gmt":"2025-12-21T21:42:29","slug":"masque-no-ko-omote","status":"publish","type":"product","link":"https:\/\/www.supeinnihonto.com\/fr\/produit\/masque-no-ko-omote\/","title":{"rendered":"Masque N\u00f4 Ko-omote"},"content":{"rendered":"<p data-start=\"189\" data-end=\"444\">Masque en bois sculpt\u00e9 du th\u00e9\u00e2tre N\u00f4, p\u00e9riode Sh\u014dwa. Sign\u00e9 <em data-start=\"248\" data-end=\"255\">Seiun<\/em> (\u9759\u96f2). Repr\u00e9sente <em data-start=\"273\" data-end=\"283\">Ko-omote<\/em> : \u00ab Ko \u00bb signifie tendresse, jeunesse et beaut\u00e9, et \u00ab Omote \u00bb signifie visage. Le masque montre le beau visage d\u2019une jeune femme au caract\u00e8re calme et serein.<\/p>\n<p data-start=\"446\" data-end=\"799\">Les masques N\u00f4 font depuis longtemps partie int\u00e9grante des rituels religieux, des festivals et du th\u00e9\u00e2tre japonais. Ils repr\u00e9sentent des figures historiques et des esprits appel\u00e9s <em data-start=\"626\" data-end=\"632\">kami<\/em>, issus des croyances indig\u00e8nes du Japon. Traditionnellement, le masque symbolise la \u00ab possession \u00bb, transformant le porteur en <em data-start=\"760\" data-end=\"766\">kami<\/em> ou en son incarnation humaine.<\/p>\n<p data-start=\"801\" data-end=\"830\">\u00c9chelle 1:1 (env. 20 \u00d7 15 cm)<\/p>\n<p>&nbsp;<\/p>\n","protected":false},"excerpt":{"rendered":"<p>Masque en bois sculpt\u00e9 du th\u00e9\u00e2tre N\u00f4, p\u00e9riode Sh\u014dwa. Sign\u00e9 Seiun (\u9759\u96f2). Repr\u00e9sente Ko-omote : \u00ab Ko \u00bb signifie tendresse, jeunesse et beaut\u00e9, et \u00ab Omote \u00bb signifie visage. Le masque montre le beau visage d\u2019une jeune femme au caract\u00e8re calme et serein. Les masques N\u00f4 font depuis longtemps partie [&hellip;]<\/p>\n","protected":false},"featured_media":38815,"template":"","meta":{"jetpack_post_was_ever_published":false},"product_brand":[],"product_cat":[550],"product_tag":[482,674,483],"class_list":{"0":"post-12574","1":"product","2":"type-product","3":"status-publish","4":"has-post-thumbnail","6":"product_cat-noh-masks","7":"product_tag-masque-no","8":"product_tag-masque-no-en-bois","9":"product_tag-theatre-no","10":"product_shipping_class-light","12":"first","13":"instock","14":"featured","15":"shipping-taxable","16":"purchasable","17":"product-type-simple"},"yoast_head":"<!-- This site is optimized with the Yoast SEO plugin v27.4 - https:\/\/yoast.com\/product\/yoast-seo-wordpress\/ -->\n<title>Masque N\u00f4 Ko-omote - Supein Nihonto<\/title>\n<meta name=\"description\" content=\"Masque en bois sculpt\u00e9 du th\u00e9\u00e2tre N\u00f4, p\u00e9riode Sh\u014dwa. Sign\u00e9 Seiun (\u9759\u96f2). Repr\u00e9sente Ko-omote : \u00ab Ko \u00bb signifie tendresse, jeunesse et beaut\u00e9, et \u00ab Omote \u00bb signifie visage. Le masque montre le beau visage d\u2019une jeune femme au caract\u00e8re calme et serein.\" \/>\n<meta name=\"robots\" content=\"index, follow, max-snippet:-1, max-image-preview:large, max-video-preview:-1\" \/>\n<link rel=\"canonical\" href=\"https:\/\/www.supeinnihonto.com\/fr\/produit\/masque-no-ko-omote\/\" \/>\n<meta property=\"og:locale\" content=\"fr_FR\" \/>\n<meta property=\"og:type\" content=\"article\" \/>\n<meta property=\"og:title\" content=\"Masque N\u00f4 Ko-omote - Supein Nihonto\" \/>\n<meta property=\"og:description\" content=\"Masque en bois sculpt\u00e9 du th\u00e9\u00e2tre N\u00f4, p\u00e9riode Sh\u014dwa. Sign\u00e9 Seiun (\u9759\u96f2). Repr\u00e9sente Ko-omote : \u00ab Ko \u00bb signifie tendresse, jeunesse et beaut\u00e9, et \u00ab Omote \u00bb signifie visage. Le masque montre le beau visage d\u2019une jeune femme au caract\u00e8re calme et serein.\" \/>\n<meta property=\"og:url\" content=\"https:\/\/www.supeinnihonto.com\/fr\/produit\/masque-no-ko-omote\/\" \/>\n<meta property=\"og:site_name\" content=\"Supein Nihonto\" \/>\n<meta property=\"article:modified_time\" content=\"2025-12-21T21:42:29+00:00\" \/>\n<meta property=\"og:image\" content=\"https:\/\/www.supeinnihonto.com\/wp-content\/uploads\/2024\/11\/GEO9348.webp\" \/>\n\t<meta property=\"og:image:width\" content=\"2048\" \/>\n\t<meta property=\"og:image:height\" content=\"1592\" \/>\n\t<meta property=\"og:image:type\" content=\"image\/webp\" \/>\n<meta name=\"twitter:card\" content=\"summary_large_image\" \/>\n<meta name=\"twitter:label1\" content=\"Dur\u00e9e de lecture estim\u00e9e\" \/>\n\t<meta name=\"twitter:data1\" content=\"1 minute\" \/>\n<script type=\"application\/ld+json\" class=\"yoast-schema-graph\">{\"@context\":\"https:\\\/\\\/schema.org\",\"@graph\":[{\"@type\":\"WebPage\",\"@id\":\"https:\\\/\\\/www.supeinnihonto.com\\\/fr\\\/produit\\\/masque-no-ko-omote\\\/\",\"url\":\"https:\\\/\\\/www.supeinnihonto.com\\\/fr\\\/produit\\\/masque-no-ko-omote\\\/\",\"name\":\"Masque N\u00f4 Ko-omote - Supein Nihonto\",\"isPartOf\":{\"@id\":\"https:\\\/\\\/www.supeinnihonto.com\\\/fr\\\/#website\"},\"primaryImageOfPage\":{\"@id\":\"https:\\\/\\\/www.supeinnihonto.com\\\/fr\\\/produit\\\/masque-no-ko-omote\\\/#primaryimage\"},\"image\":{\"@id\":\"https:\\\/\\\/www.supeinnihonto.com\\\/fr\\\/produit\\\/masque-no-ko-omote\\\/#primaryimage\"},\"thumbnailUrl\":\"https:\\\/\\\/i0.wp.com\\\/www.supeinnihonto.com\\\/wp-content\\\/uploads\\\/2024\\\/11\\\/GEO9348.webp?fit=2048%2C1592&ssl=1\",\"datePublished\":\"2024-11-07T07:54:09+00:00\",\"dateModified\":\"2025-12-21T21:42:29+00:00\",\"description\":\"Masque en bois sculpt\u00e9 du th\u00e9\u00e2tre N\u00f4, p\u00e9riode Sh\u014dwa. Sign\u00e9 Seiun (\u9759\u96f2). Repr\u00e9sente Ko-omote : \u00ab Ko \u00bb signifie tendresse, jeunesse et beaut\u00e9, et \u00ab Omote \u00bb signifie visage. Le masque montre le beau visage d\u2019une jeune femme au caract\u00e8re calme et serein.\",\"breadcrumb\":{\"@id\":\"https:\\\/\\\/www.supeinnihonto.com\\\/fr\\\/produit\\\/masque-no-ko-omote\\\/#breadcrumb\"},\"inLanguage\":\"fr-FR\",\"potentialAction\":[{\"@type\":\"ReadAction\",\"target\":[\"https:\\\/\\\/www.supeinnihonto.com\\\/fr\\\/produit\\\/masque-no-ko-omote\\\/\"]}]},{\"@type\":\"ImageObject\",\"inLanguage\":\"fr-FR\",\"@id\":\"https:\\\/\\\/www.supeinnihonto.com\\\/fr\\\/produit\\\/masque-no-ko-omote\\\/#primaryimage\",\"url\":\"https:\\\/\\\/i0.wp.com\\\/www.supeinnihonto.com\\\/wp-content\\\/uploads\\\/2024\\\/11\\\/GEO9348.webp?fit=2048%2C1592&ssl=1\",\"contentUrl\":\"https:\\\/\\\/i0.wp.com\\\/www.supeinnihonto.com\\\/wp-content\\\/uploads\\\/2024\\\/11\\\/GEO9348.webp?fit=2048%2C1592&ssl=1\",\"width\":2048,\"height\":1592,\"caption\":\"Carved wooden mask from the Noh theatre, Showa period. Signed Seiun \u9759\u96f2. Representing Ko omote, \u2018Ko\u2019 means tenderness, youth and beauty. \u2018Omote\u2019 means face. The mask shows the beautiful face of a young woman whose nature is calm and serene.\"},{\"@type\":\"BreadcrumbList\",\"@id\":\"https:\\\/\\\/www.supeinnihonto.com\\\/fr\\\/produit\\\/masque-no-ko-omote\\\/#breadcrumb\",\"itemListElement\":[{\"@type\":\"ListItem\",\"position\":1,\"name\":\"Portada\",\"item\":\"https:\\\/\\\/www.supeinnihonto.com\\\/fr\\\/\"},{\"@type\":\"ListItem\",\"position\":2,\"name\":\"Shop\",\"item\":\"https:\\\/\\\/www.supeinnihonto.com\\\/fr\\\/shop\\\/\"},{\"@type\":\"ListItem\",\"position\":3,\"name\":\"Masque N\u00f4 Ko-omote\"}]},{\"@type\":\"WebSite\",\"@id\":\"https:\\\/\\\/www.supeinnihonto.com\\\/fr\\\/#website\",\"url\":\"https:\\\/\\\/www.supeinnihonto.com\\\/fr\\\/\",\"name\":\"Supein Nihonto\",\"description\":\"Authentic japanese Nihonto katana \",\"publisher\":{\"@id\":\"https:\\\/\\\/www.supeinnihonto.com\\\/fr\\\/#organization\"},\"potentialAction\":[{\"@type\":\"SearchAction\",\"target\":{\"@type\":\"EntryPoint\",\"urlTemplate\":\"https:\\\/\\\/www.supeinnihonto.com\\\/fr\\\/?s={search_term_string}\"},\"query-input\":{\"@type\":\"PropertyValueSpecification\",\"valueRequired\":true,\"valueName\":\"search_term_string\"}}],\"inLanguage\":\"fr-FR\"},{\"@type\":\"Organization\",\"@id\":\"https:\\\/\\\/www.supeinnihonto.com\\\/fr\\\/#organization\",\"name\":\"SupeinNihonto\",\"url\":\"https:\\\/\\\/www.supeinnihonto.com\\\/fr\\\/\",\"logo\":{\"@type\":\"ImageObject\",\"inLanguage\":\"fr-FR\",\"@id\":\"https:\\\/\\\/www.supeinnihonto.com\\\/fr\\\/#\\\/schema\\\/logo\\\/image\\\/\",\"url\":\"https:\\\/\\\/www.supeinnihonto.com\\\/wp-content\\\/uploads\\\/2021\\\/11\\\/animation_Default_3szk0jcenoloop.gif\",\"contentUrl\":\"https:\\\/\\\/www.supeinnihonto.com\\\/wp-content\\\/uploads\\\/2021\\\/11\\\/animation_Default_3szk0jcenoloop.gif\",\"width\":750,\"height\":641,\"caption\":\"SupeinNihonto\"},\"image\":{\"@id\":\"https:\\\/\\\/www.supeinnihonto.com\\\/fr\\\/#\\\/schema\\\/logo\\\/image\\\/\"}}]}<\/script>\n<!-- \/ Yoast SEO plugin. -->","yoast_head_json":{"title":"Masque N\u00f4 Ko-omote - Supein Nihonto","description":"Masque en bois sculpt\u00e9 du th\u00e9\u00e2tre N\u00f4, p\u00e9riode Sh\u014dwa. Sign\u00e9 Seiun (\u9759\u96f2). Repr\u00e9sente Ko-omote : \u00ab Ko \u00bb signifie tendresse, jeunesse et beaut\u00e9, et \u00ab Omote \u00bb signifie visage. Le masque montre le beau visage d\u2019une jeune femme au caract\u00e8re calme et serein.","robots":{"index":"index","follow":"follow","max-snippet":"max-snippet:-1","max-image-preview":"max-image-preview:large","max-video-preview":"max-video-preview:-1"},"canonical":"https:\/\/www.supeinnihonto.com\/fr\/produit\/masque-no-ko-omote\/","og_locale":"fr_FR","og_type":"article","og_title":"Masque N\u00f4 Ko-omote - Supein Nihonto","og_description":"Masque en bois sculpt\u00e9 du th\u00e9\u00e2tre N\u00f4, p\u00e9riode Sh\u014dwa. Sign\u00e9 Seiun (\u9759\u96f2). Repr\u00e9sente Ko-omote : \u00ab Ko \u00bb signifie tendresse, jeunesse et beaut\u00e9, et \u00ab Omote \u00bb signifie visage. Le masque montre le beau visage d\u2019une jeune femme au caract\u00e8re calme et serein.","og_url":"https:\/\/www.supeinnihonto.com\/fr\/produit\/masque-no-ko-omote\/","og_site_name":"Supein Nihonto","article_modified_time":"2025-12-21T21:42:29+00:00","og_image":[{"width":2048,"height":1592,"url":"https:\/\/www.supeinnihonto.com\/wp-content\/uploads\/2024\/11\/GEO9348.webp","type":"image\/webp"}],"twitter_card":"summary_large_image","twitter_misc":{"Dur\u00e9e de lecture estim\u00e9e":"1 minute"},"schema":{"@context":"https:\/\/schema.org","@graph":[{"@type":"WebPage","@id":"https:\/\/www.supeinnihonto.com\/fr\/produit\/masque-no-ko-omote\/","url":"https:\/\/www.supeinnihonto.com\/fr\/produit\/masque-no-ko-omote\/","name":"Masque N\u00f4 Ko-omote - Supein Nihonto","isPartOf":{"@id":"https:\/\/www.supeinnihonto.com\/fr\/#website"},"primaryImageOfPage":{"@id":"https:\/\/www.supeinnihonto.com\/fr\/produit\/masque-no-ko-omote\/#primaryimage"},"image":{"@id":"https:\/\/www.supeinnihonto.com\/fr\/produit\/masque-no-ko-omote\/#primaryimage"},"thumbnailUrl":"https:\/\/i0.wp.com\/www.supeinnihonto.com\/wp-content\/uploads\/2024\/11\/GEO9348.webp?fit=2048%2C1592&ssl=1","datePublished":"2024-11-07T07:54:09+00:00","dateModified":"2025-12-21T21:42:29+00:00","description":"Masque en bois sculpt\u00e9 du th\u00e9\u00e2tre N\u00f4, p\u00e9riode Sh\u014dwa. Sign\u00e9 Seiun (\u9759\u96f2). Repr\u00e9sente Ko-omote : \u00ab Ko \u00bb signifie tendresse, jeunesse et beaut\u00e9, et \u00ab Omote \u00bb signifie visage. Le masque montre le beau visage d\u2019une jeune femme au caract\u00e8re calme et serein.","breadcrumb":{"@id":"https:\/\/www.supeinnihonto.com\/fr\/produit\/masque-no-ko-omote\/#breadcrumb"},"inLanguage":"fr-FR","potentialAction":[{"@type":"ReadAction","target":["https:\/\/www.supeinnihonto.com\/fr\/produit\/masque-no-ko-omote\/"]}]},{"@type":"ImageObject","inLanguage":"fr-FR","@id":"https:\/\/www.supeinnihonto.com\/fr\/produit\/masque-no-ko-omote\/#primaryimage","url":"https:\/\/i0.wp.com\/www.supeinnihonto.com\/wp-content\/uploads\/2024\/11\/GEO9348.webp?fit=2048%2C1592&ssl=1","contentUrl":"https:\/\/i0.wp.com\/www.supeinnihonto.com\/wp-content\/uploads\/2024\/11\/GEO9348.webp?fit=2048%2C1592&ssl=1","width":2048,"height":1592,"caption":"Carved wooden mask from the Noh theatre, Showa period. Signed Seiun \u9759\u96f2. Representing Ko omote, \u2018Ko\u2019 means tenderness, youth and beauty. \u2018Omote\u2019 means face. The mask shows the beautiful face of a young woman whose nature is calm and serene."},{"@type":"BreadcrumbList","@id":"https:\/\/www.supeinnihonto.com\/fr\/produit\/masque-no-ko-omote\/#breadcrumb","itemListElement":[{"@type":"ListItem","position":1,"name":"Portada","item":"https:\/\/www.supeinnihonto.com\/fr\/"},{"@type":"ListItem","position":2,"name":"Shop","item":"https:\/\/www.supeinnihonto.com\/fr\/shop\/"},{"@type":"ListItem","position":3,"name":"Masque N\u00f4 Ko-omote"}]},{"@type":"WebSite","@id":"https:\/\/www.supeinnihonto.com\/fr\/#website","url":"https:\/\/www.supeinnihonto.com\/fr\/","name":"Supein Nihonto","description":"Authentic japanese Nihonto katana ","publisher":{"@id":"https:\/\/www.supeinnihonto.com\/fr\/#organization"},"potentialAction":[{"@type":"SearchAction","target":{"@type":"EntryPoint","urlTemplate":"https:\/\/www.supeinnihonto.com\/fr\/?s={search_term_string}"},"query-input":{"@type":"PropertyValueSpecification","valueRequired":true,"valueName":"search_term_string"}}],"inLanguage":"fr-FR"},{"@type":"Organization","@id":"https:\/\/www.supeinnihonto.com\/fr\/#organization","name":"SupeinNihonto","url":"https:\/\/www.supeinnihonto.com\/fr\/","logo":{"@type":"ImageObject","inLanguage":"fr-FR","@id":"https:\/\/www.supeinnihonto.com\/fr\/#\/schema\/logo\/image\/","url":"https:\/\/www.supeinnihonto.com\/wp-content\/uploads\/2021\/11\/animation_Default_3szk0jcenoloop.gif","contentUrl":"https:\/\/www.supeinnihonto.com\/wp-content\/uploads\/2021\/11\/animation_Default_3szk0jcenoloop.gif","width":750,"height":641,"caption":"SupeinNihonto"},"image":{"@id":"https:\/\/www.supeinnihonto.com\/fr\/#\/schema\/logo\/image\/"}}]}},"jetpack-related-posts":[{"id":12758,"url":"https:\/\/www.supeinnihonto.com\/fr\/produit\/masque-no-oto\/","url_meta":{"origin":12574,"position":0},"title":"Masque N\u00f4 Oto","author":"Eric Majo","date":"7 de novembre de 2024","format":false,"excerpt":"Masque en bois sculpt\u00e9 du th\u00e9\u00e2tre N\u00f4, p\u00e9riode Sh\u014dwa. Sign\u00e9 Seiun (\u9759\u96f2). Repr\u00e9sente Oto, un masque f\u00e9minin. Exag\u00e9r\u00e9ment joufflue et dot\u00e9e de fossettes marqu\u00e9es, elle constitue une parodie populaire et de rang inf\u00e9rieur du masque raffin\u00e9 Ko-omote dans le th\u00e9\u00e2tre N\u00f4. Les masques N\u00f4 font depuis longtemps partie int\u00e9grante des\u2026","rel":"","context":"Article similaire","block_context":{"text":"Article similaire","link":""},"img":{"alt_text":"oto noh mask","src":"https:\/\/i0.wp.com\/www.supeinnihonto.com\/wp-content\/uploads\/2024\/11\/GEO9333.jpg?fit=1200%2C921&ssl=1&resize=350%2C200","width":350,"height":200,"srcset":"https:\/\/i0.wp.com\/www.supeinnihonto.com\/wp-content\/uploads\/2024\/11\/GEO9333.jpg?fit=1200%2C921&ssl=1&resize=350%2C200 1x, https:\/\/i0.wp.com\/www.supeinnihonto.com\/wp-content\/uploads\/2024\/11\/GEO9333.jpg?fit=1200%2C921&ssl=1&resize=525%2C300 1.5x, https:\/\/i0.wp.com\/www.supeinnihonto.com\/wp-content\/uploads\/2024\/11\/GEO9333.jpg?fit=1200%2C921&ssl=1&resize=700%2C400 2x, https:\/\/i0.wp.com\/www.supeinnihonto.com\/wp-content\/uploads\/2024\/11\/GEO9333.jpg?fit=1200%2C921&ssl=1&resize=1050%2C600 3x"},"classes":[]},{"id":12530,"url":"https:\/\/www.supeinnihonto.com\/fr\/produit\/masque-no-beshimi-akujo\/","url_meta":{"origin":12574,"position":1},"title":"Masque N\u00f4 Beshimi Akujo.","author":"Eric Majo","date":"7 de novembre de 2024","format":false,"excerpt":"Masque en bois sculpt\u00e9 du th\u00e9\u00e2tre N\u00f4, sign\u00e9 Seiun (\u9759\u96f2), p\u00e9riode Sh\u014dwa. Sculpture de grande qualit\u00e9. En g\u00e9n\u00e9ral, \u00ab Aku \u00bb signifie vice ou mal, mais dans ce cas pr\u00e9cis, il \u00e9voque une f\u00e9rocit\u00e9 redoutable. Le masque Beshimi Akujo est donc compris comme le visage d\u2019une divinit\u00e9 \u00e2g\u00e9e et terrifiante.\u2026","rel":"","context":"Article similaire","block_context":{"text":"Article similaire","link":""},"img":{"alt_text":"Noh mask Beshimi Akujo","src":"https:\/\/i0.wp.com\/www.supeinnihonto.com\/wp-content\/uploads\/2024\/11\/GEO6018.webp?fit=1200%2C1096&ssl=1&resize=350%2C200","width":350,"height":200,"srcset":"https:\/\/i0.wp.com\/www.supeinnihonto.com\/wp-content\/uploads\/2024\/11\/GEO6018.webp?fit=1200%2C1096&ssl=1&resize=350%2C200 1x, https:\/\/i0.wp.com\/www.supeinnihonto.com\/wp-content\/uploads\/2024\/11\/GEO6018.webp?fit=1200%2C1096&ssl=1&resize=525%2C300 1.5x, https:\/\/i0.wp.com\/www.supeinnihonto.com\/wp-content\/uploads\/2024\/11\/GEO6018.webp?fit=1200%2C1096&ssl=1&resize=700%2C400 2x, https:\/\/i0.wp.com\/www.supeinnihonto.com\/wp-content\/uploads\/2024\/11\/GEO6018.webp?fit=1200%2C1096&ssl=1&resize=1050%2C600 3x"},"classes":[]},{"id":12514,"url":"https:\/\/www.supeinnihonto.com\/fr\/produit\/noh-mask-yase-otoko\/","url_meta":{"origin":12574,"position":2},"title":"Noh mask yase otoko","author":"Eric Majo","date":"7 de novembre de 2024","format":false,"excerpt":"Masque en bois sculpt\u00e9 du th\u00e9\u00e2tre N\u00f4, sign\u00e9 Tomowo Arita, p\u00e9riode Sh\u014dwa. Ce masque de N\u00f4 repr\u00e9sente un esprit souffrant en enfer. Le visage \u00e9maci\u00e9 d\u2019un p\u00e9cheur mis\u00e9rable est exprim\u00e9 de mani\u00e8re saisissante par les joues creuses et les yeux profond\u00e9ment enfonc\u00e9s. Belle patine, sculpture et traces du temps. Les\u2026","rel":"","context":"Article similaire","block_context":{"text":"Article similaire","link":""},"img":{"alt_text":"Masque en bois sculpt\u00e9 du th\u00e9\u00e2tre N\u00f4, sign\u00e9 Tomowo Arita, p\u00e9riode Sh\u014dwa. Ce masque de N\u00f4 repr\u00e9sente un esprit souffrant en enfer. Le visage \u00e9maci\u00e9 d\u2019un p\u00e9cheur mis\u00e9rable est exprim\u00e9 de mani\u00e8re saisissante par les joues creuses et les yeux profond\u00e9ment enfonc\u00e9s. Belle patine, excellente sculpture et traces du temps.","src":"https:\/\/i0.wp.com\/www.supeinnihonto.com\/wp-content\/uploads\/2024\/11\/GEO7969.webp?fit=1200%2C799&ssl=1&resize=350%2C200","width":350,"height":200,"srcset":"https:\/\/i0.wp.com\/www.supeinnihonto.com\/wp-content\/uploads\/2024\/11\/GEO7969.webp?fit=1200%2C799&ssl=1&resize=350%2C200 1x, https:\/\/i0.wp.com\/www.supeinnihonto.com\/wp-content\/uploads\/2024\/11\/GEO7969.webp?fit=1200%2C799&ssl=1&resize=525%2C300 1.5x, https:\/\/i0.wp.com\/www.supeinnihonto.com\/wp-content\/uploads\/2024\/11\/GEO7969.webp?fit=1200%2C799&ssl=1&resize=700%2C400 2x, https:\/\/i0.wp.com\/www.supeinnihonto.com\/wp-content\/uploads\/2024\/11\/GEO7969.webp?fit=1200%2C799&ssl=1&resize=1050%2C600 3x"},"classes":[]},{"id":12538,"url":"https:\/\/www.supeinnihonto.com\/fr\/produit\/masque-no-deikuro\/","url_meta":{"origin":12574,"position":3},"title":"Masque N\u00f4 Deikur\u014d","author":"Eric Majo","date":"7 de novembre de 2024","format":false,"excerpt":"Masque en bois sculpt\u00e9 du th\u00e9\u00e2tre N\u00f4, sign\u00e9 Seiun (\u9759\u96f2), p\u00e9riode Sh\u014dwa. Sculpture de grande qualit\u00e9. Repr\u00e9sente Deikur\u014d, un d\u00e9mon mythologique (oni). Les masques N\u00f4 font depuis longtemps partie int\u00e9grante des rituels religieux, des festivals et du th\u00e9\u00e2tre japonais. Ils repr\u00e9sentent des figures historiques et des esprits appel\u00e9s kami, issus\u2026","rel":"","context":"Article similaire","block_context":{"text":"Article similaire","link":""},"img":{"alt_text":"Noh mask Deikuro","src":"https:\/\/i0.wp.com\/www.supeinnihonto.com\/wp-content\/uploads\/2024\/11\/GEO5972.webp?fit=1200%2C1147&ssl=1&resize=350%2C200","width":350,"height":200,"srcset":"https:\/\/i0.wp.com\/www.supeinnihonto.com\/wp-content\/uploads\/2024\/11\/GEO5972.webp?fit=1200%2C1147&ssl=1&resize=350%2C200 1x, https:\/\/i0.wp.com\/www.supeinnihonto.com\/wp-content\/uploads\/2024\/11\/GEO5972.webp?fit=1200%2C1147&ssl=1&resize=525%2C300 1.5x, https:\/\/i0.wp.com\/www.supeinnihonto.com\/wp-content\/uploads\/2024\/11\/GEO5972.webp?fit=1200%2C1147&ssl=1&resize=700%2C400 2x, https:\/\/i0.wp.com\/www.supeinnihonto.com\/wp-content\/uploads\/2024\/11\/GEO5972.webp?fit=1200%2C1147&ssl=1&resize=1050%2C600 3x"},"classes":[]},{"id":12774,"url":"https:\/\/www.supeinnihonto.com\/fr\/produit\/masque-no-yaseonna\/","url_meta":{"origin":12574,"position":4},"title":"Masque N\u00f4 Yaseonna","author":"Eric Majo","date":"7 de novembre de 2024","format":false,"excerpt":"Masque en bois sculpt\u00e9 du th\u00e9\u00e2tre N\u00f4, p\u00e9riode Sh\u014dwa. Sign\u00e9 Seiun (\u9759\u96f2). Repr\u00e9sente l\u2019esprit souffrant d\u2019une femme morte des tourments d\u2019une relation amoureuse. Les masques N\u00f4 font depuis longtemps partie int\u00e9grante des rituels religieux, des festivals et du th\u00e9\u00e2tre japonais. Ils repr\u00e9sentent des figures historiques et des esprits appel\u00e9s kami,\u2026","rel":"","context":"Article similaire","block_context":{"text":"Article similaire","link":""},"img":{"alt_text":"Noh mask Yaseonna","src":"https:\/\/i0.wp.com\/www.supeinnihonto.com\/wp-content\/uploads\/2024\/11\/GEO9306.webp?fit=1200%2C1107&ssl=1&resize=350%2C200","width":350,"height":200,"srcset":"https:\/\/i0.wp.com\/www.supeinnihonto.com\/wp-content\/uploads\/2024\/11\/GEO9306.webp?fit=1200%2C1107&ssl=1&resize=350%2C200 1x, https:\/\/i0.wp.com\/www.supeinnihonto.com\/wp-content\/uploads\/2024\/11\/GEO9306.webp?fit=1200%2C1107&ssl=1&resize=525%2C300 1.5x, https:\/\/i0.wp.com\/www.supeinnihonto.com\/wp-content\/uploads\/2024\/11\/GEO9306.webp?fit=1200%2C1107&ssl=1&resize=700%2C400 2x, https:\/\/i0.wp.com\/www.supeinnihonto.com\/wp-content\/uploads\/2024\/11\/GEO9306.webp?fit=1200%2C1107&ssl=1&resize=1050%2C600 3x"},"classes":[]},{"id":12766,"url":"https:\/\/www.supeinnihonto.com\/fr\/produit\/masque-no-yoroboshi\/","url_meta":{"origin":12574,"position":5},"title":"Masque N\u00f4 Yoroboshi","author":"Eric Majo","date":"7 de novembre de 2024","format":false,"excerpt":"Masque en bois sculpt\u00e9 du th\u00e9\u00e2tre N\u00f4, p\u00e9riode Sh\u014dwa. Sign\u00e9 Seiun (\u9759\u96f2). Repr\u00e9sente Yoroboshi, un moine aveugle. Les masques N\u00f4 font depuis longtemps partie int\u00e9grante des rituels religieux, des festivals et du th\u00e9\u00e2tre japonais. Ils repr\u00e9sentent des figures historiques et des esprits appel\u00e9s kami, issus des croyances indig\u00e8nes du Japon.\u2026","rel":"","context":"Article similaire","block_context":{"text":"Article similaire","link":""},"img":{"alt_text":"noh mask Yoroboshi","src":"https:\/\/i0.wp.com\/www.supeinnihonto.com\/wp-content\/uploads\/2024\/11\/GEO9320.jpg?fit=1200%2C799&ssl=1&resize=350%2C200","width":350,"height":200,"srcset":"https:\/\/i0.wp.com\/www.supeinnihonto.com\/wp-content\/uploads\/2024\/11\/GEO9320.jpg?fit=1200%2C799&ssl=1&resize=350%2C200 1x, https:\/\/i0.wp.com\/www.supeinnihonto.com\/wp-content\/uploads\/2024\/11\/GEO9320.jpg?fit=1200%2C799&ssl=1&resize=525%2C300 1.5x, https:\/\/i0.wp.com\/www.supeinnihonto.com\/wp-content\/uploads\/2024\/11\/GEO9320.jpg?fit=1200%2C799&ssl=1&resize=700%2C400 2x, https:\/\/i0.wp.com\/www.supeinnihonto.com\/wp-content\/uploads\/2024\/11\/GEO9320.jpg?fit=1200%2C799&ssl=1&resize=1050%2C600 3x"},"classes":[]}],"jetpack_sharing_enabled":true,"_links":{"self":[{"href":"https:\/\/www.supeinnihonto.com\/fr\/wp-json\/wp\/v2\/product\/12574","targetHints":{"allow":["GET"]}}],"collection":[{"href":"https:\/\/www.supeinnihonto.com\/fr\/wp-json\/wp\/v2\/product"}],"about":[{"href":"https:\/\/www.supeinnihonto.com\/fr\/wp-json\/wp\/v2\/types\/product"}],"wp:featuredmedia":[{"embeddable":true,"href":"https:\/\/www.supeinnihonto.com\/fr\/wp-json\/wp\/v2\/media\/38815"}],"wp:attachment":[{"href":"https:\/\/www.supeinnihonto.com\/fr\/wp-json\/wp\/v2\/media?parent=12574"}],"wp:term":[{"taxonomy":"product_brand","embeddable":true,"href":"https:\/\/www.supeinnihonto.com\/fr\/wp-json\/wp\/v2\/product_brand?post=12574"},{"taxonomy":"product_cat","embeddable":true,"href":"https:\/\/www.supeinnihonto.com\/fr\/wp-json\/wp\/v2\/product_cat?post=12574"},{"taxonomy":"product_tag","embeddable":true,"href":"https:\/\/www.supeinnihonto.com\/fr\/wp-json\/wp\/v2\/product_tag?post=12574"}],"curies":[{"name":"wp","href":"https:\/\/api.w.org\/{rel}","templated":true}]}}