{"id":12478,"date":"2024-11-07T11:03:15","date_gmt":"2024-11-07T11:03:15","guid":{"rendered":"https:\/\/www.supeinnihonto.com\/product\/netsuke-man-on-stump-wood\/"},"modified":"2025-12-20T18:57:17","modified_gmt":"2025-12-20T18:57:17","slug":"netsuke-en-bois-representant-un-homme-assis-sur-une-souche","status":"publish","type":"product","link":"https:\/\/www.supeinnihonto.com\/fr\/produit\/netsuke-en-bois-representant-un-homme-assis-sur-une-souche\/","title":{"rendered":"Netsuke en bois repr\u00e9sentant un homme assis sur une souche"},"content":{"rendered":"<p data-start=\"104\" data-end=\"129\"><strong data-start=\"104\" data-end=\"127\">Livraison gratuite.<\/strong><\/p>\n<p data-start=\"131\" data-end=\"555\">Magnifique et tr\u00e8s d\u00e9taill\u00e9 netsuke repr\u00e9sentant un homme assis sur une souche, sign\u00e9. Incrustations d\u2019ivoire. La qualit\u00e9 de la sculpture est excellente et r\u00e9v\u00e8le de nombreux d\u00e9tails, tels que les fleurs en ivoire symbolisant le bourgeonnement de l\u2019arbre ainsi que les veines du bois, utilis\u00e9es avec finesse pour \u00e9voquer les cernes naturels du tronc. Insert annulaire en ivoire dans les himotoshi. Une pi\u00e8ce spectaculaire.<\/p>\n<p data-start=\"557\" data-end=\"573\">4,1 \u00d7 4 \u00d7 3,7 cm<\/p>\n","protected":false},"excerpt":{"rendered":"<p>Livraison gratuite. Magnifique et tr\u00e8s d\u00e9taill\u00e9 netsuke repr\u00e9sentant un homme assis sur une souche, sign\u00e9. Incrustations d\u2019ivoire. La qualit\u00e9 de la sculpture est excellente et r\u00e9v\u00e8le de nombreux d\u00e9tails, tels que les fleurs en ivoire symbolisant le bourgeonnement de l\u2019arbre ainsi que les veines du bois, utilis\u00e9es avec finesse pour [&hellip;]<\/p>\n","protected":false},"featured_media":12479,"template":"","meta":{"jetpack_post_was_ever_published":false},"product_brand":[],"product_cat":[545],"product_tag":[673,653,655],"class_list":{"0":"post-12478","1":"product","2":"type-product","3":"status-publish","4":"has-post-thumbnail","6":"product_cat-netsuke","7":"product_tag-bois","8":"product_tag-netsuke","9":"product_tag-okimono","10":"product_shipping_class-light","12":"first","13":"instock","14":"featured","15":"sold-individually","16":"shipping-taxable","17":"purchasable","18":"product-type-simple"},"yoast_head":"<!-- This site is optimized with the Yoast SEO plugin v27.4 - https:\/\/yoast.com\/product\/yoast-seo-wordpress\/ -->\n<title>Netsuke en bois repr\u00e9sentant un homme assis sur une souche - Supein Nihonto<\/title>\n<meta name=\"description\" content=\"Magnifique netsuke tr\u00e8s d\u00e9taill\u00e9 repr\u00e9sentant un homme sur une souche, sign\u00e9. Incrustations d\u2019ivoire. La qualit\u00e9 de la sculpture est excellente et r\u00e9v\u00e8le de nombreux d\u00e9tails.\" \/>\n<meta name=\"robots\" content=\"index, follow, max-snippet:-1, max-image-preview:large, max-video-preview:-1\" \/>\n<link rel=\"canonical\" href=\"https:\/\/www.supeinnihonto.com\/fr\/produit\/netsuke-en-bois-representant-un-homme-assis-sur-une-souche\/\" \/>\n<meta property=\"og:locale\" content=\"fr_FR\" \/>\n<meta property=\"og:type\" content=\"article\" \/>\n<meta property=\"og:title\" content=\"Netsuke en bois repr\u00e9sentant un homme assis sur une souche - Supein Nihonto\" \/>\n<meta property=\"og:description\" content=\"Magnifique netsuke tr\u00e8s d\u00e9taill\u00e9 repr\u00e9sentant un homme sur une souche, sign\u00e9. Incrustations d\u2019ivoire. La qualit\u00e9 de la sculpture est excellente et r\u00e9v\u00e8le de nombreux d\u00e9tails.\" \/>\n<meta property=\"og:url\" content=\"https:\/\/www.supeinnihonto.com\/fr\/produit\/netsuke-en-bois-representant-un-homme-assis-sur-une-souche\/\" \/>\n<meta property=\"og:site_name\" content=\"Supein Nihonto\" \/>\n<meta property=\"article:modified_time\" content=\"2025-12-20T18:57:17+00:00\" \/>\n<meta property=\"og:image\" content=\"https:\/\/www.supeinnihonto.com\/wp-content\/uploads\/2024\/11\/DSC2052-scaled.jpg\" \/>\n\t<meta property=\"og:image:width\" content=\"2560\" \/>\n\t<meta property=\"og:image:height\" content=\"1706\" \/>\n\t<meta property=\"og:image:type\" content=\"image\/jpeg\" \/>\n<meta name=\"twitter:card\" content=\"summary_large_image\" \/>\n<meta name=\"twitter:label1\" content=\"Dur\u00e9e de lecture estim\u00e9e\" \/>\n\t<meta name=\"twitter:data1\" content=\"1 minute\" \/>\n<script type=\"application\/ld+json\" class=\"yoast-schema-graph\">{\"@context\":\"https:\\\/\\\/schema.org\",\"@graph\":[{\"@type\":\"WebPage\",\"@id\":\"https:\\\/\\\/www.supeinnihonto.com\\\/fr\\\/produit\\\/netsuke-en-bois-representant-un-homme-assis-sur-une-souche\\\/\",\"url\":\"https:\\\/\\\/www.supeinnihonto.com\\\/fr\\\/produit\\\/netsuke-en-bois-representant-un-homme-assis-sur-une-souche\\\/\",\"name\":\"Netsuke en bois repr\u00e9sentant un homme assis sur une souche - Supein Nihonto\",\"isPartOf\":{\"@id\":\"https:\\\/\\\/www.supeinnihonto.com\\\/fr\\\/#website\"},\"primaryImageOfPage\":{\"@id\":\"https:\\\/\\\/www.supeinnihonto.com\\\/fr\\\/produit\\\/netsuke-en-bois-representant-un-homme-assis-sur-une-souche\\\/#primaryimage\"},\"image\":{\"@id\":\"https:\\\/\\\/www.supeinnihonto.com\\\/fr\\\/produit\\\/netsuke-en-bois-representant-un-homme-assis-sur-une-souche\\\/#primaryimage\"},\"thumbnailUrl\":\"https:\\\/\\\/i0.wp.com\\\/www.supeinnihonto.com\\\/wp-content\\\/uploads\\\/2024\\\/11\\\/DSC2052-scaled.jpg?fit=2560%2C1706&ssl=1\",\"datePublished\":\"2024-11-07T11:03:15+00:00\",\"dateModified\":\"2025-12-20T18:57:17+00:00\",\"description\":\"Magnifique netsuke tr\u00e8s d\u00e9taill\u00e9 repr\u00e9sentant un homme sur une souche, sign\u00e9. Incrustations d\u2019ivoire. La qualit\u00e9 de la sculpture est excellente et r\u00e9v\u00e8le de nombreux d\u00e9tails.\",\"breadcrumb\":{\"@id\":\"https:\\\/\\\/www.supeinnihonto.com\\\/fr\\\/produit\\\/netsuke-en-bois-representant-un-homme-assis-sur-une-souche\\\/#breadcrumb\"},\"inLanguage\":\"fr-FR\",\"potentialAction\":[{\"@type\":\"ReadAction\",\"target\":[\"https:\\\/\\\/www.supeinnihonto.com\\\/fr\\\/produit\\\/netsuke-en-bois-representant-un-homme-assis-sur-une-souche\\\/\"]}]},{\"@type\":\"ImageObject\",\"inLanguage\":\"fr-FR\",\"@id\":\"https:\\\/\\\/www.supeinnihonto.com\\\/fr\\\/produit\\\/netsuke-en-bois-representant-un-homme-assis-sur-une-souche\\\/#primaryimage\",\"url\":\"https:\\\/\\\/i0.wp.com\\\/www.supeinnihonto.com\\\/wp-content\\\/uploads\\\/2024\\\/11\\\/DSC2052-scaled.jpg?fit=2560%2C1706&ssl=1\",\"contentUrl\":\"https:\\\/\\\/i0.wp.com\\\/www.supeinnihonto.com\\\/wp-content\\\/uploads\\\/2024\\\/11\\\/DSC2052-scaled.jpg?fit=2560%2C1706&ssl=1\",\"width\":2560,\"height\":1706,\"caption\":\"Netsuke man on stump wood\"},{\"@type\":\"BreadcrumbList\",\"@id\":\"https:\\\/\\\/www.supeinnihonto.com\\\/fr\\\/produit\\\/netsuke-en-bois-representant-un-homme-assis-sur-une-souche\\\/#breadcrumb\",\"itemListElement\":[{\"@type\":\"ListItem\",\"position\":1,\"name\":\"Portada\",\"item\":\"https:\\\/\\\/www.supeinnihonto.com\\\/fr\\\/\"},{\"@type\":\"ListItem\",\"position\":2,\"name\":\"Shop\",\"item\":\"https:\\\/\\\/www.supeinnihonto.com\\\/fr\\\/shop\\\/\"},{\"@type\":\"ListItem\",\"position\":3,\"name\":\"Netsuke en bois repr\u00e9sentant un homme assis sur une souche\"}]},{\"@type\":\"WebSite\",\"@id\":\"https:\\\/\\\/www.supeinnihonto.com\\\/fr\\\/#website\",\"url\":\"https:\\\/\\\/www.supeinnihonto.com\\\/fr\\\/\",\"name\":\"Supein Nihonto\",\"description\":\"Authentic japanese Nihonto katana \",\"publisher\":{\"@id\":\"https:\\\/\\\/www.supeinnihonto.com\\\/fr\\\/#organization\"},\"potentialAction\":[{\"@type\":\"SearchAction\",\"target\":{\"@type\":\"EntryPoint\",\"urlTemplate\":\"https:\\\/\\\/www.supeinnihonto.com\\\/fr\\\/?s={search_term_string}\"},\"query-input\":{\"@type\":\"PropertyValueSpecification\",\"valueRequired\":true,\"valueName\":\"search_term_string\"}}],\"inLanguage\":\"fr-FR\"},{\"@type\":\"Organization\",\"@id\":\"https:\\\/\\\/www.supeinnihonto.com\\\/fr\\\/#organization\",\"name\":\"SupeinNihonto\",\"url\":\"https:\\\/\\\/www.supeinnihonto.com\\\/fr\\\/\",\"logo\":{\"@type\":\"ImageObject\",\"inLanguage\":\"fr-FR\",\"@id\":\"https:\\\/\\\/www.supeinnihonto.com\\\/fr\\\/#\\\/schema\\\/logo\\\/image\\\/\",\"url\":\"https:\\\/\\\/www.supeinnihonto.com\\\/wp-content\\\/uploads\\\/2021\\\/11\\\/animation_Default_3szk0jcenoloop.gif\",\"contentUrl\":\"https:\\\/\\\/www.supeinnihonto.com\\\/wp-content\\\/uploads\\\/2021\\\/11\\\/animation_Default_3szk0jcenoloop.gif\",\"width\":750,\"height\":641,\"caption\":\"SupeinNihonto\"},\"image\":{\"@id\":\"https:\\\/\\\/www.supeinnihonto.com\\\/fr\\\/#\\\/schema\\\/logo\\\/image\\\/\"}}]}<\/script>\n<!-- \/ Yoast SEO plugin. -->","yoast_head_json":{"title":"Netsuke en bois repr\u00e9sentant un homme assis sur une souche - Supein Nihonto","description":"Magnifique netsuke tr\u00e8s d\u00e9taill\u00e9 repr\u00e9sentant un homme sur une souche, sign\u00e9. Incrustations d\u2019ivoire. La qualit\u00e9 de la sculpture est excellente et r\u00e9v\u00e8le de nombreux d\u00e9tails.","robots":{"index":"index","follow":"follow","max-snippet":"max-snippet:-1","max-image-preview":"max-image-preview:large","max-video-preview":"max-video-preview:-1"},"canonical":"https:\/\/www.supeinnihonto.com\/fr\/produit\/netsuke-en-bois-representant-un-homme-assis-sur-une-souche\/","og_locale":"fr_FR","og_type":"article","og_title":"Netsuke en bois repr\u00e9sentant un homme assis sur une souche - Supein Nihonto","og_description":"Magnifique netsuke tr\u00e8s d\u00e9taill\u00e9 repr\u00e9sentant un homme sur une souche, sign\u00e9. Incrustations d\u2019ivoire. La qualit\u00e9 de la sculpture est excellente et r\u00e9v\u00e8le de nombreux d\u00e9tails.","og_url":"https:\/\/www.supeinnihonto.com\/fr\/produit\/netsuke-en-bois-representant-un-homme-assis-sur-une-souche\/","og_site_name":"Supein Nihonto","article_modified_time":"2025-12-20T18:57:17+00:00","og_image":[{"width":2560,"height":1706,"url":"https:\/\/www.supeinnihonto.com\/wp-content\/uploads\/2024\/11\/DSC2052-scaled.jpg","type":"image\/jpeg"}],"twitter_card":"summary_large_image","twitter_misc":{"Dur\u00e9e de lecture estim\u00e9e":"1 minute"},"schema":{"@context":"https:\/\/schema.org","@graph":[{"@type":"WebPage","@id":"https:\/\/www.supeinnihonto.com\/fr\/produit\/netsuke-en-bois-representant-un-homme-assis-sur-une-souche\/","url":"https:\/\/www.supeinnihonto.com\/fr\/produit\/netsuke-en-bois-representant-un-homme-assis-sur-une-souche\/","name":"Netsuke en bois repr\u00e9sentant un homme assis sur une souche - Supein Nihonto","isPartOf":{"@id":"https:\/\/www.supeinnihonto.com\/fr\/#website"},"primaryImageOfPage":{"@id":"https:\/\/www.supeinnihonto.com\/fr\/produit\/netsuke-en-bois-representant-un-homme-assis-sur-une-souche\/#primaryimage"},"image":{"@id":"https:\/\/www.supeinnihonto.com\/fr\/produit\/netsuke-en-bois-representant-un-homme-assis-sur-une-souche\/#primaryimage"},"thumbnailUrl":"https:\/\/i0.wp.com\/www.supeinnihonto.com\/wp-content\/uploads\/2024\/11\/DSC2052-scaled.jpg?fit=2560%2C1706&ssl=1","datePublished":"2024-11-07T11:03:15+00:00","dateModified":"2025-12-20T18:57:17+00:00","description":"Magnifique netsuke tr\u00e8s d\u00e9taill\u00e9 repr\u00e9sentant un homme sur une souche, sign\u00e9. Incrustations d\u2019ivoire. La qualit\u00e9 de la sculpture est excellente et r\u00e9v\u00e8le de nombreux d\u00e9tails.","breadcrumb":{"@id":"https:\/\/www.supeinnihonto.com\/fr\/produit\/netsuke-en-bois-representant-un-homme-assis-sur-une-souche\/#breadcrumb"},"inLanguage":"fr-FR","potentialAction":[{"@type":"ReadAction","target":["https:\/\/www.supeinnihonto.com\/fr\/produit\/netsuke-en-bois-representant-un-homme-assis-sur-une-souche\/"]}]},{"@type":"ImageObject","inLanguage":"fr-FR","@id":"https:\/\/www.supeinnihonto.com\/fr\/produit\/netsuke-en-bois-representant-un-homme-assis-sur-une-souche\/#primaryimage","url":"https:\/\/i0.wp.com\/www.supeinnihonto.com\/wp-content\/uploads\/2024\/11\/DSC2052-scaled.jpg?fit=2560%2C1706&ssl=1","contentUrl":"https:\/\/i0.wp.com\/www.supeinnihonto.com\/wp-content\/uploads\/2024\/11\/DSC2052-scaled.jpg?fit=2560%2C1706&ssl=1","width":2560,"height":1706,"caption":"Netsuke man on stump wood"},{"@type":"BreadcrumbList","@id":"https:\/\/www.supeinnihonto.com\/fr\/produit\/netsuke-en-bois-representant-un-homme-assis-sur-une-souche\/#breadcrumb","itemListElement":[{"@type":"ListItem","position":1,"name":"Portada","item":"https:\/\/www.supeinnihonto.com\/fr\/"},{"@type":"ListItem","position":2,"name":"Shop","item":"https:\/\/www.supeinnihonto.com\/fr\/shop\/"},{"@type":"ListItem","position":3,"name":"Netsuke en bois repr\u00e9sentant un homme assis sur une souche"}]},{"@type":"WebSite","@id":"https:\/\/www.supeinnihonto.com\/fr\/#website","url":"https:\/\/www.supeinnihonto.com\/fr\/","name":"Supein Nihonto","description":"Authentic japanese Nihonto katana ","publisher":{"@id":"https:\/\/www.supeinnihonto.com\/fr\/#organization"},"potentialAction":[{"@type":"SearchAction","target":{"@type":"EntryPoint","urlTemplate":"https:\/\/www.supeinnihonto.com\/fr\/?s={search_term_string}"},"query-input":{"@type":"PropertyValueSpecification","valueRequired":true,"valueName":"search_term_string"}}],"inLanguage":"fr-FR"},{"@type":"Organization","@id":"https:\/\/www.supeinnihonto.com\/fr\/#organization","name":"SupeinNihonto","url":"https:\/\/www.supeinnihonto.com\/fr\/","logo":{"@type":"ImageObject","inLanguage":"fr-FR","@id":"https:\/\/www.supeinnihonto.com\/fr\/#\/schema\/logo\/image\/","url":"https:\/\/www.supeinnihonto.com\/wp-content\/uploads\/2021\/11\/animation_Default_3szk0jcenoloop.gif","contentUrl":"https:\/\/www.supeinnihonto.com\/wp-content\/uploads\/2021\/11\/animation_Default_3szk0jcenoloop.gif","width":750,"height":641,"caption":"SupeinNihonto"},"image":{"@id":"https:\/\/www.supeinnihonto.com\/fr\/#\/schema\/logo\/image\/"}}]}},"jetpack-related-posts":[{"id":13281,"url":"https:\/\/www.supeinnihonto.com\/fr\/produit\/netsuke-vieil-homme-sceau-en-ivoire\/","url_meta":{"origin":12478,"position":0},"title":"Netsuke vieil homme sceau en ivoire","author":"Supein Nihonto","date":"28 de mai de 2024","format":false,"excerpt":"Livraison gratuite. Ancien netsuke repr\u00e9sentant un vieil homme assis tenant un chasse-mouches. Belle patine et marques naturelles sur l\u2019ivoire. Le visage et d\u2019autres parties pr\u00e9sentent une usure due aux manipulations habituelles. P\u00e9riode Edo. Le document CITES le date du XIXe si\u00e8cle, mais il est possible qu\u2019il soit beaucoup plus ancien\u2026","rel":"","context":"Article similaire","block_context":{"text":"Article similaire","link":""},"img":{"alt_text":"Netsuke Elder seal ivory","src":"https:\/\/i0.wp.com\/www.supeinnihonto.com\/wp-content\/uploads\/2024\/05\/DSC_4036-scaled.jpg?fit=1200%2C800&ssl=1&resize=350%2C200","width":350,"height":200,"srcset":"https:\/\/i0.wp.com\/www.supeinnihonto.com\/wp-content\/uploads\/2024\/05\/DSC_4036-scaled.jpg?fit=1200%2C800&ssl=1&resize=350%2C200 1x, https:\/\/i0.wp.com\/www.supeinnihonto.com\/wp-content\/uploads\/2024\/05\/DSC_4036-scaled.jpg?fit=1200%2C800&ssl=1&resize=525%2C300 1.5x, https:\/\/i0.wp.com\/www.supeinnihonto.com\/wp-content\/uploads\/2024\/05\/DSC_4036-scaled.jpg?fit=1200%2C800&ssl=1&resize=700%2C400 2x, https:\/\/i0.wp.com\/www.supeinnihonto.com\/wp-content\/uploads\/2024\/05\/DSC_4036-scaled.jpg?fit=1200%2C800&ssl=1&resize=1050%2C600 3x"},"classes":[]},{"id":14110,"url":"https:\/\/www.supeinnihonto.com\/fr\/produit\/netsuke-vieil-homme-et-oiseau-en-ivoire\/","url_meta":{"origin":12478,"position":1},"title":"Netsuke vieil homme et oiseau en ivoire","author":"Supein Nihonto","date":"28 de mai de 2024","format":false,"excerpt":"Livraison gratuite. Magnifique netsuke repr\u00e9sentant un vieil homme nourrissant un oiseau perch\u00e9 sur sa main. Ce netsuke pr\u00e9sente une patine exceptionnelle et une qualit\u00e9 de sculpture remarquable. De caract\u00e8re traditionnel, cette \u0153uvre surprend par son niveau de d\u00e9tail et son expressivit\u00e9. Pi\u00e8ce de tr\u00e8s haute qualit\u00e9. P\u00e9riode Meiji, fin du\u2026","rel":"","context":"Article similaire","block_context":{"text":"Article similaire","link":""},"img":{"alt_text":"Netsuke Elder and bird ivory","src":"https:\/\/i0.wp.com\/www.supeinnihonto.com\/wp-content\/uploads\/2024\/05\/DSC_4025-scaled.jpg?fit=1200%2C800&ssl=1&resize=350%2C200","width":350,"height":200,"srcset":"https:\/\/i0.wp.com\/www.supeinnihonto.com\/wp-content\/uploads\/2024\/05\/DSC_4025-scaled.jpg?fit=1200%2C800&ssl=1&resize=350%2C200 1x, https:\/\/i0.wp.com\/www.supeinnihonto.com\/wp-content\/uploads\/2024\/05\/DSC_4025-scaled.jpg?fit=1200%2C800&ssl=1&resize=525%2C300 1.5x, https:\/\/i0.wp.com\/www.supeinnihonto.com\/wp-content\/uploads\/2024\/05\/DSC_4025-scaled.jpg?fit=1200%2C800&ssl=1&resize=700%2C400 2x, https:\/\/i0.wp.com\/www.supeinnihonto.com\/wp-content\/uploads\/2024\/05\/DSC_4025-scaled.jpg?fit=1200%2C800&ssl=1&resize=1050%2C600 3x"},"classes":[]},{"id":14126,"url":"https:\/\/www.supeinnihonto.com\/fr\/produit\/netsuke-shishi-en-ivoire\/","url_meta":{"origin":12478,"position":2},"title":"Netsuke Shishi en ivoire","author":"Supein Nihonto","date":"28 de mai de 2024","format":false,"excerpt":"Livraison gratuite. Magnifique netsuke repr\u00e9sentant un shishi pos\u00e9 sur un rocher dans une attitude \u00e0 la fois d\u00e9fiant et ludique. Superbe pi\u00e8ce et tr\u00e8s belle qualit\u00e9 de sculpture. \u00c0 noter le travail des poils et des boucles de la queue et de la crini\u00e8re. Pr\u00e9sence d\u2019une bille en bois figurant\u2026","rel":"","context":"Article similaire","block_context":{"text":"Article similaire","link":""},"img":{"alt_text":"Netsuke Shishi ivory","src":"https:\/\/i0.wp.com\/www.supeinnihonto.com\/wp-content\/uploads\/2024\/05\/DSC_4014-scaled.jpg?fit=1200%2C800&ssl=1&resize=350%2C200","width":350,"height":200,"srcset":"https:\/\/i0.wp.com\/www.supeinnihonto.com\/wp-content\/uploads\/2024\/05\/DSC_4014-scaled.jpg?fit=1200%2C800&ssl=1&resize=350%2C200 1x, https:\/\/i0.wp.com\/www.supeinnihonto.com\/wp-content\/uploads\/2024\/05\/DSC_4014-scaled.jpg?fit=1200%2C800&ssl=1&resize=525%2C300 1.5x, https:\/\/i0.wp.com\/www.supeinnihonto.com\/wp-content\/uploads\/2024\/05\/DSC_4014-scaled.jpg?fit=1200%2C800&ssl=1&resize=700%2C400 2x, https:\/\/i0.wp.com\/www.supeinnihonto.com\/wp-content\/uploads\/2024\/05\/DSC_4014-scaled.jpg?fit=1200%2C800&ssl=1&resize=1050%2C600 3x"},"classes":[]},{"id":14118,"url":"https:\/\/www.supeinnihonto.com\/fr\/produit\/okimono-fudo-luttant-en-ivoire\/","url_meta":{"origin":12478,"position":3},"title":"Okimono Fud\u014d luttant en ivoire","author":"Supein Nihonto","date":"28 de mai de 2024","format":false,"excerpt":"Livraison gratuite. Magnifique okimono repr\u00e9sentant Fud\u014d (divinit\u00e9) combattant un homme. Motif tr\u00e8s rare et particulier. Les netsuke et okimono de Fud\u014d sont tr\u00e8s recherch\u00e9s pour leur signification. Celui-ci est magnifiquement sculpt\u00e9, avec un grand sens du mouvement et une qualit\u00e9 mus\u00e9ale exceptionnelle. Sign\u00e9 avec incrustation rouge. P\u00e9riode Meiji, fin du\u2026","rel":"","context":"Article similaire","block_context":{"text":"Article similaire","link":""},"img":{"alt_text":"Okimono Fudo wrestling ivory","src":"https:\/\/i0.wp.com\/www.supeinnihonto.com\/wp-content\/uploads\/2024\/05\/DSC_4019-scaled.jpg?fit=1200%2C800&ssl=1&resize=350%2C200","width":350,"height":200,"srcset":"https:\/\/i0.wp.com\/www.supeinnihonto.com\/wp-content\/uploads\/2024\/05\/DSC_4019-scaled.jpg?fit=1200%2C800&ssl=1&resize=350%2C200 1x, https:\/\/i0.wp.com\/www.supeinnihonto.com\/wp-content\/uploads\/2024\/05\/DSC_4019-scaled.jpg?fit=1200%2C800&ssl=1&resize=525%2C300 1.5x, https:\/\/i0.wp.com\/www.supeinnihonto.com\/wp-content\/uploads\/2024\/05\/DSC_4019-scaled.jpg?fit=1200%2C800&ssl=1&resize=700%2C400 2x, https:\/\/i0.wp.com\/www.supeinnihonto.com\/wp-content\/uploads\/2024\/05\/DSC_4019-scaled.jpg?fit=1200%2C800&ssl=1&resize=1050%2C600 3x"},"classes":[]},{"id":13337,"url":"https:\/\/www.supeinnihonto.com\/fr\/produit\/netsuke-rat-et-pomme-en-ivoire\/","url_meta":{"origin":12478,"position":4},"title":"Netsuke rat et pomme en ivoire","author":"Supein Nihonto","date":"28 de mai de 2024","format":false,"excerpt":"Livraison gratuite. Netsuke en ivoire repr\u00e9sentant un rat assis sur une pomme, incrust\u00e9 de perles de verre rouges, sign\u00e9 avec un sceau rouge. P\u00e9riode Meiji. Livr\u00e9 avec certificat et document CITES. 4,7 x 3 x 2,5 cm","rel":"","context":"Article similaire","block_context":{"text":"Article similaire","link":""},"img":{"alt_text":"Netsuke rat and apple ivory","src":"https:\/\/i0.wp.com\/www.supeinnihonto.com\/wp-content\/uploads\/2024\/05\/DSC_4073-scaled.jpg?fit=1200%2C800&ssl=1&resize=350%2C200","width":350,"height":200,"srcset":"https:\/\/i0.wp.com\/www.supeinnihonto.com\/wp-content\/uploads\/2024\/05\/DSC_4073-scaled.jpg?fit=1200%2C800&ssl=1&resize=350%2C200 1x, https:\/\/i0.wp.com\/www.supeinnihonto.com\/wp-content\/uploads\/2024\/05\/DSC_4073-scaled.jpg?fit=1200%2C800&ssl=1&resize=525%2C300 1.5x, https:\/\/i0.wp.com\/www.supeinnihonto.com\/wp-content\/uploads\/2024\/05\/DSC_4073-scaled.jpg?fit=1200%2C800&ssl=1&resize=700%2C400 2x, https:\/\/i0.wp.com\/www.supeinnihonto.com\/wp-content\/uploads\/2024\/05\/DSC_4073-scaled.jpg?fit=1200%2C800&ssl=1&resize=1050%2C600 3x"},"classes":[]},{"id":13373,"url":"https:\/\/www.supeinnihonto.com\/fr\/produit\/netsuke-recumber-boar-ivory\/","url_meta":{"origin":12478,"position":5},"title":"Netsuke sanglier couch\u00e9 en ivoire","author":"Supein Nihonto","date":"28 de mai de 2024","format":false,"excerpt":"Livraison gratuite. Netsuke en ivoire repr\u00e9sentant un sanglier couch\u00e9. Joli netsuke avec polychromie verte encore conserv\u00e9e sur les feuilles et patine noire du sanglier allong\u00e9 sur un tas de feuilles. Sign\u00e9 \u00ab Tomokazu \u00bb \u00e0 la base. P\u00e9riode Meiji ou Taish\u014d, XXe si\u00e8cle. Livr\u00e9 avec certificat et document CITES. 5,5\u2026","rel":"","context":"Article similaire","block_context":{"text":"Article similaire","link":""},"img":{"alt_text":"Netsuke recumber boar ivory","src":"https:\/\/i0.wp.com\/www.supeinnihonto.com\/wp-content\/uploads\/2024\/05\/DSC_4104-scaled-1.webp?fit=1200%2C800&ssl=1&resize=350%2C200","width":350,"height":200,"srcset":"https:\/\/i0.wp.com\/www.supeinnihonto.com\/wp-content\/uploads\/2024\/05\/DSC_4104-scaled-1.webp?fit=1200%2C800&ssl=1&resize=350%2C200 1x, https:\/\/i0.wp.com\/www.supeinnihonto.com\/wp-content\/uploads\/2024\/05\/DSC_4104-scaled-1.webp?fit=1200%2C800&ssl=1&resize=525%2C300 1.5x, https:\/\/i0.wp.com\/www.supeinnihonto.com\/wp-content\/uploads\/2024\/05\/DSC_4104-scaled-1.webp?fit=1200%2C800&ssl=1&resize=700%2C400 2x, https:\/\/i0.wp.com\/www.supeinnihonto.com\/wp-content\/uploads\/2024\/05\/DSC_4104-scaled-1.webp?fit=1200%2C800&ssl=1&resize=1050%2C600 3x"},"classes":[]}],"jetpack_sharing_enabled":true,"_links":{"self":[{"href":"https:\/\/www.supeinnihonto.com\/fr\/wp-json\/wp\/v2\/product\/12478","targetHints":{"allow":["GET"]}}],"collection":[{"href":"https:\/\/www.supeinnihonto.com\/fr\/wp-json\/wp\/v2\/product"}],"about":[{"href":"https:\/\/www.supeinnihonto.com\/fr\/wp-json\/wp\/v2\/types\/product"}],"wp:featuredmedia":[{"embeddable":true,"href":"https:\/\/www.supeinnihonto.com\/fr\/wp-json\/wp\/v2\/media\/12479"}],"wp:attachment":[{"href":"https:\/\/www.supeinnihonto.com\/fr\/wp-json\/wp\/v2\/media?parent=12478"}],"wp:term":[{"taxonomy":"product_brand","embeddable":true,"href":"https:\/\/www.supeinnihonto.com\/fr\/wp-json\/wp\/v2\/product_brand?post=12478"},{"taxonomy":"product_cat","embeddable":true,"href":"https:\/\/www.supeinnihonto.com\/fr\/wp-json\/wp\/v2\/product_cat?post=12478"},{"taxonomy":"product_tag","embeddable":true,"href":"https:\/\/www.supeinnihonto.com\/fr\/wp-json\/wp\/v2\/product_tag?post=12478"}],"curies":[{"name":"wp","href":"https:\/\/api.w.org\/{rel}","templated":true}]}}