{"id":12450,"date":"2024-11-07T17:20:11","date_gmt":"2024-11-07T17:20:11","guid":{"rendered":"https:\/\/www.supeinnihonto.com\/product\/netsuke-two-frogs-wood\/"},"modified":"2025-12-20T18:05:34","modified_gmt":"2025-12-20T18:05:34","slug":"netsuke-en-bois-representant-deux-grenouilles","status":"publish","type":"product","link":"https:\/\/www.supeinnihonto.com\/fr\/produit\/netsuke-en-bois-representant-deux-grenouilles\/","title":{"rendered":"Netsuke en bois repr\u00e9sentant deux grenouilles"},"content":{"rendered":"<p data-start=\"104\" data-end=\"125\"><strong>Livraison gratuite.<\/strong><\/p>\n<p data-start=\"127\" data-end=\"256\">Joli netsuke repr\u00e9sentant deux grenouilles sur une sandale retourn\u00e9e. Sign\u00e9 \u00e0 la base, pr\u00e8s des himotoshi. D\u00e9but du XX\u1d49 si\u00e8cle.<\/p>\n<p data-start=\"258\" data-end=\"274\">5 \u00d7 3,5 \u00d7 3,2 cm<\/p>\n","protected":false},"excerpt":{"rendered":"<p>Livraison gratuite. Joli netsuke repr\u00e9sentant deux grenouilles sur une sandale retourn\u00e9e. Sign\u00e9 \u00e0 la base, pr\u00e8s des himotoshi. D\u00e9but du XX\u1d49 si\u00e8cle. 5 \u00d7 3,5 \u00d7 3,2 cm<\/p>\n","protected":false},"featured_media":12451,"template":"","meta":{"jetpack_post_was_ever_published":false},"product_brand":[],"product_cat":[545],"product_tag":[673,653,655],"class_list":{"0":"post-12450","1":"product","2":"type-product","3":"status-publish","4":"has-post-thumbnail","6":"product_cat-netsuke","7":"product_tag-bois","8":"product_tag-netsuke","9":"product_tag-okimono","10":"product_shipping_class-light","12":"first","13":"instock","14":"featured","15":"sold-individually","16":"shipping-taxable","17":"purchasable","18":"product-type-simple"},"yoast_head":"<!-- This site is optimized with the Yoast SEO plugin v27.4 - https:\/\/yoast.com\/product\/yoast-seo-wordpress\/ -->\n<title>Netsuke en bois repr\u00e9sentant deux grenouilles - Supein Nihonto<\/title>\n<meta name=\"description\" content=\"Joli netsuke repr\u00e9sentant deux grenouilles sur une sandale retourn\u00e9e. Sign\u00e9 \u00e0 la base, pr\u00e8s des himotoshi. D\u00e9but du XX\u1d49 si\u00e8cle.\" \/>\n<meta name=\"robots\" content=\"index, follow, max-snippet:-1, max-image-preview:large, max-video-preview:-1\" \/>\n<link rel=\"canonical\" href=\"https:\/\/www.supeinnihonto.com\/fr\/produit\/netsuke-en-bois-representant-deux-grenouilles\/\" \/>\n<meta property=\"og:locale\" content=\"fr_FR\" \/>\n<meta property=\"og:type\" content=\"article\" \/>\n<meta property=\"og:title\" content=\"Netsuke en bois repr\u00e9sentant deux grenouilles - Supein Nihonto\" \/>\n<meta property=\"og:description\" content=\"Joli netsuke repr\u00e9sentant deux grenouilles sur une sandale retourn\u00e9e. Sign\u00e9 \u00e0 la base, pr\u00e8s des himotoshi. D\u00e9but du XX\u1d49 si\u00e8cle.\" \/>\n<meta property=\"og:url\" content=\"https:\/\/www.supeinnihonto.com\/fr\/produit\/netsuke-en-bois-representant-deux-grenouilles\/\" \/>\n<meta property=\"og:site_name\" content=\"Supein Nihonto\" \/>\n<meta property=\"article:modified_time\" content=\"2025-12-20T18:05:34+00:00\" \/>\n<meta property=\"og:image\" content=\"https:\/\/www.supeinnihonto.com\/wp-content\/uploads\/2024\/11\/DSC2111-scaled.jpg\" \/>\n\t<meta property=\"og:image:width\" content=\"2560\" \/>\n\t<meta property=\"og:image:height\" content=\"1707\" \/>\n\t<meta property=\"og:image:type\" content=\"image\/jpeg\" \/>\n<meta name=\"twitter:card\" content=\"summary_large_image\" \/>\n<meta name=\"twitter:label1\" content=\"Dur\u00e9e de lecture estim\u00e9e\" \/>\n\t<meta name=\"twitter:data1\" content=\"1 minute\" \/>\n<script type=\"application\/ld+json\" class=\"yoast-schema-graph\">{\"@context\":\"https:\\\/\\\/schema.org\",\"@graph\":[{\"@type\":\"WebPage\",\"@id\":\"https:\\\/\\\/www.supeinnihonto.com\\\/fr\\\/produit\\\/netsuke-en-bois-representant-deux-grenouilles\\\/\",\"url\":\"https:\\\/\\\/www.supeinnihonto.com\\\/fr\\\/produit\\\/netsuke-en-bois-representant-deux-grenouilles\\\/\",\"name\":\"Netsuke en bois repr\u00e9sentant deux grenouilles - Supein Nihonto\",\"isPartOf\":{\"@id\":\"https:\\\/\\\/www.supeinnihonto.com\\\/fr\\\/#website\"},\"primaryImageOfPage\":{\"@id\":\"https:\\\/\\\/www.supeinnihonto.com\\\/fr\\\/produit\\\/netsuke-en-bois-representant-deux-grenouilles\\\/#primaryimage\"},\"image\":{\"@id\":\"https:\\\/\\\/www.supeinnihonto.com\\\/fr\\\/produit\\\/netsuke-en-bois-representant-deux-grenouilles\\\/#primaryimage\"},\"thumbnailUrl\":\"https:\\\/\\\/i0.wp.com\\\/www.supeinnihonto.com\\\/wp-content\\\/uploads\\\/2024\\\/11\\\/DSC2111-scaled.jpg?fit=2560%2C1707&ssl=1\",\"datePublished\":\"2024-11-07T17:20:11+00:00\",\"dateModified\":\"2025-12-20T18:05:34+00:00\",\"description\":\"Joli netsuke repr\u00e9sentant deux grenouilles sur une sandale retourn\u00e9e. Sign\u00e9 \u00e0 la base, pr\u00e8s des himotoshi. D\u00e9but du XX\u1d49 si\u00e8cle.\",\"breadcrumb\":{\"@id\":\"https:\\\/\\\/www.supeinnihonto.com\\\/fr\\\/produit\\\/netsuke-en-bois-representant-deux-grenouilles\\\/#breadcrumb\"},\"inLanguage\":\"fr-FR\",\"potentialAction\":[{\"@type\":\"ReadAction\",\"target\":[\"https:\\\/\\\/www.supeinnihonto.com\\\/fr\\\/produit\\\/netsuke-en-bois-representant-deux-grenouilles\\\/\"]}]},{\"@type\":\"ImageObject\",\"inLanguage\":\"fr-FR\",\"@id\":\"https:\\\/\\\/www.supeinnihonto.com\\\/fr\\\/produit\\\/netsuke-en-bois-representant-deux-grenouilles\\\/#primaryimage\",\"url\":\"https:\\\/\\\/i0.wp.com\\\/www.supeinnihonto.com\\\/wp-content\\\/uploads\\\/2024\\\/11\\\/DSC2111-scaled.jpg?fit=2560%2C1707&ssl=1\",\"contentUrl\":\"https:\\\/\\\/i0.wp.com\\\/www.supeinnihonto.com\\\/wp-content\\\/uploads\\\/2024\\\/11\\\/DSC2111-scaled.jpg?fit=2560%2C1707&ssl=1\",\"width\":2560,\"height\":1707,\"caption\":\"2 frogs netsuke wood\"},{\"@type\":\"BreadcrumbList\",\"@id\":\"https:\\\/\\\/www.supeinnihonto.com\\\/fr\\\/produit\\\/netsuke-en-bois-representant-deux-grenouilles\\\/#breadcrumb\",\"itemListElement\":[{\"@type\":\"ListItem\",\"position\":1,\"name\":\"Portada\",\"item\":\"https:\\\/\\\/www.supeinnihonto.com\\\/fr\\\/\"},{\"@type\":\"ListItem\",\"position\":2,\"name\":\"Shop\",\"item\":\"https:\\\/\\\/www.supeinnihonto.com\\\/fr\\\/shop\\\/\"},{\"@type\":\"ListItem\",\"position\":3,\"name\":\"Netsuke en bois repr\u00e9sentant deux grenouilles\"}]},{\"@type\":\"WebSite\",\"@id\":\"https:\\\/\\\/www.supeinnihonto.com\\\/fr\\\/#website\",\"url\":\"https:\\\/\\\/www.supeinnihonto.com\\\/fr\\\/\",\"name\":\"Supein Nihonto\",\"description\":\"Authentic japanese Nihonto katana \",\"publisher\":{\"@id\":\"https:\\\/\\\/www.supeinnihonto.com\\\/fr\\\/#organization\"},\"potentialAction\":[{\"@type\":\"SearchAction\",\"target\":{\"@type\":\"EntryPoint\",\"urlTemplate\":\"https:\\\/\\\/www.supeinnihonto.com\\\/fr\\\/?s={search_term_string}\"},\"query-input\":{\"@type\":\"PropertyValueSpecification\",\"valueRequired\":true,\"valueName\":\"search_term_string\"}}],\"inLanguage\":\"fr-FR\"},{\"@type\":\"Organization\",\"@id\":\"https:\\\/\\\/www.supeinnihonto.com\\\/fr\\\/#organization\",\"name\":\"SupeinNihonto\",\"url\":\"https:\\\/\\\/www.supeinnihonto.com\\\/fr\\\/\",\"logo\":{\"@type\":\"ImageObject\",\"inLanguage\":\"fr-FR\",\"@id\":\"https:\\\/\\\/www.supeinnihonto.com\\\/fr\\\/#\\\/schema\\\/logo\\\/image\\\/\",\"url\":\"https:\\\/\\\/www.supeinnihonto.com\\\/wp-content\\\/uploads\\\/2021\\\/11\\\/animation_Default_3szk0jcenoloop.gif\",\"contentUrl\":\"https:\\\/\\\/www.supeinnihonto.com\\\/wp-content\\\/uploads\\\/2021\\\/11\\\/animation_Default_3szk0jcenoloop.gif\",\"width\":750,\"height\":641,\"caption\":\"SupeinNihonto\"},\"image\":{\"@id\":\"https:\\\/\\\/www.supeinnihonto.com\\\/fr\\\/#\\\/schema\\\/logo\\\/image\\\/\"}}]}<\/script>\n<!-- \/ Yoast SEO plugin. -->","yoast_head_json":{"title":"Netsuke en bois repr\u00e9sentant deux grenouilles - Supein Nihonto","description":"Joli netsuke repr\u00e9sentant deux grenouilles sur une sandale retourn\u00e9e. Sign\u00e9 \u00e0 la base, pr\u00e8s des himotoshi. D\u00e9but du XX\u1d49 si\u00e8cle.","robots":{"index":"index","follow":"follow","max-snippet":"max-snippet:-1","max-image-preview":"max-image-preview:large","max-video-preview":"max-video-preview:-1"},"canonical":"https:\/\/www.supeinnihonto.com\/fr\/produit\/netsuke-en-bois-representant-deux-grenouilles\/","og_locale":"fr_FR","og_type":"article","og_title":"Netsuke en bois repr\u00e9sentant deux grenouilles - Supein Nihonto","og_description":"Joli netsuke repr\u00e9sentant deux grenouilles sur une sandale retourn\u00e9e. Sign\u00e9 \u00e0 la base, pr\u00e8s des himotoshi. D\u00e9but du XX\u1d49 si\u00e8cle.","og_url":"https:\/\/www.supeinnihonto.com\/fr\/produit\/netsuke-en-bois-representant-deux-grenouilles\/","og_site_name":"Supein Nihonto","article_modified_time":"2025-12-20T18:05:34+00:00","og_image":[{"width":2560,"height":1707,"url":"https:\/\/www.supeinnihonto.com\/wp-content\/uploads\/2024\/11\/DSC2111-scaled.jpg","type":"image\/jpeg"}],"twitter_card":"summary_large_image","twitter_misc":{"Dur\u00e9e de lecture estim\u00e9e":"1 minute"},"schema":{"@context":"https:\/\/schema.org","@graph":[{"@type":"WebPage","@id":"https:\/\/www.supeinnihonto.com\/fr\/produit\/netsuke-en-bois-representant-deux-grenouilles\/","url":"https:\/\/www.supeinnihonto.com\/fr\/produit\/netsuke-en-bois-representant-deux-grenouilles\/","name":"Netsuke en bois repr\u00e9sentant deux grenouilles - Supein Nihonto","isPartOf":{"@id":"https:\/\/www.supeinnihonto.com\/fr\/#website"},"primaryImageOfPage":{"@id":"https:\/\/www.supeinnihonto.com\/fr\/produit\/netsuke-en-bois-representant-deux-grenouilles\/#primaryimage"},"image":{"@id":"https:\/\/www.supeinnihonto.com\/fr\/produit\/netsuke-en-bois-representant-deux-grenouilles\/#primaryimage"},"thumbnailUrl":"https:\/\/i0.wp.com\/www.supeinnihonto.com\/wp-content\/uploads\/2024\/11\/DSC2111-scaled.jpg?fit=2560%2C1707&ssl=1","datePublished":"2024-11-07T17:20:11+00:00","dateModified":"2025-12-20T18:05:34+00:00","description":"Joli netsuke repr\u00e9sentant deux grenouilles sur une sandale retourn\u00e9e. Sign\u00e9 \u00e0 la base, pr\u00e8s des himotoshi. D\u00e9but du XX\u1d49 si\u00e8cle.","breadcrumb":{"@id":"https:\/\/www.supeinnihonto.com\/fr\/produit\/netsuke-en-bois-representant-deux-grenouilles\/#breadcrumb"},"inLanguage":"fr-FR","potentialAction":[{"@type":"ReadAction","target":["https:\/\/www.supeinnihonto.com\/fr\/produit\/netsuke-en-bois-representant-deux-grenouilles\/"]}]},{"@type":"ImageObject","inLanguage":"fr-FR","@id":"https:\/\/www.supeinnihonto.com\/fr\/produit\/netsuke-en-bois-representant-deux-grenouilles\/#primaryimage","url":"https:\/\/i0.wp.com\/www.supeinnihonto.com\/wp-content\/uploads\/2024\/11\/DSC2111-scaled.jpg?fit=2560%2C1707&ssl=1","contentUrl":"https:\/\/i0.wp.com\/www.supeinnihonto.com\/wp-content\/uploads\/2024\/11\/DSC2111-scaled.jpg?fit=2560%2C1707&ssl=1","width":2560,"height":1707,"caption":"2 frogs netsuke wood"},{"@type":"BreadcrumbList","@id":"https:\/\/www.supeinnihonto.com\/fr\/produit\/netsuke-en-bois-representant-deux-grenouilles\/#breadcrumb","itemListElement":[{"@type":"ListItem","position":1,"name":"Portada","item":"https:\/\/www.supeinnihonto.com\/fr\/"},{"@type":"ListItem","position":2,"name":"Shop","item":"https:\/\/www.supeinnihonto.com\/fr\/shop\/"},{"@type":"ListItem","position":3,"name":"Netsuke en bois repr\u00e9sentant deux grenouilles"}]},{"@type":"WebSite","@id":"https:\/\/www.supeinnihonto.com\/fr\/#website","url":"https:\/\/www.supeinnihonto.com\/fr\/","name":"Supein Nihonto","description":"Authentic japanese Nihonto katana ","publisher":{"@id":"https:\/\/www.supeinnihonto.com\/fr\/#organization"},"potentialAction":[{"@type":"SearchAction","target":{"@type":"EntryPoint","urlTemplate":"https:\/\/www.supeinnihonto.com\/fr\/?s={search_term_string}"},"query-input":{"@type":"PropertyValueSpecification","valueRequired":true,"valueName":"search_term_string"}}],"inLanguage":"fr-FR"},{"@type":"Organization","@id":"https:\/\/www.supeinnihonto.com\/fr\/#organization","name":"SupeinNihonto","url":"https:\/\/www.supeinnihonto.com\/fr\/","logo":{"@type":"ImageObject","inLanguage":"fr-FR","@id":"https:\/\/www.supeinnihonto.com\/fr\/#\/schema\/logo\/image\/","url":"https:\/\/www.supeinnihonto.com\/wp-content\/uploads\/2021\/11\/animation_Default_3szk0jcenoloop.gif","contentUrl":"https:\/\/www.supeinnihonto.com\/wp-content\/uploads\/2021\/11\/animation_Default_3szk0jcenoloop.gif","width":750,"height":641,"caption":"SupeinNihonto"},"image":{"@id":"https:\/\/www.supeinnihonto.com\/fr\/#\/schema\/logo\/image\/"}}]}},"jetpack-related-posts":[{"id":13470,"url":"https:\/\/www.supeinnihonto.com\/fr\/produit\/netsuke-crane-avec-serpent-en-ivoire\/","url_meta":{"origin":12450,"position":0},"title":"Netsuke cr\u00e2ne avec serpent en ivoire","author":"Supein Nihonto","date":"29 de mai de 2024","format":false,"excerpt":"Livraison gratuite. Netsuke sculpt\u00e9 en forme de cr\u00e2ne avec un serpent attaquant une grenouille sur le dessus. Symbolisme du memento mori. Sculpt\u00e9 en ivoire et sign\u00e9 par l\u2019artiste \u00e0 la base. P\u00e9riode Meiji. Livr\u00e9 avec certificat et document CITES. 4 x 3,2 x 3 cm","rel":"","context":"Article similaire","block_context":{"text":"Article similaire","link":""},"img":{"alt_text":"Netsuke skull snake ivory","src":"https:\/\/i0.wp.com\/www.supeinnihonto.com\/wp-content\/uploads\/2024\/05\/DSC_4641-scaled.jpg?fit=1200%2C800&ssl=1&resize=350%2C200","width":350,"height":200,"srcset":"https:\/\/i0.wp.com\/www.supeinnihonto.com\/wp-content\/uploads\/2024\/05\/DSC_4641-scaled.jpg?fit=1200%2C800&ssl=1&resize=350%2C200 1x, https:\/\/i0.wp.com\/www.supeinnihonto.com\/wp-content\/uploads\/2024\/05\/DSC_4641-scaled.jpg?fit=1200%2C800&ssl=1&resize=525%2C300 1.5x, https:\/\/i0.wp.com\/www.supeinnihonto.com\/wp-content\/uploads\/2024\/05\/DSC_4641-scaled.jpg?fit=1200%2C800&ssl=1&resize=700%2C400 2x, https:\/\/i0.wp.com\/www.supeinnihonto.com\/wp-content\/uploads\/2024\/05\/DSC_4641-scaled.jpg?fit=1200%2C800&ssl=1&resize=1050%2C600 3x"},"classes":[]},{"id":12682,"url":"https:\/\/www.supeinnihonto.com\/fr\/produit\/netsuke-chiens-jouant-en-bois\/","url_meta":{"origin":12450,"position":1},"title":"Netsuke chiens jouant en bois","author":"Eric Majo","date":"5 de novembre de 2024","format":false,"excerpt":"Livraison gratuite. Charmant netsuke en bois de la p\u00e9riode Edo repr\u00e9sentant deux chiens jouant. Le netsuke conserve une belle patine et une usure marqu\u00e9e, ainsi qu\u2019une sculpture agr\u00e9ablement arrondie, style Kokei (\u864e\u6e13). 3,4 x 3 x 2,4 cm","rel":"","context":"Article similaire","block_context":{"text":"Article similaire","link":""},"img":{"alt_text":"netsuke dogs playing","src":"https:\/\/i0.wp.com\/www.supeinnihonto.com\/wp-content\/uploads\/2024\/11\/DSC1576-scaled.jpg?fit=1200%2C826&ssl=1&resize=350%2C200","width":350,"height":200,"srcset":"https:\/\/i0.wp.com\/www.supeinnihonto.com\/wp-content\/uploads\/2024\/11\/DSC1576-scaled.jpg?fit=1200%2C826&ssl=1&resize=350%2C200 1x, https:\/\/i0.wp.com\/www.supeinnihonto.com\/wp-content\/uploads\/2024\/11\/DSC1576-scaled.jpg?fit=1200%2C826&ssl=1&resize=525%2C300 1.5x, https:\/\/i0.wp.com\/www.supeinnihonto.com\/wp-content\/uploads\/2024\/11\/DSC1576-scaled.jpg?fit=1200%2C826&ssl=1&resize=700%2C400 2x, https:\/\/i0.wp.com\/www.supeinnihonto.com\/wp-content\/uploads\/2024\/11\/DSC1576-scaled.jpg?fit=1200%2C826&ssl=1&resize=1050%2C600 3x"},"classes":[]},{"id":13365,"url":"https:\/\/www.supeinnihonto.com\/fr\/produit\/netsuke-rats-en-ivoire\/","url_meta":{"origin":12450,"position":2},"title":"Netsuke rats en ivoire","author":"Supein Nihonto","date":"28 de mai de 2024","format":false,"excerpt":"Livraison gratuite. Netsuke amusant repr\u00e9sentant deux rats sur une planche en bois. Teint\u00e9 en noir. Yeux incrust\u00e9s en corne de buffle noire. Sign\u00e9 \u00e0 la base. P\u00e9riode Meiji, XXe si\u00e8cle. Livr\u00e9 avec certificat et document CITES. 4 x 1,8 x 1,8 cm","rel":"","context":"Article similaire","block_context":{"text":"Article similaire","link":""},"img":{"alt_text":"Netsuke rats ivory","src":"https:\/\/i0.wp.com\/www.supeinnihonto.com\/wp-content\/uploads\/2024\/05\/Netsuke-rats-ivory.webp?fit=1200%2C800&ssl=1&resize=350%2C200","width":350,"height":200,"srcset":"https:\/\/i0.wp.com\/www.supeinnihonto.com\/wp-content\/uploads\/2024\/05\/Netsuke-rats-ivory.webp?fit=1200%2C800&ssl=1&resize=350%2C200 1x, https:\/\/i0.wp.com\/www.supeinnihonto.com\/wp-content\/uploads\/2024\/05\/Netsuke-rats-ivory.webp?fit=1200%2C800&ssl=1&resize=525%2C300 1.5x, https:\/\/i0.wp.com\/www.supeinnihonto.com\/wp-content\/uploads\/2024\/05\/Netsuke-rats-ivory.webp?fit=1200%2C800&ssl=1&resize=700%2C400 2x, https:\/\/i0.wp.com\/www.supeinnihonto.com\/wp-content\/uploads\/2024\/05\/Netsuke-rats-ivory.webp?fit=1200%2C800&ssl=1&resize=1050%2C600 3x"},"classes":[]},{"id":13527,"url":"https:\/\/www.supeinnihonto.com\/fr\/produit\/okimono-ashinaga-tenaga-en-ivoire\/","url_meta":{"origin":12450,"position":3},"title":"Okimono Ashinaga Tenaga en ivoire","author":"Supein Nihonto","date":"30 de mai de 2024","format":false,"excerpt":"Livraison gratuite. Magnifique et remarquable okimono repr\u00e9sentant Ashinaga et Tenaga, deux personnages classiques du folklore japonais. Dans leurs aventures, l\u2019un poss\u00e8de de tr\u00e8s longues jambes tandis que l\u2019autre a de tr\u00e8s longs bras, formant une \u00e9quipe et s\u2019entraidant mutuellement. Dans ce superbe okimono, ils p\u00eachent des crabes. Une pi\u00e8ce exceptionnelle\u2026","rel":"","context":"Article similaire","block_context":{"text":"Article similaire","link":""},"img":{"alt_text":"Okimono Ashinaga Tenaga ivory","src":"https:\/\/i0.wp.com\/www.supeinnihonto.com\/wp-content\/uploads\/2024\/05\/Okimono-Ashinaga-Tenaga-ivory.webp?fit=800%2C1200&ssl=1&resize=350%2C200","width":350,"height":200,"srcset":"https:\/\/i0.wp.com\/www.supeinnihonto.com\/wp-content\/uploads\/2024\/05\/Okimono-Ashinaga-Tenaga-ivory.webp?fit=800%2C1200&ssl=1&resize=350%2C200 1x, https:\/\/i0.wp.com\/www.supeinnihonto.com\/wp-content\/uploads\/2024\/05\/Okimono-Ashinaga-Tenaga-ivory.webp?fit=800%2C1200&ssl=1&resize=525%2C300 1.5x, https:\/\/i0.wp.com\/www.supeinnihonto.com\/wp-content\/uploads\/2024\/05\/Okimono-Ashinaga-Tenaga-ivory.webp?fit=800%2C1200&ssl=1&resize=700%2C400 2x"},"classes":[]},{"id":12459,"url":"https:\/\/www.supeinnihonto.com\/fr\/produit\/netsuke-en-bois-representant-un-chien-au-repos\/","url_meta":{"origin":12450,"position":4},"title":"Netsuke en bois repr\u00e9sentant un chien au repos","author":"Eric Majo","date":"7 de novembre de 2024","format":false,"excerpt":"Livraison gratuite. Charmant et comique netsuke repr\u00e9sentant un chien au repos sur un tapis, sign\u00e9 \u00e0 la base. Yeux incrust\u00e9s en corne noire. Belle patine et jolie teinte du bois. Seconde moiti\u00e9 du XIX\u1d49 si\u00e8cle. 4,2 \u00d7 4,2 \u00d7 3 cm","rel":"","context":"Article similaire","block_context":{"text":"Article similaire","link":""},"img":{"alt_text":"dog wood","src":"https:\/\/i0.wp.com\/www.supeinnihonto.com\/wp-content\/uploads\/2024\/11\/DSC2098-scaled.jpg?fit=1200%2C800&ssl=1&resize=350%2C200","width":350,"height":200,"srcset":"https:\/\/i0.wp.com\/www.supeinnihonto.com\/wp-content\/uploads\/2024\/11\/DSC2098-scaled.jpg?fit=1200%2C800&ssl=1&resize=350%2C200 1x, https:\/\/i0.wp.com\/www.supeinnihonto.com\/wp-content\/uploads\/2024\/11\/DSC2098-scaled.jpg?fit=1200%2C800&ssl=1&resize=525%2C300 1.5x, https:\/\/i0.wp.com\/www.supeinnihonto.com\/wp-content\/uploads\/2024\/11\/DSC2098-scaled.jpg?fit=1200%2C800&ssl=1&resize=700%2C400 2x, https:\/\/i0.wp.com\/www.supeinnihonto.com\/wp-content\/uploads\/2024\/11\/DSC2098-scaled.jpg?fit=1200%2C800&ssl=1&resize=1050%2C600 3x"},"classes":[]},{"id":12478,"url":"https:\/\/www.supeinnihonto.com\/fr\/produit\/netsuke-en-bois-representant-un-homme-assis-sur-une-souche\/","url_meta":{"origin":12450,"position":5},"title":"Netsuke en bois repr\u00e9sentant un homme assis sur une souche","author":"Eric Majo","date":"7 de novembre de 2024","format":false,"excerpt":"Livraison gratuite. Magnifique et tr\u00e8s d\u00e9taill\u00e9 netsuke repr\u00e9sentant un homme assis sur une souche, sign\u00e9. Incrustations d\u2019ivoire. La qualit\u00e9 de la sculpture est excellente et r\u00e9v\u00e8le de nombreux d\u00e9tails, tels que les fleurs en ivoire symbolisant le bourgeonnement de l\u2019arbre ainsi que les veines du bois, utilis\u00e9es avec finesse pour\u2026","rel":"","context":"Article similaire","block_context":{"text":"Article similaire","link":""},"img":{"alt_text":"Netsuke man on stump wood","src":"https:\/\/i0.wp.com\/www.supeinnihonto.com\/wp-content\/uploads\/2024\/11\/DSC2052-scaled.jpg?fit=1200%2C800&ssl=1&resize=350%2C200","width":350,"height":200,"srcset":"https:\/\/i0.wp.com\/www.supeinnihonto.com\/wp-content\/uploads\/2024\/11\/DSC2052-scaled.jpg?fit=1200%2C800&ssl=1&resize=350%2C200 1x, https:\/\/i0.wp.com\/www.supeinnihonto.com\/wp-content\/uploads\/2024\/11\/DSC2052-scaled.jpg?fit=1200%2C800&ssl=1&resize=525%2C300 1.5x, https:\/\/i0.wp.com\/www.supeinnihonto.com\/wp-content\/uploads\/2024\/11\/DSC2052-scaled.jpg?fit=1200%2C800&ssl=1&resize=700%2C400 2x, https:\/\/i0.wp.com\/www.supeinnihonto.com\/wp-content\/uploads\/2024\/11\/DSC2052-scaled.jpg?fit=1200%2C800&ssl=1&resize=1050%2C600 3x"},"classes":[]}],"jetpack_sharing_enabled":true,"_links":{"self":[{"href":"https:\/\/www.supeinnihonto.com\/fr\/wp-json\/wp\/v2\/product\/12450","targetHints":{"allow":["GET"]}}],"collection":[{"href":"https:\/\/www.supeinnihonto.com\/fr\/wp-json\/wp\/v2\/product"}],"about":[{"href":"https:\/\/www.supeinnihonto.com\/fr\/wp-json\/wp\/v2\/types\/product"}],"wp:featuredmedia":[{"embeddable":true,"href":"https:\/\/www.supeinnihonto.com\/fr\/wp-json\/wp\/v2\/media\/12451"}],"wp:attachment":[{"href":"https:\/\/www.supeinnihonto.com\/fr\/wp-json\/wp\/v2\/media?parent=12450"}],"wp:term":[{"taxonomy":"product_brand","embeddable":true,"href":"https:\/\/www.supeinnihonto.com\/fr\/wp-json\/wp\/v2\/product_brand?post=12450"},{"taxonomy":"product_cat","embeddable":true,"href":"https:\/\/www.supeinnihonto.com\/fr\/wp-json\/wp\/v2\/product_cat?post=12450"},{"taxonomy":"product_tag","embeddable":true,"href":"https:\/\/www.supeinnihonto.com\/fr\/wp-json\/wp\/v2\/product_tag?post=12450"}],"curies":[{"name":"wp","href":"https:\/\/api.w.org\/{rel}","templated":true}]}}