{"id":12442,"date":"2024-11-07T17:27:59","date_gmt":"2024-11-07T17:27:59","guid":{"rendered":"https:\/\/www.supeinnihonto.com\/product\/netsuke-toad-shigetada-wood-2\/"},"modified":"2025-12-20T17:59:04","modified_gmt":"2025-12-20T17:59:04","slug":"netsuke-crapaud-en-bois-shigetada-ii","status":"publish","type":"product","link":"https:\/\/www.supeinnihonto.com\/fr\/produit\/netsuke-crapaud-en-bois-shigetada-ii\/","title":{"rendered":"Netsuke crapaud en bois, Shigetada II"},"content":{"rendered":"<p data-start=\"104\" data-end=\"125\"><strong>Livraison gratuite.<\/strong><\/p>\n<p data-start=\"127\" data-end=\"563\">Magnifique et charmant netsuke en bois sign\u00e9 Shigetada, province d\u2019Iwashiro, XIX\u1d49 si\u00e8cle. Le crapaud est repr\u00e9sent\u00e9 en position d\u2019alerte, son corps noueux \u00e9tant sculpt\u00e9 de mani\u00e8re tr\u00e8s distinctive ; sign\u00e9 Shigetada sur la face inf\u00e9rieure. Pi\u00e8ce exceptionnelle. Un exemplaire similaire a \u00e9t\u00e9 vendu par la maison de ventes Bonhams en 2023 pour 5 300 euros (photo jointe), une excellente opportunit\u00e9 d\u2019acqu\u00e9rir un v\u00e9ritable chef-d\u2019\u0153uvre.<\/p>\n<p data-start=\"565\" data-end=\"583\">5,5 \u00d7 4,5 \u00d7 3,5 cm<\/p>\n","protected":false},"excerpt":{"rendered":"<p>Livraison gratuite. Magnifique et charmant netsuke en bois sign\u00e9 Shigetada, province d\u2019Iwashiro, XIX\u1d49 si\u00e8cle. Le crapaud est repr\u00e9sent\u00e9 en position d\u2019alerte, son corps noueux \u00e9tant sculpt\u00e9 de mani\u00e8re tr\u00e8s distinctive ; sign\u00e9 Shigetada sur la face inf\u00e9rieure. Pi\u00e8ce exceptionnelle. Un exemplaire similaire a \u00e9t\u00e9 vendu par la maison de ventes [&hellip;]<\/p>\n","protected":false},"featured_media":12443,"template":"","meta":{"jetpack_post_was_ever_published":false},"product_brand":[],"product_cat":[545],"product_tag":[673,653,655],"class_list":{"0":"post-12442","1":"product","2":"type-product","3":"status-publish","4":"has-post-thumbnail","6":"product_cat-netsuke","7":"product_tag-bois","8":"product_tag-netsuke","9":"product_tag-okimono","10":"product_shipping_class-light","12":"first","13":"instock","14":"featured","15":"sold-individually","16":"shipping-taxable","17":"purchasable","18":"product-type-simple"},"yoast_head":"<!-- This site is optimized with the Yoast SEO plugin v27.4 - https:\/\/yoast.com\/product\/yoast-seo-wordpress\/ -->\n<title>Netsuke crapaud en bois, Shigetada II - Supein Nihonto<\/title>\n<meta name=\"description\" content=\"Magnifique et charmant netsuke en bois sign\u00e9 Shigetada, province d\u2019Iwashiro, XIX\u1d49 si\u00e8cle. Le crapaud est repr\u00e9sent\u00e9 debout et en alerte, son corps noueux \u00e9tant sculpt\u00e9 avec un grand sens du caract\u00e8re.\" \/>\n<meta name=\"robots\" content=\"index, follow, max-snippet:-1, max-image-preview:large, max-video-preview:-1\" \/>\n<link rel=\"canonical\" href=\"https:\/\/www.supeinnihonto.com\/fr\/produit\/netsuke-crapaud-en-bois-shigetada-ii\/\" \/>\n<meta property=\"og:locale\" content=\"fr_FR\" \/>\n<meta property=\"og:type\" content=\"article\" \/>\n<meta property=\"og:title\" content=\"Netsuke crapaud en bois, Shigetada II - Supein Nihonto\" \/>\n<meta property=\"og:description\" content=\"Magnifique et charmant netsuke en bois sign\u00e9 Shigetada, province d\u2019Iwashiro, XIX\u1d49 si\u00e8cle. Le crapaud est repr\u00e9sent\u00e9 debout et en alerte, son corps noueux \u00e9tant sculpt\u00e9 avec un grand sens du caract\u00e8re.\" \/>\n<meta property=\"og:url\" content=\"https:\/\/www.supeinnihonto.com\/fr\/produit\/netsuke-crapaud-en-bois-shigetada-ii\/\" \/>\n<meta property=\"og:site_name\" content=\"Supein Nihonto\" \/>\n<meta property=\"article:modified_time\" content=\"2025-12-20T17:59:04+00:00\" \/>\n<meta property=\"og:image\" content=\"https:\/\/www.supeinnihonto.com\/wp-content\/uploads\/2024\/11\/DSC2116-scaled.jpg\" \/>\n\t<meta property=\"og:image:width\" content=\"2560\" \/>\n\t<meta property=\"og:image:height\" content=\"1707\" \/>\n\t<meta property=\"og:image:type\" content=\"image\/jpeg\" \/>\n<meta name=\"twitter:card\" content=\"summary_large_image\" \/>\n<meta name=\"twitter:label1\" content=\"Dur\u00e9e de lecture estim\u00e9e\" \/>\n\t<meta name=\"twitter:data1\" content=\"1 minute\" \/>\n<script type=\"application\/ld+json\" class=\"yoast-schema-graph\">{\"@context\":\"https:\\\/\\\/schema.org\",\"@graph\":[{\"@type\":\"WebPage\",\"@id\":\"https:\\\/\\\/www.supeinnihonto.com\\\/fr\\\/produit\\\/netsuke-crapaud-en-bois-shigetada-ii\\\/\",\"url\":\"https:\\\/\\\/www.supeinnihonto.com\\\/fr\\\/produit\\\/netsuke-crapaud-en-bois-shigetada-ii\\\/\",\"name\":\"Netsuke crapaud en bois, Shigetada II - Supein Nihonto\",\"isPartOf\":{\"@id\":\"https:\\\/\\\/www.supeinnihonto.com\\\/fr\\\/#website\"},\"primaryImageOfPage\":{\"@id\":\"https:\\\/\\\/www.supeinnihonto.com\\\/fr\\\/produit\\\/netsuke-crapaud-en-bois-shigetada-ii\\\/#primaryimage\"},\"image\":{\"@id\":\"https:\\\/\\\/www.supeinnihonto.com\\\/fr\\\/produit\\\/netsuke-crapaud-en-bois-shigetada-ii\\\/#primaryimage\"},\"thumbnailUrl\":\"https:\\\/\\\/i0.wp.com\\\/www.supeinnihonto.com\\\/wp-content\\\/uploads\\\/2024\\\/11\\\/DSC2116-scaled.jpg?fit=2560%2C1707&ssl=1\",\"datePublished\":\"2024-11-07T17:27:59+00:00\",\"dateModified\":\"2025-12-20T17:59:04+00:00\",\"description\":\"Magnifique et charmant netsuke en bois sign\u00e9 Shigetada, province d\u2019Iwashiro, XIX\u1d49 si\u00e8cle. Le crapaud est repr\u00e9sent\u00e9 debout et en alerte, son corps noueux \u00e9tant sculpt\u00e9 avec un grand sens du caract\u00e8re.\",\"breadcrumb\":{\"@id\":\"https:\\\/\\\/www.supeinnihonto.com\\\/fr\\\/produit\\\/netsuke-crapaud-en-bois-shigetada-ii\\\/#breadcrumb\"},\"inLanguage\":\"fr-FR\",\"potentialAction\":[{\"@type\":\"ReadAction\",\"target\":[\"https:\\\/\\\/www.supeinnihonto.com\\\/fr\\\/produit\\\/netsuke-crapaud-en-bois-shigetada-ii\\\/\"]}]},{\"@type\":\"ImageObject\",\"inLanguage\":\"fr-FR\",\"@id\":\"https:\\\/\\\/www.supeinnihonto.com\\\/fr\\\/produit\\\/netsuke-crapaud-en-bois-shigetada-ii\\\/#primaryimage\",\"url\":\"https:\\\/\\\/i0.wp.com\\\/www.supeinnihonto.com\\\/wp-content\\\/uploads\\\/2024\\\/11\\\/DSC2116-scaled.jpg?fit=2560%2C1707&ssl=1\",\"contentUrl\":\"https:\\\/\\\/i0.wp.com\\\/www.supeinnihonto.com\\\/wp-content\\\/uploads\\\/2024\\\/11\\\/DSC2116-scaled.jpg?fit=2560%2C1707&ssl=1\",\"width\":2560,\"height\":1707,\"caption\":\"toad Shigetada wood II\"},{\"@type\":\"BreadcrumbList\",\"@id\":\"https:\\\/\\\/www.supeinnihonto.com\\\/fr\\\/produit\\\/netsuke-crapaud-en-bois-shigetada-ii\\\/#breadcrumb\",\"itemListElement\":[{\"@type\":\"ListItem\",\"position\":1,\"name\":\"Portada\",\"item\":\"https:\\\/\\\/www.supeinnihonto.com\\\/fr\\\/\"},{\"@type\":\"ListItem\",\"position\":2,\"name\":\"Shop\",\"item\":\"https:\\\/\\\/www.supeinnihonto.com\\\/fr\\\/shop\\\/\"},{\"@type\":\"ListItem\",\"position\":3,\"name\":\"Netsuke crapaud en bois, Shigetada II\"}]},{\"@type\":\"WebSite\",\"@id\":\"https:\\\/\\\/www.supeinnihonto.com\\\/fr\\\/#website\",\"url\":\"https:\\\/\\\/www.supeinnihonto.com\\\/fr\\\/\",\"name\":\"Supein Nihonto\",\"description\":\"Authentic japanese Nihonto katana \",\"publisher\":{\"@id\":\"https:\\\/\\\/www.supeinnihonto.com\\\/fr\\\/#organization\"},\"potentialAction\":[{\"@type\":\"SearchAction\",\"target\":{\"@type\":\"EntryPoint\",\"urlTemplate\":\"https:\\\/\\\/www.supeinnihonto.com\\\/fr\\\/?s={search_term_string}\"},\"query-input\":{\"@type\":\"PropertyValueSpecification\",\"valueRequired\":true,\"valueName\":\"search_term_string\"}}],\"inLanguage\":\"fr-FR\"},{\"@type\":\"Organization\",\"@id\":\"https:\\\/\\\/www.supeinnihonto.com\\\/fr\\\/#organization\",\"name\":\"SupeinNihonto\",\"url\":\"https:\\\/\\\/www.supeinnihonto.com\\\/fr\\\/\",\"logo\":{\"@type\":\"ImageObject\",\"inLanguage\":\"fr-FR\",\"@id\":\"https:\\\/\\\/www.supeinnihonto.com\\\/fr\\\/#\\\/schema\\\/logo\\\/image\\\/\",\"url\":\"https:\\\/\\\/www.supeinnihonto.com\\\/wp-content\\\/uploads\\\/2021\\\/11\\\/animation_Default_3szk0jcenoloop.gif\",\"contentUrl\":\"https:\\\/\\\/www.supeinnihonto.com\\\/wp-content\\\/uploads\\\/2021\\\/11\\\/animation_Default_3szk0jcenoloop.gif\",\"width\":750,\"height\":641,\"caption\":\"SupeinNihonto\"},\"image\":{\"@id\":\"https:\\\/\\\/www.supeinnihonto.com\\\/fr\\\/#\\\/schema\\\/logo\\\/image\\\/\"}}]}<\/script>\n<!-- \/ Yoast SEO plugin. -->","yoast_head_json":{"title":"Netsuke crapaud en bois, Shigetada II - Supein Nihonto","description":"Magnifique et charmant netsuke en bois sign\u00e9 Shigetada, province d\u2019Iwashiro, XIX\u1d49 si\u00e8cle. Le crapaud est repr\u00e9sent\u00e9 debout et en alerte, son corps noueux \u00e9tant sculpt\u00e9 avec un grand sens du caract\u00e8re.","robots":{"index":"index","follow":"follow","max-snippet":"max-snippet:-1","max-image-preview":"max-image-preview:large","max-video-preview":"max-video-preview:-1"},"canonical":"https:\/\/www.supeinnihonto.com\/fr\/produit\/netsuke-crapaud-en-bois-shigetada-ii\/","og_locale":"fr_FR","og_type":"article","og_title":"Netsuke crapaud en bois, Shigetada II - Supein Nihonto","og_description":"Magnifique et charmant netsuke en bois sign\u00e9 Shigetada, province d\u2019Iwashiro, XIX\u1d49 si\u00e8cle. Le crapaud est repr\u00e9sent\u00e9 debout et en alerte, son corps noueux \u00e9tant sculpt\u00e9 avec un grand sens du caract\u00e8re.","og_url":"https:\/\/www.supeinnihonto.com\/fr\/produit\/netsuke-crapaud-en-bois-shigetada-ii\/","og_site_name":"Supein Nihonto","article_modified_time":"2025-12-20T17:59:04+00:00","og_image":[{"width":2560,"height":1707,"url":"https:\/\/www.supeinnihonto.com\/wp-content\/uploads\/2024\/11\/DSC2116-scaled.jpg","type":"image\/jpeg"}],"twitter_card":"summary_large_image","twitter_misc":{"Dur\u00e9e de lecture estim\u00e9e":"1 minute"},"schema":{"@context":"https:\/\/schema.org","@graph":[{"@type":"WebPage","@id":"https:\/\/www.supeinnihonto.com\/fr\/produit\/netsuke-crapaud-en-bois-shigetada-ii\/","url":"https:\/\/www.supeinnihonto.com\/fr\/produit\/netsuke-crapaud-en-bois-shigetada-ii\/","name":"Netsuke crapaud en bois, Shigetada II - Supein Nihonto","isPartOf":{"@id":"https:\/\/www.supeinnihonto.com\/fr\/#website"},"primaryImageOfPage":{"@id":"https:\/\/www.supeinnihonto.com\/fr\/produit\/netsuke-crapaud-en-bois-shigetada-ii\/#primaryimage"},"image":{"@id":"https:\/\/www.supeinnihonto.com\/fr\/produit\/netsuke-crapaud-en-bois-shigetada-ii\/#primaryimage"},"thumbnailUrl":"https:\/\/i0.wp.com\/www.supeinnihonto.com\/wp-content\/uploads\/2024\/11\/DSC2116-scaled.jpg?fit=2560%2C1707&ssl=1","datePublished":"2024-11-07T17:27:59+00:00","dateModified":"2025-12-20T17:59:04+00:00","description":"Magnifique et charmant netsuke en bois sign\u00e9 Shigetada, province d\u2019Iwashiro, XIX\u1d49 si\u00e8cle. Le crapaud est repr\u00e9sent\u00e9 debout et en alerte, son corps noueux \u00e9tant sculpt\u00e9 avec un grand sens du caract\u00e8re.","breadcrumb":{"@id":"https:\/\/www.supeinnihonto.com\/fr\/produit\/netsuke-crapaud-en-bois-shigetada-ii\/#breadcrumb"},"inLanguage":"fr-FR","potentialAction":[{"@type":"ReadAction","target":["https:\/\/www.supeinnihonto.com\/fr\/produit\/netsuke-crapaud-en-bois-shigetada-ii\/"]}]},{"@type":"ImageObject","inLanguage":"fr-FR","@id":"https:\/\/www.supeinnihonto.com\/fr\/produit\/netsuke-crapaud-en-bois-shigetada-ii\/#primaryimage","url":"https:\/\/i0.wp.com\/www.supeinnihonto.com\/wp-content\/uploads\/2024\/11\/DSC2116-scaled.jpg?fit=2560%2C1707&ssl=1","contentUrl":"https:\/\/i0.wp.com\/www.supeinnihonto.com\/wp-content\/uploads\/2024\/11\/DSC2116-scaled.jpg?fit=2560%2C1707&ssl=1","width":2560,"height":1707,"caption":"toad Shigetada wood II"},{"@type":"BreadcrumbList","@id":"https:\/\/www.supeinnihonto.com\/fr\/produit\/netsuke-crapaud-en-bois-shigetada-ii\/#breadcrumb","itemListElement":[{"@type":"ListItem","position":1,"name":"Portada","item":"https:\/\/www.supeinnihonto.com\/fr\/"},{"@type":"ListItem","position":2,"name":"Shop","item":"https:\/\/www.supeinnihonto.com\/fr\/shop\/"},{"@type":"ListItem","position":3,"name":"Netsuke crapaud en bois, Shigetada II"}]},{"@type":"WebSite","@id":"https:\/\/www.supeinnihonto.com\/fr\/#website","url":"https:\/\/www.supeinnihonto.com\/fr\/","name":"Supein Nihonto","description":"Authentic japanese Nihonto katana ","publisher":{"@id":"https:\/\/www.supeinnihonto.com\/fr\/#organization"},"potentialAction":[{"@type":"SearchAction","target":{"@type":"EntryPoint","urlTemplate":"https:\/\/www.supeinnihonto.com\/fr\/?s={search_term_string}"},"query-input":{"@type":"PropertyValueSpecification","valueRequired":true,"valueName":"search_term_string"}}],"inLanguage":"fr-FR"},{"@type":"Organization","@id":"https:\/\/www.supeinnihonto.com\/fr\/#organization","name":"SupeinNihonto","url":"https:\/\/www.supeinnihonto.com\/fr\/","logo":{"@type":"ImageObject","inLanguage":"fr-FR","@id":"https:\/\/www.supeinnihonto.com\/fr\/#\/schema\/logo\/image\/","url":"https:\/\/www.supeinnihonto.com\/wp-content\/uploads\/2021\/11\/animation_Default_3szk0jcenoloop.gif","contentUrl":"https:\/\/www.supeinnihonto.com\/wp-content\/uploads\/2021\/11\/animation_Default_3szk0jcenoloop.gif","width":750,"height":641,"caption":"SupeinNihonto"},"image":{"@id":"https:\/\/www.supeinnihonto.com\/fr\/#\/schema\/logo\/image\/"}}]}},"jetpack-related-posts":[{"id":12470,"url":"https:\/\/www.supeinnihonto.com\/fr\/produit\/netsuke-crapaud-en-bois-shigetada\/","url_meta":{"origin":12442,"position":0},"title":"Netsuke crapaud en bois, Shigetada","author":"Eric Majo","date":"7 de novembre de 2024","format":false,"excerpt":"Livraison gratuite. Magnifique et charmant netsuke en bois sign\u00e9 Shigetada, province d\u2019Iwashiro, XIX\u1d49 si\u00e8cle. Le crapaud est repr\u00e9sent\u00e9 debout et en alerte, son corps noueux sculpt\u00e9 de mani\u00e8re tr\u00e8s caract\u00e9ristique, avec les yeux doublement incrust\u00e9s ; sign\u00e9 Shigetada sur la face inf\u00e9rieure. Pi\u00e8ce exceptionnelle. Un exemplaire similaire a \u00e9t\u00e9 vendu\u2026","rel":"","context":"Article similaire","block_context":{"text":"Article similaire","link":""},"img":{"alt_text":"toad Shigetada wood","src":"https:\/\/i0.wp.com\/www.supeinnihonto.com\/wp-content\/uploads\/2024\/11\/DSC2069-scaled.jpg?fit=1200%2C800&ssl=1&resize=350%2C200","width":350,"height":200,"srcset":"https:\/\/i0.wp.com\/www.supeinnihonto.com\/wp-content\/uploads\/2024\/11\/DSC2069-scaled.jpg?fit=1200%2C800&ssl=1&resize=350%2C200 1x, https:\/\/i0.wp.com\/www.supeinnihonto.com\/wp-content\/uploads\/2024\/11\/DSC2069-scaled.jpg?fit=1200%2C800&ssl=1&resize=525%2C300 1.5x, https:\/\/i0.wp.com\/www.supeinnihonto.com\/wp-content\/uploads\/2024\/11\/DSC2069-scaled.jpg?fit=1200%2C800&ssl=1&resize=700%2C400 2x, https:\/\/i0.wp.com\/www.supeinnihonto.com\/wp-content\/uploads\/2024\/11\/DSC2069-scaled.jpg?fit=1200%2C800&ssl=1&resize=1050%2C600 3x"},"classes":[]},{"id":12647,"url":"https:\/\/www.supeinnihonto.com\/fr\/produit\/netsuke-crapaud-en-bois\/","url_meta":{"origin":12442,"position":1},"title":"Netsuke crapaud en bois","author":"Eric Majo","date":"5 de novembre de 2024","format":false,"excerpt":"Livraison gratuite. Sculpture d\u2019un crapaud avec des yeux incrust\u00e9s en argent. P\u00e9riode Edo. Belle patine et excellent himotoshi. La pi\u00e8ce pr\u00e9sente une tr\u00e8s belle patine due \u00e0 des si\u00e8cles d\u2019utilisation, lui conf\u00e9rant une profondeur et une finition remarquables. 5,5 x 4 x 3 cm","rel":"","context":"Article similaire","block_context":{"text":"Article similaire","link":""},"img":{"alt_text":"toad netsuke wood","src":"https:\/\/i0.wp.com\/www.supeinnihonto.com\/wp-content\/uploads\/2024\/11\/DSC1406-scaled.jpg?fit=1200%2C800&ssl=1&resize=350%2C200","width":350,"height":200,"srcset":"https:\/\/i0.wp.com\/www.supeinnihonto.com\/wp-content\/uploads\/2024\/11\/DSC1406-scaled.jpg?fit=1200%2C800&ssl=1&resize=350%2C200 1x, https:\/\/i0.wp.com\/www.supeinnihonto.com\/wp-content\/uploads\/2024\/11\/DSC1406-scaled.jpg?fit=1200%2C800&ssl=1&resize=525%2C300 1.5x, https:\/\/i0.wp.com\/www.supeinnihonto.com\/wp-content\/uploads\/2024\/11\/DSC1406-scaled.jpg?fit=1200%2C800&ssl=1&resize=700%2C400 2x, https:\/\/i0.wp.com\/www.supeinnihonto.com\/wp-content\/uploads\/2024\/11\/DSC1406-scaled.jpg?fit=1200%2C800&ssl=1&resize=1050%2C600 3x"},"classes":[]},{"id":14191,"url":"https:\/\/www.supeinnihonto.com\/fr\/produit\/netsuke-sennin-au-crapaud-en-bois\/","url_meta":{"origin":12442,"position":2},"title":"Netsuke sennin au crapaud en bois","author":"Supein Nihonto","date":"27 de mai de 2024","format":false,"excerpt":"Livraison gratuite. Netsuke en bois sculpt\u00e9 repr\u00e9sentant Gama Sennin debout, portant un crapaud sur son \u00e9paule droite et s\u2019appuyant sur un b\u00e2ton de la main gauche. P\u00e9riode Edo. 7,7 x 2,6 x 2,4 cm","rel":"","context":"Article similaire","block_context":{"text":"Article similaire","link":""},"img":{"alt_text":"Netsuke sennin toad wood","src":"https:\/\/i0.wp.com\/www.supeinnihonto.com\/wp-content\/uploads\/2024\/05\/DSC_3971-scaled.jpg?fit=1200%2C800&ssl=1&resize=350%2C200","width":350,"height":200,"srcset":"https:\/\/i0.wp.com\/www.supeinnihonto.com\/wp-content\/uploads\/2024\/05\/DSC_3971-scaled.jpg?fit=1200%2C800&ssl=1&resize=350%2C200 1x, https:\/\/i0.wp.com\/www.supeinnihonto.com\/wp-content\/uploads\/2024\/05\/DSC_3971-scaled.jpg?fit=1200%2C800&ssl=1&resize=525%2C300 1.5x, https:\/\/i0.wp.com\/www.supeinnihonto.com\/wp-content\/uploads\/2024\/05\/DSC_3971-scaled.jpg?fit=1200%2C800&ssl=1&resize=700%2C400 2x, https:\/\/i0.wp.com\/www.supeinnihonto.com\/wp-content\/uploads\/2024\/05\/DSC_3971-scaled.jpg?fit=1200%2C800&ssl=1&resize=1050%2C600 3x"},"classes":[]},{"id":12468,"url":"https:\/\/www.supeinnihonto.com\/nl\/product\/houten-padden-netsuke-shigetada\/","url_meta":{"origin":12442,"position":3},"title":"Houten padden-netsuke, Shigetada","author":"Eric Majo","date":"7 de novembre de 2024","format":false,"excerpt":"Gratis verzending. Prachtige en charmante houten netsuke, gesigneerd door Shigetada, provincie Iwashiro, 19e eeuw. De pad is waakzaam staand afgebeeld, met een knoestig lichaam dat op zeer karakteristieke wijze is gesneden en met dubbel ingelegde ogen; aan de onderzijde gesigneerd Shigetada. Een fantastisch stuk. Een vergelijkbaar exemplaar werd in 2023\u2026","rel":"","context":"Article similaire","block_context":{"text":"Article similaire","link":""},"img":{"alt_text":"toad Shigetada wood","src":"https:\/\/i0.wp.com\/www.supeinnihonto.com\/wp-content\/uploads\/2024\/11\/DSC2069-scaled.jpg?fit=1200%2C800&ssl=1&resize=350%2C200","width":350,"height":200,"srcset":"https:\/\/i0.wp.com\/www.supeinnihonto.com\/wp-content\/uploads\/2024\/11\/DSC2069-scaled.jpg?fit=1200%2C800&ssl=1&resize=350%2C200 1x, https:\/\/i0.wp.com\/www.supeinnihonto.com\/wp-content\/uploads\/2024\/11\/DSC2069-scaled.jpg?fit=1200%2C800&ssl=1&resize=525%2C300 1.5x, https:\/\/i0.wp.com\/www.supeinnihonto.com\/wp-content\/uploads\/2024\/11\/DSC2069-scaled.jpg?fit=1200%2C800&ssl=1&resize=700%2C400 2x, https:\/\/i0.wp.com\/www.supeinnihonto.com\/wp-content\/uploads\/2024\/11\/DSC2069-scaled.jpg?fit=1200%2C800&ssl=1&resize=1050%2C600 3x"},"classes":[]},{"id":12440,"url":"https:\/\/www.supeinnihonto.com\/nl\/product\/houten-padden-netsuke-shigetada-ii\/","url_meta":{"origin":12442,"position":4},"title":"Houten padden-netsuke, Shigetada II","author":"Eric Majo","date":"7 de novembre de 2024","format":false,"excerpt":"Gratis verzending. Prachtige en charmante houten netsuke, gesigneerd door Shigetada, provincie Iwashiro, 19e eeuw. De pad is waakzaam staand afgebeeld, met een knoestig lichaam dat op zeer karakteristieke wijze is gesneden; aan de onderzijde gesigneerd Shigetada. Een fantastisch stuk. Een vergelijkbaar exemplaar werd in 2023 verkocht door veilinghuis Bonhams voor\u2026","rel":"","context":"Article similaire","block_context":{"text":"Article similaire","link":""},"img":{"alt_text":"toad Shigetada wood II","src":"https:\/\/i0.wp.com\/www.supeinnihonto.com\/wp-content\/uploads\/2024\/11\/DSC2116-scaled.jpg?fit=1200%2C800&ssl=1&resize=350%2C200","width":350,"height":200,"srcset":"https:\/\/i0.wp.com\/www.supeinnihonto.com\/wp-content\/uploads\/2024\/11\/DSC2116-scaled.jpg?fit=1200%2C800&ssl=1&resize=350%2C200 1x, https:\/\/i0.wp.com\/www.supeinnihonto.com\/wp-content\/uploads\/2024\/11\/DSC2116-scaled.jpg?fit=1200%2C800&ssl=1&resize=525%2C300 1.5x, https:\/\/i0.wp.com\/www.supeinnihonto.com\/wp-content\/uploads\/2024\/11\/DSC2116-scaled.jpg?fit=1200%2C800&ssl=1&resize=700%2C400 2x, https:\/\/i0.wp.com\/www.supeinnihonto.com\/wp-content\/uploads\/2024\/11\/DSC2116-scaled.jpg?fit=1200%2C800&ssl=1&resize=1050%2C600 3x"},"classes":[]},{"id":12446,"url":"https:\/\/www.supeinnihonto.com\/it\/prodotto\/netsuke-raffigurante-un-rospo-in-legno-shigetada-ii\/","url_meta":{"origin":12442,"position":5},"title":"Netsuke raffigurante un rospo in legno, Shigetada II","author":"Eric Majo","date":"7 de novembre de 2024","format":false,"excerpt":"Spedizione gratuita. Bellissimo e affascinante netsuke in legno firmato Shigetada, provincia di Iwashiro, XIX secolo. Il rospo \u00e8 raffigurato in posizione vigile, con il corpo nodoso scolpito in modo molto distintivo; firmato Shigetada sul lato inferiore. Un pezzo straordinario. Un esemplare simile \u00e8 stato venduto dalla casa d\u2019aste Bonhams nel\u2026","rel":"","context":"Article similaire","block_context":{"text":"Article similaire","link":""},"img":{"alt_text":"toad Shigetada wood II","src":"https:\/\/i0.wp.com\/www.supeinnihonto.com\/wp-content\/uploads\/2024\/11\/DSC2116-scaled.jpg?fit=1200%2C800&ssl=1&resize=350%2C200","width":350,"height":200,"srcset":"https:\/\/i0.wp.com\/www.supeinnihonto.com\/wp-content\/uploads\/2024\/11\/DSC2116-scaled.jpg?fit=1200%2C800&ssl=1&resize=350%2C200 1x, https:\/\/i0.wp.com\/www.supeinnihonto.com\/wp-content\/uploads\/2024\/11\/DSC2116-scaled.jpg?fit=1200%2C800&ssl=1&resize=525%2C300 1.5x, https:\/\/i0.wp.com\/www.supeinnihonto.com\/wp-content\/uploads\/2024\/11\/DSC2116-scaled.jpg?fit=1200%2C800&ssl=1&resize=700%2C400 2x, https:\/\/i0.wp.com\/www.supeinnihonto.com\/wp-content\/uploads\/2024\/11\/DSC2116-scaled.jpg?fit=1200%2C800&ssl=1&resize=1050%2C600 3x"},"classes":[]}],"jetpack_sharing_enabled":true,"_links":{"self":[{"href":"https:\/\/www.supeinnihonto.com\/fr\/wp-json\/wp\/v2\/product\/12442","targetHints":{"allow":["GET"]}}],"collection":[{"href":"https:\/\/www.supeinnihonto.com\/fr\/wp-json\/wp\/v2\/product"}],"about":[{"href":"https:\/\/www.supeinnihonto.com\/fr\/wp-json\/wp\/v2\/types\/product"}],"wp:featuredmedia":[{"embeddable":true,"href":"https:\/\/www.supeinnihonto.com\/fr\/wp-json\/wp\/v2\/media\/12443"}],"wp:attachment":[{"href":"https:\/\/www.supeinnihonto.com\/fr\/wp-json\/wp\/v2\/media?parent=12442"}],"wp:term":[{"taxonomy":"product_brand","embeddable":true,"href":"https:\/\/www.supeinnihonto.com\/fr\/wp-json\/wp\/v2\/product_brand?post=12442"},{"taxonomy":"product_cat","embeddable":true,"href":"https:\/\/www.supeinnihonto.com\/fr\/wp-json\/wp\/v2\/product_cat?post=12442"},{"taxonomy":"product_tag","embeddable":true,"href":"https:\/\/www.supeinnihonto.com\/fr\/wp-json\/wp\/v2\/product_tag?post=12442"}],"curies":[{"name":"wp","href":"https:\/\/api.w.org\/{rel}","templated":true}]}}