{"id":12382,"date":"2024-11-11T13:22:31","date_gmt":"2024-11-11T13:22:31","guid":{"rendered":"https:\/\/www.supeinnihonto.com\/product\/marugata-iron-tsuba-deity-nbthk-hozon\/"},"modified":"2025-12-20T10:36:40","modified_gmt":"2025-12-20T10:36:40","slug":"marugata-iron-tsuba-deity-nbthk-hozon","status":"publish","type":"product","link":"https:\/\/www.supeinnihonto.com\/fr\/produit\/marugata-iron-tsuba-deity-nbthk-hozon\/","title":{"rendered":"Marugata iron tsuba deity NBTHK hozon"},"content":{"rendered":"<p data-start=\"199\" data-end=\"214\"><strong data-start=\"199\" data-end=\"212\">ARTICLE :<\/strong><\/p>\n<p data-start=\"216\" data-end=\"324\">Livr\u00e9 avec certificat de Supein Nihonto. Livr\u00e9 avec certificat NBTHK Hozon. Fourni avec une bo\u00eete en bois.<\/p>\n<p data-start=\"326\" data-end=\"733\">Accompagn\u00e9 d\u2019un certificat NBTHK Hozon le cataloguant comme une pi\u00e8ce d\u2019importance artistique particuli\u00e8re. Sign\u00e9 <em data-start=\"440\" data-end=\"486\">Aizu j\u016b Matsumura Minamoto Shichir\u014d Takamura<\/em>. Pi\u00e8ce d\u2019une qualit\u00e9 in\u00e9gal\u00e9e, digne des plus grands mus\u00e9es du monde. Superbe tsuba en fer, orn\u00e9 d\u2019une figure de divinit\u00e9 en bronze avec incrustations de fer, tenant un maillet. Un travail remarquable pour un tsuba d\u2019une qualit\u00e9 exceptionnelle.<\/p>\n<p data-start=\"735\" data-end=\"749\">8,7 \u00d7 8,2 cm<\/p>\n<p data-start=\"751\" data-end=\"775\"><strong data-start=\"751\" data-end=\"773\">\u00c0 PROPOS DE NOUS :<\/strong><\/p>\n<p data-start=\"777\" data-end=\"2214\">Chez Supein Nihonto, nous nous effor\u00e7ons de vous proposer des sabres et armures de samoura\u00ef de haute qualit\u00e9 \u00e0 des prix bien inf\u00e9rieurs \u00e0 ceux de la concurrence. Nous sommes probablement le plus grand exportateur d\u2019Europe et nous sommes fiers d\u2019annoncer que nous sommes le <strong data-start=\"1050\" data-end=\"1069\">premier vendeur<\/strong> dans les ventes Samurai et japonaises sur Catawiki.<br data-start=\"1121\" data-end=\"1124\" \/>Cela est particuli\u00e8rement important pour \u00e9conomiser sur les taxes et les d\u00e9lais d\u2019attente, qui peuvent d\u00e9passer quatre mois avec des vendeurs japonais, ainsi que sur les proc\u00e9dures longues et parfois probl\u00e9matiques qui prolongent encore les livraisons, allant jusqu\u2019au retour du colis \u00e0 l\u2019exp\u00e9diteur, sans compter plus de 35 % de frais suppl\u00e9mentaires sur le prix final dus aux douanes, droits et taxes, lesquels augmentent le co\u00fbt mais non la qualit\u00e9 ni la valeur de revente future.<br data-start=\"1607\" data-end=\"1610\" \/>En tant que vendeurs professionnels, nous offrons une garantie de satisfaction, une expertise et des standards sup\u00e9rieurs \u00e0 ceux des vendeurs priv\u00e9s, ainsi qu\u2019un service apr\u00e8s-vente renforc\u00e9. Gr\u00e2ce \u00e0 cela, \u00e0 nos prix professionnels parmi les plus bas du secteur et \u00e0 notre m\u00e9thode d\u2019exp\u00e9dition rapide et efficace \u2014 rarement plus de trois jours en Europe \u2014 nous sommes convaincus que vous appr\u00e9cierez cette opportunit\u00e9 exceptionnelle d\u2019acqu\u00e9rir une \u0153uvre d\u2019art qui prendra de la valeur au fil des ann\u00e9es et constituera un excellent investissement. Faites-nous confiance pour appr\u00e9cier l\u2019art des samoura\u00efs.<\/p>\n","protected":false},"excerpt":{"rendered":"<p>ARTICLE : Livr\u00e9 avec certificat de Supein Nihonto. Livr\u00e9 avec certificat NBTHK Hozon. Fourni avec une bo\u00eete en bois. Accompagn\u00e9 d\u2019un certificat NBTHK Hozon le cataloguant comme une pi\u00e8ce d\u2019importance artistique particuli\u00e8re. Sign\u00e9 Aizu j\u016b Matsumura Minamoto Shichir\u014d Takamura. Pi\u00e8ce d\u2019une qualit\u00e9 in\u00e9gal\u00e9e, digne des plus grands mus\u00e9es du monde. [&hellip;]<\/p>\n","protected":false},"featured_media":12383,"template":"","meta":{"jetpack_post_was_ever_published":false},"product_brand":[],"product_cat":[552,556],"product_tag":[452,456,468,622],"class_list":{"0":"post-12382","1":"product","2":"type-product","3":"status-publish","4":"has-post-thumbnail","6":"product_cat-tosogu","7":"product_cat-tsuba","8":"product_tag-hozon","9":"product_tag-katana","10":"product_tag-nbthk","11":"product_tag-tsuba","12":"product_shipping_class-light","14":"first","15":"instock","16":"featured","17":"sold-individually","18":"shipping-taxable","19":"purchasable","20":"product-type-simple"},"yoast_head":"<!-- This site is optimized with the Yoast SEO plugin v27.6 - https:\/\/yoast.com\/product\/yoast-seo-wordpress\/ -->\n<title>Marugata iron tsuba deity NBTHK hozon - Supein Nihonto<\/title>\n<meta name=\"description\" content=\"Sign\u00e9e. Livr\u00e9e avec un certificat NBTHK Hozon la cataloguant comme une pi\u00e8ce d\u2019importance artistique particuli\u00e8re. \u0152uvre d\u2019une qualit\u00e9 in\u00e9gal\u00e9e, digne des plus grands mus\u00e9es du monde.\" \/>\n<meta name=\"robots\" content=\"index, follow, max-snippet:-1, max-image-preview:large, max-video-preview:-1\" \/>\n<link rel=\"canonical\" href=\"https:\/\/www.supeinnihonto.com\/fr\/produit\/marugata-iron-tsuba-deity-nbthk-hozon\/\" \/>\n<meta property=\"og:locale\" content=\"fr_FR\" \/>\n<meta property=\"og:type\" content=\"article\" \/>\n<meta property=\"og:title\" content=\"Marugata iron tsuba deity NBTHK hozon - Supein Nihonto\" \/>\n<meta property=\"og:description\" content=\"Sign\u00e9e. Livr\u00e9e avec un certificat NBTHK Hozon la cataloguant comme une pi\u00e8ce d\u2019importance artistique particuli\u00e8re. \u0152uvre d\u2019une qualit\u00e9 in\u00e9gal\u00e9e, digne des plus grands mus\u00e9es du monde.\" \/>\n<meta property=\"og:url\" content=\"https:\/\/www.supeinnihonto.com\/fr\/produit\/marugata-iron-tsuba-deity-nbthk-hozon\/\" \/>\n<meta property=\"og:site_name\" content=\"Supein Nihonto\" \/>\n<meta property=\"article:modified_time\" content=\"2025-12-20T10:36:40+00:00\" \/>\n<meta property=\"og:image\" content=\"https:\/\/www.supeinnihonto.com\/wp-content\/uploads\/2024\/11\/DSC1927-scaled.jpg\" \/>\n\t<meta property=\"og:image:width\" content=\"2560\" \/>\n\t<meta property=\"og:image:height\" content=\"1707\" \/>\n\t<meta property=\"og:image:type\" content=\"image\/jpeg\" \/>\n<meta name=\"twitter:card\" content=\"summary_large_image\" \/>\n<meta name=\"twitter:label1\" content=\"Dur\u00e9e de lecture estim\u00e9e\" \/>\n\t<meta name=\"twitter:data1\" content=\"2 minutes\" \/>\n<script type=\"application\/ld+json\" class=\"yoast-schema-graph\">{\"@context\":\"https:\\\/\\\/schema.org\",\"@graph\":[{\"@type\":\"WebPage\",\"@id\":\"https:\\\/\\\/www.supeinnihonto.com\\\/fr\\\/produit\\\/marugata-iron-tsuba-deity-nbthk-hozon\\\/\",\"url\":\"https:\\\/\\\/www.supeinnihonto.com\\\/fr\\\/produit\\\/marugata-iron-tsuba-deity-nbthk-hozon\\\/\",\"name\":\"Marugata iron tsuba deity NBTHK hozon - Supein Nihonto\",\"isPartOf\":{\"@id\":\"https:\\\/\\\/www.supeinnihonto.com\\\/fr\\\/#website\"},\"primaryImageOfPage\":{\"@id\":\"https:\\\/\\\/www.supeinnihonto.com\\\/fr\\\/produit\\\/marugata-iron-tsuba-deity-nbthk-hozon\\\/#primaryimage\"},\"image\":{\"@id\":\"https:\\\/\\\/www.supeinnihonto.com\\\/fr\\\/produit\\\/marugata-iron-tsuba-deity-nbthk-hozon\\\/#primaryimage\"},\"thumbnailUrl\":\"https:\\\/\\\/i0.wp.com\\\/www.supeinnihonto.com\\\/wp-content\\\/uploads\\\/2024\\\/11\\\/DSC1927-scaled.jpg?fit=2560%2C1707&ssl=1\",\"datePublished\":\"2024-11-11T13:22:31+00:00\",\"dateModified\":\"2025-12-20T10:36:40+00:00\",\"description\":\"Sign\u00e9e. Livr\u00e9e avec un certificat NBTHK Hozon la cataloguant comme une pi\u00e8ce d\u2019importance artistique particuli\u00e8re. \u0152uvre d\u2019une qualit\u00e9 in\u00e9gal\u00e9e, digne des plus grands mus\u00e9es du monde.\",\"breadcrumb\":{\"@id\":\"https:\\\/\\\/www.supeinnihonto.com\\\/fr\\\/produit\\\/marugata-iron-tsuba-deity-nbthk-hozon\\\/#breadcrumb\"},\"inLanguage\":\"fr-FR\",\"potentialAction\":[{\"@type\":\"ReadAction\",\"target\":[\"https:\\\/\\\/www.supeinnihonto.com\\\/fr\\\/produit\\\/marugata-iron-tsuba-deity-nbthk-hozon\\\/\"]}]},{\"@type\":\"ImageObject\",\"inLanguage\":\"fr-FR\",\"@id\":\"https:\\\/\\\/www.supeinnihonto.com\\\/fr\\\/produit\\\/marugata-iron-tsuba-deity-nbthk-hozon\\\/#primaryimage\",\"url\":\"https:\\\/\\\/i0.wp.com\\\/www.supeinnihonto.com\\\/wp-content\\\/uploads\\\/2024\\\/11\\\/DSC1927-scaled.jpg?fit=2560%2C1707&ssl=1\",\"contentUrl\":\"https:\\\/\\\/i0.wp.com\\\/www.supeinnihonto.com\\\/wp-content\\\/uploads\\\/2024\\\/11\\\/DSC1927-scaled.jpg?fit=2560%2C1707&ssl=1\",\"width\":2560,\"height\":1707,\"caption\":\"Marugata iron tsuba deity NBTHK hozon\"},{\"@type\":\"BreadcrumbList\",\"@id\":\"https:\\\/\\\/www.supeinnihonto.com\\\/fr\\\/produit\\\/marugata-iron-tsuba-deity-nbthk-hozon\\\/#breadcrumb\",\"itemListElement\":[{\"@type\":\"ListItem\",\"position\":1,\"name\":\"Portada\",\"item\":\"https:\\\/\\\/www.supeinnihonto.com\\\/fr\\\/\"},{\"@type\":\"ListItem\",\"position\":2,\"name\":\"Shop\",\"item\":\"https:\\\/\\\/www.supeinnihonto.com\\\/fr\\\/shop\\\/\"},{\"@type\":\"ListItem\",\"position\":3,\"name\":\"Marugata iron tsuba deity NBTHK hozon\"}]},{\"@type\":\"WebSite\",\"@id\":\"https:\\\/\\\/www.supeinnihonto.com\\\/fr\\\/#website\",\"url\":\"https:\\\/\\\/www.supeinnihonto.com\\\/fr\\\/\",\"name\":\"Supein Nihonto\",\"description\":\"Authentic japanese Nihonto katana \",\"publisher\":{\"@id\":\"https:\\\/\\\/www.supeinnihonto.com\\\/fr\\\/#organization\"},\"potentialAction\":[{\"@type\":\"SearchAction\",\"target\":{\"@type\":\"EntryPoint\",\"urlTemplate\":\"https:\\\/\\\/www.supeinnihonto.com\\\/fr\\\/?s={search_term_string}\"},\"query-input\":{\"@type\":\"PropertyValueSpecification\",\"valueRequired\":true,\"valueName\":\"search_term_string\"}}],\"inLanguage\":\"fr-FR\"},{\"@type\":\"Organization\",\"@id\":\"https:\\\/\\\/www.supeinnihonto.com\\\/fr\\\/#organization\",\"name\":\"SupeinNihonto\",\"url\":\"https:\\\/\\\/www.supeinnihonto.com\\\/fr\\\/\",\"logo\":{\"@type\":\"ImageObject\",\"inLanguage\":\"fr-FR\",\"@id\":\"https:\\\/\\\/www.supeinnihonto.com\\\/fr\\\/#\\\/schema\\\/logo\\\/image\\\/\",\"url\":\"https:\\\/\\\/www.supeinnihonto.com\\\/wp-content\\\/uploads\\\/2021\\\/11\\\/animation_Default_3szk0jcenoloop.gif\",\"contentUrl\":\"https:\\\/\\\/www.supeinnihonto.com\\\/wp-content\\\/uploads\\\/2021\\\/11\\\/animation_Default_3szk0jcenoloop.gif\",\"width\":750,\"height\":641,\"caption\":\"SupeinNihonto\"},\"image\":{\"@id\":\"https:\\\/\\\/www.supeinnihonto.com\\\/fr\\\/#\\\/schema\\\/logo\\\/image\\\/\"}}]}<\/script>\n<!-- \/ Yoast SEO plugin. -->","yoast_head_json":{"title":"Marugata iron tsuba deity NBTHK hozon - Supein Nihonto","description":"Sign\u00e9e. Livr\u00e9e avec un certificat NBTHK Hozon la cataloguant comme une pi\u00e8ce d\u2019importance artistique particuli\u00e8re. \u0152uvre d\u2019une qualit\u00e9 in\u00e9gal\u00e9e, digne des plus grands mus\u00e9es du monde.","robots":{"index":"index","follow":"follow","max-snippet":"max-snippet:-1","max-image-preview":"max-image-preview:large","max-video-preview":"max-video-preview:-1"},"canonical":"https:\/\/www.supeinnihonto.com\/fr\/produit\/marugata-iron-tsuba-deity-nbthk-hozon\/","og_locale":"fr_FR","og_type":"article","og_title":"Marugata iron tsuba deity NBTHK hozon - Supein Nihonto","og_description":"Sign\u00e9e. Livr\u00e9e avec un certificat NBTHK Hozon la cataloguant comme une pi\u00e8ce d\u2019importance artistique particuli\u00e8re. \u0152uvre d\u2019une qualit\u00e9 in\u00e9gal\u00e9e, digne des plus grands mus\u00e9es du monde.","og_url":"https:\/\/www.supeinnihonto.com\/fr\/produit\/marugata-iron-tsuba-deity-nbthk-hozon\/","og_site_name":"Supein Nihonto","article_modified_time":"2025-12-20T10:36:40+00:00","og_image":[{"width":2560,"height":1707,"url":"https:\/\/www.supeinnihonto.com\/wp-content\/uploads\/2024\/11\/DSC1927-scaled.jpg","type":"image\/jpeg"}],"twitter_card":"summary_large_image","twitter_misc":{"Dur\u00e9e de lecture estim\u00e9e":"2 minutes"},"schema":{"@context":"https:\/\/schema.org","@graph":[{"@type":"WebPage","@id":"https:\/\/www.supeinnihonto.com\/fr\/produit\/marugata-iron-tsuba-deity-nbthk-hozon\/","url":"https:\/\/www.supeinnihonto.com\/fr\/produit\/marugata-iron-tsuba-deity-nbthk-hozon\/","name":"Marugata iron tsuba deity NBTHK hozon - Supein Nihonto","isPartOf":{"@id":"https:\/\/www.supeinnihonto.com\/fr\/#website"},"primaryImageOfPage":{"@id":"https:\/\/www.supeinnihonto.com\/fr\/produit\/marugata-iron-tsuba-deity-nbthk-hozon\/#primaryimage"},"image":{"@id":"https:\/\/www.supeinnihonto.com\/fr\/produit\/marugata-iron-tsuba-deity-nbthk-hozon\/#primaryimage"},"thumbnailUrl":"https:\/\/i0.wp.com\/www.supeinnihonto.com\/wp-content\/uploads\/2024\/11\/DSC1927-scaled.jpg?fit=2560%2C1707&ssl=1","datePublished":"2024-11-11T13:22:31+00:00","dateModified":"2025-12-20T10:36:40+00:00","description":"Sign\u00e9e. Livr\u00e9e avec un certificat NBTHK Hozon la cataloguant comme une pi\u00e8ce d\u2019importance artistique particuli\u00e8re. \u0152uvre d\u2019une qualit\u00e9 in\u00e9gal\u00e9e, digne des plus grands mus\u00e9es du monde.","breadcrumb":{"@id":"https:\/\/www.supeinnihonto.com\/fr\/produit\/marugata-iron-tsuba-deity-nbthk-hozon\/#breadcrumb"},"inLanguage":"fr-FR","potentialAction":[{"@type":"ReadAction","target":["https:\/\/www.supeinnihonto.com\/fr\/produit\/marugata-iron-tsuba-deity-nbthk-hozon\/"]}]},{"@type":"ImageObject","inLanguage":"fr-FR","@id":"https:\/\/www.supeinnihonto.com\/fr\/produit\/marugata-iron-tsuba-deity-nbthk-hozon\/#primaryimage","url":"https:\/\/i0.wp.com\/www.supeinnihonto.com\/wp-content\/uploads\/2024\/11\/DSC1927-scaled.jpg?fit=2560%2C1707&ssl=1","contentUrl":"https:\/\/i0.wp.com\/www.supeinnihonto.com\/wp-content\/uploads\/2024\/11\/DSC1927-scaled.jpg?fit=2560%2C1707&ssl=1","width":2560,"height":1707,"caption":"Marugata iron tsuba deity NBTHK hozon"},{"@type":"BreadcrumbList","@id":"https:\/\/www.supeinnihonto.com\/fr\/produit\/marugata-iron-tsuba-deity-nbthk-hozon\/#breadcrumb","itemListElement":[{"@type":"ListItem","position":1,"name":"Portada","item":"https:\/\/www.supeinnihonto.com\/fr\/"},{"@type":"ListItem","position":2,"name":"Shop","item":"https:\/\/www.supeinnihonto.com\/fr\/shop\/"},{"@type":"ListItem","position":3,"name":"Marugata iron tsuba deity NBTHK hozon"}]},{"@type":"WebSite","@id":"https:\/\/www.supeinnihonto.com\/fr\/#website","url":"https:\/\/www.supeinnihonto.com\/fr\/","name":"Supein Nihonto","description":"Authentic japanese Nihonto katana ","publisher":{"@id":"https:\/\/www.supeinnihonto.com\/fr\/#organization"},"potentialAction":[{"@type":"SearchAction","target":{"@type":"EntryPoint","urlTemplate":"https:\/\/www.supeinnihonto.com\/fr\/?s={search_term_string}"},"query-input":{"@type":"PropertyValueSpecification","valueRequired":true,"valueName":"search_term_string"}}],"inLanguage":"fr-FR"},{"@type":"Organization","@id":"https:\/\/www.supeinnihonto.com\/fr\/#organization","name":"SupeinNihonto","url":"https:\/\/www.supeinnihonto.com\/fr\/","logo":{"@type":"ImageObject","inLanguage":"fr-FR","@id":"https:\/\/www.supeinnihonto.com\/fr\/#\/schema\/logo\/image\/","url":"https:\/\/www.supeinnihonto.com\/wp-content\/uploads\/2021\/11\/animation_Default_3szk0jcenoloop.gif","contentUrl":"https:\/\/www.supeinnihonto.com\/wp-content\/uploads\/2021\/11\/animation_Default_3szk0jcenoloop.gif","width":750,"height":641,"caption":"SupeinNihonto"},"image":{"@id":"https:\/\/www.supeinnihonto.com\/fr\/#\/schema\/logo\/image\/"}}]}},"jetpack-related-posts":[{"id":12398,"url":"https:\/\/www.supeinnihonto.com\/fr\/produit\/tsuba-marugata-en-fer-theme-du-nouvel-an-certifiee-nbthk-hozon\/","url_meta":{"origin":12382,"position":0},"title":"Tsuba marugata en fer, th\u00e8me du Nouvel An, certifi\u00e9e NBTHK Hozon.","author":"Eric Majo","date":"11 de novembre de 2024","format":false,"excerpt":"ARTICLE : Livr\u00e9 avec certificat de Supein Nihonto. Livr\u00e9 avec certificat NBTHK Hozon. Fourni avec une bo\u00eete en bois. Magnifique tsuba sign\u00e9e Unrinsai Naomori, datant du milieu de la p\u00e9riode Edo (vers 1700), repr\u00e9sentant deux hommes en f\u00eate c\u00e9l\u00e9brant le Nouvel An. Superbe tsuba en fer, incrust\u00e9e d\u2019or et d\u2019argent,\u2026","rel":"","context":"Article similaire","block_context":{"text":"Article similaire","link":""},"img":{"alt_text":"Marugata iron tsuba new year NBTHK hozon","src":"https:\/\/i0.wp.com\/www.supeinnihonto.com\/wp-content\/uploads\/2024\/11\/DSC1858-scaled.jpg?fit=1200%2C800&ssl=1&resize=350%2C200","width":350,"height":200,"srcset":"https:\/\/i0.wp.com\/www.supeinnihonto.com\/wp-content\/uploads\/2024\/11\/DSC1858-scaled.jpg?fit=1200%2C800&ssl=1&resize=350%2C200 1x, https:\/\/i0.wp.com\/www.supeinnihonto.com\/wp-content\/uploads\/2024\/11\/DSC1858-scaled.jpg?fit=1200%2C800&ssl=1&resize=525%2C300 1.5x, https:\/\/i0.wp.com\/www.supeinnihonto.com\/wp-content\/uploads\/2024\/11\/DSC1858-scaled.jpg?fit=1200%2C800&ssl=1&resize=700%2C400 2x, https:\/\/i0.wp.com\/www.supeinnihonto.com\/wp-content\/uploads\/2024\/11\/DSC1858-scaled.jpg?fit=1200%2C800&ssl=1&resize=1050%2C600 3x"},"classes":[]},{"id":45167,"url":"https:\/\/www.supeinnihonto.com\/fr\/produit\/tsuba-marugata-en-cuivre-a-motif-de-carpe-koi-certifiee-nbthk-hozon-7\/","url_meta":{"origin":12382,"position":1},"title":"Tsuba marugata en cuivre \u00e0 motif de carpe (koi), certifi\u00e9e NBTHK Hozon.","author":"Eric Majo","date":"1 de mars de 2026","format":false,"excerpt":"ARTICLE : Livr\u00e9 avec certificat de Supein Nihonto. Livr\u00e9 avec certificat NBTHK Hozon. Fourni avec une bo\u00eete en bois. Magnifique tsuba en cuivre du XIX\u1d49 si\u00e8cle, sign\u00e9e, avec bordure et reliefs en shakud\u014d (alliage d\u2019or et de cuivre), repr\u00e9sentant une carpe dont les yeux sont sertis d\u2019or. Une \u0153uvre d\u2019art\u2026","rel":"","context":"Article similaire","block_context":{"text":"Article similaire","link":""},"img":{"alt_text":"","src":"https:\/\/i0.wp.com\/www.supeinnihonto.com\/wp-content\/uploads\/2026\/03\/DSC_6492-scaled.jpg?fit=1200%2C800&ssl=1&resize=350%2C200","width":350,"height":200,"srcset":"https:\/\/i0.wp.com\/www.supeinnihonto.com\/wp-content\/uploads\/2026\/03\/DSC_6492-scaled.jpg?fit=1200%2C800&ssl=1&resize=350%2C200 1x, https:\/\/i0.wp.com\/www.supeinnihonto.com\/wp-content\/uploads\/2026\/03\/DSC_6492-scaled.jpg?fit=1200%2C800&ssl=1&resize=525%2C300 1.5x, https:\/\/i0.wp.com\/www.supeinnihonto.com\/wp-content\/uploads\/2026\/03\/DSC_6492-scaled.jpg?fit=1200%2C800&ssl=1&resize=700%2C400 2x, https:\/\/i0.wp.com\/www.supeinnihonto.com\/wp-content\/uploads\/2026\/03\/DSC_6492-scaled.jpg?fit=1200%2C800&ssl=1&resize=1050%2C600 3x"},"classes":[]},{"id":45120,"url":"https:\/\/www.supeinnihonto.com\/fr\/produit\/tsuba-marugata-en-cuivre-a-motif-de-carpe-koi-certifiee-nbthk-hozon-9\/","url_meta":{"origin":12382,"position":2},"title":"Tsuba marugata en cuivre \u00e0 motif de carpe (koi), certifi\u00e9e NBTHK Hozon.","author":"Eric Majo","date":"1 de mars de 2026","format":false,"excerpt":"ARTICLE : Livr\u00e9 avec certificat de Supein Nihonto. Livr\u00e9 avec certificat NBTHK Hozon. Fourni avec une bo\u00eete en bois. Magnifique tsuba en cuivre du XIX\u1d49 si\u00e8cle, sign\u00e9e, avec bordure et reliefs en shakud\u014d (alliage d\u2019or et de cuivre), repr\u00e9sentant une carpe dont les yeux sont sertis d\u2019or. Une \u0153uvre d\u2019art\u2026","rel":"","context":"Article similaire","block_context":{"text":"Article similaire","link":""},"img":{"alt_text":"","src":"https:\/\/i0.wp.com\/www.supeinnihonto.com\/wp-content\/uploads\/2026\/03\/DSC_6430-scaled.jpg?fit=1200%2C800&ssl=1&resize=350%2C200","width":350,"height":200,"srcset":"https:\/\/i0.wp.com\/www.supeinnihonto.com\/wp-content\/uploads\/2026\/03\/DSC_6430-scaled.jpg?fit=1200%2C800&ssl=1&resize=350%2C200 1x, https:\/\/i0.wp.com\/www.supeinnihonto.com\/wp-content\/uploads\/2026\/03\/DSC_6430-scaled.jpg?fit=1200%2C800&ssl=1&resize=525%2C300 1.5x, https:\/\/i0.wp.com\/www.supeinnihonto.com\/wp-content\/uploads\/2026\/03\/DSC_6430-scaled.jpg?fit=1200%2C800&ssl=1&resize=700%2C400 2x, https:\/\/i0.wp.com\/www.supeinnihonto.com\/wp-content\/uploads\/2026\/03\/DSC_6430-scaled.jpg?fit=1200%2C800&ssl=1&resize=1050%2C600 3x"},"classes":[]},{"id":12406,"url":"https:\/\/www.supeinnihonto.com\/fr\/produit\/tsuba-marugata-en-cuivre-a-motif-de-carpe-koi-certifiee-nbthk-hozon\/","url_meta":{"origin":12382,"position":3},"title":"Tsuba marugata en cuivre \u00e0 motif de carpe (koi), certifi\u00e9e NBTHK Hozon.","author":"Eric Majo","date":"11 de novembre de 2024","format":false,"excerpt":"ARTICLE : Livr\u00e9 avec certificat de Supein Nihonto. Livr\u00e9 avec certificat NBTHK Hozon. Fourni avec une bo\u00eete en bois. Magnifique tsuba en cuivre du XIX\u1d49 si\u00e8cle, sign\u00e9e, avec bordure et reliefs en shakud\u014d (alliage d\u2019or et de cuivre), repr\u00e9sentant une carpe dont les yeux sont sertis d\u2019or. Une \u0153uvre d\u2019art\u2026","rel":"","context":"Article similaire","block_context":{"text":"Article similaire","link":""},"img":{"alt_text":"Marugata copper koi tsuba NBTHK hozon","src":"https:\/\/i0.wp.com\/www.supeinnihonto.com\/wp-content\/uploads\/2024\/11\/DSC1819-scaled.jpg?fit=1200%2C800&ssl=1&resize=350%2C200","width":350,"height":200,"srcset":"https:\/\/i0.wp.com\/www.supeinnihonto.com\/wp-content\/uploads\/2024\/11\/DSC1819-scaled.jpg?fit=1200%2C800&ssl=1&resize=350%2C200 1x, https:\/\/i0.wp.com\/www.supeinnihonto.com\/wp-content\/uploads\/2024\/11\/DSC1819-scaled.jpg?fit=1200%2C800&ssl=1&resize=525%2C300 1.5x, https:\/\/i0.wp.com\/www.supeinnihonto.com\/wp-content\/uploads\/2024\/11\/DSC1819-scaled.jpg?fit=1200%2C800&ssl=1&resize=700%2C400 2x, https:\/\/i0.wp.com\/www.supeinnihonto.com\/wp-content\/uploads\/2024\/11\/DSC1819-scaled.jpg?fit=1200%2C800&ssl=1&resize=1050%2C600 3x"},"classes":[]},{"id":45250,"url":"https:\/\/www.supeinnihonto.com\/fr\/produit\/tsuba-marugata-en-cuivre-a-motif-de-carpe-koi-certifiee-nbthk-hozon-3\/","url_meta":{"origin":12382,"position":4},"title":"Tsuba marugata en cuivre \u00e0 motif de carpe (koi), certifi\u00e9e NBTHK Hozon.","author":"Eric Majo","date":"1 de mars de 2026","format":false,"excerpt":"ARTICLE : Livr\u00e9 avec certificat de Supein Nihonto. Livr\u00e9 avec certificat NBTHK Hozon. Fourni avec une bo\u00eete en bois. Magnifique tsuba en cuivre du XIX\u1d49 si\u00e8cle, sign\u00e9e, avec bordure et reliefs en shakud\u014d (alliage d\u2019or et de cuivre), repr\u00e9sentant une carpe dont les yeux sont sertis d\u2019or. Une \u0153uvre d\u2019art\u2026","rel":"","context":"Article similaire","block_context":{"text":"Article similaire","link":""},"img":{"alt_text":"Tsuba koi Meiji period","src":"https:\/\/i0.wp.com\/www.supeinnihonto.com\/wp-content\/uploads\/2026\/03\/DSC_6545-scaled.jpg?fit=1200%2C800&ssl=1&resize=350%2C200","width":350,"height":200,"srcset":"https:\/\/i0.wp.com\/www.supeinnihonto.com\/wp-content\/uploads\/2026\/03\/DSC_6545-scaled.jpg?fit=1200%2C800&ssl=1&resize=350%2C200 1x, https:\/\/i0.wp.com\/www.supeinnihonto.com\/wp-content\/uploads\/2026\/03\/DSC_6545-scaled.jpg?fit=1200%2C800&ssl=1&resize=525%2C300 1.5x, https:\/\/i0.wp.com\/www.supeinnihonto.com\/wp-content\/uploads\/2026\/03\/DSC_6545-scaled.jpg?fit=1200%2C800&ssl=1&resize=700%2C400 2x, https:\/\/i0.wp.com\/www.supeinnihonto.com\/wp-content\/uploads\/2026\/03\/DSC_6545-scaled.jpg?fit=1200%2C800&ssl=1&resize=1050%2C600 3x"},"classes":[]},{"id":45204,"url":"https:\/\/www.supeinnihonto.com\/fr\/produit\/tsuba-marugata-en-cuivre-a-motif-de-carpe-koi-certifiee-nbthk-hozon-6\/","url_meta":{"origin":12382,"position":5},"title":"Tsuba marugata en cuivre \u00e0 motif de carpe (koi), certifi\u00e9e NBTHK Hozon.","author":"Eric Majo","date":"1 de mars de 2026","format":false,"excerpt":"ARTICLE : Livr\u00e9 avec certificat de Supein Nihonto. Livr\u00e9 avec certificat NBTHK Hozon. Fourni avec une bo\u00eete en bois. Magnifique tsuba en cuivre du XIX\u1d49 si\u00e8cle, sign\u00e9e, avec bordure et reliefs en shakud\u014d (alliage d\u2019or et de cuivre), repr\u00e9sentant une carpe dont les yeux sont sertis d\u2019or. Une \u0153uvre d\u2019art\u2026","rel":"","context":"Article similaire","block_context":{"text":"Article similaire","link":""},"img":{"alt_text":"Dragon tsuba a vendre","src":"https:\/\/i0.wp.com\/www.supeinnihonto.com\/wp-content\/uploads\/2026\/03\/DSC_6473-scaled.jpg?fit=1200%2C800&ssl=1&resize=350%2C200","width":350,"height":200,"srcset":"https:\/\/i0.wp.com\/www.supeinnihonto.com\/wp-content\/uploads\/2026\/03\/DSC_6473-scaled.jpg?fit=1200%2C800&ssl=1&resize=350%2C200 1x, https:\/\/i0.wp.com\/www.supeinnihonto.com\/wp-content\/uploads\/2026\/03\/DSC_6473-scaled.jpg?fit=1200%2C800&ssl=1&resize=525%2C300 1.5x, https:\/\/i0.wp.com\/www.supeinnihonto.com\/wp-content\/uploads\/2026\/03\/DSC_6473-scaled.jpg?fit=1200%2C800&ssl=1&resize=700%2C400 2x, https:\/\/i0.wp.com\/www.supeinnihonto.com\/wp-content\/uploads\/2026\/03\/DSC_6473-scaled.jpg?fit=1200%2C800&ssl=1&resize=1050%2C600 3x"},"classes":[]}],"jetpack_sharing_enabled":true,"_links":{"self":[{"href":"https:\/\/www.supeinnihonto.com\/fr\/wp-json\/wp\/v2\/product\/12382","targetHints":{"allow":["GET"]}}],"collection":[{"href":"https:\/\/www.supeinnihonto.com\/fr\/wp-json\/wp\/v2\/product"}],"about":[{"href":"https:\/\/www.supeinnihonto.com\/fr\/wp-json\/wp\/v2\/types\/product"}],"wp:featuredmedia":[{"embeddable":true,"href":"https:\/\/www.supeinnihonto.com\/fr\/wp-json\/wp\/v2\/media\/12383"}],"wp:attachment":[{"href":"https:\/\/www.supeinnihonto.com\/fr\/wp-json\/wp\/v2\/media?parent=12382"}],"wp:term":[{"taxonomy":"product_brand","embeddable":true,"href":"https:\/\/www.supeinnihonto.com\/fr\/wp-json\/wp\/v2\/product_brand?post=12382"},{"taxonomy":"product_cat","embeddable":true,"href":"https:\/\/www.supeinnihonto.com\/fr\/wp-json\/wp\/v2\/product_cat?post=12382"},{"taxonomy":"product_tag","embeddable":true,"href":"https:\/\/www.supeinnihonto.com\/fr\/wp-json\/wp\/v2\/product_tag?post=12382"}],"curies":[{"name":"wp","href":"https:\/\/api.w.org\/{rel}","templated":true}]}}