{"id":12366,"date":"2024-11-12T08:58:20","date_gmt":"2024-11-12T08:58:20","guid":{"rendered":"https:\/\/www.supeinnihonto.com\/product\/gusoku-warring-states\/"},"modified":"2025-12-14T23:05:25","modified_gmt":"2025-12-14T23:05:25","slug":"gusoku-warring-states","status":"publish","type":"product","link":"https:\/\/www.supeinnihonto.com\/fr\/produit\/gusoku-warring-states\/","title":{"rendered":"Gusoku p\u00e9riode des \u00c9tats en guerre"},"content":{"rendered":"<p><em><strong>\u00c0 propos de nous :<\/strong><\/em><\/p>\n<p>Nos photographies sont prises sans retouche ni photoshop afin de garantir que le client puisse juger de la r\u00e9alit\u00e9 de l&rsquo;objet.<\/p>\n<p>Gr\u00e2ce \u00e0 un travail constant directement avec les meilleurs collectionneurs, mus\u00e9es et galeries au Japon et \u00e0 notre amiti\u00e9 avec eux, ainsi qu&rsquo;une marge b\u00e9n\u00e9ficiaire bien inf\u00e9rieure \u00e0 celle de la concurrence europ\u00e9enne, nous pouvons proposer des objets afin que de nombreuses personnes puissent choisir d&rsquo;avoir des pi\u00e8ces authentiques de plusieurs centaines d&rsquo;ann\u00e9es \u00e0 des prix plus que comp\u00e9titifs. Apr\u00e8s tout, l&rsquo;art samoura\u00ef est notre passion et nous souhaitons la partager avec le monde.<\/p>\n<p><em><strong>\u00c0 propos de l&rsquo;armure :<\/strong><\/em><\/p>\n<p><span>Elle est accompagn\u00e9e d&rsquo;un certificat de SupeinNihonto.<\/span><\/p>\n<p>Armure originale en bon \u00e9tat de la famille Yakushiji ou de la branche Matsunaga (cinq pierres). P\u00e9riode Momoyama, p\u00e9riode des \u00c9tats en guerre ou d\u00e9but de l&rsquo;\u00e9poque Edo vers 1550-1650. Cette grande et originale armure est compl\u00e8te dans toutes ses parties avec des pi\u00e8ces assorties et plusieurs Kamon identiques dispers\u00e9s autour du kabuto, des kotes, etc., ce qui montre qu&rsquo;il s&rsquo;agit d&rsquo;une armure compl\u00e8te et assortie. Elle est en \u00e9tat fantastique malgr\u00e9 son \u00e2ge, ce qui sugg\u00e8re qu&rsquo;elle a \u00e9t\u00e9 soigneusement expos\u00e9e et conserv\u00e9e apr\u00e8s usage. Le fait que les cinq mon pierres aient \u00e9t\u00e9 plac\u00e9es sur autant de pi\u00e8ces indique un travail sur mesure et donc pour une personne importante du clan. L&rsquo;armure est en excellent \u00e9tat de conservation et a \u00e9t\u00e9 achet\u00e9e dans un temple pr\u00e8s d&rsquo;Okayama. Cela \u00e9tait courant dans certaines situations, car les familles riches offraient des \u00e9p\u00e9es et des armures aux temples en signe de respect et comme pri\u00e8re pour leurs d\u00e9funts.<\/p>\n<p><span>Elle comprend la bo\u00eete antique utilis\u00e9e lors du transport et pour l&rsquo;exposition, ainsi qu&rsquo;un squelette en bois pour la maintenir droite. Comme c&rsquo;est normal pour une armure avec autant d&rsquo;histoire, qui a sans aucun doute \u00e9t\u00e9 utilis\u00e9e au combat et n&rsquo;est pas une simple reproduction du XXe si\u00e8cle, elle pr\u00e9sente quelques rayures superficielles, des dommages de surface et des \u00e9clats qui t\u00e9moignent d&rsquo;une longue vie de combat et lui conf\u00e8rent une valeur historique authentique et pr\u00e9cieuse digne d&rsquo;un mus\u00e9e. Cette pi\u00e8ce exclusive en fait une opportunit\u00e9 incroyable pour tout collectionneur d&rsquo;art japonais, militaire ou simplement historique, de mettre la main sur une pi\u00e8ce qui attirera l&rsquo;attention o\u00f9 qu&rsquo;elle soit expos\u00e9e, que ce soit dans des bureaux, des r\u00e9sidences priv\u00e9es, des bureaux ou des restaurants, et donnera un aspect royal \u00e0 n&rsquo;importe quel lieu. L&rsquo;armure poss\u00e8de des d\u00e9tails dor\u00e9s qui t\u00e9moignent de la qualit\u00e9 de la pi\u00e8ce. L&rsquo;incroyable savoir-faire accentue des pi\u00e8ces aussi orn\u00e9es que le kabuto, le mempo et le Do. Le support pour l&rsquo;assembler et la bo\u00eete sont inclus. Cette armure ravira tout collectionneur d&rsquo;art asiatique et sera le point focal de la maison, de la boutique ou du bureau de tout visiteur. Il s&rsquo;agit d&rsquo;un objet tr\u00e8s ancien et il pr\u00e9sente des dommages dus au temps et \u00e0 l&rsquo;usure. En raison de la d\u00e9licatesse du montage et d\u00e9montage continus, les retours ne sont pas accept\u00e9s sur les vieilles armures.<\/span><\/p>\n<p>Livraison gratuite.<\/p>\n","protected":false},"excerpt":{"rendered":"<p>\u00c0 propos de nous : Nos photographies sont prises sans retouche ni photoshop afin de garantir que le client puisse juger de la r\u00e9alit\u00e9 de l&rsquo;objet. Gr\u00e2ce \u00e0 un travail constant directement avec les meilleurs collectionneurs, mus\u00e9es et galeries au Japon et \u00e0 notre amiti\u00e9 avec eux, ainsi qu&rsquo;une marge [&hellip;]<\/p>\n","protected":false},"featured_media":10954,"template":"","meta":{"jetpack_post_was_ever_published":false},"product_brand":[],"product_cat":[541,542],"product_tag":[444,669,484,588],"class_list":{"0":"post-12366","1":"product","2":"type-product","3":"status-publish","4":"has-post-thumbnail","6":"product_cat-armure","7":"product_cat-gusoku-yoroi","8":"product_tag-edo","9":"product_tag-fer","10":"product_tag-vendu","11":"product_tag-yoroi","12":"product_shipping_class-lourd","14":"first","15":"outofstock","16":"sold-individually","17":"shipping-taxable","18":"purchasable","19":"product-type-simple"},"yoast_head":"<!-- This site is optimized with the Yoast SEO plugin v27.5 - https:\/\/yoast.com\/product\/yoast-seo-wordpress\/ -->\n<title>Gusoku p\u00e9riode des \u00c9tats en guerre - Supein Nihonto<\/title>\n<meta name=\"description\" content=\"Original armour in good condition of the Yakushiji family or Matsunaga branch (five stones). Momoyama period, Warring States period or early Edo period circa 1550-1650. This great and original armour is complete in all its parts\" \/>\n<meta name=\"robots\" content=\"index, follow, max-snippet:-1, max-image-preview:large, max-video-preview:-1\" \/>\n<link rel=\"canonical\" href=\"https:\/\/www.supeinnihonto.com\/fr\/produit\/gusoku-warring-states\/\" \/>\n<meta property=\"og:locale\" content=\"fr_FR\" \/>\n<meta property=\"og:type\" content=\"article\" \/>\n<meta property=\"og:title\" content=\"Gusoku p\u00e9riode des \u00c9tats en guerre - Supein Nihonto\" \/>\n<meta property=\"og:description\" content=\"Original armour in good condition of the Yakushiji family or Matsunaga branch (five stones). Momoyama period, Warring States period or early Edo period circa 1550-1650. This great and original armour is complete in all its parts\" \/>\n<meta property=\"og:url\" content=\"https:\/\/www.supeinnihonto.com\/fr\/produit\/gusoku-warring-states\/\" \/>\n<meta property=\"og:site_name\" content=\"Supein Nihonto\" \/>\n<meta property=\"article:modified_time\" content=\"2025-12-14T23:05:25+00:00\" \/>\n<meta property=\"og:image\" content=\"https:\/\/www.supeinnihonto.com\/wp-content\/uploads\/2024\/02\/logo-sold.png\" \/>\n\t<meta property=\"og:image:width\" content=\"3125\" \/>\n\t<meta property=\"og:image:height\" content=\"1875\" \/>\n\t<meta property=\"og:image:type\" content=\"image\/png\" \/>\n<meta name=\"twitter:card\" content=\"summary_large_image\" \/>\n<meta name=\"twitter:label1\" content=\"Dur\u00e9e de lecture estim\u00e9e\" \/>\n\t<meta name=\"twitter:data1\" content=\"3 minutes\" \/>\n<script type=\"application\/ld+json\" class=\"yoast-schema-graph\">{\"@context\":\"https:\\\/\\\/schema.org\",\"@graph\":[{\"@type\":\"WebPage\",\"@id\":\"https:\\\/\\\/www.supeinnihonto.com\\\/fr\\\/produit\\\/gusoku-warring-states\\\/\",\"url\":\"https:\\\/\\\/www.supeinnihonto.com\\\/fr\\\/produit\\\/gusoku-warring-states\\\/\",\"name\":\"Gusoku p\u00e9riode des \u00c9tats en guerre - Supein Nihonto\",\"isPartOf\":{\"@id\":\"https:\\\/\\\/www.supeinnihonto.com\\\/fr\\\/#website\"},\"primaryImageOfPage\":{\"@id\":\"https:\\\/\\\/www.supeinnihonto.com\\\/fr\\\/produit\\\/gusoku-warring-states\\\/#primaryimage\"},\"image\":{\"@id\":\"https:\\\/\\\/www.supeinnihonto.com\\\/fr\\\/produit\\\/gusoku-warring-states\\\/#primaryimage\"},\"thumbnailUrl\":\"https:\\\/\\\/i0.wp.com\\\/www.supeinnihonto.com\\\/wp-content\\\/uploads\\\/2024\\\/02\\\/logo-sold-scaled.png?fit=3125%2C1875&ssl=1\",\"datePublished\":\"2024-11-12T08:58:20+00:00\",\"dateModified\":\"2025-12-14T23:05:25+00:00\",\"description\":\"Original armour in good condition of the Yakushiji family or Matsunaga branch (five stones). Momoyama period, Warring States period or early Edo period circa 1550-1650. This great and original armour is complete in all its parts\",\"breadcrumb\":{\"@id\":\"https:\\\/\\\/www.supeinnihonto.com\\\/fr\\\/produit\\\/gusoku-warring-states\\\/#breadcrumb\"},\"inLanguage\":\"fr-FR\",\"potentialAction\":[{\"@type\":\"ReadAction\",\"target\":[\"https:\\\/\\\/www.supeinnihonto.com\\\/fr\\\/produit\\\/gusoku-warring-states\\\/\"]}]},{\"@type\":\"ImageObject\",\"inLanguage\":\"fr-FR\",\"@id\":\"https:\\\/\\\/www.supeinnihonto.com\\\/fr\\\/produit\\\/gusoku-warring-states\\\/#primaryimage\",\"url\":\"https:\\\/\\\/i0.wp.com\\\/www.supeinnihonto.com\\\/wp-content\\\/uploads\\\/2024\\\/02\\\/logo-sold-scaled.png?fit=3125%2C1875&ssl=1\",\"contentUrl\":\"https:\\\/\\\/i0.wp.com\\\/www.supeinnihonto.com\\\/wp-content\\\/uploads\\\/2024\\\/02\\\/logo-sold-scaled.png?fit=3125%2C1875&ssl=1\",\"width\":3125,\"height\":1875,\"caption\":\"sold\"},{\"@type\":\"BreadcrumbList\",\"@id\":\"https:\\\/\\\/www.supeinnihonto.com\\\/fr\\\/produit\\\/gusoku-warring-states\\\/#breadcrumb\",\"itemListElement\":[{\"@type\":\"ListItem\",\"position\":1,\"name\":\"Portada\",\"item\":\"https:\\\/\\\/www.supeinnihonto.com\\\/fr\\\/\"},{\"@type\":\"ListItem\",\"position\":2,\"name\":\"Shop\",\"item\":\"https:\\\/\\\/www.supeinnihonto.com\\\/fr\\\/shop\\\/\"},{\"@type\":\"ListItem\",\"position\":3,\"name\":\"Gusoku p\u00e9riode des \u00c9tats en guerre\"}]},{\"@type\":\"WebSite\",\"@id\":\"https:\\\/\\\/www.supeinnihonto.com\\\/fr\\\/#website\",\"url\":\"https:\\\/\\\/www.supeinnihonto.com\\\/fr\\\/\",\"name\":\"Supein Nihonto\",\"description\":\"Authentic japanese Nihonto katana \",\"publisher\":{\"@id\":\"https:\\\/\\\/www.supeinnihonto.com\\\/fr\\\/#organization\"},\"potentialAction\":[{\"@type\":\"SearchAction\",\"target\":{\"@type\":\"EntryPoint\",\"urlTemplate\":\"https:\\\/\\\/www.supeinnihonto.com\\\/fr\\\/?s={search_term_string}\"},\"query-input\":{\"@type\":\"PropertyValueSpecification\",\"valueRequired\":true,\"valueName\":\"search_term_string\"}}],\"inLanguage\":\"fr-FR\"},{\"@type\":\"Organization\",\"@id\":\"https:\\\/\\\/www.supeinnihonto.com\\\/fr\\\/#organization\",\"name\":\"SupeinNihonto\",\"url\":\"https:\\\/\\\/www.supeinnihonto.com\\\/fr\\\/\",\"logo\":{\"@type\":\"ImageObject\",\"inLanguage\":\"fr-FR\",\"@id\":\"https:\\\/\\\/www.supeinnihonto.com\\\/fr\\\/#\\\/schema\\\/logo\\\/image\\\/\",\"url\":\"https:\\\/\\\/www.supeinnihonto.com\\\/wp-content\\\/uploads\\\/2021\\\/11\\\/animation_Default_3szk0jcenoloop.gif\",\"contentUrl\":\"https:\\\/\\\/www.supeinnihonto.com\\\/wp-content\\\/uploads\\\/2021\\\/11\\\/animation_Default_3szk0jcenoloop.gif\",\"width\":750,\"height\":641,\"caption\":\"SupeinNihonto\"},\"image\":{\"@id\":\"https:\\\/\\\/www.supeinnihonto.com\\\/fr\\\/#\\\/schema\\\/logo\\\/image\\\/\"}}]}<\/script>\n<!-- \/ Yoast SEO plugin. -->","yoast_head_json":{"title":"Gusoku p\u00e9riode des \u00c9tats en guerre - Supein Nihonto","description":"Original armour in good condition of the Yakushiji family or Matsunaga branch (five stones). Momoyama period, Warring States period or early Edo period circa 1550-1650. This great and original armour is complete in all its parts","robots":{"index":"index","follow":"follow","max-snippet":"max-snippet:-1","max-image-preview":"max-image-preview:large","max-video-preview":"max-video-preview:-1"},"canonical":"https:\/\/www.supeinnihonto.com\/fr\/produit\/gusoku-warring-states\/","og_locale":"fr_FR","og_type":"article","og_title":"Gusoku p\u00e9riode des \u00c9tats en guerre - Supein Nihonto","og_description":"Original armour in good condition of the Yakushiji family or Matsunaga branch (five stones). Momoyama period, Warring States period or early Edo period circa 1550-1650. This great and original armour is complete in all its parts","og_url":"https:\/\/www.supeinnihonto.com\/fr\/produit\/gusoku-warring-states\/","og_site_name":"Supein Nihonto","article_modified_time":"2025-12-14T23:05:25+00:00","og_image":[{"width":3125,"height":1875,"url":"https:\/\/www.supeinnihonto.com\/wp-content\/uploads\/2024\/02\/logo-sold.png","type":"image\/png"}],"twitter_card":"summary_large_image","twitter_misc":{"Dur\u00e9e de lecture estim\u00e9e":"3 minutes"},"schema":{"@context":"https:\/\/schema.org","@graph":[{"@type":"WebPage","@id":"https:\/\/www.supeinnihonto.com\/fr\/produit\/gusoku-warring-states\/","url":"https:\/\/www.supeinnihonto.com\/fr\/produit\/gusoku-warring-states\/","name":"Gusoku p\u00e9riode des \u00c9tats en guerre - Supein Nihonto","isPartOf":{"@id":"https:\/\/www.supeinnihonto.com\/fr\/#website"},"primaryImageOfPage":{"@id":"https:\/\/www.supeinnihonto.com\/fr\/produit\/gusoku-warring-states\/#primaryimage"},"image":{"@id":"https:\/\/www.supeinnihonto.com\/fr\/produit\/gusoku-warring-states\/#primaryimage"},"thumbnailUrl":"https:\/\/i0.wp.com\/www.supeinnihonto.com\/wp-content\/uploads\/2024\/02\/logo-sold-scaled.png?fit=3125%2C1875&ssl=1","datePublished":"2024-11-12T08:58:20+00:00","dateModified":"2025-12-14T23:05:25+00:00","description":"Original armour in good condition of the Yakushiji family or Matsunaga branch (five stones). Momoyama period, Warring States period or early Edo period circa 1550-1650. This great and original armour is complete in all its parts","breadcrumb":{"@id":"https:\/\/www.supeinnihonto.com\/fr\/produit\/gusoku-warring-states\/#breadcrumb"},"inLanguage":"fr-FR","potentialAction":[{"@type":"ReadAction","target":["https:\/\/www.supeinnihonto.com\/fr\/produit\/gusoku-warring-states\/"]}]},{"@type":"ImageObject","inLanguage":"fr-FR","@id":"https:\/\/www.supeinnihonto.com\/fr\/produit\/gusoku-warring-states\/#primaryimage","url":"https:\/\/i0.wp.com\/www.supeinnihonto.com\/wp-content\/uploads\/2024\/02\/logo-sold-scaled.png?fit=3125%2C1875&ssl=1","contentUrl":"https:\/\/i0.wp.com\/www.supeinnihonto.com\/wp-content\/uploads\/2024\/02\/logo-sold-scaled.png?fit=3125%2C1875&ssl=1","width":3125,"height":1875,"caption":"sold"},{"@type":"BreadcrumbList","@id":"https:\/\/www.supeinnihonto.com\/fr\/produit\/gusoku-warring-states\/#breadcrumb","itemListElement":[{"@type":"ListItem","position":1,"name":"Portada","item":"https:\/\/www.supeinnihonto.com\/fr\/"},{"@type":"ListItem","position":2,"name":"Shop","item":"https:\/\/www.supeinnihonto.com\/fr\/shop\/"},{"@type":"ListItem","position":3,"name":"Gusoku p\u00e9riode des \u00c9tats en guerre"}]},{"@type":"WebSite","@id":"https:\/\/www.supeinnihonto.com\/fr\/#website","url":"https:\/\/www.supeinnihonto.com\/fr\/","name":"Supein Nihonto","description":"Authentic japanese Nihonto katana ","publisher":{"@id":"https:\/\/www.supeinnihonto.com\/fr\/#organization"},"potentialAction":[{"@type":"SearchAction","target":{"@type":"EntryPoint","urlTemplate":"https:\/\/www.supeinnihonto.com\/fr\/?s={search_term_string}"},"query-input":{"@type":"PropertyValueSpecification","valueRequired":true,"valueName":"search_term_string"}}],"inLanguage":"fr-FR"},{"@type":"Organization","@id":"https:\/\/www.supeinnihonto.com\/fr\/#organization","name":"SupeinNihonto","url":"https:\/\/www.supeinnihonto.com\/fr\/","logo":{"@type":"ImageObject","inLanguage":"fr-FR","@id":"https:\/\/www.supeinnihonto.com\/fr\/#\/schema\/logo\/image\/","url":"https:\/\/www.supeinnihonto.com\/wp-content\/uploads\/2021\/11\/animation_Default_3szk0jcenoloop.gif","contentUrl":"https:\/\/www.supeinnihonto.com\/wp-content\/uploads\/2021\/11\/animation_Default_3szk0jcenoloop.gif","width":750,"height":641,"caption":"SupeinNihonto"},"image":{"@id":"https:\/\/www.supeinnihonto.com\/fr\/#\/schema\/logo\/image\/"}}]}},"jetpack-related-posts":[{"id":15135,"url":"https:\/\/www.supeinnihonto.com\/fr\/produit\/great-yoroi\/","url_meta":{"origin":12366,"position":0},"title":"Grand Yoroi","author":"Supein Nihonto","date":"25 de janvier de 2024","format":false,"excerpt":"\u00c0 propos de nous : Nos photographies sont prises sans retouche ni photoshop afin de garantir que le client puisse juger de la r\u00e9alit\u00e9 de l\u2019objet. Gr\u00e2ce \u00e0 un travail constant directement avec les meilleurs collectionneurs, mus\u00e9es et galeries au Japon et \u00e0 notre amiti\u00e9 avec eux, ainsi qu\u2019\u00e0 une\u2026","rel":"","context":"Article similaire","block_context":{"text":"Article similaire","link":""},"img":{"alt_text":"sold","src":"https:\/\/i0.wp.com\/www.supeinnihonto.com\/wp-content\/uploads\/2024\/02\/logo-sold-scaled.png?fit=1200%2C720&ssl=1&resize=350%2C200","width":350,"height":200,"srcset":"https:\/\/i0.wp.com\/www.supeinnihonto.com\/wp-content\/uploads\/2024\/02\/logo-sold-scaled.png?fit=1200%2C720&ssl=1&resize=350%2C200 1x, https:\/\/i0.wp.com\/www.supeinnihonto.com\/wp-content\/uploads\/2024\/02\/logo-sold-scaled.png?fit=1200%2C720&ssl=1&resize=525%2C300 1.5x, https:\/\/i0.wp.com\/www.supeinnihonto.com\/wp-content\/uploads\/2024\/02\/logo-sold-scaled.png?fit=1200%2C720&ssl=1&resize=700%2C400 2x, https:\/\/i0.wp.com\/www.supeinnihonto.com\/wp-content\/uploads\/2024\/02\/logo-sold-scaled.png?fit=1200%2C720&ssl=1&resize=1050%2C600 3x"},"classes":[]},{"id":15111,"url":"https:\/\/www.supeinnihonto.com\/fr\/produit\/gusoku-kawari-kabuto\/","url_meta":{"origin":12366,"position":1},"title":"Gusoku casque kawari faisan","author":"Supein Nihonto","date":"25 de janvier de 2024","format":false,"excerpt":"\u00c0 propos de nous : Nos photographies sont prises sans retouche ni photoshop afin de garantir que le client puisse juger de la r\u00e9alit\u00e9 de l\u2019objet. Gr\u00e2ce \u00e0 un travail constant directement avec les meilleurs collectionneurs, mus\u00e9es et galeries au Japon et \u00e0 notre amiti\u00e9 avec eux, ainsi qu\u2019\u00e0 une\u2026","rel":"","context":"Article similaire","block_context":{"text":"Article similaire","link":""},"img":{"alt_text":"sold","src":"https:\/\/i0.wp.com\/www.supeinnihonto.com\/wp-content\/uploads\/2024\/02\/logo-sold-scaled.png?fit=1200%2C720&ssl=1&resize=350%2C200","width":350,"height":200,"srcset":"https:\/\/i0.wp.com\/www.supeinnihonto.com\/wp-content\/uploads\/2024\/02\/logo-sold-scaled.png?fit=1200%2C720&ssl=1&resize=350%2C200 1x, https:\/\/i0.wp.com\/www.supeinnihonto.com\/wp-content\/uploads\/2024\/02\/logo-sold-scaled.png?fit=1200%2C720&ssl=1&resize=525%2C300 1.5x, https:\/\/i0.wp.com\/www.supeinnihonto.com\/wp-content\/uploads\/2024\/02\/logo-sold-scaled.png?fit=1200%2C720&ssl=1&resize=700%2C400 2x, https:\/\/i0.wp.com\/www.supeinnihonto.com\/wp-content\/uploads\/2024\/02\/logo-sold-scaled.png?fit=1200%2C720&ssl=1&resize=1050%2C600 3x"},"classes":[]},{"id":15103,"url":"https:\/\/www.supeinnihonto.com\/fr\/produit\/gusogu-flag-edo-period\/","url_meta":{"origin":12366,"position":2},"title":"Drapeau Gusogu p\u00e9riode Edo","author":"Supein Nihonto","date":"26 de janvier de 2024","format":false,"excerpt":"\u00c0 propos de nous : Nos photographies sont prises sans retouche ni photoshop afin de garantir que le client puisse juger de la r\u00e9alit\u00e9 de l'objet. Gr\u00e2ce \u00e0 un travail constant directement avec les meilleurs collectionneurs, mus\u00e9es et galeries au Japon et \u00e0 notre amiti\u00e9 avec eux, ainsi qu'\u00e0 une\u2026","rel":"","context":"Article similaire","block_context":{"text":"Article similaire","link":""},"img":{"alt_text":"sold","src":"https:\/\/i0.wp.com\/www.supeinnihonto.com\/wp-content\/uploads\/2024\/02\/logo-sold-scaled.png?fit=1200%2C720&ssl=1&resize=350%2C200","width":350,"height":200,"srcset":"https:\/\/i0.wp.com\/www.supeinnihonto.com\/wp-content\/uploads\/2024\/02\/logo-sold-scaled.png?fit=1200%2C720&ssl=1&resize=350%2C200 1x, https:\/\/i0.wp.com\/www.supeinnihonto.com\/wp-content\/uploads\/2024\/02\/logo-sold-scaled.png?fit=1200%2C720&ssl=1&resize=525%2C300 1.5x, https:\/\/i0.wp.com\/www.supeinnihonto.com\/wp-content\/uploads\/2024\/02\/logo-sold-scaled.png?fit=1200%2C720&ssl=1&resize=700%2C400 2x, https:\/\/i0.wp.com\/www.supeinnihonto.com\/wp-content\/uploads\/2024\/02\/logo-sold-scaled.png?fit=1200%2C720&ssl=1&resize=1050%2C600 3x"},"classes":[]},{"id":10966,"url":"https:\/\/www.supeinnihonto.com\/fr\/produit\/tengu-kawari-kabuto\/","url_meta":{"origin":12366,"position":3},"title":"Tengu Kawari Kabuto","author":"Eric Majo","date":"29 de novembre de 2025","format":false,"excerpt":"\u00c0 propos de nous : Nos photographies sont prises sans retouche ni photoshop afin de garantir que le client puisse juger de la r\u00e9alit\u00e9 de l\u2019objet. Gr\u00e2ce \u00e0 un travail constant directement avec les meilleurs collectionneurs, mus\u00e9es et galeries au Japon et \u00e0 notre amiti\u00e9 avec eux, ainsi qu\u2019\u00e0 une\u2026","rel":"","context":"Article similaire","block_context":{"text":"Article similaire","link":""},"img":{"alt_text":"Tengu kabuto for sale","src":"https:\/\/i0.wp.com\/www.supeinnihonto.com\/wp-content\/uploads\/2025\/11\/DSC_4003-scaled.jpg?fit=1200%2C959&ssl=1&resize=350%2C200","width":350,"height":200,"srcset":"https:\/\/i0.wp.com\/www.supeinnihonto.com\/wp-content\/uploads\/2025\/11\/DSC_4003-scaled.jpg?fit=1200%2C959&ssl=1&resize=350%2C200 1x, https:\/\/i0.wp.com\/www.supeinnihonto.com\/wp-content\/uploads\/2025\/11\/DSC_4003-scaled.jpg?fit=1200%2C959&ssl=1&resize=525%2C300 1.5x, https:\/\/i0.wp.com\/www.supeinnihonto.com\/wp-content\/uploads\/2025\/11\/DSC_4003-scaled.jpg?fit=1200%2C959&ssl=1&resize=700%2C400 2x, https:\/\/i0.wp.com\/www.supeinnihonto.com\/wp-content\/uploads\/2025\/11\/DSC_4003-scaled.jpg?fit=1200%2C959&ssl=1&resize=1050%2C600 3x"},"classes":[]},{"id":15143,"url":"https:\/\/www.supeinnihonto.com\/fr\/produit\/gusoku-edo-crescent-moon\/","url_meta":{"origin":12366,"position":4},"title":"Gusoku \u00c9do Croissant de lune","author":"Supein Nihonto","date":"25 de janvier de 2024","format":false,"excerpt":"\u00c0 propos de nous : Nos photographies sont prises sans retouche ni photoshop afin de garantir que le client puisse juger de la r\u00e9alit\u00e9 de l'objet. Gr\u00e2ce \u00e0 un travail constant directement avec les meilleurs collectionneurs, mus\u00e9es et galeries au Japon et \u00e0 notre amiti\u00e9 avec eux, ainsi qu'\u00e0 une\u2026","rel":"","context":"Article similaire","block_context":{"text":"Article similaire","link":""},"img":{"alt_text":"sold","src":"https:\/\/i0.wp.com\/www.supeinnihonto.com\/wp-content\/uploads\/2024\/02\/logo-sold-scaled.png?fit=1200%2C720&ssl=1&resize=350%2C200","width":350,"height":200,"srcset":"https:\/\/i0.wp.com\/www.supeinnihonto.com\/wp-content\/uploads\/2024\/02\/logo-sold-scaled.png?fit=1200%2C720&ssl=1&resize=350%2C200 1x, https:\/\/i0.wp.com\/www.supeinnihonto.com\/wp-content\/uploads\/2024\/02\/logo-sold-scaled.png?fit=1200%2C720&ssl=1&resize=525%2C300 1.5x, https:\/\/i0.wp.com\/www.supeinnihonto.com\/wp-content\/uploads\/2024\/02\/logo-sold-scaled.png?fit=1200%2C720&ssl=1&resize=700%2C400 2x, https:\/\/i0.wp.com\/www.supeinnihonto.com\/wp-content\/uploads\/2024\/02\/logo-sold-scaled.png?fit=1200%2C720&ssl=1&resize=1050%2C600 3x"},"classes":[]},{"id":43826,"url":"https:\/\/www.supeinnihonto.com\/fr\/produit\/gusoku-gunbai-mon-6\/","url_meta":{"origin":12366,"position":5},"title":"Gusoku Gunbai Mon","author":"Eric Majo","date":"24 de f\u00e9vrier de 2026","format":false,"excerpt":"\u00c0 propos de nous : Nos photographies sont r\u00e9alis\u00e9es sans retouche ni Photoshop afin de permettre au client de juger de la r\u00e9alit\u00e9 de l\u2019objet. Gr\u00e2ce \u00e0 un travail constant men\u00e9 directement avec les meilleurs collectionneurs, mus\u00e9es et galeries au Japon, ainsi qu\u2019aux relations d\u2019amiti\u00e9 que nous entretenons avec eux,\u2026","rel":"","context":"Article similaire","block_context":{"text":"Article similaire","link":""},"img":{"alt_text":"Samurai armor for sell edo period","src":"https:\/\/i0.wp.com\/www.supeinnihonto.com\/wp-content\/uploads\/2026\/02\/GEO1293-scaled.jpg?fit=1200%2C799&ssl=1&resize=350%2C200","width":350,"height":200,"srcset":"https:\/\/i0.wp.com\/www.supeinnihonto.com\/wp-content\/uploads\/2026\/02\/GEO1293-scaled.jpg?fit=1200%2C799&ssl=1&resize=350%2C200 1x, https:\/\/i0.wp.com\/www.supeinnihonto.com\/wp-content\/uploads\/2026\/02\/GEO1293-scaled.jpg?fit=1200%2C799&ssl=1&resize=525%2C300 1.5x, https:\/\/i0.wp.com\/www.supeinnihonto.com\/wp-content\/uploads\/2026\/02\/GEO1293-scaled.jpg?fit=1200%2C799&ssl=1&resize=700%2C400 2x, https:\/\/i0.wp.com\/www.supeinnihonto.com\/wp-content\/uploads\/2026\/02\/GEO1293-scaled.jpg?fit=1200%2C799&ssl=1&resize=1050%2C600 3x"},"classes":[]}],"jetpack_sharing_enabled":true,"_links":{"self":[{"href":"https:\/\/www.supeinnihonto.com\/fr\/wp-json\/wp\/v2\/product\/12366","targetHints":{"allow":["GET"]}}],"collection":[{"href":"https:\/\/www.supeinnihonto.com\/fr\/wp-json\/wp\/v2\/product"}],"about":[{"href":"https:\/\/www.supeinnihonto.com\/fr\/wp-json\/wp\/v2\/types\/product"}],"wp:featuredmedia":[{"embeddable":true,"href":"https:\/\/www.supeinnihonto.com\/fr\/wp-json\/wp\/v2\/media\/10954"}],"wp:attachment":[{"href":"https:\/\/www.supeinnihonto.com\/fr\/wp-json\/wp\/v2\/media?parent=12366"}],"wp:term":[{"taxonomy":"product_brand","embeddable":true,"href":"https:\/\/www.supeinnihonto.com\/fr\/wp-json\/wp\/v2\/product_brand?post=12366"},{"taxonomy":"product_cat","embeddable":true,"href":"https:\/\/www.supeinnihonto.com\/fr\/wp-json\/wp\/v2\/product_cat?post=12366"},{"taxonomy":"product_tag","embeddable":true,"href":"https:\/\/www.supeinnihonto.com\/fr\/wp-json\/wp\/v2\/product_tag?post=12366"}],"curies":[{"name":"wp","href":"https:\/\/api.w.org\/{rel}","templated":true}]}}