{"id":12358,"date":"2024-11-12T10:11:17","date_gmt":"2024-11-12T10:11:17","guid":{"rendered":"https:\/\/www.supeinnihonto.com\/product\/marugata-bronce-items\/"},"modified":"2025-12-20T10:24:28","modified_gmt":"2025-12-20T10:24:28","slug":"marugata-bronze-items","status":"publish","type":"product","link":"https:\/\/www.supeinnihonto.com\/fr\/produit\/marugata-bronze-items\/","title":{"rendered":"Marugata bronze items"},"content":{"rendered":"<p data-start=\"197\" data-end=\"212\"><strong data-start=\"197\" data-end=\"210\">ARTICLE :<\/strong><\/p>\n<p data-start=\"214\" data-end=\"287\">Livr\u00e9 avec certificat de Supein Nihonto. Fourni avec une bo\u00eete en bois.<\/p>\n<p data-start=\"289\" data-end=\"573\">Tsuba en bronze avec bordure en argent, d\u00e9cor\u00e9e de motifs culturels du quotidien tels qu\u2019un vase d\u2019ikebana, une th\u00e9i\u00e8re, des vases en bois et des coquillages. Incrustations de bronze, d\u2019argent et d\u2019or. Un travail tr\u00e8s \u00e9labor\u00e9 pour un tsuba particuli\u00e8rement original. \u00c9pais et lourd.<\/p>\n<p data-start=\"575\" data-end=\"587\">7,1 \u00d7 7 cm<\/p>\n<p data-start=\"589\" data-end=\"613\"><strong data-start=\"589\" data-end=\"611\">\u00c0 PROPOS DE NOUS :<\/strong><\/p>\n<p data-start=\"615\" data-end=\"2052\">Chez Supein Nihonto, nous nous effor\u00e7ons de vous proposer des sabres et armures de samoura\u00ef de haute qualit\u00e9 \u00e0 des prix bien inf\u00e9rieurs \u00e0 ceux de la concurrence. Nous sommes probablement le plus grand exportateur d\u2019Europe et nous sommes fiers d\u2019annoncer que nous sommes le <strong data-start=\"888\" data-end=\"907\">premier vendeur<\/strong> dans les ventes Samurai et japonaises sur Catawiki.<br data-start=\"959\" data-end=\"962\" \/>Cela est particuli\u00e8rement important pour \u00e9conomiser sur les taxes et les d\u00e9lais d\u2019attente, qui peuvent d\u00e9passer quatre mois avec des vendeurs japonais, ainsi que sur les proc\u00e9dures longues et parfois probl\u00e9matiques qui prolongent encore les livraisons, allant jusqu\u2019au retour du colis \u00e0 l\u2019exp\u00e9diteur, sans compter plus de 35 % de frais suppl\u00e9mentaires sur le prix final dus aux douanes, droits et taxes, lesquels augmentent le co\u00fbt mais non la qualit\u00e9 ni la valeur de revente future.<br data-start=\"1445\" data-end=\"1448\" \/>En tant que vendeurs professionnels, nous offrons une garantie de satisfaction, une expertise et des standards sup\u00e9rieurs \u00e0 ceux des vendeurs priv\u00e9s, ainsi qu\u2019un service apr\u00e8s-vente renforc\u00e9. Gr\u00e2ce \u00e0 cela, \u00e0 nos prix professionnels parmi les plus bas du secteur et \u00e0 notre m\u00e9thode d\u2019exp\u00e9dition rapide et efficace \u2014 rarement plus de trois jours en Europe \u2014 nous sommes convaincus que vous appr\u00e9cierez cette opportunit\u00e9 exceptionnelle d\u2019acqu\u00e9rir une \u0153uvre d\u2019art qui prendra de la valeur au fil des ann\u00e9es et constituera un excellent investissement. Faites-nous confiance pour appr\u00e9cier l\u2019art des samoura\u00efs.<\/p>\n","protected":false},"excerpt":{"rendered":"<p>ARTICLE : Livr\u00e9 avec certificat de Supein Nihonto. Fourni avec une bo\u00eete en bois. Tsuba en bronze avec bordure en argent, d\u00e9cor\u00e9e de motifs culturels du quotidien tels qu\u2019un vase d\u2019ikebana, une th\u00e9i\u00e8re, des vases en bois et des coquillages. Incrustations de bronze, d\u2019argent et d\u2019or. Un travail tr\u00e8s \u00e9labor\u00e9 [&hellip;]<\/p>\n","protected":false},"featured_media":12359,"template":"","meta":{"jetpack_post_was_ever_published":false},"product_brand":[],"product_cat":[552,556],"product_tag":[452,456,468,622],"class_list":{"0":"post-12358","1":"product","2":"type-product","3":"status-publish","4":"has-post-thumbnail","6":"product_cat-tosogu","7":"product_cat-tsuba","8":"product_tag-hozon","9":"product_tag-katana","10":"product_tag-nbthk","11":"product_tag-tsuba","12":"product_shipping_class-light","14":"first","15":"instock","16":"featured","17":"sold-individually","18":"shipping-taxable","19":"purchasable","20":"product-type-simple"},"yoast_head":"<!-- This site is optimized with the Yoast SEO plugin v27.4 - https:\/\/yoast.com\/product\/yoast-seo-wordpress\/ -->\n<title>Marugata bronze items - Supein Nihonto<\/title>\n<meta name=\"description\" content=\"Tsuba en bronze avec bordure en argent, d\u00e9cor\u00e9e de motifs culturels du quotidien tels qu\u2019un vase d\u2019ikebana, une th\u00e9i\u00e8re, des vases en bois et des coquillages. Incrustations de bronze, d\u2019argent et d\u2019or. Un travail tr\u00e8s \u00e9labor\u00e9 pour un tsuba particuli\u00e8rement original. \u00c9pais et lourd.\" \/>\n<meta name=\"robots\" content=\"index, follow, max-snippet:-1, max-image-preview:large, max-video-preview:-1\" \/>\n<link rel=\"canonical\" href=\"https:\/\/www.supeinnihonto.com\/fr\/produit\/marugata-bronze-items\/\" \/>\n<meta property=\"og:locale\" content=\"fr_FR\" \/>\n<meta property=\"og:type\" content=\"article\" \/>\n<meta property=\"og:title\" content=\"Marugata bronze items - Supein Nihonto\" \/>\n<meta property=\"og:description\" content=\"Tsuba en bronze avec bordure en argent, d\u00e9cor\u00e9e de motifs culturels du quotidien tels qu\u2019un vase d\u2019ikebana, une th\u00e9i\u00e8re, des vases en bois et des coquillages. Incrustations de bronze, d\u2019argent et d\u2019or. Un travail tr\u00e8s \u00e9labor\u00e9 pour un tsuba particuli\u00e8rement original. \u00c9pais et lourd.\" \/>\n<meta property=\"og:url\" content=\"https:\/\/www.supeinnihonto.com\/fr\/produit\/marugata-bronze-items\/\" \/>\n<meta property=\"og:site_name\" content=\"Supein Nihonto\" \/>\n<meta property=\"article:modified_time\" content=\"2025-12-20T10:24:28+00:00\" \/>\n<meta property=\"og:image\" content=\"https:\/\/www.supeinnihonto.com\/wp-content\/uploads\/2024\/11\/DSC1977-scaled.jpg\" \/>\n\t<meta property=\"og:image:width\" content=\"2560\" \/>\n\t<meta property=\"og:image:height\" content=\"1707\" \/>\n\t<meta property=\"og:image:type\" content=\"image\/jpeg\" \/>\n<meta name=\"twitter:card\" content=\"summary_large_image\" \/>\n<meta name=\"twitter:label1\" content=\"Dur\u00e9e de lecture estim\u00e9e\" \/>\n\t<meta name=\"twitter:data1\" content=\"2 minutes\" \/>\n<script type=\"application\/ld+json\" class=\"yoast-schema-graph\">{\"@context\":\"https:\\\/\\\/schema.org\",\"@graph\":[{\"@type\":\"WebPage\",\"@id\":\"https:\\\/\\\/www.supeinnihonto.com\\\/fr\\\/produit\\\/marugata-bronze-items\\\/\",\"url\":\"https:\\\/\\\/www.supeinnihonto.com\\\/fr\\\/produit\\\/marugata-bronze-items\\\/\",\"name\":\"Marugata bronze items - Supein Nihonto\",\"isPartOf\":{\"@id\":\"https:\\\/\\\/www.supeinnihonto.com\\\/fr\\\/#website\"},\"primaryImageOfPage\":{\"@id\":\"https:\\\/\\\/www.supeinnihonto.com\\\/fr\\\/produit\\\/marugata-bronze-items\\\/#primaryimage\"},\"image\":{\"@id\":\"https:\\\/\\\/www.supeinnihonto.com\\\/fr\\\/produit\\\/marugata-bronze-items\\\/#primaryimage\"},\"thumbnailUrl\":\"https:\\\/\\\/i0.wp.com\\\/www.supeinnihonto.com\\\/wp-content\\\/uploads\\\/2024\\\/11\\\/DSC1977-scaled.jpg?fit=2560%2C1707&ssl=1\",\"datePublished\":\"2024-11-12T10:11:17+00:00\",\"dateModified\":\"2025-12-20T10:24:28+00:00\",\"description\":\"Tsuba en bronze avec bordure en argent, d\u00e9cor\u00e9e de motifs culturels du quotidien tels qu\u2019un vase d\u2019ikebana, une th\u00e9i\u00e8re, des vases en bois et des coquillages. Incrustations de bronze, d\u2019argent et d\u2019or. Un travail tr\u00e8s \u00e9labor\u00e9 pour un tsuba particuli\u00e8rement original. \u00c9pais et lourd.\",\"breadcrumb\":{\"@id\":\"https:\\\/\\\/www.supeinnihonto.com\\\/fr\\\/produit\\\/marugata-bronze-items\\\/#breadcrumb\"},\"inLanguage\":\"fr-FR\",\"potentialAction\":[{\"@type\":\"ReadAction\",\"target\":[\"https:\\\/\\\/www.supeinnihonto.com\\\/fr\\\/produit\\\/marugata-bronze-items\\\/\"]}]},{\"@type\":\"ImageObject\",\"inLanguage\":\"fr-FR\",\"@id\":\"https:\\\/\\\/www.supeinnihonto.com\\\/fr\\\/produit\\\/marugata-bronze-items\\\/#primaryimage\",\"url\":\"https:\\\/\\\/i0.wp.com\\\/www.supeinnihonto.com\\\/wp-content\\\/uploads\\\/2024\\\/11\\\/DSC1977-scaled.jpg?fit=2560%2C1707&ssl=1\",\"contentUrl\":\"https:\\\/\\\/i0.wp.com\\\/www.supeinnihonto.com\\\/wp-content\\\/uploads\\\/2024\\\/11\\\/DSC1977-scaled.jpg?fit=2560%2C1707&ssl=1\",\"width\":2560,\"height\":1707},{\"@type\":\"BreadcrumbList\",\"@id\":\"https:\\\/\\\/www.supeinnihonto.com\\\/fr\\\/produit\\\/marugata-bronze-items\\\/#breadcrumb\",\"itemListElement\":[{\"@type\":\"ListItem\",\"position\":1,\"name\":\"Portada\",\"item\":\"https:\\\/\\\/www.supeinnihonto.com\\\/fr\\\/\"},{\"@type\":\"ListItem\",\"position\":2,\"name\":\"Shop\",\"item\":\"https:\\\/\\\/www.supeinnihonto.com\\\/fr\\\/shop\\\/\"},{\"@type\":\"ListItem\",\"position\":3,\"name\":\"Marugata bronze items\"}]},{\"@type\":\"WebSite\",\"@id\":\"https:\\\/\\\/www.supeinnihonto.com\\\/fr\\\/#website\",\"url\":\"https:\\\/\\\/www.supeinnihonto.com\\\/fr\\\/\",\"name\":\"Supein Nihonto\",\"description\":\"Authentic japanese Nihonto katana \",\"publisher\":{\"@id\":\"https:\\\/\\\/www.supeinnihonto.com\\\/fr\\\/#organization\"},\"potentialAction\":[{\"@type\":\"SearchAction\",\"target\":{\"@type\":\"EntryPoint\",\"urlTemplate\":\"https:\\\/\\\/www.supeinnihonto.com\\\/fr\\\/?s={search_term_string}\"},\"query-input\":{\"@type\":\"PropertyValueSpecification\",\"valueRequired\":true,\"valueName\":\"search_term_string\"}}],\"inLanguage\":\"fr-FR\"},{\"@type\":\"Organization\",\"@id\":\"https:\\\/\\\/www.supeinnihonto.com\\\/fr\\\/#organization\",\"name\":\"SupeinNihonto\",\"url\":\"https:\\\/\\\/www.supeinnihonto.com\\\/fr\\\/\",\"logo\":{\"@type\":\"ImageObject\",\"inLanguage\":\"fr-FR\",\"@id\":\"https:\\\/\\\/www.supeinnihonto.com\\\/fr\\\/#\\\/schema\\\/logo\\\/image\\\/\",\"url\":\"https:\\\/\\\/www.supeinnihonto.com\\\/wp-content\\\/uploads\\\/2021\\\/11\\\/animation_Default_3szk0jcenoloop.gif\",\"contentUrl\":\"https:\\\/\\\/www.supeinnihonto.com\\\/wp-content\\\/uploads\\\/2021\\\/11\\\/animation_Default_3szk0jcenoloop.gif\",\"width\":750,\"height\":641,\"caption\":\"SupeinNihonto\"},\"image\":{\"@id\":\"https:\\\/\\\/www.supeinnihonto.com\\\/fr\\\/#\\\/schema\\\/logo\\\/image\\\/\"}}]}<\/script>\n<!-- \/ Yoast SEO plugin. -->","yoast_head_json":{"title":"Marugata bronze items - Supein Nihonto","description":"Tsuba en bronze avec bordure en argent, d\u00e9cor\u00e9e de motifs culturels du quotidien tels qu\u2019un vase d\u2019ikebana, une th\u00e9i\u00e8re, des vases en bois et des coquillages. Incrustations de bronze, d\u2019argent et d\u2019or. Un travail tr\u00e8s \u00e9labor\u00e9 pour un tsuba particuli\u00e8rement original. \u00c9pais et lourd.","robots":{"index":"index","follow":"follow","max-snippet":"max-snippet:-1","max-image-preview":"max-image-preview:large","max-video-preview":"max-video-preview:-1"},"canonical":"https:\/\/www.supeinnihonto.com\/fr\/produit\/marugata-bronze-items\/","og_locale":"fr_FR","og_type":"article","og_title":"Marugata bronze items - Supein Nihonto","og_description":"Tsuba en bronze avec bordure en argent, d\u00e9cor\u00e9e de motifs culturels du quotidien tels qu\u2019un vase d\u2019ikebana, une th\u00e9i\u00e8re, des vases en bois et des coquillages. Incrustations de bronze, d\u2019argent et d\u2019or. Un travail tr\u00e8s \u00e9labor\u00e9 pour un tsuba particuli\u00e8rement original. \u00c9pais et lourd.","og_url":"https:\/\/www.supeinnihonto.com\/fr\/produit\/marugata-bronze-items\/","og_site_name":"Supein Nihonto","article_modified_time":"2025-12-20T10:24:28+00:00","og_image":[{"width":2560,"height":1707,"url":"https:\/\/www.supeinnihonto.com\/wp-content\/uploads\/2024\/11\/DSC1977-scaled.jpg","type":"image\/jpeg"}],"twitter_card":"summary_large_image","twitter_misc":{"Dur\u00e9e de lecture estim\u00e9e":"2 minutes"},"schema":{"@context":"https:\/\/schema.org","@graph":[{"@type":"WebPage","@id":"https:\/\/www.supeinnihonto.com\/fr\/produit\/marugata-bronze-items\/","url":"https:\/\/www.supeinnihonto.com\/fr\/produit\/marugata-bronze-items\/","name":"Marugata bronze items - Supein Nihonto","isPartOf":{"@id":"https:\/\/www.supeinnihonto.com\/fr\/#website"},"primaryImageOfPage":{"@id":"https:\/\/www.supeinnihonto.com\/fr\/produit\/marugata-bronze-items\/#primaryimage"},"image":{"@id":"https:\/\/www.supeinnihonto.com\/fr\/produit\/marugata-bronze-items\/#primaryimage"},"thumbnailUrl":"https:\/\/i0.wp.com\/www.supeinnihonto.com\/wp-content\/uploads\/2024\/11\/DSC1977-scaled.jpg?fit=2560%2C1707&ssl=1","datePublished":"2024-11-12T10:11:17+00:00","dateModified":"2025-12-20T10:24:28+00:00","description":"Tsuba en bronze avec bordure en argent, d\u00e9cor\u00e9e de motifs culturels du quotidien tels qu\u2019un vase d\u2019ikebana, une th\u00e9i\u00e8re, des vases en bois et des coquillages. Incrustations de bronze, d\u2019argent et d\u2019or. Un travail tr\u00e8s \u00e9labor\u00e9 pour un tsuba particuli\u00e8rement original. \u00c9pais et lourd.","breadcrumb":{"@id":"https:\/\/www.supeinnihonto.com\/fr\/produit\/marugata-bronze-items\/#breadcrumb"},"inLanguage":"fr-FR","potentialAction":[{"@type":"ReadAction","target":["https:\/\/www.supeinnihonto.com\/fr\/produit\/marugata-bronze-items\/"]}]},{"@type":"ImageObject","inLanguage":"fr-FR","@id":"https:\/\/www.supeinnihonto.com\/fr\/produit\/marugata-bronze-items\/#primaryimage","url":"https:\/\/i0.wp.com\/www.supeinnihonto.com\/wp-content\/uploads\/2024\/11\/DSC1977-scaled.jpg?fit=2560%2C1707&ssl=1","contentUrl":"https:\/\/i0.wp.com\/www.supeinnihonto.com\/wp-content\/uploads\/2024\/11\/DSC1977-scaled.jpg?fit=2560%2C1707&ssl=1","width":2560,"height":1707},{"@type":"BreadcrumbList","@id":"https:\/\/www.supeinnihonto.com\/fr\/produit\/marugata-bronze-items\/#breadcrumb","itemListElement":[{"@type":"ListItem","position":1,"name":"Portada","item":"https:\/\/www.supeinnihonto.com\/fr\/"},{"@type":"ListItem","position":2,"name":"Shop","item":"https:\/\/www.supeinnihonto.com\/fr\/shop\/"},{"@type":"ListItem","position":3,"name":"Marugata bronze items"}]},{"@type":"WebSite","@id":"https:\/\/www.supeinnihonto.com\/fr\/#website","url":"https:\/\/www.supeinnihonto.com\/fr\/","name":"Supein Nihonto","description":"Authentic japanese Nihonto katana ","publisher":{"@id":"https:\/\/www.supeinnihonto.com\/fr\/#organization"},"potentialAction":[{"@type":"SearchAction","target":{"@type":"EntryPoint","urlTemplate":"https:\/\/www.supeinnihonto.com\/fr\/?s={search_term_string}"},"query-input":{"@type":"PropertyValueSpecification","valueRequired":true,"valueName":"search_term_string"}}],"inLanguage":"fr-FR"},{"@type":"Organization","@id":"https:\/\/www.supeinnihonto.com\/fr\/#organization","name":"SupeinNihonto","url":"https:\/\/www.supeinnihonto.com\/fr\/","logo":{"@type":"ImageObject","inLanguage":"fr-FR","@id":"https:\/\/www.supeinnihonto.com\/fr\/#\/schema\/logo\/image\/","url":"https:\/\/www.supeinnihonto.com\/wp-content\/uploads\/2021\/11\/animation_Default_3szk0jcenoloop.gif","contentUrl":"https:\/\/www.supeinnihonto.com\/wp-content\/uploads\/2021\/11\/animation_Default_3szk0jcenoloop.gif","width":750,"height":641,"caption":"SupeinNihonto"},"image":{"@id":"https:\/\/www.supeinnihonto.com\/fr\/#\/schema\/logo\/image\/"}}]}},"jetpack-related-posts":[{"id":12382,"url":"https:\/\/www.supeinnihonto.com\/fr\/produit\/marugata-iron-tsuba-deity-nbthk-hozon\/","url_meta":{"origin":12358,"position":0},"title":"Marugata iron tsuba deity NBTHK hozon","author":"Eric Majo","date":"11 de novembre de 2024","format":false,"excerpt":"ARTICLE : Livr\u00e9 avec certificat de Supein Nihonto. Livr\u00e9 avec certificat NBTHK Hozon. Fourni avec une bo\u00eete en bois. Accompagn\u00e9 d\u2019un certificat NBTHK Hozon le cataloguant comme une pi\u00e8ce d\u2019importance artistique particuli\u00e8re. Sign\u00e9 Aizu j\u016b Matsumura Minamoto Shichir\u014d Takamura. Pi\u00e8ce d\u2019une qualit\u00e9 in\u00e9gal\u00e9e, digne des plus grands mus\u00e9es du monde.\u2026","rel":"","context":"Article similaire","block_context":{"text":"Article similaire","link":""},"img":{"alt_text":"Marugata iron tsuba deity NBTHK hozon","src":"https:\/\/i0.wp.com\/www.supeinnihonto.com\/wp-content\/uploads\/2024\/11\/DSC1927-scaled.jpg?fit=1200%2C800&ssl=1&resize=350%2C200","width":350,"height":200,"srcset":"https:\/\/i0.wp.com\/www.supeinnihonto.com\/wp-content\/uploads\/2024\/11\/DSC1927-scaled.jpg?fit=1200%2C800&ssl=1&resize=350%2C200 1x, https:\/\/i0.wp.com\/www.supeinnihonto.com\/wp-content\/uploads\/2024\/11\/DSC1927-scaled.jpg?fit=1200%2C800&ssl=1&resize=525%2C300 1.5x, https:\/\/i0.wp.com\/www.supeinnihonto.com\/wp-content\/uploads\/2024\/11\/DSC1927-scaled.jpg?fit=1200%2C800&ssl=1&resize=700%2C400 2x, https:\/\/i0.wp.com\/www.supeinnihonto.com\/wp-content\/uploads\/2024\/11\/DSC1927-scaled.jpg?fit=1200%2C800&ssl=1&resize=1050%2C600 3x"},"classes":[]},{"id":12398,"url":"https:\/\/www.supeinnihonto.com\/fr\/produit\/tsuba-marugata-en-fer-theme-du-nouvel-an-certifiee-nbthk-hozon\/","url_meta":{"origin":12358,"position":1},"title":"Tsuba marugata en fer, th\u00e8me du Nouvel An, certifi\u00e9e NBTHK Hozon.","author":"Eric Majo","date":"11 de novembre de 2024","format":false,"excerpt":"ARTICLE : Livr\u00e9 avec certificat de Supein Nihonto. Livr\u00e9 avec certificat NBTHK Hozon. Fourni avec une bo\u00eete en bois. Magnifique tsuba sign\u00e9e Unrinsai Naomori, datant du milieu de la p\u00e9riode Edo (vers 1700), repr\u00e9sentant deux hommes en f\u00eate c\u00e9l\u00e9brant le Nouvel An. Superbe tsuba en fer, incrust\u00e9e d\u2019or et d\u2019argent,\u2026","rel":"","context":"Article similaire","block_context":{"text":"Article similaire","link":""},"img":{"alt_text":"Marugata iron tsuba new year NBTHK hozon","src":"https:\/\/i0.wp.com\/www.supeinnihonto.com\/wp-content\/uploads\/2024\/11\/DSC1858-scaled.jpg?fit=1200%2C800&ssl=1&resize=350%2C200","width":350,"height":200,"srcset":"https:\/\/i0.wp.com\/www.supeinnihonto.com\/wp-content\/uploads\/2024\/11\/DSC1858-scaled.jpg?fit=1200%2C800&ssl=1&resize=350%2C200 1x, https:\/\/i0.wp.com\/www.supeinnihonto.com\/wp-content\/uploads\/2024\/11\/DSC1858-scaled.jpg?fit=1200%2C800&ssl=1&resize=525%2C300 1.5x, https:\/\/i0.wp.com\/www.supeinnihonto.com\/wp-content\/uploads\/2024\/11\/DSC1858-scaled.jpg?fit=1200%2C800&ssl=1&resize=700%2C400 2x, https:\/\/i0.wp.com\/www.supeinnihonto.com\/wp-content\/uploads\/2024\/11\/DSC1858-scaled.jpg?fit=1200%2C800&ssl=1&resize=1050%2C600 3x"},"classes":[]},{"id":12342,"url":"https:\/\/www.supeinnihonto.com\/fr\/produit\/marugata-shakudo-samurai\/","url_meta":{"origin":12358,"position":2},"title":"Marugata shakudo tsuba samurai","author":"Eric Majo","date":"12 de novembre de 2024","format":false,"excerpt":"ARTICLE : Livr\u00e9 avec certificat de Supein Nihonto. Fourni avec une bo\u00eete en bois. Sign\u00e9 \u00ab Nara Naoyoshi \u00bb, tsuba marugata en shakud\u014d k\u0101\u014d (alliage d\u2019or et de cuivre). Pi\u00e8ce d\u2019une qualit\u00e9 in\u00e9gal\u00e9e, digne des plus grands mus\u00e9es du monde. Il est ais\u00e9 d\u2019appr\u00e9cier l\u2019exceptionnelle finesse du d\u00e9tail et de\u2026","rel":"","context":"Article similaire","block_context":{"text":"Article similaire","link":""},"img":{"alt_text":"Marugata shakudo tsuba samurai","src":"https:\/\/i0.wp.com\/www.supeinnihonto.com\/wp-content\/uploads\/2024\/11\/DSC1956-scaled.jpg?fit=1200%2C800&ssl=1&resize=350%2C200","width":350,"height":200,"srcset":"https:\/\/i0.wp.com\/www.supeinnihonto.com\/wp-content\/uploads\/2024\/11\/DSC1956-scaled.jpg?fit=1200%2C800&ssl=1&resize=350%2C200 1x, https:\/\/i0.wp.com\/www.supeinnihonto.com\/wp-content\/uploads\/2024\/11\/DSC1956-scaled.jpg?fit=1200%2C800&ssl=1&resize=525%2C300 1.5x, https:\/\/i0.wp.com\/www.supeinnihonto.com\/wp-content\/uploads\/2024\/11\/DSC1956-scaled.jpg?fit=1200%2C800&ssl=1&resize=700%2C400 2x, https:\/\/i0.wp.com\/www.supeinnihonto.com\/wp-content\/uploads\/2024\/11\/DSC1956-scaled.jpg?fit=1200%2C800&ssl=1&resize=1050%2C600 3x"},"classes":[]},{"id":14723,"url":"https:\/\/www.supeinnihonto.com\/fr\/produit\/tsuba-marugata-en-fer-au-tigre\/","url_meta":{"origin":12358,"position":3},"title":"Tsuba marugata en fer au tigre","author":"Supein Nihonto","date":"8 de mai de 2024","format":false,"excerpt":"OBJET : Livr\u00e9 avec certificat de SupeinNihonto. Tsuba marugata en fer au tigre. Belle pi\u00e8ce avec un tigre incrust\u00e9, des sennins et du bambou. Pr\u00e9sence de diff\u00e9rentes incrustations en or et en cuivre. Belle patine ancienne. D\u00e9but \u2013 milieu de la p\u00e9riode Edo. 7,3 x 6,6 cm \u00c0 PROPOS DE\u2026","rel":"","context":"Article similaire","block_context":{"text":"Article similaire","link":""},"img":{"alt_text":"Marugata iron tiger tsuba","src":"https:\/\/i0.wp.com\/www.supeinnihonto.com\/wp-content\/uploads\/2024\/05\/DSC_3499-scaled.jpg?fit=1200%2C800&ssl=1&resize=350%2C200","width":350,"height":200,"srcset":"https:\/\/i0.wp.com\/www.supeinnihonto.com\/wp-content\/uploads\/2024\/05\/DSC_3499-scaled.jpg?fit=1200%2C800&ssl=1&resize=350%2C200 1x, https:\/\/i0.wp.com\/www.supeinnihonto.com\/wp-content\/uploads\/2024\/05\/DSC_3499-scaled.jpg?fit=1200%2C800&ssl=1&resize=525%2C300 1.5x, https:\/\/i0.wp.com\/www.supeinnihonto.com\/wp-content\/uploads\/2024\/05\/DSC_3499-scaled.jpg?fit=1200%2C800&ssl=1&resize=700%2C400 2x, https:\/\/i0.wp.com\/www.supeinnihonto.com\/wp-content\/uploads\/2024\/05\/DSC_3499-scaled.jpg?fit=1200%2C800&ssl=1&resize=1050%2C600 3x"},"classes":[]},{"id":14747,"url":"https:\/\/www.supeinnihonto.com\/fr\/produit\/tsuba-hexagonale-en-cuivre-au-chrysantheme\/","url_meta":{"origin":12358,"position":4},"title":"Tsuba hexagonale en cuivre au chrysanth\u00e8me","author":"Supein Nihonto","date":"8 de mai de 2024","format":false,"excerpt":"OBJET : Livr\u00e9 avec certificat de SupeinNihonto. Rare exemple de tsuba hexagonale r\u00e9alis\u00e9e avec deux mat\u00e9riaux, l\u2019ext\u00e9rieur en cuivre et l\u2019int\u00e9rieur repr\u00e9sentant un chrysanth\u00e8me en shakud\u014d. Tsuba tr\u00e8s rare et de collection. 6,7 x 6,2 cm \u00c0 PROPOS DE NOUS : Chez Supein Nihonto, nous nous effor\u00e7ons de vous proposer\u2026","rel":"","context":"Article similaire","block_context":{"text":"Article similaire","link":""},"img":{"alt_text":"Exagonal copper Chrisantemum tsuba","src":"https:\/\/i0.wp.com\/www.supeinnihonto.com\/wp-content\/uploads\/2024\/05\/Exagonal-copper-Chrisantemum.webp?fit=600%2C400&ssl=1&resize=350%2C200","width":350,"height":200,"srcset":"https:\/\/i0.wp.com\/www.supeinnihonto.com\/wp-content\/uploads\/2024\/05\/Exagonal-copper-Chrisantemum.webp?fit=600%2C400&ssl=1&resize=350%2C200 1x, https:\/\/i0.wp.com\/www.supeinnihonto.com\/wp-content\/uploads\/2024\/05\/Exagonal-copper-Chrisantemum.webp?fit=600%2C400&ssl=1&resize=525%2C300 1.5x"},"classes":[]},{"id":12422,"url":"https:\/\/www.supeinnihonto.com\/fr\/produit\/tsuba-marugata-en-shakudo-a-decor-folklorique\/","url_meta":{"origin":12358,"position":5},"title":"Tsuba marugata en shakud\u014d \u00e0 d\u00e9cor folklorique.","author":"Eric Majo","date":"11 de novembre de 2024","format":false,"excerpt":"ARTICLE : Livr\u00e9 avec certificat de Supein Nihonto. Magnifique tsuba marugata en shakud\u014d des XVIII\u1d49\u2013XIX\u1d49 si\u00e8cles, pr\u00e9sentant une superbe gravure \u00e0 motif de folklore japonais, avec incrustations d\u2019or, de cuivre et d\u2019argent. Une tr\u00e8s belle pi\u00e8ce. 8,2 \u00d7 7,8 cm \u00c0 PROPOS DE NOUS : Chez Supein Nihonto, nous nous\u2026","rel":"","context":"Article similaire","block_context":{"text":"Article similaire","link":""},"img":{"alt_text":"Marugata shakudo folklore tsuba","src":"https:\/\/i0.wp.com\/www.supeinnihonto.com\/wp-content\/uploads\/2024\/11\/DSC1790-scaled.jpg?fit=1200%2C800&ssl=1&resize=350%2C200","width":350,"height":200,"srcset":"https:\/\/i0.wp.com\/www.supeinnihonto.com\/wp-content\/uploads\/2024\/11\/DSC1790-scaled.jpg?fit=1200%2C800&ssl=1&resize=350%2C200 1x, https:\/\/i0.wp.com\/www.supeinnihonto.com\/wp-content\/uploads\/2024\/11\/DSC1790-scaled.jpg?fit=1200%2C800&ssl=1&resize=525%2C300 1.5x, https:\/\/i0.wp.com\/www.supeinnihonto.com\/wp-content\/uploads\/2024\/11\/DSC1790-scaled.jpg?fit=1200%2C800&ssl=1&resize=700%2C400 2x, https:\/\/i0.wp.com\/www.supeinnihonto.com\/wp-content\/uploads\/2024\/11\/DSC1790-scaled.jpg?fit=1200%2C800&ssl=1&resize=1050%2C600 3x"},"classes":[]}],"jetpack_sharing_enabled":true,"_links":{"self":[{"href":"https:\/\/www.supeinnihonto.com\/fr\/wp-json\/wp\/v2\/product\/12358","targetHints":{"allow":["GET"]}}],"collection":[{"href":"https:\/\/www.supeinnihonto.com\/fr\/wp-json\/wp\/v2\/product"}],"about":[{"href":"https:\/\/www.supeinnihonto.com\/fr\/wp-json\/wp\/v2\/types\/product"}],"wp:featuredmedia":[{"embeddable":true,"href":"https:\/\/www.supeinnihonto.com\/fr\/wp-json\/wp\/v2\/media\/12359"}],"wp:attachment":[{"href":"https:\/\/www.supeinnihonto.com\/fr\/wp-json\/wp\/v2\/media?parent=12358"}],"wp:term":[{"taxonomy":"product_brand","embeddable":true,"href":"https:\/\/www.supeinnihonto.com\/fr\/wp-json\/wp\/v2\/product_brand?post=12358"},{"taxonomy":"product_cat","embeddable":true,"href":"https:\/\/www.supeinnihonto.com\/fr\/wp-json\/wp\/v2\/product_cat?post=12358"},{"taxonomy":"product_tag","embeddable":true,"href":"https:\/\/www.supeinnihonto.com\/fr\/wp-json\/wp\/v2\/product_tag?post=12358"}],"curies":[{"name":"wp","href":"https:\/\/api.w.org\/{rel}","templated":true}]}}