{"id":12342,"date":"2024-11-12T10:58:37","date_gmt":"2024-11-12T10:58:37","guid":{"rendered":"https:\/\/www.supeinnihonto.com\/product\/marugata-shakudo-samurai\/"},"modified":"2025-12-20T10:08:52","modified_gmt":"2025-12-20T10:08:52","slug":"marugata-shakudo-samurai","status":"publish","type":"product","link":"https:\/\/www.supeinnihonto.com\/fr\/produit\/marugata-shakudo-samurai\/","title":{"rendered":"Marugata shakudo tsuba samurai"},"content":{"rendered":"<p>ARTICLE :<\/p>\n<p>Livr\u00e9 avec certificat de Supein Nihonto. Fourni avec une bo\u00eete en bois.<\/p>\n<p>Sign\u00e9 \u00ab Nara Naoyoshi \u00bb, tsuba marugata en shakud\u014d k\u0101\u014d (alliage d\u2019or et de cuivre). Pi\u00e8ce d\u2019une qualit\u00e9 in\u00e9gal\u00e9e, digne des plus grands mus\u00e9es du monde. Il est ais\u00e9 d\u2019appr\u00e9cier l\u2019exceptionnelle finesse du d\u00e9tail et de la gravure de cette magnifique \u0153uvre repr\u00e9sentant une sc\u00e8ne de bataille de Dan no Ura. Incrustations de cuivre, d\u2019or et d\u2019argent. Qualit\u00e9 superbe et de tout premier ordre pour ce pr\u00e9cieux tsuba, tout simplement le meilleur.<\/p>\n<p>7,2 \u00d7 7 cm<\/p>\n<p>\u00c0 PROPOS DE NOUS :<\/p>\n<p>Chez Supein Nihonto, nous nous effor\u00e7ons de vous proposer des sabres et armures de samoura\u00ef de haute qualit\u00e9 \u00e0 des prix bien inf\u00e9rieurs \u00e0 ceux de la concurrence. Nous sommes probablement le plus grand exportateur d\u2019Europe et nous sommes fiers d\u2019annoncer que nous sommes le premier vendeur dans les ventes Samurai et japonaises sur Catawiki.<br \/>\nCela est particuli\u00e8rement important pour \u00e9conomiser sur les taxes et les d\u00e9lais d\u2019attente, qui peuvent d\u00e9passer quatre mois avec des vendeurs japonais, sans compter les proc\u00e9dures fastidieuses et parfois probl\u00e9matiques qui prolongent encore les livraisons, allant jusqu\u2019au retour des colis \u00e0 l\u2019exp\u00e9diteur, ainsi qu\u2019un surco\u00fbt de plus de 35 % sur le prix final d\u00fb aux douanes, droits et frais, lesquels augmentent le co\u00fbt mais non la qualit\u00e9 ni la valeur de revente future.<br \/>\nNous sommes des vendeurs professionnels ; notre garantie de satisfaction, notre expertise et nos standards sont donc sup\u00e9rieurs \u00e0 ceux des vendeurs particuliers, avec un service apr\u00e8s-vente renforc\u00e9. Gr\u00e2ce \u00e0 cela, \u00e0 nos prix professionnels parmi les plus bas du secteur et \u00e0 notre m\u00e9thode d\u2019exp\u00e9dition rapide et efficace \u2014 rarement plus de trois jours en Europe \u2014 nous sommes convaincus que vous appr\u00e9cierez cette opportunit\u00e9 unique d\u2019acqu\u00e9rir une \u0153uvre d\u2019art qui prendra de la valeur au fil des ann\u00e9es et constituera un excellent investissement. Faites-nous confiance pour appr\u00e9cier l\u2019art des samoura\u00efs.<\/p>\n","protected":false},"excerpt":{"rendered":"<p>ARTICLE : Livr\u00e9 avec certificat de Supein Nihonto. Fourni avec une bo\u00eete en bois. Sign\u00e9 \u00ab Nara Naoyoshi \u00bb, tsuba marugata en shakud\u014d k\u0101\u014d (alliage d\u2019or et de cuivre). Pi\u00e8ce d\u2019une qualit\u00e9 in\u00e9gal\u00e9e, digne des plus grands mus\u00e9es du monde. Il est ais\u00e9 d\u2019appr\u00e9cier l\u2019exceptionnelle finesse du d\u00e9tail et de [&hellip;]<\/p>\n","protected":false},"featured_media":12343,"template":"","meta":{"jetpack_post_was_ever_published":false},"product_brand":[],"product_cat":[552,556],"product_tag":[452,456,468,622],"class_list":{"0":"post-12342","1":"product","2":"type-product","3":"status-publish","4":"has-post-thumbnail","6":"product_cat-tosogu","7":"product_cat-tsuba","8":"product_tag-hozon","9":"product_tag-katana","10":"product_tag-nbthk","11":"product_tag-tsuba","12":"product_shipping_class-light","14":"first","15":"instock","16":"featured","17":"sold-individually","18":"shipping-taxable","19":"purchasable","20":"product-type-simple"},"yoast_head":"<!-- This site is optimized with the Yoast SEO plugin v27.6 - https:\/\/yoast.com\/product\/yoast-seo-wordpress\/ -->\n<title>Marugata shakudo tsuba samurai - Supein Nihonto<\/title>\n<meta name=\"description\" content=\"Sign\u00e9 avec un tsuba marugata en shakud\u014d k\u0101\u014d (alliage d\u2019or et de cuivre). Pi\u00e8ce d\u2019une qualit\u00e9 in\u00e9gal\u00e9e, digne des plus grands mus\u00e9es du monde. Il est ais\u00e9 d\u2019appr\u00e9cier l\u2019extraordinaire finesse du d\u00e9tail et de la gravure que repr\u00e9sente cette merveilleuse pi\u00e8ce illustrant une sc\u00e8ne de bataille de Dan no Ura. Incrustations de cuivre, d\u2019or et d\u2019argent. Une qualit\u00e9 sup\u00e9rieure exceptionnelle pour ce pr\u00e9cieux tsuba, tout simplement le meilleur.\" \/>\n<meta name=\"robots\" content=\"index, follow, max-snippet:-1, max-image-preview:large, max-video-preview:-1\" \/>\n<link rel=\"canonical\" href=\"https:\/\/www.supeinnihonto.com\/fr\/produit\/marugata-shakudo-samurai\/\" \/>\n<meta property=\"og:locale\" content=\"fr_FR\" \/>\n<meta property=\"og:type\" content=\"article\" \/>\n<meta property=\"og:title\" content=\"Marugata shakudo tsuba samurai - Supein Nihonto\" \/>\n<meta property=\"og:description\" content=\"Sign\u00e9 avec un tsuba marugata en shakud\u014d k\u0101\u014d (alliage d\u2019or et de cuivre). Pi\u00e8ce d\u2019une qualit\u00e9 in\u00e9gal\u00e9e, digne des plus grands mus\u00e9es du monde. Il est ais\u00e9 d\u2019appr\u00e9cier l\u2019extraordinaire finesse du d\u00e9tail et de la gravure que repr\u00e9sente cette merveilleuse pi\u00e8ce illustrant une sc\u00e8ne de bataille de Dan no Ura. Incrustations de cuivre, d\u2019or et d\u2019argent. Une qualit\u00e9 sup\u00e9rieure exceptionnelle pour ce pr\u00e9cieux tsuba, tout simplement le meilleur.\" \/>\n<meta property=\"og:url\" content=\"https:\/\/www.supeinnihonto.com\/fr\/produit\/marugata-shakudo-samurai\/\" \/>\n<meta property=\"og:site_name\" content=\"Supein Nihonto\" \/>\n<meta property=\"article:modified_time\" content=\"2025-12-20T10:08:52+00:00\" \/>\n<meta property=\"og:image\" content=\"https:\/\/www.supeinnihonto.com\/wp-content\/uploads\/2024\/11\/DSC1956-scaled.jpg\" \/>\n\t<meta property=\"og:image:width\" content=\"2560\" \/>\n\t<meta property=\"og:image:height\" content=\"1707\" \/>\n\t<meta property=\"og:image:type\" content=\"image\/jpeg\" \/>\n<meta name=\"twitter:card\" content=\"summary_large_image\" \/>\n<meta name=\"twitter:label1\" content=\"Dur\u00e9e de lecture estim\u00e9e\" \/>\n\t<meta name=\"twitter:data1\" content=\"2 minutes\" \/>\n<script type=\"application\/ld+json\" class=\"yoast-schema-graph\">{\"@context\":\"https:\\\/\\\/schema.org\",\"@graph\":[{\"@type\":\"WebPage\",\"@id\":\"https:\\\/\\\/www.supeinnihonto.com\\\/fr\\\/produit\\\/marugata-shakudo-samurai\\\/\",\"url\":\"https:\\\/\\\/www.supeinnihonto.com\\\/fr\\\/produit\\\/marugata-shakudo-samurai\\\/\",\"name\":\"Marugata shakudo tsuba samurai - Supein Nihonto\",\"isPartOf\":{\"@id\":\"https:\\\/\\\/www.supeinnihonto.com\\\/fr\\\/#website\"},\"primaryImageOfPage\":{\"@id\":\"https:\\\/\\\/www.supeinnihonto.com\\\/fr\\\/produit\\\/marugata-shakudo-samurai\\\/#primaryimage\"},\"image\":{\"@id\":\"https:\\\/\\\/www.supeinnihonto.com\\\/fr\\\/produit\\\/marugata-shakudo-samurai\\\/#primaryimage\"},\"thumbnailUrl\":\"https:\\\/\\\/i0.wp.com\\\/www.supeinnihonto.com\\\/wp-content\\\/uploads\\\/2024\\\/11\\\/DSC1956-scaled.jpg?fit=2560%2C1707&ssl=1\",\"datePublished\":\"2024-11-12T10:58:37+00:00\",\"dateModified\":\"2025-12-20T10:08:52+00:00\",\"description\":\"Sign\u00e9 avec un tsuba marugata en shakud\u014d k\u0101\u014d (alliage d\u2019or et de cuivre). Pi\u00e8ce d\u2019une qualit\u00e9 in\u00e9gal\u00e9e, digne des plus grands mus\u00e9es du monde. Il est ais\u00e9 d\u2019appr\u00e9cier l\u2019extraordinaire finesse du d\u00e9tail et de la gravure que repr\u00e9sente cette merveilleuse pi\u00e8ce illustrant une sc\u00e8ne de bataille de Dan no Ura. Incrustations de cuivre, d\u2019or et d\u2019argent. Une qualit\u00e9 sup\u00e9rieure exceptionnelle pour ce pr\u00e9cieux tsuba, tout simplement le meilleur.\",\"breadcrumb\":{\"@id\":\"https:\\\/\\\/www.supeinnihonto.com\\\/fr\\\/produit\\\/marugata-shakudo-samurai\\\/#breadcrumb\"},\"inLanguage\":\"fr-FR\",\"potentialAction\":[{\"@type\":\"ReadAction\",\"target\":[\"https:\\\/\\\/www.supeinnihonto.com\\\/fr\\\/produit\\\/marugata-shakudo-samurai\\\/\"]}]},{\"@type\":\"ImageObject\",\"inLanguage\":\"fr-FR\",\"@id\":\"https:\\\/\\\/www.supeinnihonto.com\\\/fr\\\/produit\\\/marugata-shakudo-samurai\\\/#primaryimage\",\"url\":\"https:\\\/\\\/i0.wp.com\\\/www.supeinnihonto.com\\\/wp-content\\\/uploads\\\/2024\\\/11\\\/DSC1956-scaled.jpg?fit=2560%2C1707&ssl=1\",\"contentUrl\":\"https:\\\/\\\/i0.wp.com\\\/www.supeinnihonto.com\\\/wp-content\\\/uploads\\\/2024\\\/11\\\/DSC1956-scaled.jpg?fit=2560%2C1707&ssl=1\",\"width\":2560,\"height\":1707,\"caption\":\"Marugata shakudo tsuba samurai\"},{\"@type\":\"BreadcrumbList\",\"@id\":\"https:\\\/\\\/www.supeinnihonto.com\\\/fr\\\/produit\\\/marugata-shakudo-samurai\\\/#breadcrumb\",\"itemListElement\":[{\"@type\":\"ListItem\",\"position\":1,\"name\":\"Portada\",\"item\":\"https:\\\/\\\/www.supeinnihonto.com\\\/fr\\\/\"},{\"@type\":\"ListItem\",\"position\":2,\"name\":\"Shop\",\"item\":\"https:\\\/\\\/www.supeinnihonto.com\\\/fr\\\/shop\\\/\"},{\"@type\":\"ListItem\",\"position\":3,\"name\":\"Marugata shakudo tsuba samurai\"}]},{\"@type\":\"WebSite\",\"@id\":\"https:\\\/\\\/www.supeinnihonto.com\\\/fr\\\/#website\",\"url\":\"https:\\\/\\\/www.supeinnihonto.com\\\/fr\\\/\",\"name\":\"Supein Nihonto\",\"description\":\"Authentic japanese Nihonto katana \",\"publisher\":{\"@id\":\"https:\\\/\\\/www.supeinnihonto.com\\\/fr\\\/#organization\"},\"potentialAction\":[{\"@type\":\"SearchAction\",\"target\":{\"@type\":\"EntryPoint\",\"urlTemplate\":\"https:\\\/\\\/www.supeinnihonto.com\\\/fr\\\/?s={search_term_string}\"},\"query-input\":{\"@type\":\"PropertyValueSpecification\",\"valueRequired\":true,\"valueName\":\"search_term_string\"}}],\"inLanguage\":\"fr-FR\"},{\"@type\":\"Organization\",\"@id\":\"https:\\\/\\\/www.supeinnihonto.com\\\/fr\\\/#organization\",\"name\":\"SupeinNihonto\",\"url\":\"https:\\\/\\\/www.supeinnihonto.com\\\/fr\\\/\",\"logo\":{\"@type\":\"ImageObject\",\"inLanguage\":\"fr-FR\",\"@id\":\"https:\\\/\\\/www.supeinnihonto.com\\\/fr\\\/#\\\/schema\\\/logo\\\/image\\\/\",\"url\":\"https:\\\/\\\/www.supeinnihonto.com\\\/wp-content\\\/uploads\\\/2021\\\/11\\\/animation_Default_3szk0jcenoloop.gif\",\"contentUrl\":\"https:\\\/\\\/www.supeinnihonto.com\\\/wp-content\\\/uploads\\\/2021\\\/11\\\/animation_Default_3szk0jcenoloop.gif\",\"width\":750,\"height\":641,\"caption\":\"SupeinNihonto\"},\"image\":{\"@id\":\"https:\\\/\\\/www.supeinnihonto.com\\\/fr\\\/#\\\/schema\\\/logo\\\/image\\\/\"}}]}<\/script>\n<!-- \/ Yoast SEO plugin. -->","yoast_head_json":{"title":"Marugata shakudo tsuba samurai - Supein Nihonto","description":"Sign\u00e9 avec un tsuba marugata en shakud\u014d k\u0101\u014d (alliage d\u2019or et de cuivre). Pi\u00e8ce d\u2019une qualit\u00e9 in\u00e9gal\u00e9e, digne des plus grands mus\u00e9es du monde. Il est ais\u00e9 d\u2019appr\u00e9cier l\u2019extraordinaire finesse du d\u00e9tail et de la gravure que repr\u00e9sente cette merveilleuse pi\u00e8ce illustrant une sc\u00e8ne de bataille de Dan no Ura. Incrustations de cuivre, d\u2019or et d\u2019argent. Une qualit\u00e9 sup\u00e9rieure exceptionnelle pour ce pr\u00e9cieux tsuba, tout simplement le meilleur.","robots":{"index":"index","follow":"follow","max-snippet":"max-snippet:-1","max-image-preview":"max-image-preview:large","max-video-preview":"max-video-preview:-1"},"canonical":"https:\/\/www.supeinnihonto.com\/fr\/produit\/marugata-shakudo-samurai\/","og_locale":"fr_FR","og_type":"article","og_title":"Marugata shakudo tsuba samurai - Supein Nihonto","og_description":"Sign\u00e9 avec un tsuba marugata en shakud\u014d k\u0101\u014d (alliage d\u2019or et de cuivre). Pi\u00e8ce d\u2019une qualit\u00e9 in\u00e9gal\u00e9e, digne des plus grands mus\u00e9es du monde. Il est ais\u00e9 d\u2019appr\u00e9cier l\u2019extraordinaire finesse du d\u00e9tail et de la gravure que repr\u00e9sente cette merveilleuse pi\u00e8ce illustrant une sc\u00e8ne de bataille de Dan no Ura. Incrustations de cuivre, d\u2019or et d\u2019argent. Une qualit\u00e9 sup\u00e9rieure exceptionnelle pour ce pr\u00e9cieux tsuba, tout simplement le meilleur.","og_url":"https:\/\/www.supeinnihonto.com\/fr\/produit\/marugata-shakudo-samurai\/","og_site_name":"Supein Nihonto","article_modified_time":"2025-12-20T10:08:52+00:00","og_image":[{"width":2560,"height":1707,"url":"https:\/\/www.supeinnihonto.com\/wp-content\/uploads\/2024\/11\/DSC1956-scaled.jpg","type":"image\/jpeg"}],"twitter_card":"summary_large_image","twitter_misc":{"Dur\u00e9e de lecture estim\u00e9e":"2 minutes"},"schema":{"@context":"https:\/\/schema.org","@graph":[{"@type":"WebPage","@id":"https:\/\/www.supeinnihonto.com\/fr\/produit\/marugata-shakudo-samurai\/","url":"https:\/\/www.supeinnihonto.com\/fr\/produit\/marugata-shakudo-samurai\/","name":"Marugata shakudo tsuba samurai - Supein Nihonto","isPartOf":{"@id":"https:\/\/www.supeinnihonto.com\/fr\/#website"},"primaryImageOfPage":{"@id":"https:\/\/www.supeinnihonto.com\/fr\/produit\/marugata-shakudo-samurai\/#primaryimage"},"image":{"@id":"https:\/\/www.supeinnihonto.com\/fr\/produit\/marugata-shakudo-samurai\/#primaryimage"},"thumbnailUrl":"https:\/\/i0.wp.com\/www.supeinnihonto.com\/wp-content\/uploads\/2024\/11\/DSC1956-scaled.jpg?fit=2560%2C1707&ssl=1","datePublished":"2024-11-12T10:58:37+00:00","dateModified":"2025-12-20T10:08:52+00:00","description":"Sign\u00e9 avec un tsuba marugata en shakud\u014d k\u0101\u014d (alliage d\u2019or et de cuivre). Pi\u00e8ce d\u2019une qualit\u00e9 in\u00e9gal\u00e9e, digne des plus grands mus\u00e9es du monde. Il est ais\u00e9 d\u2019appr\u00e9cier l\u2019extraordinaire finesse du d\u00e9tail et de la gravure que repr\u00e9sente cette merveilleuse pi\u00e8ce illustrant une sc\u00e8ne de bataille de Dan no Ura. Incrustations de cuivre, d\u2019or et d\u2019argent. Une qualit\u00e9 sup\u00e9rieure exceptionnelle pour ce pr\u00e9cieux tsuba, tout simplement le meilleur.","breadcrumb":{"@id":"https:\/\/www.supeinnihonto.com\/fr\/produit\/marugata-shakudo-samurai\/#breadcrumb"},"inLanguage":"fr-FR","potentialAction":[{"@type":"ReadAction","target":["https:\/\/www.supeinnihonto.com\/fr\/produit\/marugata-shakudo-samurai\/"]}]},{"@type":"ImageObject","inLanguage":"fr-FR","@id":"https:\/\/www.supeinnihonto.com\/fr\/produit\/marugata-shakudo-samurai\/#primaryimage","url":"https:\/\/i0.wp.com\/www.supeinnihonto.com\/wp-content\/uploads\/2024\/11\/DSC1956-scaled.jpg?fit=2560%2C1707&ssl=1","contentUrl":"https:\/\/i0.wp.com\/www.supeinnihonto.com\/wp-content\/uploads\/2024\/11\/DSC1956-scaled.jpg?fit=2560%2C1707&ssl=1","width":2560,"height":1707,"caption":"Marugata shakudo tsuba samurai"},{"@type":"BreadcrumbList","@id":"https:\/\/www.supeinnihonto.com\/fr\/produit\/marugata-shakudo-samurai\/#breadcrumb","itemListElement":[{"@type":"ListItem","position":1,"name":"Portada","item":"https:\/\/www.supeinnihonto.com\/fr\/"},{"@type":"ListItem","position":2,"name":"Shop","item":"https:\/\/www.supeinnihonto.com\/fr\/shop\/"},{"@type":"ListItem","position":3,"name":"Marugata shakudo tsuba samurai"}]},{"@type":"WebSite","@id":"https:\/\/www.supeinnihonto.com\/fr\/#website","url":"https:\/\/www.supeinnihonto.com\/fr\/","name":"Supein Nihonto","description":"Authentic japanese Nihonto katana ","publisher":{"@id":"https:\/\/www.supeinnihonto.com\/fr\/#organization"},"potentialAction":[{"@type":"SearchAction","target":{"@type":"EntryPoint","urlTemplate":"https:\/\/www.supeinnihonto.com\/fr\/?s={search_term_string}"},"query-input":{"@type":"PropertyValueSpecification","valueRequired":true,"valueName":"search_term_string"}}],"inLanguage":"fr-FR"},{"@type":"Organization","@id":"https:\/\/www.supeinnihonto.com\/fr\/#organization","name":"SupeinNihonto","url":"https:\/\/www.supeinnihonto.com\/fr\/","logo":{"@type":"ImageObject","inLanguage":"fr-FR","@id":"https:\/\/www.supeinnihonto.com\/fr\/#\/schema\/logo\/image\/","url":"https:\/\/www.supeinnihonto.com\/wp-content\/uploads\/2021\/11\/animation_Default_3szk0jcenoloop.gif","contentUrl":"https:\/\/www.supeinnihonto.com\/wp-content\/uploads\/2021\/11\/animation_Default_3szk0jcenoloop.gif","width":750,"height":641,"caption":"SupeinNihonto"},"image":{"@id":"https:\/\/www.supeinnihonto.com\/fr\/#\/schema\/logo\/image\/"}}]}},"jetpack-related-posts":[{"id":12422,"url":"https:\/\/www.supeinnihonto.com\/fr\/produit\/tsuba-marugata-en-shakudo-a-decor-folklorique\/","url_meta":{"origin":12342,"position":0},"title":"Tsuba marugata en shakud\u014d \u00e0 d\u00e9cor folklorique.","author":"Eric Majo","date":"11 de novembre de 2024","format":false,"excerpt":"ARTICLE : Livr\u00e9 avec certificat de Supein Nihonto. Magnifique tsuba marugata en shakud\u014d des XVIII\u1d49\u2013XIX\u1d49 si\u00e8cles, pr\u00e9sentant une superbe gravure \u00e0 motif de folklore japonais, avec incrustations d\u2019or, de cuivre et d\u2019argent. Une tr\u00e8s belle pi\u00e8ce. 8,2 \u00d7 7,8 cm \u00c0 PROPOS DE NOUS : Chez Supein Nihonto, nous nous\u2026","rel":"","context":"Article similaire","block_context":{"text":"Article similaire","link":""},"img":{"alt_text":"Marugata shakudo folklore tsuba","src":"https:\/\/i0.wp.com\/www.supeinnihonto.com\/wp-content\/uploads\/2024\/11\/DSC1790-scaled.jpg?fit=1200%2C800&ssl=1&resize=350%2C200","width":350,"height":200,"srcset":"https:\/\/i0.wp.com\/www.supeinnihonto.com\/wp-content\/uploads\/2024\/11\/DSC1790-scaled.jpg?fit=1200%2C800&ssl=1&resize=350%2C200 1x, https:\/\/i0.wp.com\/www.supeinnihonto.com\/wp-content\/uploads\/2024\/11\/DSC1790-scaled.jpg?fit=1200%2C800&ssl=1&resize=525%2C300 1.5x, https:\/\/i0.wp.com\/www.supeinnihonto.com\/wp-content\/uploads\/2024\/11\/DSC1790-scaled.jpg?fit=1200%2C800&ssl=1&resize=700%2C400 2x, https:\/\/i0.wp.com\/www.supeinnihonto.com\/wp-content\/uploads\/2024\/11\/DSC1790-scaled.jpg?fit=1200%2C800&ssl=1&resize=1050%2C600 3x"},"classes":[]},{"id":45167,"url":"https:\/\/www.supeinnihonto.com\/fr\/produit\/tsuba-marugata-en-cuivre-a-motif-de-carpe-koi-certifiee-nbthk-hozon-7\/","url_meta":{"origin":12342,"position":1},"title":"Tsuba marugata en cuivre \u00e0 motif de carpe (koi), certifi\u00e9e NBTHK Hozon.","author":"Eric Majo","date":"1 de mars de 2026","format":false,"excerpt":"ARTICLE : Livr\u00e9 avec certificat de Supein Nihonto. Livr\u00e9 avec certificat NBTHK Hozon. Fourni avec une bo\u00eete en bois. Magnifique tsuba en cuivre du XIX\u1d49 si\u00e8cle, sign\u00e9e, avec bordure et reliefs en shakud\u014d (alliage d\u2019or et de cuivre), repr\u00e9sentant une carpe dont les yeux sont sertis d\u2019or. Une \u0153uvre d\u2019art\u2026","rel":"","context":"Article similaire","block_context":{"text":"Article similaire","link":""},"img":{"alt_text":"","src":"https:\/\/i0.wp.com\/www.supeinnihonto.com\/wp-content\/uploads\/2026\/03\/DSC_6492-scaled.jpg?fit=1200%2C800&ssl=1&resize=350%2C200","width":350,"height":200,"srcset":"https:\/\/i0.wp.com\/www.supeinnihonto.com\/wp-content\/uploads\/2026\/03\/DSC_6492-scaled.jpg?fit=1200%2C800&ssl=1&resize=350%2C200 1x, https:\/\/i0.wp.com\/www.supeinnihonto.com\/wp-content\/uploads\/2026\/03\/DSC_6492-scaled.jpg?fit=1200%2C800&ssl=1&resize=525%2C300 1.5x, https:\/\/i0.wp.com\/www.supeinnihonto.com\/wp-content\/uploads\/2026\/03\/DSC_6492-scaled.jpg?fit=1200%2C800&ssl=1&resize=700%2C400 2x, https:\/\/i0.wp.com\/www.supeinnihonto.com\/wp-content\/uploads\/2026\/03\/DSC_6492-scaled.jpg?fit=1200%2C800&ssl=1&resize=1050%2C600 3x"},"classes":[]},{"id":45120,"url":"https:\/\/www.supeinnihonto.com\/fr\/produit\/tsuba-marugata-en-cuivre-a-motif-de-carpe-koi-certifiee-nbthk-hozon-9\/","url_meta":{"origin":12342,"position":2},"title":"Tsuba marugata en cuivre \u00e0 motif de carpe (koi), certifi\u00e9e NBTHK Hozon.","author":"Eric Majo","date":"1 de mars de 2026","format":false,"excerpt":"ARTICLE : Livr\u00e9 avec certificat de Supein Nihonto. Livr\u00e9 avec certificat NBTHK Hozon. Fourni avec une bo\u00eete en bois. Magnifique tsuba en cuivre du XIX\u1d49 si\u00e8cle, sign\u00e9e, avec bordure et reliefs en shakud\u014d (alliage d\u2019or et de cuivre), repr\u00e9sentant une carpe dont les yeux sont sertis d\u2019or. Une \u0153uvre d\u2019art\u2026","rel":"","context":"Article similaire","block_context":{"text":"Article similaire","link":""},"img":{"alt_text":"","src":"https:\/\/i0.wp.com\/www.supeinnihonto.com\/wp-content\/uploads\/2026\/03\/DSC_6430-scaled.jpg?fit=1200%2C800&ssl=1&resize=350%2C200","width":350,"height":200,"srcset":"https:\/\/i0.wp.com\/www.supeinnihonto.com\/wp-content\/uploads\/2026\/03\/DSC_6430-scaled.jpg?fit=1200%2C800&ssl=1&resize=350%2C200 1x, https:\/\/i0.wp.com\/www.supeinnihonto.com\/wp-content\/uploads\/2026\/03\/DSC_6430-scaled.jpg?fit=1200%2C800&ssl=1&resize=525%2C300 1.5x, https:\/\/i0.wp.com\/www.supeinnihonto.com\/wp-content\/uploads\/2026\/03\/DSC_6430-scaled.jpg?fit=1200%2C800&ssl=1&resize=700%2C400 2x, https:\/\/i0.wp.com\/www.supeinnihonto.com\/wp-content\/uploads\/2026\/03\/DSC_6430-scaled.jpg?fit=1200%2C800&ssl=1&resize=1050%2C600 3x"},"classes":[]},{"id":12406,"url":"https:\/\/www.supeinnihonto.com\/fr\/produit\/tsuba-marugata-en-cuivre-a-motif-de-carpe-koi-certifiee-nbthk-hozon\/","url_meta":{"origin":12342,"position":3},"title":"Tsuba marugata en cuivre \u00e0 motif de carpe (koi), certifi\u00e9e NBTHK Hozon.","author":"Eric Majo","date":"11 de novembre de 2024","format":false,"excerpt":"ARTICLE : Livr\u00e9 avec certificat de Supein Nihonto. Livr\u00e9 avec certificat NBTHK Hozon. Fourni avec une bo\u00eete en bois. Magnifique tsuba en cuivre du XIX\u1d49 si\u00e8cle, sign\u00e9e, avec bordure et reliefs en shakud\u014d (alliage d\u2019or et de cuivre), repr\u00e9sentant une carpe dont les yeux sont sertis d\u2019or. Une \u0153uvre d\u2019art\u2026","rel":"","context":"Article similaire","block_context":{"text":"Article similaire","link":""},"img":{"alt_text":"Marugata copper koi tsuba NBTHK hozon","src":"https:\/\/i0.wp.com\/www.supeinnihonto.com\/wp-content\/uploads\/2024\/11\/DSC1819-scaled.jpg?fit=1200%2C800&ssl=1&resize=350%2C200","width":350,"height":200,"srcset":"https:\/\/i0.wp.com\/www.supeinnihonto.com\/wp-content\/uploads\/2024\/11\/DSC1819-scaled.jpg?fit=1200%2C800&ssl=1&resize=350%2C200 1x, https:\/\/i0.wp.com\/www.supeinnihonto.com\/wp-content\/uploads\/2024\/11\/DSC1819-scaled.jpg?fit=1200%2C800&ssl=1&resize=525%2C300 1.5x, https:\/\/i0.wp.com\/www.supeinnihonto.com\/wp-content\/uploads\/2024\/11\/DSC1819-scaled.jpg?fit=1200%2C800&ssl=1&resize=700%2C400 2x, https:\/\/i0.wp.com\/www.supeinnihonto.com\/wp-content\/uploads\/2024\/11\/DSC1819-scaled.jpg?fit=1200%2C800&ssl=1&resize=1050%2C600 3x"},"classes":[]},{"id":45250,"url":"https:\/\/www.supeinnihonto.com\/fr\/produit\/tsuba-marugata-en-cuivre-a-motif-de-carpe-koi-certifiee-nbthk-hozon-3\/","url_meta":{"origin":12342,"position":4},"title":"Tsuba marugata en cuivre \u00e0 motif de carpe (koi), certifi\u00e9e NBTHK Hozon.","author":"Eric Majo","date":"1 de mars de 2026","format":false,"excerpt":"ARTICLE : Livr\u00e9 avec certificat de Supein Nihonto. Livr\u00e9 avec certificat NBTHK Hozon. Fourni avec une bo\u00eete en bois. Magnifique tsuba en cuivre du XIX\u1d49 si\u00e8cle, sign\u00e9e, avec bordure et reliefs en shakud\u014d (alliage d\u2019or et de cuivre), repr\u00e9sentant une carpe dont les yeux sont sertis d\u2019or. Une \u0153uvre d\u2019art\u2026","rel":"","context":"Article similaire","block_context":{"text":"Article similaire","link":""},"img":{"alt_text":"Tsuba koi Meiji period","src":"https:\/\/i0.wp.com\/www.supeinnihonto.com\/wp-content\/uploads\/2026\/03\/DSC_6545-scaled.jpg?fit=1200%2C800&ssl=1&resize=350%2C200","width":350,"height":200,"srcset":"https:\/\/i0.wp.com\/www.supeinnihonto.com\/wp-content\/uploads\/2026\/03\/DSC_6545-scaled.jpg?fit=1200%2C800&ssl=1&resize=350%2C200 1x, https:\/\/i0.wp.com\/www.supeinnihonto.com\/wp-content\/uploads\/2026\/03\/DSC_6545-scaled.jpg?fit=1200%2C800&ssl=1&resize=525%2C300 1.5x, https:\/\/i0.wp.com\/www.supeinnihonto.com\/wp-content\/uploads\/2026\/03\/DSC_6545-scaled.jpg?fit=1200%2C800&ssl=1&resize=700%2C400 2x, https:\/\/i0.wp.com\/www.supeinnihonto.com\/wp-content\/uploads\/2026\/03\/DSC_6545-scaled.jpg?fit=1200%2C800&ssl=1&resize=1050%2C600 3x"},"classes":[]},{"id":45204,"url":"https:\/\/www.supeinnihonto.com\/fr\/produit\/tsuba-marugata-en-cuivre-a-motif-de-carpe-koi-certifiee-nbthk-hozon-6\/","url_meta":{"origin":12342,"position":5},"title":"Tsuba marugata en cuivre \u00e0 motif de carpe (koi), certifi\u00e9e NBTHK Hozon.","author":"Eric Majo","date":"1 de mars de 2026","format":false,"excerpt":"ARTICLE : Livr\u00e9 avec certificat de Supein Nihonto. Livr\u00e9 avec certificat NBTHK Hozon. Fourni avec une bo\u00eete en bois. Magnifique tsuba en cuivre du XIX\u1d49 si\u00e8cle, sign\u00e9e, avec bordure et reliefs en shakud\u014d (alliage d\u2019or et de cuivre), repr\u00e9sentant une carpe dont les yeux sont sertis d\u2019or. Une \u0153uvre d\u2019art\u2026","rel":"","context":"Article similaire","block_context":{"text":"Article similaire","link":""},"img":{"alt_text":"Dragon tsuba a vendre","src":"https:\/\/i0.wp.com\/www.supeinnihonto.com\/wp-content\/uploads\/2026\/03\/DSC_6473-scaled.jpg?fit=1200%2C800&ssl=1&resize=350%2C200","width":350,"height":200,"srcset":"https:\/\/i0.wp.com\/www.supeinnihonto.com\/wp-content\/uploads\/2026\/03\/DSC_6473-scaled.jpg?fit=1200%2C800&ssl=1&resize=350%2C200 1x, https:\/\/i0.wp.com\/www.supeinnihonto.com\/wp-content\/uploads\/2026\/03\/DSC_6473-scaled.jpg?fit=1200%2C800&ssl=1&resize=525%2C300 1.5x, https:\/\/i0.wp.com\/www.supeinnihonto.com\/wp-content\/uploads\/2026\/03\/DSC_6473-scaled.jpg?fit=1200%2C800&ssl=1&resize=700%2C400 2x, https:\/\/i0.wp.com\/www.supeinnihonto.com\/wp-content\/uploads\/2026\/03\/DSC_6473-scaled.jpg?fit=1200%2C800&ssl=1&resize=1050%2C600 3x"},"classes":[]}],"jetpack_sharing_enabled":true,"_links":{"self":[{"href":"https:\/\/www.supeinnihonto.com\/fr\/wp-json\/wp\/v2\/product\/12342","targetHints":{"allow":["GET"]}}],"collection":[{"href":"https:\/\/www.supeinnihonto.com\/fr\/wp-json\/wp\/v2\/product"}],"about":[{"href":"https:\/\/www.supeinnihonto.com\/fr\/wp-json\/wp\/v2\/types\/product"}],"wp:featuredmedia":[{"embeddable":true,"href":"https:\/\/www.supeinnihonto.com\/fr\/wp-json\/wp\/v2\/media\/12343"}],"wp:attachment":[{"href":"https:\/\/www.supeinnihonto.com\/fr\/wp-json\/wp\/v2\/media?parent=12342"}],"wp:term":[{"taxonomy":"product_brand","embeddable":true,"href":"https:\/\/www.supeinnihonto.com\/fr\/wp-json\/wp\/v2\/product_brand?post=12342"},{"taxonomy":"product_cat","embeddable":true,"href":"https:\/\/www.supeinnihonto.com\/fr\/wp-json\/wp\/v2\/product_cat?post=12342"},{"taxonomy":"product_tag","embeddable":true,"href":"https:\/\/www.supeinnihonto.com\/fr\/wp-json\/wp\/v2\/product_tag?post=12342"}],"curies":[{"name":"wp","href":"https:\/\/api.w.org\/{rel}","templated":true}]}}