{"id":11908,"date":"2025-04-15T12:23:00","date_gmt":"2025-04-15T12:23:00","guid":{"rendered":"https:\/\/www.supeinnihonto.com\/product\/yoroi-dragon-maedate\/"},"modified":"2025-12-14T23:10:12","modified_gmt":"2025-12-14T23:10:12","slug":"yoroi-dragon-maedate","status":"publish","type":"product","link":"https:\/\/www.supeinnihonto.com\/fr\/produit\/yoroi-dragon-maedate\/","title":{"rendered":"Yoroi Dragon Maedate"},"content":{"rendered":"<p><em><strong>\u00c0 propos de nous :<\/strong><\/em><\/p>\n<p>Nos photographies sont prises sans retouche ni photoshop afin de garantir que le client puisse juger de la r\u00e9alit\u00e9 de l\u2019objet.<\/p>\n<p>Gr\u00e2ce \u00e0 un travail constant directement avec les meilleurs collectionneurs, mus\u00e9es et galeries au Japon et \u00e0 notre amiti\u00e9 avec eux, ainsi qu\u2019\u00e0 une marge b\u00e9n\u00e9ficiaire bien inf\u00e9rieure \u00e0 celle de la concurrence europ\u00e9enne, nous pouvons proposer des objets permettant \u00e0 un grand nombre de personnes de choisir d\u2019acqu\u00e9rir des pi\u00e8ces authentiques vieilles de plusieurs centaines d\u2019ann\u00e9es \u00e0 des prix plus que comp\u00e9titifs. Apr\u00e8s tout, l\u2019art samoura\u00ef est notre passion et nous souhaitons la partager avec le monde.<\/p>\n<p><em><strong>\u00c0 propos de l\u2019armure :<\/strong><\/em><\/p>\n<p><span>Elle est accompagn\u00e9e d\u2019un certificat de SupeinNihonto.<\/span><\/p>\n<p><span>Impressionnante armure de la p\u00e9riode Edo (vers 1800) en \u00e9tat quasi neuf. Armure \u00e9l\u00e9gante et color\u00e9e avec de nombreux \u00e9l\u00e9ments d\u00e9coratifs tels que le magnifique maedate en forme de dragon, recouvert de feuilles d\u2019or et de laque rouge, et livr\u00e9e avec son propre \u00e9tui de transport. Parties plaqu\u00e9es or. Ces pi\u00e8ces \u00e9taient tr\u00e8s co\u00fbteuses et symbolisaient un statut \u00e9lev\u00e9, elles sont donc tr\u00e8s pris\u00e9es des collectionneurs. Elle conserve tous ses \u00e9l\u00e9ments, y compris le duster qui servait \u00e0 transmettre des ordres au front et aussi \u00e0 chasser les insectes. Ce type d\u2019armure n\u2019\u00e9tait pas port\u00e9 par de simples samoura\u00efs mais appartenait g\u00e9n\u00e9ralement aux daimyos ou seigneurs f\u00e9odaux commandant une partie des arm\u00e9es sous leur autorit\u00e9. C\u2019est pourquoi elles \u00e9taient si color\u00e9es et de grande taille, offrant une protection sup\u00e9rieure \u00e0 celle des gusoku. Alors que les gusoku \u00e9taient con\u00e7us pour le combat \u00e0 pied, l\u2019origine des yoroi comme celle-ci \u00e9tait le combat \u00e0 cheval. Les grandes sode ou \u00e9pauli\u00e8res \u00e9taient con\u00e7ues pour \u00eatre utilis\u00e9es comme boucliers contre les fl\u00e8ches. Une pi\u00e8ce magnifique pour tout collectionneur d\u2019art japonais. Comprend sa bo\u00eete antique pour le transport et l\u2019exposition ainsi qu\u2019un support pour assembler l\u2019armure.<\/span><\/p>\n<p>Cette pi\u00e8ce exclusive constitue une opportunit\u00e9 incroyable pour tout collectionneur d\u2019art japonais, militaire ou simplement historique, de mettre la main sur une pi\u00e8ce qui attirera l\u2019attention partout o\u00f9 elle sera expos\u00e9e, que ce soit dans des bureaux, des r\u00e9sidences priv\u00e9es, des bureaux ou des restaurants, et donnera un aspect royal \u00e0 tout lieu. L\u2019armure pr\u00e9sente des d\u00e9tails dor\u00e9s qui t\u00e9moignent de la qualit\u00e9 de la pi\u00e8ce. L\u2019incroyable savoir-faire met en valeur des pi\u00e8ces aussi orn\u00e9es que le kabuto, le mempo et le Do. Le support pour l\u2019assembler ainsi que la bo\u00eete sont inclus. Cette armure ravira tout collectionneur d\u2019art asiatique et sera le point focal de toute maison, boutique ou bureau visit\u00e9s. Il s\u2019agit d\u2019un objet tr\u00e8s ancien et il pr\u00e9sente des dommages dus au temps et \u00e0 l\u2019usure. En raison de la d\u00e9licatesse li\u00e9e au montage et d\u00e9montage r\u00e9p\u00e9t\u00e9s, les retours ne sont pas accept\u00e9s sur les armures anciennes.<\/p>\n<p>&nbsp;<\/p>\n","protected":false},"excerpt":{"rendered":"<p>\u00c0 propos de nous : Nos photographies sont prises sans retouche ni photoshop afin de garantir que le client puisse juger de la r\u00e9alit\u00e9 de l\u2019objet. Gr\u00e2ce \u00e0 un travail constant directement avec les meilleurs collectionneurs, mus\u00e9es et galeries au Japon et \u00e0 notre amiti\u00e9 avec eux, ainsi qu\u2019\u00e0 une [&hellip;]<\/p>\n","protected":false},"featured_media":10954,"template":"","meta":{"jetpack_post_was_ever_published":false},"product_brand":[],"product_cat":[541,542],"product_tag":[444,669,588],"class_list":{"0":"post-11908","1":"product","2":"type-product","3":"status-publish","4":"has-post-thumbnail","6":"product_cat-armure","7":"product_cat-gusoku-yoroi","8":"product_tag-edo","9":"product_tag-fer","10":"product_tag-yoroi","11":"product_shipping_class-lourd","13":"first","14":"outofstock","15":"sold-individually","16":"shipping-taxable","17":"purchasable","18":"product-type-simple"},"yoast_head":"<!-- This site is optimized with the Yoast SEO plugin v27.5 - https:\/\/yoast.com\/product\/yoast-seo-wordpress\/ -->\n<title>Yoroi Dragon Maedate - Supein Nihonto<\/title>\n<meta name=\"description\" content=\"Impressive Late Edo period armour in almost pristine condition. Elegant and colourful armour with lots of decorative elements like the beautiful dragon maedate, covered in gold leaf and red lacquer and comes with its own carrying case. Gold plated parts. These pieces were very expensive and denoted a hig\" \/>\n<meta name=\"robots\" content=\"index, follow, max-snippet:-1, max-image-preview:large, max-video-preview:-1\" \/>\n<link rel=\"canonical\" href=\"https:\/\/www.supeinnihonto.com\/fr\/produit\/yoroi-dragon-maedate\/\" \/>\n<meta property=\"og:locale\" content=\"fr_FR\" \/>\n<meta property=\"og:type\" content=\"article\" \/>\n<meta property=\"og:title\" content=\"Yoroi Dragon Maedate - Supein Nihonto\" \/>\n<meta property=\"og:description\" content=\"Impressive Late Edo period armour in almost pristine condition. Elegant and colourful armour with lots of decorative elements like the beautiful dragon maedate, covered in gold leaf and red lacquer and comes with its own carrying case. Gold plated parts. These pieces were very expensive and denoted a hig\" \/>\n<meta property=\"og:url\" content=\"https:\/\/www.supeinnihonto.com\/fr\/produit\/yoroi-dragon-maedate\/\" \/>\n<meta property=\"og:site_name\" content=\"Supein Nihonto\" \/>\n<meta property=\"article:modified_time\" content=\"2025-12-14T23:10:12+00:00\" \/>\n<meta property=\"og:image\" content=\"https:\/\/www.supeinnihonto.com\/wp-content\/uploads\/2024\/02\/logo-sold.png\" \/>\n\t<meta property=\"og:image:width\" content=\"3125\" \/>\n\t<meta property=\"og:image:height\" content=\"1875\" \/>\n\t<meta property=\"og:image:type\" content=\"image\/png\" \/>\n<meta name=\"twitter:card\" content=\"summary_large_image\" \/>\n<meta name=\"twitter:label1\" content=\"Dur\u00e9e de lecture estim\u00e9e\" \/>\n\t<meta name=\"twitter:data1\" content=\"3 minutes\" \/>\n<script type=\"application\/ld+json\" class=\"yoast-schema-graph\">{\"@context\":\"https:\\\/\\\/schema.org\",\"@graph\":[{\"@type\":\"WebPage\",\"@id\":\"https:\\\/\\\/www.supeinnihonto.com\\\/fr\\\/produit\\\/yoroi-dragon-maedate\\\/\",\"url\":\"https:\\\/\\\/www.supeinnihonto.com\\\/fr\\\/produit\\\/yoroi-dragon-maedate\\\/\",\"name\":\"Yoroi Dragon Maedate - Supein Nihonto\",\"isPartOf\":{\"@id\":\"https:\\\/\\\/www.supeinnihonto.com\\\/fr\\\/#website\"},\"primaryImageOfPage\":{\"@id\":\"https:\\\/\\\/www.supeinnihonto.com\\\/fr\\\/produit\\\/yoroi-dragon-maedate\\\/#primaryimage\"},\"image\":{\"@id\":\"https:\\\/\\\/www.supeinnihonto.com\\\/fr\\\/produit\\\/yoroi-dragon-maedate\\\/#primaryimage\"},\"thumbnailUrl\":\"https:\\\/\\\/i0.wp.com\\\/www.supeinnihonto.com\\\/wp-content\\\/uploads\\\/2024\\\/02\\\/logo-sold-scaled.png?fit=3125%2C1875&ssl=1\",\"datePublished\":\"2025-04-15T12:23:00+00:00\",\"dateModified\":\"2025-12-14T23:10:12+00:00\",\"description\":\"Impressive Late Edo period armour in almost pristine condition. Elegant and colourful armour with lots of decorative elements like the beautiful dragon maedate, covered in gold leaf and red lacquer and comes with its own carrying case. Gold plated parts. These pieces were very expensive and denoted a hig\",\"breadcrumb\":{\"@id\":\"https:\\\/\\\/www.supeinnihonto.com\\\/fr\\\/produit\\\/yoroi-dragon-maedate\\\/#breadcrumb\"},\"inLanguage\":\"fr-FR\",\"potentialAction\":[{\"@type\":\"ReadAction\",\"target\":[\"https:\\\/\\\/www.supeinnihonto.com\\\/fr\\\/produit\\\/yoroi-dragon-maedate\\\/\"]}]},{\"@type\":\"ImageObject\",\"inLanguage\":\"fr-FR\",\"@id\":\"https:\\\/\\\/www.supeinnihonto.com\\\/fr\\\/produit\\\/yoroi-dragon-maedate\\\/#primaryimage\",\"url\":\"https:\\\/\\\/i0.wp.com\\\/www.supeinnihonto.com\\\/wp-content\\\/uploads\\\/2024\\\/02\\\/logo-sold-scaled.png?fit=3125%2C1875&ssl=1\",\"contentUrl\":\"https:\\\/\\\/i0.wp.com\\\/www.supeinnihonto.com\\\/wp-content\\\/uploads\\\/2024\\\/02\\\/logo-sold-scaled.png?fit=3125%2C1875&ssl=1\",\"width\":3125,\"height\":1875,\"caption\":\"sold\"},{\"@type\":\"BreadcrumbList\",\"@id\":\"https:\\\/\\\/www.supeinnihonto.com\\\/fr\\\/produit\\\/yoroi-dragon-maedate\\\/#breadcrumb\",\"itemListElement\":[{\"@type\":\"ListItem\",\"position\":1,\"name\":\"Portada\",\"item\":\"https:\\\/\\\/www.supeinnihonto.com\\\/fr\\\/\"},{\"@type\":\"ListItem\",\"position\":2,\"name\":\"Shop\",\"item\":\"https:\\\/\\\/www.supeinnihonto.com\\\/fr\\\/shop\\\/\"},{\"@type\":\"ListItem\",\"position\":3,\"name\":\"Yoroi Dragon Maedate\"}]},{\"@type\":\"WebSite\",\"@id\":\"https:\\\/\\\/www.supeinnihonto.com\\\/fr\\\/#website\",\"url\":\"https:\\\/\\\/www.supeinnihonto.com\\\/fr\\\/\",\"name\":\"Supein Nihonto\",\"description\":\"Authentic japanese Nihonto katana \",\"publisher\":{\"@id\":\"https:\\\/\\\/www.supeinnihonto.com\\\/fr\\\/#organization\"},\"potentialAction\":[{\"@type\":\"SearchAction\",\"target\":{\"@type\":\"EntryPoint\",\"urlTemplate\":\"https:\\\/\\\/www.supeinnihonto.com\\\/fr\\\/?s={search_term_string}\"},\"query-input\":{\"@type\":\"PropertyValueSpecification\",\"valueRequired\":true,\"valueName\":\"search_term_string\"}}],\"inLanguage\":\"fr-FR\"},{\"@type\":\"Organization\",\"@id\":\"https:\\\/\\\/www.supeinnihonto.com\\\/fr\\\/#organization\",\"name\":\"SupeinNihonto\",\"url\":\"https:\\\/\\\/www.supeinnihonto.com\\\/fr\\\/\",\"logo\":{\"@type\":\"ImageObject\",\"inLanguage\":\"fr-FR\",\"@id\":\"https:\\\/\\\/www.supeinnihonto.com\\\/fr\\\/#\\\/schema\\\/logo\\\/image\\\/\",\"url\":\"https:\\\/\\\/www.supeinnihonto.com\\\/wp-content\\\/uploads\\\/2021\\\/11\\\/animation_Default_3szk0jcenoloop.gif\",\"contentUrl\":\"https:\\\/\\\/www.supeinnihonto.com\\\/wp-content\\\/uploads\\\/2021\\\/11\\\/animation_Default_3szk0jcenoloop.gif\",\"width\":750,\"height\":641,\"caption\":\"SupeinNihonto\"},\"image\":{\"@id\":\"https:\\\/\\\/www.supeinnihonto.com\\\/fr\\\/#\\\/schema\\\/logo\\\/image\\\/\"}}]}<\/script>\n<!-- \/ Yoast SEO plugin. -->","yoast_head_json":{"title":"Yoroi Dragon Maedate - Supein Nihonto","description":"Impressive Late Edo period armour in almost pristine condition. Elegant and colourful armour with lots of decorative elements like the beautiful dragon maedate, covered in gold leaf and red lacquer and comes with its own carrying case. Gold plated parts. These pieces were very expensive and denoted a hig","robots":{"index":"index","follow":"follow","max-snippet":"max-snippet:-1","max-image-preview":"max-image-preview:large","max-video-preview":"max-video-preview:-1"},"canonical":"https:\/\/www.supeinnihonto.com\/fr\/produit\/yoroi-dragon-maedate\/","og_locale":"fr_FR","og_type":"article","og_title":"Yoroi Dragon Maedate - Supein Nihonto","og_description":"Impressive Late Edo period armour in almost pristine condition. Elegant and colourful armour with lots of decorative elements like the beautiful dragon maedate, covered in gold leaf and red lacquer and comes with its own carrying case. Gold plated parts. These pieces were very expensive and denoted a hig","og_url":"https:\/\/www.supeinnihonto.com\/fr\/produit\/yoroi-dragon-maedate\/","og_site_name":"Supein Nihonto","article_modified_time":"2025-12-14T23:10:12+00:00","og_image":[{"width":3125,"height":1875,"url":"https:\/\/www.supeinnihonto.com\/wp-content\/uploads\/2024\/02\/logo-sold.png","type":"image\/png"}],"twitter_card":"summary_large_image","twitter_misc":{"Dur\u00e9e de lecture estim\u00e9e":"3 minutes"},"schema":{"@context":"https:\/\/schema.org","@graph":[{"@type":"WebPage","@id":"https:\/\/www.supeinnihonto.com\/fr\/produit\/yoroi-dragon-maedate\/","url":"https:\/\/www.supeinnihonto.com\/fr\/produit\/yoroi-dragon-maedate\/","name":"Yoroi Dragon Maedate - Supein Nihonto","isPartOf":{"@id":"https:\/\/www.supeinnihonto.com\/fr\/#website"},"primaryImageOfPage":{"@id":"https:\/\/www.supeinnihonto.com\/fr\/produit\/yoroi-dragon-maedate\/#primaryimage"},"image":{"@id":"https:\/\/www.supeinnihonto.com\/fr\/produit\/yoroi-dragon-maedate\/#primaryimage"},"thumbnailUrl":"https:\/\/i0.wp.com\/www.supeinnihonto.com\/wp-content\/uploads\/2024\/02\/logo-sold-scaled.png?fit=3125%2C1875&ssl=1","datePublished":"2025-04-15T12:23:00+00:00","dateModified":"2025-12-14T23:10:12+00:00","description":"Impressive Late Edo period armour in almost pristine condition. Elegant and colourful armour with lots of decorative elements like the beautiful dragon maedate, covered in gold leaf and red lacquer and comes with its own carrying case. Gold plated parts. These pieces were very expensive and denoted a hig","breadcrumb":{"@id":"https:\/\/www.supeinnihonto.com\/fr\/produit\/yoroi-dragon-maedate\/#breadcrumb"},"inLanguage":"fr-FR","potentialAction":[{"@type":"ReadAction","target":["https:\/\/www.supeinnihonto.com\/fr\/produit\/yoroi-dragon-maedate\/"]}]},{"@type":"ImageObject","inLanguage":"fr-FR","@id":"https:\/\/www.supeinnihonto.com\/fr\/produit\/yoroi-dragon-maedate\/#primaryimage","url":"https:\/\/i0.wp.com\/www.supeinnihonto.com\/wp-content\/uploads\/2024\/02\/logo-sold-scaled.png?fit=3125%2C1875&ssl=1","contentUrl":"https:\/\/i0.wp.com\/www.supeinnihonto.com\/wp-content\/uploads\/2024\/02\/logo-sold-scaled.png?fit=3125%2C1875&ssl=1","width":3125,"height":1875,"caption":"sold"},{"@type":"BreadcrumbList","@id":"https:\/\/www.supeinnihonto.com\/fr\/produit\/yoroi-dragon-maedate\/#breadcrumb","itemListElement":[{"@type":"ListItem","position":1,"name":"Portada","item":"https:\/\/www.supeinnihonto.com\/fr\/"},{"@type":"ListItem","position":2,"name":"Shop","item":"https:\/\/www.supeinnihonto.com\/fr\/shop\/"},{"@type":"ListItem","position":3,"name":"Yoroi Dragon Maedate"}]},{"@type":"WebSite","@id":"https:\/\/www.supeinnihonto.com\/fr\/#website","url":"https:\/\/www.supeinnihonto.com\/fr\/","name":"Supein Nihonto","description":"Authentic japanese Nihonto katana ","publisher":{"@id":"https:\/\/www.supeinnihonto.com\/fr\/#organization"},"potentialAction":[{"@type":"SearchAction","target":{"@type":"EntryPoint","urlTemplate":"https:\/\/www.supeinnihonto.com\/fr\/?s={search_term_string}"},"query-input":{"@type":"PropertyValueSpecification","valueRequired":true,"valueName":"search_term_string"}}],"inLanguage":"fr-FR"},{"@type":"Organization","@id":"https:\/\/www.supeinnihonto.com\/fr\/#organization","name":"SupeinNihonto","url":"https:\/\/www.supeinnihonto.com\/fr\/","logo":{"@type":"ImageObject","inLanguage":"fr-FR","@id":"https:\/\/www.supeinnihonto.com\/fr\/#\/schema\/logo\/image\/","url":"https:\/\/www.supeinnihonto.com\/wp-content\/uploads\/2021\/11\/animation_Default_3szk0jcenoloop.gif","contentUrl":"https:\/\/www.supeinnihonto.com\/wp-content\/uploads\/2021\/11\/animation_Default_3szk0jcenoloop.gif","width":750,"height":641,"caption":"SupeinNihonto"},"image":{"@id":"https:\/\/www.supeinnihonto.com\/fr\/#\/schema\/logo\/image\/"}}]}},"jetpack-related-posts":[{"id":15143,"url":"https:\/\/www.supeinnihonto.com\/fr\/produit\/gusoku-edo-crescent-moon\/","url_meta":{"origin":11908,"position":0},"title":"Gusoku \u00c9do Croissant de lune","author":"Supein Nihonto","date":"25 de janvier de 2024","format":false,"excerpt":"\u00c0 propos de nous : Nos photographies sont prises sans retouche ni photoshop afin de garantir que le client puisse juger de la r\u00e9alit\u00e9 de l'objet. Gr\u00e2ce \u00e0 un travail constant directement avec les meilleurs collectionneurs, mus\u00e9es et galeries au Japon et \u00e0 notre amiti\u00e9 avec eux, ainsi qu'\u00e0 une\u2026","rel":"","context":"Article similaire","block_context":{"text":"Article similaire","link":""},"img":{"alt_text":"sold","src":"https:\/\/i0.wp.com\/www.supeinnihonto.com\/wp-content\/uploads\/2024\/02\/logo-sold-scaled.png?fit=1200%2C720&ssl=1&resize=350%2C200","width":350,"height":200,"srcset":"https:\/\/i0.wp.com\/www.supeinnihonto.com\/wp-content\/uploads\/2024\/02\/logo-sold-scaled.png?fit=1200%2C720&ssl=1&resize=350%2C200 1x, https:\/\/i0.wp.com\/www.supeinnihonto.com\/wp-content\/uploads\/2024\/02\/logo-sold-scaled.png?fit=1200%2C720&ssl=1&resize=525%2C300 1.5x, https:\/\/i0.wp.com\/www.supeinnihonto.com\/wp-content\/uploads\/2024\/02\/logo-sold-scaled.png?fit=1200%2C720&ssl=1&resize=700%2C400 2x, https:\/\/i0.wp.com\/www.supeinnihonto.com\/wp-content\/uploads\/2024\/02\/logo-sold-scaled.png?fit=1200%2C720&ssl=1&resize=1050%2C600 3x"},"classes":[]},{"id":15135,"url":"https:\/\/www.supeinnihonto.com\/fr\/produit\/great-yoroi\/","url_meta":{"origin":11908,"position":1},"title":"Grand Yoroi","author":"Supein Nihonto","date":"25 de janvier de 2024","format":false,"excerpt":"\u00c0 propos de nous : Nos photographies sont prises sans retouche ni photoshop afin de garantir que le client puisse juger de la r\u00e9alit\u00e9 de l\u2019objet. Gr\u00e2ce \u00e0 un travail constant directement avec les meilleurs collectionneurs, mus\u00e9es et galeries au Japon et \u00e0 notre amiti\u00e9 avec eux, ainsi qu\u2019\u00e0 une\u2026","rel":"","context":"Article similaire","block_context":{"text":"Article similaire","link":""},"img":{"alt_text":"sold","src":"https:\/\/i0.wp.com\/www.supeinnihonto.com\/wp-content\/uploads\/2024\/02\/logo-sold-scaled.png?fit=1200%2C720&ssl=1&resize=350%2C200","width":350,"height":200,"srcset":"https:\/\/i0.wp.com\/www.supeinnihonto.com\/wp-content\/uploads\/2024\/02\/logo-sold-scaled.png?fit=1200%2C720&ssl=1&resize=350%2C200 1x, https:\/\/i0.wp.com\/www.supeinnihonto.com\/wp-content\/uploads\/2024\/02\/logo-sold-scaled.png?fit=1200%2C720&ssl=1&resize=525%2C300 1.5x, https:\/\/i0.wp.com\/www.supeinnihonto.com\/wp-content\/uploads\/2024\/02\/logo-sold-scaled.png?fit=1200%2C720&ssl=1&resize=700%2C400 2x, https:\/\/i0.wp.com\/www.supeinnihonto.com\/wp-content\/uploads\/2024\/02\/logo-sold-scaled.png?fit=1200%2C720&ssl=1&resize=1050%2C600 3x"},"classes":[]},{"id":15103,"url":"https:\/\/www.supeinnihonto.com\/fr\/produit\/gusogu-flag-edo-period\/","url_meta":{"origin":11908,"position":2},"title":"Drapeau Gusogu p\u00e9riode Edo","author":"Supein Nihonto","date":"26 de janvier de 2024","format":false,"excerpt":"\u00c0 propos de nous : Nos photographies sont prises sans retouche ni photoshop afin de garantir que le client puisse juger de la r\u00e9alit\u00e9 de l'objet. Gr\u00e2ce \u00e0 un travail constant directement avec les meilleurs collectionneurs, mus\u00e9es et galeries au Japon et \u00e0 notre amiti\u00e9 avec eux, ainsi qu'\u00e0 une\u2026","rel":"","context":"Article similaire","block_context":{"text":"Article similaire","link":""},"img":{"alt_text":"sold","src":"https:\/\/i0.wp.com\/www.supeinnihonto.com\/wp-content\/uploads\/2024\/02\/logo-sold-scaled.png?fit=1200%2C720&ssl=1&resize=350%2C200","width":350,"height":200,"srcset":"https:\/\/i0.wp.com\/www.supeinnihonto.com\/wp-content\/uploads\/2024\/02\/logo-sold-scaled.png?fit=1200%2C720&ssl=1&resize=350%2C200 1x, https:\/\/i0.wp.com\/www.supeinnihonto.com\/wp-content\/uploads\/2024\/02\/logo-sold-scaled.png?fit=1200%2C720&ssl=1&resize=525%2C300 1.5x, https:\/\/i0.wp.com\/www.supeinnihonto.com\/wp-content\/uploads\/2024\/02\/logo-sold-scaled.png?fit=1200%2C720&ssl=1&resize=700%2C400 2x, https:\/\/i0.wp.com\/www.supeinnihonto.com\/wp-content\/uploads\/2024\/02\/logo-sold-scaled.png?fit=1200%2C720&ssl=1&resize=1050%2C600 3x"},"classes":[]},{"id":15111,"url":"https:\/\/www.supeinnihonto.com\/fr\/produit\/gusoku-kawari-kabuto\/","url_meta":{"origin":11908,"position":3},"title":"Gusoku casque kawari faisan","author":"Supein Nihonto","date":"25 de janvier de 2024","format":false,"excerpt":"\u00c0 propos de nous : Nos photographies sont prises sans retouche ni photoshop afin de garantir que le client puisse juger de la r\u00e9alit\u00e9 de l\u2019objet. Gr\u00e2ce \u00e0 un travail constant directement avec les meilleurs collectionneurs, mus\u00e9es et galeries au Japon et \u00e0 notre amiti\u00e9 avec eux, ainsi qu\u2019\u00e0 une\u2026","rel":"","context":"Article similaire","block_context":{"text":"Article similaire","link":""},"img":{"alt_text":"sold","src":"https:\/\/i0.wp.com\/www.supeinnihonto.com\/wp-content\/uploads\/2024\/02\/logo-sold-scaled.png?fit=1200%2C720&ssl=1&resize=350%2C200","width":350,"height":200,"srcset":"https:\/\/i0.wp.com\/www.supeinnihonto.com\/wp-content\/uploads\/2024\/02\/logo-sold-scaled.png?fit=1200%2C720&ssl=1&resize=350%2C200 1x, https:\/\/i0.wp.com\/www.supeinnihonto.com\/wp-content\/uploads\/2024\/02\/logo-sold-scaled.png?fit=1200%2C720&ssl=1&resize=525%2C300 1.5x, https:\/\/i0.wp.com\/www.supeinnihonto.com\/wp-content\/uploads\/2024\/02\/logo-sold-scaled.png?fit=1200%2C720&ssl=1&resize=700%2C400 2x, https:\/\/i0.wp.com\/www.supeinnihonto.com\/wp-content\/uploads\/2024\/02\/logo-sold-scaled.png?fit=1200%2C720&ssl=1&resize=1050%2C600 3x"},"classes":[]},{"id":11193,"url":"https:\/\/www.supeinnihonto.com\/fr\/produit\/gusoku-wood-do\/","url_meta":{"origin":11908,"position":4},"title":"Gusoku Noir","author":"Eric Majo","date":"16 de ao\u00fbt de 2025","format":false,"excerpt":"\u00c0 propos de nous : Nos photographies sont prises sans retouche ni photoshop afin de garantir que le client puisse juger de la r\u00e9alit\u00e9 de l\u2019objet. Gr\u00e2ce \u00e0 un travail constant directement avec les meilleurs collectionneurs, mus\u00e9es et galeries au Japon et \u00e0 notre amiti\u00e9 avec eux, ainsi qu\u2019\u00e0 une\u2026","rel":"","context":"Article similaire","block_context":{"text":"Article similaire","link":""},"img":{"alt_text":"","src":"https:\/\/i0.wp.com\/www.supeinnihonto.com\/wp-content\/uploads\/2025\/07\/DSC_0354-scaled.jpg?fit=800%2C1200&ssl=1&resize=350%2C200","width":350,"height":200,"srcset":"https:\/\/i0.wp.com\/www.supeinnihonto.com\/wp-content\/uploads\/2025\/07\/DSC_0354-scaled.jpg?fit=800%2C1200&ssl=1&resize=350%2C200 1x, https:\/\/i0.wp.com\/www.supeinnihonto.com\/wp-content\/uploads\/2025\/07\/DSC_0354-scaled.jpg?fit=800%2C1200&ssl=1&resize=525%2C300 1.5x, https:\/\/i0.wp.com\/www.supeinnihonto.com\/wp-content\/uploads\/2025\/07\/DSC_0354-scaled.jpg?fit=800%2C1200&ssl=1&resize=700%2C400 2x"},"classes":[]},{"id":12342,"url":"https:\/\/www.supeinnihonto.com\/fr\/produit\/marugata-shakudo-samurai\/","url_meta":{"origin":11908,"position":5},"title":"Marugata shakudo tsuba samurai","author":"Eric Majo","date":"12 de novembre de 2024","format":false,"excerpt":"ARTICLE : Livr\u00e9 avec certificat de Supein Nihonto. Fourni avec une bo\u00eete en bois. Sign\u00e9 \u00ab Nara Naoyoshi \u00bb, tsuba marugata en shakud\u014d k\u0101\u014d (alliage d\u2019or et de cuivre). Pi\u00e8ce d\u2019une qualit\u00e9 in\u00e9gal\u00e9e, digne des plus grands mus\u00e9es du monde. Il est ais\u00e9 d\u2019appr\u00e9cier l\u2019exceptionnelle finesse du d\u00e9tail et de\u2026","rel":"","context":"Article similaire","block_context":{"text":"Article similaire","link":""},"img":{"alt_text":"Marugata shakudo tsuba samurai","src":"https:\/\/i0.wp.com\/www.supeinnihonto.com\/wp-content\/uploads\/2024\/11\/DSC1956-scaled.jpg?fit=1200%2C800&ssl=1&resize=350%2C200","width":350,"height":200,"srcset":"https:\/\/i0.wp.com\/www.supeinnihonto.com\/wp-content\/uploads\/2024\/11\/DSC1956-scaled.jpg?fit=1200%2C800&ssl=1&resize=350%2C200 1x, https:\/\/i0.wp.com\/www.supeinnihonto.com\/wp-content\/uploads\/2024\/11\/DSC1956-scaled.jpg?fit=1200%2C800&ssl=1&resize=525%2C300 1.5x, https:\/\/i0.wp.com\/www.supeinnihonto.com\/wp-content\/uploads\/2024\/11\/DSC1956-scaled.jpg?fit=1200%2C800&ssl=1&resize=700%2C400 2x, https:\/\/i0.wp.com\/www.supeinnihonto.com\/wp-content\/uploads\/2024\/11\/DSC1956-scaled.jpg?fit=1200%2C800&ssl=1&resize=1050%2C600 3x"},"classes":[]}],"jetpack_sharing_enabled":true,"_links":{"self":[{"href":"https:\/\/www.supeinnihonto.com\/fr\/wp-json\/wp\/v2\/product\/11908","targetHints":{"allow":["GET"]}}],"collection":[{"href":"https:\/\/www.supeinnihonto.com\/fr\/wp-json\/wp\/v2\/product"}],"about":[{"href":"https:\/\/www.supeinnihonto.com\/fr\/wp-json\/wp\/v2\/types\/product"}],"wp:featuredmedia":[{"embeddable":true,"href":"https:\/\/www.supeinnihonto.com\/fr\/wp-json\/wp\/v2\/media\/10954"}],"wp:attachment":[{"href":"https:\/\/www.supeinnihonto.com\/fr\/wp-json\/wp\/v2\/media?parent=11908"}],"wp:term":[{"taxonomy":"product_brand","embeddable":true,"href":"https:\/\/www.supeinnihonto.com\/fr\/wp-json\/wp\/v2\/product_brand?post=11908"},{"taxonomy":"product_cat","embeddable":true,"href":"https:\/\/www.supeinnihonto.com\/fr\/wp-json\/wp\/v2\/product_cat?post=11908"},{"taxonomy":"product_tag","embeddable":true,"href":"https:\/\/www.supeinnihonto.com\/fr\/wp-json\/wp\/v2\/product_tag?post=11908"}],"curies":[{"name":"wp","href":"https:\/\/api.w.org\/{rel}","templated":true}]}}