{"id":11284,"date":"2025-07-22T09:53:53","date_gmt":"2025-07-22T09:53:53","guid":{"rendered":"https:\/\/www.supeinnihonto.com\/product\/snake-maedate-kabuto\/"},"modified":"2025-12-18T23:53:33","modified_gmt":"2025-12-18T23:53:33","slug":"snake-maedate-kabuto","status":"publish","type":"product","link":"https:\/\/www.supeinnihonto.com\/fr\/produit\/snake-maedate-kabuto\/","title":{"rendered":"Snake Maedate Kabuto"},"content":{"rendered":"<p><em><strong>About US:<\/strong><\/em><\/p>\n<p>Nos photographies sont prises sans retouche ni Photoshop afin de garantir que le client puisse juger fid\u00e8lement de la r\u00e9alit\u00e9 de l\u2019objet.<\/p>\n<p>Gr\u00e2ce \u00e0 un travail constant men\u00e9 directement avec les meilleurs collectionneurs, mus\u00e9es et galeries du Japon, ainsi qu\u2019\u00e0 des relations d\u2019amiti\u00e9 avec eux, combin\u00e9s \u00e0 une marge b\u00e9n\u00e9ficiaire bien inf\u00e9rieure \u00e0 celle de la concurrence europ\u00e9enne, nous pouvons proposer des objets permettant \u00e0 de nombreuses personnes d\u2019acqu\u00e9rir des pi\u00e8ces authentiques vieilles de plusieurs centaines d\u2019ann\u00e9es \u00e0 des prix plus que comp\u00e9titifs. Apr\u00e8s tout, l\u2019art des samoura\u00efs est notre passion et nous souhaitons la partager avec le monde.<\/p>\n<p><span>ITEM DESCRIPTION:<\/span><\/p>\n<p><span>Livr\u00e9 avec certificat de Supein Nihonto.<\/span><\/p>\n<p><span>P\u00e9riode Edo (1615\u20131868)<\/span><\/p>\n<p><span>Description du Kabuto<\/span><\/p>\n<p><span>Aper\u00e7u g\u00e9n\u00e9ral<\/span><\/p>\n<p><span>Il s\u2019agit d\u2019un exemple exceptionnel de momonari kabuto de la p\u00e9riode Edo, un type de casque inspir\u00e9 par la forme d\u2019une p\u00eache (momonari), pr\u00e9sent\u00e9 ici dans un profil plus mod\u00e9r\u00e9 et \u00e9l\u00e9gant. La ligne centrale l\u00e9g\u00e8rement sur\u00e9lev\u00e9e et la cr\u00eate frontale doucement incurv\u00e9e l\u2019identifient clairement comme appartenant \u00e0 cette forme. De tels kabuto n\u2019\u00e9taient pas seulement des \u00e9quipements d\u00e9fensifs, mais aussi des symboles d\u2019autorit\u00e9 et de statut.<\/span><\/p>\n<p><span>Maedate (ornement frontal)<\/span><\/p>\n<p><span>Le maedate pr\u00e9sente un serpent dor\u00e9 enroul\u00e9, r\u00e9alis\u00e9 vraisemblablement en laiton dor\u00e9. Il est profond\u00e9ment sculpt\u00e9 en haut relief et d\u00e9gage une forte pr\u00e9sence. Dans l\u2019iconographie japonaise, le serpent (hebi, \u86c7) repr\u00e9sente la sagesse, la long\u00e9vit\u00e9, la protection et la force spirituelle. En tant qu\u2019ornement de casque, il communique le commandement et le myst\u00e8re de son porteur.<\/span><\/p>\n<p><span>Structure et mat\u00e9riaux<\/span><\/p>\n<p><span>Type : Momonari kabuto (casque en forme de p\u00eache)<\/span><\/p>\n<p><span>Hachi (calotte du casque) : Fer forg\u00e9 avec finition noire mate, pr\u00e9sentant une unique ligne centrale et une cr\u00eate frontale douce.<\/span><\/p>\n<p><span>Fukigaeshi (ailettes lat\u00e9rales) : Recouverts de feuille d\u2019or textur\u00e9e, indiquant raffinement et rang \u00e9lev\u00e9.<\/span><\/p>\n<p><span>Shikoro (prot\u00e8ge-nuque) : Compos\u00e9 de plusieurs plaques noires laqu\u00e9es, \u00e9galement orn\u00e9es de d\u00e9tails dor\u00e9s et li\u00e9es par un cordon orange fonc\u00e9.<\/span><\/p>\n<p><span>Int\u00e9rieur : Doublure traditionnelle teint\u00e9e \u00e0 l\u2019indigo avec cordage d\u2019origine intact.<\/span><\/p>\n<p><span>Kanji\/symboles : Les deux c\u00f4t\u00e9s du hachi portent des caract\u00e8res ou embl\u00e8mes dor\u00e9s stylis\u00e9s. Ceux-ci peuvent repr\u00e9senter le caract\u00e8re \u4e38 (maru) ou une forme symbolique de kanji.<\/span><\/p>\n","protected":false},"excerpt":{"rendered":"<p>About US: Nos photographies sont prises sans retouche ni Photoshop afin de garantir que le client puisse juger fid\u00e8lement de la r\u00e9alit\u00e9 de l\u2019objet. Gr\u00e2ce \u00e0 un travail constant men\u00e9 directement avec les meilleurs collectionneurs, mus\u00e9es et galeries du Japon, ainsi qu\u2019\u00e0 des relations d\u2019amiti\u00e9 avec eux, combin\u00e9s \u00e0 une [&hellip;]<\/p>\n","protected":false},"featured_media":38588,"template":"","meta":{"jetpack_post_was_ever_published":false},"product_brand":[],"product_cat":[543],"product_tag":[444,635,588],"class_list":{"0":"post-11284","1":"product","2":"type-product","3":"status-publish","4":"has-post-thumbnail","6":"product_cat-kabuto","7":"product_tag-edo","8":"product_tag-kabuto","9":"product_tag-yoroi","10":"product_shipping_class-light","12":"first","13":"instock","14":"featured","15":"sold-individually","16":"shipping-taxable","17":"purchasable","18":"product-type-simple"},"yoast_head":"<!-- This site is optimized with the Yoast SEO plugin v27.5 - https:\/\/yoast.com\/product\/yoast-seo-wordpress\/ -->\n<title>Snake Maedate Kabuto - Supein Nihonto<\/title>\n<meta name=\"description\" content=\"Il s\u2019agit d\u2019un exemple exceptionnel de momonari kabuto de la p\u00e9riode Edo, un type de casque inspir\u00e9 par la forme de la p\u00eache (momonari), pr\u00e9sent\u00e9 ici dans un profil plus mod\u00e9r\u00e9 et \u00e9l\u00e9gant. La ligne centrale l\u00e9g\u00e8rement sur\u00e9lev\u00e9e et la cr\u00eate frontale doucement incurv\u00e9e l\u2019identifient clairement au sein de t\" \/>\n<meta name=\"robots\" content=\"index, follow, max-snippet:-1, max-image-preview:large, max-video-preview:-1\" \/>\n<link rel=\"canonical\" href=\"https:\/\/www.supeinnihonto.com\/fr\/produit\/snake-maedate-kabuto\/\" \/>\n<meta property=\"og:locale\" content=\"fr_FR\" \/>\n<meta property=\"og:type\" content=\"article\" \/>\n<meta property=\"og:title\" content=\"Snake Maedate Kabuto - Supein Nihonto\" \/>\n<meta property=\"og:description\" content=\"Il s\u2019agit d\u2019un exemple exceptionnel de momonari kabuto de la p\u00e9riode Edo, un type de casque inspir\u00e9 par la forme de la p\u00eache (momonari), pr\u00e9sent\u00e9 ici dans un profil plus mod\u00e9r\u00e9 et \u00e9l\u00e9gant. La ligne centrale l\u00e9g\u00e8rement sur\u00e9lev\u00e9e et la cr\u00eate frontale doucement incurv\u00e9e l\u2019identifient clairement au sein de t\" \/>\n<meta property=\"og:url\" content=\"https:\/\/www.supeinnihonto.com\/fr\/produit\/snake-maedate-kabuto\/\" \/>\n<meta property=\"og:site_name\" content=\"Supein Nihonto\" \/>\n<meta property=\"article:modified_time\" content=\"2025-12-18T23:53:33+00:00\" \/>\n<meta property=\"og:image\" content=\"https:\/\/www.supeinnihonto.com\/wp-content\/uploads\/2025\/07\/DSC_9960-scaled-1.webp\" \/>\n\t<meta property=\"og:image:width\" content=\"2048\" \/>\n\t<meta property=\"og:image:height\" content=\"1649\" \/>\n\t<meta property=\"og:image:type\" content=\"image\/webp\" \/>\n<meta name=\"twitter:card\" content=\"summary_large_image\" \/>\n<meta name=\"twitter:label1\" content=\"Dur\u00e9e de lecture estim\u00e9e\" \/>\n\t<meta name=\"twitter:data1\" content=\"2 minutes\" \/>\n<script type=\"application\/ld+json\" class=\"yoast-schema-graph\">{\"@context\":\"https:\\\/\\\/schema.org\",\"@graph\":[{\"@type\":\"WebPage\",\"@id\":\"https:\\\/\\\/www.supeinnihonto.com\\\/fr\\\/produit\\\/snake-maedate-kabuto\\\/\",\"url\":\"https:\\\/\\\/www.supeinnihonto.com\\\/fr\\\/produit\\\/snake-maedate-kabuto\\\/\",\"name\":\"Snake Maedate Kabuto - Supein Nihonto\",\"isPartOf\":{\"@id\":\"https:\\\/\\\/www.supeinnihonto.com\\\/fr\\\/#website\"},\"primaryImageOfPage\":{\"@id\":\"https:\\\/\\\/www.supeinnihonto.com\\\/fr\\\/produit\\\/snake-maedate-kabuto\\\/#primaryimage\"},\"image\":{\"@id\":\"https:\\\/\\\/www.supeinnihonto.com\\\/fr\\\/produit\\\/snake-maedate-kabuto\\\/#primaryimage\"},\"thumbnailUrl\":\"https:\\\/\\\/i0.wp.com\\\/www.supeinnihonto.com\\\/wp-content\\\/uploads\\\/2025\\\/07\\\/DSC_9960-scaled-1.webp?fit=2048%2C1649&ssl=1\",\"datePublished\":\"2025-07-22T09:53:53+00:00\",\"dateModified\":\"2025-12-18T23:53:33+00:00\",\"description\":\"Il s\u2019agit d\u2019un exemple exceptionnel de momonari kabuto de la p\u00e9riode Edo, un type de casque inspir\u00e9 par la forme de la p\u00eache (momonari), pr\u00e9sent\u00e9 ici dans un profil plus mod\u00e9r\u00e9 et \u00e9l\u00e9gant. La ligne centrale l\u00e9g\u00e8rement sur\u00e9lev\u00e9e et la cr\u00eate frontale doucement incurv\u00e9e l\u2019identifient clairement au sein de t\",\"breadcrumb\":{\"@id\":\"https:\\\/\\\/www.supeinnihonto.com\\\/fr\\\/produit\\\/snake-maedate-kabuto\\\/#breadcrumb\"},\"inLanguage\":\"fr-FR\",\"potentialAction\":[{\"@type\":\"ReadAction\",\"target\":[\"https:\\\/\\\/www.supeinnihonto.com\\\/fr\\\/produit\\\/snake-maedate-kabuto\\\/\"]}]},{\"@type\":\"ImageObject\",\"inLanguage\":\"fr-FR\",\"@id\":\"https:\\\/\\\/www.supeinnihonto.com\\\/fr\\\/produit\\\/snake-maedate-kabuto\\\/#primaryimage\",\"url\":\"https:\\\/\\\/i0.wp.com\\\/www.supeinnihonto.com\\\/wp-content\\\/uploads\\\/2025\\\/07\\\/DSC_9960-scaled-1.webp?fit=2048%2C1649&ssl=1\",\"contentUrl\":\"https:\\\/\\\/i0.wp.com\\\/www.supeinnihonto.com\\\/wp-content\\\/uploads\\\/2025\\\/07\\\/DSC_9960-scaled-1.webp?fit=2048%2C1649&ssl=1\",\"width\":2048,\"height\":1649,\"caption\":\"Snake Maedate Kabuto\"},{\"@type\":\"BreadcrumbList\",\"@id\":\"https:\\\/\\\/www.supeinnihonto.com\\\/fr\\\/produit\\\/snake-maedate-kabuto\\\/#breadcrumb\",\"itemListElement\":[{\"@type\":\"ListItem\",\"position\":1,\"name\":\"Portada\",\"item\":\"https:\\\/\\\/www.supeinnihonto.com\\\/fr\\\/\"},{\"@type\":\"ListItem\",\"position\":2,\"name\":\"Shop\",\"item\":\"https:\\\/\\\/www.supeinnihonto.com\\\/fr\\\/shop\\\/\"},{\"@type\":\"ListItem\",\"position\":3,\"name\":\"Snake Maedate Kabuto\"}]},{\"@type\":\"WebSite\",\"@id\":\"https:\\\/\\\/www.supeinnihonto.com\\\/fr\\\/#website\",\"url\":\"https:\\\/\\\/www.supeinnihonto.com\\\/fr\\\/\",\"name\":\"Supein Nihonto\",\"description\":\"Authentic japanese Nihonto katana \",\"publisher\":{\"@id\":\"https:\\\/\\\/www.supeinnihonto.com\\\/fr\\\/#organization\"},\"potentialAction\":[{\"@type\":\"SearchAction\",\"target\":{\"@type\":\"EntryPoint\",\"urlTemplate\":\"https:\\\/\\\/www.supeinnihonto.com\\\/fr\\\/?s={search_term_string}\"},\"query-input\":{\"@type\":\"PropertyValueSpecification\",\"valueRequired\":true,\"valueName\":\"search_term_string\"}}],\"inLanguage\":\"fr-FR\"},{\"@type\":\"Organization\",\"@id\":\"https:\\\/\\\/www.supeinnihonto.com\\\/fr\\\/#organization\",\"name\":\"SupeinNihonto\",\"url\":\"https:\\\/\\\/www.supeinnihonto.com\\\/fr\\\/\",\"logo\":{\"@type\":\"ImageObject\",\"inLanguage\":\"fr-FR\",\"@id\":\"https:\\\/\\\/www.supeinnihonto.com\\\/fr\\\/#\\\/schema\\\/logo\\\/image\\\/\",\"url\":\"https:\\\/\\\/www.supeinnihonto.com\\\/wp-content\\\/uploads\\\/2021\\\/11\\\/animation_Default_3szk0jcenoloop.gif\",\"contentUrl\":\"https:\\\/\\\/www.supeinnihonto.com\\\/wp-content\\\/uploads\\\/2021\\\/11\\\/animation_Default_3szk0jcenoloop.gif\",\"width\":750,\"height\":641,\"caption\":\"SupeinNihonto\"},\"image\":{\"@id\":\"https:\\\/\\\/www.supeinnihonto.com\\\/fr\\\/#\\\/schema\\\/logo\\\/image\\\/\"}}]}<\/script>\n<!-- \/ Yoast SEO plugin. -->","yoast_head_json":{"title":"Snake Maedate Kabuto - Supein Nihonto","description":"Il s\u2019agit d\u2019un exemple exceptionnel de momonari kabuto de la p\u00e9riode Edo, un type de casque inspir\u00e9 par la forme de la p\u00eache (momonari), pr\u00e9sent\u00e9 ici dans un profil plus mod\u00e9r\u00e9 et \u00e9l\u00e9gant. La ligne centrale l\u00e9g\u00e8rement sur\u00e9lev\u00e9e et la cr\u00eate frontale doucement incurv\u00e9e l\u2019identifient clairement au sein de t","robots":{"index":"index","follow":"follow","max-snippet":"max-snippet:-1","max-image-preview":"max-image-preview:large","max-video-preview":"max-video-preview:-1"},"canonical":"https:\/\/www.supeinnihonto.com\/fr\/produit\/snake-maedate-kabuto\/","og_locale":"fr_FR","og_type":"article","og_title":"Snake Maedate Kabuto - Supein Nihonto","og_description":"Il s\u2019agit d\u2019un exemple exceptionnel de momonari kabuto de la p\u00e9riode Edo, un type de casque inspir\u00e9 par la forme de la p\u00eache (momonari), pr\u00e9sent\u00e9 ici dans un profil plus mod\u00e9r\u00e9 et \u00e9l\u00e9gant. La ligne centrale l\u00e9g\u00e8rement sur\u00e9lev\u00e9e et la cr\u00eate frontale doucement incurv\u00e9e l\u2019identifient clairement au sein de t","og_url":"https:\/\/www.supeinnihonto.com\/fr\/produit\/snake-maedate-kabuto\/","og_site_name":"Supein Nihonto","article_modified_time":"2025-12-18T23:53:33+00:00","og_image":[{"width":2048,"height":1649,"url":"https:\/\/www.supeinnihonto.com\/wp-content\/uploads\/2025\/07\/DSC_9960-scaled-1.webp","type":"image\/webp"}],"twitter_card":"summary_large_image","twitter_misc":{"Dur\u00e9e de lecture estim\u00e9e":"2 minutes"},"schema":{"@context":"https:\/\/schema.org","@graph":[{"@type":"WebPage","@id":"https:\/\/www.supeinnihonto.com\/fr\/produit\/snake-maedate-kabuto\/","url":"https:\/\/www.supeinnihonto.com\/fr\/produit\/snake-maedate-kabuto\/","name":"Snake Maedate Kabuto - Supein Nihonto","isPartOf":{"@id":"https:\/\/www.supeinnihonto.com\/fr\/#website"},"primaryImageOfPage":{"@id":"https:\/\/www.supeinnihonto.com\/fr\/produit\/snake-maedate-kabuto\/#primaryimage"},"image":{"@id":"https:\/\/www.supeinnihonto.com\/fr\/produit\/snake-maedate-kabuto\/#primaryimage"},"thumbnailUrl":"https:\/\/i0.wp.com\/www.supeinnihonto.com\/wp-content\/uploads\/2025\/07\/DSC_9960-scaled-1.webp?fit=2048%2C1649&ssl=1","datePublished":"2025-07-22T09:53:53+00:00","dateModified":"2025-12-18T23:53:33+00:00","description":"Il s\u2019agit d\u2019un exemple exceptionnel de momonari kabuto de la p\u00e9riode Edo, un type de casque inspir\u00e9 par la forme de la p\u00eache (momonari), pr\u00e9sent\u00e9 ici dans un profil plus mod\u00e9r\u00e9 et \u00e9l\u00e9gant. La ligne centrale l\u00e9g\u00e8rement sur\u00e9lev\u00e9e et la cr\u00eate frontale doucement incurv\u00e9e l\u2019identifient clairement au sein de t","breadcrumb":{"@id":"https:\/\/www.supeinnihonto.com\/fr\/produit\/snake-maedate-kabuto\/#breadcrumb"},"inLanguage":"fr-FR","potentialAction":[{"@type":"ReadAction","target":["https:\/\/www.supeinnihonto.com\/fr\/produit\/snake-maedate-kabuto\/"]}]},{"@type":"ImageObject","inLanguage":"fr-FR","@id":"https:\/\/www.supeinnihonto.com\/fr\/produit\/snake-maedate-kabuto\/#primaryimage","url":"https:\/\/i0.wp.com\/www.supeinnihonto.com\/wp-content\/uploads\/2025\/07\/DSC_9960-scaled-1.webp?fit=2048%2C1649&ssl=1","contentUrl":"https:\/\/i0.wp.com\/www.supeinnihonto.com\/wp-content\/uploads\/2025\/07\/DSC_9960-scaled-1.webp?fit=2048%2C1649&ssl=1","width":2048,"height":1649,"caption":"Snake Maedate Kabuto"},{"@type":"BreadcrumbList","@id":"https:\/\/www.supeinnihonto.com\/fr\/produit\/snake-maedate-kabuto\/#breadcrumb","itemListElement":[{"@type":"ListItem","position":1,"name":"Portada","item":"https:\/\/www.supeinnihonto.com\/fr\/"},{"@type":"ListItem","position":2,"name":"Shop","item":"https:\/\/www.supeinnihonto.com\/fr\/shop\/"},{"@type":"ListItem","position":3,"name":"Snake Maedate Kabuto"}]},{"@type":"WebSite","@id":"https:\/\/www.supeinnihonto.com\/fr\/#website","url":"https:\/\/www.supeinnihonto.com\/fr\/","name":"Supein Nihonto","description":"Authentic japanese Nihonto katana ","publisher":{"@id":"https:\/\/www.supeinnihonto.com\/fr\/#organization"},"potentialAction":[{"@type":"SearchAction","target":{"@type":"EntryPoint","urlTemplate":"https:\/\/www.supeinnihonto.com\/fr\/?s={search_term_string}"},"query-input":{"@type":"PropertyValueSpecification","valueRequired":true,"valueName":"search_term_string"}}],"inLanguage":"fr-FR"},{"@type":"Organization","@id":"https:\/\/www.supeinnihonto.com\/fr\/#organization","name":"SupeinNihonto","url":"https:\/\/www.supeinnihonto.com\/fr\/","logo":{"@type":"ImageObject","inLanguage":"fr-FR","@id":"https:\/\/www.supeinnihonto.com\/fr\/#\/schema\/logo\/image\/","url":"https:\/\/www.supeinnihonto.com\/wp-content\/uploads\/2021\/11\/animation_Default_3szk0jcenoloop.gif","contentUrl":"https:\/\/www.supeinnihonto.com\/wp-content\/uploads\/2021\/11\/animation_Default_3szk0jcenoloop.gif","width":750,"height":641,"caption":"SupeinNihonto"},"image":{"@id":"https:\/\/www.supeinnihonto.com\/fr\/#\/schema\/logo\/image\/"}}]}},"jetpack-related-posts":[{"id":11243,"url":"https:\/\/www.supeinnihonto.com\/fr\/produit\/usagi-kabuto\/","url_meta":{"origin":11284,"position":0},"title":"Usagi Kabuto","author":"Eric Majo","date":"22 de juillet de 2025","format":false,"excerpt":"About US: Nos photographies sont prises sans retouche ni Photoshop afin de garantir que le client puisse juger fid\u00e8lement de la r\u00e9alit\u00e9 de l\u2019objet. Gr\u00e2ce \u00e0 un travail constant men\u00e9 directement avec les meilleurs collectionneurs, mus\u00e9es et galeries du Japon, ainsi qu\u2019\u00e0 des relations d\u2019amiti\u00e9 avec eux, et \u00e0 une\u2026","rel":"","context":"Article similaire","block_context":{"text":"Article similaire","link":""},"img":{"alt_text":"","src":"https:\/\/i0.wp.com\/www.supeinnihonto.com\/wp-content\/uploads\/2025\/07\/DSC_9977-scaled-1.webp?fit=1200%2C1103&ssl=1&resize=350%2C200","width":350,"height":200,"srcset":"https:\/\/i0.wp.com\/www.supeinnihonto.com\/wp-content\/uploads\/2025\/07\/DSC_9977-scaled-1.webp?fit=1200%2C1103&ssl=1&resize=350%2C200 1x, https:\/\/i0.wp.com\/www.supeinnihonto.com\/wp-content\/uploads\/2025\/07\/DSC_9977-scaled-1.webp?fit=1200%2C1103&ssl=1&resize=525%2C300 1.5x, https:\/\/i0.wp.com\/www.supeinnihonto.com\/wp-content\/uploads\/2025\/07\/DSC_9977-scaled-1.webp?fit=1200%2C1103&ssl=1&resize=700%2C400 2x, https:\/\/i0.wp.com\/www.supeinnihonto.com\/wp-content\/uploads\/2025\/07\/DSC_9977-scaled-1.webp?fit=1200%2C1103&ssl=1&resize=1050%2C600 3x"},"classes":[]},{"id":10966,"url":"https:\/\/www.supeinnihonto.com\/fr\/produit\/tengu-kawari-kabuto\/","url_meta":{"origin":11284,"position":1},"title":"Tengu Kawari Kabuto","author":"Eric Majo","date":"29 de novembre de 2025","format":false,"excerpt":"\u00c0 propos de nous : Nos photographies sont prises sans retouche ni photoshop afin de garantir que le client puisse juger de la r\u00e9alit\u00e9 de l\u2019objet. Gr\u00e2ce \u00e0 un travail constant directement avec les meilleurs collectionneurs, mus\u00e9es et galeries au Japon et \u00e0 notre amiti\u00e9 avec eux, ainsi qu\u2019\u00e0 une\u2026","rel":"","context":"Article similaire","block_context":{"text":"Article similaire","link":""},"img":{"alt_text":"Tengu kabuto for sale","src":"https:\/\/i0.wp.com\/www.supeinnihonto.com\/wp-content\/uploads\/2025\/11\/DSC_4003-scaled.jpg?fit=1200%2C959&ssl=1&resize=350%2C200","width":350,"height":200,"srcset":"https:\/\/i0.wp.com\/www.supeinnihonto.com\/wp-content\/uploads\/2025\/11\/DSC_4003-scaled.jpg?fit=1200%2C959&ssl=1&resize=350%2C200 1x, https:\/\/i0.wp.com\/www.supeinnihonto.com\/wp-content\/uploads\/2025\/11\/DSC_4003-scaled.jpg?fit=1200%2C959&ssl=1&resize=525%2C300 1.5x, https:\/\/i0.wp.com\/www.supeinnihonto.com\/wp-content\/uploads\/2025\/11\/DSC_4003-scaled.jpg?fit=1200%2C959&ssl=1&resize=700%2C400 2x, https:\/\/i0.wp.com\/www.supeinnihonto.com\/wp-content\/uploads\/2025\/11\/DSC_4003-scaled.jpg?fit=1200%2C959&ssl=1&resize=1050%2C600 3x"},"classes":[]},{"id":39175,"url":"https:\/\/www.supeinnihonto.com\/fr\/produit\/suji-bachi-kabuto-4\/","url_meta":{"origin":11284,"position":2},"title":"Suji Bachi Kabuto","author":"Eric Majo","date":"26 de d\u00e9cembre de 2025","format":false,"excerpt":"\u00c0 propos de nous : Nos photographies sont prises sans retouche ni photoshop afin de garantir que le client puisse juger de la r\u00e9alit\u00e9 de l\u2019objet. Gr\u00e2ce \u00e0 un travail constant directement avec les meilleurs collectionneurs, mus\u00e9es et galeries au Japon et \u00e0 notre amiti\u00e9 avec eux, ainsi qu\u2019\u00e0 une\u2026","rel":"","context":"Article similaire","block_context":{"text":"Article similaire","link":""},"img":{"alt_text":"Sold","src":"https:\/\/i0.wp.com\/www.supeinnihonto.com\/wp-content\/uploads\/2024\/01\/logo-sold-scaled.png?fit=1200%2C720&ssl=1&resize=350%2C200","width":350,"height":200,"srcset":"https:\/\/i0.wp.com\/www.supeinnihonto.com\/wp-content\/uploads\/2024\/01\/logo-sold-scaled.png?fit=1200%2C720&ssl=1&resize=350%2C200 1x, https:\/\/i0.wp.com\/www.supeinnihonto.com\/wp-content\/uploads\/2024\/01\/logo-sold-scaled.png?fit=1200%2C720&ssl=1&resize=525%2C300 1.5x, https:\/\/i0.wp.com\/www.supeinnihonto.com\/wp-content\/uploads\/2024\/01\/logo-sold-scaled.png?fit=1200%2C720&ssl=1&resize=700%2C400 2x, https:\/\/i0.wp.com\/www.supeinnihonto.com\/wp-content\/uploads\/2024\/01\/logo-sold-scaled.png?fit=1200%2C720&ssl=1&resize=1050%2C600 3x"},"classes":[]},{"id":10976,"url":"https:\/\/www.supeinnihonto.com\/fr\/produit\/golden-kawari-kabuto\/","url_meta":{"origin":11284,"position":3},"title":"Golden Kawari Kabuto","author":"Eric Majo","date":"29 de novembre de 2025","format":false,"excerpt":"\u00c0 propos de nous : Nos photographies sont prises sans retouche ni utilisation de Photoshop, afin de permettre au client de juger de la r\u00e9alit\u00e9 de l\u2019objet. Gr\u00e2ce \u00e0 un travail constant men\u00e9 directement avec les meilleurs collectionneurs, mus\u00e9es et galeries du Japon, ainsi qu\u2019\u00e0 des relations d\u2019amiti\u00e9 avec eux,\u2026","rel":"","context":"Article similaire","block_context":{"text":"Article similaire","link":""},"img":{"alt_text":"Sold","src":"https:\/\/i0.wp.com\/www.supeinnihonto.com\/wp-content\/uploads\/2024\/01\/logo-sold-scaled.png?fit=1200%2C720&ssl=1&resize=350%2C200","width":350,"height":200,"srcset":"https:\/\/i0.wp.com\/www.supeinnihonto.com\/wp-content\/uploads\/2024\/01\/logo-sold-scaled.png?fit=1200%2C720&ssl=1&resize=350%2C200 1x, https:\/\/i0.wp.com\/www.supeinnihonto.com\/wp-content\/uploads\/2024\/01\/logo-sold-scaled.png?fit=1200%2C720&ssl=1&resize=525%2C300 1.5x, https:\/\/i0.wp.com\/www.supeinnihonto.com\/wp-content\/uploads\/2024\/01\/logo-sold-scaled.png?fit=1200%2C720&ssl=1&resize=700%2C400 2x, https:\/\/i0.wp.com\/www.supeinnihonto.com\/wp-content\/uploads\/2024\/01\/logo-sold-scaled.png?fit=1200%2C720&ssl=1&resize=1050%2C600 3x"},"classes":[]},{"id":10987,"url":"https:\/\/www.supeinnihonto.com\/fr\/produit\/kawari-kabuto\/","url_meta":{"origin":11284,"position":4},"title":"Kawari Kabuto","author":"Eric Majo","date":"25 de novembre de 2025","format":false,"excerpt":"\u00c0 propos de nous : Nos photographies sont prises sans retouche ni photoshop afin de garantir que le client puisse juger de la r\u00e9alit\u00e9 de l\u2019objet. Gr\u00e2ce \u00e0 un travail constant directement avec les meilleurs collectionneurs, mus\u00e9es et galeries au Japon et \u00e0 notre amiti\u00e9 avec eux, ainsi qu\u2019\u00e0 une\u2026","rel":"","context":"Article similaire","block_context":{"text":"Article similaire","link":""},"img":{"alt_text":"Kabuto for sale","src":"https:\/\/i0.wp.com\/www.supeinnihonto.com\/wp-content\/uploads\/2025\/11\/DSC_3872-scaled.jpg?fit=975%2C1200&ssl=1&resize=350%2C200","width":350,"height":200,"srcset":"https:\/\/i0.wp.com\/www.supeinnihonto.com\/wp-content\/uploads\/2025\/11\/DSC_3872-scaled.jpg?fit=975%2C1200&ssl=1&resize=350%2C200 1x, https:\/\/i0.wp.com\/www.supeinnihonto.com\/wp-content\/uploads\/2025\/11\/DSC_3872-scaled.jpg?fit=975%2C1200&ssl=1&resize=525%2C300 1.5x, https:\/\/i0.wp.com\/www.supeinnihonto.com\/wp-content\/uploads\/2025\/11\/DSC_3872-scaled.jpg?fit=975%2C1200&ssl=1&resize=700%2C400 2x"},"classes":[]},{"id":13515,"url":"https:\/\/www.supeinnihonto.com\/fr\/produit\/kawari-kabuto-shachihoko\/","url_meta":{"origin":11284,"position":5},"title":"Kawari Kabuto Shachihoko","author":"Supein Nihonto","date":"30 de mai de 2024","format":false,"excerpt":"\u00c0 propos de nous : Nos photographies sont prises sans retouche ni photoshop afin de garantir que le client puisse juger de la r\u00e9alit\u00e9 de l'objet. Gr\u00e2ce \u00e0 un travail constant directement avec les meilleurs collectionneurs, mus\u00e9es et galeries au Japon et \u00e0 notre amiti\u00e9 avec eux, ainsi qu'\u00e0 une\u2026","rel":"","context":"Article similaire","block_context":{"text":"Article similaire","link":""},"img":{"alt_text":"Kawari Kabuto Shachihoko","src":"https:\/\/i0.wp.com\/www.supeinnihonto.com\/wp-content\/uploads\/2024\/05\/DSC_4575-scaled.jpg?fit=800%2C1200&ssl=1&resize=350%2C200","width":350,"height":200,"srcset":"https:\/\/i0.wp.com\/www.supeinnihonto.com\/wp-content\/uploads\/2024\/05\/DSC_4575-scaled.jpg?fit=800%2C1200&ssl=1&resize=350%2C200 1x, https:\/\/i0.wp.com\/www.supeinnihonto.com\/wp-content\/uploads\/2024\/05\/DSC_4575-scaled.jpg?fit=800%2C1200&ssl=1&resize=525%2C300 1.5x, https:\/\/i0.wp.com\/www.supeinnihonto.com\/wp-content\/uploads\/2024\/05\/DSC_4575-scaled.jpg?fit=800%2C1200&ssl=1&resize=700%2C400 2x"},"classes":[]}],"jetpack_sharing_enabled":true,"_links":{"self":[{"href":"https:\/\/www.supeinnihonto.com\/fr\/wp-json\/wp\/v2\/product\/11284","targetHints":{"allow":["GET"]}}],"collection":[{"href":"https:\/\/www.supeinnihonto.com\/fr\/wp-json\/wp\/v2\/product"}],"about":[{"href":"https:\/\/www.supeinnihonto.com\/fr\/wp-json\/wp\/v2\/types\/product"}],"wp:featuredmedia":[{"embeddable":true,"href":"https:\/\/www.supeinnihonto.com\/fr\/wp-json\/wp\/v2\/media\/38588"}],"wp:attachment":[{"href":"https:\/\/www.supeinnihonto.com\/fr\/wp-json\/wp\/v2\/media?parent=11284"}],"wp:term":[{"taxonomy":"product_brand","embeddable":true,"href":"https:\/\/www.supeinnihonto.com\/fr\/wp-json\/wp\/v2\/product_brand?post=11284"},{"taxonomy":"product_cat","embeddable":true,"href":"https:\/\/www.supeinnihonto.com\/fr\/wp-json\/wp\/v2\/product_cat?post=11284"},{"taxonomy":"product_tag","embeddable":true,"href":"https:\/\/www.supeinnihonto.com\/fr\/wp-json\/wp\/v2\/product_tag?post=11284"}],"curies":[{"name":"wp","href":"https:\/\/api.w.org\/{rel}","templated":true}]}}