{"id":11243,"date":"2025-07-22T10:13:28","date_gmt":"2025-07-22T10:13:28","guid":{"rendered":"https:\/\/www.supeinnihonto.com\/product\/usagi-kabuto\/"},"modified":"2025-12-18T23:13:19","modified_gmt":"2025-12-18T23:13:19","slug":"usagi-kabuto","status":"publish","type":"product","link":"https:\/\/www.supeinnihonto.com\/fr\/produit\/usagi-kabuto\/","title":{"rendered":"Usagi Kabuto"},"content":{"rendered":"<p><em><strong>About US:<\/strong><\/em><\/p>\n<p>Nos photographies sont prises sans retouche ni Photoshop afin de garantir que le client puisse juger fid\u00e8lement de la r\u00e9alit\u00e9 de l\u2019objet.<\/p>\n<p>Gr\u00e2ce \u00e0 un travail constant men\u00e9 directement avec les meilleurs collectionneurs, mus\u00e9es et galeries du Japon, ainsi qu\u2019\u00e0 des relations d\u2019amiti\u00e9 avec eux, et \u00e0 une marge b\u00e9n\u00e9ficiaire bien inf\u00e9rieure \u00e0 celle de la concurrence europ\u00e9enne, nous pouvons proposer des objets permettant \u00e0 de nombreuses personnes d\u2019acqu\u00e9rir des pi\u00e8ces authentiques vieilles de plusieurs centaines d\u2019ann\u00e9es \u00e0 des prix plus que comp\u00e9titifs. Apr\u00e8s tout, l\u2019art des samoura\u00efs est notre passion et nous souhaitons la partager avec le monde.<\/p>\n<p><span>ITEM DESCRIPTION:<\/span><\/p>\n<p><span>Livr\u00e9 avec certificat de Supein Nihonto.<\/span><\/p>\n<p><span>P\u00e9riode Edo (1615\u20131868)<\/span><\/p>\n<p><span>Description du Kabuto<\/span><\/p>\n<p><span>Kabuto japonais Suji Bachi avec maedate en croissant de lune et d\u00e9coration kuwagata<\/span><\/p>\n<p><span>P\u00e9riode : Edo<\/span><\/p>\n<p><span>Style : Suji bachi kabuto compos\u00e9 de huit plaques de fer avec un ornement frontal \u00e9labor\u00e9<\/span><\/p>\n<p><span>Mat\u00e9riaux : Fer laqu\u00e9, cuivre, laiton, cuir et coton<\/span><\/p>\n<p><span>Ce kabuto est une magnifique repr\u00e9sentation du type suji bachi, compos\u00e9 de huit plaques de fer assembl\u00e9es avec des nervures prononc\u00e9es. La riche teinte brune et les subtiles marques de vieillissement conf\u00e8rent \u00e0 la pi\u00e8ce un caract\u00e8re authentique et historique.<\/span><\/p>\n<p><span>L\u2019\u00e9l\u00e9ment le plus remarquable est le maedate (ornement frontal), compos\u00e9 de :<\/span><\/p>\n<p><span>Un croissant de lune en laiton, symbole puissant souvent associ\u00e9 \u00e0 la vision et \u00e0 la force spirituelle, li\u00e9 \u00e0 des figures telles que Date Masamune.<\/span><\/p>\n<p><span>Deux \u00e9l\u00e9ments kuwagata (ornements en forme de cornes de scarab\u00e9e) avec une finition en cuivre oxyd\u00e9, \u00e0 texture brute et vieillie, leur conf\u00e9rant une pr\u00e9sence audacieuse et archa\u00efque.<\/span><\/p>\n<p><span>Les fukigaeshi (ailettes lat\u00e9rales) sont laqu\u00e9s or et fortement incurv\u00e9s.<\/span><\/p>\n<p><span>Le shikoro (prot\u00e8ge-nuque) est compos\u00e9 de cinq plaques de fer horizontales lac\u00e9es avec des cordons bleu fonc\u00e9, offrant \u00e0 la fois protection et \u00e9l\u00e9gance.<\/span><\/p>\n<p><span>Doublure int\u00e9rieure en coton matelass\u00e9 bleu marine, avec le cordon de fixation traditionnel encore intact.<\/span><\/p>\n<p><span>Description des \u00e9l\u00e9ments<\/span><\/p>\n<p><span>Type Suji bachi kabuto<\/span><\/p>\n<p><span>P\u00e9riode P\u00e9riode Edo<\/span><\/p>\n<p><span>Maedate Croissant de lune en laiton + ornements kuwagata en cuivre<\/span><\/p>\n<p><span>Mat\u00e9riaux Fer laqu\u00e9, cuivre, laiton, cuir, coton<\/span><\/p>\n<p><span>Shikoro 5 plaques laqu\u00e9es avec la\u00e7age en soie bleu indigo<\/span><\/p>\n<p><span>Fukigaeshi Finition en laiton dor\u00e9<\/span><\/p>\n<p><span>Int\u00e9rieur Doublure en coton bleu matelass\u00e9 avec syst\u00e8me de fixation traditionnel<\/span><\/p>\n<p><span>\u00c9tat Tr\u00e8s bien conserv\u00e9 avec une patine authentique et des signes naturels de vieillissement<\/span><\/p>\n","protected":false},"excerpt":{"rendered":"<p>About US: Nos photographies sont prises sans retouche ni Photoshop afin de garantir que le client puisse juger fid\u00e8lement de la r\u00e9alit\u00e9 de l\u2019objet. Gr\u00e2ce \u00e0 un travail constant men\u00e9 directement avec les meilleurs collectionneurs, mus\u00e9es et galeries du Japon, ainsi qu\u2019\u00e0 des relations d\u2019amiti\u00e9 avec eux, et \u00e0 une [&hellip;]<\/p>\n","protected":false},"featured_media":38558,"template":"","meta":{"jetpack_post_was_ever_published":false},"product_brand":[],"product_cat":[543],"product_tag":[444,635,588],"class_list":{"0":"post-11243","1":"product","2":"type-product","3":"status-publish","4":"has-post-thumbnail","6":"product_cat-kabuto","7":"product_tag-edo","8":"product_tag-kabuto","9":"product_tag-yoroi","10":"product_shipping_class-light","12":"first","13":"instock","14":"featured","15":"sold-individually","16":"shipping-taxable","17":"purchasable","18":"product-type-simple"},"yoast_head":"<!-- This site is optimized with the Yoast SEO plugin v27.5 - https:\/\/yoast.com\/product\/yoast-seo-wordpress\/ -->\n<title>Usagi Kabuto - Supein Nihonto<\/title>\n<meta name=\"description\" content=\"Ce kabuto est une magnifique repr\u00e9sentation du type suji bachi, compos\u00e9 de huit plaques de fer assembl\u00e9es avec des nervures prononc\u00e9es. La riche teinte brune et les subtiles marques de vieillissement conf\u00e8rent \u00e0 la pi\u00e8ce un caract\u00e8re authentique et historique.\" \/>\n<meta name=\"robots\" content=\"index, follow, max-snippet:-1, max-image-preview:large, max-video-preview:-1\" \/>\n<link rel=\"canonical\" href=\"https:\/\/www.supeinnihonto.com\/fr\/produit\/usagi-kabuto\/\" \/>\n<meta property=\"og:locale\" content=\"fr_FR\" \/>\n<meta property=\"og:type\" content=\"article\" \/>\n<meta property=\"og:title\" content=\"Usagi Kabuto - Supein Nihonto\" \/>\n<meta property=\"og:description\" content=\"Ce kabuto est une magnifique repr\u00e9sentation du type suji bachi, compos\u00e9 de huit plaques de fer assembl\u00e9es avec des nervures prononc\u00e9es. La riche teinte brune et les subtiles marques de vieillissement conf\u00e8rent \u00e0 la pi\u00e8ce un caract\u00e8re authentique et historique.\" \/>\n<meta property=\"og:url\" content=\"https:\/\/www.supeinnihonto.com\/fr\/produit\/usagi-kabuto\/\" \/>\n<meta property=\"og:site_name\" content=\"Supein Nihonto\" \/>\n<meta property=\"article:modified_time\" content=\"2025-12-18T23:13:19+00:00\" \/>\n<meta property=\"og:image\" content=\"https:\/\/www.supeinnihonto.com\/wp-content\/uploads\/2025\/07\/DSC_9977-scaled-1.webp\" \/>\n\t<meta property=\"og:image:width\" content=\"2560\" \/>\n\t<meta property=\"og:image:height\" content=\"2353\" \/>\n\t<meta property=\"og:image:type\" content=\"image\/webp\" \/>\n<meta name=\"twitter:card\" content=\"summary_large_image\" \/>\n<meta name=\"twitter:label1\" content=\"Dur\u00e9e de lecture estim\u00e9e\" \/>\n\t<meta name=\"twitter:data1\" content=\"2 minutes\" \/>\n<script type=\"application\/ld+json\" class=\"yoast-schema-graph\">{\"@context\":\"https:\\\/\\\/schema.org\",\"@graph\":[{\"@type\":\"WebPage\",\"@id\":\"https:\\\/\\\/www.supeinnihonto.com\\\/fr\\\/produit\\\/usagi-kabuto\\\/\",\"url\":\"https:\\\/\\\/www.supeinnihonto.com\\\/fr\\\/produit\\\/usagi-kabuto\\\/\",\"name\":\"Usagi Kabuto - Supein Nihonto\",\"isPartOf\":{\"@id\":\"https:\\\/\\\/www.supeinnihonto.com\\\/fr\\\/#website\"},\"primaryImageOfPage\":{\"@id\":\"https:\\\/\\\/www.supeinnihonto.com\\\/fr\\\/produit\\\/usagi-kabuto\\\/#primaryimage\"},\"image\":{\"@id\":\"https:\\\/\\\/www.supeinnihonto.com\\\/fr\\\/produit\\\/usagi-kabuto\\\/#primaryimage\"},\"thumbnailUrl\":\"https:\\\/\\\/i0.wp.com\\\/www.supeinnihonto.com\\\/wp-content\\\/uploads\\\/2025\\\/07\\\/DSC_9977-scaled-1.webp?fit=2560%2C2353&ssl=1\",\"datePublished\":\"2025-07-22T10:13:28+00:00\",\"dateModified\":\"2025-12-18T23:13:19+00:00\",\"description\":\"Ce kabuto est une magnifique repr\u00e9sentation du type suji bachi, compos\u00e9 de huit plaques de fer assembl\u00e9es avec des nervures prononc\u00e9es. La riche teinte brune et les subtiles marques de vieillissement conf\u00e8rent \u00e0 la pi\u00e8ce un caract\u00e8re authentique et historique.\",\"breadcrumb\":{\"@id\":\"https:\\\/\\\/www.supeinnihonto.com\\\/fr\\\/produit\\\/usagi-kabuto\\\/#breadcrumb\"},\"inLanguage\":\"fr-FR\",\"potentialAction\":[{\"@type\":\"ReadAction\",\"target\":[\"https:\\\/\\\/www.supeinnihonto.com\\\/fr\\\/produit\\\/usagi-kabuto\\\/\"]}]},{\"@type\":\"ImageObject\",\"inLanguage\":\"fr-FR\",\"@id\":\"https:\\\/\\\/www.supeinnihonto.com\\\/fr\\\/produit\\\/usagi-kabuto\\\/#primaryimage\",\"url\":\"https:\\\/\\\/i0.wp.com\\\/www.supeinnihonto.com\\\/wp-content\\\/uploads\\\/2025\\\/07\\\/DSC_9977-scaled-1.webp?fit=2560%2C2353&ssl=1\",\"contentUrl\":\"https:\\\/\\\/i0.wp.com\\\/www.supeinnihonto.com\\\/wp-content\\\/uploads\\\/2025\\\/07\\\/DSC_9977-scaled-1.webp?fit=2560%2C2353&ssl=1\",\"width\":2560,\"height\":2353},{\"@type\":\"BreadcrumbList\",\"@id\":\"https:\\\/\\\/www.supeinnihonto.com\\\/fr\\\/produit\\\/usagi-kabuto\\\/#breadcrumb\",\"itemListElement\":[{\"@type\":\"ListItem\",\"position\":1,\"name\":\"Portada\",\"item\":\"https:\\\/\\\/www.supeinnihonto.com\\\/fr\\\/\"},{\"@type\":\"ListItem\",\"position\":2,\"name\":\"Shop\",\"item\":\"https:\\\/\\\/www.supeinnihonto.com\\\/fr\\\/shop\\\/\"},{\"@type\":\"ListItem\",\"position\":3,\"name\":\"Usagi Kabuto\"}]},{\"@type\":\"WebSite\",\"@id\":\"https:\\\/\\\/www.supeinnihonto.com\\\/fr\\\/#website\",\"url\":\"https:\\\/\\\/www.supeinnihonto.com\\\/fr\\\/\",\"name\":\"Supein Nihonto\",\"description\":\"Authentic japanese Nihonto katana \",\"publisher\":{\"@id\":\"https:\\\/\\\/www.supeinnihonto.com\\\/fr\\\/#organization\"},\"potentialAction\":[{\"@type\":\"SearchAction\",\"target\":{\"@type\":\"EntryPoint\",\"urlTemplate\":\"https:\\\/\\\/www.supeinnihonto.com\\\/fr\\\/?s={search_term_string}\"},\"query-input\":{\"@type\":\"PropertyValueSpecification\",\"valueRequired\":true,\"valueName\":\"search_term_string\"}}],\"inLanguage\":\"fr-FR\"},{\"@type\":\"Organization\",\"@id\":\"https:\\\/\\\/www.supeinnihonto.com\\\/fr\\\/#organization\",\"name\":\"SupeinNihonto\",\"url\":\"https:\\\/\\\/www.supeinnihonto.com\\\/fr\\\/\",\"logo\":{\"@type\":\"ImageObject\",\"inLanguage\":\"fr-FR\",\"@id\":\"https:\\\/\\\/www.supeinnihonto.com\\\/fr\\\/#\\\/schema\\\/logo\\\/image\\\/\",\"url\":\"https:\\\/\\\/www.supeinnihonto.com\\\/wp-content\\\/uploads\\\/2021\\\/11\\\/animation_Default_3szk0jcenoloop.gif\",\"contentUrl\":\"https:\\\/\\\/www.supeinnihonto.com\\\/wp-content\\\/uploads\\\/2021\\\/11\\\/animation_Default_3szk0jcenoloop.gif\",\"width\":750,\"height\":641,\"caption\":\"SupeinNihonto\"},\"image\":{\"@id\":\"https:\\\/\\\/www.supeinnihonto.com\\\/fr\\\/#\\\/schema\\\/logo\\\/image\\\/\"}}]}<\/script>\n<!-- \/ Yoast SEO plugin. -->","yoast_head_json":{"title":"Usagi Kabuto - Supein Nihonto","description":"Ce kabuto est une magnifique repr\u00e9sentation du type suji bachi, compos\u00e9 de huit plaques de fer assembl\u00e9es avec des nervures prononc\u00e9es. La riche teinte brune et les subtiles marques de vieillissement conf\u00e8rent \u00e0 la pi\u00e8ce un caract\u00e8re authentique et historique.","robots":{"index":"index","follow":"follow","max-snippet":"max-snippet:-1","max-image-preview":"max-image-preview:large","max-video-preview":"max-video-preview:-1"},"canonical":"https:\/\/www.supeinnihonto.com\/fr\/produit\/usagi-kabuto\/","og_locale":"fr_FR","og_type":"article","og_title":"Usagi Kabuto - Supein Nihonto","og_description":"Ce kabuto est une magnifique repr\u00e9sentation du type suji bachi, compos\u00e9 de huit plaques de fer assembl\u00e9es avec des nervures prononc\u00e9es. La riche teinte brune et les subtiles marques de vieillissement conf\u00e8rent \u00e0 la pi\u00e8ce un caract\u00e8re authentique et historique.","og_url":"https:\/\/www.supeinnihonto.com\/fr\/produit\/usagi-kabuto\/","og_site_name":"Supein Nihonto","article_modified_time":"2025-12-18T23:13:19+00:00","og_image":[{"width":2560,"height":2353,"url":"https:\/\/www.supeinnihonto.com\/wp-content\/uploads\/2025\/07\/DSC_9977-scaled-1.webp","type":"image\/webp"}],"twitter_card":"summary_large_image","twitter_misc":{"Dur\u00e9e de lecture estim\u00e9e":"2 minutes"},"schema":{"@context":"https:\/\/schema.org","@graph":[{"@type":"WebPage","@id":"https:\/\/www.supeinnihonto.com\/fr\/produit\/usagi-kabuto\/","url":"https:\/\/www.supeinnihonto.com\/fr\/produit\/usagi-kabuto\/","name":"Usagi Kabuto - Supein Nihonto","isPartOf":{"@id":"https:\/\/www.supeinnihonto.com\/fr\/#website"},"primaryImageOfPage":{"@id":"https:\/\/www.supeinnihonto.com\/fr\/produit\/usagi-kabuto\/#primaryimage"},"image":{"@id":"https:\/\/www.supeinnihonto.com\/fr\/produit\/usagi-kabuto\/#primaryimage"},"thumbnailUrl":"https:\/\/i0.wp.com\/www.supeinnihonto.com\/wp-content\/uploads\/2025\/07\/DSC_9977-scaled-1.webp?fit=2560%2C2353&ssl=1","datePublished":"2025-07-22T10:13:28+00:00","dateModified":"2025-12-18T23:13:19+00:00","description":"Ce kabuto est une magnifique repr\u00e9sentation du type suji bachi, compos\u00e9 de huit plaques de fer assembl\u00e9es avec des nervures prononc\u00e9es. La riche teinte brune et les subtiles marques de vieillissement conf\u00e8rent \u00e0 la pi\u00e8ce un caract\u00e8re authentique et historique.","breadcrumb":{"@id":"https:\/\/www.supeinnihonto.com\/fr\/produit\/usagi-kabuto\/#breadcrumb"},"inLanguage":"fr-FR","potentialAction":[{"@type":"ReadAction","target":["https:\/\/www.supeinnihonto.com\/fr\/produit\/usagi-kabuto\/"]}]},{"@type":"ImageObject","inLanguage":"fr-FR","@id":"https:\/\/www.supeinnihonto.com\/fr\/produit\/usagi-kabuto\/#primaryimage","url":"https:\/\/i0.wp.com\/www.supeinnihonto.com\/wp-content\/uploads\/2025\/07\/DSC_9977-scaled-1.webp?fit=2560%2C2353&ssl=1","contentUrl":"https:\/\/i0.wp.com\/www.supeinnihonto.com\/wp-content\/uploads\/2025\/07\/DSC_9977-scaled-1.webp?fit=2560%2C2353&ssl=1","width":2560,"height":2353},{"@type":"BreadcrumbList","@id":"https:\/\/www.supeinnihonto.com\/fr\/produit\/usagi-kabuto\/#breadcrumb","itemListElement":[{"@type":"ListItem","position":1,"name":"Portada","item":"https:\/\/www.supeinnihonto.com\/fr\/"},{"@type":"ListItem","position":2,"name":"Shop","item":"https:\/\/www.supeinnihonto.com\/fr\/shop\/"},{"@type":"ListItem","position":3,"name":"Usagi Kabuto"}]},{"@type":"WebSite","@id":"https:\/\/www.supeinnihonto.com\/fr\/#website","url":"https:\/\/www.supeinnihonto.com\/fr\/","name":"Supein Nihonto","description":"Authentic japanese Nihonto katana ","publisher":{"@id":"https:\/\/www.supeinnihonto.com\/fr\/#organization"},"potentialAction":[{"@type":"SearchAction","target":{"@type":"EntryPoint","urlTemplate":"https:\/\/www.supeinnihonto.com\/fr\/?s={search_term_string}"},"query-input":{"@type":"PropertyValueSpecification","valueRequired":true,"valueName":"search_term_string"}}],"inLanguage":"fr-FR"},{"@type":"Organization","@id":"https:\/\/www.supeinnihonto.com\/fr\/#organization","name":"SupeinNihonto","url":"https:\/\/www.supeinnihonto.com\/fr\/","logo":{"@type":"ImageObject","inLanguage":"fr-FR","@id":"https:\/\/www.supeinnihonto.com\/fr\/#\/schema\/logo\/image\/","url":"https:\/\/www.supeinnihonto.com\/wp-content\/uploads\/2021\/11\/animation_Default_3szk0jcenoloop.gif","contentUrl":"https:\/\/www.supeinnihonto.com\/wp-content\/uploads\/2021\/11\/animation_Default_3szk0jcenoloop.gif","width":750,"height":641,"caption":"SupeinNihonto"},"image":{"@id":"https:\/\/www.supeinnihonto.com\/fr\/#\/schema\/logo\/image\/"}}]}},"jetpack-related-posts":[{"id":39175,"url":"https:\/\/www.supeinnihonto.com\/fr\/produit\/suji-bachi-kabuto-4\/","url_meta":{"origin":11243,"position":0},"title":"Suji Bachi Kabuto","author":"Eric Majo","date":"26 de d\u00e9cembre de 2025","format":false,"excerpt":"\u00c0 propos de nous : Nos photographies sont prises sans retouche ni photoshop afin de garantir que le client puisse juger de la r\u00e9alit\u00e9 de l\u2019objet. Gr\u00e2ce \u00e0 un travail constant directement avec les meilleurs collectionneurs, mus\u00e9es et galeries au Japon et \u00e0 notre amiti\u00e9 avec eux, ainsi qu\u2019\u00e0 une\u2026","rel":"","context":"Article similaire","block_context":{"text":"Article similaire","link":""},"img":{"alt_text":"Sold","src":"https:\/\/i0.wp.com\/www.supeinnihonto.com\/wp-content\/uploads\/2024\/01\/logo-sold-scaled.png?fit=1200%2C720&ssl=1&resize=350%2C200","width":350,"height":200,"srcset":"https:\/\/i0.wp.com\/www.supeinnihonto.com\/wp-content\/uploads\/2024\/01\/logo-sold-scaled.png?fit=1200%2C720&ssl=1&resize=350%2C200 1x, https:\/\/i0.wp.com\/www.supeinnihonto.com\/wp-content\/uploads\/2024\/01\/logo-sold-scaled.png?fit=1200%2C720&ssl=1&resize=525%2C300 1.5x, https:\/\/i0.wp.com\/www.supeinnihonto.com\/wp-content\/uploads\/2024\/01\/logo-sold-scaled.png?fit=1200%2C720&ssl=1&resize=700%2C400 2x, https:\/\/i0.wp.com\/www.supeinnihonto.com\/wp-content\/uploads\/2024\/01\/logo-sold-scaled.png?fit=1200%2C720&ssl=1&resize=1050%2C600 3x"},"classes":[]},{"id":10776,"url":"https:\/\/www.supeinnihonto.com\/fr\/produit\/gusoku-nkbkhk-tokobetsu-kicho\/","url_meta":{"origin":11243,"position":1},"title":"Gusoku NKBKHK Tokobetsu Kicho","author":"Eric Majo","date":"10 de d\u00e9cembre de 2025","format":false,"excerpt":"\u00c0 propos de nous : Nos photographies sont prises sans retouche ni Photoshop afin de permettre au client de juger de la r\u00e9alit\u00e9 de l\u2019objet. Gr\u00e2ce \u00e0 un travail constant directement avec les meilleurs collectionneurs, mus\u00e9es et galeries au Japon, ainsi qu\u2019aux relations d\u2019amiti\u00e9 que nous entretenons avec eux, et\u2026","rel":"","context":"Article similaire","block_context":{"text":"Article similaire","link":""},"img":{"alt_text":"Sold","src":"https:\/\/i0.wp.com\/www.supeinnihonto.com\/wp-content\/uploads\/2024\/01\/logo-sold-scaled.png?fit=1200%2C720&ssl=1&resize=350%2C200","width":350,"height":200,"srcset":"https:\/\/i0.wp.com\/www.supeinnihonto.com\/wp-content\/uploads\/2024\/01\/logo-sold-scaled.png?fit=1200%2C720&ssl=1&resize=350%2C200 1x, https:\/\/i0.wp.com\/www.supeinnihonto.com\/wp-content\/uploads\/2024\/01\/logo-sold-scaled.png?fit=1200%2C720&ssl=1&resize=525%2C300 1.5x, https:\/\/i0.wp.com\/www.supeinnihonto.com\/wp-content\/uploads\/2024\/01\/logo-sold-scaled.png?fit=1200%2C720&ssl=1&resize=700%2C400 2x, https:\/\/i0.wp.com\/www.supeinnihonto.com\/wp-content\/uploads\/2024\/01\/logo-sold-scaled.png?fit=1200%2C720&ssl=1&resize=1050%2C600 3x"},"classes":[]},{"id":10841,"url":"https:\/\/www.supeinnihonto.com\/fr\/produit\/gusoku-tiger-do\/","url_meta":{"origin":11243,"position":2},"title":"Gusoku Tiger Do","author":"Eric Majo","date":"9 de d\u00e9cembre de 2025","format":false,"excerpt":"\u00c0 propos de nous : Nos photographies sont prises sans retouche ni Photoshop afin de permettre au client de juger de la r\u00e9alit\u00e9 de l\u2019objet. Gr\u00e2ce \u00e0 un travail constant men\u00e9 directement avec les meilleurs collectionneurs, mus\u00e9es et galeries du Japon, ainsi qu\u2019\u00e0 des relations d\u2019amiti\u00e9 avec eux, et gr\u00e2ce\u2026","rel":"","context":"Article similaire","block_context":{"text":"Article similaire","link":""},"img":{"alt_text":"","src":"https:\/\/i0.wp.com\/www.supeinnihonto.com\/wp-content\/uploads\/2025\/12\/DSC_5606-scaled-1-1.webp?fit=867%2C1200&ssl=1&resize=350%2C200","width":350,"height":200,"srcset":"https:\/\/i0.wp.com\/www.supeinnihonto.com\/wp-content\/uploads\/2025\/12\/DSC_5606-scaled-1-1.webp?fit=867%2C1200&ssl=1&resize=350%2C200 1x, https:\/\/i0.wp.com\/www.supeinnihonto.com\/wp-content\/uploads\/2025\/12\/DSC_5606-scaled-1-1.webp?fit=867%2C1200&ssl=1&resize=525%2C300 1.5x, https:\/\/i0.wp.com\/www.supeinnihonto.com\/wp-content\/uploads\/2025\/12\/DSC_5606-scaled-1-1.webp?fit=867%2C1200&ssl=1&resize=700%2C400 2x"},"classes":[]},{"id":10966,"url":"https:\/\/www.supeinnihonto.com\/fr\/produit\/tengu-kawari-kabuto\/","url_meta":{"origin":11243,"position":3},"title":"Tengu Kawari Kabuto","author":"Eric Majo","date":"29 de novembre de 2025","format":false,"excerpt":"\u00c0 propos de nous : Nos photographies sont prises sans retouche ni photoshop afin de garantir que le client puisse juger de la r\u00e9alit\u00e9 de l\u2019objet. Gr\u00e2ce \u00e0 un travail constant directement avec les meilleurs collectionneurs, mus\u00e9es et galeries au Japon et \u00e0 notre amiti\u00e9 avec eux, ainsi qu\u2019\u00e0 une\u2026","rel":"","context":"Article similaire","block_context":{"text":"Article similaire","link":""},"img":{"alt_text":"Tengu kabuto for sale","src":"https:\/\/i0.wp.com\/www.supeinnihonto.com\/wp-content\/uploads\/2025\/11\/DSC_4003-scaled.jpg?fit=1200%2C959&ssl=1&resize=350%2C200","width":350,"height":200,"srcset":"https:\/\/i0.wp.com\/www.supeinnihonto.com\/wp-content\/uploads\/2025\/11\/DSC_4003-scaled.jpg?fit=1200%2C959&ssl=1&resize=350%2C200 1x, https:\/\/i0.wp.com\/www.supeinnihonto.com\/wp-content\/uploads\/2025\/11\/DSC_4003-scaled.jpg?fit=1200%2C959&ssl=1&resize=525%2C300 1.5x, https:\/\/i0.wp.com\/www.supeinnihonto.com\/wp-content\/uploads\/2025\/11\/DSC_4003-scaled.jpg?fit=1200%2C959&ssl=1&resize=700%2C400 2x, https:\/\/i0.wp.com\/www.supeinnihonto.com\/wp-content\/uploads\/2025\/11\/DSC_4003-scaled.jpg?fit=1200%2C959&ssl=1&resize=1050%2C600 3x"},"classes":[]},{"id":11154,"url":"https:\/\/www.supeinnihonto.com\/fr\/produit\/yoroi-daimyo-shishi\/","url_meta":{"origin":11243,"position":4},"title":"Yoroi Daimyo Shishi","author":"Eric Majo","date":"15 de octobre de 2025","format":false,"excerpt":"\u00c0 propos de nous : Nos photographies sont prises sans retouche ni photoshop afin de garantir que le client puisse juger de la r\u00e9alit\u00e9 de l\u2019objet. Gr\u00e2ce \u00e0 un travail constant directement avec les meilleurs collectionneurs, mus\u00e9es et galeries au Japon et \u00e0 notre amiti\u00e9 avec eux, ainsi qu\u2019\u00e0 une\u2026","rel":"","context":"Article similaire","block_context":{"text":"Article similaire","link":""},"img":{"alt_text":"sold","src":"https:\/\/i0.wp.com\/www.supeinnihonto.com\/wp-content\/uploads\/2024\/02\/logo-sold-scaled.png?fit=1200%2C720&ssl=1&resize=350%2C200","width":350,"height":200,"srcset":"https:\/\/i0.wp.com\/www.supeinnihonto.com\/wp-content\/uploads\/2024\/02\/logo-sold-scaled.png?fit=1200%2C720&ssl=1&resize=350%2C200 1x, https:\/\/i0.wp.com\/www.supeinnihonto.com\/wp-content\/uploads\/2024\/02\/logo-sold-scaled.png?fit=1200%2C720&ssl=1&resize=525%2C300 1.5x, https:\/\/i0.wp.com\/www.supeinnihonto.com\/wp-content\/uploads\/2024\/02\/logo-sold-scaled.png?fit=1200%2C720&ssl=1&resize=700%2C400 2x, https:\/\/i0.wp.com\/www.supeinnihonto.com\/wp-content\/uploads\/2024\/02\/logo-sold-scaled.png?fit=1200%2C720&ssl=1&resize=1050%2C600 3x"},"classes":[]},{"id":10821,"url":"https:\/\/www.supeinnihonto.com\/fr\/produit\/yoroi-daimyo-orange\/","url_meta":{"origin":11243,"position":5},"title":"Yoroi Daimyo Orange","author":"Eric Majo","date":"9 de d\u00e9cembre de 2025","format":false,"excerpt":"\u00c0 propos de nous : Nos photographies sont r\u00e9alis\u00e9es sans retouche ni Photoshop afin de permettre au client d\u2019\u00e9valuer fid\u00e8lement la r\u00e9alit\u00e9 et l\u2019\u00e9tat de l\u2019objet. Gr\u00e2ce \u00e0 un travail constant men\u00e9 directement avec les meilleurs collectionneurs, mus\u00e9es et galeries du Japon, ainsi qu\u2019aux relations d\u2019amiti\u00e9 entretenues avec eux, et\u2026","rel":"","context":"Article similaire","block_context":{"text":"Article similaire","link":""},"img":{"alt_text":"Sold","src":"https:\/\/i0.wp.com\/www.supeinnihonto.com\/wp-content\/uploads\/2024\/01\/logo-sold-scaled.png?fit=1200%2C720&ssl=1&resize=350%2C200","width":350,"height":200,"srcset":"https:\/\/i0.wp.com\/www.supeinnihonto.com\/wp-content\/uploads\/2024\/01\/logo-sold-scaled.png?fit=1200%2C720&ssl=1&resize=350%2C200 1x, https:\/\/i0.wp.com\/www.supeinnihonto.com\/wp-content\/uploads\/2024\/01\/logo-sold-scaled.png?fit=1200%2C720&ssl=1&resize=525%2C300 1.5x, https:\/\/i0.wp.com\/www.supeinnihonto.com\/wp-content\/uploads\/2024\/01\/logo-sold-scaled.png?fit=1200%2C720&ssl=1&resize=700%2C400 2x, https:\/\/i0.wp.com\/www.supeinnihonto.com\/wp-content\/uploads\/2024\/01\/logo-sold-scaled.png?fit=1200%2C720&ssl=1&resize=1050%2C600 3x"},"classes":[]}],"jetpack_sharing_enabled":true,"_links":{"self":[{"href":"https:\/\/www.supeinnihonto.com\/fr\/wp-json\/wp\/v2\/product\/11243","targetHints":{"allow":["GET"]}}],"collection":[{"href":"https:\/\/www.supeinnihonto.com\/fr\/wp-json\/wp\/v2\/product"}],"about":[{"href":"https:\/\/www.supeinnihonto.com\/fr\/wp-json\/wp\/v2\/types\/product"}],"wp:featuredmedia":[{"embeddable":true,"href":"https:\/\/www.supeinnihonto.com\/fr\/wp-json\/wp\/v2\/media\/38558"}],"wp:attachment":[{"href":"https:\/\/www.supeinnihonto.com\/fr\/wp-json\/wp\/v2\/media?parent=11243"}],"wp:term":[{"taxonomy":"product_brand","embeddable":true,"href":"https:\/\/www.supeinnihonto.com\/fr\/wp-json\/wp\/v2\/product_brand?post=11243"},{"taxonomy":"product_cat","embeddable":true,"href":"https:\/\/www.supeinnihonto.com\/fr\/wp-json\/wp\/v2\/product_cat?post=11243"},{"taxonomy":"product_tag","embeddable":true,"href":"https:\/\/www.supeinnihonto.com\/fr\/wp-json\/wp\/v2\/product_tag?post=11243"}],"curies":[{"name":"wp","href":"https:\/\/api.w.org\/{rel}","templated":true}]}}