{"id":11218,"date":"2025-08-16T10:12:16","date_gmt":"2025-08-16T10:12:16","guid":{"rendered":"https:\/\/www.supeinnihonto.com\/product\/yoroi-orange-blue-cordage\/"},"modified":"2025-12-18T23:02:08","modified_gmt":"2025-12-18T23:02:08","slug":"yoroi-orange-blue-cordage","status":"publish","type":"product","link":"https:\/\/www.supeinnihonto.com\/fr\/produit\/yoroi-orange-blue-cordage\/","title":{"rendered":"Cordage Orange Bleu Yoroi"},"content":{"rendered":"<p><em><strong>\u00c0 propos de nous :<\/strong><\/em><\/p>\n<p>Nos photographies sont prises sans retouche ni photoshop afin de garantir que le client puisse juger de la r\u00e9alit\u00e9 de l&rsquo;objet. Gr\u00e2ce \u00e0 un travail constant directement avec les meilleurs collectionneurs, mus\u00e9es et galeries au Japon et \u00e0 notre amiti\u00e9 avec eux, ainsi qu\u2019\u00e0 une marge b\u00e9n\u00e9ficiaire bien inf\u00e9rieure \u00e0 celle de la concurrence europ\u00e9enne, nous pouvons proposer des objets afin que de nombreuses personnes puissent choisir d\u2019avoir des pi\u00e8ces authentiques vieilles de plusieurs centaines d\u2019ann\u00e9es \u00e0 des prix plus que comp\u00e9titifs. Apr\u00e8s tout, l\u2019art samoura\u00ef est notre passion et nous souhaitons la partager avec le monde.<\/p>\n<p><em><strong>\u00c0 propos de l\u2019armure :<\/strong><\/em><\/p>\n<p><span>Elle est accompagn\u00e9e d\u2019un certificat de SupeinNihonto.<\/span><\/p>\n<p><span>OBJET :<\/span><\/p>\n<p><span>Il s\u2019agit d\u2019un ensemble complet d\u2019armure japonaise composite de la fin de l\u2019\u00e9poque Edo &#8211; Meiji, alliant \u00e0 la fois une protection efficace sur le champ de bataille et une \u00e9l\u00e9gance c\u00e9r\u00e9monielle \u2014 une fusion de fonction, de symbolisme et de pr\u00e9cision esth\u00e9tique.<\/span><\/p>\n<p><span>Kabuto (Casque) :<\/span><\/p>\n<p><span>Type : Suji bachi kabuto en nerikawa avec un design de 24 plaques verticales rivet\u00e9es.<\/span><\/p>\n<p><span>Maedate : Un grand croissant de lune dor\u00e9, embl\u00e9matique de la spiritualit\u00e9, du myst\u00e8re et de l\u2019influence divine.<\/span><\/p>\n<p><span>Shikoro : Protection de cou \u00e0 trois niveaux avec cordons bleu profond et bordure vermillon.<\/span><\/p>\n<p><span>Fukigaeshi : Pro\u00e9minents et incurv\u00e9s, avec des motifs grav\u00e9s subtils.<\/span><\/p>\n<p><span>Tehen no kanamono : Ornement circulaire classique, au design minimaliste.<\/span><\/p>\n<p><span>Protection faciale :<\/span><\/p>\n<p><span>La gorge est prot\u00e9g\u00e9e par un nodo-wa raffin\u00e9, d\u00e9cor\u00e9 de tressages rouges et noirs et de trois blasons familiaux (mon) : deux croix rondes et un bouquet de feuilles dor\u00e9es.<\/span><\/p>\n<p><span>Do (Cuirasse) :<\/span><\/p>\n<p><span>Type : Tatehagi okegawa d\u014d, cuirasse lamellaire horizontale.<\/span><\/p>\n<p><span>Laque : Noire, brillante et bien conserv\u00e9e.<\/span><\/p>\n<p><span>Cordage : Rouge \u00e9clatant, combin\u00e9 avec des cordons bleu marine, vert, blanc et blanc cass\u00e9 formant un motif sym\u00e9trique en \u00ab\u00a0V\u00a0\u00bb \u00e0 l\u2019avant comme \u00e0 l\u2019arri\u00e8re.<\/span><\/p>\n<p><span>D\u00e9corations : Ornements dor\u00e9s complexes et mon (croix ronde et floral).<\/span><\/p>\n<p><span>Sode (\u00c9pauli\u00e8res) :<\/span><\/p>\n<p><span>Type : \u014c-sode, grande taille, multi-segments.<\/span><\/p>\n<p><span>Motif des cordons : Conforme au reste de l\u2019armure, refl\u00e9tant une grande valeur c\u00e9r\u00e9monielle.<\/span><\/p>\n<p><span>Kote (Manches blind\u00e9es) :<\/span><br \/>\n<span>Segments de fer laqu\u00e9s cousus sur tissu indigo.<\/span><\/p>\n<p><span>Sections de maille (kusari) et prot\u00e8ge-mains renforc\u00e9s.<\/span><\/p>\n<p><span>Haidate et Suneate :<\/span><br \/>\n<span>Haidate : Prot\u00e8ge-cuisses multi-segments avec garnitures d\u00e9coratives.<\/span><\/p>\n<p><span>Suneate : Prot\u00e8ge-tibias avec disposition verticale des plaques.<\/span><\/p>\n<p><span>Contexte historique :<\/span><\/p>\n<p><span>Ce ensemble refl\u00e8te la transition de la fin de l\u2019\u00e9poque Edo et Meiji de l\u2019armure samoura\u00ef, passant de l\u2019utilit\u00e9 sur le champ de bataille \u00e0 une importance symbolique et c\u00e9r\u00e9monielle. Le maedate en croissant de lune \u00e9voque une association mystique ou divine, tandis que le cordage vibrant et les blasons h\u00e9raldiques indiquent une affiliation d\u2019\u00e9lite, probablement pour un usage lors de parades formelles ou par des hauts fonctionnaires.<\/span><\/p>\n<p><span>Son excellent \u00e9tat de conservation, ses composants complets et son esth\u00e9tique \u00e9quilibr\u00e9e font de cette armure un objet tr\u00e8s recherch\u00e9.<\/span><\/p>\n<p>Cette pi\u00e8ce exclusive constitue une opportunit\u00e9 incroyable pour tout collectionneur d\u2019art japonais, militaire ou simplement historique, de mettre la main sur une pi\u00e8ce qui attirera l\u2019attention o\u00f9 qu\u2019elle soit expos\u00e9e, que ce soit dans des bureaux, des r\u00e9sidences priv\u00e9es, des bureaux ou des restaurants, et donnera un aspect royal \u00e0 n\u2019importe quel lieu. L\u2019armure pr\u00e9sente des d\u00e9tails dor\u00e9s qui t\u00e9moignent de la qualit\u00e9 de la pi\u00e8ce. L\u2019incroyable savoir-faire met en valeur des pi\u00e8ces orn\u00e9es telles que le kabuto, le mempo et le Do. Le support pour l\u2019assembler ainsi que la bo\u00eete sont inclus. Cette armure ravira tout collectionneur d\u2019art asiatique et sera le point focal de la maison, du magasin ou du bureau de tout visiteur. Il s\u2019agit d\u2019un objet tr\u00e8s ancien et il pr\u00e9sente des dommages dus au temps et \u00e0 l\u2019usure. En raison de la d\u00e9licatesse des assemblages et d\u00e9sassemblages r\u00e9p\u00e9t\u00e9s, les retours ne sont pas accept\u00e9s sur les armures anciennes.<\/p>\n<p>&nbsp;<\/p>\n","protected":false},"excerpt":{"rendered":"<p>\u00c0 propos de nous : Nos photographies sont prises sans retouche ni photoshop afin de garantir que le client puisse juger de la r\u00e9alit\u00e9 de l&rsquo;objet. Gr\u00e2ce \u00e0 un travail constant directement avec les meilleurs collectionneurs, mus\u00e9es et galeries au Japon et \u00e0 notre amiti\u00e9 avec eux, ainsi qu\u2019\u00e0 une [&hellip;]<\/p>\n","protected":false},"featured_media":11219,"template":"","meta":{"jetpack_post_was_ever_published":false},"product_brand":[],"product_cat":[541,542],"product_tag":[444,669,588],"class_list":{"0":"post-11218","1":"product","2":"type-product","3":"status-publish","4":"has-post-thumbnail","6":"product_cat-armure","7":"product_cat-gusoku-yoroi","8":"product_tag-edo","9":"product_tag-fer","10":"product_tag-yoroi","11":"product_shipping_class-heavy","13":"first","14":"instock","15":"sale","16":"featured","17":"sold-individually","18":"shipping-taxable","19":"purchasable","20":"product-type-simple"},"yoast_head":"<!-- This site is optimized with the Yoast SEO plugin v27.5 - https:\/\/yoast.com\/product\/yoast-seo-wordpress\/ -->\n<title>Cordage Orange Bleu Yoroi - Supein Nihonto<\/title>\n<meta name=\"description\" content=\"Il s\u2019agit d\u2019un ensemble complet d\u2019armure japonaise composite (t\u014dsei gusoku) de la fin de la p\u00e9riode Edo \u2013 Meiji, illustrant \u00e0 la fois une protection efficace sur le champ de bataille et une \u00e9l\u00e9gance c\u00e9r\u00e9monielle \u2014 une fusion de fonction, de symbolisme et de pr\u00e9cision esth\u00e9tique.\" \/>\n<meta name=\"robots\" content=\"index, follow, max-snippet:-1, max-image-preview:large, max-video-preview:-1\" \/>\n<link rel=\"canonical\" href=\"https:\/\/www.supeinnihonto.com\/fr\/produit\/yoroi-orange-blue-cordage\/\" \/>\n<meta property=\"og:locale\" content=\"fr_FR\" \/>\n<meta property=\"og:type\" content=\"article\" \/>\n<meta property=\"og:title\" content=\"Cordage Orange Bleu Yoroi - Supein Nihonto\" \/>\n<meta property=\"og:description\" content=\"Il s\u2019agit d\u2019un ensemble complet d\u2019armure japonaise composite (t\u014dsei gusoku) de la fin de la p\u00e9riode Edo \u2013 Meiji, illustrant \u00e0 la fois une protection efficace sur le champ de bataille et une \u00e9l\u00e9gance c\u00e9r\u00e9monielle \u2014 une fusion de fonction, de symbolisme et de pr\u00e9cision esth\u00e9tique.\" \/>\n<meta property=\"og:url\" content=\"https:\/\/www.supeinnihonto.com\/fr\/produit\/yoroi-orange-blue-cordage\/\" \/>\n<meta property=\"og:site_name\" content=\"Supein Nihonto\" \/>\n<meta property=\"article:modified_time\" content=\"2025-12-18T23:02:08+00:00\" \/>\n<meta property=\"og:image\" content=\"https:\/\/www.supeinnihonto.com\/wp-content\/uploads\/2025\/07\/DSC_0171-scaled.jpg\" \/>\n\t<meta property=\"og:image:width\" content=\"1707\" \/>\n\t<meta property=\"og:image:height\" content=\"2560\" \/>\n\t<meta property=\"og:image:type\" content=\"image\/jpeg\" \/>\n<meta name=\"twitter:card\" content=\"summary_large_image\" \/>\n<meta name=\"twitter:label1\" content=\"Dur\u00e9e de lecture estim\u00e9e\" \/>\n\t<meta name=\"twitter:data1\" content=\"3 minutes\" \/>\n<script type=\"application\/ld+json\" class=\"yoast-schema-graph\">{\"@context\":\"https:\\\/\\\/schema.org\",\"@graph\":[{\"@type\":\"WebPage\",\"@id\":\"https:\\\/\\\/www.supeinnihonto.com\\\/fr\\\/produit\\\/yoroi-orange-blue-cordage\\\/\",\"url\":\"https:\\\/\\\/www.supeinnihonto.com\\\/fr\\\/produit\\\/yoroi-orange-blue-cordage\\\/\",\"name\":\"Cordage Orange Bleu Yoroi - Supein Nihonto\",\"isPartOf\":{\"@id\":\"https:\\\/\\\/www.supeinnihonto.com\\\/fr\\\/#website\"},\"primaryImageOfPage\":{\"@id\":\"https:\\\/\\\/www.supeinnihonto.com\\\/fr\\\/produit\\\/yoroi-orange-blue-cordage\\\/#primaryimage\"},\"image\":{\"@id\":\"https:\\\/\\\/www.supeinnihonto.com\\\/fr\\\/produit\\\/yoroi-orange-blue-cordage\\\/#primaryimage\"},\"thumbnailUrl\":\"https:\\\/\\\/i0.wp.com\\\/www.supeinnihonto.com\\\/wp-content\\\/uploads\\\/2025\\\/07\\\/DSC_0171-scaled.jpg?fit=1707%2C2560&ssl=1\",\"datePublished\":\"2025-08-16T10:12:16+00:00\",\"dateModified\":\"2025-12-18T23:02:08+00:00\",\"description\":\"Il s\u2019agit d\u2019un ensemble complet d\u2019armure japonaise composite (t\u014dsei gusoku) de la fin de la p\u00e9riode Edo \u2013 Meiji, illustrant \u00e0 la fois une protection efficace sur le champ de bataille et une \u00e9l\u00e9gance c\u00e9r\u00e9monielle \u2014 une fusion de fonction, de symbolisme et de pr\u00e9cision esth\u00e9tique.\",\"breadcrumb\":{\"@id\":\"https:\\\/\\\/www.supeinnihonto.com\\\/fr\\\/produit\\\/yoroi-orange-blue-cordage\\\/#breadcrumb\"},\"inLanguage\":\"fr-FR\",\"potentialAction\":[{\"@type\":\"ReadAction\",\"target\":[\"https:\\\/\\\/www.supeinnihonto.com\\\/fr\\\/produit\\\/yoroi-orange-blue-cordage\\\/\"]}]},{\"@type\":\"ImageObject\",\"inLanguage\":\"fr-FR\",\"@id\":\"https:\\\/\\\/www.supeinnihonto.com\\\/fr\\\/produit\\\/yoroi-orange-blue-cordage\\\/#primaryimage\",\"url\":\"https:\\\/\\\/i0.wp.com\\\/www.supeinnihonto.com\\\/wp-content\\\/uploads\\\/2025\\\/07\\\/DSC_0171-scaled.jpg?fit=1707%2C2560&ssl=1\",\"contentUrl\":\"https:\\\/\\\/i0.wp.com\\\/www.supeinnihonto.com\\\/wp-content\\\/uploads\\\/2025\\\/07\\\/DSC_0171-scaled.jpg?fit=1707%2C2560&ssl=1\",\"width\":1707,\"height\":2560},{\"@type\":\"BreadcrumbList\",\"@id\":\"https:\\\/\\\/www.supeinnihonto.com\\\/fr\\\/produit\\\/yoroi-orange-blue-cordage\\\/#breadcrumb\",\"itemListElement\":[{\"@type\":\"ListItem\",\"position\":1,\"name\":\"Portada\",\"item\":\"https:\\\/\\\/www.supeinnihonto.com\\\/fr\\\/\"},{\"@type\":\"ListItem\",\"position\":2,\"name\":\"Shop\",\"item\":\"https:\\\/\\\/www.supeinnihonto.com\\\/fr\\\/shop\\\/\"},{\"@type\":\"ListItem\",\"position\":3,\"name\":\"Cordage Orange Bleu Yoroi\"}]},{\"@type\":\"WebSite\",\"@id\":\"https:\\\/\\\/www.supeinnihonto.com\\\/fr\\\/#website\",\"url\":\"https:\\\/\\\/www.supeinnihonto.com\\\/fr\\\/\",\"name\":\"Supein Nihonto\",\"description\":\"Authentic japanese Nihonto katana \",\"publisher\":{\"@id\":\"https:\\\/\\\/www.supeinnihonto.com\\\/fr\\\/#organization\"},\"potentialAction\":[{\"@type\":\"SearchAction\",\"target\":{\"@type\":\"EntryPoint\",\"urlTemplate\":\"https:\\\/\\\/www.supeinnihonto.com\\\/fr\\\/?s={search_term_string}\"},\"query-input\":{\"@type\":\"PropertyValueSpecification\",\"valueRequired\":true,\"valueName\":\"search_term_string\"}}],\"inLanguage\":\"fr-FR\"},{\"@type\":\"Organization\",\"@id\":\"https:\\\/\\\/www.supeinnihonto.com\\\/fr\\\/#organization\",\"name\":\"SupeinNihonto\",\"url\":\"https:\\\/\\\/www.supeinnihonto.com\\\/fr\\\/\",\"logo\":{\"@type\":\"ImageObject\",\"inLanguage\":\"fr-FR\",\"@id\":\"https:\\\/\\\/www.supeinnihonto.com\\\/fr\\\/#\\\/schema\\\/logo\\\/image\\\/\",\"url\":\"https:\\\/\\\/www.supeinnihonto.com\\\/wp-content\\\/uploads\\\/2021\\\/11\\\/animation_Default_3szk0jcenoloop.gif\",\"contentUrl\":\"https:\\\/\\\/www.supeinnihonto.com\\\/wp-content\\\/uploads\\\/2021\\\/11\\\/animation_Default_3szk0jcenoloop.gif\",\"width\":750,\"height\":641,\"caption\":\"SupeinNihonto\"},\"image\":{\"@id\":\"https:\\\/\\\/www.supeinnihonto.com\\\/fr\\\/#\\\/schema\\\/logo\\\/image\\\/\"}}]}<\/script>\n<!-- \/ Yoast SEO plugin. -->","yoast_head_json":{"title":"Cordage Orange Bleu Yoroi - Supein Nihonto","description":"Il s\u2019agit d\u2019un ensemble complet d\u2019armure japonaise composite (t\u014dsei gusoku) de la fin de la p\u00e9riode Edo \u2013 Meiji, illustrant \u00e0 la fois une protection efficace sur le champ de bataille et une \u00e9l\u00e9gance c\u00e9r\u00e9monielle \u2014 une fusion de fonction, de symbolisme et de pr\u00e9cision esth\u00e9tique.","robots":{"index":"index","follow":"follow","max-snippet":"max-snippet:-1","max-image-preview":"max-image-preview:large","max-video-preview":"max-video-preview:-1"},"canonical":"https:\/\/www.supeinnihonto.com\/fr\/produit\/yoroi-orange-blue-cordage\/","og_locale":"fr_FR","og_type":"article","og_title":"Cordage Orange Bleu Yoroi - Supein Nihonto","og_description":"Il s\u2019agit d\u2019un ensemble complet d\u2019armure japonaise composite (t\u014dsei gusoku) de la fin de la p\u00e9riode Edo \u2013 Meiji, illustrant \u00e0 la fois une protection efficace sur le champ de bataille et une \u00e9l\u00e9gance c\u00e9r\u00e9monielle \u2014 une fusion de fonction, de symbolisme et de pr\u00e9cision esth\u00e9tique.","og_url":"https:\/\/www.supeinnihonto.com\/fr\/produit\/yoroi-orange-blue-cordage\/","og_site_name":"Supein Nihonto","article_modified_time":"2025-12-18T23:02:08+00:00","og_image":[{"width":1707,"height":2560,"url":"https:\/\/www.supeinnihonto.com\/wp-content\/uploads\/2025\/07\/DSC_0171-scaled.jpg","type":"image\/jpeg"}],"twitter_card":"summary_large_image","twitter_misc":{"Dur\u00e9e de lecture estim\u00e9e":"3 minutes"},"schema":{"@context":"https:\/\/schema.org","@graph":[{"@type":"WebPage","@id":"https:\/\/www.supeinnihonto.com\/fr\/produit\/yoroi-orange-blue-cordage\/","url":"https:\/\/www.supeinnihonto.com\/fr\/produit\/yoroi-orange-blue-cordage\/","name":"Cordage Orange Bleu Yoroi - Supein Nihonto","isPartOf":{"@id":"https:\/\/www.supeinnihonto.com\/fr\/#website"},"primaryImageOfPage":{"@id":"https:\/\/www.supeinnihonto.com\/fr\/produit\/yoroi-orange-blue-cordage\/#primaryimage"},"image":{"@id":"https:\/\/www.supeinnihonto.com\/fr\/produit\/yoroi-orange-blue-cordage\/#primaryimage"},"thumbnailUrl":"https:\/\/i0.wp.com\/www.supeinnihonto.com\/wp-content\/uploads\/2025\/07\/DSC_0171-scaled.jpg?fit=1707%2C2560&ssl=1","datePublished":"2025-08-16T10:12:16+00:00","dateModified":"2025-12-18T23:02:08+00:00","description":"Il s\u2019agit d\u2019un ensemble complet d\u2019armure japonaise composite (t\u014dsei gusoku) de la fin de la p\u00e9riode Edo \u2013 Meiji, illustrant \u00e0 la fois une protection efficace sur le champ de bataille et une \u00e9l\u00e9gance c\u00e9r\u00e9monielle \u2014 une fusion de fonction, de symbolisme et de pr\u00e9cision esth\u00e9tique.","breadcrumb":{"@id":"https:\/\/www.supeinnihonto.com\/fr\/produit\/yoroi-orange-blue-cordage\/#breadcrumb"},"inLanguage":"fr-FR","potentialAction":[{"@type":"ReadAction","target":["https:\/\/www.supeinnihonto.com\/fr\/produit\/yoroi-orange-blue-cordage\/"]}]},{"@type":"ImageObject","inLanguage":"fr-FR","@id":"https:\/\/www.supeinnihonto.com\/fr\/produit\/yoroi-orange-blue-cordage\/#primaryimage","url":"https:\/\/i0.wp.com\/www.supeinnihonto.com\/wp-content\/uploads\/2025\/07\/DSC_0171-scaled.jpg?fit=1707%2C2560&ssl=1","contentUrl":"https:\/\/i0.wp.com\/www.supeinnihonto.com\/wp-content\/uploads\/2025\/07\/DSC_0171-scaled.jpg?fit=1707%2C2560&ssl=1","width":1707,"height":2560},{"@type":"BreadcrumbList","@id":"https:\/\/www.supeinnihonto.com\/fr\/produit\/yoroi-orange-blue-cordage\/#breadcrumb","itemListElement":[{"@type":"ListItem","position":1,"name":"Portada","item":"https:\/\/www.supeinnihonto.com\/fr\/"},{"@type":"ListItem","position":2,"name":"Shop","item":"https:\/\/www.supeinnihonto.com\/fr\/shop\/"},{"@type":"ListItem","position":3,"name":"Cordage Orange Bleu Yoroi"}]},{"@type":"WebSite","@id":"https:\/\/www.supeinnihonto.com\/fr\/#website","url":"https:\/\/www.supeinnihonto.com\/fr\/","name":"Supein Nihonto","description":"Authentic japanese Nihonto katana ","publisher":{"@id":"https:\/\/www.supeinnihonto.com\/fr\/#organization"},"potentialAction":[{"@type":"SearchAction","target":{"@type":"EntryPoint","urlTemplate":"https:\/\/www.supeinnihonto.com\/fr\/?s={search_term_string}"},"query-input":{"@type":"PropertyValueSpecification","valueRequired":true,"valueName":"search_term_string"}}],"inLanguage":"fr-FR"},{"@type":"Organization","@id":"https:\/\/www.supeinnihonto.com\/fr\/#organization","name":"SupeinNihonto","url":"https:\/\/www.supeinnihonto.com\/fr\/","logo":{"@type":"ImageObject","inLanguage":"fr-FR","@id":"https:\/\/www.supeinnihonto.com\/fr\/#\/schema\/logo\/image\/","url":"https:\/\/www.supeinnihonto.com\/wp-content\/uploads\/2021\/11\/animation_Default_3szk0jcenoloop.gif","contentUrl":"https:\/\/www.supeinnihonto.com\/wp-content\/uploads\/2021\/11\/animation_Default_3szk0jcenoloop.gif","width":750,"height":641,"caption":"SupeinNihonto"},"image":{"@id":"https:\/\/www.supeinnihonto.com\/fr\/#\/schema\/logo\/image\/"}}]}},"jetpack-related-posts":[{"id":15135,"url":"https:\/\/www.supeinnihonto.com\/fr\/produit\/great-yoroi\/","url_meta":{"origin":11218,"position":0},"title":"Grand Yoroi","author":"Supein Nihonto","date":"25 de janvier de 2024","format":false,"excerpt":"\u00c0 propos de nous : Nos photographies sont prises sans retouche ni photoshop afin de garantir que le client puisse juger de la r\u00e9alit\u00e9 de l\u2019objet. Gr\u00e2ce \u00e0 un travail constant directement avec les meilleurs collectionneurs, mus\u00e9es et galeries au Japon et \u00e0 notre amiti\u00e9 avec eux, ainsi qu\u2019\u00e0 une\u2026","rel":"","context":"Article similaire","block_context":{"text":"Article similaire","link":""},"img":{"alt_text":"sold","src":"https:\/\/i0.wp.com\/www.supeinnihonto.com\/wp-content\/uploads\/2024\/02\/logo-sold-scaled.png?fit=1200%2C720&ssl=1&resize=350%2C200","width":350,"height":200,"srcset":"https:\/\/i0.wp.com\/www.supeinnihonto.com\/wp-content\/uploads\/2024\/02\/logo-sold-scaled.png?fit=1200%2C720&ssl=1&resize=350%2C200 1x, https:\/\/i0.wp.com\/www.supeinnihonto.com\/wp-content\/uploads\/2024\/02\/logo-sold-scaled.png?fit=1200%2C720&ssl=1&resize=525%2C300 1.5x, https:\/\/i0.wp.com\/www.supeinnihonto.com\/wp-content\/uploads\/2024\/02\/logo-sold-scaled.png?fit=1200%2C720&ssl=1&resize=700%2C400 2x, https:\/\/i0.wp.com\/www.supeinnihonto.com\/wp-content\/uploads\/2024\/02\/logo-sold-scaled.png?fit=1200%2C720&ssl=1&resize=1050%2C600 3x"},"classes":[]},{"id":15103,"url":"https:\/\/www.supeinnihonto.com\/fr\/produit\/gusogu-flag-edo-period\/","url_meta":{"origin":11218,"position":1},"title":"Drapeau Gusogu p\u00e9riode Edo","author":"Supein Nihonto","date":"26 de janvier de 2024","format":false,"excerpt":"\u00c0 propos de nous : Nos photographies sont prises sans retouche ni photoshop afin de garantir que le client puisse juger de la r\u00e9alit\u00e9 de l'objet. Gr\u00e2ce \u00e0 un travail constant directement avec les meilleurs collectionneurs, mus\u00e9es et galeries au Japon et \u00e0 notre amiti\u00e9 avec eux, ainsi qu'\u00e0 une\u2026","rel":"","context":"Article similaire","block_context":{"text":"Article similaire","link":""},"img":{"alt_text":"sold","src":"https:\/\/i0.wp.com\/www.supeinnihonto.com\/wp-content\/uploads\/2024\/02\/logo-sold-scaled.png?fit=1200%2C720&ssl=1&resize=350%2C200","width":350,"height":200,"srcset":"https:\/\/i0.wp.com\/www.supeinnihonto.com\/wp-content\/uploads\/2024\/02\/logo-sold-scaled.png?fit=1200%2C720&ssl=1&resize=350%2C200 1x, https:\/\/i0.wp.com\/www.supeinnihonto.com\/wp-content\/uploads\/2024\/02\/logo-sold-scaled.png?fit=1200%2C720&ssl=1&resize=525%2C300 1.5x, https:\/\/i0.wp.com\/www.supeinnihonto.com\/wp-content\/uploads\/2024\/02\/logo-sold-scaled.png?fit=1200%2C720&ssl=1&resize=700%2C400 2x, https:\/\/i0.wp.com\/www.supeinnihonto.com\/wp-content\/uploads\/2024\/02\/logo-sold-scaled.png?fit=1200%2C720&ssl=1&resize=1050%2C600 3x"},"classes":[]},{"id":13515,"url":"https:\/\/www.supeinnihonto.com\/fr\/produit\/kawari-kabuto-shachihoko\/","url_meta":{"origin":11218,"position":2},"title":"Kawari Kabuto Shachihoko","author":"Supein Nihonto","date":"30 de mai de 2024","format":false,"excerpt":"\u00c0 propos de nous : Nos photographies sont prises sans retouche ni photoshop afin de garantir que le client puisse juger de la r\u00e9alit\u00e9 de l'objet. Gr\u00e2ce \u00e0 un travail constant directement avec les meilleurs collectionneurs, mus\u00e9es et galeries au Japon et \u00e0 notre amiti\u00e9 avec eux, ainsi qu'\u00e0 une\u2026","rel":"","context":"Article similaire","block_context":{"text":"Article similaire","link":""},"img":{"alt_text":"Kawari Kabuto Shachihoko","src":"https:\/\/i0.wp.com\/www.supeinnihonto.com\/wp-content\/uploads\/2024\/05\/DSC_4575-scaled.jpg?fit=800%2C1200&ssl=1&resize=350%2C200","width":350,"height":200,"srcset":"https:\/\/i0.wp.com\/www.supeinnihonto.com\/wp-content\/uploads\/2024\/05\/DSC_4575-scaled.jpg?fit=800%2C1200&ssl=1&resize=350%2C200 1x, https:\/\/i0.wp.com\/www.supeinnihonto.com\/wp-content\/uploads\/2024\/05\/DSC_4575-scaled.jpg?fit=800%2C1200&ssl=1&resize=525%2C300 1.5x, https:\/\/i0.wp.com\/www.supeinnihonto.com\/wp-content\/uploads\/2024\/05\/DSC_4575-scaled.jpg?fit=800%2C1200&ssl=1&resize=700%2C400 2x"},"classes":[]},{"id":15111,"url":"https:\/\/www.supeinnihonto.com\/fr\/produit\/gusoku-kawari-kabuto\/","url_meta":{"origin":11218,"position":3},"title":"Gusoku casque kawari faisan","author":"Supein Nihonto","date":"25 de janvier de 2024","format":false,"excerpt":"\u00c0 propos de nous : Nos photographies sont prises sans retouche ni photoshop afin de garantir que le client puisse juger de la r\u00e9alit\u00e9 de l\u2019objet. Gr\u00e2ce \u00e0 un travail constant directement avec les meilleurs collectionneurs, mus\u00e9es et galeries au Japon et \u00e0 notre amiti\u00e9 avec eux, ainsi qu\u2019\u00e0 une\u2026","rel":"","context":"Article similaire","block_context":{"text":"Article similaire","link":""},"img":{"alt_text":"sold","src":"https:\/\/i0.wp.com\/www.supeinnihonto.com\/wp-content\/uploads\/2024\/02\/logo-sold-scaled.png?fit=1200%2C720&ssl=1&resize=350%2C200","width":350,"height":200,"srcset":"https:\/\/i0.wp.com\/www.supeinnihonto.com\/wp-content\/uploads\/2024\/02\/logo-sold-scaled.png?fit=1200%2C720&ssl=1&resize=350%2C200 1x, https:\/\/i0.wp.com\/www.supeinnihonto.com\/wp-content\/uploads\/2024\/02\/logo-sold-scaled.png?fit=1200%2C720&ssl=1&resize=525%2C300 1.5x, https:\/\/i0.wp.com\/www.supeinnihonto.com\/wp-content\/uploads\/2024\/02\/logo-sold-scaled.png?fit=1200%2C720&ssl=1&resize=700%2C400 2x, https:\/\/i0.wp.com\/www.supeinnihonto.com\/wp-content\/uploads\/2024\/02\/logo-sold-scaled.png?fit=1200%2C720&ssl=1&resize=1050%2C600 3x"},"classes":[]},{"id":39175,"url":"https:\/\/www.supeinnihonto.com\/fr\/produit\/suji-bachi-kabuto-4\/","url_meta":{"origin":11218,"position":4},"title":"Suji Bachi Kabuto","author":"Eric Majo","date":"26 de d\u00e9cembre de 2025","format":false,"excerpt":"\u00c0 propos de nous : Nos photographies sont prises sans retouche ni photoshop afin de garantir que le client puisse juger de la r\u00e9alit\u00e9 de l\u2019objet. Gr\u00e2ce \u00e0 un travail constant directement avec les meilleurs collectionneurs, mus\u00e9es et galeries au Japon et \u00e0 notre amiti\u00e9 avec eux, ainsi qu\u2019\u00e0 une\u2026","rel":"","context":"Article similaire","block_context":{"text":"Article similaire","link":""},"img":{"alt_text":"Sold","src":"https:\/\/i0.wp.com\/www.supeinnihonto.com\/wp-content\/uploads\/2024\/01\/logo-sold-scaled.png?fit=1200%2C720&ssl=1&resize=350%2C200","width":350,"height":200,"srcset":"https:\/\/i0.wp.com\/www.supeinnihonto.com\/wp-content\/uploads\/2024\/01\/logo-sold-scaled.png?fit=1200%2C720&ssl=1&resize=350%2C200 1x, https:\/\/i0.wp.com\/www.supeinnihonto.com\/wp-content\/uploads\/2024\/01\/logo-sold-scaled.png?fit=1200%2C720&ssl=1&resize=525%2C300 1.5x, https:\/\/i0.wp.com\/www.supeinnihonto.com\/wp-content\/uploads\/2024\/01\/logo-sold-scaled.png?fit=1200%2C720&ssl=1&resize=700%2C400 2x, https:\/\/i0.wp.com\/www.supeinnihonto.com\/wp-content\/uploads\/2024\/01\/logo-sold-scaled.png?fit=1200%2C720&ssl=1&resize=1050%2C600 3x"},"classes":[]},{"id":15143,"url":"https:\/\/www.supeinnihonto.com\/fr\/produit\/gusoku-edo-crescent-moon\/","url_meta":{"origin":11218,"position":5},"title":"Gusoku \u00c9do Croissant de lune","author":"Supein Nihonto","date":"25 de janvier de 2024","format":false,"excerpt":"\u00c0 propos de nous : Nos photographies sont prises sans retouche ni photoshop afin de garantir que le client puisse juger de la r\u00e9alit\u00e9 de l'objet. Gr\u00e2ce \u00e0 un travail constant directement avec les meilleurs collectionneurs, mus\u00e9es et galeries au Japon et \u00e0 notre amiti\u00e9 avec eux, ainsi qu'\u00e0 une\u2026","rel":"","context":"Article similaire","block_context":{"text":"Article similaire","link":""},"img":{"alt_text":"sold","src":"https:\/\/i0.wp.com\/www.supeinnihonto.com\/wp-content\/uploads\/2024\/02\/logo-sold-scaled.png?fit=1200%2C720&ssl=1&resize=350%2C200","width":350,"height":200,"srcset":"https:\/\/i0.wp.com\/www.supeinnihonto.com\/wp-content\/uploads\/2024\/02\/logo-sold-scaled.png?fit=1200%2C720&ssl=1&resize=350%2C200 1x, https:\/\/i0.wp.com\/www.supeinnihonto.com\/wp-content\/uploads\/2024\/02\/logo-sold-scaled.png?fit=1200%2C720&ssl=1&resize=525%2C300 1.5x, https:\/\/i0.wp.com\/www.supeinnihonto.com\/wp-content\/uploads\/2024\/02\/logo-sold-scaled.png?fit=1200%2C720&ssl=1&resize=700%2C400 2x, https:\/\/i0.wp.com\/www.supeinnihonto.com\/wp-content\/uploads\/2024\/02\/logo-sold-scaled.png?fit=1200%2C720&ssl=1&resize=1050%2C600 3x"},"classes":[]}],"jetpack_sharing_enabled":true,"_links":{"self":[{"href":"https:\/\/www.supeinnihonto.com\/fr\/wp-json\/wp\/v2\/product\/11218","targetHints":{"allow":["GET"]}}],"collection":[{"href":"https:\/\/www.supeinnihonto.com\/fr\/wp-json\/wp\/v2\/product"}],"about":[{"href":"https:\/\/www.supeinnihonto.com\/fr\/wp-json\/wp\/v2\/types\/product"}],"wp:featuredmedia":[{"embeddable":true,"href":"https:\/\/www.supeinnihonto.com\/fr\/wp-json\/wp\/v2\/media\/11219"}],"wp:attachment":[{"href":"https:\/\/www.supeinnihonto.com\/fr\/wp-json\/wp\/v2\/media?parent=11218"}],"wp:term":[{"taxonomy":"product_brand","embeddable":true,"href":"https:\/\/www.supeinnihonto.com\/fr\/wp-json\/wp\/v2\/product_brand?post=11218"},{"taxonomy":"product_cat","embeddable":true,"href":"https:\/\/www.supeinnihonto.com\/fr\/wp-json\/wp\/v2\/product_cat?post=11218"},{"taxonomy":"product_tag","embeddable":true,"href":"https:\/\/www.supeinnihonto.com\/fr\/wp-json\/wp\/v2\/product_tag?post=11218"}],"curies":[{"name":"wp","href":"https:\/\/api.w.org\/{rel}","templated":true}]}}