{"id":11053,"date":"2025-11-05T16:40:54","date_gmt":"2025-11-05T16:40:54","guid":{"rendered":"https:\/\/www.supeinnihonto.com\/product\/nihonto-katana\/"},"modified":"2025-12-18T22:18:05","modified_gmt":"2025-12-18T22:18:05","slug":"nihonto-katana","status":"publish","type":"product","link":"https:\/\/www.supeinnihonto.com\/fr\/produit\/nihonto-katana\/","title":{"rendered":"Nihonto katana en Koshirae"},"content":{"rendered":"<p><span>DESCRIPTION DE L\u2019ARTICLE :<\/span><\/p>\n<p><span>Livr\u00e9 avec un kimono ou un sac en coton. Livr\u00e9 avec un certificat de Nihonto supein.<\/span><\/p>\n<p><span>Ce katana de la p\u00e9riode Edo est un bel exemple de la tradition samoura\u00ef, \u00e9quilibrant la robustesse de sa lame avec l\u2019\u00e9l\u00e9gance raffin\u00e9e d\u2019un koshirae complet. L\u2019\u00e9p\u00e9e incarne \u00e0 la fois l\u2019utilit\u00e9 et l\u2019art, en faisant un objet de collection tr\u00e8s recherch\u00e9, pr\u00e9serv\u00e9 avec des traces de son histoire vieille de plusieurs si\u00e8cles.<\/span><\/p>\n<p><span>Lame<\/span><\/p>\n<p><span>La lame mesure 64,4 cm de longueur (nagasa)<\/span><\/p>\n<p><span>Elle pr\u00e9sente un sori gracieux (courbure), typique de l\u2019artisanat Edo.<\/span><\/p>\n<p><span>Le hada (grain de l\u2019acier) est visible, ainsi qu\u2019un hamon \u00e0 activit\u00e9 ondulante, t\u00e9moignage clair du forgeage traditionnel.<\/span><\/p>\n<p><span>Le polissage est en tr\u00e8s bon \u00e9tat, renfor\u00e7ant son authenticit\u00e9 historique.<\/span><\/p>\n<p><span>Le kissaki (pointe) est bien form\u00e9 et proportionn\u00e9.<\/span><\/p>\n<p><span>Le nakago (soie) conserve sa patine ancienne, avec un mekugi-ana, montrant son \u00e9tat d\u2019origine d\u2019\u00e9poque.<\/span><\/p>\n<p><span>Monture (Koshirae)<\/span><\/p>\n<p><span>Tsuka (poign\u00e9e) : envelopp\u00e9e de tsuka-ito marron sur samegawa blanc. Les menuki sont tr\u00e8s d\u00e9taill\u00e9s, repr\u00e9sentant un dragon et une figure stylis\u00e9e, symboles de protection et de force spirituelle.<\/span><\/p>\n<p><span>Fuchi\/Kashira : forg\u00e9s en fer, avec un design simple mais \u00e9l\u00e9gant qui compl\u00e8te les menuki.<\/span><\/p>\n<p><span>Tsuba (garde) : pi\u00e8ce en fer, fonctionnelle avec une patine sombre.<\/span><\/p>\n<p><span>Saya (fourreau) : finition en laque noire avec des stries d\u00e9coratives rouge\u00e2tres (style kanshitsu), un design raffin\u00e9 et tr\u00e8s appr\u00e9ci\u00e9. Il conserve un sageo noir en bon \u00e9tat.<\/span><\/p>\n<p><span>\u00c9tat<\/span><\/p>\n<p><span>L\u2019\u00e9p\u00e9e conserve tout son caract\u00e8re historique : le nakago avec sa patine, la lame avec un polissage authentique, et un koshirae complet coh\u00e9rent. Les signes d\u2019usage refl\u00e8tent son \u00e2ge et son authenticit\u00e9, renfor\u00e7ant sa valeur culturelle et de collection.<\/span><\/p>\n","protected":false},"excerpt":{"rendered":"<p>DESCRIPTION DE L\u2019ARTICLE : Livr\u00e9 avec un kimono ou un sac en coton. Livr\u00e9 avec un certificat de Nihonto supein. Ce katana de la p\u00e9riode Edo est un bel exemple de la tradition samoura\u00ef, \u00e9quilibrant la robustesse de sa lame avec l\u2019\u00e9l\u00e9gance raffin\u00e9e d\u2019un koshirae complet. L\u2019\u00e9p\u00e9e incarne \u00e0 la [&hellip;]<\/p>\n","protected":false},"featured_media":11054,"template":"","meta":{"jetpack_post_was_ever_published":false},"product_brand":[],"product_cat":[547,546],"product_tag":[456,438],"class_list":{"0":"post-11053","1":"product","2":"type-product","3":"status-publish","4":"has-post-thumbnail","6":"product_cat-katana-tachi","7":"product_cat-nihonto","8":"product_tag-katana","9":"product_tag-nihonto","10":"product_shipping_class-swords","12":"first","13":"instock","14":"featured","15":"sold-individually","16":"shipping-taxable","17":"purchasable","18":"product-type-simple"},"yoast_head":"<!-- This site is optimized with the Yoast SEO plugin v27.5 - https:\/\/yoast.com\/product\/yoast-seo-wordpress\/ -->\n<title>Nihonto katana en Koshirae - Supein Nihonto<\/title>\n<meta name=\"description\" content=\"Cette katana de l\u2019\u00e9poque Edo constitue un bel exemple de la tradition samoura\u00ef, alliant la puissance de sa lame \u00e0 l\u2019\u00e9l\u00e9gance raffin\u00e9e d\u2019un koshirae complet.\" \/>\n<meta name=\"robots\" content=\"index, follow, max-snippet:-1, max-image-preview:large, max-video-preview:-1\" \/>\n<link rel=\"canonical\" href=\"https:\/\/www.supeinnihonto.com\/fr\/produit\/nihonto-katana\/\" \/>\n<meta property=\"og:locale\" content=\"fr_FR\" \/>\n<meta property=\"og:type\" content=\"article\" \/>\n<meta property=\"og:title\" content=\"Nihonto katana en Koshirae - Supein Nihonto\" \/>\n<meta property=\"og:description\" content=\"Cette katana de l\u2019\u00e9poque Edo constitue un bel exemple de la tradition samoura\u00ef, alliant la puissance de sa lame \u00e0 l\u2019\u00e9l\u00e9gance raffin\u00e9e d\u2019un koshirae complet.\" \/>\n<meta property=\"og:url\" content=\"https:\/\/www.supeinnihonto.com\/fr\/produit\/nihonto-katana\/\" \/>\n<meta property=\"og:site_name\" content=\"Supein Nihonto\" \/>\n<meta property=\"article:modified_time\" content=\"2025-12-18T22:18:05+00:00\" \/>\n<meta property=\"og:image\" content=\"https:\/\/www.supeinnihonto.com\/wp-content\/uploads\/2025\/11\/DSC_2122-scaled.jpg\" \/>\n\t<meta property=\"og:image:width\" content=\"2560\" \/>\n\t<meta property=\"og:image:height\" content=\"1187\" \/>\n\t<meta property=\"og:image:type\" content=\"image\/jpeg\" \/>\n<meta name=\"twitter:card\" content=\"summary_large_image\" \/>\n<meta name=\"twitter:label1\" content=\"Dur\u00e9e de lecture estim\u00e9e\" \/>\n\t<meta name=\"twitter:data1\" content=\"2 minutes\" \/>\n<script type=\"application\/ld+json\" class=\"yoast-schema-graph\">{\"@context\":\"https:\\\/\\\/schema.org\",\"@graph\":[{\"@type\":\"WebPage\",\"@id\":\"https:\\\/\\\/www.supeinnihonto.com\\\/fr\\\/produit\\\/nihonto-katana\\\/\",\"url\":\"https:\\\/\\\/www.supeinnihonto.com\\\/fr\\\/produit\\\/nihonto-katana\\\/\",\"name\":\"Nihonto katana en Koshirae - Supein Nihonto\",\"isPartOf\":{\"@id\":\"https:\\\/\\\/www.supeinnihonto.com\\\/fr\\\/#website\"},\"primaryImageOfPage\":{\"@id\":\"https:\\\/\\\/www.supeinnihonto.com\\\/fr\\\/produit\\\/nihonto-katana\\\/#primaryimage\"},\"image\":{\"@id\":\"https:\\\/\\\/www.supeinnihonto.com\\\/fr\\\/produit\\\/nihonto-katana\\\/#primaryimage\"},\"thumbnailUrl\":\"https:\\\/\\\/i0.wp.com\\\/www.supeinnihonto.com\\\/wp-content\\\/uploads\\\/2025\\\/11\\\/DSC_2122-scaled.jpg?fit=2560%2C1187&ssl=1\",\"datePublished\":\"2025-11-05T16:40:54+00:00\",\"dateModified\":\"2025-12-18T22:18:05+00:00\",\"description\":\"Cette katana de l\u2019\u00e9poque Edo constitue un bel exemple de la tradition samoura\u00ef, alliant la puissance de sa lame \u00e0 l\u2019\u00e9l\u00e9gance raffin\u00e9e d\u2019un koshirae complet.\",\"breadcrumb\":{\"@id\":\"https:\\\/\\\/www.supeinnihonto.com\\\/fr\\\/produit\\\/nihonto-katana\\\/#breadcrumb\"},\"inLanguage\":\"fr-FR\",\"potentialAction\":[{\"@type\":\"ReadAction\",\"target\":[\"https:\\\/\\\/www.supeinnihonto.com\\\/fr\\\/produit\\\/nihonto-katana\\\/\"]}]},{\"@type\":\"ImageObject\",\"inLanguage\":\"fr-FR\",\"@id\":\"https:\\\/\\\/www.supeinnihonto.com\\\/fr\\\/produit\\\/nihonto-katana\\\/#primaryimage\",\"url\":\"https:\\\/\\\/i0.wp.com\\\/www.supeinnihonto.com\\\/wp-content\\\/uploads\\\/2025\\\/11\\\/DSC_2122-scaled.jpg?fit=2560%2C1187&ssl=1\",\"contentUrl\":\"https:\\\/\\\/i0.wp.com\\\/www.supeinnihonto.com\\\/wp-content\\\/uploads\\\/2025\\\/11\\\/DSC_2122-scaled.jpg?fit=2560%2C1187&ssl=1\",\"width\":2560,\"height\":1187,\"caption\":\"nihonto for sale\"},{\"@type\":\"BreadcrumbList\",\"@id\":\"https:\\\/\\\/www.supeinnihonto.com\\\/fr\\\/produit\\\/nihonto-katana\\\/#breadcrumb\",\"itemListElement\":[{\"@type\":\"ListItem\",\"position\":1,\"name\":\"Portada\",\"item\":\"https:\\\/\\\/www.supeinnihonto.com\\\/fr\\\/\"},{\"@type\":\"ListItem\",\"position\":2,\"name\":\"Shop\",\"item\":\"https:\\\/\\\/www.supeinnihonto.com\\\/fr\\\/shop\\\/\"},{\"@type\":\"ListItem\",\"position\":3,\"name\":\"Nihonto katana en Koshirae\"}]},{\"@type\":\"WebSite\",\"@id\":\"https:\\\/\\\/www.supeinnihonto.com\\\/fr\\\/#website\",\"url\":\"https:\\\/\\\/www.supeinnihonto.com\\\/fr\\\/\",\"name\":\"Supein Nihonto\",\"description\":\"Authentic japanese Nihonto katana \",\"publisher\":{\"@id\":\"https:\\\/\\\/www.supeinnihonto.com\\\/fr\\\/#organization\"},\"potentialAction\":[{\"@type\":\"SearchAction\",\"target\":{\"@type\":\"EntryPoint\",\"urlTemplate\":\"https:\\\/\\\/www.supeinnihonto.com\\\/fr\\\/?s={search_term_string}\"},\"query-input\":{\"@type\":\"PropertyValueSpecification\",\"valueRequired\":true,\"valueName\":\"search_term_string\"}}],\"inLanguage\":\"fr-FR\"},{\"@type\":\"Organization\",\"@id\":\"https:\\\/\\\/www.supeinnihonto.com\\\/fr\\\/#organization\",\"name\":\"SupeinNihonto\",\"url\":\"https:\\\/\\\/www.supeinnihonto.com\\\/fr\\\/\",\"logo\":{\"@type\":\"ImageObject\",\"inLanguage\":\"fr-FR\",\"@id\":\"https:\\\/\\\/www.supeinnihonto.com\\\/fr\\\/#\\\/schema\\\/logo\\\/image\\\/\",\"url\":\"https:\\\/\\\/www.supeinnihonto.com\\\/wp-content\\\/uploads\\\/2021\\\/11\\\/animation_Default_3szk0jcenoloop.gif\",\"contentUrl\":\"https:\\\/\\\/www.supeinnihonto.com\\\/wp-content\\\/uploads\\\/2021\\\/11\\\/animation_Default_3szk0jcenoloop.gif\",\"width\":750,\"height\":641,\"caption\":\"SupeinNihonto\"},\"image\":{\"@id\":\"https:\\\/\\\/www.supeinnihonto.com\\\/fr\\\/#\\\/schema\\\/logo\\\/image\\\/\"}}]}<\/script>\n<!-- \/ Yoast SEO plugin. -->","yoast_head_json":{"title":"Nihonto katana en Koshirae - Supein Nihonto","description":"Cette katana de l\u2019\u00e9poque Edo constitue un bel exemple de la tradition samoura\u00ef, alliant la puissance de sa lame \u00e0 l\u2019\u00e9l\u00e9gance raffin\u00e9e d\u2019un koshirae complet.","robots":{"index":"index","follow":"follow","max-snippet":"max-snippet:-1","max-image-preview":"max-image-preview:large","max-video-preview":"max-video-preview:-1"},"canonical":"https:\/\/www.supeinnihonto.com\/fr\/produit\/nihonto-katana\/","og_locale":"fr_FR","og_type":"article","og_title":"Nihonto katana en Koshirae - Supein Nihonto","og_description":"Cette katana de l\u2019\u00e9poque Edo constitue un bel exemple de la tradition samoura\u00ef, alliant la puissance de sa lame \u00e0 l\u2019\u00e9l\u00e9gance raffin\u00e9e d\u2019un koshirae complet.","og_url":"https:\/\/www.supeinnihonto.com\/fr\/produit\/nihonto-katana\/","og_site_name":"Supein Nihonto","article_modified_time":"2025-12-18T22:18:05+00:00","og_image":[{"width":2560,"height":1187,"url":"https:\/\/www.supeinnihonto.com\/wp-content\/uploads\/2025\/11\/DSC_2122-scaled.jpg","type":"image\/jpeg"}],"twitter_card":"summary_large_image","twitter_misc":{"Dur\u00e9e de lecture estim\u00e9e":"2 minutes"},"schema":{"@context":"https:\/\/schema.org","@graph":[{"@type":"WebPage","@id":"https:\/\/www.supeinnihonto.com\/fr\/produit\/nihonto-katana\/","url":"https:\/\/www.supeinnihonto.com\/fr\/produit\/nihonto-katana\/","name":"Nihonto katana en Koshirae - Supein Nihonto","isPartOf":{"@id":"https:\/\/www.supeinnihonto.com\/fr\/#website"},"primaryImageOfPage":{"@id":"https:\/\/www.supeinnihonto.com\/fr\/produit\/nihonto-katana\/#primaryimage"},"image":{"@id":"https:\/\/www.supeinnihonto.com\/fr\/produit\/nihonto-katana\/#primaryimage"},"thumbnailUrl":"https:\/\/i0.wp.com\/www.supeinnihonto.com\/wp-content\/uploads\/2025\/11\/DSC_2122-scaled.jpg?fit=2560%2C1187&ssl=1","datePublished":"2025-11-05T16:40:54+00:00","dateModified":"2025-12-18T22:18:05+00:00","description":"Cette katana de l\u2019\u00e9poque Edo constitue un bel exemple de la tradition samoura\u00ef, alliant la puissance de sa lame \u00e0 l\u2019\u00e9l\u00e9gance raffin\u00e9e d\u2019un koshirae complet.","breadcrumb":{"@id":"https:\/\/www.supeinnihonto.com\/fr\/produit\/nihonto-katana\/#breadcrumb"},"inLanguage":"fr-FR","potentialAction":[{"@type":"ReadAction","target":["https:\/\/www.supeinnihonto.com\/fr\/produit\/nihonto-katana\/"]}]},{"@type":"ImageObject","inLanguage":"fr-FR","@id":"https:\/\/www.supeinnihonto.com\/fr\/produit\/nihonto-katana\/#primaryimage","url":"https:\/\/i0.wp.com\/www.supeinnihonto.com\/wp-content\/uploads\/2025\/11\/DSC_2122-scaled.jpg?fit=2560%2C1187&ssl=1","contentUrl":"https:\/\/i0.wp.com\/www.supeinnihonto.com\/wp-content\/uploads\/2025\/11\/DSC_2122-scaled.jpg?fit=2560%2C1187&ssl=1","width":2560,"height":1187,"caption":"nihonto for sale"},{"@type":"BreadcrumbList","@id":"https:\/\/www.supeinnihonto.com\/fr\/produit\/nihonto-katana\/#breadcrumb","itemListElement":[{"@type":"ListItem","position":1,"name":"Portada","item":"https:\/\/www.supeinnihonto.com\/fr\/"},{"@type":"ListItem","position":2,"name":"Shop","item":"https:\/\/www.supeinnihonto.com\/fr\/shop\/"},{"@type":"ListItem","position":3,"name":"Nihonto katana en Koshirae"}]},{"@type":"WebSite","@id":"https:\/\/www.supeinnihonto.com\/fr\/#website","url":"https:\/\/www.supeinnihonto.com\/fr\/","name":"Supein Nihonto","description":"Authentic japanese Nihonto katana ","publisher":{"@id":"https:\/\/www.supeinnihonto.com\/fr\/#organization"},"potentialAction":[{"@type":"SearchAction","target":{"@type":"EntryPoint","urlTemplate":"https:\/\/www.supeinnihonto.com\/fr\/?s={search_term_string}"},"query-input":{"@type":"PropertyValueSpecification","valueRequired":true,"valueName":"search_term_string"}}],"inLanguage":"fr-FR"},{"@type":"Organization","@id":"https:\/\/www.supeinnihonto.com\/fr\/#organization","name":"SupeinNihonto","url":"https:\/\/www.supeinnihonto.com\/fr\/","logo":{"@type":"ImageObject","inLanguage":"fr-FR","@id":"https:\/\/www.supeinnihonto.com\/fr\/#\/schema\/logo\/image\/","url":"https:\/\/www.supeinnihonto.com\/wp-content\/uploads\/2021\/11\/animation_Default_3szk0jcenoloop.gif","contentUrl":"https:\/\/www.supeinnihonto.com\/wp-content\/uploads\/2021\/11\/animation_Default_3szk0jcenoloop.gif","width":750,"height":641,"caption":"SupeinNihonto"},"image":{"@id":"https:\/\/www.supeinnihonto.com\/fr\/#\/schema\/logo\/image\/"}}]}},"jetpack-related-posts":[{"id":10941,"url":"https:\/\/www.supeinnihonto.com\/fr\/produit\/nihonto-wakizashi-koshirae-shirasaya\/","url_meta":{"origin":11053,"position":0},"title":"Nihonto wakizashi koshirae &#038; shirasaya","author":"Eric Majo","date":"29 de novembre de 2025","format":false,"excerpt":"DESCRIPTION DE L'ARTICLE : Livr\u00e9 avec kimono ou sac en coton. Livr\u00e9 avec certificat de Nihonto de Supein. Livr\u00e9 avec certificat de pr\u00e9fecture. Lame Ce wakizashi mumei (court sabre non sign\u00e9) de la p\u00e9riode Edo a un nagasa de 44,4 cm et une courbure (sori) de 1,0 cm. Le grain\u2026","rel":"","context":"Article similaire","block_context":{"text":"Article similaire","link":""},"img":{"alt_text":"sold","src":"https:\/\/i0.wp.com\/www.supeinnihonto.com\/wp-content\/uploads\/2024\/02\/logo-sold-scaled.png?fit=1200%2C720&ssl=1&resize=350%2C200","width":350,"height":200,"srcset":"https:\/\/i0.wp.com\/www.supeinnihonto.com\/wp-content\/uploads\/2024\/02\/logo-sold-scaled.png?fit=1200%2C720&ssl=1&resize=350%2C200 1x, https:\/\/i0.wp.com\/www.supeinnihonto.com\/wp-content\/uploads\/2024\/02\/logo-sold-scaled.png?fit=1200%2C720&ssl=1&resize=525%2C300 1.5x, https:\/\/i0.wp.com\/www.supeinnihonto.com\/wp-content\/uploads\/2024\/02\/logo-sold-scaled.png?fit=1200%2C720&ssl=1&resize=700%2C400 2x, https:\/\/i0.wp.com\/www.supeinnihonto.com\/wp-content\/uploads\/2024\/02\/logo-sold-scaled.png?fit=1200%2C720&ssl=1&resize=1050%2C600 3x"},"classes":[]},{"id":15074,"url":"https:\/\/www.supeinnihonto.com\/fr\/produit\/nihonto-katana-%e6%85%b6%e5%bf%83%e9%bd%8b%e7%9b%b4%e6%ad%a3-keishinsai-naomasa\/","url_meta":{"origin":11053,"position":1},"title":"Article d&rsquo;exposition Nihonto Katana \u00ab\u00a0Keishinsai Naomasa\u00a0\u00bb","author":"Supein Nihonto","date":"31 de janvier de 2024","format":false,"excerpt":"Occasion fantastique de mettre la main sur un kabuto unique qui a r\u00e9cemment \u00e9t\u00e9 expos\u00e9 \u00e0 l'exposition Geisha et samoura\u00ef au Palais Martorell \u00e0 Barcelone, en Espagne. Une merveilleuse opportunit\u00e9 d'acqu\u00e9rir une pi\u00e8ce d'exposition fantastique accompagn\u00e9e de son catalogue en couleur complet de plus de 200 pages. Vous pouvez rechercher\u2026","rel":"","context":"Article similaire","block_context":{"text":"Article similaire","link":""},"img":{"alt_text":"sold","src":"https:\/\/i0.wp.com\/www.supeinnihonto.com\/wp-content\/uploads\/2024\/02\/logo-sold-scaled.png?fit=1200%2C720&ssl=1&resize=350%2C200","width":350,"height":200,"srcset":"https:\/\/i0.wp.com\/www.supeinnihonto.com\/wp-content\/uploads\/2024\/02\/logo-sold-scaled.png?fit=1200%2C720&ssl=1&resize=350%2C200 1x, https:\/\/i0.wp.com\/www.supeinnihonto.com\/wp-content\/uploads\/2024\/02\/logo-sold-scaled.png?fit=1200%2C720&ssl=1&resize=525%2C300 1.5x, https:\/\/i0.wp.com\/www.supeinnihonto.com\/wp-content\/uploads\/2024\/02\/logo-sold-scaled.png?fit=1200%2C720&ssl=1&resize=700%2C400 2x, https:\/\/i0.wp.com\/www.supeinnihonto.com\/wp-content\/uploads\/2024\/02\/logo-sold-scaled.png?fit=1200%2C720&ssl=1&resize=1050%2C600 3x"},"classes":[]},{"id":11021,"url":"https:\/\/www.supeinnihonto.com\/fr\/produit\/nihonto-tanto-kanetoshi-with-nthk-kanteisho\/","url_meta":{"origin":11053,"position":2},"title":"Nihonto Tanto \u00ab\u00a0Kanetoshi\u00a0\u00bb with NTHK Kanteisho","author":"Eric Majo","date":"24 de novembre de 2025","format":false,"excerpt":"Livraison gratuite. DESCRIPTION DE L\u2019ARTICLE : Livr\u00e9 avec housse kimono ou sac en coton. Livr\u00e9 avec certificat de Nihont\u014d de Supein. Livr\u00e9 avec certificat pr\u00e9fectoral original. Livr\u00e9 avec certificat NTHK Kanteisho. Une \u0153uvre raffin\u00e9e de la fin de la p\u00e9riode Edo. Ce tant\u014d, sign\u00e9 \u76f4\u53e3\u4f4f\u517c\u5229 (Naokuchi-j\u016b Kanetoshi), est un remarquable\u2026","rel":"","context":"Article similaire","block_context":{"text":"Article similaire","link":""},"img":{"alt_text":"Sold","src":"https:\/\/i0.wp.com\/www.supeinnihonto.com\/wp-content\/uploads\/2024\/01\/logo-sold-scaled.png?fit=1200%2C720&ssl=1&resize=350%2C200","width":350,"height":200,"srcset":"https:\/\/i0.wp.com\/www.supeinnihonto.com\/wp-content\/uploads\/2024\/01\/logo-sold-scaled.png?fit=1200%2C720&ssl=1&resize=350%2C200 1x, https:\/\/i0.wp.com\/www.supeinnihonto.com\/wp-content\/uploads\/2024\/01\/logo-sold-scaled.png?fit=1200%2C720&ssl=1&resize=525%2C300 1.5x, https:\/\/i0.wp.com\/www.supeinnihonto.com\/wp-content\/uploads\/2024\/01\/logo-sold-scaled.png?fit=1200%2C720&ssl=1&resize=700%2C400 2x, https:\/\/i0.wp.com\/www.supeinnihonto.com\/wp-content\/uploads\/2024\/01\/logo-sold-scaled.png?fit=1200%2C720&ssl=1&resize=1050%2C600 3x"},"classes":[]},{"id":10896,"url":"https:\/\/www.supeinnihonto.com\/fr\/produit\/nihonto-katana-yasutsugu-with-aoi-mon-nbthk-tokobetsu-hozon\/","url_meta":{"origin":11053,"position":3},"title":"Nihonto katana \u00ab\u00a0Yasutsugu\u00a0\u00bb with Aoi mon NBTHK Tokobetsu Hozon","author":"Eric Majo","date":"1 de d\u00e9cembre de 2025","format":false,"excerpt":"DESCRIPTION DE L\u2019OBJET\u00a0: Livr\u00e9 avec un sac kimono ou en coton. Livr\u00e9 avec certificat de Supein Nihonto. Livr\u00e9 avec certificat original de la pr\u00e9fecture. Livr\u00e9 avec NBTHK Tokobetsu Hozon. Sign\u00e9\u00a0: Yasutsugu (3e g\u00e9n\u00e9ration, Echizen)Torokusho\u00a0: Tokyo #328366Longueur de lame\u00a0: 73,5\u00a0cm Traduction du Torokusho (enregistrement de sabre japonais) Enregistrement de Tokyo N\u00ba\u2026","rel":"","context":"Article similaire","block_context":{"text":"Article similaire","link":""},"img":{"alt_text":"Sold","src":"https:\/\/i0.wp.com\/www.supeinnihonto.com\/wp-content\/uploads\/2024\/01\/logo-sold-scaled.png?fit=1200%2C720&ssl=1&resize=350%2C200","width":350,"height":200,"srcset":"https:\/\/i0.wp.com\/www.supeinnihonto.com\/wp-content\/uploads\/2024\/01\/logo-sold-scaled.png?fit=1200%2C720&ssl=1&resize=350%2C200 1x, https:\/\/i0.wp.com\/www.supeinnihonto.com\/wp-content\/uploads\/2024\/01\/logo-sold-scaled.png?fit=1200%2C720&ssl=1&resize=525%2C300 1.5x, https:\/\/i0.wp.com\/www.supeinnihonto.com\/wp-content\/uploads\/2024\/01\/logo-sold-scaled.png?fit=1200%2C720&ssl=1&resize=700%2C400 2x, https:\/\/i0.wp.com\/www.supeinnihonto.com\/wp-content\/uploads\/2024\/01\/logo-sold-scaled.png?fit=1200%2C720&ssl=1&resize=1050%2C600 3x"},"classes":[]},{"id":10907,"url":"https:\/\/www.supeinnihonto.com\/fr\/produit\/nihonto-katana-2\/","url_meta":{"origin":11053,"position":4},"title":"Nihonto katana in Koshirae","author":"Eric Majo","date":"1 de d\u00e9cembre de 2025","format":false,"excerpt":"DESCRIPTION DE L\u2019OBJET\u00a0: Livr\u00e9 avec un sac kimono ou en coton. Livr\u00e9 avec certificat de Supein Nihonto. Livr\u00e9 avec certificat original de la pr\u00e9fecture. \u00a0 Traduction du Torokusho (Certificat d\u2019enregistrement) Num\u00e9ro d\u2019enregistrement\u00a0: Tokyo No. 153202Cat\u00e9gorie\u00a0: Sabre (Katana)Longueur de lame\u00a0: 67,8 cmCourbure (sori)\u00a0: 1,28 cmMekugi-ana\u00a0: 2Signature\u00a0: Mumei (non sign\u00e9)Date d\u2019\u00e9mission\u00a0: 6\u2026","rel":"","context":"Article similaire","block_context":{"text":"Article similaire","link":""},"img":{"alt_text":"sold","src":"https:\/\/i0.wp.com\/www.supeinnihonto.com\/wp-content\/uploads\/2024\/02\/logo-sold-scaled.png?fit=1200%2C720&ssl=1&resize=350%2C200","width":350,"height":200,"srcset":"https:\/\/i0.wp.com\/www.supeinnihonto.com\/wp-content\/uploads\/2024\/02\/logo-sold-scaled.png?fit=1200%2C720&ssl=1&resize=350%2C200 1x, https:\/\/i0.wp.com\/www.supeinnihonto.com\/wp-content\/uploads\/2024\/02\/logo-sold-scaled.png?fit=1200%2C720&ssl=1&resize=525%2C300 1.5x, https:\/\/i0.wp.com\/www.supeinnihonto.com\/wp-content\/uploads\/2024\/02\/logo-sold-scaled.png?fit=1200%2C720&ssl=1&resize=700%2C400 2x, https:\/\/i0.wp.com\/www.supeinnihonto.com\/wp-content\/uploads\/2024\/02\/logo-sold-scaled.png?fit=1200%2C720&ssl=1&resize=1050%2C600 3x"},"classes":[]},{"id":11133,"url":"https:\/\/www.supeinnihonto.com\/fr\/produit\/nihonto-wakizashi-shakudo-fuchikashira\/","url_meta":{"origin":11053,"position":5},"title":"Nihonto Wakizashi Shakudo Fuchikashira","author":"Eric Majo","date":"5 de novembre de 2025","format":false,"excerpt":"DESCRIPTION DE L\u2019ARTICLE : Livr\u00e9 avec housse kimono ou sac en coton. Livr\u00e9 avec certificat de Supein Nihonto. Lame : \u2026t\u00e9moignage d\u2019une forge traditionnelle \u00e0 la main. Le kissaki pr\u00e9sente certaines zones d\u2019oxydation pr\u00e8s du boshi, cependant la g\u00e9om\u00e9trie g\u00e9n\u00e9rale de la lame reste intacte. Le nakago (soie) poss\u00e8de trois\u2026","rel":"","context":"Article similaire","block_context":{"text":"Article similaire","link":""},"img":{"alt_text":"","src":"https:\/\/i0.wp.com\/www.supeinnihonto.com\/wp-content\/uploads\/2025\/11\/DSC_2558-scaled-1.webp?fit=1200%2C685&ssl=1&resize=350%2C200","width":350,"height":200,"srcset":"https:\/\/i0.wp.com\/www.supeinnihonto.com\/wp-content\/uploads\/2025\/11\/DSC_2558-scaled-1.webp?fit=1200%2C685&ssl=1&resize=350%2C200 1x, https:\/\/i0.wp.com\/www.supeinnihonto.com\/wp-content\/uploads\/2025\/11\/DSC_2558-scaled-1.webp?fit=1200%2C685&ssl=1&resize=525%2C300 1.5x, https:\/\/i0.wp.com\/www.supeinnihonto.com\/wp-content\/uploads\/2025\/11\/DSC_2558-scaled-1.webp?fit=1200%2C685&ssl=1&resize=700%2C400 2x, https:\/\/i0.wp.com\/www.supeinnihonto.com\/wp-content\/uploads\/2025\/11\/DSC_2558-scaled-1.webp?fit=1200%2C685&ssl=1&resize=1050%2C600 3x"},"classes":[]}],"jetpack_sharing_enabled":true,"_links":{"self":[{"href":"https:\/\/www.supeinnihonto.com\/fr\/wp-json\/wp\/v2\/product\/11053","targetHints":{"allow":["GET"]}}],"collection":[{"href":"https:\/\/www.supeinnihonto.com\/fr\/wp-json\/wp\/v2\/product"}],"about":[{"href":"https:\/\/www.supeinnihonto.com\/fr\/wp-json\/wp\/v2\/types\/product"}],"wp:featuredmedia":[{"embeddable":true,"href":"https:\/\/www.supeinnihonto.com\/fr\/wp-json\/wp\/v2\/media\/11054"}],"wp:attachment":[{"href":"https:\/\/www.supeinnihonto.com\/fr\/wp-json\/wp\/v2\/media?parent=11053"}],"wp:term":[{"taxonomy":"product_brand","embeddable":true,"href":"https:\/\/www.supeinnihonto.com\/fr\/wp-json\/wp\/v2\/product_brand?post=11053"},{"taxonomy":"product_cat","embeddable":true,"href":"https:\/\/www.supeinnihonto.com\/fr\/wp-json\/wp\/v2\/product_cat?post=11053"},{"taxonomy":"product_tag","embeddable":true,"href":"https:\/\/www.supeinnihonto.com\/fr\/wp-json\/wp\/v2\/product_tag?post=11053"}],"curies":[{"name":"wp","href":"https:\/\/api.w.org\/{rel}","templated":true}]}}